{"id":152116,"date":"2022-09-12T07:31:23","date_gmt":"2022-09-12T05:31:23","guid":{"rendered":"https:\/\/marktxxl.de\/markt\/produkt\/jsot-bld-std\/"},"modified":"2023-04-11T04:33:20","modified_gmt":"2023-04-11T02:33:20","slug":"jsot-bld-std","status":"publish","type":"product","link":"https:\/\/marktxxl.de\/markt\/produkt\/jsot-bld-std\/","title":{"rendered":"JSOT Solar-Wegleuchten f\u00fcr den Au\u00dfenbereich, 4 St\u00fcck, wasserdicht, dekorative Lampen, 12 LEDs, helle\u2026"},"content":{"rendered":"<p>\u301018 LED-Solarleuchten f\u00fcr den Au\u00dfenbereich\u3011 Die integrierten 18 hochwertigen LED-Perlen bieten eine st\u00e4rkere Beleuchtung f\u00fcr einen breiteren Bereich in Ihrem Hof, Garage, Auffahrt, Terrasse, Deck und \u00fcberall dort, wo sie Sonnenenergie bekommt und Garage, um die Sicherheit Ihrer Familie und Ihres Eigentums in der Nacht zu verbessern.<br \/>\n\u3010Automatischer Betriebsmodu\u3011Diese Solar-Stufenleuchten mit automatischer Lichtsensor-Funktion. Das Solar-Gehweglicht schaltet sich bei D\u00e4mmerung oder bei schlechtem Wetter automatisch ein und bei Sonnenaufgang aus. Jede Solar-Wandleuchte kann einfach um 180\u00b0 horizontal eingestellt werden, wodurch ein sichtbares, helles Licht auf Ihren Weg erzeugt wird.<br \/>\n\u3010Lange Lebensdauer\u3011Solar-LED-Leuchten aus gr\u00f6\u00dferem Solarpanel und 1800 mAh Li-Ion-Akku, Arbeitszeit bis zu 8 Stunden nach voller Aufladung. IP55 wasserdicht und aus hochwertigem, umweltfreundlichem ABS-Material f\u00fcr alle Wetterbedingungen im Au\u00dfenbereich, perfekt f\u00fcr Gehwege, Zaun und Dachrinne.<br \/>\n\u3010 Sparen Sie Geld \u3011 Hohe Stromrechnung? Nein. Sparen Sie Hunderte von Dollar, wenn Sie Dyxin Solarleuchten verwenden, nicht nur Umweltschutz, sondern sparen auch Geld, kontinuierliche Sonnenenergie macht es f\u00fcr Sie. Wenn Sie irgendwelche Probleme, Anfragen oder Hilfe ben\u00f6tigen, z\u00f6gern Sie nicht, uns direkt zu kontaktieren. Hochwertiges Produkt.<br \/>\n\u3010 Einfache Selbstmontage \u3011 Solar-Zaun-Lichter sind keine Dr\u00e4hte oder Adapter erforderlich, die Zaun-Lampen haben 2 Halterungen in der Box, Sie k\u00f6nnen diese Deck-Leuchten einfach an der Au\u00dfenwand mit langen Halterungen und Schrauben befestigen, oder kombinieren Sie zwei Halterungen, um den Zaun oder die Traufe zu befestigen.<br \/>\n<div class=\"main-cross-sell\" data-asin=\"B08C24HKMX\">\n\n\t<div class=\"WooZone-cross-sell-loader\">\n\t\t<div>\n\t\t\t<div id=\"floatingBarsG\">\n\t\t\t\t<div class=\"blockG\" id=\"rotateG_01\"><\/div>\n\t\t\t\t<div class=\"blockG\" id=\"rotateG_02\"><\/div>\n\t\t\t\t<div class=\"blockG\" id=\"rotateG_03\"><\/div>\n\t\t\t\t<div class=\"blockG\" id=\"rotateG_04\"><\/div>\n\t\t\t\t<div class=\"blockG\" id=\"rotateG_05\"><\/div>\n\t\t\t\t<div class=\"blockG\" id=\"rotateG_06\"><\/div>\n\t\t\t\t<div class=\"blockG\" id=\"rotateG_07\"><\/div>\n\t\t\t\t<div class=\"blockG\" id=\"rotateG_08\"><\/div>\n\t\t\t<\/div>\n\t\t\t<div class=\"WooZone-cross-sell-loader-text\"><\/div>\n\t\t<\/div>\n\t<\/div>\n\n\t\t\n<\/div>\n<div style=\"clear:both;\"><\/div><\/p>\n","protected":false},"excerpt":{"rendered":"<p>\u301018 LED-Solarleuchten f\u00fcr den Au\u00dfenbereich\u3011 Die integrierten 18 hochwertigen LED-Perlen bieten eine st\u00e4rkere Beleuchtung f\u00fcr einen breiteren Bereich in Ihrem Hof, Garage, Auffahrt, Terrasse, Deck und \u00fcberall dort, wo sie Sonnenenergie bekommt und Garage, um die Sicherheit Ihrer Familie und Ihres Eigentums in der Nacht zu verbessern.<br \/>\n\u3010Automatischer Betriebsmodu\u3011Diese Solar-Stufenleuchten mit automatischer Lichtsensor-Funktion. Das Solar-Gehweglicht schaltet sich bei D\u00e4mmerung oder bei schlechtem Wetter automatisch ein und bei Sonnenaufgang aus. Jede Solar-Wandleuchte kann einfach um 180\u00b0 horizontal eingestellt werden, wodurch ein sichtbares, helles Licht auf Ihren Weg erzeugt wird.<br \/>\n\u3010Lange Lebensdauer\u3011Solar-LED-Leuchten aus gr\u00f6\u00dferem Solarpanel und 1800 mAh Li-Ion-Akku, Arbeitszeit bis zu 8 Stunden nach voller Aufladung. IP55 wasserdicht und aus hochwertigem, umweltfreundlichem ABS-Material f\u00fcr alle Wetterbedingungen im Au\u00dfenbereich, perfekt f\u00fcr Gehwege, Zaun und Dachrinne.<\/p>\n","protected":false},"featured_media":152117,"comment_status":"open","ping_status":"closed","template":"","meta":[],"product_brand":[],"product_cat":[11446,2108],"product_tag":[],"class_list":{"0":"post-152116","1":"product","2":"type-product","3":"status-publish","4":"has-post-thumbnail","6":"product_cat-aussenbeleuchtung","7":"product_cat-beleuchtung","8":"pa_brand-jsot","9":"pa_manufacturer-jsot","11":"first","12":"instock","13":"shipping-taxable","14":"purchasable","15":"product-type-simple","16":"customify-col","17":"product-has-gallery"},"yoast_head":"<!-- This site is optimized with the Yoast SEO plugin v27.3 - https:\/\/yoast.com\/product\/yoast-seo-wordpress\/ -->\n<title>JSOT Solar-Wegleuchten f\u00fcr den Au\u00dfenbereich, 4 St\u00fcck, wasserdicht, dekorative Lampen, 12 LEDs, helle\u2026 - Markt-XXL<\/title>\n<meta name=\"description\" content=\"Markt-XXL JSOT Solar-Wegleuchten f\u00fcr den Au\u00dfenbereich, 4 St\u00fcck, wasserdicht, dekorative Lampen, 12 LEDs, helle\u2026\" \/>\n<meta name=\"robots\" content=\"index, follow, max-snippet:-1, max-image-preview:large, max-video-preview:-1\" \/>\n<link rel=\"canonical\" href=\"https:\/\/marktxxl.de\/markt\/produkt\/jsot-bld-std\/\" \/>\n<meta property=\"og:locale\" content=\"de_DE\" \/>\n<meta property=\"og:type\" content=\"article\" \/>\n<meta property=\"og:title\" content=\"JSOT Solar-Wegleuchten f\u00fcr den Au\u00dfenbereich, 4 St\u00fcck, wasserdicht, dekorative Lampen, 12 LEDs, helle\u2026 - Markt-XXL\" \/>\n<meta property=\"og:description\" content=\"Markt-XXL JSOT Solar-Wegleuchten f\u00fcr den Au\u00dfenbereich, 4 St\u00fcck, wasserdicht, dekorative Lampen, 12 LEDs, helle\u2026\" \/>\n<meta property=\"og:url\" content=\"https:\/\/marktxxl.de\/markt\/produkt\/jsot-bld-std\/\" \/>\n<meta property=\"og:site_name\" content=\"Markt-XXL\" \/>\n<meta property=\"article:modified_time\" content=\"2023-04-11T02:33:20+00:00\" \/>\n<meta property=\"og:image\" content=\"https:\/\/m.media-amazon.com\/images\/I\/51xNWfTAkfL._SL500_.jpg\" \/>\n\t<meta property=\"og:image:width\" content=\"500\" \/>\n\t<meta property=\"og:image:height\" content=\"500\" \/>\n\t<meta property=\"og:image:type\" content=\"image\/jpeg\" \/>\n<meta name=\"twitter:card\" content=\"summary_large_image\" \/>\n<meta name=\"twitter:label1\" content=\"Gesch\u00e4tzte Lesezeit\" \/>\n\t<meta name=\"twitter:data1\" content=\"1\u00a0Minute\" \/>\n<script type=\"application\/ld+json\" class=\"yoast-schema-graph\">{\"@context\":\"https:\\\/\\\/schema.org\",\"@graph\":[{\"@type\":\"WebPage\",\"@id\":\"https:\\\/\\\/marktxxl.de\\\/markt\\\/produkt\\\/jsot-bld-std\\\/\",\"url\":\"https:\\\/\\\/marktxxl.de\\\/markt\\\/produkt\\\/jsot-bld-std\\\/\",\"name\":\"JSOT Solar-Wegleuchten f\u00fcr den Au\u00dfenbereich, 4 St\u00fcck, wasserdicht, dekorative Lampen, 12 LEDs, helle\u2026 - Markt-XXL\",\"isPartOf\":{\"@id\":\"https:\\\/\\\/marktxxl.de\\\/markt\\\/#website\"},\"primaryImageOfPage\":{\"@id\":\"https:\\\/\\\/marktxxl.de\\\/markt\\\/produkt\\\/jsot-bld-std\\\/#primaryimage\"},\"image\":{\"@id\":\"https:\\\/\\\/marktxxl.de\\\/markt\\\/produkt\\\/jsot-bld-std\\\/#primaryimage\"},\"thumbnailUrl\":\"https:\\\/\\\/m.media-amazon.com\\\/images\\\/I\\\/51xNWfTAkfL._SL500_.jpg\",\"datePublished\":\"2022-09-12T05:31:23+00:00\",\"dateModified\":\"2023-04-11T02:33:20+00:00\",\"description\":\"Markt-XXL JSOT Solar-Wegleuchten f\u00fcr den Au\u00dfenbereich, 4 St\u00fcck, wasserdicht, dekorative Lampen, 12 LEDs, helle\u2026\",\"breadcrumb\":{\"@id\":\"https:\\\/\\\/marktxxl.de\\\/markt\\\/produkt\\\/jsot-bld-std\\\/#breadcrumb\"},\"inLanguage\":\"de\",\"potentialAction\":[{\"@type\":\"ReadAction\",\"target\":[\"https:\\\/\\\/marktxxl.de\\\/markt\\\/produkt\\\/jsot-bld-std\\\/\"]}]},{\"@type\":\"ImageObject\",\"inLanguage\":\"de\",\"@id\":\"https:\\\/\\\/marktxxl.de\\\/markt\\\/produkt\\\/jsot-bld-std\\\/#primaryimage\",\"url\":\"https:\\\/\\\/m.media-amazon.com\\\/images\\\/I\\\/51xNWfTAkfL._SL500_.jpg\",\"contentUrl\":\"https:\\\/\\\/m.media-amazon.com\\\/images\\\/I\\\/51xNWfTAkfL._SL500_.jpg\",\"width\":500,\"height\":500},{\"@type\":\"BreadcrumbList\",\"@id\":\"https:\\\/\\\/marktxxl.de\\\/markt\\\/produkt\\\/jsot-bld-std\\\/#breadcrumb\",\"itemListElement\":[{\"@type\":\"ListItem\",\"position\":1,\"name\":\"Startseite\",\"item\":\"https:\\\/\\\/marktxxl.de\\\/markt\\\/\"},{\"@type\":\"ListItem\",\"position\":2,\"name\":\"Markt\",\"item\":\"https:\\\/\\\/marktxxl.de\\\/markt\\\/\"},{\"@type\":\"ListItem\",\"position\":3,\"name\":\"JSOT Solar-Wegleuchten f\u00fcr den Au\u00dfenbereich, 4 St\u00fcck, wasserdicht, dekorative Lampen, 12 LEDs, helle\u2026\"}]},{\"@type\":\"WebSite\",\"@id\":\"https:\\\/\\\/marktxxl.de\\\/markt\\\/#website\",\"url\":\"https:\\\/\\\/marktxxl.de\\\/markt\\\/\",\"name\":\"Markt-XXL\",\"description\":\"Ihr Markt Online\",\"publisher\":{\"@id\":\"https:\\\/\\\/marktxxl.de\\\/markt\\\/#organization\"},\"potentialAction\":[{\"@type\":\"SearchAction\",\"target\":{\"@type\":\"EntryPoint\",\"urlTemplate\":\"https:\\\/\\\/marktxxl.de\\\/markt\\\/?s={search_term_string}\"},\"query-input\":{\"@type\":\"PropertyValueSpecification\",\"valueRequired\":true,\"valueName\":\"search_term_string\"}}],\"inLanguage\":\"de\"},{\"@type\":\"Organization\",\"@id\":\"https:\\\/\\\/marktxxl.de\\\/markt\\\/#organization\",\"name\":\"Markt-XXL\",\"url\":\"https:\\\/\\\/marktxxl.de\\\/markt\\\/\",\"logo\":{\"@type\":\"ImageObject\",\"inLanguage\":\"de\",\"@id\":\"https:\\\/\\\/marktxxl.de\\\/markt\\\/#\\\/schema\\\/logo\\\/image\\\/\",\"url\":\"https:\\\/\\\/marktxxl.de\\\/markt\\\/wp-content\\\/uploads\\\/sites\\\/3\\\/2020\\\/12\\\/logo.png\",\"contentUrl\":\"https:\\\/\\\/marktxxl.de\\\/markt\\\/wp-content\\\/uploads\\\/sites\\\/3\\\/2020\\\/12\\\/logo.png\",\"width\":200,\"height\":70,\"caption\":\"Markt-XXL\"},\"image\":{\"@id\":\"https:\\\/\\\/marktxxl.de\\\/markt\\\/#\\\/schema\\\/logo\\\/image\\\/\"}}]}<\/script>\n<!-- \/ Yoast SEO plugin. -->","yoast_head_json":{"title":"JSOT Solar-Wegleuchten f\u00fcr den Au\u00dfenbereich, 4 St\u00fcck, wasserdicht, dekorative Lampen, 12 LEDs, helle\u2026 - Markt-XXL","description":"Markt-XXL JSOT Solar-Wegleuchten f\u00fcr den Au\u00dfenbereich, 4 St\u00fcck, wasserdicht, dekorative Lampen, 12 LEDs, helle\u2026","robots":{"index":"index","follow":"follow","max-snippet":"max-snippet:-1","max-image-preview":"max-image-preview:large","max-video-preview":"max-video-preview:-1"},"canonical":"https:\/\/marktxxl.de\/markt\/produkt\/jsot-bld-std\/","og_locale":"de_DE","og_type":"article","og_title":"JSOT Solar-Wegleuchten f\u00fcr den Au\u00dfenbereich, 4 St\u00fcck, wasserdicht, dekorative Lampen, 12 LEDs, helle\u2026 - Markt-XXL","og_description":"Markt-XXL JSOT Solar-Wegleuchten f\u00fcr den Au\u00dfenbereich, 4 St\u00fcck, wasserdicht, dekorative Lampen, 12 LEDs, helle\u2026","og_url":"https:\/\/marktxxl.de\/markt\/produkt\/jsot-bld-std\/","og_site_name":"Markt-XXL","article_modified_time":"2023-04-11T02:33:20+00:00","og_image":[{"width":500,"height":500,"url":"https:\/\/m.media-amazon.com\/images\/I\/51xNWfTAkfL._SL500_.jpg","type":"image\/jpeg"}],"twitter_card":"summary_large_image","twitter_misc":{"Gesch\u00e4tzte Lesezeit":"1\u00a0Minute"},"schema":{"@context":"https:\/\/schema.org","@graph":[{"@type":"WebPage","@id":"https:\/\/marktxxl.de\/markt\/produkt\/jsot-bld-std\/","url":"https:\/\/marktxxl.de\/markt\/produkt\/jsot-bld-std\/","name":"JSOT Solar-Wegleuchten f\u00fcr den Au\u00dfenbereich, 4 St\u00fcck, wasserdicht, dekorative Lampen, 12 LEDs, helle\u2026 - Markt-XXL","isPartOf":{"@id":"https:\/\/marktxxl.de\/markt\/#website"},"primaryImageOfPage":{"@id":"https:\/\/marktxxl.de\/markt\/produkt\/jsot-bld-std\/#primaryimage"},"image":{"@id":"https:\/\/marktxxl.de\/markt\/produkt\/jsot-bld-std\/#primaryimage"},"thumbnailUrl":"https:\/\/m.media-amazon.com\/images\/I\/51xNWfTAkfL._SL500_.jpg","datePublished":"2022-09-12T05:31:23+00:00","dateModified":"2023-04-11T02:33:20+00:00","description":"Markt-XXL JSOT Solar-Wegleuchten f\u00fcr den Au\u00dfenbereich, 4 St\u00fcck, wasserdicht, dekorative Lampen, 12 LEDs, helle\u2026","breadcrumb":{"@id":"https:\/\/marktxxl.de\/markt\/produkt\/jsot-bld-std\/#breadcrumb"},"inLanguage":"de","potentialAction":[{"@type":"ReadAction","target":["https:\/\/marktxxl.de\/markt\/produkt\/jsot-bld-std\/"]}]},{"@type":"ImageObject","inLanguage":"de","@id":"https:\/\/marktxxl.de\/markt\/produkt\/jsot-bld-std\/#primaryimage","url":"https:\/\/m.media-amazon.com\/images\/I\/51xNWfTAkfL._SL500_.jpg","contentUrl":"https:\/\/m.media-amazon.com\/images\/I\/51xNWfTAkfL._SL500_.jpg","width":500,"height":500},{"@type":"BreadcrumbList","@id":"https:\/\/marktxxl.de\/markt\/produkt\/jsot-bld-std\/#breadcrumb","itemListElement":[{"@type":"ListItem","position":1,"name":"Startseite","item":"https:\/\/marktxxl.de\/markt\/"},{"@type":"ListItem","position":2,"name":"Markt","item":"https:\/\/marktxxl.de\/markt\/"},{"@type":"ListItem","position":3,"name":"JSOT Solar-Wegleuchten f\u00fcr den Au\u00dfenbereich, 4 St\u00fcck, wasserdicht, dekorative Lampen, 12 LEDs, helle\u2026"}]},{"@type":"WebSite","@id":"https:\/\/marktxxl.de\/markt\/#website","url":"https:\/\/marktxxl.de\/markt\/","name":"Markt-XXL","description":"Ihr Markt Online","publisher":{"@id":"https:\/\/marktxxl.de\/markt\/#organization"},"potentialAction":[{"@type":"SearchAction","target":{"@type":"EntryPoint","urlTemplate":"https:\/\/marktxxl.de\/markt\/?s={search_term_string}"},"query-input":{"@type":"PropertyValueSpecification","valueRequired":true,"valueName":"search_term_string"}}],"inLanguage":"de"},{"@type":"Organization","@id":"https:\/\/marktxxl.de\/markt\/#organization","name":"Markt-XXL","url":"https:\/\/marktxxl.de\/markt\/","logo":{"@type":"ImageObject","inLanguage":"de","@id":"https:\/\/marktxxl.de\/markt\/#\/schema\/logo\/image\/","url":"https:\/\/marktxxl.de\/markt\/wp-content\/uploads\/sites\/3\/2020\/12\/logo.png","contentUrl":"https:\/\/marktxxl.de\/markt\/wp-content\/uploads\/sites\/3\/2020\/12\/logo.png","width":200,"height":70,"caption":"Markt-XXL"},"image":{"@id":"https:\/\/marktxxl.de\/markt\/#\/schema\/logo\/image\/"}}]}},"_links":{"self":[{"href":"https:\/\/marktxxl.de\/markt\/wp-json\/wp\/v2\/product\/152116","targetHints":{"allow":["GET"]}}],"collection":[{"href":"https:\/\/marktxxl.de\/markt\/wp-json\/wp\/v2\/product"}],"about":[{"href":"https:\/\/marktxxl.de\/markt\/wp-json\/wp\/v2\/types\/product"}],"replies":[{"embeddable":true,"href":"https:\/\/marktxxl.de\/markt\/wp-json\/wp\/v2\/comments?post=152116"}],"wp:featuredmedia":[{"embeddable":true,"href":"https:\/\/marktxxl.de\/markt\/wp-json\/wp\/v2\/media\/152117"}],"wp:attachment":[{"href":"https:\/\/marktxxl.de\/markt\/wp-json\/wp\/v2\/media?parent=152116"}],"wp:term":[{"taxonomy":"product_brand","embeddable":true,"href":"https:\/\/marktxxl.de\/markt\/wp-json\/wp\/v2\/product_brand?post=152116"},{"taxonomy":"product_cat","embeddable":true,"href":"https:\/\/marktxxl.de\/markt\/wp-json\/wp\/v2\/product_cat?post=152116"},{"taxonomy":"product_tag","embeddable":true,"href":"https:\/\/marktxxl.de\/markt\/wp-json\/wp\/v2\/product_tag?post=152116"}],"curies":[{"name":"wp","href":"https:\/\/api.w.org\/{rel}","templated":true}]}}