{"id":152004,"date":"2022-09-12T07:26:06","date_gmt":"2022-09-12T05:26:06","guid":{"rendered":"https:\/\/marktxxl.de\/markt\/produkt\/betonfeuer-der-beske-manufaktur-mit-dauerdocht-o-14cmgerade-kerze-gartenfackel-outdoor-kerze-100-handarbeit-made-in-germany\/"},"modified":"2023-04-11T04:33:19","modified_gmt":"2023-04-11T02:33:19","slug":"betonfeuer-der-beske-manufaktur-mit-dauerdocht-o-14cmgerade-kerze-gartenfackel-outdoor-kerze-100-handarbeit-made-in-germany","status":"publish","type":"product","link":"https:\/\/marktxxl.de\/markt\/produkt\/betonfeuer-der-beske-manufaktur-mit-dauerdocht-o-14cmgerade-kerze-gartenfackel-outdoor-kerze-100-handarbeit-made-in-germany\/","title":{"rendered":"Betonfeuer\u00ae &#8211; Das Original der Beske-Manufaktur | Modell &#8216;Solo&#8217; | \u00d814cm \u201agerade\u2018 mit Dauerdocht | Wiederbef\u00fcllbare\u2026"},"content":{"rendered":"<p>DAS BETONFEUER: Unsere Betonfeuer sind ein f\u00fcr den Au\u00dfenbereich entworfenens Produkt zur sinnvollen Verwendung von Kerzenresten. Der nat\u00fcrlich abbaubare Dauerdocht verwandelt Kerzenreste in lang anhaltende Lagerfeueratmosphere<br \/>\nKERZENWACHSRECYCLING: Viele Kerzen brennen nicht komplett runter. Wachs allerdings ist teuer und jeder liebt es Feuer in naher Umgebung um sich herum zu haben. Das Betonfeuer ist die perfekt L\u00f6sung. Kerzenreste einfach mit in die Brennkammer legen &#8211; fertig<br \/>\nUNENDLICHE NUTZUNG DURCH NACHHALTIGEN DAUERDOCHT: Das besondere an unseren Betonfeuern ist der Docht. Dieser &#8220;ern\u00e4hrt&#8221; sich von Wachs. Hat er gen\u00fcgend &#8220;Nahrung&#8221; h\u00e4lt er ewig<br \/>\nDIE BESKE-MANUFAKTUR: In der Beske-Manufaktur werden hochwertige Wohnaccessoires aus Beton, Holz und Stahl entwickelt und produziert. Dabei versuchen wir uns nur auf das Wesentliche zu beschr\u00e4nken \u2013 geradlinige Formgebung und puristischer Materialmix<br \/>\nHOCHWERTIGSTE MATERIALIEN UND 100% HANDARBEIT: Wir haben uns dazu verpflichtet unsere Produkte selber zu fertigen und dabei nur die besten Materialien zu verwenden. Wir hoffen, Sie teilen unsere Begeisterung f\u00fcr unsere Produkte<br \/>\n<div class=\"main-cross-sell\" data-asin=\"B07R917YBY\">\n\n\t<div class=\"WooZone-cross-sell-loader\">\n\t\t<div>\n\t\t\t<div id=\"floatingBarsG\">\n\t\t\t\t<div class=\"blockG\" id=\"rotateG_01\"><\/div>\n\t\t\t\t<div class=\"blockG\" id=\"rotateG_02\"><\/div>\n\t\t\t\t<div class=\"blockG\" id=\"rotateG_03\"><\/div>\n\t\t\t\t<div class=\"blockG\" id=\"rotateG_04\"><\/div>\n\t\t\t\t<div class=\"blockG\" id=\"rotateG_05\"><\/div>\n\t\t\t\t<div class=\"blockG\" id=\"rotateG_06\"><\/div>\n\t\t\t\t<div class=\"blockG\" id=\"rotateG_07\"><\/div>\n\t\t\t\t<div class=\"blockG\" id=\"rotateG_08\"><\/div>\n\t\t\t<\/div>\n\t\t\t<div class=\"WooZone-cross-sell-loader-text\"><\/div>\n\t\t<\/div>\n\t<\/div>\n\n\t\t\n<\/div>\n<div style=\"clear:both;\"><\/div><\/p>\n","protected":false},"excerpt":{"rendered":"<p>DAS BETONFEUER: Unsere Betonfeuer sind ein f\u00fcr den Au\u00dfenbereich entworfenens Produkt zur sinnvollen Verwendung von Kerzenresten. Der nat\u00fcrlich abbaubare Dauerdocht verwandelt Kerzenreste in lang anhaltende Lagerfeueratmosphere<br \/>\nKERZENWACHSRECYCLING: Viele Kerzen brennen nicht komplett runter. Wachs allerdings ist teuer und jeder liebt es Feuer in naher Umgebung um sich herum zu haben. Das Betonfeuer ist die perfekt L\u00f6sung. Kerzenreste einfach mit in die Brennkammer legen &#8211; fertig<br \/>\nUNENDLICHE NUTZUNG DURCH NACHHALTIGEN DAUERDOCHT: Das besondere an unseren Betonfeuern ist der Docht. Dieser &#8220;ern\u00e4hrt&#8221; sich von Wachs. Hat er gen\u00fcgend &#8220;Nahrung&#8221; h\u00e4lt er ewig<\/p>\n","protected":false},"featured_media":152005,"comment_status":"open","ping_status":"closed","template":"","meta":[],"product_brand":[],"product_cat":[11446,2108],"product_tag":[],"class_list":{"0":"post-152004","1":"product","2":"type-product","3":"status-publish","4":"has-post-thumbnail","6":"product_cat-aussenbeleuchtung","7":"product_cat-beleuchtung","8":"pa_binding-gartenartikel","9":"pa_brand-beske","10":"pa_height-3-93700787-zoll","11":"pa_length-5-511811018-zoll","12":"pa_manufacturer-beske-manufaktur","13":"pa_weight-11-0231131-pfund","14":"pa_width-5-511811018-zoll","16":"first","17":"instock","18":"shipping-taxable","19":"purchasable","20":"product-type-simple","21":"customify-col","22":"product-has-gallery"},"yoast_head":"<!-- This site is optimized with the Yoast SEO plugin v27.4 - https:\/\/yoast.com\/product\/yoast-seo-wordpress\/ -->\n<title>Betonfeuer\u00ae - Das Original der Beske-Manufaktur | Modell &#039;Solo&#039; | \u00d814cm \u201agerade\u2018 mit Dauerdocht | Wiederbef\u00fcllbare\u2026 - Markt-XXL<\/title>\n<meta name=\"description\" content=\"Markt-XXL Betonfeuer\u00ae - Das Original der Beske-Manufaktur | Modell &#039;Solo&#039; | \u00d814cm \u201agerade\u2018 mit Dauerdocht | Wiederbef\u00fcllbare\u2026\" \/>\n<meta name=\"robots\" content=\"index, follow, max-snippet:-1, max-image-preview:large, max-video-preview:-1\" \/>\n<link rel=\"canonical\" href=\"https:\/\/marktxxl.de\/markt\/produkt\/betonfeuer-der-beske-manufaktur-mit-dauerdocht-o-14cmgerade-kerze-gartenfackel-outdoor-kerze-100-handarbeit-made-in-germany\/\" \/>\n<meta property=\"og:locale\" content=\"de_DE\" \/>\n<meta property=\"og:type\" content=\"article\" \/>\n<meta property=\"og:title\" content=\"Betonfeuer\u00ae - Das Original der Beske-Manufaktur | Modell &#039;Solo&#039; | \u00d814cm \u201agerade\u2018 mit Dauerdocht | Wiederbef\u00fcllbare\u2026 - Markt-XXL\" \/>\n<meta property=\"og:description\" content=\"Markt-XXL Betonfeuer\u00ae - Das Original der Beske-Manufaktur | Modell &#039;Solo&#039; | \u00d814cm \u201agerade\u2018 mit Dauerdocht | Wiederbef\u00fcllbare\u2026\" \/>\n<meta property=\"og:url\" content=\"https:\/\/marktxxl.de\/markt\/produkt\/betonfeuer-der-beske-manufaktur-mit-dauerdocht-o-14cmgerade-kerze-gartenfackel-outdoor-kerze-100-handarbeit-made-in-germany\/\" \/>\n<meta property=\"og:site_name\" content=\"Markt-XXL\" \/>\n<meta property=\"article:modified_time\" content=\"2023-04-11T02:33:19+00:00\" \/>\n<meta property=\"og:image\" content=\"https:\/\/m.media-amazon.com\/images\/I\/41agGpG98fL._SL500_.jpg\" \/>\n\t<meta property=\"og:image:width\" content=\"500\" \/>\n\t<meta property=\"og:image:height\" content=\"375\" \/>\n\t<meta property=\"og:image:type\" content=\"image\/jpeg\" \/>\n<meta name=\"twitter:card\" content=\"summary_large_image\" \/>\n<meta name=\"twitter:label1\" content=\"Gesch\u00e4tzte Lesezeit\" \/>\n\t<meta name=\"twitter:data1\" content=\"1\u00a0Minute\" \/>\n<script type=\"application\/ld+json\" class=\"yoast-schema-graph\">{\"@context\":\"https:\\\/\\\/schema.org\",\"@graph\":[{\"@type\":\"WebPage\",\"@id\":\"https:\\\/\\\/marktxxl.de\\\/markt\\\/produkt\\\/betonfeuer-der-beske-manufaktur-mit-dauerdocht-o-14cmgerade-kerze-gartenfackel-outdoor-kerze-100-handarbeit-made-in-germany\\\/\",\"url\":\"https:\\\/\\\/marktxxl.de\\\/markt\\\/produkt\\\/betonfeuer-der-beske-manufaktur-mit-dauerdocht-o-14cmgerade-kerze-gartenfackel-outdoor-kerze-100-handarbeit-made-in-germany\\\/\",\"name\":\"Betonfeuer\u00ae - Das Original der Beske-Manufaktur | Modell 'Solo' | \u00d814cm \u201agerade\u2018 mit Dauerdocht | Wiederbef\u00fcllbare\u2026 - Markt-XXL\",\"isPartOf\":{\"@id\":\"https:\\\/\\\/marktxxl.de\\\/markt\\\/#website\"},\"primaryImageOfPage\":{\"@id\":\"https:\\\/\\\/marktxxl.de\\\/markt\\\/produkt\\\/betonfeuer-der-beske-manufaktur-mit-dauerdocht-o-14cmgerade-kerze-gartenfackel-outdoor-kerze-100-handarbeit-made-in-germany\\\/#primaryimage\"},\"image\":{\"@id\":\"https:\\\/\\\/marktxxl.de\\\/markt\\\/produkt\\\/betonfeuer-der-beske-manufaktur-mit-dauerdocht-o-14cmgerade-kerze-gartenfackel-outdoor-kerze-100-handarbeit-made-in-germany\\\/#primaryimage\"},\"thumbnailUrl\":\"https:\\\/\\\/m.media-amazon.com\\\/images\\\/I\\\/41agGpG98fL._SL500_.jpg\",\"datePublished\":\"2022-09-12T05:26:06+00:00\",\"dateModified\":\"2023-04-11T02:33:19+00:00\",\"description\":\"Markt-XXL Betonfeuer\u00ae - Das Original der Beske-Manufaktur | Modell 'Solo' | \u00d814cm \u201agerade\u2018 mit Dauerdocht | Wiederbef\u00fcllbare\u2026\",\"breadcrumb\":{\"@id\":\"https:\\\/\\\/marktxxl.de\\\/markt\\\/produkt\\\/betonfeuer-der-beske-manufaktur-mit-dauerdocht-o-14cmgerade-kerze-gartenfackel-outdoor-kerze-100-handarbeit-made-in-germany\\\/#breadcrumb\"},\"inLanguage\":\"de\",\"potentialAction\":[{\"@type\":\"ReadAction\",\"target\":[\"https:\\\/\\\/marktxxl.de\\\/markt\\\/produkt\\\/betonfeuer-der-beske-manufaktur-mit-dauerdocht-o-14cmgerade-kerze-gartenfackel-outdoor-kerze-100-handarbeit-made-in-germany\\\/\"]}]},{\"@type\":\"ImageObject\",\"inLanguage\":\"de\",\"@id\":\"https:\\\/\\\/marktxxl.de\\\/markt\\\/produkt\\\/betonfeuer-der-beske-manufaktur-mit-dauerdocht-o-14cmgerade-kerze-gartenfackel-outdoor-kerze-100-handarbeit-made-in-germany\\\/#primaryimage\",\"url\":\"https:\\\/\\\/m.media-amazon.com\\\/images\\\/I\\\/41agGpG98fL._SL500_.jpg\",\"contentUrl\":\"https:\\\/\\\/m.media-amazon.com\\\/images\\\/I\\\/41agGpG98fL._SL500_.jpg\",\"width\":500,\"height\":375},{\"@type\":\"BreadcrumbList\",\"@id\":\"https:\\\/\\\/marktxxl.de\\\/markt\\\/produkt\\\/betonfeuer-der-beske-manufaktur-mit-dauerdocht-o-14cmgerade-kerze-gartenfackel-outdoor-kerze-100-handarbeit-made-in-germany\\\/#breadcrumb\",\"itemListElement\":[{\"@type\":\"ListItem\",\"position\":1,\"name\":\"Startseite\",\"item\":\"https:\\\/\\\/marktxxl.de\\\/markt\\\/\"},{\"@type\":\"ListItem\",\"position\":2,\"name\":\"Markt\",\"item\":\"https:\\\/\\\/marktxxl.de\\\/markt\\\/\"},{\"@type\":\"ListItem\",\"position\":3,\"name\":\"Betonfeuer\u00ae &#8211; Das Original der Beske-Manufaktur | Modell &#8216;Solo&#8217; | \u00d814cm \u201agerade\u2018 mit Dauerdocht | Wiederbef\u00fcllbare\u2026\"}]},{\"@type\":\"WebSite\",\"@id\":\"https:\\\/\\\/marktxxl.de\\\/markt\\\/#website\",\"url\":\"https:\\\/\\\/marktxxl.de\\\/markt\\\/\",\"name\":\"Markt-XXL\",\"description\":\"Ihr Markt Online\",\"publisher\":{\"@id\":\"https:\\\/\\\/marktxxl.de\\\/markt\\\/#organization\"},\"potentialAction\":[{\"@type\":\"SearchAction\",\"target\":{\"@type\":\"EntryPoint\",\"urlTemplate\":\"https:\\\/\\\/marktxxl.de\\\/markt\\\/?s={search_term_string}\"},\"query-input\":{\"@type\":\"PropertyValueSpecification\",\"valueRequired\":true,\"valueName\":\"search_term_string\"}}],\"inLanguage\":\"de\"},{\"@type\":\"Organization\",\"@id\":\"https:\\\/\\\/marktxxl.de\\\/markt\\\/#organization\",\"name\":\"Markt-XXL\",\"url\":\"https:\\\/\\\/marktxxl.de\\\/markt\\\/\",\"logo\":{\"@type\":\"ImageObject\",\"inLanguage\":\"de\",\"@id\":\"https:\\\/\\\/marktxxl.de\\\/markt\\\/#\\\/schema\\\/logo\\\/image\\\/\",\"url\":\"https:\\\/\\\/marktxxl.de\\\/markt\\\/wp-content\\\/uploads\\\/sites\\\/3\\\/2020\\\/12\\\/logo.png\",\"contentUrl\":\"https:\\\/\\\/marktxxl.de\\\/markt\\\/wp-content\\\/uploads\\\/sites\\\/3\\\/2020\\\/12\\\/logo.png\",\"width\":200,\"height\":70,\"caption\":\"Markt-XXL\"},\"image\":{\"@id\":\"https:\\\/\\\/marktxxl.de\\\/markt\\\/#\\\/schema\\\/logo\\\/image\\\/\"}}]}<\/script>\n<!-- \/ Yoast SEO plugin. -->","yoast_head_json":{"title":"Betonfeuer\u00ae - Das Original der Beske-Manufaktur | Modell 'Solo' | \u00d814cm \u201agerade\u2018 mit Dauerdocht | Wiederbef\u00fcllbare\u2026 - Markt-XXL","description":"Markt-XXL Betonfeuer\u00ae - Das Original der Beske-Manufaktur | Modell 'Solo' | \u00d814cm \u201agerade\u2018 mit Dauerdocht | Wiederbef\u00fcllbare\u2026","robots":{"index":"index","follow":"follow","max-snippet":"max-snippet:-1","max-image-preview":"max-image-preview:large","max-video-preview":"max-video-preview:-1"},"canonical":"https:\/\/marktxxl.de\/markt\/produkt\/betonfeuer-der-beske-manufaktur-mit-dauerdocht-o-14cmgerade-kerze-gartenfackel-outdoor-kerze-100-handarbeit-made-in-germany\/","og_locale":"de_DE","og_type":"article","og_title":"Betonfeuer\u00ae - Das Original der Beske-Manufaktur | Modell 'Solo' | \u00d814cm \u201agerade\u2018 mit Dauerdocht | Wiederbef\u00fcllbare\u2026 - Markt-XXL","og_description":"Markt-XXL Betonfeuer\u00ae - Das Original der Beske-Manufaktur | Modell 'Solo' | \u00d814cm \u201agerade\u2018 mit Dauerdocht | Wiederbef\u00fcllbare\u2026","og_url":"https:\/\/marktxxl.de\/markt\/produkt\/betonfeuer-der-beske-manufaktur-mit-dauerdocht-o-14cmgerade-kerze-gartenfackel-outdoor-kerze-100-handarbeit-made-in-germany\/","og_site_name":"Markt-XXL","article_modified_time":"2023-04-11T02:33:19+00:00","og_image":[{"width":500,"height":375,"url":"https:\/\/m.media-amazon.com\/images\/I\/41agGpG98fL._SL500_.jpg","type":"image\/jpeg"}],"twitter_card":"summary_large_image","twitter_misc":{"Gesch\u00e4tzte Lesezeit":"1\u00a0Minute"},"schema":{"@context":"https:\/\/schema.org","@graph":[{"@type":"WebPage","@id":"https:\/\/marktxxl.de\/markt\/produkt\/betonfeuer-der-beske-manufaktur-mit-dauerdocht-o-14cmgerade-kerze-gartenfackel-outdoor-kerze-100-handarbeit-made-in-germany\/","url":"https:\/\/marktxxl.de\/markt\/produkt\/betonfeuer-der-beske-manufaktur-mit-dauerdocht-o-14cmgerade-kerze-gartenfackel-outdoor-kerze-100-handarbeit-made-in-germany\/","name":"Betonfeuer\u00ae - Das Original der Beske-Manufaktur | Modell 'Solo' | \u00d814cm \u201agerade\u2018 mit Dauerdocht | Wiederbef\u00fcllbare\u2026 - Markt-XXL","isPartOf":{"@id":"https:\/\/marktxxl.de\/markt\/#website"},"primaryImageOfPage":{"@id":"https:\/\/marktxxl.de\/markt\/produkt\/betonfeuer-der-beske-manufaktur-mit-dauerdocht-o-14cmgerade-kerze-gartenfackel-outdoor-kerze-100-handarbeit-made-in-germany\/#primaryimage"},"image":{"@id":"https:\/\/marktxxl.de\/markt\/produkt\/betonfeuer-der-beske-manufaktur-mit-dauerdocht-o-14cmgerade-kerze-gartenfackel-outdoor-kerze-100-handarbeit-made-in-germany\/#primaryimage"},"thumbnailUrl":"https:\/\/m.media-amazon.com\/images\/I\/41agGpG98fL._SL500_.jpg","datePublished":"2022-09-12T05:26:06+00:00","dateModified":"2023-04-11T02:33:19+00:00","description":"Markt-XXL Betonfeuer\u00ae - Das Original der Beske-Manufaktur | Modell 'Solo' | \u00d814cm \u201agerade\u2018 mit Dauerdocht | Wiederbef\u00fcllbare\u2026","breadcrumb":{"@id":"https:\/\/marktxxl.de\/markt\/produkt\/betonfeuer-der-beske-manufaktur-mit-dauerdocht-o-14cmgerade-kerze-gartenfackel-outdoor-kerze-100-handarbeit-made-in-germany\/#breadcrumb"},"inLanguage":"de","potentialAction":[{"@type":"ReadAction","target":["https:\/\/marktxxl.de\/markt\/produkt\/betonfeuer-der-beske-manufaktur-mit-dauerdocht-o-14cmgerade-kerze-gartenfackel-outdoor-kerze-100-handarbeit-made-in-germany\/"]}]},{"@type":"ImageObject","inLanguage":"de","@id":"https:\/\/marktxxl.de\/markt\/produkt\/betonfeuer-der-beske-manufaktur-mit-dauerdocht-o-14cmgerade-kerze-gartenfackel-outdoor-kerze-100-handarbeit-made-in-germany\/#primaryimage","url":"https:\/\/m.media-amazon.com\/images\/I\/41agGpG98fL._SL500_.jpg","contentUrl":"https:\/\/m.media-amazon.com\/images\/I\/41agGpG98fL._SL500_.jpg","width":500,"height":375},{"@type":"BreadcrumbList","@id":"https:\/\/marktxxl.de\/markt\/produkt\/betonfeuer-der-beske-manufaktur-mit-dauerdocht-o-14cmgerade-kerze-gartenfackel-outdoor-kerze-100-handarbeit-made-in-germany\/#breadcrumb","itemListElement":[{"@type":"ListItem","position":1,"name":"Startseite","item":"https:\/\/marktxxl.de\/markt\/"},{"@type":"ListItem","position":2,"name":"Markt","item":"https:\/\/marktxxl.de\/markt\/"},{"@type":"ListItem","position":3,"name":"Betonfeuer\u00ae &#8211; Das Original der Beske-Manufaktur | Modell &#8216;Solo&#8217; | \u00d814cm \u201agerade\u2018 mit Dauerdocht | Wiederbef\u00fcllbare\u2026"}]},{"@type":"WebSite","@id":"https:\/\/marktxxl.de\/markt\/#website","url":"https:\/\/marktxxl.de\/markt\/","name":"Markt-XXL","description":"Ihr Markt Online","publisher":{"@id":"https:\/\/marktxxl.de\/markt\/#organization"},"potentialAction":[{"@type":"SearchAction","target":{"@type":"EntryPoint","urlTemplate":"https:\/\/marktxxl.de\/markt\/?s={search_term_string}"},"query-input":{"@type":"PropertyValueSpecification","valueRequired":true,"valueName":"search_term_string"}}],"inLanguage":"de"},{"@type":"Organization","@id":"https:\/\/marktxxl.de\/markt\/#organization","name":"Markt-XXL","url":"https:\/\/marktxxl.de\/markt\/","logo":{"@type":"ImageObject","inLanguage":"de","@id":"https:\/\/marktxxl.de\/markt\/#\/schema\/logo\/image\/","url":"https:\/\/marktxxl.de\/markt\/wp-content\/uploads\/sites\/3\/2020\/12\/logo.png","contentUrl":"https:\/\/marktxxl.de\/markt\/wp-content\/uploads\/sites\/3\/2020\/12\/logo.png","width":200,"height":70,"caption":"Markt-XXL"},"image":{"@id":"https:\/\/marktxxl.de\/markt\/#\/schema\/logo\/image\/"}}]}},"_links":{"self":[{"href":"https:\/\/marktxxl.de\/markt\/wp-json\/wp\/v2\/product\/152004","targetHints":{"allow":["GET"]}}],"collection":[{"href":"https:\/\/marktxxl.de\/markt\/wp-json\/wp\/v2\/product"}],"about":[{"href":"https:\/\/marktxxl.de\/markt\/wp-json\/wp\/v2\/types\/product"}],"replies":[{"embeddable":true,"href":"https:\/\/marktxxl.de\/markt\/wp-json\/wp\/v2\/comments?post=152004"}],"wp:featuredmedia":[{"embeddable":true,"href":"https:\/\/marktxxl.de\/markt\/wp-json\/wp\/v2\/media\/152005"}],"wp:attachment":[{"href":"https:\/\/marktxxl.de\/markt\/wp-json\/wp\/v2\/media?parent=152004"}],"wp:term":[{"taxonomy":"product_brand","embeddable":true,"href":"https:\/\/marktxxl.de\/markt\/wp-json\/wp\/v2\/product_brand?post=152004"},{"taxonomy":"product_cat","embeddable":true,"href":"https:\/\/marktxxl.de\/markt\/wp-json\/wp\/v2\/product_cat?post=152004"},{"taxonomy":"product_tag","embeddable":true,"href":"https:\/\/marktxxl.de\/markt\/wp-json\/wp\/v2\/product_tag?post=152004"}],"curies":[{"name":"wp","href":"https:\/\/api.w.org\/{rel}","templated":true}]}}