{"id":151983,"date":"2022-09-12T07:25:49","date_gmt":"2022-09-12T05:25:49","guid":{"rendered":"https:\/\/marktxxl.de\/markt\/produkt\/qinxiang-flackernde-led-kerzen-12-stueck-durchmesser-76-cm-x-hoehe-102-cm-elfenbeinfarbenes-echtwachs-stumpenkerzen-mit-tanzender-led-flamme-und-fernbedienung-mit-10-tasten-und-24-stunden-timer\/"},"modified":"2023-04-11T04:33:19","modified_gmt":"2023-04-11T02:33:19","slug":"qinxiang-flackernde-led-kerzen-12-stueck-durchmesser-76-cm-x-hoehe-102-cm-elfenbeinfarbenes-echtwachs-stumpenkerzen-mit-tanzender-led-flamme-und-fernbedienung-mit-10-tasten-und-24-stunden-timer","status":"publish","type":"product","link":"https:\/\/marktxxl.de\/markt\/produkt\/qinxiang-flackernde-led-kerzen-12-stueck-durchmesser-76-cm-x-hoehe-102-cm-elfenbeinfarbenes-echtwachs-stumpenkerzen-mit-tanzender-led-flamme-und-fernbedienung-mit-10-tasten-und-24-stunden-timer\/","title":{"rendered":"qinxiang flackernde LED-Kerzen, 12 St\u00fcck, Durchmesser 7,6 cm x H\u00f6he 10,2 cm, elfenbeinfarbenes Echtwachs Stumpenkerzen\u2026"},"content":{"rendered":"<p>Lieferumfang: Dieses Kerzen-Set enth\u00e4lt 12 Stumpenkerzen im Durchmesser 7,6 x 10,2 cm (alle Kerzen in der gleichen Gr\u00f6\u00dfe), eine Fernbedienung mit 10 Tasten, eine Bedienungsanleitung (evtl. nicht in deutscher Sprache).<br \/>\nEchtwachs &amp; echte Kerzen mit Flammeneffekt: Die Kerzenschale ist aus Paraffinwachs hergestellt, es gibt jedoch keinen brennenden Docht, Rauch oder unordentliches tropfendes Wachs. Glatte Oberfl\u00e4che, klassische elfenbeinfarbene Farbe und elegantes Design, verwenden Sie die Kerzen mit echtem Flammeneffekt an Orten, wo Sie echte Kerzen verwenden w\u00fcrden. Diese Kerzen sind so realistisch, dass praktisch nicht von traditionellen brennenden Kerzen zu unterscheiden. Die Flamm-Simulationstechnologie macht die Kerzen flackern, bringt die realistischste Erfahrung in jedem Raum.<br \/>\nSicherheit kommt zuerst: Mit erstaunlich flackerndem Kerzen-Set k\u00f6nnen Sie perfekte Ambiente-Abende mit beruhigendem Geist haben; keine Sorgen \u00fcber Brandgefahr, Rauch, unordentliches tropfendes Wachs oder fleckige Tischdecke. Diese kinderfreundlichen, flackernden wei\u00dfen Kerzen sind eine gro\u00dfartige Wahl f\u00fcr jede Familie mit Kindern oder Haustieren, die sicherstellen wollen, dass ihre Kleinen sicher bleiben.<br \/>\n10-Key-Fernbedienung und Timer: Mit einer Fernbedienung k\u00f6nnen Sie alle unsere Kerzen steuern. Sobald der Timer eingestellt ist, leuchtet die Kerze jeden Tag zur gleichen Zeit an und bleibt f\u00fcr 2 Stunden\/4 Stunden\/6 Stunden\/8 Stunden. Wenn Sie beispielsweise 2H um 20:00 Uhr setzen, wird sie automatisch um 22:00 Uhr heruntergefahren. Wird automatisch um 20:00 Uhr am n\u00e4chsten Tag, um 22:00 Uhr ge\u00f6ffnet und automatisch heruntergefahren. Es wird alle 24 Stunden Zyklus.<br \/>\nBatteriebetriebene Kerzen, leistungsstarke LED-Lampen: Jede Kerze ben\u00f6tigt 2 AA-Batterien (nicht im Lieferumfang enthalten), die erwartete Batterielebensdauer betr\u00e4gt ca. 200 Stunden (hochwertige Batterie erforderlich), w\u00e4hrend die Lebensdauer der LED-Lampen bis zu 50.000 Stunden betr\u00e4gt.<br \/>\n<div class=\"main-cross-sell\" data-asin=\"B07DNG3GCB\">\n\n\t<div class=\"WooZone-cross-sell-loader\">\n\t\t<div>\n\t\t\t<div id=\"floatingBarsG\">\n\t\t\t\t<div class=\"blockG\" id=\"rotateG_01\"><\/div>\n\t\t\t\t<div class=\"blockG\" id=\"rotateG_02\"><\/div>\n\t\t\t\t<div class=\"blockG\" id=\"rotateG_03\"><\/div>\n\t\t\t\t<div class=\"blockG\" id=\"rotateG_04\"><\/div>\n\t\t\t\t<div class=\"blockG\" id=\"rotateG_05\"><\/div>\n\t\t\t\t<div class=\"blockG\" id=\"rotateG_06\"><\/div>\n\t\t\t\t<div class=\"blockG\" id=\"rotateG_07\"><\/div>\n\t\t\t\t<div class=\"blockG\" id=\"rotateG_08\"><\/div>\n\t\t\t<\/div>\n\t\t\t<div class=\"WooZone-cross-sell-loader-text\"><\/div>\n\t\t<\/div>\n\t<\/div>\n\n\t\t\n<\/div>\n<div style=\"clear:both;\"><\/div><\/p>\n","protected":false},"excerpt":{"rendered":"<p>Lieferumfang: Dieses Kerzen-Set enth\u00e4lt 12 Stumpenkerzen im Durchmesser 7,6 x 10,2 cm (alle Kerzen in der gleichen Gr\u00f6\u00dfe), eine Fernbedienung mit 10 Tasten, eine Bedienungsanleitung (evtl. nicht in deutscher Sprache).<br \/>\nEchtwachs &amp; echte Kerzen mit Flammeneffekt: Die Kerzenschale ist aus Paraffinwachs hergestellt, es gibt jedoch keinen brennenden Docht, Rauch oder unordentliches tropfendes Wachs. Glatte Oberfl\u00e4che, klassische elfenbeinfarbene Farbe und elegantes Design, verwenden Sie die Kerzen mit echtem Flammeneffekt an Orten, wo Sie echte Kerzen verwenden w\u00fcrden. Diese Kerzen sind so realistisch, dass praktisch nicht von traditionellen brennenden Kerzen zu unterscheiden. Die Flamm-Simulationstechnologie macht die Kerzen flackern, bringt die realistischste Erfahrung in jedem Raum.<br \/>\nSicherheit kommt zuerst: Mit erstaunlich flackerndem Kerzen-Set k\u00f6nnen Sie perfekte Ambiente-Abende mit beruhigendem Geist haben; keine Sorgen \u00fcber Brandgefahr, Rauch, unordentliches tropfendes Wachs oder fleckige Tischdecke. Diese kinderfreundlichen, flackernden wei\u00dfen Kerzen sind eine gro\u00dfartige Wahl f\u00fcr jede Familie mit Kindern oder Haustieren, die sicherstellen wollen, dass ihre Kleinen sicher bleiben.<\/p>\n","protected":false},"featured_media":151984,"comment_status":"open","ping_status":"closed","template":"","meta":[],"product_brand":[],"product_cat":[11446,2108],"product_tag":[],"class_list":{"0":"post-151983","1":"product","2":"type-product","3":"status-publish","4":"has-post-thumbnail","6":"product_cat-aussenbeleuchtung","7":"product_cat-beleuchtung","8":"pa_binding-haushaltswaren","9":"pa_brand-qinxiang","10":"pa_color-flickering-led-candles-set-of-12-d3-x-h4","11":"pa_height-4-zoll","12":"pa_length-3-zoll","13":"pa_weight-3-5-pfund","14":"pa_width-3-zoll","16":"first","17":"instock","18":"shipping-taxable","19":"purchasable","20":"product-type-simple","21":"customify-col","22":"product-has-gallery"},"yoast_head":"<!-- This site is optimized with the Yoast SEO plugin v27.4 - https:\/\/yoast.com\/product\/yoast-seo-wordpress\/ -->\n<title>qinxiang flackernde LED-Kerzen, 12 St\u00fcck, Durchmesser 7,6 cm x H\u00f6he 10,2 cm, elfenbeinfarbenes Echtwachs Stumpenkerzen\u2026 - Markt-XXL<\/title>\n<meta name=\"description\" content=\"Markt-XXL qinxiang flackernde LED-Kerzen, 12 St\u00fcck, Durchmesser 7,6 cm x H\u00f6he 10,2 cm, elfenbeinfarbenes Echtwachs Stumpenkerzen\u2026\" \/>\n<meta name=\"robots\" content=\"index, follow, max-snippet:-1, max-image-preview:large, max-video-preview:-1\" \/>\n<link rel=\"canonical\" href=\"https:\/\/marktxxl.de\/markt\/produkt\/qinxiang-flackernde-led-kerzen-12-stueck-durchmesser-76-cm-x-hoehe-102-cm-elfenbeinfarbenes-echtwachs-stumpenkerzen-mit-tanzender-led-flamme-und-fernbedienung-mit-10-tasten-und-24-stunden-timer\/\" \/>\n<meta property=\"og:locale\" content=\"de_DE\" \/>\n<meta property=\"og:type\" content=\"article\" \/>\n<meta property=\"og:title\" content=\"qinxiang flackernde LED-Kerzen, 12 St\u00fcck, Durchmesser 7,6 cm x H\u00f6he 10,2 cm, elfenbeinfarbenes Echtwachs Stumpenkerzen\u2026 - Markt-XXL\" \/>\n<meta property=\"og:description\" content=\"Markt-XXL qinxiang flackernde LED-Kerzen, 12 St\u00fcck, Durchmesser 7,6 cm x H\u00f6he 10,2 cm, elfenbeinfarbenes Echtwachs Stumpenkerzen\u2026\" \/>\n<meta property=\"og:url\" content=\"https:\/\/marktxxl.de\/markt\/produkt\/qinxiang-flackernde-led-kerzen-12-stueck-durchmesser-76-cm-x-hoehe-102-cm-elfenbeinfarbenes-echtwachs-stumpenkerzen-mit-tanzender-led-flamme-und-fernbedienung-mit-10-tasten-und-24-stunden-timer\/\" \/>\n<meta property=\"og:site_name\" content=\"Markt-XXL\" \/>\n<meta property=\"article:modified_time\" content=\"2023-04-11T02:33:19+00:00\" \/>\n<meta property=\"og:image\" content=\"https:\/\/m.media-amazon.com\/images\/I\/41Ws5EJNyhL._SL500_.jpg\" \/>\n\t<meta property=\"og:image:width\" content=\"500\" \/>\n\t<meta property=\"og:image:height\" content=\"500\" \/>\n\t<meta property=\"og:image:type\" content=\"image\/jpeg\" \/>\n<meta name=\"twitter:card\" content=\"summary_large_image\" \/>\n<meta name=\"twitter:label1\" content=\"Gesch\u00e4tzte Lesezeit\" \/>\n\t<meta name=\"twitter:data1\" content=\"1\u00a0Minute\" \/>\n<script type=\"application\/ld+json\" class=\"yoast-schema-graph\">{\"@context\":\"https:\\\/\\\/schema.org\",\"@graph\":[{\"@type\":\"WebPage\",\"@id\":\"https:\\\/\\\/marktxxl.de\\\/markt\\\/produkt\\\/qinxiang-flackernde-led-kerzen-12-stueck-durchmesser-76-cm-x-hoehe-102-cm-elfenbeinfarbenes-echtwachs-stumpenkerzen-mit-tanzender-led-flamme-und-fernbedienung-mit-10-tasten-und-24-stunden-timer\\\/\",\"url\":\"https:\\\/\\\/marktxxl.de\\\/markt\\\/produkt\\\/qinxiang-flackernde-led-kerzen-12-stueck-durchmesser-76-cm-x-hoehe-102-cm-elfenbeinfarbenes-echtwachs-stumpenkerzen-mit-tanzender-led-flamme-und-fernbedienung-mit-10-tasten-und-24-stunden-timer\\\/\",\"name\":\"qinxiang flackernde LED-Kerzen, 12 St\u00fcck, Durchmesser 7,6 cm x H\u00f6he 10,2 cm, elfenbeinfarbenes Echtwachs Stumpenkerzen\u2026 - Markt-XXL\",\"isPartOf\":{\"@id\":\"https:\\\/\\\/marktxxl.de\\\/markt\\\/#website\"},\"primaryImageOfPage\":{\"@id\":\"https:\\\/\\\/marktxxl.de\\\/markt\\\/produkt\\\/qinxiang-flackernde-led-kerzen-12-stueck-durchmesser-76-cm-x-hoehe-102-cm-elfenbeinfarbenes-echtwachs-stumpenkerzen-mit-tanzender-led-flamme-und-fernbedienung-mit-10-tasten-und-24-stunden-timer\\\/#primaryimage\"},\"image\":{\"@id\":\"https:\\\/\\\/marktxxl.de\\\/markt\\\/produkt\\\/qinxiang-flackernde-led-kerzen-12-stueck-durchmesser-76-cm-x-hoehe-102-cm-elfenbeinfarbenes-echtwachs-stumpenkerzen-mit-tanzender-led-flamme-und-fernbedienung-mit-10-tasten-und-24-stunden-timer\\\/#primaryimage\"},\"thumbnailUrl\":\"https:\\\/\\\/m.media-amazon.com\\\/images\\\/I\\\/41Ws5EJNyhL._SL500_.jpg\",\"datePublished\":\"2022-09-12T05:25:49+00:00\",\"dateModified\":\"2023-04-11T02:33:19+00:00\",\"description\":\"Markt-XXL qinxiang flackernde LED-Kerzen, 12 St\u00fcck, Durchmesser 7,6 cm x H\u00f6he 10,2 cm, elfenbeinfarbenes Echtwachs Stumpenkerzen\u2026\",\"breadcrumb\":{\"@id\":\"https:\\\/\\\/marktxxl.de\\\/markt\\\/produkt\\\/qinxiang-flackernde-led-kerzen-12-stueck-durchmesser-76-cm-x-hoehe-102-cm-elfenbeinfarbenes-echtwachs-stumpenkerzen-mit-tanzender-led-flamme-und-fernbedienung-mit-10-tasten-und-24-stunden-timer\\\/#breadcrumb\"},\"inLanguage\":\"de\",\"potentialAction\":[{\"@type\":\"ReadAction\",\"target\":[\"https:\\\/\\\/marktxxl.de\\\/markt\\\/produkt\\\/qinxiang-flackernde-led-kerzen-12-stueck-durchmesser-76-cm-x-hoehe-102-cm-elfenbeinfarbenes-echtwachs-stumpenkerzen-mit-tanzender-led-flamme-und-fernbedienung-mit-10-tasten-und-24-stunden-timer\\\/\"]}]},{\"@type\":\"ImageObject\",\"inLanguage\":\"de\",\"@id\":\"https:\\\/\\\/marktxxl.de\\\/markt\\\/produkt\\\/qinxiang-flackernde-led-kerzen-12-stueck-durchmesser-76-cm-x-hoehe-102-cm-elfenbeinfarbenes-echtwachs-stumpenkerzen-mit-tanzender-led-flamme-und-fernbedienung-mit-10-tasten-und-24-stunden-timer\\\/#primaryimage\",\"url\":\"https:\\\/\\\/m.media-amazon.com\\\/images\\\/I\\\/41Ws5EJNyhL._SL500_.jpg\",\"contentUrl\":\"https:\\\/\\\/m.media-amazon.com\\\/images\\\/I\\\/41Ws5EJNyhL._SL500_.jpg\",\"width\":500,\"height\":500},{\"@type\":\"BreadcrumbList\",\"@id\":\"https:\\\/\\\/marktxxl.de\\\/markt\\\/produkt\\\/qinxiang-flackernde-led-kerzen-12-stueck-durchmesser-76-cm-x-hoehe-102-cm-elfenbeinfarbenes-echtwachs-stumpenkerzen-mit-tanzender-led-flamme-und-fernbedienung-mit-10-tasten-und-24-stunden-timer\\\/#breadcrumb\",\"itemListElement\":[{\"@type\":\"ListItem\",\"position\":1,\"name\":\"Startseite\",\"item\":\"https:\\\/\\\/marktxxl.de\\\/markt\\\/\"},{\"@type\":\"ListItem\",\"position\":2,\"name\":\"Markt\",\"item\":\"https:\\\/\\\/marktxxl.de\\\/markt\\\/\"},{\"@type\":\"ListItem\",\"position\":3,\"name\":\"qinxiang flackernde LED-Kerzen, 12 St\u00fcck, Durchmesser 7,6 cm x H\u00f6he 10,2 cm, elfenbeinfarbenes Echtwachs Stumpenkerzen\u2026\"}]},{\"@type\":\"WebSite\",\"@id\":\"https:\\\/\\\/marktxxl.de\\\/markt\\\/#website\",\"url\":\"https:\\\/\\\/marktxxl.de\\\/markt\\\/\",\"name\":\"Markt-XXL\",\"description\":\"Ihr Markt Online\",\"publisher\":{\"@id\":\"https:\\\/\\\/marktxxl.de\\\/markt\\\/#organization\"},\"potentialAction\":[{\"@type\":\"SearchAction\",\"target\":{\"@type\":\"EntryPoint\",\"urlTemplate\":\"https:\\\/\\\/marktxxl.de\\\/markt\\\/?s={search_term_string}\"},\"query-input\":{\"@type\":\"PropertyValueSpecification\",\"valueRequired\":true,\"valueName\":\"search_term_string\"}}],\"inLanguage\":\"de\"},{\"@type\":\"Organization\",\"@id\":\"https:\\\/\\\/marktxxl.de\\\/markt\\\/#organization\",\"name\":\"Markt-XXL\",\"url\":\"https:\\\/\\\/marktxxl.de\\\/markt\\\/\",\"logo\":{\"@type\":\"ImageObject\",\"inLanguage\":\"de\",\"@id\":\"https:\\\/\\\/marktxxl.de\\\/markt\\\/#\\\/schema\\\/logo\\\/image\\\/\",\"url\":\"https:\\\/\\\/marktxxl.de\\\/markt\\\/wp-content\\\/uploads\\\/sites\\\/3\\\/2020\\\/12\\\/logo.png\",\"contentUrl\":\"https:\\\/\\\/marktxxl.de\\\/markt\\\/wp-content\\\/uploads\\\/sites\\\/3\\\/2020\\\/12\\\/logo.png\",\"width\":200,\"height\":70,\"caption\":\"Markt-XXL\"},\"image\":{\"@id\":\"https:\\\/\\\/marktxxl.de\\\/markt\\\/#\\\/schema\\\/logo\\\/image\\\/\"}}]}<\/script>\n<!-- \/ Yoast SEO plugin. -->","yoast_head_json":{"title":"qinxiang flackernde LED-Kerzen, 12 St\u00fcck, Durchmesser 7,6 cm x H\u00f6he 10,2 cm, elfenbeinfarbenes Echtwachs Stumpenkerzen\u2026 - Markt-XXL","description":"Markt-XXL qinxiang flackernde LED-Kerzen, 12 St\u00fcck, Durchmesser 7,6 cm x H\u00f6he 10,2 cm, elfenbeinfarbenes Echtwachs Stumpenkerzen\u2026","robots":{"index":"index","follow":"follow","max-snippet":"max-snippet:-1","max-image-preview":"max-image-preview:large","max-video-preview":"max-video-preview:-1"},"canonical":"https:\/\/marktxxl.de\/markt\/produkt\/qinxiang-flackernde-led-kerzen-12-stueck-durchmesser-76-cm-x-hoehe-102-cm-elfenbeinfarbenes-echtwachs-stumpenkerzen-mit-tanzender-led-flamme-und-fernbedienung-mit-10-tasten-und-24-stunden-timer\/","og_locale":"de_DE","og_type":"article","og_title":"qinxiang flackernde LED-Kerzen, 12 St\u00fcck, Durchmesser 7,6 cm x H\u00f6he 10,2 cm, elfenbeinfarbenes Echtwachs Stumpenkerzen\u2026 - Markt-XXL","og_description":"Markt-XXL qinxiang flackernde LED-Kerzen, 12 St\u00fcck, Durchmesser 7,6 cm x H\u00f6he 10,2 cm, elfenbeinfarbenes Echtwachs Stumpenkerzen\u2026","og_url":"https:\/\/marktxxl.de\/markt\/produkt\/qinxiang-flackernde-led-kerzen-12-stueck-durchmesser-76-cm-x-hoehe-102-cm-elfenbeinfarbenes-echtwachs-stumpenkerzen-mit-tanzender-led-flamme-und-fernbedienung-mit-10-tasten-und-24-stunden-timer\/","og_site_name":"Markt-XXL","article_modified_time":"2023-04-11T02:33:19+00:00","og_image":[{"width":500,"height":500,"url":"https:\/\/m.media-amazon.com\/images\/I\/41Ws5EJNyhL._SL500_.jpg","type":"image\/jpeg"}],"twitter_card":"summary_large_image","twitter_misc":{"Gesch\u00e4tzte Lesezeit":"1\u00a0Minute"},"schema":{"@context":"https:\/\/schema.org","@graph":[{"@type":"WebPage","@id":"https:\/\/marktxxl.de\/markt\/produkt\/qinxiang-flackernde-led-kerzen-12-stueck-durchmesser-76-cm-x-hoehe-102-cm-elfenbeinfarbenes-echtwachs-stumpenkerzen-mit-tanzender-led-flamme-und-fernbedienung-mit-10-tasten-und-24-stunden-timer\/","url":"https:\/\/marktxxl.de\/markt\/produkt\/qinxiang-flackernde-led-kerzen-12-stueck-durchmesser-76-cm-x-hoehe-102-cm-elfenbeinfarbenes-echtwachs-stumpenkerzen-mit-tanzender-led-flamme-und-fernbedienung-mit-10-tasten-und-24-stunden-timer\/","name":"qinxiang flackernde LED-Kerzen, 12 St\u00fcck, Durchmesser 7,6 cm x H\u00f6he 10,2 cm, elfenbeinfarbenes Echtwachs Stumpenkerzen\u2026 - Markt-XXL","isPartOf":{"@id":"https:\/\/marktxxl.de\/markt\/#website"},"primaryImageOfPage":{"@id":"https:\/\/marktxxl.de\/markt\/produkt\/qinxiang-flackernde-led-kerzen-12-stueck-durchmesser-76-cm-x-hoehe-102-cm-elfenbeinfarbenes-echtwachs-stumpenkerzen-mit-tanzender-led-flamme-und-fernbedienung-mit-10-tasten-und-24-stunden-timer\/#primaryimage"},"image":{"@id":"https:\/\/marktxxl.de\/markt\/produkt\/qinxiang-flackernde-led-kerzen-12-stueck-durchmesser-76-cm-x-hoehe-102-cm-elfenbeinfarbenes-echtwachs-stumpenkerzen-mit-tanzender-led-flamme-und-fernbedienung-mit-10-tasten-und-24-stunden-timer\/#primaryimage"},"thumbnailUrl":"https:\/\/m.media-amazon.com\/images\/I\/41Ws5EJNyhL._SL500_.jpg","datePublished":"2022-09-12T05:25:49+00:00","dateModified":"2023-04-11T02:33:19+00:00","description":"Markt-XXL qinxiang flackernde LED-Kerzen, 12 St\u00fcck, Durchmesser 7,6 cm x H\u00f6he 10,2 cm, elfenbeinfarbenes Echtwachs Stumpenkerzen\u2026","breadcrumb":{"@id":"https:\/\/marktxxl.de\/markt\/produkt\/qinxiang-flackernde-led-kerzen-12-stueck-durchmesser-76-cm-x-hoehe-102-cm-elfenbeinfarbenes-echtwachs-stumpenkerzen-mit-tanzender-led-flamme-und-fernbedienung-mit-10-tasten-und-24-stunden-timer\/#breadcrumb"},"inLanguage":"de","potentialAction":[{"@type":"ReadAction","target":["https:\/\/marktxxl.de\/markt\/produkt\/qinxiang-flackernde-led-kerzen-12-stueck-durchmesser-76-cm-x-hoehe-102-cm-elfenbeinfarbenes-echtwachs-stumpenkerzen-mit-tanzender-led-flamme-und-fernbedienung-mit-10-tasten-und-24-stunden-timer\/"]}]},{"@type":"ImageObject","inLanguage":"de","@id":"https:\/\/marktxxl.de\/markt\/produkt\/qinxiang-flackernde-led-kerzen-12-stueck-durchmesser-76-cm-x-hoehe-102-cm-elfenbeinfarbenes-echtwachs-stumpenkerzen-mit-tanzender-led-flamme-und-fernbedienung-mit-10-tasten-und-24-stunden-timer\/#primaryimage","url":"https:\/\/m.media-amazon.com\/images\/I\/41Ws5EJNyhL._SL500_.jpg","contentUrl":"https:\/\/m.media-amazon.com\/images\/I\/41Ws5EJNyhL._SL500_.jpg","width":500,"height":500},{"@type":"BreadcrumbList","@id":"https:\/\/marktxxl.de\/markt\/produkt\/qinxiang-flackernde-led-kerzen-12-stueck-durchmesser-76-cm-x-hoehe-102-cm-elfenbeinfarbenes-echtwachs-stumpenkerzen-mit-tanzender-led-flamme-und-fernbedienung-mit-10-tasten-und-24-stunden-timer\/#breadcrumb","itemListElement":[{"@type":"ListItem","position":1,"name":"Startseite","item":"https:\/\/marktxxl.de\/markt\/"},{"@type":"ListItem","position":2,"name":"Markt","item":"https:\/\/marktxxl.de\/markt\/"},{"@type":"ListItem","position":3,"name":"qinxiang flackernde LED-Kerzen, 12 St\u00fcck, Durchmesser 7,6 cm x H\u00f6he 10,2 cm, elfenbeinfarbenes Echtwachs Stumpenkerzen\u2026"}]},{"@type":"WebSite","@id":"https:\/\/marktxxl.de\/markt\/#website","url":"https:\/\/marktxxl.de\/markt\/","name":"Markt-XXL","description":"Ihr Markt Online","publisher":{"@id":"https:\/\/marktxxl.de\/markt\/#organization"},"potentialAction":[{"@type":"SearchAction","target":{"@type":"EntryPoint","urlTemplate":"https:\/\/marktxxl.de\/markt\/?s={search_term_string}"},"query-input":{"@type":"PropertyValueSpecification","valueRequired":true,"valueName":"search_term_string"}}],"inLanguage":"de"},{"@type":"Organization","@id":"https:\/\/marktxxl.de\/markt\/#organization","name":"Markt-XXL","url":"https:\/\/marktxxl.de\/markt\/","logo":{"@type":"ImageObject","inLanguage":"de","@id":"https:\/\/marktxxl.de\/markt\/#\/schema\/logo\/image\/","url":"https:\/\/marktxxl.de\/markt\/wp-content\/uploads\/sites\/3\/2020\/12\/logo.png","contentUrl":"https:\/\/marktxxl.de\/markt\/wp-content\/uploads\/sites\/3\/2020\/12\/logo.png","width":200,"height":70,"caption":"Markt-XXL"},"image":{"@id":"https:\/\/marktxxl.de\/markt\/#\/schema\/logo\/image\/"}}]}},"_links":{"self":[{"href":"https:\/\/marktxxl.de\/markt\/wp-json\/wp\/v2\/product\/151983","targetHints":{"allow":["GET"]}}],"collection":[{"href":"https:\/\/marktxxl.de\/markt\/wp-json\/wp\/v2\/product"}],"about":[{"href":"https:\/\/marktxxl.de\/markt\/wp-json\/wp\/v2\/types\/product"}],"replies":[{"embeddable":true,"href":"https:\/\/marktxxl.de\/markt\/wp-json\/wp\/v2\/comments?post=151983"}],"wp:featuredmedia":[{"embeddable":true,"href":"https:\/\/marktxxl.de\/markt\/wp-json\/wp\/v2\/media\/151984"}],"wp:attachment":[{"href":"https:\/\/marktxxl.de\/markt\/wp-json\/wp\/v2\/media?parent=151983"}],"wp:term":[{"taxonomy":"product_brand","embeddable":true,"href":"https:\/\/marktxxl.de\/markt\/wp-json\/wp\/v2\/product_brand?post=151983"},{"taxonomy":"product_cat","embeddable":true,"href":"https:\/\/marktxxl.de\/markt\/wp-json\/wp\/v2\/product_cat?post=151983"},{"taxonomy":"product_tag","embeddable":true,"href":"https:\/\/marktxxl.de\/markt\/wp-json\/wp\/v2\/product_tag?post=151983"}],"curies":[{"name":"wp","href":"https:\/\/api.w.org\/{rel}","templated":true}]}}