{"id":151788,"date":"2022-09-12T07:16:36","date_gmt":"2022-09-12T05:16:36","guid":{"rendered":"https:\/\/marktxxl.de\/markt\/produkt\/baby-kapuzenhandtuch-set-mit-waschlappen-baby-handtuch-kapuzenbadetuch-personalisiert-mit-name-baby-badetuch-bestickt-mit-namen-jungen-maedchen\/"},"modified":"2023-04-09T04:12:29","modified_gmt":"2023-04-09T02:12:29","slug":"baby-kapuzenhandtuch-set-mit-waschlappen-baby-handtuch-kapuzenbadetuch-personalisiert-mit-name-baby-badetuch-bestickt-mit-namen-jungen-maedchen","status":"publish","type":"product","link":"https:\/\/marktxxl.de\/markt\/produkt\/baby-kapuzenhandtuch-set-mit-waschlappen-baby-handtuch-kapuzenbadetuch-personalisiert-mit-name-baby-badetuch-bestickt-mit-namen-jungen-maedchen\/","title":{"rendered":"Baby Kapuzenhandtuch Set mit Waschlappen | Baby Handtuch Kapuzenbadetuch 75 x 75 cm | personalisiert mit Name | Baby\u2026"},"content":{"rendered":"<p>\ud83d\udca6 SET Kapuzenhandtuch + Baby Waschlappen mit Namen \/ Handtuch Kapuze mit passenden Kinder Waschlappen aus 100% Baumwolle &#8211; \u00d6ko Tex 100 Klasse 1 zertifiziert. Den Waschhandschuh Baby bekommen Sie im gleichen Stil &#8211; ein perfektes Set. Verf\u00fcgbar in 6 niedlichen Ausf\u00fchrungen.<br \/>\n\ud83d\udca7 Individuell bestickt &#8211; 18 Schriftfarben und 3 Schriftarten zur Auswahl &#8211; stellen Sie jetzt Ihr pers\u00f6nliches SET zusammen &#8211; wir sticken es f\u00fcr Sie! Ideales Baby Geschenk zur Babyparty als Geschenkset oder f\u00fcr Ihr Kleinkind nach dem Bad in der Baby Badewanne. Oder wie w\u00e4re es mit einem s\u00fc\u00dfen Strandhandtuch f\u00fcr den n\u00e4chsten Urlaub?<br \/>\n\ud83c\udf0a Das Badehandtuch gro\u00df besteht aus 100% Baumwolle. Ideal f\u00fcr Baby Shower.Unser Babybadetuch mit Kapuze ist nat\u00fcrlich Schadstofffrei. Mit einer Gr\u00f6\u00dfe von 75&#215;75 cm eignet es sich f\u00fcr Babys und Kleinkinder von 0-4 Jahren<br \/>\n\ud83d\udebf Mit unseren Badet\u00fccher hat Ihre Suche nach personalisierte Geschenke ein Ende. Das Baby Handtuch Set passt sowohl als Geschenk zur Geburt, Geburtstagsgeschenk oder als Taufgeschenke f\u00fcr M\u00e4dchen \/ Taufgeschenke Jungen. Sehr beliebt ist das Dreieckshandtuch auch auf Babypartys.<br \/>\n\ud83d\udec1 Geschenkidee als Baby Pflegeset zur Baby Erstausstattung. Ein wunderbares Geschenk f\u00fcr Jungen oder M\u00e4dchen. Auch Badeponcho Kinder finden Sie bei einem weiteren Angebot &#8211; das bestickte Kinder Poncho \/ Badeponcho von Stickling! Taufgeschenk<br \/>\n<div class=\"main-cross-sell\" data-asin=\"B08VL4SWCW\">\n\n\t<div class=\"WooZone-cross-sell-loader\">\n\t\t<div>\n\t\t\t<div id=\"floatingBarsG\">\n\t\t\t\t<div class=\"blockG\" id=\"rotateG_01\"><\/div>\n\t\t\t\t<div class=\"blockG\" id=\"rotateG_02\"><\/div>\n\t\t\t\t<div class=\"blockG\" id=\"rotateG_03\"><\/div>\n\t\t\t\t<div class=\"blockG\" id=\"rotateG_04\"><\/div>\n\t\t\t\t<div class=\"blockG\" id=\"rotateG_05\"><\/div>\n\t\t\t\t<div class=\"blockG\" id=\"rotateG_06\"><\/div>\n\t\t\t\t<div class=\"blockG\" id=\"rotateG_07\"><\/div>\n\t\t\t\t<div class=\"blockG\" id=\"rotateG_08\"><\/div>\n\t\t\t<\/div>\n\t\t\t<div class=\"WooZone-cross-sell-loader-text\"><\/div>\n\t\t<\/div>\n\t<\/div>\n\n\t\t\n<\/div>\n<div style=\"clear:both;\"><\/div><\/p>\n","protected":false},"excerpt":{"rendered":"<p>\ud83d\udca6 SET Kapuzenhandtuch + Baby Waschlappen mit Namen \/ Handtuch Kapuze mit passenden Kinder Waschlappen aus 100% Baumwolle &#8211; \u00d6ko Tex 100 Klasse 1 zertifiziert. Den Waschhandschuh Baby bekommen Sie im gleichen Stil &#8211; ein perfektes Set. Verf\u00fcgbar in 6 niedlichen Ausf\u00fchrungen.<br \/>\n\ud83d\udca7 Individuell bestickt &#8211; 18 Schriftfarben und 3 Schriftarten zur Auswahl &#8211; stellen Sie jetzt Ihr pers\u00f6nliches SET zusammen &#8211; wir sticken es f\u00fcr Sie! Ideales Baby Geschenk zur Babyparty als Geschenkset oder f\u00fcr Ihr Kleinkind nach dem Bad in der Baby Badewanne. Oder wie w\u00e4re es mit einem s\u00fc\u00dfen Strandhandtuch f\u00fcr den n\u00e4chsten Urlaub?<br \/>\n\ud83c\udf0a Das Badehandtuch gro\u00df besteht aus 100% Baumwolle. Ideal f\u00fcr Baby Shower.Unser Babybadetuch mit Kapuze ist nat\u00fcrlich Schadstofffrei. Mit einer Gr\u00f6\u00dfe von 75&#215;75 cm eignet es sich f\u00fcr Babys und Kleinkinder von 0-4 Jahren<\/p>\n","protected":false},"featured_media":151789,"comment_status":"open","ping_status":"closed","template":"","meta":[],"product_brand":[],"product_cat":[566,5406],"product_tag":[],"class_list":{"0":"post-151788","1":"product","2":"type-product","3":"status-publish","4":"has-post-thumbnail","6":"product_cat-drogerie-koerperpflege","7":"product_cat-kinder-babypflege","8":"pa_brand-stickling","9":"pa_languages-unbekannt-deutsch","10":"pa_manufacturer-stickling","11":"pa_size-75-x-75-cm","13":"first","14":"instock","15":"shipping-taxable","16":"purchasable","17":"product-type-simple","18":"customify-col","19":"product-has-gallery"},"yoast_head":"<!-- This site is optimized with the Yoast SEO plugin v27.4 - https:\/\/yoast.com\/product\/yoast-seo-wordpress\/ -->\n<title>Baby Kapuzenhandtuch Set mit Waschlappen | Baby Handtuch Kapuzenbadetuch 75 x 75 cm | personalisiert mit Name | Baby\u2026 - Markt-XXL<\/title>\n<meta name=\"description\" content=\"Markt-XXL Baby Kapuzenhandtuch Set mit Waschlappen | Baby Handtuch Kapuzenbadetuch 75 x 75 cm | personalisiert mit Name | Baby\u2026\" \/>\n<meta name=\"robots\" content=\"index, follow, max-snippet:-1, max-image-preview:large, max-video-preview:-1\" \/>\n<link rel=\"canonical\" href=\"https:\/\/marktxxl.de\/markt\/produkt\/baby-kapuzenhandtuch-set-mit-waschlappen-baby-handtuch-kapuzenbadetuch-personalisiert-mit-name-baby-badetuch-bestickt-mit-namen-jungen-maedchen\/\" \/>\n<meta property=\"og:locale\" content=\"de_DE\" \/>\n<meta property=\"og:type\" content=\"article\" \/>\n<meta property=\"og:title\" content=\"Baby Kapuzenhandtuch Set mit Waschlappen | Baby Handtuch Kapuzenbadetuch 75 x 75 cm | personalisiert mit Name | Baby\u2026 - Markt-XXL\" \/>\n<meta property=\"og:description\" content=\"Markt-XXL Baby Kapuzenhandtuch Set mit Waschlappen | Baby Handtuch Kapuzenbadetuch 75 x 75 cm | personalisiert mit Name | Baby\u2026\" \/>\n<meta property=\"og:url\" content=\"https:\/\/marktxxl.de\/markt\/produkt\/baby-kapuzenhandtuch-set-mit-waschlappen-baby-handtuch-kapuzenbadetuch-personalisiert-mit-name-baby-badetuch-bestickt-mit-namen-jungen-maedchen\/\" \/>\n<meta property=\"og:site_name\" content=\"Markt-XXL\" \/>\n<meta property=\"article:modified_time\" content=\"2023-04-09T02:12:29+00:00\" \/>\n<meta property=\"og:image\" content=\"https:\/\/m.media-amazon.com\/images\/I\/51GGYP-jbQS._SL500_.jpg\" \/>\n\t<meta property=\"og:image:width\" content=\"500\" \/>\n\t<meta property=\"og:image:height\" content=\"500\" \/>\n\t<meta property=\"og:image:type\" content=\"image\/jpeg\" \/>\n<meta name=\"twitter:card\" content=\"summary_large_image\" \/>\n<meta name=\"twitter:label1\" content=\"Gesch\u00e4tzte Lesezeit\" \/>\n\t<meta name=\"twitter:data1\" content=\"1\u00a0Minute\" \/>\n<script type=\"application\/ld+json\" class=\"yoast-schema-graph\">{\"@context\":\"https:\\\/\\\/schema.org\",\"@graph\":[{\"@type\":\"WebPage\",\"@id\":\"https:\\\/\\\/marktxxl.de\\\/markt\\\/produkt\\\/baby-kapuzenhandtuch-set-mit-waschlappen-baby-handtuch-kapuzenbadetuch-personalisiert-mit-name-baby-badetuch-bestickt-mit-namen-jungen-maedchen\\\/\",\"url\":\"https:\\\/\\\/marktxxl.de\\\/markt\\\/produkt\\\/baby-kapuzenhandtuch-set-mit-waschlappen-baby-handtuch-kapuzenbadetuch-personalisiert-mit-name-baby-badetuch-bestickt-mit-namen-jungen-maedchen\\\/\",\"name\":\"Baby Kapuzenhandtuch Set mit Waschlappen | Baby Handtuch Kapuzenbadetuch 75 x 75 cm | personalisiert mit Name | Baby\u2026 - Markt-XXL\",\"isPartOf\":{\"@id\":\"https:\\\/\\\/marktxxl.de\\\/markt\\\/#website\"},\"primaryImageOfPage\":{\"@id\":\"https:\\\/\\\/marktxxl.de\\\/markt\\\/produkt\\\/baby-kapuzenhandtuch-set-mit-waschlappen-baby-handtuch-kapuzenbadetuch-personalisiert-mit-name-baby-badetuch-bestickt-mit-namen-jungen-maedchen\\\/#primaryimage\"},\"image\":{\"@id\":\"https:\\\/\\\/marktxxl.de\\\/markt\\\/produkt\\\/baby-kapuzenhandtuch-set-mit-waschlappen-baby-handtuch-kapuzenbadetuch-personalisiert-mit-name-baby-badetuch-bestickt-mit-namen-jungen-maedchen\\\/#primaryimage\"},\"thumbnailUrl\":\"https:\\\/\\\/m.media-amazon.com\\\/images\\\/I\\\/51GGYP-jbQS._SL500_.jpg\",\"datePublished\":\"2022-09-12T05:16:36+00:00\",\"dateModified\":\"2023-04-09T02:12:29+00:00\",\"description\":\"Markt-XXL Baby Kapuzenhandtuch Set mit Waschlappen | Baby Handtuch Kapuzenbadetuch 75 x 75 cm | personalisiert mit Name | Baby\u2026\",\"breadcrumb\":{\"@id\":\"https:\\\/\\\/marktxxl.de\\\/markt\\\/produkt\\\/baby-kapuzenhandtuch-set-mit-waschlappen-baby-handtuch-kapuzenbadetuch-personalisiert-mit-name-baby-badetuch-bestickt-mit-namen-jungen-maedchen\\\/#breadcrumb\"},\"inLanguage\":\"de\",\"potentialAction\":[{\"@type\":\"ReadAction\",\"target\":[\"https:\\\/\\\/marktxxl.de\\\/markt\\\/produkt\\\/baby-kapuzenhandtuch-set-mit-waschlappen-baby-handtuch-kapuzenbadetuch-personalisiert-mit-name-baby-badetuch-bestickt-mit-namen-jungen-maedchen\\\/\"]}]},{\"@type\":\"ImageObject\",\"inLanguage\":\"de\",\"@id\":\"https:\\\/\\\/marktxxl.de\\\/markt\\\/produkt\\\/baby-kapuzenhandtuch-set-mit-waschlappen-baby-handtuch-kapuzenbadetuch-personalisiert-mit-name-baby-badetuch-bestickt-mit-namen-jungen-maedchen\\\/#primaryimage\",\"url\":\"https:\\\/\\\/m.media-amazon.com\\\/images\\\/I\\\/51GGYP-jbQS._SL500_.jpg\",\"contentUrl\":\"https:\\\/\\\/m.media-amazon.com\\\/images\\\/I\\\/51GGYP-jbQS._SL500_.jpg\",\"width\":500,\"height\":500},{\"@type\":\"BreadcrumbList\",\"@id\":\"https:\\\/\\\/marktxxl.de\\\/markt\\\/produkt\\\/baby-kapuzenhandtuch-set-mit-waschlappen-baby-handtuch-kapuzenbadetuch-personalisiert-mit-name-baby-badetuch-bestickt-mit-namen-jungen-maedchen\\\/#breadcrumb\",\"itemListElement\":[{\"@type\":\"ListItem\",\"position\":1,\"name\":\"Startseite\",\"item\":\"https:\\\/\\\/marktxxl.de\\\/markt\\\/\"},{\"@type\":\"ListItem\",\"position\":2,\"name\":\"Markt\",\"item\":\"https:\\\/\\\/marktxxl.de\\\/markt\\\/\"},{\"@type\":\"ListItem\",\"position\":3,\"name\":\"Baby Kapuzenhandtuch Set mit Waschlappen | Baby Handtuch Kapuzenbadetuch 75 x 75 cm | personalisiert mit Name | Baby\u2026\"}]},{\"@type\":\"WebSite\",\"@id\":\"https:\\\/\\\/marktxxl.de\\\/markt\\\/#website\",\"url\":\"https:\\\/\\\/marktxxl.de\\\/markt\\\/\",\"name\":\"Markt-XXL\",\"description\":\"Ihr Markt Online\",\"publisher\":{\"@id\":\"https:\\\/\\\/marktxxl.de\\\/markt\\\/#organization\"},\"potentialAction\":[{\"@type\":\"SearchAction\",\"target\":{\"@type\":\"EntryPoint\",\"urlTemplate\":\"https:\\\/\\\/marktxxl.de\\\/markt\\\/?s={search_term_string}\"},\"query-input\":{\"@type\":\"PropertyValueSpecification\",\"valueRequired\":true,\"valueName\":\"search_term_string\"}}],\"inLanguage\":\"de\"},{\"@type\":\"Organization\",\"@id\":\"https:\\\/\\\/marktxxl.de\\\/markt\\\/#organization\",\"name\":\"Markt-XXL\",\"url\":\"https:\\\/\\\/marktxxl.de\\\/markt\\\/\",\"logo\":{\"@type\":\"ImageObject\",\"inLanguage\":\"de\",\"@id\":\"https:\\\/\\\/marktxxl.de\\\/markt\\\/#\\\/schema\\\/logo\\\/image\\\/\",\"url\":\"https:\\\/\\\/marktxxl.de\\\/markt\\\/wp-content\\\/uploads\\\/sites\\\/3\\\/2020\\\/12\\\/logo.png\",\"contentUrl\":\"https:\\\/\\\/marktxxl.de\\\/markt\\\/wp-content\\\/uploads\\\/sites\\\/3\\\/2020\\\/12\\\/logo.png\",\"width\":200,\"height\":70,\"caption\":\"Markt-XXL\"},\"image\":{\"@id\":\"https:\\\/\\\/marktxxl.de\\\/markt\\\/#\\\/schema\\\/logo\\\/image\\\/\"}}]}<\/script>\n<!-- \/ Yoast SEO plugin. -->","yoast_head_json":{"title":"Baby Kapuzenhandtuch Set mit Waschlappen | Baby Handtuch Kapuzenbadetuch 75 x 75 cm | personalisiert mit Name | Baby\u2026 - Markt-XXL","description":"Markt-XXL Baby Kapuzenhandtuch Set mit Waschlappen | Baby Handtuch Kapuzenbadetuch 75 x 75 cm | personalisiert mit Name | Baby\u2026","robots":{"index":"index","follow":"follow","max-snippet":"max-snippet:-1","max-image-preview":"max-image-preview:large","max-video-preview":"max-video-preview:-1"},"canonical":"https:\/\/marktxxl.de\/markt\/produkt\/baby-kapuzenhandtuch-set-mit-waschlappen-baby-handtuch-kapuzenbadetuch-personalisiert-mit-name-baby-badetuch-bestickt-mit-namen-jungen-maedchen\/","og_locale":"de_DE","og_type":"article","og_title":"Baby Kapuzenhandtuch Set mit Waschlappen | Baby Handtuch Kapuzenbadetuch 75 x 75 cm | personalisiert mit Name | Baby\u2026 - Markt-XXL","og_description":"Markt-XXL Baby Kapuzenhandtuch Set mit Waschlappen | Baby Handtuch Kapuzenbadetuch 75 x 75 cm | personalisiert mit Name | Baby\u2026","og_url":"https:\/\/marktxxl.de\/markt\/produkt\/baby-kapuzenhandtuch-set-mit-waschlappen-baby-handtuch-kapuzenbadetuch-personalisiert-mit-name-baby-badetuch-bestickt-mit-namen-jungen-maedchen\/","og_site_name":"Markt-XXL","article_modified_time":"2023-04-09T02:12:29+00:00","og_image":[{"width":500,"height":500,"url":"https:\/\/m.media-amazon.com\/images\/I\/51GGYP-jbQS._SL500_.jpg","type":"image\/jpeg"}],"twitter_card":"summary_large_image","twitter_misc":{"Gesch\u00e4tzte Lesezeit":"1\u00a0Minute"},"schema":{"@context":"https:\/\/schema.org","@graph":[{"@type":"WebPage","@id":"https:\/\/marktxxl.de\/markt\/produkt\/baby-kapuzenhandtuch-set-mit-waschlappen-baby-handtuch-kapuzenbadetuch-personalisiert-mit-name-baby-badetuch-bestickt-mit-namen-jungen-maedchen\/","url":"https:\/\/marktxxl.de\/markt\/produkt\/baby-kapuzenhandtuch-set-mit-waschlappen-baby-handtuch-kapuzenbadetuch-personalisiert-mit-name-baby-badetuch-bestickt-mit-namen-jungen-maedchen\/","name":"Baby Kapuzenhandtuch Set mit Waschlappen | Baby Handtuch Kapuzenbadetuch 75 x 75 cm | personalisiert mit Name | Baby\u2026 - Markt-XXL","isPartOf":{"@id":"https:\/\/marktxxl.de\/markt\/#website"},"primaryImageOfPage":{"@id":"https:\/\/marktxxl.de\/markt\/produkt\/baby-kapuzenhandtuch-set-mit-waschlappen-baby-handtuch-kapuzenbadetuch-personalisiert-mit-name-baby-badetuch-bestickt-mit-namen-jungen-maedchen\/#primaryimage"},"image":{"@id":"https:\/\/marktxxl.de\/markt\/produkt\/baby-kapuzenhandtuch-set-mit-waschlappen-baby-handtuch-kapuzenbadetuch-personalisiert-mit-name-baby-badetuch-bestickt-mit-namen-jungen-maedchen\/#primaryimage"},"thumbnailUrl":"https:\/\/m.media-amazon.com\/images\/I\/51GGYP-jbQS._SL500_.jpg","datePublished":"2022-09-12T05:16:36+00:00","dateModified":"2023-04-09T02:12:29+00:00","description":"Markt-XXL Baby Kapuzenhandtuch Set mit Waschlappen | Baby Handtuch Kapuzenbadetuch 75 x 75 cm | personalisiert mit Name | Baby\u2026","breadcrumb":{"@id":"https:\/\/marktxxl.de\/markt\/produkt\/baby-kapuzenhandtuch-set-mit-waschlappen-baby-handtuch-kapuzenbadetuch-personalisiert-mit-name-baby-badetuch-bestickt-mit-namen-jungen-maedchen\/#breadcrumb"},"inLanguage":"de","potentialAction":[{"@type":"ReadAction","target":["https:\/\/marktxxl.de\/markt\/produkt\/baby-kapuzenhandtuch-set-mit-waschlappen-baby-handtuch-kapuzenbadetuch-personalisiert-mit-name-baby-badetuch-bestickt-mit-namen-jungen-maedchen\/"]}]},{"@type":"ImageObject","inLanguage":"de","@id":"https:\/\/marktxxl.de\/markt\/produkt\/baby-kapuzenhandtuch-set-mit-waschlappen-baby-handtuch-kapuzenbadetuch-personalisiert-mit-name-baby-badetuch-bestickt-mit-namen-jungen-maedchen\/#primaryimage","url":"https:\/\/m.media-amazon.com\/images\/I\/51GGYP-jbQS._SL500_.jpg","contentUrl":"https:\/\/m.media-amazon.com\/images\/I\/51GGYP-jbQS._SL500_.jpg","width":500,"height":500},{"@type":"BreadcrumbList","@id":"https:\/\/marktxxl.de\/markt\/produkt\/baby-kapuzenhandtuch-set-mit-waschlappen-baby-handtuch-kapuzenbadetuch-personalisiert-mit-name-baby-badetuch-bestickt-mit-namen-jungen-maedchen\/#breadcrumb","itemListElement":[{"@type":"ListItem","position":1,"name":"Startseite","item":"https:\/\/marktxxl.de\/markt\/"},{"@type":"ListItem","position":2,"name":"Markt","item":"https:\/\/marktxxl.de\/markt\/"},{"@type":"ListItem","position":3,"name":"Baby Kapuzenhandtuch Set mit Waschlappen | Baby Handtuch Kapuzenbadetuch 75 x 75 cm | personalisiert mit Name | Baby\u2026"}]},{"@type":"WebSite","@id":"https:\/\/marktxxl.de\/markt\/#website","url":"https:\/\/marktxxl.de\/markt\/","name":"Markt-XXL","description":"Ihr Markt Online","publisher":{"@id":"https:\/\/marktxxl.de\/markt\/#organization"},"potentialAction":[{"@type":"SearchAction","target":{"@type":"EntryPoint","urlTemplate":"https:\/\/marktxxl.de\/markt\/?s={search_term_string}"},"query-input":{"@type":"PropertyValueSpecification","valueRequired":true,"valueName":"search_term_string"}}],"inLanguage":"de"},{"@type":"Organization","@id":"https:\/\/marktxxl.de\/markt\/#organization","name":"Markt-XXL","url":"https:\/\/marktxxl.de\/markt\/","logo":{"@type":"ImageObject","inLanguage":"de","@id":"https:\/\/marktxxl.de\/markt\/#\/schema\/logo\/image\/","url":"https:\/\/marktxxl.de\/markt\/wp-content\/uploads\/sites\/3\/2020\/12\/logo.png","contentUrl":"https:\/\/marktxxl.de\/markt\/wp-content\/uploads\/sites\/3\/2020\/12\/logo.png","width":200,"height":70,"caption":"Markt-XXL"},"image":{"@id":"https:\/\/marktxxl.de\/markt\/#\/schema\/logo\/image\/"}}]}},"_links":{"self":[{"href":"https:\/\/marktxxl.de\/markt\/wp-json\/wp\/v2\/product\/151788","targetHints":{"allow":["GET"]}}],"collection":[{"href":"https:\/\/marktxxl.de\/markt\/wp-json\/wp\/v2\/product"}],"about":[{"href":"https:\/\/marktxxl.de\/markt\/wp-json\/wp\/v2\/types\/product"}],"replies":[{"embeddable":true,"href":"https:\/\/marktxxl.de\/markt\/wp-json\/wp\/v2\/comments?post=151788"}],"wp:featuredmedia":[{"embeddable":true,"href":"https:\/\/marktxxl.de\/markt\/wp-json\/wp\/v2\/media\/151789"}],"wp:attachment":[{"href":"https:\/\/marktxxl.de\/markt\/wp-json\/wp\/v2\/media?parent=151788"}],"wp:term":[{"taxonomy":"product_brand","embeddable":true,"href":"https:\/\/marktxxl.de\/markt\/wp-json\/wp\/v2\/product_brand?post=151788"},{"taxonomy":"product_cat","embeddable":true,"href":"https:\/\/marktxxl.de\/markt\/wp-json\/wp\/v2\/product_cat?post=151788"},{"taxonomy":"product_tag","embeddable":true,"href":"https:\/\/marktxxl.de\/markt\/wp-json\/wp\/v2\/product_tag?post=151788"}],"curies":[{"name":"wp","href":"https:\/\/api.w.org\/{rel}","templated":true}]}}