{"id":151766,"date":"2022-09-12T07:16:13","date_gmt":"2022-09-12T05:16:13","guid":{"rendered":"https:\/\/marktxxl.de\/markt\/produkt\/tactical-baby-gear-daypack-3-0-tactical-diaper-bag-rucksack-und-wickelauflage\/"},"modified":"2023-04-09T04:12:29","modified_gmt":"2023-04-09T02:12:29","slug":"tactical-baby-gear-daypack-3-0-tactical-diaper-bag-rucksack-und-wickelauflage","status":"publish","type":"product","link":"https:\/\/marktxxl.de\/markt\/produkt\/tactical-baby-gear-daypack-3-0-tactical-diaper-bag-rucksack-und-wickelauflage\/","title":{"rendered":"Tactical Baby Gear Daypack 3.0 Tactical Diaper Bag Rucksack und Wickelauflage"},"content":{"rendered":"<p>Freih\u00e4ndiges Handling &#8211; Mit diesem robusten Rucksackdesign k\u00f6nnen Sie alle wichtigen Dinge mit dem Wagen erledigen und die Kleinen freih\u00e4ndiger machen<br \/>\nWickelauflage inklusive &#8211; Mit der integrierten herausnehmbaren taktischen Wickelauflage TBG mit leicht zu reinigender Nylonoberfl\u00e4che und Schaumstoffpolsterung<br \/>\nPlatz f\u00fcr alles &#8211; Packen Sie alles in diesen milit\u00e4rischen Windelrucksack.\u00a0Mit ger\u00e4umigem Innenraum, zwei Flaschentaschen, durchgehendem Rei\u00dfverschluss vorne und vielem mehr<br \/>\nF\u00fcr die Ewigkeit gebaut &#8211; Hergestellt mit robusten YKK-Rei\u00dfverschl\u00fcssen und einer taktischen 600D-Polyesterkonstruktion f\u00fcr H\u00f6chstleistungen in anspruchsvollen Szenarien<br \/>\nAbmessungen &#8211; Wickeltasche: 20 &#8220;H x 11&#8221; B x 8 &#8220;T; Wickeltaschenkapazit\u00e4t: 28,84 Liter oder 1760 Kubikzoll; Wickelauflagengr\u00f6\u00dfe: 23&#8221; x 12 &#8220;(offen)<br \/>\n<div class=\"main-cross-sell\" data-asin=\"B083M66N9B\">\n\n\t<div class=\"WooZone-cross-sell-loader\">\n\t\t<div>\n\t\t\t<div id=\"floatingBarsG\">\n\t\t\t\t<div class=\"blockG\" id=\"rotateG_01\"><\/div>\n\t\t\t\t<div class=\"blockG\" id=\"rotateG_02\"><\/div>\n\t\t\t\t<div class=\"blockG\" id=\"rotateG_03\"><\/div>\n\t\t\t\t<div class=\"blockG\" id=\"rotateG_04\"><\/div>\n\t\t\t\t<div class=\"blockG\" id=\"rotateG_05\"><\/div>\n\t\t\t\t<div class=\"blockG\" id=\"rotateG_06\"><\/div>\n\t\t\t\t<div class=\"blockG\" id=\"rotateG_07\"><\/div>\n\t\t\t\t<div class=\"blockG\" id=\"rotateG_08\"><\/div>\n\t\t\t<\/div>\n\t\t\t<div class=\"WooZone-cross-sell-loader-text\"><\/div>\n\t\t<\/div>\n\t<\/div>\n\n\t\t\n<\/div>\n<div style=\"clear:both;\"><\/div><\/p>\n","protected":false},"excerpt":{"rendered":"<p>Freih\u00e4ndiges Handling &#8211; Mit diesem robusten Rucksackdesign k\u00f6nnen Sie alle wichtigen Dinge mit dem Wagen erledigen und die Kleinen freih\u00e4ndiger machen<br \/>\nWickelauflage inklusive &#8211; Mit der integrierten herausnehmbaren taktischen Wickelauflage TBG mit leicht zu reinigender Nylonoberfl\u00e4che und Schaumstoffpolsterung<br \/>\nPlatz f\u00fcr alles &#8211; Packen Sie alles in diesen milit\u00e4rischen Windelrucksack.\u00a0Mit ger\u00e4umigem Innenraum, zwei Flaschentaschen, durchgehendem Rei\u00dfverschluss vorne und vielem mehr<\/p>\n","protected":false},"featured_media":151767,"comment_status":"open","ping_status":"closed","template":"","meta":[],"product_brand":[],"product_cat":[566,5406],"product_tag":[],"class_list":{"0":"post-151766","1":"product","2":"type-product","3":"status-publish","4":"has-post-thumbnail","6":"product_cat-drogerie-koerperpflege","7":"product_cat-kinder-babypflege","8":"pa_brand-tactical-baby-gear","9":"pa_manufacturer-tactical-baby-gear","11":"first","12":"instock","13":"shipping-taxable","14":"purchasable","15":"product-type-simple","16":"customify-col","17":"product-has-gallery"},"yoast_head":"<!-- This site is optimized with the Yoast SEO plugin v27.4 - https:\/\/yoast.com\/product\/yoast-seo-wordpress\/ -->\n<title>Tactical Baby Gear Daypack 3.0 Tactical Diaper Bag Rucksack und Wickelauflage - Markt-XXL<\/title>\n<meta name=\"description\" content=\"Markt-XXL Tactical Baby Gear Daypack 3.0 Tactical Diaper Bag Rucksack und Wickelauflage\" \/>\n<meta name=\"robots\" content=\"index, follow, max-snippet:-1, max-image-preview:large, max-video-preview:-1\" \/>\n<link rel=\"canonical\" href=\"https:\/\/marktxxl.de\/markt\/produkt\/tactical-baby-gear-daypack-3-0-tactical-diaper-bag-rucksack-und-wickelauflage\/\" \/>\n<meta property=\"og:locale\" content=\"de_DE\" \/>\n<meta property=\"og:type\" content=\"article\" \/>\n<meta property=\"og:title\" content=\"Tactical Baby Gear Daypack 3.0 Tactical Diaper Bag Rucksack und Wickelauflage - Markt-XXL\" \/>\n<meta property=\"og:description\" content=\"Markt-XXL Tactical Baby Gear Daypack 3.0 Tactical Diaper Bag Rucksack und Wickelauflage\" \/>\n<meta property=\"og:url\" content=\"https:\/\/marktxxl.de\/markt\/produkt\/tactical-baby-gear-daypack-3-0-tactical-diaper-bag-rucksack-und-wickelauflage\/\" \/>\n<meta property=\"og:site_name\" content=\"Markt-XXL\" \/>\n<meta property=\"article:modified_time\" content=\"2023-04-09T02:12:29+00:00\" \/>\n<meta property=\"og:image\" content=\"https:\/\/m.media-amazon.com\/images\/I\/51KUvPJKFFL._SL500_.jpg\" \/>\n\t<meta property=\"og:image:width\" content=\"500\" \/>\n\t<meta property=\"og:image:height\" content=\"500\" \/>\n\t<meta property=\"og:image:type\" content=\"image\/jpeg\" \/>\n<meta name=\"twitter:card\" content=\"summary_large_image\" \/>\n<meta name=\"twitter:label1\" content=\"Gesch\u00e4tzte Lesezeit\" \/>\n\t<meta name=\"twitter:data1\" content=\"1\u00a0Minute\" \/>\n<script type=\"application\/ld+json\" class=\"yoast-schema-graph\">{\"@context\":\"https:\\\/\\\/schema.org\",\"@graph\":[{\"@type\":\"WebPage\",\"@id\":\"https:\\\/\\\/marktxxl.de\\\/markt\\\/produkt\\\/tactical-baby-gear-daypack-3-0-tactical-diaper-bag-rucksack-und-wickelauflage\\\/\",\"url\":\"https:\\\/\\\/marktxxl.de\\\/markt\\\/produkt\\\/tactical-baby-gear-daypack-3-0-tactical-diaper-bag-rucksack-und-wickelauflage\\\/\",\"name\":\"Tactical Baby Gear Daypack 3.0 Tactical Diaper Bag Rucksack und Wickelauflage - Markt-XXL\",\"isPartOf\":{\"@id\":\"https:\\\/\\\/marktxxl.de\\\/markt\\\/#website\"},\"primaryImageOfPage\":{\"@id\":\"https:\\\/\\\/marktxxl.de\\\/markt\\\/produkt\\\/tactical-baby-gear-daypack-3-0-tactical-diaper-bag-rucksack-und-wickelauflage\\\/#primaryimage\"},\"image\":{\"@id\":\"https:\\\/\\\/marktxxl.de\\\/markt\\\/produkt\\\/tactical-baby-gear-daypack-3-0-tactical-diaper-bag-rucksack-und-wickelauflage\\\/#primaryimage\"},\"thumbnailUrl\":\"https:\\\/\\\/m.media-amazon.com\\\/images\\\/I\\\/51KUvPJKFFL._SL500_.jpg\",\"datePublished\":\"2022-09-12T05:16:13+00:00\",\"dateModified\":\"2023-04-09T02:12:29+00:00\",\"description\":\"Markt-XXL Tactical Baby Gear Daypack 3.0 Tactical Diaper Bag Rucksack und Wickelauflage\",\"breadcrumb\":{\"@id\":\"https:\\\/\\\/marktxxl.de\\\/markt\\\/produkt\\\/tactical-baby-gear-daypack-3-0-tactical-diaper-bag-rucksack-und-wickelauflage\\\/#breadcrumb\"},\"inLanguage\":\"de\",\"potentialAction\":[{\"@type\":\"ReadAction\",\"target\":[\"https:\\\/\\\/marktxxl.de\\\/markt\\\/produkt\\\/tactical-baby-gear-daypack-3-0-tactical-diaper-bag-rucksack-und-wickelauflage\\\/\"]}]},{\"@type\":\"ImageObject\",\"inLanguage\":\"de\",\"@id\":\"https:\\\/\\\/marktxxl.de\\\/markt\\\/produkt\\\/tactical-baby-gear-daypack-3-0-tactical-diaper-bag-rucksack-und-wickelauflage\\\/#primaryimage\",\"url\":\"https:\\\/\\\/m.media-amazon.com\\\/images\\\/I\\\/51KUvPJKFFL._SL500_.jpg\",\"contentUrl\":\"https:\\\/\\\/m.media-amazon.com\\\/images\\\/I\\\/51KUvPJKFFL._SL500_.jpg\",\"width\":500,\"height\":500},{\"@type\":\"BreadcrumbList\",\"@id\":\"https:\\\/\\\/marktxxl.de\\\/markt\\\/produkt\\\/tactical-baby-gear-daypack-3-0-tactical-diaper-bag-rucksack-und-wickelauflage\\\/#breadcrumb\",\"itemListElement\":[{\"@type\":\"ListItem\",\"position\":1,\"name\":\"Startseite\",\"item\":\"https:\\\/\\\/marktxxl.de\\\/markt\\\/\"},{\"@type\":\"ListItem\",\"position\":2,\"name\":\"Markt\",\"item\":\"https:\\\/\\\/marktxxl.de\\\/markt\\\/\"},{\"@type\":\"ListItem\",\"position\":3,\"name\":\"Tactical Baby Gear Daypack 3.0 Tactical Diaper Bag Rucksack und Wickelauflage\"}]},{\"@type\":\"WebSite\",\"@id\":\"https:\\\/\\\/marktxxl.de\\\/markt\\\/#website\",\"url\":\"https:\\\/\\\/marktxxl.de\\\/markt\\\/\",\"name\":\"Markt-XXL\",\"description\":\"Ihr Markt Online\",\"publisher\":{\"@id\":\"https:\\\/\\\/marktxxl.de\\\/markt\\\/#organization\"},\"potentialAction\":[{\"@type\":\"SearchAction\",\"target\":{\"@type\":\"EntryPoint\",\"urlTemplate\":\"https:\\\/\\\/marktxxl.de\\\/markt\\\/?s={search_term_string}\"},\"query-input\":{\"@type\":\"PropertyValueSpecification\",\"valueRequired\":true,\"valueName\":\"search_term_string\"}}],\"inLanguage\":\"de\"},{\"@type\":\"Organization\",\"@id\":\"https:\\\/\\\/marktxxl.de\\\/markt\\\/#organization\",\"name\":\"Markt-XXL\",\"url\":\"https:\\\/\\\/marktxxl.de\\\/markt\\\/\",\"logo\":{\"@type\":\"ImageObject\",\"inLanguage\":\"de\",\"@id\":\"https:\\\/\\\/marktxxl.de\\\/markt\\\/#\\\/schema\\\/logo\\\/image\\\/\",\"url\":\"https:\\\/\\\/marktxxl.de\\\/markt\\\/wp-content\\\/uploads\\\/sites\\\/3\\\/2020\\\/12\\\/logo.png\",\"contentUrl\":\"https:\\\/\\\/marktxxl.de\\\/markt\\\/wp-content\\\/uploads\\\/sites\\\/3\\\/2020\\\/12\\\/logo.png\",\"width\":200,\"height\":70,\"caption\":\"Markt-XXL\"},\"image\":{\"@id\":\"https:\\\/\\\/marktxxl.de\\\/markt\\\/#\\\/schema\\\/logo\\\/image\\\/\"}}]}<\/script>\n<!-- \/ Yoast SEO plugin. -->","yoast_head_json":{"title":"Tactical Baby Gear Daypack 3.0 Tactical Diaper Bag Rucksack und Wickelauflage - Markt-XXL","description":"Markt-XXL Tactical Baby Gear Daypack 3.0 Tactical Diaper Bag Rucksack und Wickelauflage","robots":{"index":"index","follow":"follow","max-snippet":"max-snippet:-1","max-image-preview":"max-image-preview:large","max-video-preview":"max-video-preview:-1"},"canonical":"https:\/\/marktxxl.de\/markt\/produkt\/tactical-baby-gear-daypack-3-0-tactical-diaper-bag-rucksack-und-wickelauflage\/","og_locale":"de_DE","og_type":"article","og_title":"Tactical Baby Gear Daypack 3.0 Tactical Diaper Bag Rucksack und Wickelauflage - Markt-XXL","og_description":"Markt-XXL Tactical Baby Gear Daypack 3.0 Tactical Diaper Bag Rucksack und Wickelauflage","og_url":"https:\/\/marktxxl.de\/markt\/produkt\/tactical-baby-gear-daypack-3-0-tactical-diaper-bag-rucksack-und-wickelauflage\/","og_site_name":"Markt-XXL","article_modified_time":"2023-04-09T02:12:29+00:00","og_image":[{"width":500,"height":500,"url":"https:\/\/m.media-amazon.com\/images\/I\/51KUvPJKFFL._SL500_.jpg","type":"image\/jpeg"}],"twitter_card":"summary_large_image","twitter_misc":{"Gesch\u00e4tzte Lesezeit":"1\u00a0Minute"},"schema":{"@context":"https:\/\/schema.org","@graph":[{"@type":"WebPage","@id":"https:\/\/marktxxl.de\/markt\/produkt\/tactical-baby-gear-daypack-3-0-tactical-diaper-bag-rucksack-und-wickelauflage\/","url":"https:\/\/marktxxl.de\/markt\/produkt\/tactical-baby-gear-daypack-3-0-tactical-diaper-bag-rucksack-und-wickelauflage\/","name":"Tactical Baby Gear Daypack 3.0 Tactical Diaper Bag Rucksack und Wickelauflage - Markt-XXL","isPartOf":{"@id":"https:\/\/marktxxl.de\/markt\/#website"},"primaryImageOfPage":{"@id":"https:\/\/marktxxl.de\/markt\/produkt\/tactical-baby-gear-daypack-3-0-tactical-diaper-bag-rucksack-und-wickelauflage\/#primaryimage"},"image":{"@id":"https:\/\/marktxxl.de\/markt\/produkt\/tactical-baby-gear-daypack-3-0-tactical-diaper-bag-rucksack-und-wickelauflage\/#primaryimage"},"thumbnailUrl":"https:\/\/m.media-amazon.com\/images\/I\/51KUvPJKFFL._SL500_.jpg","datePublished":"2022-09-12T05:16:13+00:00","dateModified":"2023-04-09T02:12:29+00:00","description":"Markt-XXL Tactical Baby Gear Daypack 3.0 Tactical Diaper Bag Rucksack und Wickelauflage","breadcrumb":{"@id":"https:\/\/marktxxl.de\/markt\/produkt\/tactical-baby-gear-daypack-3-0-tactical-diaper-bag-rucksack-und-wickelauflage\/#breadcrumb"},"inLanguage":"de","potentialAction":[{"@type":"ReadAction","target":["https:\/\/marktxxl.de\/markt\/produkt\/tactical-baby-gear-daypack-3-0-tactical-diaper-bag-rucksack-und-wickelauflage\/"]}]},{"@type":"ImageObject","inLanguage":"de","@id":"https:\/\/marktxxl.de\/markt\/produkt\/tactical-baby-gear-daypack-3-0-tactical-diaper-bag-rucksack-und-wickelauflage\/#primaryimage","url":"https:\/\/m.media-amazon.com\/images\/I\/51KUvPJKFFL._SL500_.jpg","contentUrl":"https:\/\/m.media-amazon.com\/images\/I\/51KUvPJKFFL._SL500_.jpg","width":500,"height":500},{"@type":"BreadcrumbList","@id":"https:\/\/marktxxl.de\/markt\/produkt\/tactical-baby-gear-daypack-3-0-tactical-diaper-bag-rucksack-und-wickelauflage\/#breadcrumb","itemListElement":[{"@type":"ListItem","position":1,"name":"Startseite","item":"https:\/\/marktxxl.de\/markt\/"},{"@type":"ListItem","position":2,"name":"Markt","item":"https:\/\/marktxxl.de\/markt\/"},{"@type":"ListItem","position":3,"name":"Tactical Baby Gear Daypack 3.0 Tactical Diaper Bag Rucksack und Wickelauflage"}]},{"@type":"WebSite","@id":"https:\/\/marktxxl.de\/markt\/#website","url":"https:\/\/marktxxl.de\/markt\/","name":"Markt-XXL","description":"Ihr Markt Online","publisher":{"@id":"https:\/\/marktxxl.de\/markt\/#organization"},"potentialAction":[{"@type":"SearchAction","target":{"@type":"EntryPoint","urlTemplate":"https:\/\/marktxxl.de\/markt\/?s={search_term_string}"},"query-input":{"@type":"PropertyValueSpecification","valueRequired":true,"valueName":"search_term_string"}}],"inLanguage":"de"},{"@type":"Organization","@id":"https:\/\/marktxxl.de\/markt\/#organization","name":"Markt-XXL","url":"https:\/\/marktxxl.de\/markt\/","logo":{"@type":"ImageObject","inLanguage":"de","@id":"https:\/\/marktxxl.de\/markt\/#\/schema\/logo\/image\/","url":"https:\/\/marktxxl.de\/markt\/wp-content\/uploads\/sites\/3\/2020\/12\/logo.png","contentUrl":"https:\/\/marktxxl.de\/markt\/wp-content\/uploads\/sites\/3\/2020\/12\/logo.png","width":200,"height":70,"caption":"Markt-XXL"},"image":{"@id":"https:\/\/marktxxl.de\/markt\/#\/schema\/logo\/image\/"}}]}},"_links":{"self":[{"href":"https:\/\/marktxxl.de\/markt\/wp-json\/wp\/v2\/product\/151766","targetHints":{"allow":["GET"]}}],"collection":[{"href":"https:\/\/marktxxl.de\/markt\/wp-json\/wp\/v2\/product"}],"about":[{"href":"https:\/\/marktxxl.de\/markt\/wp-json\/wp\/v2\/types\/product"}],"replies":[{"embeddable":true,"href":"https:\/\/marktxxl.de\/markt\/wp-json\/wp\/v2\/comments?post=151766"}],"wp:featuredmedia":[{"embeddable":true,"href":"https:\/\/marktxxl.de\/markt\/wp-json\/wp\/v2\/media\/151767"}],"wp:attachment":[{"href":"https:\/\/marktxxl.de\/markt\/wp-json\/wp\/v2\/media?parent=151766"}],"wp:term":[{"taxonomy":"product_brand","embeddable":true,"href":"https:\/\/marktxxl.de\/markt\/wp-json\/wp\/v2\/product_brand?post=151766"},{"taxonomy":"product_cat","embeddable":true,"href":"https:\/\/marktxxl.de\/markt\/wp-json\/wp\/v2\/product_cat?post=151766"},{"taxonomy":"product_tag","embeddable":true,"href":"https:\/\/marktxxl.de\/markt\/wp-json\/wp\/v2\/product_tag?post=151766"}],"curies":[{"name":"wp","href":"https:\/\/api.w.org\/{rel}","templated":true}]}}