{"id":151734,"date":"2022-09-12T06:40:08","date_gmt":"2022-09-12T04:40:08","guid":{"rendered":"https:\/\/marktxxl.de\/markt\/produkt\/zaples-rutschfeste-babysocken-mit-rutschfester-sohle-fuer-kleinkinder-und-kleine-kinder\/"},"modified":"2023-04-09T04:12:28","modified_gmt":"2023-04-09T02:12:28","slug":"zaples-rutschfeste-babysocken-mit-rutschfester-sohle-fuer-kleinkinder-und-kleine-kinder","status":"publish","type":"product","link":"https:\/\/marktxxl.de\/markt\/produkt\/zaples-rutschfeste-babysocken-mit-rutschfester-sohle-fuer-kleinkinder-und-kleine-kinder\/","title":{"rendered":"Zaples Baby-Kn\u00f6chelsocken mit rutschfester Sohle f\u00fcr S\u00e4uglinge, Kleinkinder, Kinder, Jungen, M\u00e4dchen"},"content":{"rendered":"<p>Starke Griffe an der Unterseite decken den ganzen Fu\u00df von der Ferse bis zu den Zehen, diese Babysocken mit Griffen bieten eine gute Traktion, um zu verhindern, dass Ihr Baby auf Hartholzb\u00f6den oder anderen glatten Oberfl\u00e4chen rutscht.<br \/>\nStoff mit hohem Baumwollanteil bietet den ganzen Tag Komfort, Atmungsaktivit\u00e4t und Weichheit f\u00fcr Babyf\u00fc\u00dfe. Dehnbares Material bietet eine gute Passform, um mit Ihrem Kind zu wachsen. Die mittlere Dicke macht diese Baby-Socken f\u00fcr alle Jahreszeiten geeignet.<br \/>\nDie Zuglaschen hinter dem Kn\u00f6chel helfen der Mutter, die Socken sehr leicht an- und auszuziehen, die elastischen Rippb\u00fcndchen verhindern, dass die Socken herunterfallen, die rutschfesten Greifer an der Unterseite bieten guten Schutz bei der Verhinderung von Rutschen f\u00fcr Ihr Baby.<br \/>\nEin vollst\u00e4ndig bedecktes Design mit geschlossener Spitze sch\u00fctzt empfindliche Haut vor Schmutz und hilft, die gesamte Oberfl\u00e4che der F\u00fc\u00dfe frei von Keimen zu halten. Gute % Baumwolle bietet gute Schwei\u00df- und Geruchsresistenz f\u00fcr Ihre Kleinen.<br \/>\nPaket enth\u00e4lt 9 Paar Anti-Rutsch-Baby-Socken, die leicht zu mehreren Outfits passen. Sie sind in verschiedenen Gr\u00f6\u00dfen erh\u00e4ltlich, einschlie\u00dflich 6\u201312 Monate Kleinkinder, 12\u201336 Monate Kleinkinder, 4\u20137 Jahre kleine Kinder, um den wachsenden Bed\u00fcrfnissen Ihres Kindes gerecht zu werden.<br \/>\n<div class=\"main-cross-sell\" data-asin=\"B08MVFY92Q\">\n\n\t<div class=\"WooZone-cross-sell-loader\">\n\t\t<div>\n\t\t\t<div id=\"floatingBarsG\">\n\t\t\t\t<div class=\"blockG\" id=\"rotateG_01\"><\/div>\n\t\t\t\t<div class=\"blockG\" id=\"rotateG_02\"><\/div>\n\t\t\t\t<div class=\"blockG\" id=\"rotateG_03\"><\/div>\n\t\t\t\t<div class=\"blockG\" id=\"rotateG_04\"><\/div>\n\t\t\t\t<div class=\"blockG\" id=\"rotateG_05\"><\/div>\n\t\t\t\t<div class=\"blockG\" id=\"rotateG_06\"><\/div>\n\t\t\t\t<div class=\"blockG\" id=\"rotateG_07\"><\/div>\n\t\t\t\t<div class=\"blockG\" id=\"rotateG_08\"><\/div>\n\t\t\t<\/div>\n\t\t\t<div class=\"WooZone-cross-sell-loader-text\"><\/div>\n\t\t<\/div>\n\t<\/div>\n\n\t\t\n<\/div>\n<div style=\"clear:both;\"><\/div><\/p>\n","protected":false},"excerpt":{"rendered":"<p>Starke Griffe an der Unterseite decken den ganzen Fu\u00df von der Ferse bis zu den Zehen, diese Babysocken mit Griffen bieten eine gute Traktion, um zu verhindern, dass Ihr Baby auf Hartholzb\u00f6den oder anderen glatten Oberfl\u00e4chen rutscht.<br \/>\nStoff mit hohem Baumwollanteil bietet den ganzen Tag Komfort, Atmungsaktivit\u00e4t und Weichheit f\u00fcr Babyf\u00fc\u00dfe. Dehnbares Material bietet eine gute Passform, um mit Ihrem Kind zu wachsen. Die mittlere Dicke macht diese Baby-Socken f\u00fcr alle Jahreszeiten geeignet.<br \/>\nDie Zuglaschen hinter dem Kn\u00f6chel helfen der Mutter, die Socken sehr leicht an- und auszuziehen, die elastischen Rippb\u00fcndchen verhindern, dass die Socken herunterfallen, die rutschfesten Greifer an der Unterseite bieten guten Schutz bei der Verhinderung von Rutschen f\u00fcr Ihr Baby.<\/p>\n","protected":false},"featured_media":151735,"comment_status":"open","ping_status":"closed","template":"","meta":[],"product_brand":[],"product_cat":[4054,1186],"product_tag":[],"class_list":{"0":"post-151734","1":"product","2":"type-product","3":"status-publish","4":"has-post-thumbnail","6":"product_cat-baby-bekleidung","7":"product_cat-bekleidung","8":"pa_brand-zaples","9":"pa_manufacturer-zaples","11":"first","12":"instock","13":"shipping-taxable","14":"purchasable","15":"product-type-simple","16":"customify-col","17":"product-has-gallery"},"yoast_head":"<!-- This site is optimized with the Yoast SEO plugin v27.4 - https:\/\/yoast.com\/product\/yoast-seo-wordpress\/ -->\n<title>Zaples Baby-Kn\u00f6chelsocken mit rutschfester Sohle f\u00fcr S\u00e4uglinge, Kleinkinder, Kinder, Jungen, M\u00e4dchen - Markt-XXL<\/title>\n<meta name=\"description\" content=\"Markt-XXL Zaples Baby-Kn\u00f6chelsocken mit rutschfester Sohle f\u00fcr S\u00e4uglinge, Kleinkinder, Kinder, Jungen, M\u00e4dchen\" \/>\n<meta name=\"robots\" content=\"index, follow, max-snippet:-1, max-image-preview:large, max-video-preview:-1\" \/>\n<link rel=\"canonical\" href=\"https:\/\/marktxxl.de\/markt\/produkt\/zaples-rutschfeste-babysocken-mit-rutschfester-sohle-fuer-kleinkinder-und-kleine-kinder\/\" \/>\n<meta property=\"og:locale\" content=\"de_DE\" \/>\n<meta property=\"og:type\" content=\"article\" \/>\n<meta property=\"og:title\" content=\"Zaples Baby-Kn\u00f6chelsocken mit rutschfester Sohle f\u00fcr S\u00e4uglinge, Kleinkinder, Kinder, Jungen, M\u00e4dchen - Markt-XXL\" \/>\n<meta property=\"og:description\" content=\"Markt-XXL Zaples Baby-Kn\u00f6chelsocken mit rutschfester Sohle f\u00fcr S\u00e4uglinge, Kleinkinder, Kinder, Jungen, M\u00e4dchen\" \/>\n<meta property=\"og:url\" content=\"https:\/\/marktxxl.de\/markt\/produkt\/zaples-rutschfeste-babysocken-mit-rutschfester-sohle-fuer-kleinkinder-und-kleine-kinder\/\" \/>\n<meta property=\"og:site_name\" content=\"Markt-XXL\" \/>\n<meta property=\"article:modified_time\" content=\"2023-04-09T02:12:28+00:00\" \/>\n<meta property=\"og:image\" content=\"https:\/\/m.media-amazon.com\/images\/I\/51iGen8GtWL._SL500_.jpg\" \/>\n\t<meta property=\"og:image:width\" content=\"455\" \/>\n\t<meta property=\"og:image:height\" content=\"500\" \/>\n\t<meta property=\"og:image:type\" content=\"image\/jpeg\" \/>\n<meta name=\"twitter:card\" content=\"summary_large_image\" \/>\n<meta name=\"twitter:label1\" content=\"Gesch\u00e4tzte Lesezeit\" \/>\n\t<meta name=\"twitter:data1\" content=\"1\u00a0Minute\" \/>\n<script type=\"application\/ld+json\" class=\"yoast-schema-graph\">{\"@context\":\"https:\\\/\\\/schema.org\",\"@graph\":[{\"@type\":\"WebPage\",\"@id\":\"https:\\\/\\\/marktxxl.de\\\/markt\\\/produkt\\\/zaples-rutschfeste-babysocken-mit-rutschfester-sohle-fuer-kleinkinder-und-kleine-kinder\\\/\",\"url\":\"https:\\\/\\\/marktxxl.de\\\/markt\\\/produkt\\\/zaples-rutschfeste-babysocken-mit-rutschfester-sohle-fuer-kleinkinder-und-kleine-kinder\\\/\",\"name\":\"Zaples Baby-Kn\u00f6chelsocken mit rutschfester Sohle f\u00fcr S\u00e4uglinge, Kleinkinder, Kinder, Jungen, M\u00e4dchen - Markt-XXL\",\"isPartOf\":{\"@id\":\"https:\\\/\\\/marktxxl.de\\\/markt\\\/#website\"},\"primaryImageOfPage\":{\"@id\":\"https:\\\/\\\/marktxxl.de\\\/markt\\\/produkt\\\/zaples-rutschfeste-babysocken-mit-rutschfester-sohle-fuer-kleinkinder-und-kleine-kinder\\\/#primaryimage\"},\"image\":{\"@id\":\"https:\\\/\\\/marktxxl.de\\\/markt\\\/produkt\\\/zaples-rutschfeste-babysocken-mit-rutschfester-sohle-fuer-kleinkinder-und-kleine-kinder\\\/#primaryimage\"},\"thumbnailUrl\":\"https:\\\/\\\/m.media-amazon.com\\\/images\\\/I\\\/51iGen8GtWL._SL500_.jpg\",\"datePublished\":\"2022-09-12T04:40:08+00:00\",\"dateModified\":\"2023-04-09T02:12:28+00:00\",\"description\":\"Markt-XXL Zaples Baby-Kn\u00f6chelsocken mit rutschfester Sohle f\u00fcr S\u00e4uglinge, Kleinkinder, Kinder, Jungen, M\u00e4dchen\",\"breadcrumb\":{\"@id\":\"https:\\\/\\\/marktxxl.de\\\/markt\\\/produkt\\\/zaples-rutschfeste-babysocken-mit-rutschfester-sohle-fuer-kleinkinder-und-kleine-kinder\\\/#breadcrumb\"},\"inLanguage\":\"de\",\"potentialAction\":[{\"@type\":\"ReadAction\",\"target\":[\"https:\\\/\\\/marktxxl.de\\\/markt\\\/produkt\\\/zaples-rutschfeste-babysocken-mit-rutschfester-sohle-fuer-kleinkinder-und-kleine-kinder\\\/\"]}]},{\"@type\":\"ImageObject\",\"inLanguage\":\"de\",\"@id\":\"https:\\\/\\\/marktxxl.de\\\/markt\\\/produkt\\\/zaples-rutschfeste-babysocken-mit-rutschfester-sohle-fuer-kleinkinder-und-kleine-kinder\\\/#primaryimage\",\"url\":\"https:\\\/\\\/m.media-amazon.com\\\/images\\\/I\\\/51iGen8GtWL._SL500_.jpg\",\"contentUrl\":\"https:\\\/\\\/m.media-amazon.com\\\/images\\\/I\\\/51iGen8GtWL._SL500_.jpg\",\"width\":455,\"height\":500},{\"@type\":\"BreadcrumbList\",\"@id\":\"https:\\\/\\\/marktxxl.de\\\/markt\\\/produkt\\\/zaples-rutschfeste-babysocken-mit-rutschfester-sohle-fuer-kleinkinder-und-kleine-kinder\\\/#breadcrumb\",\"itemListElement\":[{\"@type\":\"ListItem\",\"position\":1,\"name\":\"Startseite\",\"item\":\"https:\\\/\\\/marktxxl.de\\\/markt\\\/\"},{\"@type\":\"ListItem\",\"position\":2,\"name\":\"Markt\",\"item\":\"https:\\\/\\\/marktxxl.de\\\/markt\\\/\"},{\"@type\":\"ListItem\",\"position\":3,\"name\":\"Zaples Baby-Kn\u00f6chelsocken mit rutschfester Sohle f\u00fcr S\u00e4uglinge, Kleinkinder, Kinder, Jungen, M\u00e4dchen\"}]},{\"@type\":\"WebSite\",\"@id\":\"https:\\\/\\\/marktxxl.de\\\/markt\\\/#website\",\"url\":\"https:\\\/\\\/marktxxl.de\\\/markt\\\/\",\"name\":\"Markt-XXL\",\"description\":\"Ihr Markt Online\",\"publisher\":{\"@id\":\"https:\\\/\\\/marktxxl.de\\\/markt\\\/#organization\"},\"potentialAction\":[{\"@type\":\"SearchAction\",\"target\":{\"@type\":\"EntryPoint\",\"urlTemplate\":\"https:\\\/\\\/marktxxl.de\\\/markt\\\/?s={search_term_string}\"},\"query-input\":{\"@type\":\"PropertyValueSpecification\",\"valueRequired\":true,\"valueName\":\"search_term_string\"}}],\"inLanguage\":\"de\"},{\"@type\":\"Organization\",\"@id\":\"https:\\\/\\\/marktxxl.de\\\/markt\\\/#organization\",\"name\":\"Markt-XXL\",\"url\":\"https:\\\/\\\/marktxxl.de\\\/markt\\\/\",\"logo\":{\"@type\":\"ImageObject\",\"inLanguage\":\"de\",\"@id\":\"https:\\\/\\\/marktxxl.de\\\/markt\\\/#\\\/schema\\\/logo\\\/image\\\/\",\"url\":\"https:\\\/\\\/marktxxl.de\\\/markt\\\/wp-content\\\/uploads\\\/sites\\\/3\\\/2020\\\/12\\\/logo.png\",\"contentUrl\":\"https:\\\/\\\/marktxxl.de\\\/markt\\\/wp-content\\\/uploads\\\/sites\\\/3\\\/2020\\\/12\\\/logo.png\",\"width\":200,\"height\":70,\"caption\":\"Markt-XXL\"},\"image\":{\"@id\":\"https:\\\/\\\/marktxxl.de\\\/markt\\\/#\\\/schema\\\/logo\\\/image\\\/\"}}]}<\/script>\n<!-- \/ Yoast SEO plugin. -->","yoast_head_json":{"title":"Zaples Baby-Kn\u00f6chelsocken mit rutschfester Sohle f\u00fcr S\u00e4uglinge, Kleinkinder, Kinder, Jungen, M\u00e4dchen - Markt-XXL","description":"Markt-XXL Zaples Baby-Kn\u00f6chelsocken mit rutschfester Sohle f\u00fcr S\u00e4uglinge, Kleinkinder, Kinder, Jungen, M\u00e4dchen","robots":{"index":"index","follow":"follow","max-snippet":"max-snippet:-1","max-image-preview":"max-image-preview:large","max-video-preview":"max-video-preview:-1"},"canonical":"https:\/\/marktxxl.de\/markt\/produkt\/zaples-rutschfeste-babysocken-mit-rutschfester-sohle-fuer-kleinkinder-und-kleine-kinder\/","og_locale":"de_DE","og_type":"article","og_title":"Zaples Baby-Kn\u00f6chelsocken mit rutschfester Sohle f\u00fcr S\u00e4uglinge, Kleinkinder, Kinder, Jungen, M\u00e4dchen - Markt-XXL","og_description":"Markt-XXL Zaples Baby-Kn\u00f6chelsocken mit rutschfester Sohle f\u00fcr S\u00e4uglinge, Kleinkinder, Kinder, Jungen, M\u00e4dchen","og_url":"https:\/\/marktxxl.de\/markt\/produkt\/zaples-rutschfeste-babysocken-mit-rutschfester-sohle-fuer-kleinkinder-und-kleine-kinder\/","og_site_name":"Markt-XXL","article_modified_time":"2023-04-09T02:12:28+00:00","og_image":[{"width":455,"height":500,"url":"https:\/\/m.media-amazon.com\/images\/I\/51iGen8GtWL._SL500_.jpg","type":"image\/jpeg"}],"twitter_card":"summary_large_image","twitter_misc":{"Gesch\u00e4tzte Lesezeit":"1\u00a0Minute"},"schema":{"@context":"https:\/\/schema.org","@graph":[{"@type":"WebPage","@id":"https:\/\/marktxxl.de\/markt\/produkt\/zaples-rutschfeste-babysocken-mit-rutschfester-sohle-fuer-kleinkinder-und-kleine-kinder\/","url":"https:\/\/marktxxl.de\/markt\/produkt\/zaples-rutschfeste-babysocken-mit-rutschfester-sohle-fuer-kleinkinder-und-kleine-kinder\/","name":"Zaples Baby-Kn\u00f6chelsocken mit rutschfester Sohle f\u00fcr S\u00e4uglinge, Kleinkinder, Kinder, Jungen, M\u00e4dchen - Markt-XXL","isPartOf":{"@id":"https:\/\/marktxxl.de\/markt\/#website"},"primaryImageOfPage":{"@id":"https:\/\/marktxxl.de\/markt\/produkt\/zaples-rutschfeste-babysocken-mit-rutschfester-sohle-fuer-kleinkinder-und-kleine-kinder\/#primaryimage"},"image":{"@id":"https:\/\/marktxxl.de\/markt\/produkt\/zaples-rutschfeste-babysocken-mit-rutschfester-sohle-fuer-kleinkinder-und-kleine-kinder\/#primaryimage"},"thumbnailUrl":"https:\/\/m.media-amazon.com\/images\/I\/51iGen8GtWL._SL500_.jpg","datePublished":"2022-09-12T04:40:08+00:00","dateModified":"2023-04-09T02:12:28+00:00","description":"Markt-XXL Zaples Baby-Kn\u00f6chelsocken mit rutschfester Sohle f\u00fcr S\u00e4uglinge, Kleinkinder, Kinder, Jungen, M\u00e4dchen","breadcrumb":{"@id":"https:\/\/marktxxl.de\/markt\/produkt\/zaples-rutschfeste-babysocken-mit-rutschfester-sohle-fuer-kleinkinder-und-kleine-kinder\/#breadcrumb"},"inLanguage":"de","potentialAction":[{"@type":"ReadAction","target":["https:\/\/marktxxl.de\/markt\/produkt\/zaples-rutschfeste-babysocken-mit-rutschfester-sohle-fuer-kleinkinder-und-kleine-kinder\/"]}]},{"@type":"ImageObject","inLanguage":"de","@id":"https:\/\/marktxxl.de\/markt\/produkt\/zaples-rutschfeste-babysocken-mit-rutschfester-sohle-fuer-kleinkinder-und-kleine-kinder\/#primaryimage","url":"https:\/\/m.media-amazon.com\/images\/I\/51iGen8GtWL._SL500_.jpg","contentUrl":"https:\/\/m.media-amazon.com\/images\/I\/51iGen8GtWL._SL500_.jpg","width":455,"height":500},{"@type":"BreadcrumbList","@id":"https:\/\/marktxxl.de\/markt\/produkt\/zaples-rutschfeste-babysocken-mit-rutschfester-sohle-fuer-kleinkinder-und-kleine-kinder\/#breadcrumb","itemListElement":[{"@type":"ListItem","position":1,"name":"Startseite","item":"https:\/\/marktxxl.de\/markt\/"},{"@type":"ListItem","position":2,"name":"Markt","item":"https:\/\/marktxxl.de\/markt\/"},{"@type":"ListItem","position":3,"name":"Zaples Baby-Kn\u00f6chelsocken mit rutschfester Sohle f\u00fcr S\u00e4uglinge, Kleinkinder, Kinder, Jungen, M\u00e4dchen"}]},{"@type":"WebSite","@id":"https:\/\/marktxxl.de\/markt\/#website","url":"https:\/\/marktxxl.de\/markt\/","name":"Markt-XXL","description":"Ihr Markt Online","publisher":{"@id":"https:\/\/marktxxl.de\/markt\/#organization"},"potentialAction":[{"@type":"SearchAction","target":{"@type":"EntryPoint","urlTemplate":"https:\/\/marktxxl.de\/markt\/?s={search_term_string}"},"query-input":{"@type":"PropertyValueSpecification","valueRequired":true,"valueName":"search_term_string"}}],"inLanguage":"de"},{"@type":"Organization","@id":"https:\/\/marktxxl.de\/markt\/#organization","name":"Markt-XXL","url":"https:\/\/marktxxl.de\/markt\/","logo":{"@type":"ImageObject","inLanguage":"de","@id":"https:\/\/marktxxl.de\/markt\/#\/schema\/logo\/image\/","url":"https:\/\/marktxxl.de\/markt\/wp-content\/uploads\/sites\/3\/2020\/12\/logo.png","contentUrl":"https:\/\/marktxxl.de\/markt\/wp-content\/uploads\/sites\/3\/2020\/12\/logo.png","width":200,"height":70,"caption":"Markt-XXL"},"image":{"@id":"https:\/\/marktxxl.de\/markt\/#\/schema\/logo\/image\/"}}]}},"_links":{"self":[{"href":"https:\/\/marktxxl.de\/markt\/wp-json\/wp\/v2\/product\/151734","targetHints":{"allow":["GET"]}}],"collection":[{"href":"https:\/\/marktxxl.de\/markt\/wp-json\/wp\/v2\/product"}],"about":[{"href":"https:\/\/marktxxl.de\/markt\/wp-json\/wp\/v2\/types\/product"}],"replies":[{"embeddable":true,"href":"https:\/\/marktxxl.de\/markt\/wp-json\/wp\/v2\/comments?post=151734"}],"wp:featuredmedia":[{"embeddable":true,"href":"https:\/\/marktxxl.de\/markt\/wp-json\/wp\/v2\/media\/151735"}],"wp:attachment":[{"href":"https:\/\/marktxxl.de\/markt\/wp-json\/wp\/v2\/media?parent=151734"}],"wp:term":[{"taxonomy":"product_brand","embeddable":true,"href":"https:\/\/marktxxl.de\/markt\/wp-json\/wp\/v2\/product_brand?post=151734"},{"taxonomy":"product_cat","embeddable":true,"href":"https:\/\/marktxxl.de\/markt\/wp-json\/wp\/v2\/product_cat?post=151734"},{"taxonomy":"product_tag","embeddable":true,"href":"https:\/\/marktxxl.de\/markt\/wp-json\/wp\/v2\/product_tag?post=151734"}],"curies":[{"name":"wp","href":"https:\/\/api.w.org\/{rel}","templated":true}]}}