{"id":151633,"date":"2022-09-12T06:13:40","date_gmt":"2022-09-12T04:13:40","guid":{"rendered":"https:\/\/marktxxl.de\/markt\/produkt\/manchester-city-f-c-jungen-schlafanzug-alter-3-bis-15-jahre-offizielles-fussball-merchandising-produkt\/"},"modified":"2023-04-09T04:12:24","modified_gmt":"2023-04-09T02:12:24","slug":"manchester-city-f-c-jungen-schlafanzug-alter-3-bis-15-jahre-offizielles-fussball-merchandising-produkt","status":"publish","type":"product","link":"https:\/\/marktxxl.de\/markt\/produkt\/manchester-city-f-c-jungen-schlafanzug-alter-3-bis-15-jahre-offizielles-fussball-merchandising-produkt\/","title":{"rendered":"Manchester City F.C. Jungen-Schlafanzug, Man-City-PJ-Set, Alter 3 bis 15 Jahre, offizielles Fu\u00dfball-Merchandise"},"content":{"rendered":"<p>Manchester City FC Jungen Schlafanzug \u2013 Diese offiziellen Manchester City Schlafanzug f\u00fcr Jungen bestehen aus einem lang\u00e4rmeligen Oberteil und einer Hose mit elastischem Bund. Mit dem Man City Logo auf der Ober- und Unterseite sind sie sicher ein Hit bei jedem Man City Fan.<br \/>\nWeiche Baumwolle \u2013 Dieser Manchester City Schlafanzug f\u00fcr Jungen ist aus 100% Baumwolle ohne den vorderen Sublimationsdruck. Die perfekte Loungewear f\u00fcr Jungen beim Sitzen zu Hause beim Fernsehen von Manchester City FC.<br \/>\nVerschiedene Gr\u00f6\u00dfen \u2013 Unsere Jungen-Kleidung \u201eMan City\u201c ist in einer Vielzahl von Gr\u00f6\u00dfen erh\u00e4ltlich, von 3\u20134 Jahre, 4\u20135 Jahre, 5\u20136 Jahre, 7\u20138 Jahre, 9\u201310 Jahre, 11\u201312 Jahre, 13\u201314 Jahre und 14\u201315 Jahre. Unsere Gr\u00f6\u00dfenangaben entsprechen allen wichtigen Einzelh\u00e4ndlern und entsprechen daher den tats\u00e4chlichen Gr\u00f6\u00dfen.<br \/>\nOFFIZIELLE MERCHANDISE &#8211; Unsere Pyjamas f\u00fcr Jungen und Jugendliche sind offiziell lizenzierte Ware mit Authentizit\u00e4tsanh\u00e4ngern. Super weich und gem\u00fctlich und ein tolles Preis-Leistungs-Verh\u00e4ltnis f\u00fcr jeden Manchester City Fan.<br \/>\nIdeale Geschenkidee \u2013 diese \u201eMan City\u201c-Pjs f\u00fcr Kinder sind das ideale Geburtstags- oder Weihnachtsgeschenk. Warum nicht zu Ihrer Man-City-FC-Merchandise-Kollektion hinzuf\u00fcgen?<br \/>\n<div class=\"main-cross-sell\" data-asin=\"B09GYHVY6S\">\n\n\t<div class=\"WooZone-cross-sell-loader\">\n\t\t<div>\n\t\t\t<div id=\"floatingBarsG\">\n\t\t\t\t<div class=\"blockG\" id=\"rotateG_01\"><\/div>\n\t\t\t\t<div class=\"blockG\" id=\"rotateG_02\"><\/div>\n\t\t\t\t<div class=\"blockG\" id=\"rotateG_03\"><\/div>\n\t\t\t\t<div class=\"blockG\" id=\"rotateG_04\"><\/div>\n\t\t\t\t<div class=\"blockG\" id=\"rotateG_05\"><\/div>\n\t\t\t\t<div class=\"blockG\" id=\"rotateG_06\"><\/div>\n\t\t\t\t<div class=\"blockG\" id=\"rotateG_07\"><\/div>\n\t\t\t\t<div class=\"blockG\" id=\"rotateG_08\"><\/div>\n\t\t\t<\/div>\n\t\t\t<div class=\"WooZone-cross-sell-loader-text\"><\/div>\n\t\t<\/div>\n\t<\/div>\n\n\t\t\n<\/div>\n<div style=\"clear:both;\"><\/div><\/p>\n","protected":false},"excerpt":{"rendered":"<p>Manchester City FC Jungen Schlafanzug \u2013 Diese offiziellen Manchester City Schlafanzug f\u00fcr Jungen bestehen aus einem lang\u00e4rmeligen Oberteil und einer Hose mit elastischem Bund. Mit dem Man City Logo auf der Ober- und Unterseite sind sie sicher ein Hit bei jedem Man City Fan.<br \/>\nWeiche Baumwolle \u2013 Dieser Manchester City Schlafanzug f\u00fcr Jungen ist aus 100% Baumwolle ohne den vorderen Sublimationsdruck. Die perfekte Loungewear f\u00fcr Jungen beim Sitzen zu Hause beim Fernsehen von Manchester City FC.<br \/>\nVerschiedene Gr\u00f6\u00dfen \u2013 Unsere Jungen-Kleidung \u201eMan City\u201c ist in einer Vielzahl von Gr\u00f6\u00dfen erh\u00e4ltlich, von 3\u20134 Jahre, 4\u20135 Jahre, 5\u20136 Jahre, 7\u20138 Jahre, 9\u201310 Jahre, 11\u201312 Jahre, 13\u201314 Jahre und 14\u201315 Jahre. Unsere Gr\u00f6\u00dfenangaben entsprechen allen wichtigen Einzelh\u00e4ndlern und entsprechen daher den tats\u00e4chlichen Gr\u00f6\u00dfen.<\/p>\n","protected":false},"featured_media":151634,"comment_status":"open","ping_status":"closed","template":"","meta":[],"product_brand":[],"product_cat":[1186,4034],"product_tag":[],"class_list":{"0":"post-151633","1":"product","2":"type-product","3":"status-publish","4":"has-post-thumbnail","6":"product_cat-bekleidung","7":"product_cat-jungen","8":"pa_brand-manchester-city-fc","9":"pa_color-blau","11":"first","12":"instock","13":"shipping-taxable","14":"purchasable","15":"product-type-simple","16":"customify-col","17":"product-has-gallery"},"yoast_head":"<!-- This site is optimized with the Yoast SEO plugin v27.4 - https:\/\/yoast.com\/product\/yoast-seo-wordpress\/ -->\n<title>Manchester City F.C. Jungen-Schlafanzug, Man-City-PJ-Set, Alter 3 bis 15 Jahre, offizielles Fu\u00dfball-Merchandise - Markt-XXL<\/title>\n<meta name=\"description\" content=\"Markt-XXL Manchester City F.C. Jungen-Schlafanzug, Man-City-PJ-Set, Alter 3 bis 15 Jahre, offizielles Fu\u00dfball-Merchandise\" \/>\n<meta name=\"robots\" content=\"index, follow, max-snippet:-1, max-image-preview:large, max-video-preview:-1\" \/>\n<link rel=\"canonical\" href=\"https:\/\/marktxxl.de\/markt\/produkt\/manchester-city-f-c-jungen-schlafanzug-alter-3-bis-15-jahre-offizielles-fussball-merchandising-produkt\/\" \/>\n<meta property=\"og:locale\" content=\"de_DE\" \/>\n<meta property=\"og:type\" content=\"article\" \/>\n<meta property=\"og:title\" content=\"Manchester City F.C. Jungen-Schlafanzug, Man-City-PJ-Set, Alter 3 bis 15 Jahre, offizielles Fu\u00dfball-Merchandise - Markt-XXL\" \/>\n<meta property=\"og:description\" content=\"Markt-XXL Manchester City F.C. Jungen-Schlafanzug, Man-City-PJ-Set, Alter 3 bis 15 Jahre, offizielles Fu\u00dfball-Merchandise\" \/>\n<meta property=\"og:url\" content=\"https:\/\/marktxxl.de\/markt\/produkt\/manchester-city-f-c-jungen-schlafanzug-alter-3-bis-15-jahre-offizielles-fussball-merchandising-produkt\/\" \/>\n<meta property=\"og:site_name\" content=\"Markt-XXL\" \/>\n<meta property=\"article:modified_time\" content=\"2023-04-09T02:12:24+00:00\" \/>\n<meta property=\"og:image\" content=\"https:\/\/m.media-amazon.com\/images\/I\/31U2maNxpsL._SL500_.jpg\" \/>\n\t<meta property=\"og:image:width\" content=\"500\" \/>\n\t<meta property=\"og:image:height\" content=\"500\" \/>\n\t<meta property=\"og:image:type\" content=\"image\/jpeg\" \/>\n<meta name=\"twitter:card\" content=\"summary_large_image\" \/>\n<meta name=\"twitter:label1\" content=\"Gesch\u00e4tzte Lesezeit\" \/>\n\t<meta name=\"twitter:data1\" content=\"1\u00a0Minute\" \/>\n<script type=\"application\/ld+json\" class=\"yoast-schema-graph\">{\"@context\":\"https:\\\/\\\/schema.org\",\"@graph\":[{\"@type\":\"WebPage\",\"@id\":\"https:\\\/\\\/marktxxl.de\\\/markt\\\/produkt\\\/manchester-city-f-c-jungen-schlafanzug-alter-3-bis-15-jahre-offizielles-fussball-merchandising-produkt\\\/\",\"url\":\"https:\\\/\\\/marktxxl.de\\\/markt\\\/produkt\\\/manchester-city-f-c-jungen-schlafanzug-alter-3-bis-15-jahre-offizielles-fussball-merchandising-produkt\\\/\",\"name\":\"Manchester City F.C. Jungen-Schlafanzug, Man-City-PJ-Set, Alter 3 bis 15 Jahre, offizielles Fu\u00dfball-Merchandise - Markt-XXL\",\"isPartOf\":{\"@id\":\"https:\\\/\\\/marktxxl.de\\\/markt\\\/#website\"},\"primaryImageOfPage\":{\"@id\":\"https:\\\/\\\/marktxxl.de\\\/markt\\\/produkt\\\/manchester-city-f-c-jungen-schlafanzug-alter-3-bis-15-jahre-offizielles-fussball-merchandising-produkt\\\/#primaryimage\"},\"image\":{\"@id\":\"https:\\\/\\\/marktxxl.de\\\/markt\\\/produkt\\\/manchester-city-f-c-jungen-schlafanzug-alter-3-bis-15-jahre-offizielles-fussball-merchandising-produkt\\\/#primaryimage\"},\"thumbnailUrl\":\"https:\\\/\\\/m.media-amazon.com\\\/images\\\/I\\\/31U2maNxpsL._SL500_.jpg\",\"datePublished\":\"2022-09-12T04:13:40+00:00\",\"dateModified\":\"2023-04-09T02:12:24+00:00\",\"description\":\"Markt-XXL Manchester City F.C. Jungen-Schlafanzug, Man-City-PJ-Set, Alter 3 bis 15 Jahre, offizielles Fu\u00dfball-Merchandise\",\"breadcrumb\":{\"@id\":\"https:\\\/\\\/marktxxl.de\\\/markt\\\/produkt\\\/manchester-city-f-c-jungen-schlafanzug-alter-3-bis-15-jahre-offizielles-fussball-merchandising-produkt\\\/#breadcrumb\"},\"inLanguage\":\"de\",\"potentialAction\":[{\"@type\":\"ReadAction\",\"target\":[\"https:\\\/\\\/marktxxl.de\\\/markt\\\/produkt\\\/manchester-city-f-c-jungen-schlafanzug-alter-3-bis-15-jahre-offizielles-fussball-merchandising-produkt\\\/\"]}]},{\"@type\":\"ImageObject\",\"inLanguage\":\"de\",\"@id\":\"https:\\\/\\\/marktxxl.de\\\/markt\\\/produkt\\\/manchester-city-f-c-jungen-schlafanzug-alter-3-bis-15-jahre-offizielles-fussball-merchandising-produkt\\\/#primaryimage\",\"url\":\"https:\\\/\\\/m.media-amazon.com\\\/images\\\/I\\\/31U2maNxpsL._SL500_.jpg\",\"contentUrl\":\"https:\\\/\\\/m.media-amazon.com\\\/images\\\/I\\\/31U2maNxpsL._SL500_.jpg\",\"width\":500,\"height\":500},{\"@type\":\"BreadcrumbList\",\"@id\":\"https:\\\/\\\/marktxxl.de\\\/markt\\\/produkt\\\/manchester-city-f-c-jungen-schlafanzug-alter-3-bis-15-jahre-offizielles-fussball-merchandising-produkt\\\/#breadcrumb\",\"itemListElement\":[{\"@type\":\"ListItem\",\"position\":1,\"name\":\"Startseite\",\"item\":\"https:\\\/\\\/marktxxl.de\\\/markt\\\/\"},{\"@type\":\"ListItem\",\"position\":2,\"name\":\"Markt\",\"item\":\"https:\\\/\\\/marktxxl.de\\\/markt\\\/\"},{\"@type\":\"ListItem\",\"position\":3,\"name\":\"Manchester City F.C. Jungen-Schlafanzug, Man-City-PJ-Set, Alter 3 bis 15 Jahre, offizielles Fu\u00dfball-Merchandise\"}]},{\"@type\":\"WebSite\",\"@id\":\"https:\\\/\\\/marktxxl.de\\\/markt\\\/#website\",\"url\":\"https:\\\/\\\/marktxxl.de\\\/markt\\\/\",\"name\":\"Markt-XXL\",\"description\":\"Ihr Markt Online\",\"publisher\":{\"@id\":\"https:\\\/\\\/marktxxl.de\\\/markt\\\/#organization\"},\"potentialAction\":[{\"@type\":\"SearchAction\",\"target\":{\"@type\":\"EntryPoint\",\"urlTemplate\":\"https:\\\/\\\/marktxxl.de\\\/markt\\\/?s={search_term_string}\"},\"query-input\":{\"@type\":\"PropertyValueSpecification\",\"valueRequired\":true,\"valueName\":\"search_term_string\"}}],\"inLanguage\":\"de\"},{\"@type\":\"Organization\",\"@id\":\"https:\\\/\\\/marktxxl.de\\\/markt\\\/#organization\",\"name\":\"Markt-XXL\",\"url\":\"https:\\\/\\\/marktxxl.de\\\/markt\\\/\",\"logo\":{\"@type\":\"ImageObject\",\"inLanguage\":\"de\",\"@id\":\"https:\\\/\\\/marktxxl.de\\\/markt\\\/#\\\/schema\\\/logo\\\/image\\\/\",\"url\":\"https:\\\/\\\/marktxxl.de\\\/markt\\\/wp-content\\\/uploads\\\/sites\\\/3\\\/2020\\\/12\\\/logo.png\",\"contentUrl\":\"https:\\\/\\\/marktxxl.de\\\/markt\\\/wp-content\\\/uploads\\\/sites\\\/3\\\/2020\\\/12\\\/logo.png\",\"width\":200,\"height\":70,\"caption\":\"Markt-XXL\"},\"image\":{\"@id\":\"https:\\\/\\\/marktxxl.de\\\/markt\\\/#\\\/schema\\\/logo\\\/image\\\/\"}}]}<\/script>\n<!-- \/ Yoast SEO plugin. -->","yoast_head_json":{"title":"Manchester City F.C. Jungen-Schlafanzug, Man-City-PJ-Set, Alter 3 bis 15 Jahre, offizielles Fu\u00dfball-Merchandise - Markt-XXL","description":"Markt-XXL Manchester City F.C. Jungen-Schlafanzug, Man-City-PJ-Set, Alter 3 bis 15 Jahre, offizielles Fu\u00dfball-Merchandise","robots":{"index":"index","follow":"follow","max-snippet":"max-snippet:-1","max-image-preview":"max-image-preview:large","max-video-preview":"max-video-preview:-1"},"canonical":"https:\/\/marktxxl.de\/markt\/produkt\/manchester-city-f-c-jungen-schlafanzug-alter-3-bis-15-jahre-offizielles-fussball-merchandising-produkt\/","og_locale":"de_DE","og_type":"article","og_title":"Manchester City F.C. Jungen-Schlafanzug, Man-City-PJ-Set, Alter 3 bis 15 Jahre, offizielles Fu\u00dfball-Merchandise - Markt-XXL","og_description":"Markt-XXL Manchester City F.C. Jungen-Schlafanzug, Man-City-PJ-Set, Alter 3 bis 15 Jahre, offizielles Fu\u00dfball-Merchandise","og_url":"https:\/\/marktxxl.de\/markt\/produkt\/manchester-city-f-c-jungen-schlafanzug-alter-3-bis-15-jahre-offizielles-fussball-merchandising-produkt\/","og_site_name":"Markt-XXL","article_modified_time":"2023-04-09T02:12:24+00:00","og_image":[{"width":500,"height":500,"url":"https:\/\/m.media-amazon.com\/images\/I\/31U2maNxpsL._SL500_.jpg","type":"image\/jpeg"}],"twitter_card":"summary_large_image","twitter_misc":{"Gesch\u00e4tzte Lesezeit":"1\u00a0Minute"},"schema":{"@context":"https:\/\/schema.org","@graph":[{"@type":"WebPage","@id":"https:\/\/marktxxl.de\/markt\/produkt\/manchester-city-f-c-jungen-schlafanzug-alter-3-bis-15-jahre-offizielles-fussball-merchandising-produkt\/","url":"https:\/\/marktxxl.de\/markt\/produkt\/manchester-city-f-c-jungen-schlafanzug-alter-3-bis-15-jahre-offizielles-fussball-merchandising-produkt\/","name":"Manchester City F.C. Jungen-Schlafanzug, Man-City-PJ-Set, Alter 3 bis 15 Jahre, offizielles Fu\u00dfball-Merchandise - Markt-XXL","isPartOf":{"@id":"https:\/\/marktxxl.de\/markt\/#website"},"primaryImageOfPage":{"@id":"https:\/\/marktxxl.de\/markt\/produkt\/manchester-city-f-c-jungen-schlafanzug-alter-3-bis-15-jahre-offizielles-fussball-merchandising-produkt\/#primaryimage"},"image":{"@id":"https:\/\/marktxxl.de\/markt\/produkt\/manchester-city-f-c-jungen-schlafanzug-alter-3-bis-15-jahre-offizielles-fussball-merchandising-produkt\/#primaryimage"},"thumbnailUrl":"https:\/\/m.media-amazon.com\/images\/I\/31U2maNxpsL._SL500_.jpg","datePublished":"2022-09-12T04:13:40+00:00","dateModified":"2023-04-09T02:12:24+00:00","description":"Markt-XXL Manchester City F.C. Jungen-Schlafanzug, Man-City-PJ-Set, Alter 3 bis 15 Jahre, offizielles Fu\u00dfball-Merchandise","breadcrumb":{"@id":"https:\/\/marktxxl.de\/markt\/produkt\/manchester-city-f-c-jungen-schlafanzug-alter-3-bis-15-jahre-offizielles-fussball-merchandising-produkt\/#breadcrumb"},"inLanguage":"de","potentialAction":[{"@type":"ReadAction","target":["https:\/\/marktxxl.de\/markt\/produkt\/manchester-city-f-c-jungen-schlafanzug-alter-3-bis-15-jahre-offizielles-fussball-merchandising-produkt\/"]}]},{"@type":"ImageObject","inLanguage":"de","@id":"https:\/\/marktxxl.de\/markt\/produkt\/manchester-city-f-c-jungen-schlafanzug-alter-3-bis-15-jahre-offizielles-fussball-merchandising-produkt\/#primaryimage","url":"https:\/\/m.media-amazon.com\/images\/I\/31U2maNxpsL._SL500_.jpg","contentUrl":"https:\/\/m.media-amazon.com\/images\/I\/31U2maNxpsL._SL500_.jpg","width":500,"height":500},{"@type":"BreadcrumbList","@id":"https:\/\/marktxxl.de\/markt\/produkt\/manchester-city-f-c-jungen-schlafanzug-alter-3-bis-15-jahre-offizielles-fussball-merchandising-produkt\/#breadcrumb","itemListElement":[{"@type":"ListItem","position":1,"name":"Startseite","item":"https:\/\/marktxxl.de\/markt\/"},{"@type":"ListItem","position":2,"name":"Markt","item":"https:\/\/marktxxl.de\/markt\/"},{"@type":"ListItem","position":3,"name":"Manchester City F.C. Jungen-Schlafanzug, Man-City-PJ-Set, Alter 3 bis 15 Jahre, offizielles Fu\u00dfball-Merchandise"}]},{"@type":"WebSite","@id":"https:\/\/marktxxl.de\/markt\/#website","url":"https:\/\/marktxxl.de\/markt\/","name":"Markt-XXL","description":"Ihr Markt Online","publisher":{"@id":"https:\/\/marktxxl.de\/markt\/#organization"},"potentialAction":[{"@type":"SearchAction","target":{"@type":"EntryPoint","urlTemplate":"https:\/\/marktxxl.de\/markt\/?s={search_term_string}"},"query-input":{"@type":"PropertyValueSpecification","valueRequired":true,"valueName":"search_term_string"}}],"inLanguage":"de"},{"@type":"Organization","@id":"https:\/\/marktxxl.de\/markt\/#organization","name":"Markt-XXL","url":"https:\/\/marktxxl.de\/markt\/","logo":{"@type":"ImageObject","inLanguage":"de","@id":"https:\/\/marktxxl.de\/markt\/#\/schema\/logo\/image\/","url":"https:\/\/marktxxl.de\/markt\/wp-content\/uploads\/sites\/3\/2020\/12\/logo.png","contentUrl":"https:\/\/marktxxl.de\/markt\/wp-content\/uploads\/sites\/3\/2020\/12\/logo.png","width":200,"height":70,"caption":"Markt-XXL"},"image":{"@id":"https:\/\/marktxxl.de\/markt\/#\/schema\/logo\/image\/"}}]}},"_links":{"self":[{"href":"https:\/\/marktxxl.de\/markt\/wp-json\/wp\/v2\/product\/151633","targetHints":{"allow":["GET"]}}],"collection":[{"href":"https:\/\/marktxxl.de\/markt\/wp-json\/wp\/v2\/product"}],"about":[{"href":"https:\/\/marktxxl.de\/markt\/wp-json\/wp\/v2\/types\/product"}],"replies":[{"embeddable":true,"href":"https:\/\/marktxxl.de\/markt\/wp-json\/wp\/v2\/comments?post=151633"}],"wp:featuredmedia":[{"embeddable":true,"href":"https:\/\/marktxxl.de\/markt\/wp-json\/wp\/v2\/media\/151634"}],"wp:attachment":[{"href":"https:\/\/marktxxl.de\/markt\/wp-json\/wp\/v2\/media?parent=151633"}],"wp:term":[{"taxonomy":"product_brand","embeddable":true,"href":"https:\/\/marktxxl.de\/markt\/wp-json\/wp\/v2\/product_brand?post=151633"},{"taxonomy":"product_cat","embeddable":true,"href":"https:\/\/marktxxl.de\/markt\/wp-json\/wp\/v2\/product_cat?post=151633"},{"taxonomy":"product_tag","embeddable":true,"href":"https:\/\/marktxxl.de\/markt\/wp-json\/wp\/v2\/product_tag?post=151633"}],"curies":[{"name":"wp","href":"https:\/\/api.w.org\/{rel}","templated":true}]}}