{"id":151468,"date":"2022-09-12T06:05:22","date_gmt":"2022-09-12T04:05:22","guid":{"rendered":"https:\/\/marktxxl.de\/markt\/produkt\/navanino-led-uv-lampe-fuer-naegel-48w-nageltrockner-uv-lampe-nail-lamp-geeignet-fuer-alle-gel-30-60-99s-timer-infrarot-sensor-lcd-display\/"},"modified":"2023-04-09T04:12:21","modified_gmt":"2023-04-09T02:12:21","slug":"navanino-led-uv-lampe-fuer-naegel-48w-nageltrockner-uv-lampe-nail-lamp-geeignet-fuer-alle-gel-30-60-99s-timer-infrarot-sensor-lcd-display","status":"publish","type":"product","link":"https:\/\/marktxxl.de\/markt\/produkt\/navanino-led-uv-lampe-fuer-naegel-48w-nageltrockner-uv-lampe-nail-lamp-geeignet-fuer-alle-gel-30-60-99s-timer-infrarot-sensor-lcd-display\/","title":{"rendered":"NAVANINO LED UV Lampe f\u00fcr N\u00e4gel, 48W Nageltrockner, Nail Lamp Geeignet f\u00fcr alle Gel, 30\/60\/99s Timer, Infrarot Sensor\u2026"},"content":{"rendered":"<p>\u2605 Langlebig, sicher und effizient trocknen \u2605 Ausgestattet mit 21 Gl\u00fchlampen mit Wei\u00dflichttechnologie mit doppelter Wellenl\u00e4nge von 365-405nm, die Augen und Haut nicht sch\u00e4digt, bis zu 5 Jahre Dauerbetrieb. 48 Watt Leistung und schnell trocknbar, Trocknungseffizienz um 50% im Vergleich zu anderen Trocknern<br \/>\n\u2605 3 Timer-Modi (Low Thermal Mode) \u2605 Das Nagellicht verf\u00fcgt \u00fcber drei Tasten 30s \/ 60s \/ 99s, um die Trocknungszeit auszuw\u00e4hlen, die dem ausgew\u00e4hlten Nagellack am besten entspricht. Die Leistung der 99s (Low Heat Mode) steigt mit der Zeit allm\u00e4hlich an, um alle durch das erstarrte Gel verursachten Schmerzprobleme zu beseitigen<br \/>\n\u2605 Automatischer Sensor \u2605 Aufgrund des Designs des Infrarotsensors startet das LED-Nagellicht automatisch, wenn Sie Ihre Hand in das Ger\u00e4t stecken, und schaltet sich automatisch aus, wenn Sie es entfernen<br \/>\n\u2605 LCD-Bildschirm \u2605 Die Uhrzeit wird auf dem LCD-Bildschirm angezeigt. Zeitmodus (Countdown), automatische Erkennung (Berechnung der Nutzungszeit). Dies f\u00fchrt zu einer besseren Auswahl der Modi und einer klaren Ausgabenzeit<br \/>\n\u2605 Der beste Service \u2605 Ausgestattet mit 2 Nagelfeilen. Garantiezeit von einem Jahr Wenn das Produkt Qualit\u00e4tsprobleme aufweist oder ein Problem bei der Verwendung auftritt, wenden Sie sich bitte jederzeit an uns, und wir werden Ihnen bald antworten, um den G\u00e4sten den besten Service bieten zu k\u00f6nnen<br \/>\n<div class=\"main-cross-sell\" data-asin=\"B07KP586R3\">\n\n\t<div class=\"WooZone-cross-sell-loader\">\n\t\t<div>\n\t\t\t<div id=\"floatingBarsG\">\n\t\t\t\t<div class=\"blockG\" id=\"rotateG_01\"><\/div>\n\t\t\t\t<div class=\"blockG\" id=\"rotateG_02\"><\/div>\n\t\t\t\t<div class=\"blockG\" id=\"rotateG_03\"><\/div>\n\t\t\t\t<div class=\"blockG\" id=\"rotateG_04\"><\/div>\n\t\t\t\t<div class=\"blockG\" id=\"rotateG_05\"><\/div>\n\t\t\t\t<div class=\"blockG\" id=\"rotateG_06\"><\/div>\n\t\t\t\t<div class=\"blockG\" id=\"rotateG_07\"><\/div>\n\t\t\t\t<div class=\"blockG\" id=\"rotateG_08\"><\/div>\n\t\t\t<\/div>\n\t\t\t<div class=\"WooZone-cross-sell-loader-text\"><\/div>\n\t\t<\/div>\n\t<\/div>\n\n\t\t\n<\/div>\n<div style=\"clear:both;\"><\/div><\/p>\n","protected":false},"excerpt":{"rendered":"<p>\u2605 Langlebig, sicher und effizient trocknen \u2605 Ausgestattet mit 21 Gl\u00fchlampen mit Wei\u00dflichttechnologie mit doppelter Wellenl\u00e4nge von 365-405nm, die Augen und Haut nicht sch\u00e4digt, bis zu 5 Jahre Dauerbetrieb. 48 Watt Leistung und schnell trocknbar, Trocknungseffizienz um 50% im Vergleich zu anderen Trocknern<br \/>\n\u2605 3 Timer-Modi (Low Thermal Mode) \u2605 Das Nagellicht verf\u00fcgt \u00fcber drei Tasten 30s \/ 60s \/ 99s, um die Trocknungszeit auszuw\u00e4hlen, die dem ausgew\u00e4hlten Nagellack am besten entspricht. Die Leistung der 99s (Low Heat Mode) steigt mit der Zeit allm\u00e4hlich an, um alle durch das erstarrte Gel verursachten Schmerzprobleme zu beseitigen<br \/>\n\u2605 Automatischer Sensor \u2605 Aufgrund des Designs des Infrarotsensors startet das LED-Nagellicht automatisch, wenn Sie Ihre Hand in das Ger\u00e4t stecken, und schaltet sich automatisch aus, wenn Sie es entfernen<\/p>\n","protected":false},"featured_media":151469,"comment_status":"open","ping_status":"closed","template":"","meta":[],"product_brand":[],"product_cat":[2858,7659],"product_tag":[],"class_list":{"0":"post-151468","1":"product","2":"type-product","3":"status-publish","4":"has-post-thumbnail","6":"product_cat-beauty","7":"product_cat-manikuere-pedikuere","8":"pa_binding-misc","9":"pa_brand-navanino","10":"pa_color-40-w","11":"pa_height-8-5433070779-zoll","12":"pa_languages-unbekannt-franzoesisch-unbekannt-franzoesisch-unbekannt-franzoesisch-unbekannt-franzoesisch-unbekannt-franzoesisch","13":"pa_length-3-4645669256-zoll","14":"pa_manufacturer-navanino","15":"pa_model-pzc-001","16":"pa_size-1-stueck-1er-pack","17":"pa_weight-0-gramm","18":"pa_width-6-6141732216-zoll","20":"first","21":"instock","22":"shipping-taxable","23":"purchasable","24":"product-type-simple","25":"customify-col","26":"product-has-gallery"},"yoast_head":"<!-- This site is optimized with the Yoast SEO plugin v27.4 - https:\/\/yoast.com\/product\/yoast-seo-wordpress\/ -->\n<title>NAVANINO LED UV Lampe f\u00fcr N\u00e4gel, 48W Nageltrockner, Nail Lamp Geeignet f\u00fcr alle Gel, 30\/60\/99s Timer, Infrarot Sensor\u2026 - Markt-XXL<\/title>\n<meta name=\"description\" content=\"Markt-XXL NAVANINO LED UV Lampe f\u00fcr N\u00e4gel, 48W Nageltrockner, Nail Lamp Geeignet f\u00fcr alle Gel, 30\/60\/99s Timer, Infrarot Sensor\u2026\" \/>\n<meta name=\"robots\" content=\"index, follow, max-snippet:-1, max-image-preview:large, max-video-preview:-1\" \/>\n<link rel=\"canonical\" href=\"https:\/\/marktxxl.de\/markt\/produkt\/navanino-led-uv-lampe-fuer-naegel-48w-nageltrockner-uv-lampe-nail-lamp-geeignet-fuer-alle-gel-30-60-99s-timer-infrarot-sensor-lcd-display\/\" \/>\n<meta property=\"og:locale\" content=\"de_DE\" \/>\n<meta property=\"og:type\" content=\"article\" \/>\n<meta property=\"og:title\" content=\"NAVANINO LED UV Lampe f\u00fcr N\u00e4gel, 48W Nageltrockner, Nail Lamp Geeignet f\u00fcr alle Gel, 30\/60\/99s Timer, Infrarot Sensor\u2026 - Markt-XXL\" \/>\n<meta property=\"og:description\" content=\"Markt-XXL NAVANINO LED UV Lampe f\u00fcr N\u00e4gel, 48W Nageltrockner, Nail Lamp Geeignet f\u00fcr alle Gel, 30\/60\/99s Timer, Infrarot Sensor\u2026\" \/>\n<meta property=\"og:url\" content=\"https:\/\/marktxxl.de\/markt\/produkt\/navanino-led-uv-lampe-fuer-naegel-48w-nageltrockner-uv-lampe-nail-lamp-geeignet-fuer-alle-gel-30-60-99s-timer-infrarot-sensor-lcd-display\/\" \/>\n<meta property=\"og:site_name\" content=\"Markt-XXL\" \/>\n<meta property=\"article:modified_time\" content=\"2023-04-09T02:12:21+00:00\" \/>\n<meta property=\"og:image\" content=\"https:\/\/m.media-amazon.com\/images\/I\/31H++18QnJS._SL500_.jpg\" \/>\n\t<meta property=\"og:image:width\" content=\"500\" \/>\n\t<meta property=\"og:image:height\" content=\"488\" \/>\n\t<meta property=\"og:image:type\" content=\"image\/jpeg\" \/>\n<meta name=\"twitter:card\" content=\"summary_large_image\" \/>\n<meta name=\"twitter:label1\" content=\"Gesch\u00e4tzte Lesezeit\" \/>\n\t<meta name=\"twitter:data1\" content=\"1\u00a0Minute\" \/>\n<script type=\"application\/ld+json\" class=\"yoast-schema-graph\">{\"@context\":\"https:\\\/\\\/schema.org\",\"@graph\":[{\"@type\":\"WebPage\",\"@id\":\"https:\\\/\\\/marktxxl.de\\\/markt\\\/produkt\\\/navanino-led-uv-lampe-fuer-naegel-48w-nageltrockner-uv-lampe-nail-lamp-geeignet-fuer-alle-gel-30-60-99s-timer-infrarot-sensor-lcd-display\\\/\",\"url\":\"https:\\\/\\\/marktxxl.de\\\/markt\\\/produkt\\\/navanino-led-uv-lampe-fuer-naegel-48w-nageltrockner-uv-lampe-nail-lamp-geeignet-fuer-alle-gel-30-60-99s-timer-infrarot-sensor-lcd-display\\\/\",\"name\":\"NAVANINO LED UV Lampe f\u00fcr N\u00e4gel, 48W Nageltrockner, Nail Lamp Geeignet f\u00fcr alle Gel, 30\\\/60\\\/99s Timer, Infrarot Sensor\u2026 - Markt-XXL\",\"isPartOf\":{\"@id\":\"https:\\\/\\\/marktxxl.de\\\/markt\\\/#website\"},\"primaryImageOfPage\":{\"@id\":\"https:\\\/\\\/marktxxl.de\\\/markt\\\/produkt\\\/navanino-led-uv-lampe-fuer-naegel-48w-nageltrockner-uv-lampe-nail-lamp-geeignet-fuer-alle-gel-30-60-99s-timer-infrarot-sensor-lcd-display\\\/#primaryimage\"},\"image\":{\"@id\":\"https:\\\/\\\/marktxxl.de\\\/markt\\\/produkt\\\/navanino-led-uv-lampe-fuer-naegel-48w-nageltrockner-uv-lampe-nail-lamp-geeignet-fuer-alle-gel-30-60-99s-timer-infrarot-sensor-lcd-display\\\/#primaryimage\"},\"thumbnailUrl\":\"https:\\\/\\\/m.media-amazon.com\\\/images\\\/I\\\/31H++18QnJS._SL500_.jpg\",\"datePublished\":\"2022-09-12T04:05:22+00:00\",\"dateModified\":\"2023-04-09T02:12:21+00:00\",\"description\":\"Markt-XXL NAVANINO LED UV Lampe f\u00fcr N\u00e4gel, 48W Nageltrockner, Nail Lamp Geeignet f\u00fcr alle Gel, 30\\\/60\\\/99s Timer, Infrarot Sensor\u2026\",\"breadcrumb\":{\"@id\":\"https:\\\/\\\/marktxxl.de\\\/markt\\\/produkt\\\/navanino-led-uv-lampe-fuer-naegel-48w-nageltrockner-uv-lampe-nail-lamp-geeignet-fuer-alle-gel-30-60-99s-timer-infrarot-sensor-lcd-display\\\/#breadcrumb\"},\"inLanguage\":\"de\",\"potentialAction\":[{\"@type\":\"ReadAction\",\"target\":[\"https:\\\/\\\/marktxxl.de\\\/markt\\\/produkt\\\/navanino-led-uv-lampe-fuer-naegel-48w-nageltrockner-uv-lampe-nail-lamp-geeignet-fuer-alle-gel-30-60-99s-timer-infrarot-sensor-lcd-display\\\/\"]}]},{\"@type\":\"ImageObject\",\"inLanguage\":\"de\",\"@id\":\"https:\\\/\\\/marktxxl.de\\\/markt\\\/produkt\\\/navanino-led-uv-lampe-fuer-naegel-48w-nageltrockner-uv-lampe-nail-lamp-geeignet-fuer-alle-gel-30-60-99s-timer-infrarot-sensor-lcd-display\\\/#primaryimage\",\"url\":\"https:\\\/\\\/m.media-amazon.com\\\/images\\\/I\\\/31H++18QnJS._SL500_.jpg\",\"contentUrl\":\"https:\\\/\\\/m.media-amazon.com\\\/images\\\/I\\\/31H++18QnJS._SL500_.jpg\",\"width\":500,\"height\":488},{\"@type\":\"BreadcrumbList\",\"@id\":\"https:\\\/\\\/marktxxl.de\\\/markt\\\/produkt\\\/navanino-led-uv-lampe-fuer-naegel-48w-nageltrockner-uv-lampe-nail-lamp-geeignet-fuer-alle-gel-30-60-99s-timer-infrarot-sensor-lcd-display\\\/#breadcrumb\",\"itemListElement\":[{\"@type\":\"ListItem\",\"position\":1,\"name\":\"Startseite\",\"item\":\"https:\\\/\\\/marktxxl.de\\\/markt\\\/\"},{\"@type\":\"ListItem\",\"position\":2,\"name\":\"Markt\",\"item\":\"https:\\\/\\\/marktxxl.de\\\/markt\\\/\"},{\"@type\":\"ListItem\",\"position\":3,\"name\":\"NAVANINO LED UV Lampe f\u00fcr N\u00e4gel, 48W Nageltrockner, Nail Lamp Geeignet f\u00fcr alle Gel, 30\\\/60\\\/99s Timer, Infrarot Sensor\u2026\"}]},{\"@type\":\"WebSite\",\"@id\":\"https:\\\/\\\/marktxxl.de\\\/markt\\\/#website\",\"url\":\"https:\\\/\\\/marktxxl.de\\\/markt\\\/\",\"name\":\"Markt-XXL\",\"description\":\"Ihr Markt Online\",\"publisher\":{\"@id\":\"https:\\\/\\\/marktxxl.de\\\/markt\\\/#organization\"},\"potentialAction\":[{\"@type\":\"SearchAction\",\"target\":{\"@type\":\"EntryPoint\",\"urlTemplate\":\"https:\\\/\\\/marktxxl.de\\\/markt\\\/?s={search_term_string}\"},\"query-input\":{\"@type\":\"PropertyValueSpecification\",\"valueRequired\":true,\"valueName\":\"search_term_string\"}}],\"inLanguage\":\"de\"},{\"@type\":\"Organization\",\"@id\":\"https:\\\/\\\/marktxxl.de\\\/markt\\\/#organization\",\"name\":\"Markt-XXL\",\"url\":\"https:\\\/\\\/marktxxl.de\\\/markt\\\/\",\"logo\":{\"@type\":\"ImageObject\",\"inLanguage\":\"de\",\"@id\":\"https:\\\/\\\/marktxxl.de\\\/markt\\\/#\\\/schema\\\/logo\\\/image\\\/\",\"url\":\"https:\\\/\\\/marktxxl.de\\\/markt\\\/wp-content\\\/uploads\\\/sites\\\/3\\\/2020\\\/12\\\/logo.png\",\"contentUrl\":\"https:\\\/\\\/marktxxl.de\\\/markt\\\/wp-content\\\/uploads\\\/sites\\\/3\\\/2020\\\/12\\\/logo.png\",\"width\":200,\"height\":70,\"caption\":\"Markt-XXL\"},\"image\":{\"@id\":\"https:\\\/\\\/marktxxl.de\\\/markt\\\/#\\\/schema\\\/logo\\\/image\\\/\"}}]}<\/script>\n<!-- \/ Yoast SEO plugin. -->","yoast_head_json":{"title":"NAVANINO LED UV Lampe f\u00fcr N\u00e4gel, 48W Nageltrockner, Nail Lamp Geeignet f\u00fcr alle Gel, 30\/60\/99s Timer, Infrarot Sensor\u2026 - Markt-XXL","description":"Markt-XXL NAVANINO LED UV Lampe f\u00fcr N\u00e4gel, 48W Nageltrockner, Nail Lamp Geeignet f\u00fcr alle Gel, 30\/60\/99s Timer, Infrarot Sensor\u2026","robots":{"index":"index","follow":"follow","max-snippet":"max-snippet:-1","max-image-preview":"max-image-preview:large","max-video-preview":"max-video-preview:-1"},"canonical":"https:\/\/marktxxl.de\/markt\/produkt\/navanino-led-uv-lampe-fuer-naegel-48w-nageltrockner-uv-lampe-nail-lamp-geeignet-fuer-alle-gel-30-60-99s-timer-infrarot-sensor-lcd-display\/","og_locale":"de_DE","og_type":"article","og_title":"NAVANINO LED UV Lampe f\u00fcr N\u00e4gel, 48W Nageltrockner, Nail Lamp Geeignet f\u00fcr alle Gel, 30\/60\/99s Timer, Infrarot Sensor\u2026 - Markt-XXL","og_description":"Markt-XXL NAVANINO LED UV Lampe f\u00fcr N\u00e4gel, 48W Nageltrockner, Nail Lamp Geeignet f\u00fcr alle Gel, 30\/60\/99s Timer, Infrarot Sensor\u2026","og_url":"https:\/\/marktxxl.de\/markt\/produkt\/navanino-led-uv-lampe-fuer-naegel-48w-nageltrockner-uv-lampe-nail-lamp-geeignet-fuer-alle-gel-30-60-99s-timer-infrarot-sensor-lcd-display\/","og_site_name":"Markt-XXL","article_modified_time":"2023-04-09T02:12:21+00:00","og_image":[{"width":500,"height":488,"url":"https:\/\/m.media-amazon.com\/images\/I\/31H++18QnJS._SL500_.jpg","type":"image\/jpeg"}],"twitter_card":"summary_large_image","twitter_misc":{"Gesch\u00e4tzte Lesezeit":"1\u00a0Minute"},"schema":{"@context":"https:\/\/schema.org","@graph":[{"@type":"WebPage","@id":"https:\/\/marktxxl.de\/markt\/produkt\/navanino-led-uv-lampe-fuer-naegel-48w-nageltrockner-uv-lampe-nail-lamp-geeignet-fuer-alle-gel-30-60-99s-timer-infrarot-sensor-lcd-display\/","url":"https:\/\/marktxxl.de\/markt\/produkt\/navanino-led-uv-lampe-fuer-naegel-48w-nageltrockner-uv-lampe-nail-lamp-geeignet-fuer-alle-gel-30-60-99s-timer-infrarot-sensor-lcd-display\/","name":"NAVANINO LED UV Lampe f\u00fcr N\u00e4gel, 48W Nageltrockner, Nail Lamp Geeignet f\u00fcr alle Gel, 30\/60\/99s Timer, Infrarot Sensor\u2026 - Markt-XXL","isPartOf":{"@id":"https:\/\/marktxxl.de\/markt\/#website"},"primaryImageOfPage":{"@id":"https:\/\/marktxxl.de\/markt\/produkt\/navanino-led-uv-lampe-fuer-naegel-48w-nageltrockner-uv-lampe-nail-lamp-geeignet-fuer-alle-gel-30-60-99s-timer-infrarot-sensor-lcd-display\/#primaryimage"},"image":{"@id":"https:\/\/marktxxl.de\/markt\/produkt\/navanino-led-uv-lampe-fuer-naegel-48w-nageltrockner-uv-lampe-nail-lamp-geeignet-fuer-alle-gel-30-60-99s-timer-infrarot-sensor-lcd-display\/#primaryimage"},"thumbnailUrl":"https:\/\/m.media-amazon.com\/images\/I\/31H++18QnJS._SL500_.jpg","datePublished":"2022-09-12T04:05:22+00:00","dateModified":"2023-04-09T02:12:21+00:00","description":"Markt-XXL NAVANINO LED UV Lampe f\u00fcr N\u00e4gel, 48W Nageltrockner, Nail Lamp Geeignet f\u00fcr alle Gel, 30\/60\/99s Timer, Infrarot Sensor\u2026","breadcrumb":{"@id":"https:\/\/marktxxl.de\/markt\/produkt\/navanino-led-uv-lampe-fuer-naegel-48w-nageltrockner-uv-lampe-nail-lamp-geeignet-fuer-alle-gel-30-60-99s-timer-infrarot-sensor-lcd-display\/#breadcrumb"},"inLanguage":"de","potentialAction":[{"@type":"ReadAction","target":["https:\/\/marktxxl.de\/markt\/produkt\/navanino-led-uv-lampe-fuer-naegel-48w-nageltrockner-uv-lampe-nail-lamp-geeignet-fuer-alle-gel-30-60-99s-timer-infrarot-sensor-lcd-display\/"]}]},{"@type":"ImageObject","inLanguage":"de","@id":"https:\/\/marktxxl.de\/markt\/produkt\/navanino-led-uv-lampe-fuer-naegel-48w-nageltrockner-uv-lampe-nail-lamp-geeignet-fuer-alle-gel-30-60-99s-timer-infrarot-sensor-lcd-display\/#primaryimage","url":"https:\/\/m.media-amazon.com\/images\/I\/31H++18QnJS._SL500_.jpg","contentUrl":"https:\/\/m.media-amazon.com\/images\/I\/31H++18QnJS._SL500_.jpg","width":500,"height":488},{"@type":"BreadcrumbList","@id":"https:\/\/marktxxl.de\/markt\/produkt\/navanino-led-uv-lampe-fuer-naegel-48w-nageltrockner-uv-lampe-nail-lamp-geeignet-fuer-alle-gel-30-60-99s-timer-infrarot-sensor-lcd-display\/#breadcrumb","itemListElement":[{"@type":"ListItem","position":1,"name":"Startseite","item":"https:\/\/marktxxl.de\/markt\/"},{"@type":"ListItem","position":2,"name":"Markt","item":"https:\/\/marktxxl.de\/markt\/"},{"@type":"ListItem","position":3,"name":"NAVANINO LED UV Lampe f\u00fcr N\u00e4gel, 48W Nageltrockner, Nail Lamp Geeignet f\u00fcr alle Gel, 30\/60\/99s Timer, Infrarot Sensor\u2026"}]},{"@type":"WebSite","@id":"https:\/\/marktxxl.de\/markt\/#website","url":"https:\/\/marktxxl.de\/markt\/","name":"Markt-XXL","description":"Ihr Markt Online","publisher":{"@id":"https:\/\/marktxxl.de\/markt\/#organization"},"potentialAction":[{"@type":"SearchAction","target":{"@type":"EntryPoint","urlTemplate":"https:\/\/marktxxl.de\/markt\/?s={search_term_string}"},"query-input":{"@type":"PropertyValueSpecification","valueRequired":true,"valueName":"search_term_string"}}],"inLanguage":"de"},{"@type":"Organization","@id":"https:\/\/marktxxl.de\/markt\/#organization","name":"Markt-XXL","url":"https:\/\/marktxxl.de\/markt\/","logo":{"@type":"ImageObject","inLanguage":"de","@id":"https:\/\/marktxxl.de\/markt\/#\/schema\/logo\/image\/","url":"https:\/\/marktxxl.de\/markt\/wp-content\/uploads\/sites\/3\/2020\/12\/logo.png","contentUrl":"https:\/\/marktxxl.de\/markt\/wp-content\/uploads\/sites\/3\/2020\/12\/logo.png","width":200,"height":70,"caption":"Markt-XXL"},"image":{"@id":"https:\/\/marktxxl.de\/markt\/#\/schema\/logo\/image\/"}}]}},"_links":{"self":[{"href":"https:\/\/marktxxl.de\/markt\/wp-json\/wp\/v2\/product\/151468","targetHints":{"allow":["GET"]}}],"collection":[{"href":"https:\/\/marktxxl.de\/markt\/wp-json\/wp\/v2\/product"}],"about":[{"href":"https:\/\/marktxxl.de\/markt\/wp-json\/wp\/v2\/types\/product"}],"replies":[{"embeddable":true,"href":"https:\/\/marktxxl.de\/markt\/wp-json\/wp\/v2\/comments?post=151468"}],"wp:featuredmedia":[{"embeddable":true,"href":"https:\/\/marktxxl.de\/markt\/wp-json\/wp\/v2\/media\/151469"}],"wp:attachment":[{"href":"https:\/\/marktxxl.de\/markt\/wp-json\/wp\/v2\/media?parent=151468"}],"wp:term":[{"taxonomy":"product_brand","embeddable":true,"href":"https:\/\/marktxxl.de\/markt\/wp-json\/wp\/v2\/product_brand?post=151468"},{"taxonomy":"product_cat","embeddable":true,"href":"https:\/\/marktxxl.de\/markt\/wp-json\/wp\/v2\/product_cat?post=151468"},{"taxonomy":"product_tag","embeddable":true,"href":"https:\/\/marktxxl.de\/markt\/wp-json\/wp\/v2\/product_tag?post=151468"}],"curies":[{"name":"wp","href":"https:\/\/api.w.org\/{rel}","templated":true}]}}