{"id":151452,"date":"2022-09-12T06:05:10","date_gmt":"2022-09-12T04:05:10","guid":{"rendered":"https:\/\/marktxxl.de\/markt\/produkt\/teebaumoel-bio-50ml-mit-pipette-100-naturreines-aetherisches-oel-aus-australien-vegan-zur-anwendung-auf-unreiner-haut-hautentzuendungen-anti-pickel-akne-sowie-warzen-und-pilzen-diffuser-oel\/"},"modified":"2023-04-09T04:12:20","modified_gmt":"2023-04-09T02:12:20","slug":"teebaumoel-bio-50ml-mit-pipette-100-naturreines-aetherisches-oel-aus-australien-vegan-zur-anwendung-auf-unreiner-haut-hautentzuendungen-anti-pickel-akne-sowie-warzen-und-pilzen-diffuser-oel","status":"publish","type":"product","link":"https:\/\/marktxxl.de\/markt\/produkt\/teebaumoel-bio-50ml-mit-pipette-100-naturreines-aetherisches-oel-aus-australien-vegan-zur-anwendung-auf-unreiner-haut-hautentzuendungen-anti-pickel-akne-sowie-warzen-und-pilzen-diffuser-oel\/","title":{"rendered":"Teebaum\u00f6l BIO 50ml mit Pipette &#8211; 100% naturreines \u00e4therisches \u00d6l aus Australien, vegan &#8211; Diffuser \u00d6l"},"content":{"rendered":"<p>\ud83c\udf3f DAS BESTE F\u00dcR DEINE SCH\u00d6NHEIT: Ideal zur Behandlung von Hautproblemen wie Akne, Pickel oder Mitesser sowie als Unterst\u00fctzung bei Pilzen und Warzen durch die nat\u00fcrliche entz\u00fcndungshemmende, antiseptische Wirkung.<br \/>\n\ud83c\udf3f VIELSEITIGER HELFER: Zur Reduktion von Mundgeruch, Fu\u00dfgeruch, Fu\u00dfschwei\u00df und bei Jucken oder Schuppen der Kopfhaut. Oder als Duft\u00f6l in der Aromatherapie zur Linderung von Stress und Angstzust\u00e4nden.<br \/>\n\ud83c\udf3f H\u00d6CHSTM\u00d6GLICHE QUALIT\u00c4T: 100% australisches Teebaum\u00f6l (Melaleuca Alternifolia), schonend durch Wasserdampfdestillation aus besten Teebaumbl\u00e4ttern gewonnen, vegan und tierversuchsfrei.<br \/>\n\ud83c\udf3f HOCHWERTIGE VERPACKUNG: Lange Haltbarkeit durch die lichtgesch\u00fctzte Glasflasche. Leichte Dosierung mit dem integrierten Tropfaufsatz oder alternativ mit der beigelegten Pipette. Das Teebaum \u00d6l kommt in einer liebevollen Verpackung &#8211; ideal zum Verschenken.<br \/>\n\ud83c\udf3f 100% ZUFRIEDENHEIT: Deine Zufriedenheit ist unser Antrieb! Wir m\u00f6chten, dass du von unserer hochwertigen Naturkosmetik \u00fcberzeugt bist und sichtbare Ergebnisse erzielst. Sollte das nicht der Fall sein, bekommst du dein Geld ohne wenn und aber zur\u00fcck.<br \/>\n<div class=\"main-cross-sell\" data-asin=\"B072LZFK3Y\">\n\n\t<div class=\"WooZone-cross-sell-loader\">\n\t\t<div>\n\t\t\t<div id=\"floatingBarsG\">\n\t\t\t\t<div class=\"blockG\" id=\"rotateG_01\"><\/div>\n\t\t\t\t<div class=\"blockG\" id=\"rotateG_02\"><\/div>\n\t\t\t\t<div class=\"blockG\" id=\"rotateG_03\"><\/div>\n\t\t\t\t<div class=\"blockG\" id=\"rotateG_04\"><\/div>\n\t\t\t\t<div class=\"blockG\" id=\"rotateG_05\"><\/div>\n\t\t\t\t<div class=\"blockG\" id=\"rotateG_06\"><\/div>\n\t\t\t\t<div class=\"blockG\" id=\"rotateG_07\"><\/div>\n\t\t\t\t<div class=\"blockG\" id=\"rotateG_08\"><\/div>\n\t\t\t<\/div>\n\t\t\t<div class=\"WooZone-cross-sell-loader-text\"><\/div>\n\t\t<\/div>\n\t<\/div>\n\n\t\t\n<\/div>\n<div style=\"clear:both;\"><\/div><\/p>\n","protected":false},"excerpt":{"rendered":"<p>\ud83c\udf3f DAS BESTE F\u00dcR DEINE SCH\u00d6NHEIT: Ideal zur Behandlung von Hautproblemen wie Akne, Pickel oder Mitesser sowie als Unterst\u00fctzung bei Pilzen und Warzen durch die nat\u00fcrliche entz\u00fcndungshemmende, antiseptische Wirkung.<br \/>\n\ud83c\udf3f VIELSEITIGER HELFER: Zur Reduktion von Mundgeruch, Fu\u00dfgeruch, Fu\u00dfschwei\u00df und bei Jucken oder Schuppen der Kopfhaut. Oder als Duft\u00f6l in der Aromatherapie zur Linderung von Stress und Angstzust\u00e4nden.<br \/>\n\ud83c\udf3f H\u00d6CHSTM\u00d6GLICHE QUALIT\u00c4T: 100% australisches Teebaum\u00f6l (Melaleuca Alternifolia), schonend durch Wasserdampfdestillation aus besten Teebaumbl\u00e4ttern gewonnen, vegan und tierversuchsfrei.<\/p>\n","protected":false},"featured_media":151453,"comment_status":"open","ping_status":"closed","template":"","meta":[],"product_brand":[],"product_cat":[2858,7659],"product_tag":[],"class_list":{"0":"post-151452","1":"product","2":"type-product","3":"status-publish","4":"has-post-thumbnail","6":"product_cat-beauty","7":"product_cat-manikuere-pedikuere","8":"pa_binding-badartikel","9":"pa_brand-natura-pur","10":"pa_height-4-4094488144-zoll","11":"pa_languages-unbekannt-deutsch-unbekannt-englisch-unbekannt-franzoesisch-unbekannt-italienisch-unbekannt-spanisch","12":"pa_length-1-7322834628-zoll","13":"pa_manufacturer-natura-pur","14":"pa_size-50-ml-1er-pack","15":"pa_weight-0-25-pfund","16":"pa_width-2-2047244072-zoll","18":"first","19":"instock","20":"shipping-taxable","21":"purchasable","22":"product-type-simple","23":"customify-col","24":"product-has-gallery"},"yoast_head":"<!-- This site is optimized with the Yoast SEO plugin v27.4 - https:\/\/yoast.com\/product\/yoast-seo-wordpress\/ -->\n<title>Teebaum\u00f6l BIO 50ml mit Pipette - 100% naturreines \u00e4therisches \u00d6l aus Australien, vegan - Diffuser \u00d6l - Markt-XXL<\/title>\n<meta name=\"description\" content=\"Markt-XXL Teebaum\u00f6l BIO 50ml mit Pipette - 100% naturreines \u00e4therisches \u00d6l aus Australien, vegan - Diffuser \u00d6l\" \/>\n<meta name=\"robots\" content=\"index, follow, max-snippet:-1, max-image-preview:large, max-video-preview:-1\" \/>\n<link rel=\"canonical\" href=\"https:\/\/marktxxl.de\/markt\/produkt\/teebaumoel-bio-50ml-mit-pipette-100-naturreines-aetherisches-oel-aus-australien-vegan-zur-anwendung-auf-unreiner-haut-hautentzuendungen-anti-pickel-akne-sowie-warzen-und-pilzen-diffuser-oel\/\" \/>\n<meta property=\"og:locale\" content=\"de_DE\" \/>\n<meta property=\"og:type\" content=\"article\" \/>\n<meta property=\"og:title\" content=\"Teebaum\u00f6l BIO 50ml mit Pipette - 100% naturreines \u00e4therisches \u00d6l aus Australien, vegan - Diffuser \u00d6l - Markt-XXL\" \/>\n<meta property=\"og:description\" content=\"Markt-XXL Teebaum\u00f6l BIO 50ml mit Pipette - 100% naturreines \u00e4therisches \u00d6l aus Australien, vegan - Diffuser \u00d6l\" \/>\n<meta property=\"og:url\" content=\"https:\/\/marktxxl.de\/markt\/produkt\/teebaumoel-bio-50ml-mit-pipette-100-naturreines-aetherisches-oel-aus-australien-vegan-zur-anwendung-auf-unreiner-haut-hautentzuendungen-anti-pickel-akne-sowie-warzen-und-pilzen-diffuser-oel\/\" \/>\n<meta property=\"og:site_name\" content=\"Markt-XXL\" \/>\n<meta property=\"article:modified_time\" content=\"2023-04-09T02:12:20+00:00\" \/>\n<meta property=\"og:image\" content=\"https:\/\/m.media-amazon.com\/images\/I\/51Qzy6nvt0S._SL500_.jpg\" \/>\n\t<meta property=\"og:image:width\" content=\"500\" \/>\n\t<meta property=\"og:image:height\" content=\"500\" \/>\n\t<meta property=\"og:image:type\" content=\"image\/jpeg\" \/>\n<meta name=\"twitter:card\" content=\"summary_large_image\" \/>\n<meta name=\"twitter:label1\" content=\"Gesch\u00e4tzte Lesezeit\" \/>\n\t<meta name=\"twitter:data1\" content=\"1\u00a0Minute\" \/>\n<script type=\"application\/ld+json\" class=\"yoast-schema-graph\">{\"@context\":\"https:\\\/\\\/schema.org\",\"@graph\":[{\"@type\":\"WebPage\",\"@id\":\"https:\\\/\\\/marktxxl.de\\\/markt\\\/produkt\\\/teebaumoel-bio-50ml-mit-pipette-100-naturreines-aetherisches-oel-aus-australien-vegan-zur-anwendung-auf-unreiner-haut-hautentzuendungen-anti-pickel-akne-sowie-warzen-und-pilzen-diffuser-oel\\\/\",\"url\":\"https:\\\/\\\/marktxxl.de\\\/markt\\\/produkt\\\/teebaumoel-bio-50ml-mit-pipette-100-naturreines-aetherisches-oel-aus-australien-vegan-zur-anwendung-auf-unreiner-haut-hautentzuendungen-anti-pickel-akne-sowie-warzen-und-pilzen-diffuser-oel\\\/\",\"name\":\"Teebaum\u00f6l BIO 50ml mit Pipette - 100% naturreines \u00e4therisches \u00d6l aus Australien, vegan - Diffuser \u00d6l - Markt-XXL\",\"isPartOf\":{\"@id\":\"https:\\\/\\\/marktxxl.de\\\/markt\\\/#website\"},\"primaryImageOfPage\":{\"@id\":\"https:\\\/\\\/marktxxl.de\\\/markt\\\/produkt\\\/teebaumoel-bio-50ml-mit-pipette-100-naturreines-aetherisches-oel-aus-australien-vegan-zur-anwendung-auf-unreiner-haut-hautentzuendungen-anti-pickel-akne-sowie-warzen-und-pilzen-diffuser-oel\\\/#primaryimage\"},\"image\":{\"@id\":\"https:\\\/\\\/marktxxl.de\\\/markt\\\/produkt\\\/teebaumoel-bio-50ml-mit-pipette-100-naturreines-aetherisches-oel-aus-australien-vegan-zur-anwendung-auf-unreiner-haut-hautentzuendungen-anti-pickel-akne-sowie-warzen-und-pilzen-diffuser-oel\\\/#primaryimage\"},\"thumbnailUrl\":\"https:\\\/\\\/m.media-amazon.com\\\/images\\\/I\\\/51Qzy6nvt0S._SL500_.jpg\",\"datePublished\":\"2022-09-12T04:05:10+00:00\",\"dateModified\":\"2023-04-09T02:12:20+00:00\",\"description\":\"Markt-XXL Teebaum\u00f6l BIO 50ml mit Pipette - 100% naturreines \u00e4therisches \u00d6l aus Australien, vegan - Diffuser \u00d6l\",\"breadcrumb\":{\"@id\":\"https:\\\/\\\/marktxxl.de\\\/markt\\\/produkt\\\/teebaumoel-bio-50ml-mit-pipette-100-naturreines-aetherisches-oel-aus-australien-vegan-zur-anwendung-auf-unreiner-haut-hautentzuendungen-anti-pickel-akne-sowie-warzen-und-pilzen-diffuser-oel\\\/#breadcrumb\"},\"inLanguage\":\"de\",\"potentialAction\":[{\"@type\":\"ReadAction\",\"target\":[\"https:\\\/\\\/marktxxl.de\\\/markt\\\/produkt\\\/teebaumoel-bio-50ml-mit-pipette-100-naturreines-aetherisches-oel-aus-australien-vegan-zur-anwendung-auf-unreiner-haut-hautentzuendungen-anti-pickel-akne-sowie-warzen-und-pilzen-diffuser-oel\\\/\"]}]},{\"@type\":\"ImageObject\",\"inLanguage\":\"de\",\"@id\":\"https:\\\/\\\/marktxxl.de\\\/markt\\\/produkt\\\/teebaumoel-bio-50ml-mit-pipette-100-naturreines-aetherisches-oel-aus-australien-vegan-zur-anwendung-auf-unreiner-haut-hautentzuendungen-anti-pickel-akne-sowie-warzen-und-pilzen-diffuser-oel\\\/#primaryimage\",\"url\":\"https:\\\/\\\/m.media-amazon.com\\\/images\\\/I\\\/51Qzy6nvt0S._SL500_.jpg\",\"contentUrl\":\"https:\\\/\\\/m.media-amazon.com\\\/images\\\/I\\\/51Qzy6nvt0S._SL500_.jpg\",\"width\":500,\"height\":500},{\"@type\":\"BreadcrumbList\",\"@id\":\"https:\\\/\\\/marktxxl.de\\\/markt\\\/produkt\\\/teebaumoel-bio-50ml-mit-pipette-100-naturreines-aetherisches-oel-aus-australien-vegan-zur-anwendung-auf-unreiner-haut-hautentzuendungen-anti-pickel-akne-sowie-warzen-und-pilzen-diffuser-oel\\\/#breadcrumb\",\"itemListElement\":[{\"@type\":\"ListItem\",\"position\":1,\"name\":\"Startseite\",\"item\":\"https:\\\/\\\/marktxxl.de\\\/markt\\\/\"},{\"@type\":\"ListItem\",\"position\":2,\"name\":\"Markt\",\"item\":\"https:\\\/\\\/marktxxl.de\\\/markt\\\/\"},{\"@type\":\"ListItem\",\"position\":3,\"name\":\"Teebaum\u00f6l BIO 50ml mit Pipette &#8211; 100% naturreines \u00e4therisches \u00d6l aus Australien, vegan &#8211; Diffuser \u00d6l\"}]},{\"@type\":\"WebSite\",\"@id\":\"https:\\\/\\\/marktxxl.de\\\/markt\\\/#website\",\"url\":\"https:\\\/\\\/marktxxl.de\\\/markt\\\/\",\"name\":\"Markt-XXL\",\"description\":\"Ihr Markt Online\",\"publisher\":{\"@id\":\"https:\\\/\\\/marktxxl.de\\\/markt\\\/#organization\"},\"potentialAction\":[{\"@type\":\"SearchAction\",\"target\":{\"@type\":\"EntryPoint\",\"urlTemplate\":\"https:\\\/\\\/marktxxl.de\\\/markt\\\/?s={search_term_string}\"},\"query-input\":{\"@type\":\"PropertyValueSpecification\",\"valueRequired\":true,\"valueName\":\"search_term_string\"}}],\"inLanguage\":\"de\"},{\"@type\":\"Organization\",\"@id\":\"https:\\\/\\\/marktxxl.de\\\/markt\\\/#organization\",\"name\":\"Markt-XXL\",\"url\":\"https:\\\/\\\/marktxxl.de\\\/markt\\\/\",\"logo\":{\"@type\":\"ImageObject\",\"inLanguage\":\"de\",\"@id\":\"https:\\\/\\\/marktxxl.de\\\/markt\\\/#\\\/schema\\\/logo\\\/image\\\/\",\"url\":\"https:\\\/\\\/marktxxl.de\\\/markt\\\/wp-content\\\/uploads\\\/sites\\\/3\\\/2020\\\/12\\\/logo.png\",\"contentUrl\":\"https:\\\/\\\/marktxxl.de\\\/markt\\\/wp-content\\\/uploads\\\/sites\\\/3\\\/2020\\\/12\\\/logo.png\",\"width\":200,\"height\":70,\"caption\":\"Markt-XXL\"},\"image\":{\"@id\":\"https:\\\/\\\/marktxxl.de\\\/markt\\\/#\\\/schema\\\/logo\\\/image\\\/\"}}]}<\/script>\n<!-- \/ Yoast SEO plugin. -->","yoast_head_json":{"title":"Teebaum\u00f6l BIO 50ml mit Pipette - 100% naturreines \u00e4therisches \u00d6l aus Australien, vegan - Diffuser \u00d6l - Markt-XXL","description":"Markt-XXL Teebaum\u00f6l BIO 50ml mit Pipette - 100% naturreines \u00e4therisches \u00d6l aus Australien, vegan - Diffuser \u00d6l","robots":{"index":"index","follow":"follow","max-snippet":"max-snippet:-1","max-image-preview":"max-image-preview:large","max-video-preview":"max-video-preview:-1"},"canonical":"https:\/\/marktxxl.de\/markt\/produkt\/teebaumoel-bio-50ml-mit-pipette-100-naturreines-aetherisches-oel-aus-australien-vegan-zur-anwendung-auf-unreiner-haut-hautentzuendungen-anti-pickel-akne-sowie-warzen-und-pilzen-diffuser-oel\/","og_locale":"de_DE","og_type":"article","og_title":"Teebaum\u00f6l BIO 50ml mit Pipette - 100% naturreines \u00e4therisches \u00d6l aus Australien, vegan - Diffuser \u00d6l - Markt-XXL","og_description":"Markt-XXL Teebaum\u00f6l BIO 50ml mit Pipette - 100% naturreines \u00e4therisches \u00d6l aus Australien, vegan - Diffuser \u00d6l","og_url":"https:\/\/marktxxl.de\/markt\/produkt\/teebaumoel-bio-50ml-mit-pipette-100-naturreines-aetherisches-oel-aus-australien-vegan-zur-anwendung-auf-unreiner-haut-hautentzuendungen-anti-pickel-akne-sowie-warzen-und-pilzen-diffuser-oel\/","og_site_name":"Markt-XXL","article_modified_time":"2023-04-09T02:12:20+00:00","og_image":[{"width":500,"height":500,"url":"https:\/\/m.media-amazon.com\/images\/I\/51Qzy6nvt0S._SL500_.jpg","type":"image\/jpeg"}],"twitter_card":"summary_large_image","twitter_misc":{"Gesch\u00e4tzte Lesezeit":"1\u00a0Minute"},"schema":{"@context":"https:\/\/schema.org","@graph":[{"@type":"WebPage","@id":"https:\/\/marktxxl.de\/markt\/produkt\/teebaumoel-bio-50ml-mit-pipette-100-naturreines-aetherisches-oel-aus-australien-vegan-zur-anwendung-auf-unreiner-haut-hautentzuendungen-anti-pickel-akne-sowie-warzen-und-pilzen-diffuser-oel\/","url":"https:\/\/marktxxl.de\/markt\/produkt\/teebaumoel-bio-50ml-mit-pipette-100-naturreines-aetherisches-oel-aus-australien-vegan-zur-anwendung-auf-unreiner-haut-hautentzuendungen-anti-pickel-akne-sowie-warzen-und-pilzen-diffuser-oel\/","name":"Teebaum\u00f6l BIO 50ml mit Pipette - 100% naturreines \u00e4therisches \u00d6l aus Australien, vegan - Diffuser \u00d6l - Markt-XXL","isPartOf":{"@id":"https:\/\/marktxxl.de\/markt\/#website"},"primaryImageOfPage":{"@id":"https:\/\/marktxxl.de\/markt\/produkt\/teebaumoel-bio-50ml-mit-pipette-100-naturreines-aetherisches-oel-aus-australien-vegan-zur-anwendung-auf-unreiner-haut-hautentzuendungen-anti-pickel-akne-sowie-warzen-und-pilzen-diffuser-oel\/#primaryimage"},"image":{"@id":"https:\/\/marktxxl.de\/markt\/produkt\/teebaumoel-bio-50ml-mit-pipette-100-naturreines-aetherisches-oel-aus-australien-vegan-zur-anwendung-auf-unreiner-haut-hautentzuendungen-anti-pickel-akne-sowie-warzen-und-pilzen-diffuser-oel\/#primaryimage"},"thumbnailUrl":"https:\/\/m.media-amazon.com\/images\/I\/51Qzy6nvt0S._SL500_.jpg","datePublished":"2022-09-12T04:05:10+00:00","dateModified":"2023-04-09T02:12:20+00:00","description":"Markt-XXL Teebaum\u00f6l BIO 50ml mit Pipette - 100% naturreines \u00e4therisches \u00d6l aus Australien, vegan - Diffuser \u00d6l","breadcrumb":{"@id":"https:\/\/marktxxl.de\/markt\/produkt\/teebaumoel-bio-50ml-mit-pipette-100-naturreines-aetherisches-oel-aus-australien-vegan-zur-anwendung-auf-unreiner-haut-hautentzuendungen-anti-pickel-akne-sowie-warzen-und-pilzen-diffuser-oel\/#breadcrumb"},"inLanguage":"de","potentialAction":[{"@type":"ReadAction","target":["https:\/\/marktxxl.de\/markt\/produkt\/teebaumoel-bio-50ml-mit-pipette-100-naturreines-aetherisches-oel-aus-australien-vegan-zur-anwendung-auf-unreiner-haut-hautentzuendungen-anti-pickel-akne-sowie-warzen-und-pilzen-diffuser-oel\/"]}]},{"@type":"ImageObject","inLanguage":"de","@id":"https:\/\/marktxxl.de\/markt\/produkt\/teebaumoel-bio-50ml-mit-pipette-100-naturreines-aetherisches-oel-aus-australien-vegan-zur-anwendung-auf-unreiner-haut-hautentzuendungen-anti-pickel-akne-sowie-warzen-und-pilzen-diffuser-oel\/#primaryimage","url":"https:\/\/m.media-amazon.com\/images\/I\/51Qzy6nvt0S._SL500_.jpg","contentUrl":"https:\/\/m.media-amazon.com\/images\/I\/51Qzy6nvt0S._SL500_.jpg","width":500,"height":500},{"@type":"BreadcrumbList","@id":"https:\/\/marktxxl.de\/markt\/produkt\/teebaumoel-bio-50ml-mit-pipette-100-naturreines-aetherisches-oel-aus-australien-vegan-zur-anwendung-auf-unreiner-haut-hautentzuendungen-anti-pickel-akne-sowie-warzen-und-pilzen-diffuser-oel\/#breadcrumb","itemListElement":[{"@type":"ListItem","position":1,"name":"Startseite","item":"https:\/\/marktxxl.de\/markt\/"},{"@type":"ListItem","position":2,"name":"Markt","item":"https:\/\/marktxxl.de\/markt\/"},{"@type":"ListItem","position":3,"name":"Teebaum\u00f6l BIO 50ml mit Pipette &#8211; 100% naturreines \u00e4therisches \u00d6l aus Australien, vegan &#8211; Diffuser \u00d6l"}]},{"@type":"WebSite","@id":"https:\/\/marktxxl.de\/markt\/#website","url":"https:\/\/marktxxl.de\/markt\/","name":"Markt-XXL","description":"Ihr Markt Online","publisher":{"@id":"https:\/\/marktxxl.de\/markt\/#organization"},"potentialAction":[{"@type":"SearchAction","target":{"@type":"EntryPoint","urlTemplate":"https:\/\/marktxxl.de\/markt\/?s={search_term_string}"},"query-input":{"@type":"PropertyValueSpecification","valueRequired":true,"valueName":"search_term_string"}}],"inLanguage":"de"},{"@type":"Organization","@id":"https:\/\/marktxxl.de\/markt\/#organization","name":"Markt-XXL","url":"https:\/\/marktxxl.de\/markt\/","logo":{"@type":"ImageObject","inLanguage":"de","@id":"https:\/\/marktxxl.de\/markt\/#\/schema\/logo\/image\/","url":"https:\/\/marktxxl.de\/markt\/wp-content\/uploads\/sites\/3\/2020\/12\/logo.png","contentUrl":"https:\/\/marktxxl.de\/markt\/wp-content\/uploads\/sites\/3\/2020\/12\/logo.png","width":200,"height":70,"caption":"Markt-XXL"},"image":{"@id":"https:\/\/marktxxl.de\/markt\/#\/schema\/logo\/image\/"}}]}},"_links":{"self":[{"href":"https:\/\/marktxxl.de\/markt\/wp-json\/wp\/v2\/product\/151452","targetHints":{"allow":["GET"]}}],"collection":[{"href":"https:\/\/marktxxl.de\/markt\/wp-json\/wp\/v2\/product"}],"about":[{"href":"https:\/\/marktxxl.de\/markt\/wp-json\/wp\/v2\/types\/product"}],"replies":[{"embeddable":true,"href":"https:\/\/marktxxl.de\/markt\/wp-json\/wp\/v2\/comments?post=151452"}],"wp:featuredmedia":[{"embeddable":true,"href":"https:\/\/marktxxl.de\/markt\/wp-json\/wp\/v2\/media\/151453"}],"wp:attachment":[{"href":"https:\/\/marktxxl.de\/markt\/wp-json\/wp\/v2\/media?parent=151452"}],"wp:term":[{"taxonomy":"product_brand","embeddable":true,"href":"https:\/\/marktxxl.de\/markt\/wp-json\/wp\/v2\/product_brand?post=151452"},{"taxonomy":"product_cat","embeddable":true,"href":"https:\/\/marktxxl.de\/markt\/wp-json\/wp\/v2\/product_cat?post=151452"},{"taxonomy":"product_tag","embeddable":true,"href":"https:\/\/marktxxl.de\/markt\/wp-json\/wp\/v2\/product_tag?post=151452"}],"curies":[{"name":"wp","href":"https:\/\/api.w.org\/{rel}","templated":true}]}}