{"id":151196,"date":"2022-09-12T05:17:25","date_gmt":"2022-09-12T03:17:25","guid":{"rendered":"https:\/\/marktxxl.de\/markt\/produkt\/berechnet-industries-4065-construction-master-pro-advanced-construction-mathcalculator\/"},"modified":"2023-04-09T04:12:15","modified_gmt":"2023-04-09T02:12:15","slug":"berechnet-industries-4065-construction-master-pro-advanced-construction-mathcalculator","status":"publish","type":"product","link":"https:\/\/marktxxl.de\/markt\/produkt\/berechnet-industries-4065-construction-master-pro-advanced-construction-mathcalculator\/","title":{"rendered":"Berechnet\u00a0Industries\u00a04065\u00a0Construction Master\u00a0Pro Advanced\u00a0Construction\u00a0MathCalculator"},"content":{"rendered":"<p>L\u00f6sen Sie alle Ihre Ma\u00dfmatatik schnell und genau mit den leistungsstarken integrierten L\u00f6sungen des preisgekr\u00f6nten CM Pro Baurechner f\u00fcr die Fertigstellung von Layouts, Pl\u00e4nen, Geboten, Sch\u00e4tzungen und mehr, direkt in den von Ihnen bevorzugten Geb\u00e4uden<br \/>\nErlaubt Ihnen m\u00fcheloses Arbeiten und Umwandeln zwischen allen g\u00e4ngigen Bauma\u00dfformaten: Fu\u00df-Zoll-Fraktionen, Dezimalf\u00fc\u00dfe, Yards und Metrische \u2013 einschlie\u00dflich Fl\u00e4che und Volumen. Plus Umrechnung von Gewicht pro Volumen und D:M:S zu Dezimalgrad<br \/>\nZeitsparende integrierte Funktionen f\u00fcr rechtwinklige Winkel bieten Ihnen sofortige L\u00f6sungen f\u00fcr quadratische Ups, Sparren (Hippe, Tal, Jacks), Rechenw\u00e4nde, H\u00e4nge, Winkel und mehr. Plus komplettes Treppenlayout, fortschrittliche L\u00f6sungen f\u00fcr B\u00f6gen, B\u00f6gen, Kreise, S\u00e4ulen und mehr<br \/>\nVerhindert kostspielige Materialabf\u00e4lle mit integrierten L\u00f6sungen f\u00fcr Dacheindeckungen, Trockenbauw\u00e4nde, Bolzen, Bl\u00f6cke, Betonf\u00fc\u00dfe und Holzsch\u00e4tzungen. Plus Compound Gehrungsfunktionen helfen Ihnen, Fehler bei der Arbeit mit Kronenformen und anderen teuren Fr\u00e4sarbeiten zu vermeiden<br \/>\n<div class=\"main-cross-sell\" data-asin=\"B0007Q3RGQ\">\n\n\t<div class=\"WooZone-cross-sell-loader\">\n\t\t<div>\n\t\t\t<div id=\"floatingBarsG\">\n\t\t\t\t<div class=\"blockG\" id=\"rotateG_01\"><\/div>\n\t\t\t\t<div class=\"blockG\" id=\"rotateG_02\"><\/div>\n\t\t\t\t<div class=\"blockG\" id=\"rotateG_03\"><\/div>\n\t\t\t\t<div class=\"blockG\" id=\"rotateG_04\"><\/div>\n\t\t\t\t<div class=\"blockG\" id=\"rotateG_05\"><\/div>\n\t\t\t\t<div class=\"blockG\" id=\"rotateG_06\"><\/div>\n\t\t\t\t<div class=\"blockG\" id=\"rotateG_07\"><\/div>\n\t\t\t\t<div class=\"blockG\" id=\"rotateG_08\"><\/div>\n\t\t\t<\/div>\n\t\t\t<div class=\"WooZone-cross-sell-loader-text\"><\/div>\n\t\t<\/div>\n\t<\/div>\n\n\t\t\n<\/div>\n<div style=\"clear:both;\"><\/div><\/p>\n","protected":false},"excerpt":{"rendered":"<p>L\u00f6sen Sie alle Ihre Ma\u00dfmatatik schnell und genau mit den leistungsstarken integrierten L\u00f6sungen des preisgekr\u00f6nten CM Pro Baurechner f\u00fcr die Fertigstellung von Layouts, Pl\u00e4nen, Geboten, Sch\u00e4tzungen und mehr, direkt in den von Ihnen bevorzugten Geb\u00e4uden<br \/>\nErlaubt Ihnen m\u00fcheloses Arbeiten und Umwandeln zwischen allen g\u00e4ngigen Bauma\u00dfformaten: Fu\u00df-Zoll-Fraktionen, Dezimalf\u00fc\u00dfe, Yards und Metrische \u2013 einschlie\u00dflich Fl\u00e4che und Volumen. Plus Umrechnung von Gewicht pro Volumen und D:M:S zu Dezimalgrad<br \/>\nZeitsparende integrierte Funktionen f\u00fcr rechtwinklige Winkel bieten Ihnen sofortige L\u00f6sungen f\u00fcr quadratische Ups, Sparren (Hippe, Tal, Jacks), Rechenw\u00e4nde, H\u00e4nge, Winkel und mehr. Plus komplettes Treppenlayout, fortschrittliche L\u00f6sungen f\u00fcr B\u00f6gen, B\u00f6gen, Kreise, S\u00e4ulen und mehr<\/p>\n","protected":false},"featured_media":151197,"comment_status":"open","ping_status":"closed","template":"","meta":[],"product_brand":[],"product_cat":[504,8208],"product_tag":[],"class_list":{"0":"post-151196","1":"product","2":"type-product","3":"status-publish","4":"has-post-thumbnail","6":"product_cat-buerobedarf-schreibwaren","7":"product_cat-bueroelektronik","8":"pa_binding-werkzeug","9":"pa_brand-busch-jaeger-3","10":"pa_brand-calculated-industries","11":"pa_height-0-6-zoll","12":"pa_length-5-75-zoll","13":"pa_manufacturer-calculated-industries","14":"pa_model-41631","15":"pa_weight-0-51-pfund","16":"pa_width-3-zoll","18":"first","19":"instock","20":"shipping-taxable","21":"purchasable","22":"product-type-simple","23":"customify-col","24":"product-has-gallery"},"yoast_head":"<!-- This site is optimized with the Yoast SEO plugin v27.3 - https:\/\/yoast.com\/product\/yoast-seo-wordpress\/ -->\n<title>Berechnet\u00a0Industries\u00a04065\u00a0Construction Master\u00a0Pro Advanced\u00a0Construction\u00a0MathCalculator - Markt-XXL<\/title>\n<meta name=\"description\" content=\"Markt-XXL Berechnet\u00a0Industries\u00a04065\u00a0Construction Master\u00a0Pro Advanced\u00a0Construction\u00a0MathCalculator\" \/>\n<meta name=\"robots\" content=\"index, follow, max-snippet:-1, max-image-preview:large, max-video-preview:-1\" \/>\n<link rel=\"canonical\" href=\"https:\/\/marktxxl.de\/markt\/produkt\/berechnet-industries-4065-construction-master-pro-advanced-construction-mathcalculator\/\" \/>\n<meta property=\"og:locale\" content=\"de_DE\" \/>\n<meta property=\"og:type\" content=\"article\" \/>\n<meta property=\"og:title\" content=\"Berechnet\u00a0Industries\u00a04065\u00a0Construction Master\u00a0Pro Advanced\u00a0Construction\u00a0MathCalculator - Markt-XXL\" \/>\n<meta property=\"og:description\" content=\"Markt-XXL Berechnet\u00a0Industries\u00a04065\u00a0Construction Master\u00a0Pro Advanced\u00a0Construction\u00a0MathCalculator\" \/>\n<meta property=\"og:url\" content=\"https:\/\/marktxxl.de\/markt\/produkt\/berechnet-industries-4065-construction-master-pro-advanced-construction-mathcalculator\/\" \/>\n<meta property=\"og:site_name\" content=\"Markt-XXL\" \/>\n<meta property=\"article:modified_time\" content=\"2023-04-09T02:12:15+00:00\" \/>\n<meta property=\"og:image\" content=\"https:\/\/m.media-amazon.com\/images\/I\/51CnKjD4UsL._SL500_.jpg\" \/>\n\t<meta property=\"og:image:width\" content=\"500\" \/>\n\t<meta property=\"og:image:height\" content=\"500\" \/>\n\t<meta property=\"og:image:type\" content=\"image\/jpeg\" \/>\n<meta name=\"twitter:card\" content=\"summary_large_image\" \/>\n<meta name=\"twitter:label1\" content=\"Gesch\u00e4tzte Lesezeit\" \/>\n\t<meta name=\"twitter:data1\" content=\"1\u00a0Minute\" \/>\n<script type=\"application\/ld+json\" class=\"yoast-schema-graph\">{\"@context\":\"https:\\\/\\\/schema.org\",\"@graph\":[{\"@type\":\"WebPage\",\"@id\":\"https:\\\/\\\/marktxxl.de\\\/markt\\\/produkt\\\/berechnet-industries-4065-construction-master-pro-advanced-construction-mathcalculator\\\/\",\"url\":\"https:\\\/\\\/marktxxl.de\\\/markt\\\/produkt\\\/berechnet-industries-4065-construction-master-pro-advanced-construction-mathcalculator\\\/\",\"name\":\"Berechnet\u00a0Industries\u00a04065\u00a0Construction Master\u00a0Pro Advanced\u00a0Construction\u00a0MathCalculator - Markt-XXL\",\"isPartOf\":{\"@id\":\"https:\\\/\\\/marktxxl.de\\\/markt\\\/#website\"},\"primaryImageOfPage\":{\"@id\":\"https:\\\/\\\/marktxxl.de\\\/markt\\\/produkt\\\/berechnet-industries-4065-construction-master-pro-advanced-construction-mathcalculator\\\/#primaryimage\"},\"image\":{\"@id\":\"https:\\\/\\\/marktxxl.de\\\/markt\\\/produkt\\\/berechnet-industries-4065-construction-master-pro-advanced-construction-mathcalculator\\\/#primaryimage\"},\"thumbnailUrl\":\"https:\\\/\\\/m.media-amazon.com\\\/images\\\/I\\\/51CnKjD4UsL._SL500_.jpg\",\"datePublished\":\"2022-09-12T03:17:25+00:00\",\"dateModified\":\"2023-04-09T02:12:15+00:00\",\"description\":\"Markt-XXL Berechnet\u00a0Industries\u00a04065\u00a0Construction Master\u00a0Pro Advanced\u00a0Construction\u00a0MathCalculator\",\"breadcrumb\":{\"@id\":\"https:\\\/\\\/marktxxl.de\\\/markt\\\/produkt\\\/berechnet-industries-4065-construction-master-pro-advanced-construction-mathcalculator\\\/#breadcrumb\"},\"inLanguage\":\"de\",\"potentialAction\":[{\"@type\":\"ReadAction\",\"target\":[\"https:\\\/\\\/marktxxl.de\\\/markt\\\/produkt\\\/berechnet-industries-4065-construction-master-pro-advanced-construction-mathcalculator\\\/\"]}]},{\"@type\":\"ImageObject\",\"inLanguage\":\"de\",\"@id\":\"https:\\\/\\\/marktxxl.de\\\/markt\\\/produkt\\\/berechnet-industries-4065-construction-master-pro-advanced-construction-mathcalculator\\\/#primaryimage\",\"url\":\"https:\\\/\\\/m.media-amazon.com\\\/images\\\/I\\\/51CnKjD4UsL._SL500_.jpg\",\"contentUrl\":\"https:\\\/\\\/m.media-amazon.com\\\/images\\\/I\\\/51CnKjD4UsL._SL500_.jpg\",\"width\":500,\"height\":500},{\"@type\":\"BreadcrumbList\",\"@id\":\"https:\\\/\\\/marktxxl.de\\\/markt\\\/produkt\\\/berechnet-industries-4065-construction-master-pro-advanced-construction-mathcalculator\\\/#breadcrumb\",\"itemListElement\":[{\"@type\":\"ListItem\",\"position\":1,\"name\":\"Startseite\",\"item\":\"https:\\\/\\\/marktxxl.de\\\/markt\\\/\"},{\"@type\":\"ListItem\",\"position\":2,\"name\":\"Markt\",\"item\":\"https:\\\/\\\/marktxxl.de\\\/markt\\\/\"},{\"@type\":\"ListItem\",\"position\":3,\"name\":\"Berechnet\u00a0Industries\u00a04065\u00a0Construction Master\u00a0Pro Advanced\u00a0Construction\u00a0MathCalculator\"}]},{\"@type\":\"WebSite\",\"@id\":\"https:\\\/\\\/marktxxl.de\\\/markt\\\/#website\",\"url\":\"https:\\\/\\\/marktxxl.de\\\/markt\\\/\",\"name\":\"Markt-XXL\",\"description\":\"Ihr Markt Online\",\"publisher\":{\"@id\":\"https:\\\/\\\/marktxxl.de\\\/markt\\\/#organization\"},\"potentialAction\":[{\"@type\":\"SearchAction\",\"target\":{\"@type\":\"EntryPoint\",\"urlTemplate\":\"https:\\\/\\\/marktxxl.de\\\/markt\\\/?s={search_term_string}\"},\"query-input\":{\"@type\":\"PropertyValueSpecification\",\"valueRequired\":true,\"valueName\":\"search_term_string\"}}],\"inLanguage\":\"de\"},{\"@type\":\"Organization\",\"@id\":\"https:\\\/\\\/marktxxl.de\\\/markt\\\/#organization\",\"name\":\"Markt-XXL\",\"url\":\"https:\\\/\\\/marktxxl.de\\\/markt\\\/\",\"logo\":{\"@type\":\"ImageObject\",\"inLanguage\":\"de\",\"@id\":\"https:\\\/\\\/marktxxl.de\\\/markt\\\/#\\\/schema\\\/logo\\\/image\\\/\",\"url\":\"https:\\\/\\\/marktxxl.de\\\/markt\\\/wp-content\\\/uploads\\\/sites\\\/3\\\/2020\\\/12\\\/logo.png\",\"contentUrl\":\"https:\\\/\\\/marktxxl.de\\\/markt\\\/wp-content\\\/uploads\\\/sites\\\/3\\\/2020\\\/12\\\/logo.png\",\"width\":200,\"height\":70,\"caption\":\"Markt-XXL\"},\"image\":{\"@id\":\"https:\\\/\\\/marktxxl.de\\\/markt\\\/#\\\/schema\\\/logo\\\/image\\\/\"}}]}<\/script>\n<!-- \/ Yoast SEO plugin. -->","yoast_head_json":{"title":"Berechnet\u00a0Industries\u00a04065\u00a0Construction Master\u00a0Pro Advanced\u00a0Construction\u00a0MathCalculator - Markt-XXL","description":"Markt-XXL Berechnet\u00a0Industries\u00a04065\u00a0Construction Master\u00a0Pro Advanced\u00a0Construction\u00a0MathCalculator","robots":{"index":"index","follow":"follow","max-snippet":"max-snippet:-1","max-image-preview":"max-image-preview:large","max-video-preview":"max-video-preview:-1"},"canonical":"https:\/\/marktxxl.de\/markt\/produkt\/berechnet-industries-4065-construction-master-pro-advanced-construction-mathcalculator\/","og_locale":"de_DE","og_type":"article","og_title":"Berechnet\u00a0Industries\u00a04065\u00a0Construction Master\u00a0Pro Advanced\u00a0Construction\u00a0MathCalculator - Markt-XXL","og_description":"Markt-XXL Berechnet\u00a0Industries\u00a04065\u00a0Construction Master\u00a0Pro Advanced\u00a0Construction\u00a0MathCalculator","og_url":"https:\/\/marktxxl.de\/markt\/produkt\/berechnet-industries-4065-construction-master-pro-advanced-construction-mathcalculator\/","og_site_name":"Markt-XXL","article_modified_time":"2023-04-09T02:12:15+00:00","og_image":[{"width":500,"height":500,"url":"https:\/\/m.media-amazon.com\/images\/I\/51CnKjD4UsL._SL500_.jpg","type":"image\/jpeg"}],"twitter_card":"summary_large_image","twitter_misc":{"Gesch\u00e4tzte Lesezeit":"1\u00a0Minute"},"schema":{"@context":"https:\/\/schema.org","@graph":[{"@type":"WebPage","@id":"https:\/\/marktxxl.de\/markt\/produkt\/berechnet-industries-4065-construction-master-pro-advanced-construction-mathcalculator\/","url":"https:\/\/marktxxl.de\/markt\/produkt\/berechnet-industries-4065-construction-master-pro-advanced-construction-mathcalculator\/","name":"Berechnet\u00a0Industries\u00a04065\u00a0Construction Master\u00a0Pro Advanced\u00a0Construction\u00a0MathCalculator - Markt-XXL","isPartOf":{"@id":"https:\/\/marktxxl.de\/markt\/#website"},"primaryImageOfPage":{"@id":"https:\/\/marktxxl.de\/markt\/produkt\/berechnet-industries-4065-construction-master-pro-advanced-construction-mathcalculator\/#primaryimage"},"image":{"@id":"https:\/\/marktxxl.de\/markt\/produkt\/berechnet-industries-4065-construction-master-pro-advanced-construction-mathcalculator\/#primaryimage"},"thumbnailUrl":"https:\/\/m.media-amazon.com\/images\/I\/51CnKjD4UsL._SL500_.jpg","datePublished":"2022-09-12T03:17:25+00:00","dateModified":"2023-04-09T02:12:15+00:00","description":"Markt-XXL Berechnet\u00a0Industries\u00a04065\u00a0Construction Master\u00a0Pro Advanced\u00a0Construction\u00a0MathCalculator","breadcrumb":{"@id":"https:\/\/marktxxl.de\/markt\/produkt\/berechnet-industries-4065-construction-master-pro-advanced-construction-mathcalculator\/#breadcrumb"},"inLanguage":"de","potentialAction":[{"@type":"ReadAction","target":["https:\/\/marktxxl.de\/markt\/produkt\/berechnet-industries-4065-construction-master-pro-advanced-construction-mathcalculator\/"]}]},{"@type":"ImageObject","inLanguage":"de","@id":"https:\/\/marktxxl.de\/markt\/produkt\/berechnet-industries-4065-construction-master-pro-advanced-construction-mathcalculator\/#primaryimage","url":"https:\/\/m.media-amazon.com\/images\/I\/51CnKjD4UsL._SL500_.jpg","contentUrl":"https:\/\/m.media-amazon.com\/images\/I\/51CnKjD4UsL._SL500_.jpg","width":500,"height":500},{"@type":"BreadcrumbList","@id":"https:\/\/marktxxl.de\/markt\/produkt\/berechnet-industries-4065-construction-master-pro-advanced-construction-mathcalculator\/#breadcrumb","itemListElement":[{"@type":"ListItem","position":1,"name":"Startseite","item":"https:\/\/marktxxl.de\/markt\/"},{"@type":"ListItem","position":2,"name":"Markt","item":"https:\/\/marktxxl.de\/markt\/"},{"@type":"ListItem","position":3,"name":"Berechnet\u00a0Industries\u00a04065\u00a0Construction Master\u00a0Pro Advanced\u00a0Construction\u00a0MathCalculator"}]},{"@type":"WebSite","@id":"https:\/\/marktxxl.de\/markt\/#website","url":"https:\/\/marktxxl.de\/markt\/","name":"Markt-XXL","description":"Ihr Markt Online","publisher":{"@id":"https:\/\/marktxxl.de\/markt\/#organization"},"potentialAction":[{"@type":"SearchAction","target":{"@type":"EntryPoint","urlTemplate":"https:\/\/marktxxl.de\/markt\/?s={search_term_string}"},"query-input":{"@type":"PropertyValueSpecification","valueRequired":true,"valueName":"search_term_string"}}],"inLanguage":"de"},{"@type":"Organization","@id":"https:\/\/marktxxl.de\/markt\/#organization","name":"Markt-XXL","url":"https:\/\/marktxxl.de\/markt\/","logo":{"@type":"ImageObject","inLanguage":"de","@id":"https:\/\/marktxxl.de\/markt\/#\/schema\/logo\/image\/","url":"https:\/\/marktxxl.de\/markt\/wp-content\/uploads\/sites\/3\/2020\/12\/logo.png","contentUrl":"https:\/\/marktxxl.de\/markt\/wp-content\/uploads\/sites\/3\/2020\/12\/logo.png","width":200,"height":70,"caption":"Markt-XXL"},"image":{"@id":"https:\/\/marktxxl.de\/markt\/#\/schema\/logo\/image\/"}}]}},"_links":{"self":[{"href":"https:\/\/marktxxl.de\/markt\/wp-json\/wp\/v2\/product\/151196","targetHints":{"allow":["GET"]}}],"collection":[{"href":"https:\/\/marktxxl.de\/markt\/wp-json\/wp\/v2\/product"}],"about":[{"href":"https:\/\/marktxxl.de\/markt\/wp-json\/wp\/v2\/types\/product"}],"replies":[{"embeddable":true,"href":"https:\/\/marktxxl.de\/markt\/wp-json\/wp\/v2\/comments?post=151196"}],"wp:featuredmedia":[{"embeddable":true,"href":"https:\/\/marktxxl.de\/markt\/wp-json\/wp\/v2\/media\/151197"}],"wp:attachment":[{"href":"https:\/\/marktxxl.de\/markt\/wp-json\/wp\/v2\/media?parent=151196"}],"wp:term":[{"taxonomy":"product_brand","embeddable":true,"href":"https:\/\/marktxxl.de\/markt\/wp-json\/wp\/v2\/product_brand?post=151196"},{"taxonomy":"product_cat","embeddable":true,"href":"https:\/\/marktxxl.de\/markt\/wp-json\/wp\/v2\/product_cat?post=151196"},{"taxonomy":"product_tag","embeddable":true,"href":"https:\/\/marktxxl.de\/markt\/wp-json\/wp\/v2\/product_tag?post=151196"}],"curies":[{"name":"wp","href":"https:\/\/api.w.org\/{rel}","templated":true}]}}