{"id":151100,"date":"2022-09-12T05:13:24","date_gmt":"2022-09-12T03:13:24","guid":{"rendered":"https:\/\/marktxxl.de\/markt\/produkt\/liebessa-3d-pop-up-karte-eule-mit-doktorhut-endlich-geschafft-geschenk-zum-abi-bachelor-master-meister-schulabschluss-doktor-uni-abschlusspruefung\/"},"modified":"2023-04-08T04:00:26","modified_gmt":"2023-04-08T02:00:26","slug":"liebessa-3d-pop-up-karte-eule-mit-doktorhut-endlich-geschafft-geschenk-zum-abi-bachelor-master-meister-schulabschluss-doktor-uni-abschlusspruefung","status":"publish","type":"product","link":"https:\/\/marktxxl.de\/markt\/produkt\/liebessa-3d-pop-up-karte-eule-mit-doktorhut-endlich-geschafft-geschenk-zum-abi-bachelor-master-meister-schulabschluss-doktor-uni-abschlusspruefung\/","title":{"rendered":"Liebessa\u00ae 3D Pop Up Karte &#8211; Eule mit Doktorhut &#8211; Endlich! Geschafft! Geschenk zum Abi, Bachelor, Master, Meister\u2026"},"content":{"rendered":"<p>\ud83d\ude42 [LIEBESSA WOW-Effekt] &#8211; Erst beim \u00f6ffnen der Gl\u00fcckwunschkarte sieht man pl\u00f6tzlich die Eule mit dem Doktorhut und der Gru\u00dfnachricht &#8220;Endlich! Geschafft!&#8221;. Da wird sich der\/die Beschenkte richtig freuen und l\u00e4cheln.<br \/>\n\ud83d\ude42 [Besondere Erinnerung] &#8211; Die Gl\u00fcckwunsch-Karte wird in Erinnerung bleiben, weil das keine gew\u00f6hnliche flache Karte ist, sondern eine hochwertige handgemachte 3D Karte. Sie haben noch genug Platz, um Ihre pers\u00f6nliche Nachricht in der Karte handschriftlich zu hinterlassen, denn aufgeklappt ist sie ca. 30cm x 15cm gro\u00df.<br \/>\n\u2705 [Fertig zum Verschenken] &#8211; Die Gru\u00dfkarte wird zusammen mit einem Umschlag geliefert. In den Umschlag passt nat\u00fcrlich ein Gutschein oder eine Konzertkarte rein.<br \/>\n\u2705 [LIEBESSA Qualit\u00e4t] &#8211; Jede Karte wird in mehren Arbeitsschritten liebevoll zusammengebaut. Das Papier ist extra dick, haltbar und hochwertig, die Karte kann Jahrzehnte als Erinnerung \u00fcberdauern. Die einzelnen Elemente werden mit einem Laser absolut genau ausgeschnitten.<br \/>\n\u2705 [LIEBESSA Versprechen] &#8211; Sollten Sie Fragen oder ein Problem haben, so hilft unser Support aus Hamburg absolut unb\u00fcrokratisch. Wir stehen zu unseren Produkten.<br \/>\n<div class=\"main-cross-sell\" data-asin=\"B08YYSG8HS\">\n\n\t<div class=\"WooZone-cross-sell-loader\">\n\t\t<div>\n\t\t\t<div id=\"floatingBarsG\">\n\t\t\t\t<div class=\"blockG\" id=\"rotateG_01\"><\/div>\n\t\t\t\t<div class=\"blockG\" id=\"rotateG_02\"><\/div>\n\t\t\t\t<div class=\"blockG\" id=\"rotateG_03\"><\/div>\n\t\t\t\t<div class=\"blockG\" id=\"rotateG_04\"><\/div>\n\t\t\t\t<div class=\"blockG\" id=\"rotateG_05\"><\/div>\n\t\t\t\t<div class=\"blockG\" id=\"rotateG_06\"><\/div>\n\t\t\t\t<div class=\"blockG\" id=\"rotateG_07\"><\/div>\n\t\t\t\t<div class=\"blockG\" id=\"rotateG_08\"><\/div>\n\t\t\t<\/div>\n\t\t\t<div class=\"WooZone-cross-sell-loader-text\"><\/div>\n\t\t<\/div>\n\t<\/div>\n\n\t\t\n<\/div>\n<div style=\"clear:both;\"><\/div><\/p>\n","protected":false},"excerpt":{"rendered":"<p>\ud83d\ude42 [LIEBESSA WOW-Effekt] &#8211; Erst beim \u00f6ffnen der Gl\u00fcckwunschkarte sieht man pl\u00f6tzlich die Eule mit dem Doktorhut und der Gru\u00dfnachricht &#8220;Endlich! Geschafft!&#8221;. Da wird sich der\/die Beschenkte richtig freuen und l\u00e4cheln.<br \/>\n\ud83d\ude42 [Besondere Erinnerung] &#8211; Die Gl\u00fcckwunsch-Karte wird in Erinnerung bleiben, weil das keine gew\u00f6hnliche flache Karte ist, sondern eine hochwertige handgemachte 3D Karte. Sie haben noch genug Platz, um Ihre pers\u00f6nliche Nachricht in der Karte handschriftlich zu hinterlassen, denn aufgeklappt ist sie ca. 30cm x 15cm gro\u00df.<br \/>\n\u2705 [Fertig zum Verschenken] &#8211; Die Gru\u00dfkarte wird zusammen mit einem Umschlag geliefert. In den Umschlag passt nat\u00fcrlich ein Gutschein oder eine Konzertkarte rein.<\/p>\n","protected":false},"featured_media":151101,"comment_status":"open","ping_status":"closed","template":"","meta":[],"product_brand":[],"product_cat":[504],"product_tag":[],"class_list":{"0":"post-151100","1":"product","2":"type-product","3":"status-publish","4":"has-post-thumbnail","6":"product_cat-buerobedarf-schreibwaren","7":"pa_brand-liebessa","8":"pa_languages-unbekannt-deutsch-unbekannt-englisch-unbekannt-franzoesisch-unbekannt-russisch","9":"pa_size-aufgeklappt-30cm-x-15cm","11":"first","12":"instock","13":"shipping-taxable","14":"purchasable","15":"product-type-simple","16":"customify-col","17":"product-has-gallery"},"yoast_head":"<!-- This site is optimized with the Yoast SEO plugin v27.3 - https:\/\/yoast.com\/product\/yoast-seo-wordpress\/ -->\n<title>Liebessa\u00ae 3D Pop Up Karte - Eule mit Doktorhut - Endlich! Geschafft! Geschenk zum Abi, Bachelor, Master, Meister\u2026 - Markt-XXL<\/title>\n<meta name=\"description\" content=\"Markt-XXL Liebessa\u00ae 3D Pop Up Karte - Eule mit Doktorhut - Endlich! Geschafft! Geschenk zum Abi, Bachelor, Master, Meister\u2026\" \/>\n<meta name=\"robots\" content=\"index, follow, max-snippet:-1, max-image-preview:large, max-video-preview:-1\" \/>\n<link rel=\"canonical\" href=\"https:\/\/marktxxl.de\/markt\/produkt\/liebessa-3d-pop-up-karte-eule-mit-doktorhut-endlich-geschafft-geschenk-zum-abi-bachelor-master-meister-schulabschluss-doktor-uni-abschlusspruefung\/\" \/>\n<meta property=\"og:locale\" content=\"de_DE\" \/>\n<meta property=\"og:type\" content=\"article\" \/>\n<meta property=\"og:title\" content=\"Liebessa\u00ae 3D Pop Up Karte - Eule mit Doktorhut - Endlich! Geschafft! Geschenk zum Abi, Bachelor, Master, Meister\u2026 - Markt-XXL\" \/>\n<meta property=\"og:description\" content=\"Markt-XXL Liebessa\u00ae 3D Pop Up Karte - Eule mit Doktorhut - Endlich! Geschafft! Geschenk zum Abi, Bachelor, Master, Meister\u2026\" \/>\n<meta property=\"og:url\" content=\"https:\/\/marktxxl.de\/markt\/produkt\/liebessa-3d-pop-up-karte-eule-mit-doktorhut-endlich-geschafft-geschenk-zum-abi-bachelor-master-meister-schulabschluss-doktor-uni-abschlusspruefung\/\" \/>\n<meta property=\"og:site_name\" content=\"Markt-XXL\" \/>\n<meta property=\"article:modified_time\" content=\"2023-04-08T02:00:26+00:00\" \/>\n<meta property=\"og:image\" content=\"https:\/\/m.media-amazon.com\/images\/I\/515YjiJNFAS._SL500_.jpg\" \/>\n\t<meta property=\"og:image:width\" content=\"500\" \/>\n\t<meta property=\"og:image:height\" content=\"500\" \/>\n\t<meta property=\"og:image:type\" content=\"image\/jpeg\" \/>\n<meta name=\"twitter:card\" content=\"summary_large_image\" \/>\n<meta name=\"twitter:label1\" content=\"Gesch\u00e4tzte Lesezeit\" \/>\n\t<meta name=\"twitter:data1\" content=\"1\u00a0Minute\" \/>\n<script type=\"application\/ld+json\" class=\"yoast-schema-graph\">{\"@context\":\"https:\\\/\\\/schema.org\",\"@graph\":[{\"@type\":\"WebPage\",\"@id\":\"https:\\\/\\\/marktxxl.de\\\/markt\\\/produkt\\\/liebessa-3d-pop-up-karte-eule-mit-doktorhut-endlich-geschafft-geschenk-zum-abi-bachelor-master-meister-schulabschluss-doktor-uni-abschlusspruefung\\\/\",\"url\":\"https:\\\/\\\/marktxxl.de\\\/markt\\\/produkt\\\/liebessa-3d-pop-up-karte-eule-mit-doktorhut-endlich-geschafft-geschenk-zum-abi-bachelor-master-meister-schulabschluss-doktor-uni-abschlusspruefung\\\/\",\"name\":\"Liebessa\u00ae 3D Pop Up Karte - Eule mit Doktorhut - Endlich! Geschafft! Geschenk zum Abi, Bachelor, Master, Meister\u2026 - Markt-XXL\",\"isPartOf\":{\"@id\":\"https:\\\/\\\/marktxxl.de\\\/markt\\\/#website\"},\"primaryImageOfPage\":{\"@id\":\"https:\\\/\\\/marktxxl.de\\\/markt\\\/produkt\\\/liebessa-3d-pop-up-karte-eule-mit-doktorhut-endlich-geschafft-geschenk-zum-abi-bachelor-master-meister-schulabschluss-doktor-uni-abschlusspruefung\\\/#primaryimage\"},\"image\":{\"@id\":\"https:\\\/\\\/marktxxl.de\\\/markt\\\/produkt\\\/liebessa-3d-pop-up-karte-eule-mit-doktorhut-endlich-geschafft-geschenk-zum-abi-bachelor-master-meister-schulabschluss-doktor-uni-abschlusspruefung\\\/#primaryimage\"},\"thumbnailUrl\":\"https:\\\/\\\/m.media-amazon.com\\\/images\\\/I\\\/515YjiJNFAS._SL500_.jpg\",\"datePublished\":\"2022-09-12T03:13:24+00:00\",\"dateModified\":\"2023-04-08T02:00:26+00:00\",\"description\":\"Markt-XXL Liebessa\u00ae 3D Pop Up Karte - Eule mit Doktorhut - Endlich! Geschafft! Geschenk zum Abi, Bachelor, Master, Meister\u2026\",\"breadcrumb\":{\"@id\":\"https:\\\/\\\/marktxxl.de\\\/markt\\\/produkt\\\/liebessa-3d-pop-up-karte-eule-mit-doktorhut-endlich-geschafft-geschenk-zum-abi-bachelor-master-meister-schulabschluss-doktor-uni-abschlusspruefung\\\/#breadcrumb\"},\"inLanguage\":\"de\",\"potentialAction\":[{\"@type\":\"ReadAction\",\"target\":[\"https:\\\/\\\/marktxxl.de\\\/markt\\\/produkt\\\/liebessa-3d-pop-up-karte-eule-mit-doktorhut-endlich-geschafft-geschenk-zum-abi-bachelor-master-meister-schulabschluss-doktor-uni-abschlusspruefung\\\/\"]}]},{\"@type\":\"ImageObject\",\"inLanguage\":\"de\",\"@id\":\"https:\\\/\\\/marktxxl.de\\\/markt\\\/produkt\\\/liebessa-3d-pop-up-karte-eule-mit-doktorhut-endlich-geschafft-geschenk-zum-abi-bachelor-master-meister-schulabschluss-doktor-uni-abschlusspruefung\\\/#primaryimage\",\"url\":\"https:\\\/\\\/m.media-amazon.com\\\/images\\\/I\\\/515YjiJNFAS._SL500_.jpg\",\"contentUrl\":\"https:\\\/\\\/m.media-amazon.com\\\/images\\\/I\\\/515YjiJNFAS._SL500_.jpg\",\"width\":500,\"height\":500},{\"@type\":\"BreadcrumbList\",\"@id\":\"https:\\\/\\\/marktxxl.de\\\/markt\\\/produkt\\\/liebessa-3d-pop-up-karte-eule-mit-doktorhut-endlich-geschafft-geschenk-zum-abi-bachelor-master-meister-schulabschluss-doktor-uni-abschlusspruefung\\\/#breadcrumb\",\"itemListElement\":[{\"@type\":\"ListItem\",\"position\":1,\"name\":\"Startseite\",\"item\":\"https:\\\/\\\/marktxxl.de\\\/markt\\\/\"},{\"@type\":\"ListItem\",\"position\":2,\"name\":\"Markt\",\"item\":\"https:\\\/\\\/marktxxl.de\\\/markt\\\/\"},{\"@type\":\"ListItem\",\"position\":3,\"name\":\"Liebessa\u00ae 3D Pop Up Karte &#8211; Eule mit Doktorhut &#8211; Endlich! Geschafft! Geschenk zum Abi, Bachelor, Master, Meister\u2026\"}]},{\"@type\":\"WebSite\",\"@id\":\"https:\\\/\\\/marktxxl.de\\\/markt\\\/#website\",\"url\":\"https:\\\/\\\/marktxxl.de\\\/markt\\\/\",\"name\":\"Markt-XXL\",\"description\":\"Ihr Markt Online\",\"publisher\":{\"@id\":\"https:\\\/\\\/marktxxl.de\\\/markt\\\/#organization\"},\"potentialAction\":[{\"@type\":\"SearchAction\",\"target\":{\"@type\":\"EntryPoint\",\"urlTemplate\":\"https:\\\/\\\/marktxxl.de\\\/markt\\\/?s={search_term_string}\"},\"query-input\":{\"@type\":\"PropertyValueSpecification\",\"valueRequired\":true,\"valueName\":\"search_term_string\"}}],\"inLanguage\":\"de\"},{\"@type\":\"Organization\",\"@id\":\"https:\\\/\\\/marktxxl.de\\\/markt\\\/#organization\",\"name\":\"Markt-XXL\",\"url\":\"https:\\\/\\\/marktxxl.de\\\/markt\\\/\",\"logo\":{\"@type\":\"ImageObject\",\"inLanguage\":\"de\",\"@id\":\"https:\\\/\\\/marktxxl.de\\\/markt\\\/#\\\/schema\\\/logo\\\/image\\\/\",\"url\":\"https:\\\/\\\/marktxxl.de\\\/markt\\\/wp-content\\\/uploads\\\/sites\\\/3\\\/2020\\\/12\\\/logo.png\",\"contentUrl\":\"https:\\\/\\\/marktxxl.de\\\/markt\\\/wp-content\\\/uploads\\\/sites\\\/3\\\/2020\\\/12\\\/logo.png\",\"width\":200,\"height\":70,\"caption\":\"Markt-XXL\"},\"image\":{\"@id\":\"https:\\\/\\\/marktxxl.de\\\/markt\\\/#\\\/schema\\\/logo\\\/image\\\/\"}}]}<\/script>\n<!-- \/ Yoast SEO plugin. -->","yoast_head_json":{"title":"Liebessa\u00ae 3D Pop Up Karte - Eule mit Doktorhut - Endlich! Geschafft! Geschenk zum Abi, Bachelor, Master, Meister\u2026 - Markt-XXL","description":"Markt-XXL Liebessa\u00ae 3D Pop Up Karte - Eule mit Doktorhut - Endlich! Geschafft! Geschenk zum Abi, Bachelor, Master, Meister\u2026","robots":{"index":"index","follow":"follow","max-snippet":"max-snippet:-1","max-image-preview":"max-image-preview:large","max-video-preview":"max-video-preview:-1"},"canonical":"https:\/\/marktxxl.de\/markt\/produkt\/liebessa-3d-pop-up-karte-eule-mit-doktorhut-endlich-geschafft-geschenk-zum-abi-bachelor-master-meister-schulabschluss-doktor-uni-abschlusspruefung\/","og_locale":"de_DE","og_type":"article","og_title":"Liebessa\u00ae 3D Pop Up Karte - Eule mit Doktorhut - Endlich! Geschafft! Geschenk zum Abi, Bachelor, Master, Meister\u2026 - Markt-XXL","og_description":"Markt-XXL Liebessa\u00ae 3D Pop Up Karte - Eule mit Doktorhut - Endlich! Geschafft! Geschenk zum Abi, Bachelor, Master, Meister\u2026","og_url":"https:\/\/marktxxl.de\/markt\/produkt\/liebessa-3d-pop-up-karte-eule-mit-doktorhut-endlich-geschafft-geschenk-zum-abi-bachelor-master-meister-schulabschluss-doktor-uni-abschlusspruefung\/","og_site_name":"Markt-XXL","article_modified_time":"2023-04-08T02:00:26+00:00","og_image":[{"width":500,"height":500,"url":"https:\/\/m.media-amazon.com\/images\/I\/515YjiJNFAS._SL500_.jpg","type":"image\/jpeg"}],"twitter_card":"summary_large_image","twitter_misc":{"Gesch\u00e4tzte Lesezeit":"1\u00a0Minute"},"schema":{"@context":"https:\/\/schema.org","@graph":[{"@type":"WebPage","@id":"https:\/\/marktxxl.de\/markt\/produkt\/liebessa-3d-pop-up-karte-eule-mit-doktorhut-endlich-geschafft-geschenk-zum-abi-bachelor-master-meister-schulabschluss-doktor-uni-abschlusspruefung\/","url":"https:\/\/marktxxl.de\/markt\/produkt\/liebessa-3d-pop-up-karte-eule-mit-doktorhut-endlich-geschafft-geschenk-zum-abi-bachelor-master-meister-schulabschluss-doktor-uni-abschlusspruefung\/","name":"Liebessa\u00ae 3D Pop Up Karte - Eule mit Doktorhut - Endlich! Geschafft! Geschenk zum Abi, Bachelor, Master, Meister\u2026 - Markt-XXL","isPartOf":{"@id":"https:\/\/marktxxl.de\/markt\/#website"},"primaryImageOfPage":{"@id":"https:\/\/marktxxl.de\/markt\/produkt\/liebessa-3d-pop-up-karte-eule-mit-doktorhut-endlich-geschafft-geschenk-zum-abi-bachelor-master-meister-schulabschluss-doktor-uni-abschlusspruefung\/#primaryimage"},"image":{"@id":"https:\/\/marktxxl.de\/markt\/produkt\/liebessa-3d-pop-up-karte-eule-mit-doktorhut-endlich-geschafft-geschenk-zum-abi-bachelor-master-meister-schulabschluss-doktor-uni-abschlusspruefung\/#primaryimage"},"thumbnailUrl":"https:\/\/m.media-amazon.com\/images\/I\/515YjiJNFAS._SL500_.jpg","datePublished":"2022-09-12T03:13:24+00:00","dateModified":"2023-04-08T02:00:26+00:00","description":"Markt-XXL Liebessa\u00ae 3D Pop Up Karte - Eule mit Doktorhut - Endlich! Geschafft! Geschenk zum Abi, Bachelor, Master, Meister\u2026","breadcrumb":{"@id":"https:\/\/marktxxl.de\/markt\/produkt\/liebessa-3d-pop-up-karte-eule-mit-doktorhut-endlich-geschafft-geschenk-zum-abi-bachelor-master-meister-schulabschluss-doktor-uni-abschlusspruefung\/#breadcrumb"},"inLanguage":"de","potentialAction":[{"@type":"ReadAction","target":["https:\/\/marktxxl.de\/markt\/produkt\/liebessa-3d-pop-up-karte-eule-mit-doktorhut-endlich-geschafft-geschenk-zum-abi-bachelor-master-meister-schulabschluss-doktor-uni-abschlusspruefung\/"]}]},{"@type":"ImageObject","inLanguage":"de","@id":"https:\/\/marktxxl.de\/markt\/produkt\/liebessa-3d-pop-up-karte-eule-mit-doktorhut-endlich-geschafft-geschenk-zum-abi-bachelor-master-meister-schulabschluss-doktor-uni-abschlusspruefung\/#primaryimage","url":"https:\/\/m.media-amazon.com\/images\/I\/515YjiJNFAS._SL500_.jpg","contentUrl":"https:\/\/m.media-amazon.com\/images\/I\/515YjiJNFAS._SL500_.jpg","width":500,"height":500},{"@type":"BreadcrumbList","@id":"https:\/\/marktxxl.de\/markt\/produkt\/liebessa-3d-pop-up-karte-eule-mit-doktorhut-endlich-geschafft-geschenk-zum-abi-bachelor-master-meister-schulabschluss-doktor-uni-abschlusspruefung\/#breadcrumb","itemListElement":[{"@type":"ListItem","position":1,"name":"Startseite","item":"https:\/\/marktxxl.de\/markt\/"},{"@type":"ListItem","position":2,"name":"Markt","item":"https:\/\/marktxxl.de\/markt\/"},{"@type":"ListItem","position":3,"name":"Liebessa\u00ae 3D Pop Up Karte &#8211; Eule mit Doktorhut &#8211; Endlich! Geschafft! Geschenk zum Abi, Bachelor, Master, Meister\u2026"}]},{"@type":"WebSite","@id":"https:\/\/marktxxl.de\/markt\/#website","url":"https:\/\/marktxxl.de\/markt\/","name":"Markt-XXL","description":"Ihr Markt Online","publisher":{"@id":"https:\/\/marktxxl.de\/markt\/#organization"},"potentialAction":[{"@type":"SearchAction","target":{"@type":"EntryPoint","urlTemplate":"https:\/\/marktxxl.de\/markt\/?s={search_term_string}"},"query-input":{"@type":"PropertyValueSpecification","valueRequired":true,"valueName":"search_term_string"}}],"inLanguage":"de"},{"@type":"Organization","@id":"https:\/\/marktxxl.de\/markt\/#organization","name":"Markt-XXL","url":"https:\/\/marktxxl.de\/markt\/","logo":{"@type":"ImageObject","inLanguage":"de","@id":"https:\/\/marktxxl.de\/markt\/#\/schema\/logo\/image\/","url":"https:\/\/marktxxl.de\/markt\/wp-content\/uploads\/sites\/3\/2020\/12\/logo.png","contentUrl":"https:\/\/marktxxl.de\/markt\/wp-content\/uploads\/sites\/3\/2020\/12\/logo.png","width":200,"height":70,"caption":"Markt-XXL"},"image":{"@id":"https:\/\/marktxxl.de\/markt\/#\/schema\/logo\/image\/"}}]}},"_links":{"self":[{"href":"https:\/\/marktxxl.de\/markt\/wp-json\/wp\/v2\/product\/151100","targetHints":{"allow":["GET"]}}],"collection":[{"href":"https:\/\/marktxxl.de\/markt\/wp-json\/wp\/v2\/product"}],"about":[{"href":"https:\/\/marktxxl.de\/markt\/wp-json\/wp\/v2\/types\/product"}],"replies":[{"embeddable":true,"href":"https:\/\/marktxxl.de\/markt\/wp-json\/wp\/v2\/comments?post=151100"}],"wp:featuredmedia":[{"embeddable":true,"href":"https:\/\/marktxxl.de\/markt\/wp-json\/wp\/v2\/media\/151101"}],"wp:attachment":[{"href":"https:\/\/marktxxl.de\/markt\/wp-json\/wp\/v2\/media?parent=151100"}],"wp:term":[{"taxonomy":"product_brand","embeddable":true,"href":"https:\/\/marktxxl.de\/markt\/wp-json\/wp\/v2\/product_brand?post=151100"},{"taxonomy":"product_cat","embeddable":true,"href":"https:\/\/marktxxl.de\/markt\/wp-json\/wp\/v2\/product_cat?post=151100"},{"taxonomy":"product_tag","embeddable":true,"href":"https:\/\/marktxxl.de\/markt\/wp-json\/wp\/v2\/product_tag?post=151100"}],"curies":[{"name":"wp","href":"https:\/\/api.w.org\/{rel}","templated":true}]}}