{"id":151067,"date":"2022-09-12T05:10:52","date_gmt":"2022-09-12T03:10:52","guid":{"rendered":"https:\/\/marktxxl.de\/markt\/produkt\/paper-mate-sharpie-rotring-elmers-schreibwaren-kugelschreiber-gelschreiber-marker-textmarker-hb-stifte-klebestift-perfekt-fuer-schule-und-buero-23-stueck\/"},"modified":"2023-04-08T04:00:26","modified_gmt":"2023-04-08T02:00:26","slug":"paper-mate-sharpie-rotring-elmers-schreibwaren-kugelschreiber-gelschreiber-marker-textmarker-hb-stifte-klebestift-perfekt-fuer-schule-und-buero-23-stueck","status":"publish","type":"product","link":"https:\/\/marktxxl.de\/markt\/produkt\/paper-mate-sharpie-rotring-elmers-schreibwaren-kugelschreiber-gelschreiber-marker-textmarker-hb-stifte-klebestift-perfekt-fuer-schule-und-buero-23-stueck\/","title":{"rendered":"PAPER MATE, Sharpie, rOtring &amp; Elmer&#8217;s Schreibwaren | Kugelschreiber, Gelschreiber, Marker, Textmarker, HB-Stifte\u2026"},"content":{"rendered":"<p>Ein unverzichtbares Schreibwarenset mit allem, was Sie f\u00fcr die Schule oder das B\u00fcro brauchen<br \/>\n4\u00a0x blaue Paper Mate InkJoy 100ST Kugelschreiber: Dank der leicht flie\u00dfenden blauen Tinte k\u00f6nnen Sie Ihre Gedanken m\u00fchelos zu Papier bringen<br \/>\n4\u00a0x schwarze Paper Mate FlexGrip Gelstifte: Schwarzer Gelstift mit einziehbarer Spitze in schlankem Design f\u00fcr ein angenehmes und komfortables Schreibgef\u00fchl<br \/>\n4\u00a0x Paper Mate Flair Filzstifte: Leuchtende Farben f\u00fcr kreatives Malen und Schreiben; Tinte ist wischfest und verblasst nicht, damit Ihre Seite immer sch\u00f6n aussieht; mittlere Spitze f\u00fcr kr\u00e4ftige und ausdrucksstarke Linien, die zu Ihrer Pers\u00f6nlichkeit passen<br \/>\n2\u00a0x schwarze Sharpie Permanentmarker: Permanente Tinte zur Verwendung auf Papier, Kunststoff, Metall und den meisten anderen Oberfl\u00e4chen; unendliche M\u00f6glichkeiten dank feiner Spitze f\u00fcr beeindruckende Details<br \/>\n<div class=\"main-cross-sell\" data-asin=\"B0B2W4PQYN\">\n\n\t<div class=\"WooZone-cross-sell-loader\">\n\t\t<div>\n\t\t\t<div id=\"floatingBarsG\">\n\t\t\t\t<div class=\"blockG\" id=\"rotateG_01\"><\/div>\n\t\t\t\t<div class=\"blockG\" id=\"rotateG_02\"><\/div>\n\t\t\t\t<div class=\"blockG\" id=\"rotateG_03\"><\/div>\n\t\t\t\t<div class=\"blockG\" id=\"rotateG_04\"><\/div>\n\t\t\t\t<div class=\"blockG\" id=\"rotateG_05\"><\/div>\n\t\t\t\t<div class=\"blockG\" id=\"rotateG_06\"><\/div>\n\t\t\t\t<div class=\"blockG\" id=\"rotateG_07\"><\/div>\n\t\t\t\t<div class=\"blockG\" id=\"rotateG_08\"><\/div>\n\t\t\t<\/div>\n\t\t\t<div class=\"WooZone-cross-sell-loader-text\"><\/div>\n\t\t<\/div>\n\t<\/div>\n\n\t\t\n<\/div>\n<div style=\"clear:both;\"><\/div><\/p>\n","protected":false},"excerpt":{"rendered":"<p>Ein unverzichtbares Schreibwarenset mit allem, was Sie f\u00fcr die Schule oder das B\u00fcro brauchen<br \/>\n4\u00a0x blaue Paper Mate InkJoy 100ST Kugelschreiber: Dank der leicht flie\u00dfenden blauen Tinte k\u00f6nnen Sie Ihre Gedanken m\u00fchelos zu Papier bringen<br \/>\n4\u00a0x schwarze Paper Mate FlexGrip Gelstifte: Schwarzer Gelstift mit einziehbarer Spitze in schlankem Design f\u00fcr ein angenehmes und komfortables Schreibgef\u00fchl<\/p>\n","protected":false},"featured_media":151068,"comment_status":"open","ping_status":"closed","template":"","meta":[],"product_brand":[],"product_cat":[504],"product_tag":[],"class_list":{"0":"post-151067","1":"product","2":"type-product","3":"status-publish","4":"has-post-thumbnail","6":"product_cat-buerobedarf-schreibwaren","7":"pa_binding-buerobedarf-schreibwaren","8":"pa_brand-paper-mate","9":"pa_brand-thames-hudson","10":"pa_manufacturer-newell-brands","11":"pa_model-41608","12":"pa_size-23-piece-set","13":"pa_warranty-1-year-manufacturer","15":"first","16":"instock","17":"shipping-taxable","18":"purchasable","19":"product-type-simple","20":"customify-col","21":"product-has-gallery"},"yoast_head":"<!-- This site is optimized with the Yoast SEO plugin v27.4 - https:\/\/yoast.com\/product\/yoast-seo-wordpress\/ -->\n<title>PAPER MATE, Sharpie, rOtring &amp; Elmer&#039;s Schreibwaren | Kugelschreiber, Gelschreiber, Marker, Textmarker, HB-Stifte\u2026 - Markt-XXL<\/title>\n<meta name=\"description\" content=\"Markt-XXL PAPER MATE, Sharpie, rOtring &amp; Elmer&#039;s Schreibwaren | Kugelschreiber, Gelschreiber, Marker, Textmarker, HB-Stifte\u2026\" \/>\n<meta name=\"robots\" content=\"index, follow, max-snippet:-1, max-image-preview:large, max-video-preview:-1\" \/>\n<link rel=\"canonical\" href=\"https:\/\/marktxxl.de\/markt\/produkt\/paper-mate-sharpie-rotring-elmers-schreibwaren-kugelschreiber-gelschreiber-marker-textmarker-hb-stifte-klebestift-perfekt-fuer-schule-und-buero-23-stueck\/\" \/>\n<meta property=\"og:locale\" content=\"de_DE\" \/>\n<meta property=\"og:type\" content=\"article\" \/>\n<meta property=\"og:title\" content=\"PAPER MATE, Sharpie, rOtring &amp; Elmer&#039;s Schreibwaren | Kugelschreiber, Gelschreiber, Marker, Textmarker, HB-Stifte\u2026 - Markt-XXL\" \/>\n<meta property=\"og:description\" content=\"Markt-XXL PAPER MATE, Sharpie, rOtring &amp; Elmer&#039;s Schreibwaren | Kugelschreiber, Gelschreiber, Marker, Textmarker, HB-Stifte\u2026\" \/>\n<meta property=\"og:url\" content=\"https:\/\/marktxxl.de\/markt\/produkt\/paper-mate-sharpie-rotring-elmers-schreibwaren-kugelschreiber-gelschreiber-marker-textmarker-hb-stifte-klebestift-perfekt-fuer-schule-und-buero-23-stueck\/\" \/>\n<meta property=\"og:site_name\" content=\"Markt-XXL\" \/>\n<meta property=\"article:modified_time\" content=\"2023-04-08T02:00:26+00:00\" \/>\n<meta property=\"og:image\" content=\"https:\/\/m.media-amazon.com\/images\/I\/51VNSHevAEL._SL500_.jpg\" \/>\n\t<meta property=\"og:image:width\" content=\"500\" \/>\n\t<meta property=\"og:image:height\" content=\"500\" \/>\n\t<meta property=\"og:image:type\" content=\"image\/jpeg\" \/>\n<meta name=\"twitter:card\" content=\"summary_large_image\" \/>\n<meta name=\"twitter:label1\" content=\"Gesch\u00e4tzte Lesezeit\" \/>\n\t<meta name=\"twitter:data1\" content=\"1\u00a0Minute\" \/>\n<script type=\"application\/ld+json\" class=\"yoast-schema-graph\">{\"@context\":\"https:\\\/\\\/schema.org\",\"@graph\":[{\"@type\":\"WebPage\",\"@id\":\"https:\\\/\\\/marktxxl.de\\\/markt\\\/produkt\\\/paper-mate-sharpie-rotring-elmers-schreibwaren-kugelschreiber-gelschreiber-marker-textmarker-hb-stifte-klebestift-perfekt-fuer-schule-und-buero-23-stueck\\\/\",\"url\":\"https:\\\/\\\/marktxxl.de\\\/markt\\\/produkt\\\/paper-mate-sharpie-rotring-elmers-schreibwaren-kugelschreiber-gelschreiber-marker-textmarker-hb-stifte-klebestift-perfekt-fuer-schule-und-buero-23-stueck\\\/\",\"name\":\"PAPER MATE, Sharpie, rOtring &amp; Elmer's Schreibwaren | Kugelschreiber, Gelschreiber, Marker, Textmarker, HB-Stifte\u2026 - Markt-XXL\",\"isPartOf\":{\"@id\":\"https:\\\/\\\/marktxxl.de\\\/markt\\\/#website\"},\"primaryImageOfPage\":{\"@id\":\"https:\\\/\\\/marktxxl.de\\\/markt\\\/produkt\\\/paper-mate-sharpie-rotring-elmers-schreibwaren-kugelschreiber-gelschreiber-marker-textmarker-hb-stifte-klebestift-perfekt-fuer-schule-und-buero-23-stueck\\\/#primaryimage\"},\"image\":{\"@id\":\"https:\\\/\\\/marktxxl.de\\\/markt\\\/produkt\\\/paper-mate-sharpie-rotring-elmers-schreibwaren-kugelschreiber-gelschreiber-marker-textmarker-hb-stifte-klebestift-perfekt-fuer-schule-und-buero-23-stueck\\\/#primaryimage\"},\"thumbnailUrl\":\"https:\\\/\\\/m.media-amazon.com\\\/images\\\/I\\\/51VNSHevAEL._SL500_.jpg\",\"datePublished\":\"2022-09-12T03:10:52+00:00\",\"dateModified\":\"2023-04-08T02:00:26+00:00\",\"description\":\"Markt-XXL PAPER MATE, Sharpie, rOtring &amp; Elmer's Schreibwaren | Kugelschreiber, Gelschreiber, Marker, Textmarker, HB-Stifte\u2026\",\"breadcrumb\":{\"@id\":\"https:\\\/\\\/marktxxl.de\\\/markt\\\/produkt\\\/paper-mate-sharpie-rotring-elmers-schreibwaren-kugelschreiber-gelschreiber-marker-textmarker-hb-stifte-klebestift-perfekt-fuer-schule-und-buero-23-stueck\\\/#breadcrumb\"},\"inLanguage\":\"de\",\"potentialAction\":[{\"@type\":\"ReadAction\",\"target\":[\"https:\\\/\\\/marktxxl.de\\\/markt\\\/produkt\\\/paper-mate-sharpie-rotring-elmers-schreibwaren-kugelschreiber-gelschreiber-marker-textmarker-hb-stifte-klebestift-perfekt-fuer-schule-und-buero-23-stueck\\\/\"]}]},{\"@type\":\"ImageObject\",\"inLanguage\":\"de\",\"@id\":\"https:\\\/\\\/marktxxl.de\\\/markt\\\/produkt\\\/paper-mate-sharpie-rotring-elmers-schreibwaren-kugelschreiber-gelschreiber-marker-textmarker-hb-stifte-klebestift-perfekt-fuer-schule-und-buero-23-stueck\\\/#primaryimage\",\"url\":\"https:\\\/\\\/m.media-amazon.com\\\/images\\\/I\\\/51VNSHevAEL._SL500_.jpg\",\"contentUrl\":\"https:\\\/\\\/m.media-amazon.com\\\/images\\\/I\\\/51VNSHevAEL._SL500_.jpg\",\"width\":500,\"height\":500},{\"@type\":\"BreadcrumbList\",\"@id\":\"https:\\\/\\\/marktxxl.de\\\/markt\\\/produkt\\\/paper-mate-sharpie-rotring-elmers-schreibwaren-kugelschreiber-gelschreiber-marker-textmarker-hb-stifte-klebestift-perfekt-fuer-schule-und-buero-23-stueck\\\/#breadcrumb\",\"itemListElement\":[{\"@type\":\"ListItem\",\"position\":1,\"name\":\"Startseite\",\"item\":\"https:\\\/\\\/marktxxl.de\\\/markt\\\/\"},{\"@type\":\"ListItem\",\"position\":2,\"name\":\"Markt\",\"item\":\"https:\\\/\\\/marktxxl.de\\\/markt\\\/\"},{\"@type\":\"ListItem\",\"position\":3,\"name\":\"PAPER MATE, Sharpie, rOtring &amp; Elmer&#8217;s Schreibwaren | Kugelschreiber, Gelschreiber, Marker, Textmarker, HB-Stifte\u2026\"}]},{\"@type\":\"WebSite\",\"@id\":\"https:\\\/\\\/marktxxl.de\\\/markt\\\/#website\",\"url\":\"https:\\\/\\\/marktxxl.de\\\/markt\\\/\",\"name\":\"Markt-XXL\",\"description\":\"Ihr Markt Online\",\"publisher\":{\"@id\":\"https:\\\/\\\/marktxxl.de\\\/markt\\\/#organization\"},\"potentialAction\":[{\"@type\":\"SearchAction\",\"target\":{\"@type\":\"EntryPoint\",\"urlTemplate\":\"https:\\\/\\\/marktxxl.de\\\/markt\\\/?s={search_term_string}\"},\"query-input\":{\"@type\":\"PropertyValueSpecification\",\"valueRequired\":true,\"valueName\":\"search_term_string\"}}],\"inLanguage\":\"de\"},{\"@type\":\"Organization\",\"@id\":\"https:\\\/\\\/marktxxl.de\\\/markt\\\/#organization\",\"name\":\"Markt-XXL\",\"url\":\"https:\\\/\\\/marktxxl.de\\\/markt\\\/\",\"logo\":{\"@type\":\"ImageObject\",\"inLanguage\":\"de\",\"@id\":\"https:\\\/\\\/marktxxl.de\\\/markt\\\/#\\\/schema\\\/logo\\\/image\\\/\",\"url\":\"https:\\\/\\\/marktxxl.de\\\/markt\\\/wp-content\\\/uploads\\\/sites\\\/3\\\/2020\\\/12\\\/logo.png\",\"contentUrl\":\"https:\\\/\\\/marktxxl.de\\\/markt\\\/wp-content\\\/uploads\\\/sites\\\/3\\\/2020\\\/12\\\/logo.png\",\"width\":200,\"height\":70,\"caption\":\"Markt-XXL\"},\"image\":{\"@id\":\"https:\\\/\\\/marktxxl.de\\\/markt\\\/#\\\/schema\\\/logo\\\/image\\\/\"}}]}<\/script>\n<!-- \/ Yoast SEO plugin. -->","yoast_head_json":{"title":"PAPER MATE, Sharpie, rOtring &amp; Elmer's Schreibwaren | Kugelschreiber, Gelschreiber, Marker, Textmarker, HB-Stifte\u2026 - Markt-XXL","description":"Markt-XXL PAPER MATE, Sharpie, rOtring &amp; Elmer's Schreibwaren | Kugelschreiber, Gelschreiber, Marker, Textmarker, HB-Stifte\u2026","robots":{"index":"index","follow":"follow","max-snippet":"max-snippet:-1","max-image-preview":"max-image-preview:large","max-video-preview":"max-video-preview:-1"},"canonical":"https:\/\/marktxxl.de\/markt\/produkt\/paper-mate-sharpie-rotring-elmers-schreibwaren-kugelschreiber-gelschreiber-marker-textmarker-hb-stifte-klebestift-perfekt-fuer-schule-und-buero-23-stueck\/","og_locale":"de_DE","og_type":"article","og_title":"PAPER MATE, Sharpie, rOtring &amp; Elmer's Schreibwaren | Kugelschreiber, Gelschreiber, Marker, Textmarker, HB-Stifte\u2026 - Markt-XXL","og_description":"Markt-XXL PAPER MATE, Sharpie, rOtring &amp; Elmer's Schreibwaren | Kugelschreiber, Gelschreiber, Marker, Textmarker, HB-Stifte\u2026","og_url":"https:\/\/marktxxl.de\/markt\/produkt\/paper-mate-sharpie-rotring-elmers-schreibwaren-kugelschreiber-gelschreiber-marker-textmarker-hb-stifte-klebestift-perfekt-fuer-schule-und-buero-23-stueck\/","og_site_name":"Markt-XXL","article_modified_time":"2023-04-08T02:00:26+00:00","og_image":[{"width":500,"height":500,"url":"https:\/\/m.media-amazon.com\/images\/I\/51VNSHevAEL._SL500_.jpg","type":"image\/jpeg"}],"twitter_card":"summary_large_image","twitter_misc":{"Gesch\u00e4tzte Lesezeit":"1\u00a0Minute"},"schema":{"@context":"https:\/\/schema.org","@graph":[{"@type":"WebPage","@id":"https:\/\/marktxxl.de\/markt\/produkt\/paper-mate-sharpie-rotring-elmers-schreibwaren-kugelschreiber-gelschreiber-marker-textmarker-hb-stifte-klebestift-perfekt-fuer-schule-und-buero-23-stueck\/","url":"https:\/\/marktxxl.de\/markt\/produkt\/paper-mate-sharpie-rotring-elmers-schreibwaren-kugelschreiber-gelschreiber-marker-textmarker-hb-stifte-klebestift-perfekt-fuer-schule-und-buero-23-stueck\/","name":"PAPER MATE, Sharpie, rOtring &amp; Elmer's Schreibwaren | Kugelschreiber, Gelschreiber, Marker, Textmarker, HB-Stifte\u2026 - Markt-XXL","isPartOf":{"@id":"https:\/\/marktxxl.de\/markt\/#website"},"primaryImageOfPage":{"@id":"https:\/\/marktxxl.de\/markt\/produkt\/paper-mate-sharpie-rotring-elmers-schreibwaren-kugelschreiber-gelschreiber-marker-textmarker-hb-stifte-klebestift-perfekt-fuer-schule-und-buero-23-stueck\/#primaryimage"},"image":{"@id":"https:\/\/marktxxl.de\/markt\/produkt\/paper-mate-sharpie-rotring-elmers-schreibwaren-kugelschreiber-gelschreiber-marker-textmarker-hb-stifte-klebestift-perfekt-fuer-schule-und-buero-23-stueck\/#primaryimage"},"thumbnailUrl":"https:\/\/m.media-amazon.com\/images\/I\/51VNSHevAEL._SL500_.jpg","datePublished":"2022-09-12T03:10:52+00:00","dateModified":"2023-04-08T02:00:26+00:00","description":"Markt-XXL PAPER MATE, Sharpie, rOtring &amp; Elmer's Schreibwaren | Kugelschreiber, Gelschreiber, Marker, Textmarker, HB-Stifte\u2026","breadcrumb":{"@id":"https:\/\/marktxxl.de\/markt\/produkt\/paper-mate-sharpie-rotring-elmers-schreibwaren-kugelschreiber-gelschreiber-marker-textmarker-hb-stifte-klebestift-perfekt-fuer-schule-und-buero-23-stueck\/#breadcrumb"},"inLanguage":"de","potentialAction":[{"@type":"ReadAction","target":["https:\/\/marktxxl.de\/markt\/produkt\/paper-mate-sharpie-rotring-elmers-schreibwaren-kugelschreiber-gelschreiber-marker-textmarker-hb-stifte-klebestift-perfekt-fuer-schule-und-buero-23-stueck\/"]}]},{"@type":"ImageObject","inLanguage":"de","@id":"https:\/\/marktxxl.de\/markt\/produkt\/paper-mate-sharpie-rotring-elmers-schreibwaren-kugelschreiber-gelschreiber-marker-textmarker-hb-stifte-klebestift-perfekt-fuer-schule-und-buero-23-stueck\/#primaryimage","url":"https:\/\/m.media-amazon.com\/images\/I\/51VNSHevAEL._SL500_.jpg","contentUrl":"https:\/\/m.media-amazon.com\/images\/I\/51VNSHevAEL._SL500_.jpg","width":500,"height":500},{"@type":"BreadcrumbList","@id":"https:\/\/marktxxl.de\/markt\/produkt\/paper-mate-sharpie-rotring-elmers-schreibwaren-kugelschreiber-gelschreiber-marker-textmarker-hb-stifte-klebestift-perfekt-fuer-schule-und-buero-23-stueck\/#breadcrumb","itemListElement":[{"@type":"ListItem","position":1,"name":"Startseite","item":"https:\/\/marktxxl.de\/markt\/"},{"@type":"ListItem","position":2,"name":"Markt","item":"https:\/\/marktxxl.de\/markt\/"},{"@type":"ListItem","position":3,"name":"PAPER MATE, Sharpie, rOtring &amp; Elmer&#8217;s Schreibwaren | Kugelschreiber, Gelschreiber, Marker, Textmarker, HB-Stifte\u2026"}]},{"@type":"WebSite","@id":"https:\/\/marktxxl.de\/markt\/#website","url":"https:\/\/marktxxl.de\/markt\/","name":"Markt-XXL","description":"Ihr Markt Online","publisher":{"@id":"https:\/\/marktxxl.de\/markt\/#organization"},"potentialAction":[{"@type":"SearchAction","target":{"@type":"EntryPoint","urlTemplate":"https:\/\/marktxxl.de\/markt\/?s={search_term_string}"},"query-input":{"@type":"PropertyValueSpecification","valueRequired":true,"valueName":"search_term_string"}}],"inLanguage":"de"},{"@type":"Organization","@id":"https:\/\/marktxxl.de\/markt\/#organization","name":"Markt-XXL","url":"https:\/\/marktxxl.de\/markt\/","logo":{"@type":"ImageObject","inLanguage":"de","@id":"https:\/\/marktxxl.de\/markt\/#\/schema\/logo\/image\/","url":"https:\/\/marktxxl.de\/markt\/wp-content\/uploads\/sites\/3\/2020\/12\/logo.png","contentUrl":"https:\/\/marktxxl.de\/markt\/wp-content\/uploads\/sites\/3\/2020\/12\/logo.png","width":200,"height":70,"caption":"Markt-XXL"},"image":{"@id":"https:\/\/marktxxl.de\/markt\/#\/schema\/logo\/image\/"}}]}},"_links":{"self":[{"href":"https:\/\/marktxxl.de\/markt\/wp-json\/wp\/v2\/product\/151067","targetHints":{"allow":["GET"]}}],"collection":[{"href":"https:\/\/marktxxl.de\/markt\/wp-json\/wp\/v2\/product"}],"about":[{"href":"https:\/\/marktxxl.de\/markt\/wp-json\/wp\/v2\/types\/product"}],"replies":[{"embeddable":true,"href":"https:\/\/marktxxl.de\/markt\/wp-json\/wp\/v2\/comments?post=151067"}],"wp:featuredmedia":[{"embeddable":true,"href":"https:\/\/marktxxl.de\/markt\/wp-json\/wp\/v2\/media\/151068"}],"wp:attachment":[{"href":"https:\/\/marktxxl.de\/markt\/wp-json\/wp\/v2\/media?parent=151067"}],"wp:term":[{"taxonomy":"product_brand","embeddable":true,"href":"https:\/\/marktxxl.de\/markt\/wp-json\/wp\/v2\/product_brand?post=151067"},{"taxonomy":"product_cat","embeddable":true,"href":"https:\/\/marktxxl.de\/markt\/wp-json\/wp\/v2\/product_cat?post=151067"},{"taxonomy":"product_tag","embeddable":true,"href":"https:\/\/marktxxl.de\/markt\/wp-json\/wp\/v2\/product_tag?post=151067"}],"curies":[{"name":"wp","href":"https:\/\/api.w.org\/{rel}","templated":true}]}}