{"id":150833,"date":"2022-09-12T04:58:43","date_gmt":"2022-09-12T02:58:43","guid":{"rendered":"https:\/\/marktxxl.de\/markt\/produkt\/lichterkette-eisregen-aussen-400-leds-lichterkette-10m-led-lichtervorhang-ip44-wasserdicht-8-betriebsarten-fuer-innenausstattung-aussenbereich-weihnachten-party-hochzeit-schlafzimmer-garten\/"},"modified":"2023-04-08T04:00:19","modified_gmt":"2023-04-08T02:00:19","slug":"lichterkette-eisregen-aussen-400-leds-lichterkette-10m-led-lichtervorhang-ip44-wasserdicht-8-betriebsarten-fuer-innenausstattung-aussenbereich-weihnachten-party-hochzeit-schlafzimmer-garten","status":"publish","type":"product","link":"https:\/\/marktxxl.de\/markt\/produkt\/lichterkette-eisregen-aussen-400-leds-lichterkette-10m-led-lichtervorhang-ip44-wasserdicht-8-betriebsarten-fuer-innenausstattung-aussenbereich-weihnachten-party-hochzeit-schlafzimmer-garten\/","title":{"rendered":"Led Lichterkette Eisregen Au\u00dfen 400 LEDs Lichterkette 10m Lichtervorhang IP44 wasserdicht 8 Betriebsarten f\u00fcr\u2026"},"content":{"rendered":"<p>\u3010Lichterkette f\u00fcr Innen &amp; Au\u00dfen\u3011400 LEDs in 10 Metern,verteilen auf 75 Str\u00e4ngen,mit warmwei\u00dfen LEDs besondere Highlights in und um Dein Haus. Die LEDs werden mit Strom zum Leuchten gebracht.Besonders authentisch wirkt dieser Lichtervorhang durch die unterschiedlichen langen Lichtstr\u00e4nge.<br \/>\n\u3010Memory Funktion &amp; 8 Modi\u30118 verschiedene Lichtmodi LED Lichtervorhang inklusive Dauerlicht und Merkfunktion, 1. Kombination; 2. Lichtwelle; 3. Sequentiell; 4. Gl\u00fchen; 5. Aufblitzen; 6. \u00dcberblendung; 7. Funkeln; 8. Dauerbeleuchtung.<br \/>\n\u3010IP44 Spritzwassergesch\u00fctzter\u3011Anti-K\u00e4lte und Wasserdicht led lichterkette,IP44 wasserdichte LED-Leuchten sind zum Schutz gegen Frost. Diese Weihnachtsbeleuchtung ist geeignet f\u00fcr Innenr\u00e4ume und Drau\u00dfen.<br \/>\n\u3010Ber\u00fchrungssicher &amp; hitzefrei\u3011Mit einer Ausgangsspannung von 31 VDC hat dieser Eisregen Lichterkette W\u00e4rmeableitungen und ber\u00fchrungssicher.Transformator geliefert und mit Niederspannung (31 V DC) betrieben. Mit 220 V EU-Standardstecker.<br \/>\n\u3010Weit verbreitet Warmwei\u00dfe LED Lichterketten\u3011Weihnachtsb\u00e4ume, Party, Hochzeit, Haus, Fenster, Bad, Festival, Urlaub, Shows, Restaurant, Hotel, Gesch\u00e4ftshaus, Einkaufszentrum, Laden, Pub, Club, Konzert, Halle, Kabarett, Tanz, B\u00fchne usw<br \/>\n\u3010Volle Garantie\u3011100% Zufriedenheitsgarantie\uff01Wir bieten Ihnen Ersatz und R\u00fcckerstattung wenn Sie jedes Problem mit unserer lichterketten aussen Lichterkettenvorhang haben.Wir w\u00fcnschen Dir viel Spa\u00df beim Dekorieren!<br \/>\n<div class=\"main-cross-sell\" data-asin=\"B09L8J3256\">\n\n\t<div class=\"WooZone-cross-sell-loader\">\n\t\t<div>\n\t\t\t<div id=\"floatingBarsG\">\n\t\t\t\t<div class=\"blockG\" id=\"rotateG_01\"><\/div>\n\t\t\t\t<div class=\"blockG\" id=\"rotateG_02\"><\/div>\n\t\t\t\t<div class=\"blockG\" id=\"rotateG_03\"><\/div>\n\t\t\t\t<div class=\"blockG\" id=\"rotateG_04\"><\/div>\n\t\t\t\t<div class=\"blockG\" id=\"rotateG_05\"><\/div>\n\t\t\t\t<div class=\"blockG\" id=\"rotateG_06\"><\/div>\n\t\t\t\t<div class=\"blockG\" id=\"rotateG_07\"><\/div>\n\t\t\t\t<div class=\"blockG\" id=\"rotateG_08\"><\/div>\n\t\t\t<\/div>\n\t\t\t<div class=\"WooZone-cross-sell-loader-text\"><\/div>\n\t\t<\/div>\n\t<\/div>\n\n\t\t\n<\/div>\n<div style=\"clear:both;\"><\/div><\/p>\n","protected":false},"excerpt":{"rendered":"<p>\u3010Lichterkette f\u00fcr Innen &amp; Au\u00dfen\u3011400 LEDs in 10 Metern,verteilen auf 75 Str\u00e4ngen,mit warmwei\u00dfen LEDs besondere Highlights in und um Dein Haus. Die LEDs werden mit Strom zum Leuchten gebracht.Besonders authentisch wirkt dieser Lichtervorhang durch die unterschiedlichen langen Lichtstr\u00e4nge.<br \/>\n\u3010Memory Funktion &amp; 8 Modi\u30118 verschiedene Lichtmodi LED Lichtervorhang inklusive Dauerlicht und Merkfunktion, 1. Kombination; 2. Lichtwelle; 3. Sequentiell; 4. Gl\u00fchen; 5. Aufblitzen; 6. \u00dcberblendung; 7. Funkeln; 8. Dauerbeleuchtung.<br \/>\n\u3010IP44 Spritzwassergesch\u00fctzter\u3011Anti-K\u00e4lte und Wasserdicht led lichterkette,IP44 wasserdichte LED-Leuchten sind zum Schutz gegen Frost. Diese Weihnachtsbeleuchtung ist geeignet f\u00fcr Innenr\u00e4ume und Drau\u00dfen.<\/p>\n","protected":false},"featured_media":150834,"comment_status":"open","ping_status":"closed","template":"","meta":[],"product_brand":[],"product_cat":[2108,15624],"product_tag":[],"class_list":{"0":"post-150833","1":"product","2":"type-product","3":"status-publish","4":"has-post-thumbnail","6":"product_cat-beleuchtung","7":"product_cat-weihnachtsbeleuchtung","8":"pa_brand-xiboo","9":"pa_manufacturer-xiboo","11":"first","12":"instock","13":"shipping-taxable","14":"purchasable","15":"product-type-simple","16":"customify-col","17":"product-has-gallery"},"yoast_head":"<!-- This site is optimized with the Yoast SEO plugin v27.4 - https:\/\/yoast.com\/product\/yoast-seo-wordpress\/ -->\n<title>Led Lichterkette Eisregen Au\u00dfen 400 LEDs Lichterkette 10m Lichtervorhang IP44 wasserdicht 8 Betriebsarten f\u00fcr\u2026 - Markt-XXL<\/title>\n<meta name=\"description\" content=\"Markt-XXL Led Lichterkette Eisregen Au\u00dfen 400 LEDs Lichterkette 10m Lichtervorhang IP44 wasserdicht 8 Betriebsarten f\u00fcr\u2026\" \/>\n<meta name=\"robots\" content=\"index, follow, max-snippet:-1, max-image-preview:large, max-video-preview:-1\" \/>\n<link rel=\"canonical\" href=\"https:\/\/marktxxl.de\/markt\/produkt\/lichterkette-eisregen-aussen-400-leds-lichterkette-10m-led-lichtervorhang-ip44-wasserdicht-8-betriebsarten-fuer-innenausstattung-aussenbereich-weihnachten-party-hochzeit-schlafzimmer-garten\/\" \/>\n<meta property=\"og:locale\" content=\"de_DE\" \/>\n<meta property=\"og:type\" content=\"article\" \/>\n<meta property=\"og:title\" content=\"Led Lichterkette Eisregen Au\u00dfen 400 LEDs Lichterkette 10m Lichtervorhang IP44 wasserdicht 8 Betriebsarten f\u00fcr\u2026 - Markt-XXL\" \/>\n<meta property=\"og:description\" content=\"Markt-XXL Led Lichterkette Eisregen Au\u00dfen 400 LEDs Lichterkette 10m Lichtervorhang IP44 wasserdicht 8 Betriebsarten f\u00fcr\u2026\" \/>\n<meta property=\"og:url\" content=\"https:\/\/marktxxl.de\/markt\/produkt\/lichterkette-eisregen-aussen-400-leds-lichterkette-10m-led-lichtervorhang-ip44-wasserdicht-8-betriebsarten-fuer-innenausstattung-aussenbereich-weihnachten-party-hochzeit-schlafzimmer-garten\/\" \/>\n<meta property=\"og:site_name\" content=\"Markt-XXL\" \/>\n<meta property=\"article:modified_time\" content=\"2023-04-08T02:00:19+00:00\" \/>\n<meta property=\"og:image\" content=\"https:\/\/m.media-amazon.com\/images\/I\/51LZTm6oHJL._SL500_.jpg\" \/>\n\t<meta property=\"og:image:width\" content=\"500\" \/>\n\t<meta property=\"og:image:height\" content=\"500\" \/>\n\t<meta property=\"og:image:type\" content=\"image\/jpeg\" \/>\n<meta name=\"twitter:card\" content=\"summary_large_image\" \/>\n<meta name=\"twitter:label1\" content=\"Gesch\u00e4tzte Lesezeit\" \/>\n\t<meta name=\"twitter:data1\" content=\"1\u00a0Minute\" \/>\n<script type=\"application\/ld+json\" class=\"yoast-schema-graph\">{\"@context\":\"https:\\\/\\\/schema.org\",\"@graph\":[{\"@type\":\"WebPage\",\"@id\":\"https:\\\/\\\/marktxxl.de\\\/markt\\\/produkt\\\/lichterkette-eisregen-aussen-400-leds-lichterkette-10m-led-lichtervorhang-ip44-wasserdicht-8-betriebsarten-fuer-innenausstattung-aussenbereich-weihnachten-party-hochzeit-schlafzimmer-garten\\\/\",\"url\":\"https:\\\/\\\/marktxxl.de\\\/markt\\\/produkt\\\/lichterkette-eisregen-aussen-400-leds-lichterkette-10m-led-lichtervorhang-ip44-wasserdicht-8-betriebsarten-fuer-innenausstattung-aussenbereich-weihnachten-party-hochzeit-schlafzimmer-garten\\\/\",\"name\":\"Led Lichterkette Eisregen Au\u00dfen 400 LEDs Lichterkette 10m Lichtervorhang IP44 wasserdicht 8 Betriebsarten f\u00fcr\u2026 - Markt-XXL\",\"isPartOf\":{\"@id\":\"https:\\\/\\\/marktxxl.de\\\/markt\\\/#website\"},\"primaryImageOfPage\":{\"@id\":\"https:\\\/\\\/marktxxl.de\\\/markt\\\/produkt\\\/lichterkette-eisregen-aussen-400-leds-lichterkette-10m-led-lichtervorhang-ip44-wasserdicht-8-betriebsarten-fuer-innenausstattung-aussenbereich-weihnachten-party-hochzeit-schlafzimmer-garten\\\/#primaryimage\"},\"image\":{\"@id\":\"https:\\\/\\\/marktxxl.de\\\/markt\\\/produkt\\\/lichterkette-eisregen-aussen-400-leds-lichterkette-10m-led-lichtervorhang-ip44-wasserdicht-8-betriebsarten-fuer-innenausstattung-aussenbereich-weihnachten-party-hochzeit-schlafzimmer-garten\\\/#primaryimage\"},\"thumbnailUrl\":\"https:\\\/\\\/m.media-amazon.com\\\/images\\\/I\\\/51LZTm6oHJL._SL500_.jpg\",\"datePublished\":\"2022-09-12T02:58:43+00:00\",\"dateModified\":\"2023-04-08T02:00:19+00:00\",\"description\":\"Markt-XXL Led Lichterkette Eisregen Au\u00dfen 400 LEDs Lichterkette 10m Lichtervorhang IP44 wasserdicht 8 Betriebsarten f\u00fcr\u2026\",\"breadcrumb\":{\"@id\":\"https:\\\/\\\/marktxxl.de\\\/markt\\\/produkt\\\/lichterkette-eisregen-aussen-400-leds-lichterkette-10m-led-lichtervorhang-ip44-wasserdicht-8-betriebsarten-fuer-innenausstattung-aussenbereich-weihnachten-party-hochzeit-schlafzimmer-garten\\\/#breadcrumb\"},\"inLanguage\":\"de\",\"potentialAction\":[{\"@type\":\"ReadAction\",\"target\":[\"https:\\\/\\\/marktxxl.de\\\/markt\\\/produkt\\\/lichterkette-eisregen-aussen-400-leds-lichterkette-10m-led-lichtervorhang-ip44-wasserdicht-8-betriebsarten-fuer-innenausstattung-aussenbereich-weihnachten-party-hochzeit-schlafzimmer-garten\\\/\"]}]},{\"@type\":\"ImageObject\",\"inLanguage\":\"de\",\"@id\":\"https:\\\/\\\/marktxxl.de\\\/markt\\\/produkt\\\/lichterkette-eisregen-aussen-400-leds-lichterkette-10m-led-lichtervorhang-ip44-wasserdicht-8-betriebsarten-fuer-innenausstattung-aussenbereich-weihnachten-party-hochzeit-schlafzimmer-garten\\\/#primaryimage\",\"url\":\"https:\\\/\\\/m.media-amazon.com\\\/images\\\/I\\\/51LZTm6oHJL._SL500_.jpg\",\"contentUrl\":\"https:\\\/\\\/m.media-amazon.com\\\/images\\\/I\\\/51LZTm6oHJL._SL500_.jpg\",\"width\":500,\"height\":500},{\"@type\":\"BreadcrumbList\",\"@id\":\"https:\\\/\\\/marktxxl.de\\\/markt\\\/produkt\\\/lichterkette-eisregen-aussen-400-leds-lichterkette-10m-led-lichtervorhang-ip44-wasserdicht-8-betriebsarten-fuer-innenausstattung-aussenbereich-weihnachten-party-hochzeit-schlafzimmer-garten\\\/#breadcrumb\",\"itemListElement\":[{\"@type\":\"ListItem\",\"position\":1,\"name\":\"Startseite\",\"item\":\"https:\\\/\\\/marktxxl.de\\\/markt\\\/\"},{\"@type\":\"ListItem\",\"position\":2,\"name\":\"Markt\",\"item\":\"https:\\\/\\\/marktxxl.de\\\/markt\\\/\"},{\"@type\":\"ListItem\",\"position\":3,\"name\":\"Led Lichterkette Eisregen Au\u00dfen 400 LEDs Lichterkette 10m Lichtervorhang IP44 wasserdicht 8 Betriebsarten f\u00fcr\u2026\"}]},{\"@type\":\"WebSite\",\"@id\":\"https:\\\/\\\/marktxxl.de\\\/markt\\\/#website\",\"url\":\"https:\\\/\\\/marktxxl.de\\\/markt\\\/\",\"name\":\"Markt-XXL\",\"description\":\"Ihr Markt Online\",\"publisher\":{\"@id\":\"https:\\\/\\\/marktxxl.de\\\/markt\\\/#organization\"},\"potentialAction\":[{\"@type\":\"SearchAction\",\"target\":{\"@type\":\"EntryPoint\",\"urlTemplate\":\"https:\\\/\\\/marktxxl.de\\\/markt\\\/?s={search_term_string}\"},\"query-input\":{\"@type\":\"PropertyValueSpecification\",\"valueRequired\":true,\"valueName\":\"search_term_string\"}}],\"inLanguage\":\"de\"},{\"@type\":\"Organization\",\"@id\":\"https:\\\/\\\/marktxxl.de\\\/markt\\\/#organization\",\"name\":\"Markt-XXL\",\"url\":\"https:\\\/\\\/marktxxl.de\\\/markt\\\/\",\"logo\":{\"@type\":\"ImageObject\",\"inLanguage\":\"de\",\"@id\":\"https:\\\/\\\/marktxxl.de\\\/markt\\\/#\\\/schema\\\/logo\\\/image\\\/\",\"url\":\"https:\\\/\\\/marktxxl.de\\\/markt\\\/wp-content\\\/uploads\\\/sites\\\/3\\\/2020\\\/12\\\/logo.png\",\"contentUrl\":\"https:\\\/\\\/marktxxl.de\\\/markt\\\/wp-content\\\/uploads\\\/sites\\\/3\\\/2020\\\/12\\\/logo.png\",\"width\":200,\"height\":70,\"caption\":\"Markt-XXL\"},\"image\":{\"@id\":\"https:\\\/\\\/marktxxl.de\\\/markt\\\/#\\\/schema\\\/logo\\\/image\\\/\"}}]}<\/script>\n<!-- \/ Yoast SEO plugin. -->","yoast_head_json":{"title":"Led Lichterkette Eisregen Au\u00dfen 400 LEDs Lichterkette 10m Lichtervorhang IP44 wasserdicht 8 Betriebsarten f\u00fcr\u2026 - Markt-XXL","description":"Markt-XXL Led Lichterkette Eisregen Au\u00dfen 400 LEDs Lichterkette 10m Lichtervorhang IP44 wasserdicht 8 Betriebsarten f\u00fcr\u2026","robots":{"index":"index","follow":"follow","max-snippet":"max-snippet:-1","max-image-preview":"max-image-preview:large","max-video-preview":"max-video-preview:-1"},"canonical":"https:\/\/marktxxl.de\/markt\/produkt\/lichterkette-eisregen-aussen-400-leds-lichterkette-10m-led-lichtervorhang-ip44-wasserdicht-8-betriebsarten-fuer-innenausstattung-aussenbereich-weihnachten-party-hochzeit-schlafzimmer-garten\/","og_locale":"de_DE","og_type":"article","og_title":"Led Lichterkette Eisregen Au\u00dfen 400 LEDs Lichterkette 10m Lichtervorhang IP44 wasserdicht 8 Betriebsarten f\u00fcr\u2026 - Markt-XXL","og_description":"Markt-XXL Led Lichterkette Eisregen Au\u00dfen 400 LEDs Lichterkette 10m Lichtervorhang IP44 wasserdicht 8 Betriebsarten f\u00fcr\u2026","og_url":"https:\/\/marktxxl.de\/markt\/produkt\/lichterkette-eisregen-aussen-400-leds-lichterkette-10m-led-lichtervorhang-ip44-wasserdicht-8-betriebsarten-fuer-innenausstattung-aussenbereich-weihnachten-party-hochzeit-schlafzimmer-garten\/","og_site_name":"Markt-XXL","article_modified_time":"2023-04-08T02:00:19+00:00","og_image":[{"width":500,"height":500,"url":"https:\/\/m.media-amazon.com\/images\/I\/51LZTm6oHJL._SL500_.jpg","type":"image\/jpeg"}],"twitter_card":"summary_large_image","twitter_misc":{"Gesch\u00e4tzte Lesezeit":"1\u00a0Minute"},"schema":{"@context":"https:\/\/schema.org","@graph":[{"@type":"WebPage","@id":"https:\/\/marktxxl.de\/markt\/produkt\/lichterkette-eisregen-aussen-400-leds-lichterkette-10m-led-lichtervorhang-ip44-wasserdicht-8-betriebsarten-fuer-innenausstattung-aussenbereich-weihnachten-party-hochzeit-schlafzimmer-garten\/","url":"https:\/\/marktxxl.de\/markt\/produkt\/lichterkette-eisregen-aussen-400-leds-lichterkette-10m-led-lichtervorhang-ip44-wasserdicht-8-betriebsarten-fuer-innenausstattung-aussenbereich-weihnachten-party-hochzeit-schlafzimmer-garten\/","name":"Led Lichterkette Eisregen Au\u00dfen 400 LEDs Lichterkette 10m Lichtervorhang IP44 wasserdicht 8 Betriebsarten f\u00fcr\u2026 - Markt-XXL","isPartOf":{"@id":"https:\/\/marktxxl.de\/markt\/#website"},"primaryImageOfPage":{"@id":"https:\/\/marktxxl.de\/markt\/produkt\/lichterkette-eisregen-aussen-400-leds-lichterkette-10m-led-lichtervorhang-ip44-wasserdicht-8-betriebsarten-fuer-innenausstattung-aussenbereich-weihnachten-party-hochzeit-schlafzimmer-garten\/#primaryimage"},"image":{"@id":"https:\/\/marktxxl.de\/markt\/produkt\/lichterkette-eisregen-aussen-400-leds-lichterkette-10m-led-lichtervorhang-ip44-wasserdicht-8-betriebsarten-fuer-innenausstattung-aussenbereich-weihnachten-party-hochzeit-schlafzimmer-garten\/#primaryimage"},"thumbnailUrl":"https:\/\/m.media-amazon.com\/images\/I\/51LZTm6oHJL._SL500_.jpg","datePublished":"2022-09-12T02:58:43+00:00","dateModified":"2023-04-08T02:00:19+00:00","description":"Markt-XXL Led Lichterkette Eisregen Au\u00dfen 400 LEDs Lichterkette 10m Lichtervorhang IP44 wasserdicht 8 Betriebsarten f\u00fcr\u2026","breadcrumb":{"@id":"https:\/\/marktxxl.de\/markt\/produkt\/lichterkette-eisregen-aussen-400-leds-lichterkette-10m-led-lichtervorhang-ip44-wasserdicht-8-betriebsarten-fuer-innenausstattung-aussenbereich-weihnachten-party-hochzeit-schlafzimmer-garten\/#breadcrumb"},"inLanguage":"de","potentialAction":[{"@type":"ReadAction","target":["https:\/\/marktxxl.de\/markt\/produkt\/lichterkette-eisregen-aussen-400-leds-lichterkette-10m-led-lichtervorhang-ip44-wasserdicht-8-betriebsarten-fuer-innenausstattung-aussenbereich-weihnachten-party-hochzeit-schlafzimmer-garten\/"]}]},{"@type":"ImageObject","inLanguage":"de","@id":"https:\/\/marktxxl.de\/markt\/produkt\/lichterkette-eisregen-aussen-400-leds-lichterkette-10m-led-lichtervorhang-ip44-wasserdicht-8-betriebsarten-fuer-innenausstattung-aussenbereich-weihnachten-party-hochzeit-schlafzimmer-garten\/#primaryimage","url":"https:\/\/m.media-amazon.com\/images\/I\/51LZTm6oHJL._SL500_.jpg","contentUrl":"https:\/\/m.media-amazon.com\/images\/I\/51LZTm6oHJL._SL500_.jpg","width":500,"height":500},{"@type":"BreadcrumbList","@id":"https:\/\/marktxxl.de\/markt\/produkt\/lichterkette-eisregen-aussen-400-leds-lichterkette-10m-led-lichtervorhang-ip44-wasserdicht-8-betriebsarten-fuer-innenausstattung-aussenbereich-weihnachten-party-hochzeit-schlafzimmer-garten\/#breadcrumb","itemListElement":[{"@type":"ListItem","position":1,"name":"Startseite","item":"https:\/\/marktxxl.de\/markt\/"},{"@type":"ListItem","position":2,"name":"Markt","item":"https:\/\/marktxxl.de\/markt\/"},{"@type":"ListItem","position":3,"name":"Led Lichterkette Eisregen Au\u00dfen 400 LEDs Lichterkette 10m Lichtervorhang IP44 wasserdicht 8 Betriebsarten f\u00fcr\u2026"}]},{"@type":"WebSite","@id":"https:\/\/marktxxl.de\/markt\/#website","url":"https:\/\/marktxxl.de\/markt\/","name":"Markt-XXL","description":"Ihr Markt Online","publisher":{"@id":"https:\/\/marktxxl.de\/markt\/#organization"},"potentialAction":[{"@type":"SearchAction","target":{"@type":"EntryPoint","urlTemplate":"https:\/\/marktxxl.de\/markt\/?s={search_term_string}"},"query-input":{"@type":"PropertyValueSpecification","valueRequired":true,"valueName":"search_term_string"}}],"inLanguage":"de"},{"@type":"Organization","@id":"https:\/\/marktxxl.de\/markt\/#organization","name":"Markt-XXL","url":"https:\/\/marktxxl.de\/markt\/","logo":{"@type":"ImageObject","inLanguage":"de","@id":"https:\/\/marktxxl.de\/markt\/#\/schema\/logo\/image\/","url":"https:\/\/marktxxl.de\/markt\/wp-content\/uploads\/sites\/3\/2020\/12\/logo.png","contentUrl":"https:\/\/marktxxl.de\/markt\/wp-content\/uploads\/sites\/3\/2020\/12\/logo.png","width":200,"height":70,"caption":"Markt-XXL"},"image":{"@id":"https:\/\/marktxxl.de\/markt\/#\/schema\/logo\/image\/"}}]}},"_links":{"self":[{"href":"https:\/\/marktxxl.de\/markt\/wp-json\/wp\/v2\/product\/150833","targetHints":{"allow":["GET"]}}],"collection":[{"href":"https:\/\/marktxxl.de\/markt\/wp-json\/wp\/v2\/product"}],"about":[{"href":"https:\/\/marktxxl.de\/markt\/wp-json\/wp\/v2\/types\/product"}],"replies":[{"embeddable":true,"href":"https:\/\/marktxxl.de\/markt\/wp-json\/wp\/v2\/comments?post=150833"}],"wp:featuredmedia":[{"embeddable":true,"href":"https:\/\/marktxxl.de\/markt\/wp-json\/wp\/v2\/media\/150834"}],"wp:attachment":[{"href":"https:\/\/marktxxl.de\/markt\/wp-json\/wp\/v2\/media?parent=150833"}],"wp:term":[{"taxonomy":"product_brand","embeddable":true,"href":"https:\/\/marktxxl.de\/markt\/wp-json\/wp\/v2\/product_brand?post=150833"},{"taxonomy":"product_cat","embeddable":true,"href":"https:\/\/marktxxl.de\/markt\/wp-json\/wp\/v2\/product_cat?post=150833"},{"taxonomy":"product_tag","embeddable":true,"href":"https:\/\/marktxxl.de\/markt\/wp-json\/wp\/v2\/product_tag?post=150833"}],"curies":[{"name":"wp","href":"https:\/\/api.w.org\/{rel}","templated":true}]}}