{"id":150664,"date":"2022-09-12T04:38:14","date_gmt":"2022-09-12T02:38:14","guid":{"rendered":"https:\/\/marktxxl.de\/markt\/produkt\/orein-deckenlampe-led-deckenleuchte-o30cm-ip44-3000k-4000k-6500k-ik07-schlagfeste-wandleuchte-innen-aussenleuchte-decke-antivandalenleuchte-rund-fuer-bad-kueche-traufe-balkon-flur-keller-korridor-gar\/"},"modified":"2023-04-08T04:00:17","modified_gmt":"2023-04-08T02:00:17","slug":"orein-deckenlampe-led-deckenleuchte-o30cm-ip44-3000k-4000k-6500k-ik07-schlagfeste-wandleuchte-innen-aussenleuchte-decke-antivandalenleuchte-rund-fuer-bad-kueche-traufe-balkon-flur-keller-korridor-gar","status":"publish","type":"product","link":"https:\/\/marktxxl.de\/markt\/produkt\/orein-deckenlampe-led-deckenleuchte-o30cm-ip44-3000k-4000k-6500k-ik07-schlagfeste-wandleuchte-innen-aussenleuchte-decke-antivandalenleuchte-rund-fuer-bad-kueche-traufe-balkon-flur-keller-korridor-gar\/","title":{"rendered":"OREiN Deckenlampe LED Deckenleuchte \u00d830cm IP44 3000K\/4000K\/6500K IK07 Schlagfeste Wandleuchte Innen-\/Au\u00dfenleuchte Decke\u2026"},"content":{"rendered":"<p>\u30103 einstellbare Farbtemperaturen\u3011Unsere Wohnzimmerlampe Decke led hat 3 Farbtemperaturen von 3000K\/4000K\/6500K zur Auswahl, wodurch die Schwierigkeit Ihrer Wahl entf\u00e4llt, Sie k\u00f6nnen die gew\u00fcnschte Farbtemperatur nach Ihren tats\u00e4chlichen Bed\u00fcrfnissen festlegen. Ob es sich um warmwei\u00dfes oder kaltwei\u00dfes Licht handelt, das weiche und gleichm\u00e4\u00dfige Licht kann Ihnen ein angenehmes Erlebnis bieten.<br \/>\n\u3010PC Material &amp; IK07 Sto\u00dffest Schutzart\u3011Das Material der gesamten LED Deckenlampe besteht aus hochwertigem PC, das besser und das teurer als andere ist. Die IK07 Sto\u00dffeste Funktion macht diese 30cm gro\u00dfe LED Deckenlampe besonders geeignet f\u00fcr Anl\u00e4sse im Freien, die Deckenleuchten mit Hochleistungsmaterialien und hohem Schutzniveau erfordern, wie Garten, unter dem Dach, Hof, Flur, Balkon, Kinderzimmer, Stadien, offenen Spielplatz, usw.<br \/>\n\u3010Echte IP44-Einstufung\u3011 Unsere runde, wasserdichte Badezimmer-Deckenleuchte wurde speziell mit einem sorgf\u00e4ltigen wasserdichten Design an 3 Stellen entwickelt: der Silikonring am Kabelloch \/ an der hinteren Abdeckung \/ an der vorderen Abdeckung; sehr geeignet f\u00fcr den Innen- und Au\u00dfenbereich, wie Wohnzimmerlampe, Esszimmer Deckenleuchten, Schlafzimmer Deckenleuchten, K\u00fcchendeckenleuchten, Badezimmerdeckenleuchten usw.<br \/>\n\u3010Ausreichende Lichtleistung 10W 1000LM\u3011Unsere Deckenleuchte LED ist aus gro\u00dfen Fabriken, alle Parameter sind echt und zuverl\u00e4ssig, die einer 100W-Halogenlampe entspricht, sehr hell ist und im Vergleich zu herk\u00f6mmlichen Halogenlampen bis zu 90 % der Stromrechnung sparen kann und eine Lebensdauer von bis zu 60.000 Std. hat. Bei einer t\u00e4glichen Nutzung von 8 Stunden betr\u00e4gt die Lebensdauer mehr als 20 Jahre!<br \/>\n\u3010Einfache Installation\u3011Die Dual-In- und Dual-Out-Verdrahtungsl\u00f6cher erm\u00f6glichen es Ihnen, mehrere Leuchten in Reihe zu installieren, ohne komplizierte und unsichere Verdrahtungsvorg\u00e4nge: Leitungsventil dr\u00fccken &#8211; Leitung einlegen, Leitungsventil loslassen und Leitung ist fixiert.<br \/>\n\u3010Garantie und Support\u3011Ihre Zufriedenheit ist uns sehr wichtig, OREiN LED wasserdichte Deckenleuchte hat eine 3-j\u00e4hrige Qualit\u00e4tsgarantie und lebenslangen freundlichen Kundenservice, alle Fragen werden innerhalb von 24 Stunden beantwortet und so schnell wie m\u00f6glich gel\u00f6st.<br \/>\n<div class=\"main-cross-sell\" data-asin=\"B09JSHWGRN\">\n\n\t<div class=\"WooZone-cross-sell-loader\">\n\t\t<div>\n\t\t\t<div id=\"floatingBarsG\">\n\t\t\t\t<div class=\"blockG\" id=\"rotateG_01\"><\/div>\n\t\t\t\t<div class=\"blockG\" id=\"rotateG_02\"><\/div>\n\t\t\t\t<div class=\"blockG\" id=\"rotateG_03\"><\/div>\n\t\t\t\t<div class=\"blockG\" id=\"rotateG_04\"><\/div>\n\t\t\t\t<div class=\"blockG\" id=\"rotateG_05\"><\/div>\n\t\t\t\t<div class=\"blockG\" id=\"rotateG_06\"><\/div>\n\t\t\t\t<div class=\"blockG\" id=\"rotateG_07\"><\/div>\n\t\t\t\t<div class=\"blockG\" id=\"rotateG_08\"><\/div>\n\t\t\t<\/div>\n\t\t\t<div class=\"WooZone-cross-sell-loader-text\"><\/div>\n\t\t<\/div>\n\t<\/div>\n\n\t\t\n<\/div>\n<div style=\"clear:both;\"><\/div><\/p>\n","protected":false},"excerpt":{"rendered":"<p>\u30103 einstellbare Farbtemperaturen\u3011Unsere Wohnzimmerlampe Decke led hat 3 Farbtemperaturen von 3000K\/4000K\/6500K zur Auswahl, wodurch die Schwierigkeit Ihrer Wahl entf\u00e4llt, Sie k\u00f6nnen die gew\u00fcnschte Farbtemperatur nach Ihren tats\u00e4chlichen Bed\u00fcrfnissen festlegen. Ob es sich um warmwei\u00dfes oder kaltwei\u00dfes Licht handelt, das weiche und gleichm\u00e4\u00dfige Licht kann Ihnen ein angenehmes Erlebnis bieten.<br \/>\n\u3010PC Material &amp; IK07 Sto\u00dffest Schutzart\u3011Das Material der gesamten LED Deckenlampe besteht aus hochwertigem PC, das besser und das teurer als andere ist. Die IK07 Sto\u00dffeste Funktion macht diese 30cm gro\u00dfe LED Deckenlampe besonders geeignet f\u00fcr Anl\u00e4sse im Freien, die Deckenleuchten mit Hochleistungsmaterialien und hohem Schutzniveau erfordern, wie Garten, unter dem Dach, Hof, Flur, Balkon, Kinderzimmer, Stadien, offenen Spielplatz, usw.<br \/>\n\u3010Echte IP44-Einstufung\u3011 Unsere runde, wasserdichte Badezimmer-Deckenleuchte wurde speziell mit einem sorgf\u00e4ltigen wasserdichten Design an 3 Stellen entwickelt: der Silikonring am Kabelloch \/ an der hinteren Abdeckung \/ an der vorderen Abdeckung; sehr geeignet f\u00fcr den Innen- und Au\u00dfenbereich, wie Wohnzimmerlampe, Esszimmer Deckenleuchten, Schlafzimmer Deckenleuchten, K\u00fcchendeckenleuchten, Badezimmerdeckenleuchten usw.<\/p>\n","protected":false},"featured_media":150665,"comment_status":"open","ping_status":"closed","template":"","meta":[],"product_brand":[],"product_cat":[11474,2108],"product_tag":[],"class_list":{"0":"post-150664","1":"product","2":"type-product","3":"status-publish","4":"has-post-thumbnail","6":"product_cat-bad-beleuchtung","7":"product_cat-beleuchtung","8":"pa_brand-orein","9":"pa_manufacturer-orein","10":"pa_model-bh6","11":"pa_warranty-12919","13":"first","14":"instock","15":"shipping-taxable","16":"purchasable","17":"product-type-simple","18":"customify-col","19":"product-has-gallery"},"yoast_head":"<!-- This site is optimized with the Yoast SEO plugin v27.4 - https:\/\/yoast.com\/product\/yoast-seo-wordpress\/ -->\n<title>OREiN Deckenlampe LED Deckenleuchte \u00d830cm IP44 3000K\/4000K\/6500K IK07 Schlagfeste Wandleuchte Innen-\/Au\u00dfenleuchte Decke\u2026 - Markt-XXL<\/title>\n<meta name=\"description\" content=\"Markt-XXL OREiN Deckenlampe LED Deckenleuchte \u00d830cm IP44 3000K\/4000K\/6500K IK07 Schlagfeste Wandleuchte Innen-\/Au\u00dfenleuchte Decke\u2026\" \/>\n<meta name=\"robots\" content=\"index, follow, max-snippet:-1, max-image-preview:large, max-video-preview:-1\" \/>\n<link rel=\"canonical\" href=\"https:\/\/marktxxl.de\/markt\/produkt\/orein-deckenlampe-led-deckenleuchte-o30cm-ip44-3000k-4000k-6500k-ik07-schlagfeste-wandleuchte-innen-aussenleuchte-decke-antivandalenleuchte-rund-fuer-bad-kueche-traufe-balkon-flur-keller-korridor-gar\/\" \/>\n<meta property=\"og:locale\" content=\"de_DE\" \/>\n<meta property=\"og:type\" content=\"article\" \/>\n<meta property=\"og:title\" content=\"OREiN Deckenlampe LED Deckenleuchte \u00d830cm IP44 3000K\/4000K\/6500K IK07 Schlagfeste Wandleuchte Innen-\/Au\u00dfenleuchte Decke\u2026 - Markt-XXL\" \/>\n<meta property=\"og:description\" content=\"Markt-XXL OREiN Deckenlampe LED Deckenleuchte \u00d830cm IP44 3000K\/4000K\/6500K IK07 Schlagfeste Wandleuchte Innen-\/Au\u00dfenleuchte Decke\u2026\" \/>\n<meta property=\"og:url\" content=\"https:\/\/marktxxl.de\/markt\/produkt\/orein-deckenlampe-led-deckenleuchte-o30cm-ip44-3000k-4000k-6500k-ik07-schlagfeste-wandleuchte-innen-aussenleuchte-decke-antivandalenleuchte-rund-fuer-bad-kueche-traufe-balkon-flur-keller-korridor-gar\/\" \/>\n<meta property=\"og:site_name\" content=\"Markt-XXL\" \/>\n<meta property=\"article:modified_time\" content=\"2023-04-08T02:00:17+00:00\" \/>\n<meta property=\"og:image\" content=\"https:\/\/m.media-amazon.com\/images\/I\/41y7DO97rwL._SL500_.jpg\" \/>\n\t<meta property=\"og:image:width\" content=\"500\" \/>\n\t<meta property=\"og:image:height\" content=\"500\" \/>\n\t<meta property=\"og:image:type\" content=\"image\/jpeg\" \/>\n<meta name=\"twitter:card\" content=\"summary_large_image\" \/>\n<meta name=\"twitter:label1\" content=\"Gesch\u00e4tzte Lesezeit\" \/>\n\t<meta name=\"twitter:data1\" content=\"2\u00a0Minuten\" \/>\n<script type=\"application\/ld+json\" class=\"yoast-schema-graph\">{\"@context\":\"https:\\\/\\\/schema.org\",\"@graph\":[{\"@type\":\"WebPage\",\"@id\":\"https:\\\/\\\/marktxxl.de\\\/markt\\\/produkt\\\/orein-deckenlampe-led-deckenleuchte-o30cm-ip44-3000k-4000k-6500k-ik07-schlagfeste-wandleuchte-innen-aussenleuchte-decke-antivandalenleuchte-rund-fuer-bad-kueche-traufe-balkon-flur-keller-korridor-gar\\\/\",\"url\":\"https:\\\/\\\/marktxxl.de\\\/markt\\\/produkt\\\/orein-deckenlampe-led-deckenleuchte-o30cm-ip44-3000k-4000k-6500k-ik07-schlagfeste-wandleuchte-innen-aussenleuchte-decke-antivandalenleuchte-rund-fuer-bad-kueche-traufe-balkon-flur-keller-korridor-gar\\\/\",\"name\":\"OREiN Deckenlampe LED Deckenleuchte \u00d830cm IP44 3000K\\\/4000K\\\/6500K IK07 Schlagfeste Wandleuchte Innen-\\\/Au\u00dfenleuchte Decke\u2026 - Markt-XXL\",\"isPartOf\":{\"@id\":\"https:\\\/\\\/marktxxl.de\\\/markt\\\/#website\"},\"primaryImageOfPage\":{\"@id\":\"https:\\\/\\\/marktxxl.de\\\/markt\\\/produkt\\\/orein-deckenlampe-led-deckenleuchte-o30cm-ip44-3000k-4000k-6500k-ik07-schlagfeste-wandleuchte-innen-aussenleuchte-decke-antivandalenleuchte-rund-fuer-bad-kueche-traufe-balkon-flur-keller-korridor-gar\\\/#primaryimage\"},\"image\":{\"@id\":\"https:\\\/\\\/marktxxl.de\\\/markt\\\/produkt\\\/orein-deckenlampe-led-deckenleuchte-o30cm-ip44-3000k-4000k-6500k-ik07-schlagfeste-wandleuchte-innen-aussenleuchte-decke-antivandalenleuchte-rund-fuer-bad-kueche-traufe-balkon-flur-keller-korridor-gar\\\/#primaryimage\"},\"thumbnailUrl\":\"https:\\\/\\\/m.media-amazon.com\\\/images\\\/I\\\/41y7DO97rwL._SL500_.jpg\",\"datePublished\":\"2022-09-12T02:38:14+00:00\",\"dateModified\":\"2023-04-08T02:00:17+00:00\",\"description\":\"Markt-XXL OREiN Deckenlampe LED Deckenleuchte \u00d830cm IP44 3000K\\\/4000K\\\/6500K IK07 Schlagfeste Wandleuchte Innen-\\\/Au\u00dfenleuchte Decke\u2026\",\"breadcrumb\":{\"@id\":\"https:\\\/\\\/marktxxl.de\\\/markt\\\/produkt\\\/orein-deckenlampe-led-deckenleuchte-o30cm-ip44-3000k-4000k-6500k-ik07-schlagfeste-wandleuchte-innen-aussenleuchte-decke-antivandalenleuchte-rund-fuer-bad-kueche-traufe-balkon-flur-keller-korridor-gar\\\/#breadcrumb\"},\"inLanguage\":\"de\",\"potentialAction\":[{\"@type\":\"ReadAction\",\"target\":[\"https:\\\/\\\/marktxxl.de\\\/markt\\\/produkt\\\/orein-deckenlampe-led-deckenleuchte-o30cm-ip44-3000k-4000k-6500k-ik07-schlagfeste-wandleuchte-innen-aussenleuchte-decke-antivandalenleuchte-rund-fuer-bad-kueche-traufe-balkon-flur-keller-korridor-gar\\\/\"]}]},{\"@type\":\"ImageObject\",\"inLanguage\":\"de\",\"@id\":\"https:\\\/\\\/marktxxl.de\\\/markt\\\/produkt\\\/orein-deckenlampe-led-deckenleuchte-o30cm-ip44-3000k-4000k-6500k-ik07-schlagfeste-wandleuchte-innen-aussenleuchte-decke-antivandalenleuchte-rund-fuer-bad-kueche-traufe-balkon-flur-keller-korridor-gar\\\/#primaryimage\",\"url\":\"https:\\\/\\\/m.media-amazon.com\\\/images\\\/I\\\/41y7DO97rwL._SL500_.jpg\",\"contentUrl\":\"https:\\\/\\\/m.media-amazon.com\\\/images\\\/I\\\/41y7DO97rwL._SL500_.jpg\",\"width\":500,\"height\":500},{\"@type\":\"BreadcrumbList\",\"@id\":\"https:\\\/\\\/marktxxl.de\\\/markt\\\/produkt\\\/orein-deckenlampe-led-deckenleuchte-o30cm-ip44-3000k-4000k-6500k-ik07-schlagfeste-wandleuchte-innen-aussenleuchte-decke-antivandalenleuchte-rund-fuer-bad-kueche-traufe-balkon-flur-keller-korridor-gar\\\/#breadcrumb\",\"itemListElement\":[{\"@type\":\"ListItem\",\"position\":1,\"name\":\"Startseite\",\"item\":\"https:\\\/\\\/marktxxl.de\\\/markt\\\/\"},{\"@type\":\"ListItem\",\"position\":2,\"name\":\"Markt\",\"item\":\"https:\\\/\\\/marktxxl.de\\\/markt\\\/\"},{\"@type\":\"ListItem\",\"position\":3,\"name\":\"OREiN Deckenlampe LED Deckenleuchte \u00d830cm IP44 3000K\\\/4000K\\\/6500K IK07 Schlagfeste Wandleuchte Innen-\\\/Au\u00dfenleuchte Decke\u2026\"}]},{\"@type\":\"WebSite\",\"@id\":\"https:\\\/\\\/marktxxl.de\\\/markt\\\/#website\",\"url\":\"https:\\\/\\\/marktxxl.de\\\/markt\\\/\",\"name\":\"Markt-XXL\",\"description\":\"Ihr Markt Online\",\"publisher\":{\"@id\":\"https:\\\/\\\/marktxxl.de\\\/markt\\\/#organization\"},\"potentialAction\":[{\"@type\":\"SearchAction\",\"target\":{\"@type\":\"EntryPoint\",\"urlTemplate\":\"https:\\\/\\\/marktxxl.de\\\/markt\\\/?s={search_term_string}\"},\"query-input\":{\"@type\":\"PropertyValueSpecification\",\"valueRequired\":true,\"valueName\":\"search_term_string\"}}],\"inLanguage\":\"de\"},{\"@type\":\"Organization\",\"@id\":\"https:\\\/\\\/marktxxl.de\\\/markt\\\/#organization\",\"name\":\"Markt-XXL\",\"url\":\"https:\\\/\\\/marktxxl.de\\\/markt\\\/\",\"logo\":{\"@type\":\"ImageObject\",\"inLanguage\":\"de\",\"@id\":\"https:\\\/\\\/marktxxl.de\\\/markt\\\/#\\\/schema\\\/logo\\\/image\\\/\",\"url\":\"https:\\\/\\\/marktxxl.de\\\/markt\\\/wp-content\\\/uploads\\\/sites\\\/3\\\/2020\\\/12\\\/logo.png\",\"contentUrl\":\"https:\\\/\\\/marktxxl.de\\\/markt\\\/wp-content\\\/uploads\\\/sites\\\/3\\\/2020\\\/12\\\/logo.png\",\"width\":200,\"height\":70,\"caption\":\"Markt-XXL\"},\"image\":{\"@id\":\"https:\\\/\\\/marktxxl.de\\\/markt\\\/#\\\/schema\\\/logo\\\/image\\\/\"}}]}<\/script>\n<!-- \/ Yoast SEO plugin. -->","yoast_head_json":{"title":"OREiN Deckenlampe LED Deckenleuchte \u00d830cm IP44 3000K\/4000K\/6500K IK07 Schlagfeste Wandleuchte Innen-\/Au\u00dfenleuchte Decke\u2026 - Markt-XXL","description":"Markt-XXL OREiN Deckenlampe LED Deckenleuchte \u00d830cm IP44 3000K\/4000K\/6500K IK07 Schlagfeste Wandleuchte Innen-\/Au\u00dfenleuchte Decke\u2026","robots":{"index":"index","follow":"follow","max-snippet":"max-snippet:-1","max-image-preview":"max-image-preview:large","max-video-preview":"max-video-preview:-1"},"canonical":"https:\/\/marktxxl.de\/markt\/produkt\/orein-deckenlampe-led-deckenleuchte-o30cm-ip44-3000k-4000k-6500k-ik07-schlagfeste-wandleuchte-innen-aussenleuchte-decke-antivandalenleuchte-rund-fuer-bad-kueche-traufe-balkon-flur-keller-korridor-gar\/","og_locale":"de_DE","og_type":"article","og_title":"OREiN Deckenlampe LED Deckenleuchte \u00d830cm IP44 3000K\/4000K\/6500K IK07 Schlagfeste Wandleuchte Innen-\/Au\u00dfenleuchte Decke\u2026 - Markt-XXL","og_description":"Markt-XXL OREiN Deckenlampe LED Deckenleuchte \u00d830cm IP44 3000K\/4000K\/6500K IK07 Schlagfeste Wandleuchte Innen-\/Au\u00dfenleuchte Decke\u2026","og_url":"https:\/\/marktxxl.de\/markt\/produkt\/orein-deckenlampe-led-deckenleuchte-o30cm-ip44-3000k-4000k-6500k-ik07-schlagfeste-wandleuchte-innen-aussenleuchte-decke-antivandalenleuchte-rund-fuer-bad-kueche-traufe-balkon-flur-keller-korridor-gar\/","og_site_name":"Markt-XXL","article_modified_time":"2023-04-08T02:00:17+00:00","og_image":[{"width":500,"height":500,"url":"https:\/\/m.media-amazon.com\/images\/I\/41y7DO97rwL._SL500_.jpg","type":"image\/jpeg"}],"twitter_card":"summary_large_image","twitter_misc":{"Gesch\u00e4tzte Lesezeit":"2\u00a0Minuten"},"schema":{"@context":"https:\/\/schema.org","@graph":[{"@type":"WebPage","@id":"https:\/\/marktxxl.de\/markt\/produkt\/orein-deckenlampe-led-deckenleuchte-o30cm-ip44-3000k-4000k-6500k-ik07-schlagfeste-wandleuchte-innen-aussenleuchte-decke-antivandalenleuchte-rund-fuer-bad-kueche-traufe-balkon-flur-keller-korridor-gar\/","url":"https:\/\/marktxxl.de\/markt\/produkt\/orein-deckenlampe-led-deckenleuchte-o30cm-ip44-3000k-4000k-6500k-ik07-schlagfeste-wandleuchte-innen-aussenleuchte-decke-antivandalenleuchte-rund-fuer-bad-kueche-traufe-balkon-flur-keller-korridor-gar\/","name":"OREiN Deckenlampe LED Deckenleuchte \u00d830cm IP44 3000K\/4000K\/6500K IK07 Schlagfeste Wandleuchte Innen-\/Au\u00dfenleuchte Decke\u2026 - Markt-XXL","isPartOf":{"@id":"https:\/\/marktxxl.de\/markt\/#website"},"primaryImageOfPage":{"@id":"https:\/\/marktxxl.de\/markt\/produkt\/orein-deckenlampe-led-deckenleuchte-o30cm-ip44-3000k-4000k-6500k-ik07-schlagfeste-wandleuchte-innen-aussenleuchte-decke-antivandalenleuchte-rund-fuer-bad-kueche-traufe-balkon-flur-keller-korridor-gar\/#primaryimage"},"image":{"@id":"https:\/\/marktxxl.de\/markt\/produkt\/orein-deckenlampe-led-deckenleuchte-o30cm-ip44-3000k-4000k-6500k-ik07-schlagfeste-wandleuchte-innen-aussenleuchte-decke-antivandalenleuchte-rund-fuer-bad-kueche-traufe-balkon-flur-keller-korridor-gar\/#primaryimage"},"thumbnailUrl":"https:\/\/m.media-amazon.com\/images\/I\/41y7DO97rwL._SL500_.jpg","datePublished":"2022-09-12T02:38:14+00:00","dateModified":"2023-04-08T02:00:17+00:00","description":"Markt-XXL OREiN Deckenlampe LED Deckenleuchte \u00d830cm IP44 3000K\/4000K\/6500K IK07 Schlagfeste Wandleuchte Innen-\/Au\u00dfenleuchte Decke\u2026","breadcrumb":{"@id":"https:\/\/marktxxl.de\/markt\/produkt\/orein-deckenlampe-led-deckenleuchte-o30cm-ip44-3000k-4000k-6500k-ik07-schlagfeste-wandleuchte-innen-aussenleuchte-decke-antivandalenleuchte-rund-fuer-bad-kueche-traufe-balkon-flur-keller-korridor-gar\/#breadcrumb"},"inLanguage":"de","potentialAction":[{"@type":"ReadAction","target":["https:\/\/marktxxl.de\/markt\/produkt\/orein-deckenlampe-led-deckenleuchte-o30cm-ip44-3000k-4000k-6500k-ik07-schlagfeste-wandleuchte-innen-aussenleuchte-decke-antivandalenleuchte-rund-fuer-bad-kueche-traufe-balkon-flur-keller-korridor-gar\/"]}]},{"@type":"ImageObject","inLanguage":"de","@id":"https:\/\/marktxxl.de\/markt\/produkt\/orein-deckenlampe-led-deckenleuchte-o30cm-ip44-3000k-4000k-6500k-ik07-schlagfeste-wandleuchte-innen-aussenleuchte-decke-antivandalenleuchte-rund-fuer-bad-kueche-traufe-balkon-flur-keller-korridor-gar\/#primaryimage","url":"https:\/\/m.media-amazon.com\/images\/I\/41y7DO97rwL._SL500_.jpg","contentUrl":"https:\/\/m.media-amazon.com\/images\/I\/41y7DO97rwL._SL500_.jpg","width":500,"height":500},{"@type":"BreadcrumbList","@id":"https:\/\/marktxxl.de\/markt\/produkt\/orein-deckenlampe-led-deckenleuchte-o30cm-ip44-3000k-4000k-6500k-ik07-schlagfeste-wandleuchte-innen-aussenleuchte-decke-antivandalenleuchte-rund-fuer-bad-kueche-traufe-balkon-flur-keller-korridor-gar\/#breadcrumb","itemListElement":[{"@type":"ListItem","position":1,"name":"Startseite","item":"https:\/\/marktxxl.de\/markt\/"},{"@type":"ListItem","position":2,"name":"Markt","item":"https:\/\/marktxxl.de\/markt\/"},{"@type":"ListItem","position":3,"name":"OREiN Deckenlampe LED Deckenleuchte \u00d830cm IP44 3000K\/4000K\/6500K IK07 Schlagfeste Wandleuchte Innen-\/Au\u00dfenleuchte Decke\u2026"}]},{"@type":"WebSite","@id":"https:\/\/marktxxl.de\/markt\/#website","url":"https:\/\/marktxxl.de\/markt\/","name":"Markt-XXL","description":"Ihr Markt Online","publisher":{"@id":"https:\/\/marktxxl.de\/markt\/#organization"},"potentialAction":[{"@type":"SearchAction","target":{"@type":"EntryPoint","urlTemplate":"https:\/\/marktxxl.de\/markt\/?s={search_term_string}"},"query-input":{"@type":"PropertyValueSpecification","valueRequired":true,"valueName":"search_term_string"}}],"inLanguage":"de"},{"@type":"Organization","@id":"https:\/\/marktxxl.de\/markt\/#organization","name":"Markt-XXL","url":"https:\/\/marktxxl.de\/markt\/","logo":{"@type":"ImageObject","inLanguage":"de","@id":"https:\/\/marktxxl.de\/markt\/#\/schema\/logo\/image\/","url":"https:\/\/marktxxl.de\/markt\/wp-content\/uploads\/sites\/3\/2020\/12\/logo.png","contentUrl":"https:\/\/marktxxl.de\/markt\/wp-content\/uploads\/sites\/3\/2020\/12\/logo.png","width":200,"height":70,"caption":"Markt-XXL"},"image":{"@id":"https:\/\/marktxxl.de\/markt\/#\/schema\/logo\/image\/"}}]}},"_links":{"self":[{"href":"https:\/\/marktxxl.de\/markt\/wp-json\/wp\/v2\/product\/150664","targetHints":{"allow":["GET"]}}],"collection":[{"href":"https:\/\/marktxxl.de\/markt\/wp-json\/wp\/v2\/product"}],"about":[{"href":"https:\/\/marktxxl.de\/markt\/wp-json\/wp\/v2\/types\/product"}],"replies":[{"embeddable":true,"href":"https:\/\/marktxxl.de\/markt\/wp-json\/wp\/v2\/comments?post=150664"}],"wp:featuredmedia":[{"embeddable":true,"href":"https:\/\/marktxxl.de\/markt\/wp-json\/wp\/v2\/media\/150665"}],"wp:attachment":[{"href":"https:\/\/marktxxl.de\/markt\/wp-json\/wp\/v2\/media?parent=150664"}],"wp:term":[{"taxonomy":"product_brand","embeddable":true,"href":"https:\/\/marktxxl.de\/markt\/wp-json\/wp\/v2\/product_brand?post=150664"},{"taxonomy":"product_cat","embeddable":true,"href":"https:\/\/marktxxl.de\/markt\/wp-json\/wp\/v2\/product_cat?post=150664"},{"taxonomy":"product_tag","embeddable":true,"href":"https:\/\/marktxxl.de\/markt\/wp-json\/wp\/v2\/product_tag?post=150664"}],"curies":[{"name":"wp","href":"https:\/\/api.w.org\/{rel}","templated":true}]}}