{"id":150632,"date":"2022-09-12T04:37:56","date_gmt":"2022-09-12T02:37:56","guid":{"rendered":"https:\/\/marktxxl.de\/markt\/produkt\/dilumen-spiegelleuchte-super-helle-10w-1100lm-40cm-elegante-spiegellampe-badezimmer-spiegelschrank-beleuchtung-230v-ip44-spiegel-lampe-bad-naturweiss-4000k-cri90-bathroom-mirror-light\/"},"modified":"2023-04-08T04:00:16","modified_gmt":"2023-04-08T02:00:16","slug":"dilumen-spiegelleuchte-super-helle-10w-1100lm-40cm-elegante-spiegellampe-badezimmer-spiegelschrank-beleuchtung-230v-ip44-spiegel-lampe-bad-naturweiss-4000k-cri90-bathroom-mirror-light","status":"publish","type":"product","link":"https:\/\/marktxxl.de\/markt\/produkt\/dilumen-spiegelleuchte-super-helle-10w-1100lm-40cm-elegante-spiegellampe-badezimmer-spiegelschrank-beleuchtung-230v-ip44-spiegel-lampe-bad-naturweiss-4000k-cri90-bathroom-mirror-light\/","title":{"rendered":"DILUMEN Spiegellampe Badezimmer, Super Helle 10w 1100lm 40cm, Elegante Badleuchte, Spiegelschrank Beleuchtung 230v IP44\u2026"},"content":{"rendered":"<p>\u3010Led Spiegelleuchte Badezimmer einfache Montage 3 in 1 \u3011Die Badbeleuchtung besitzt die Ma\u00dfe 400x90x38 mm (LxBxH).Die Spiegelschrankleuchte wird direkt an ein Stromkabel angeschlossen und \u00fcber einen Lichtschalter an der Wand bedient. Die Anwendung dieser Leuchte ist auf Spiegel,Wand oder Schrank. F\u00fcr die t\u00e4gliche Rasur und das Make-up.<br \/>\n\u3010Spiegellampe ce-zertifiziert\u3011Jede DILUMEN-Leuchte wird nach EU-CE-Normen hergestellt. Wenn Sie das Licht einschalten, gibt es kein Lichtflackern. Wenn Sie das Radio einschalten, wird der Ton nicht durch das Wellenband des Lichts gest\u00f6rt. Wenn Ihr Badezimmer voller Nebel ist, funktionieren die Lichter immer noch.<br \/>\n\u3010Badezimmer Spiegelleuchte, lange Lebensdauer und Qualit\u00e4tssicherung\u3011 Die Badezimmerbeleuchtung im modernen Stil hat eine vollst\u00e4ndig polierte Oberfl\u00e4che. Der Lampenschirm aus Kristallacryl macht die Beleuchtung besonders und elegant. Lebensdauer 35000 Stunden. Wir gew\u00e4hren 2 Jahre Garantie. Wenn Sie Fragen haben, k\u00f6nnen Sie sich an unser Verkaufsteam wenden, um kostenlosen Ersatz zu erhalten.<br \/>\n\u3010Badlampe Spiegel mit hoher Helligkeit und hohem Farbwiedergabeindex\u3011Die hochwertigen LED 50 St\u00fcck im Inneren sind mit einer Leistung von 1100 lm ausgestattet. Es kann als einzige Lichtquelle f\u00fcr kleine Badezimmer mit etwa 5 m\u00b2 verwendet werden. Der hohe CRI &gt;90 ist ein weiterer Ma\u00dfstab f\u00fcr die Qualit\u00e4t von LED-Dioden.<br \/>\n\u3010BESUCHEN SIE AUCH DILUMEN AMAZON STORE\u3011 Hier finden Sie noch viele weitere Produkte, die Ihnen gefallen k\u00f6nnten<br \/>\n<div class=\"main-cross-sell\" data-asin=\"B08YNKB8ZZ\">\n\n\t<div class=\"WooZone-cross-sell-loader\">\n\t\t<div>\n\t\t\t<div id=\"floatingBarsG\">\n\t\t\t\t<div class=\"blockG\" id=\"rotateG_01\"><\/div>\n\t\t\t\t<div class=\"blockG\" id=\"rotateG_02\"><\/div>\n\t\t\t\t<div class=\"blockG\" id=\"rotateG_03\"><\/div>\n\t\t\t\t<div class=\"blockG\" id=\"rotateG_04\"><\/div>\n\t\t\t\t<div class=\"blockG\" id=\"rotateG_05\"><\/div>\n\t\t\t\t<div class=\"blockG\" id=\"rotateG_06\"><\/div>\n\t\t\t\t<div class=\"blockG\" id=\"rotateG_07\"><\/div>\n\t\t\t\t<div class=\"blockG\" id=\"rotateG_08\"><\/div>\n\t\t\t<\/div>\n\t\t\t<div class=\"WooZone-cross-sell-loader-text\"><\/div>\n\t\t<\/div>\n\t<\/div>\n\n\t\t\n<\/div>\n<div style=\"clear:both;\"><\/div><\/p>\n","protected":false},"excerpt":{"rendered":"<p>\u3010Led Spiegelleuchte Badezimmer einfache Montage 3 in 1 \u3011Die Badbeleuchtung besitzt die Ma\u00dfe 400x90x38 mm (LxBxH).Die Spiegelschrankleuchte wird direkt an ein Stromkabel angeschlossen und \u00fcber einen Lichtschalter an der Wand bedient. Die Anwendung dieser Leuchte ist auf Spiegel,Wand oder Schrank. F\u00fcr die t\u00e4gliche Rasur und das Make-up.<br \/>\n\u3010Spiegellampe ce-zertifiziert\u3011Jede DILUMEN-Leuchte wird nach EU-CE-Normen hergestellt. Wenn Sie das Licht einschalten, gibt es kein Lichtflackern. Wenn Sie das Radio einschalten, wird der Ton nicht durch das Wellenband des Lichts gest\u00f6rt. Wenn Ihr Badezimmer voller Nebel ist, funktionieren die Lichter immer noch.<br \/>\n\u3010Badezimmer Spiegelleuchte, lange Lebensdauer und Qualit\u00e4tssicherung\u3011 Die Badezimmerbeleuchtung im modernen Stil hat eine vollst\u00e4ndig polierte Oberfl\u00e4che. Der Lampenschirm aus Kristallacryl macht die Beleuchtung besonders und elegant. Lebensdauer 35000 Stunden. Wir gew\u00e4hren 2 Jahre Garantie. Wenn Sie Fragen haben, k\u00f6nnen Sie sich an unser Verkaufsteam wenden, um kostenlosen Ersatz zu erhalten.<\/p>\n","protected":false},"featured_media":150633,"comment_status":"open","ping_status":"closed","template":"","meta":[],"product_brand":[],"product_cat":[11474,2108],"product_tag":[],"class_list":{"0":"post-150632","1":"product","2":"type-product","3":"status-publish","4":"has-post-thumbnail","6":"product_cat-bad-beleuchtung","7":"product_cat-beleuchtung","8":"pa_brand-dilumen","9":"pa_color-4000k","10":"pa_height-1-4960629906-zoll","11":"pa_length-15-74803148-zoll","12":"pa_manufacturer-dilumen","13":"pa_model-xgj","14":"pa_size-spiegel-schrank-wand-montiert-ohne-schalter","15":"pa_warranty-2-jahre-bei-funktionsproblemen-senden-sie-uns-eine-e-mail-fuer-kostenlosen-ersatz","16":"pa_weight-0-551155655-pfund","17":"pa_width-3-543307083-zoll","19":"first","20":"instock","21":"shipping-taxable","22":"purchasable","23":"product-type-simple","24":"customify-col","25":"product-has-gallery"},"yoast_head":"<!-- This site is optimized with the Yoast SEO plugin v27.4 - https:\/\/yoast.com\/product\/yoast-seo-wordpress\/ -->\n<title>DILUMEN Spiegellampe Badezimmer, Super Helle 10w 1100lm 40cm, Elegante Badleuchte, Spiegelschrank Beleuchtung 230v IP44\u2026 - Markt-XXL<\/title>\n<meta name=\"description\" content=\"Markt-XXL DILUMEN Spiegellampe Badezimmer, Super Helle 10w 1100lm 40cm, Elegante Badleuchte, Spiegelschrank Beleuchtung 230v IP44\u2026\" \/>\n<meta name=\"robots\" content=\"index, follow, max-snippet:-1, max-image-preview:large, max-video-preview:-1\" \/>\n<link rel=\"canonical\" href=\"https:\/\/marktxxl.de\/markt\/produkt\/dilumen-spiegelleuchte-super-helle-10w-1100lm-40cm-elegante-spiegellampe-badezimmer-spiegelschrank-beleuchtung-230v-ip44-spiegel-lampe-bad-naturweiss-4000k-cri90-bathroom-mirror-light\/\" \/>\n<meta property=\"og:locale\" content=\"de_DE\" \/>\n<meta property=\"og:type\" content=\"article\" \/>\n<meta property=\"og:title\" content=\"DILUMEN Spiegellampe Badezimmer, Super Helle 10w 1100lm 40cm, Elegante Badleuchte, Spiegelschrank Beleuchtung 230v IP44\u2026 - Markt-XXL\" \/>\n<meta property=\"og:description\" content=\"Markt-XXL DILUMEN Spiegellampe Badezimmer, Super Helle 10w 1100lm 40cm, Elegante Badleuchte, Spiegelschrank Beleuchtung 230v IP44\u2026\" \/>\n<meta property=\"og:url\" content=\"https:\/\/marktxxl.de\/markt\/produkt\/dilumen-spiegelleuchte-super-helle-10w-1100lm-40cm-elegante-spiegellampe-badezimmer-spiegelschrank-beleuchtung-230v-ip44-spiegel-lampe-bad-naturweiss-4000k-cri90-bathroom-mirror-light\/\" \/>\n<meta property=\"og:site_name\" content=\"Markt-XXL\" \/>\n<meta property=\"article:modified_time\" content=\"2023-04-08T02:00:16+00:00\" \/>\n<meta property=\"og:image\" content=\"https:\/\/m.media-amazon.com\/images\/I\/21hYeDsexjL._SL500_.jpg\" \/>\n\t<meta property=\"og:image:width\" content=\"500\" \/>\n\t<meta property=\"og:image:height\" content=\"500\" \/>\n\t<meta property=\"og:image:type\" content=\"image\/jpeg\" \/>\n<meta name=\"twitter:card\" content=\"summary_large_image\" \/>\n<meta name=\"twitter:label1\" content=\"Gesch\u00e4tzte Lesezeit\" \/>\n\t<meta name=\"twitter:data1\" content=\"1\u00a0Minute\" \/>\n<script type=\"application\/ld+json\" class=\"yoast-schema-graph\">{\"@context\":\"https:\\\/\\\/schema.org\",\"@graph\":[{\"@type\":\"WebPage\",\"@id\":\"https:\\\/\\\/marktxxl.de\\\/markt\\\/produkt\\\/dilumen-spiegelleuchte-super-helle-10w-1100lm-40cm-elegante-spiegellampe-badezimmer-spiegelschrank-beleuchtung-230v-ip44-spiegel-lampe-bad-naturweiss-4000k-cri90-bathroom-mirror-light\\\/\",\"url\":\"https:\\\/\\\/marktxxl.de\\\/markt\\\/produkt\\\/dilumen-spiegelleuchte-super-helle-10w-1100lm-40cm-elegante-spiegellampe-badezimmer-spiegelschrank-beleuchtung-230v-ip44-spiegel-lampe-bad-naturweiss-4000k-cri90-bathroom-mirror-light\\\/\",\"name\":\"DILUMEN Spiegellampe Badezimmer, Super Helle 10w 1100lm 40cm, Elegante Badleuchte, Spiegelschrank Beleuchtung 230v IP44\u2026 - Markt-XXL\",\"isPartOf\":{\"@id\":\"https:\\\/\\\/marktxxl.de\\\/markt\\\/#website\"},\"primaryImageOfPage\":{\"@id\":\"https:\\\/\\\/marktxxl.de\\\/markt\\\/produkt\\\/dilumen-spiegelleuchte-super-helle-10w-1100lm-40cm-elegante-spiegellampe-badezimmer-spiegelschrank-beleuchtung-230v-ip44-spiegel-lampe-bad-naturweiss-4000k-cri90-bathroom-mirror-light\\\/#primaryimage\"},\"image\":{\"@id\":\"https:\\\/\\\/marktxxl.de\\\/markt\\\/produkt\\\/dilumen-spiegelleuchte-super-helle-10w-1100lm-40cm-elegante-spiegellampe-badezimmer-spiegelschrank-beleuchtung-230v-ip44-spiegel-lampe-bad-naturweiss-4000k-cri90-bathroom-mirror-light\\\/#primaryimage\"},\"thumbnailUrl\":\"https:\\\/\\\/m.media-amazon.com\\\/images\\\/I\\\/21hYeDsexjL._SL500_.jpg\",\"datePublished\":\"2022-09-12T02:37:56+00:00\",\"dateModified\":\"2023-04-08T02:00:16+00:00\",\"description\":\"Markt-XXL DILUMEN Spiegellampe Badezimmer, Super Helle 10w 1100lm 40cm, Elegante Badleuchte, Spiegelschrank Beleuchtung 230v IP44\u2026\",\"breadcrumb\":{\"@id\":\"https:\\\/\\\/marktxxl.de\\\/markt\\\/produkt\\\/dilumen-spiegelleuchte-super-helle-10w-1100lm-40cm-elegante-spiegellampe-badezimmer-spiegelschrank-beleuchtung-230v-ip44-spiegel-lampe-bad-naturweiss-4000k-cri90-bathroom-mirror-light\\\/#breadcrumb\"},\"inLanguage\":\"de\",\"potentialAction\":[{\"@type\":\"ReadAction\",\"target\":[\"https:\\\/\\\/marktxxl.de\\\/markt\\\/produkt\\\/dilumen-spiegelleuchte-super-helle-10w-1100lm-40cm-elegante-spiegellampe-badezimmer-spiegelschrank-beleuchtung-230v-ip44-spiegel-lampe-bad-naturweiss-4000k-cri90-bathroom-mirror-light\\\/\"]}]},{\"@type\":\"ImageObject\",\"inLanguage\":\"de\",\"@id\":\"https:\\\/\\\/marktxxl.de\\\/markt\\\/produkt\\\/dilumen-spiegelleuchte-super-helle-10w-1100lm-40cm-elegante-spiegellampe-badezimmer-spiegelschrank-beleuchtung-230v-ip44-spiegel-lampe-bad-naturweiss-4000k-cri90-bathroom-mirror-light\\\/#primaryimage\",\"url\":\"https:\\\/\\\/m.media-amazon.com\\\/images\\\/I\\\/21hYeDsexjL._SL500_.jpg\",\"contentUrl\":\"https:\\\/\\\/m.media-amazon.com\\\/images\\\/I\\\/21hYeDsexjL._SL500_.jpg\",\"width\":500,\"height\":500},{\"@type\":\"BreadcrumbList\",\"@id\":\"https:\\\/\\\/marktxxl.de\\\/markt\\\/produkt\\\/dilumen-spiegelleuchte-super-helle-10w-1100lm-40cm-elegante-spiegellampe-badezimmer-spiegelschrank-beleuchtung-230v-ip44-spiegel-lampe-bad-naturweiss-4000k-cri90-bathroom-mirror-light\\\/#breadcrumb\",\"itemListElement\":[{\"@type\":\"ListItem\",\"position\":1,\"name\":\"Startseite\",\"item\":\"https:\\\/\\\/marktxxl.de\\\/markt\\\/\"},{\"@type\":\"ListItem\",\"position\":2,\"name\":\"Markt\",\"item\":\"https:\\\/\\\/marktxxl.de\\\/markt\\\/\"},{\"@type\":\"ListItem\",\"position\":3,\"name\":\"DILUMEN Spiegellampe Badezimmer, Super Helle 10w 1100lm 40cm, Elegante Badleuchte, Spiegelschrank Beleuchtung 230v IP44\u2026\"}]},{\"@type\":\"WebSite\",\"@id\":\"https:\\\/\\\/marktxxl.de\\\/markt\\\/#website\",\"url\":\"https:\\\/\\\/marktxxl.de\\\/markt\\\/\",\"name\":\"Markt-XXL\",\"description\":\"Ihr Markt Online\",\"publisher\":{\"@id\":\"https:\\\/\\\/marktxxl.de\\\/markt\\\/#organization\"},\"potentialAction\":[{\"@type\":\"SearchAction\",\"target\":{\"@type\":\"EntryPoint\",\"urlTemplate\":\"https:\\\/\\\/marktxxl.de\\\/markt\\\/?s={search_term_string}\"},\"query-input\":{\"@type\":\"PropertyValueSpecification\",\"valueRequired\":true,\"valueName\":\"search_term_string\"}}],\"inLanguage\":\"de\"},{\"@type\":\"Organization\",\"@id\":\"https:\\\/\\\/marktxxl.de\\\/markt\\\/#organization\",\"name\":\"Markt-XXL\",\"url\":\"https:\\\/\\\/marktxxl.de\\\/markt\\\/\",\"logo\":{\"@type\":\"ImageObject\",\"inLanguage\":\"de\",\"@id\":\"https:\\\/\\\/marktxxl.de\\\/markt\\\/#\\\/schema\\\/logo\\\/image\\\/\",\"url\":\"https:\\\/\\\/marktxxl.de\\\/markt\\\/wp-content\\\/uploads\\\/sites\\\/3\\\/2020\\\/12\\\/logo.png\",\"contentUrl\":\"https:\\\/\\\/marktxxl.de\\\/markt\\\/wp-content\\\/uploads\\\/sites\\\/3\\\/2020\\\/12\\\/logo.png\",\"width\":200,\"height\":70,\"caption\":\"Markt-XXL\"},\"image\":{\"@id\":\"https:\\\/\\\/marktxxl.de\\\/markt\\\/#\\\/schema\\\/logo\\\/image\\\/\"}}]}<\/script>\n<!-- \/ Yoast SEO plugin. -->","yoast_head_json":{"title":"DILUMEN Spiegellampe Badezimmer, Super Helle 10w 1100lm 40cm, Elegante Badleuchte, Spiegelschrank Beleuchtung 230v IP44\u2026 - Markt-XXL","description":"Markt-XXL DILUMEN Spiegellampe Badezimmer, Super Helle 10w 1100lm 40cm, Elegante Badleuchte, Spiegelschrank Beleuchtung 230v IP44\u2026","robots":{"index":"index","follow":"follow","max-snippet":"max-snippet:-1","max-image-preview":"max-image-preview:large","max-video-preview":"max-video-preview:-1"},"canonical":"https:\/\/marktxxl.de\/markt\/produkt\/dilumen-spiegelleuchte-super-helle-10w-1100lm-40cm-elegante-spiegellampe-badezimmer-spiegelschrank-beleuchtung-230v-ip44-spiegel-lampe-bad-naturweiss-4000k-cri90-bathroom-mirror-light\/","og_locale":"de_DE","og_type":"article","og_title":"DILUMEN Spiegellampe Badezimmer, Super Helle 10w 1100lm 40cm, Elegante Badleuchte, Spiegelschrank Beleuchtung 230v IP44\u2026 - Markt-XXL","og_description":"Markt-XXL DILUMEN Spiegellampe Badezimmer, Super Helle 10w 1100lm 40cm, Elegante Badleuchte, Spiegelschrank Beleuchtung 230v IP44\u2026","og_url":"https:\/\/marktxxl.de\/markt\/produkt\/dilumen-spiegelleuchte-super-helle-10w-1100lm-40cm-elegante-spiegellampe-badezimmer-spiegelschrank-beleuchtung-230v-ip44-spiegel-lampe-bad-naturweiss-4000k-cri90-bathroom-mirror-light\/","og_site_name":"Markt-XXL","article_modified_time":"2023-04-08T02:00:16+00:00","og_image":[{"width":500,"height":500,"url":"https:\/\/m.media-amazon.com\/images\/I\/21hYeDsexjL._SL500_.jpg","type":"image\/jpeg"}],"twitter_card":"summary_large_image","twitter_misc":{"Gesch\u00e4tzte Lesezeit":"1\u00a0Minute"},"schema":{"@context":"https:\/\/schema.org","@graph":[{"@type":"WebPage","@id":"https:\/\/marktxxl.de\/markt\/produkt\/dilumen-spiegelleuchte-super-helle-10w-1100lm-40cm-elegante-spiegellampe-badezimmer-spiegelschrank-beleuchtung-230v-ip44-spiegel-lampe-bad-naturweiss-4000k-cri90-bathroom-mirror-light\/","url":"https:\/\/marktxxl.de\/markt\/produkt\/dilumen-spiegelleuchte-super-helle-10w-1100lm-40cm-elegante-spiegellampe-badezimmer-spiegelschrank-beleuchtung-230v-ip44-spiegel-lampe-bad-naturweiss-4000k-cri90-bathroom-mirror-light\/","name":"DILUMEN Spiegellampe Badezimmer, Super Helle 10w 1100lm 40cm, Elegante Badleuchte, Spiegelschrank Beleuchtung 230v IP44\u2026 - Markt-XXL","isPartOf":{"@id":"https:\/\/marktxxl.de\/markt\/#website"},"primaryImageOfPage":{"@id":"https:\/\/marktxxl.de\/markt\/produkt\/dilumen-spiegelleuchte-super-helle-10w-1100lm-40cm-elegante-spiegellampe-badezimmer-spiegelschrank-beleuchtung-230v-ip44-spiegel-lampe-bad-naturweiss-4000k-cri90-bathroom-mirror-light\/#primaryimage"},"image":{"@id":"https:\/\/marktxxl.de\/markt\/produkt\/dilumen-spiegelleuchte-super-helle-10w-1100lm-40cm-elegante-spiegellampe-badezimmer-spiegelschrank-beleuchtung-230v-ip44-spiegel-lampe-bad-naturweiss-4000k-cri90-bathroom-mirror-light\/#primaryimage"},"thumbnailUrl":"https:\/\/m.media-amazon.com\/images\/I\/21hYeDsexjL._SL500_.jpg","datePublished":"2022-09-12T02:37:56+00:00","dateModified":"2023-04-08T02:00:16+00:00","description":"Markt-XXL DILUMEN Spiegellampe Badezimmer, Super Helle 10w 1100lm 40cm, Elegante Badleuchte, Spiegelschrank Beleuchtung 230v IP44\u2026","breadcrumb":{"@id":"https:\/\/marktxxl.de\/markt\/produkt\/dilumen-spiegelleuchte-super-helle-10w-1100lm-40cm-elegante-spiegellampe-badezimmer-spiegelschrank-beleuchtung-230v-ip44-spiegel-lampe-bad-naturweiss-4000k-cri90-bathroom-mirror-light\/#breadcrumb"},"inLanguage":"de","potentialAction":[{"@type":"ReadAction","target":["https:\/\/marktxxl.de\/markt\/produkt\/dilumen-spiegelleuchte-super-helle-10w-1100lm-40cm-elegante-spiegellampe-badezimmer-spiegelschrank-beleuchtung-230v-ip44-spiegel-lampe-bad-naturweiss-4000k-cri90-bathroom-mirror-light\/"]}]},{"@type":"ImageObject","inLanguage":"de","@id":"https:\/\/marktxxl.de\/markt\/produkt\/dilumen-spiegelleuchte-super-helle-10w-1100lm-40cm-elegante-spiegellampe-badezimmer-spiegelschrank-beleuchtung-230v-ip44-spiegel-lampe-bad-naturweiss-4000k-cri90-bathroom-mirror-light\/#primaryimage","url":"https:\/\/m.media-amazon.com\/images\/I\/21hYeDsexjL._SL500_.jpg","contentUrl":"https:\/\/m.media-amazon.com\/images\/I\/21hYeDsexjL._SL500_.jpg","width":500,"height":500},{"@type":"BreadcrumbList","@id":"https:\/\/marktxxl.de\/markt\/produkt\/dilumen-spiegelleuchte-super-helle-10w-1100lm-40cm-elegante-spiegellampe-badezimmer-spiegelschrank-beleuchtung-230v-ip44-spiegel-lampe-bad-naturweiss-4000k-cri90-bathroom-mirror-light\/#breadcrumb","itemListElement":[{"@type":"ListItem","position":1,"name":"Startseite","item":"https:\/\/marktxxl.de\/markt\/"},{"@type":"ListItem","position":2,"name":"Markt","item":"https:\/\/marktxxl.de\/markt\/"},{"@type":"ListItem","position":3,"name":"DILUMEN Spiegellampe Badezimmer, Super Helle 10w 1100lm 40cm, Elegante Badleuchte, Spiegelschrank Beleuchtung 230v IP44\u2026"}]},{"@type":"WebSite","@id":"https:\/\/marktxxl.de\/markt\/#website","url":"https:\/\/marktxxl.de\/markt\/","name":"Markt-XXL","description":"Ihr Markt Online","publisher":{"@id":"https:\/\/marktxxl.de\/markt\/#organization"},"potentialAction":[{"@type":"SearchAction","target":{"@type":"EntryPoint","urlTemplate":"https:\/\/marktxxl.de\/markt\/?s={search_term_string}"},"query-input":{"@type":"PropertyValueSpecification","valueRequired":true,"valueName":"search_term_string"}}],"inLanguage":"de"},{"@type":"Organization","@id":"https:\/\/marktxxl.de\/markt\/#organization","name":"Markt-XXL","url":"https:\/\/marktxxl.de\/markt\/","logo":{"@type":"ImageObject","inLanguage":"de","@id":"https:\/\/marktxxl.de\/markt\/#\/schema\/logo\/image\/","url":"https:\/\/marktxxl.de\/markt\/wp-content\/uploads\/sites\/3\/2020\/12\/logo.png","contentUrl":"https:\/\/marktxxl.de\/markt\/wp-content\/uploads\/sites\/3\/2020\/12\/logo.png","width":200,"height":70,"caption":"Markt-XXL"},"image":{"@id":"https:\/\/marktxxl.de\/markt\/#\/schema\/logo\/image\/"}}]}},"_links":{"self":[{"href":"https:\/\/marktxxl.de\/markt\/wp-json\/wp\/v2\/product\/150632","targetHints":{"allow":["GET"]}}],"collection":[{"href":"https:\/\/marktxxl.de\/markt\/wp-json\/wp\/v2\/product"}],"about":[{"href":"https:\/\/marktxxl.de\/markt\/wp-json\/wp\/v2\/types\/product"}],"replies":[{"embeddable":true,"href":"https:\/\/marktxxl.de\/markt\/wp-json\/wp\/v2\/comments?post=150632"}],"wp:featuredmedia":[{"embeddable":true,"href":"https:\/\/marktxxl.de\/markt\/wp-json\/wp\/v2\/media\/150633"}],"wp:attachment":[{"href":"https:\/\/marktxxl.de\/markt\/wp-json\/wp\/v2\/media?parent=150632"}],"wp:term":[{"taxonomy":"product_brand","embeddable":true,"href":"https:\/\/marktxxl.de\/markt\/wp-json\/wp\/v2\/product_brand?post=150632"},{"taxonomy":"product_cat","embeddable":true,"href":"https:\/\/marktxxl.de\/markt\/wp-json\/wp\/v2\/product_cat?post=150632"},{"taxonomy":"product_tag","embeddable":true,"href":"https:\/\/marktxxl.de\/markt\/wp-json\/wp\/v2\/product_tag?post=150632"}],"curies":[{"name":"wp","href":"https:\/\/api.w.org\/{rel}","templated":true}]}}