{"id":150621,"date":"2022-09-12T04:37:49","date_gmt":"2022-09-12T02:37:49","guid":{"rendered":"https:\/\/marktxxl.de\/markt\/produkt\/badezimmer-einbaustrahler-aqua-ip65-230volt-gu10-5watt-led-leuchtmittel-warmweiss-2700-kelvin-450lumen-fuer-bad-vordach-keller-nassraum-feuchtraum-jungeslicht\/"},"modified":"2023-04-08T04:00:16","modified_gmt":"2023-04-08T02:00:16","slug":"badezimmer-einbaustrahler-aqua-ip65-230volt-gu10-5watt-led-leuchtmittel-warmweiss-2700-kelvin-450lumen-fuer-bad-vordach-keller-nassraum-feuchtraum-jungeslicht","status":"publish","type":"product","link":"https:\/\/marktxxl.de\/markt\/produkt\/badezimmer-einbaustrahler-aqua-ip65-230volt-gu10-5watt-led-leuchtmittel-warmweiss-2700-kelvin-450lumen-fuer-bad-vordach-keller-nassraum-feuchtraum-jungeslicht\/","title":{"rendered":"Badezimmer Einbaustrahler Aqua IP65 | 230Volt GU10 5Watt LED Leuchtmittel warmweiss 2700 Kelvin &#8211; 450Lumen | F\u00fcr Bad\u2026"},"content":{"rendered":"<p>Strahler \u00d8: 83mm, Lochausschnitt (rund) \u00d8: 55mm (passt auch in 55-68mm L\u00f6cher), Einbautiefe (montagefertig): 70mm<br \/>\nLED: Leistung: 5W; Gewichteter Energieverbrauch: 5kWh\/1000h; Energieeffiziensklasse: A+; Abstrahlwinkel: 120\u00b0; Dimmbar: Nein<br \/>\nLichtfarbe LED: Warm-Wei\u00df 2700 Kelvin &#8211; 430 Lumen (vergleichbar mit einer 50Watt Halogenlampe)<br \/>\nSchutzart: IP65 (IP-Klassenbedeutung: 6= Staubdicht &#8211; 5= Schutz gegen Strahlwasser (D\u00fcse) aus beliebigem Winkel)<br \/>\nLieferumfang: 1 Komplettset : 1x Bad Einbaustrahler IP65 Farbe: Edelstahl geb\u00fcrstet &#8211; 1x GU10 230Volt Fassung- 1x 5W LED Leuchtmittel (Lichtfarbe: Warmweiss &#8211; vergleichbar mit handels\u00fcblichen Halogenlampen)<br \/>\n<div class=\"main-cross-sell\" data-asin=\"B00ANIT9G0\">\n\n\t<div class=\"WooZone-cross-sell-loader\">\n\t\t<div>\n\t\t\t<div id=\"floatingBarsG\">\n\t\t\t\t<div class=\"blockG\" id=\"rotateG_01\"><\/div>\n\t\t\t\t<div class=\"blockG\" id=\"rotateG_02\"><\/div>\n\t\t\t\t<div class=\"blockG\" id=\"rotateG_03\"><\/div>\n\t\t\t\t<div class=\"blockG\" id=\"rotateG_04\"><\/div>\n\t\t\t\t<div class=\"blockG\" id=\"rotateG_05\"><\/div>\n\t\t\t\t<div class=\"blockG\" id=\"rotateG_06\"><\/div>\n\t\t\t\t<div class=\"blockG\" id=\"rotateG_07\"><\/div>\n\t\t\t\t<div class=\"blockG\" id=\"rotateG_08\"><\/div>\n\t\t\t<\/div>\n\t\t\t<div class=\"WooZone-cross-sell-loader-text\"><\/div>\n\t\t<\/div>\n\t<\/div>\n\n\t\t\n<\/div>\n<div style=\"clear:both;\"><\/div><\/p>\n","protected":false},"excerpt":{"rendered":"<p>Strahler \u00d8: 83mm, Lochausschnitt (rund) \u00d8: 55mm (passt auch in 55-68mm L\u00f6cher), Einbautiefe (montagefertig): 70mm<br \/>\nLED: Leistung: 5W; Gewichteter Energieverbrauch: 5kWh\/1000h; Energieeffiziensklasse: A+; Abstrahlwinkel: 120\u00b0; Dimmbar: Nein<br \/>\nLichtfarbe LED: Warm-Wei\u00df 2700 Kelvin &#8211; 430 Lumen (vergleichbar mit einer 50Watt Halogenlampe)<\/p>\n","protected":false},"featured_media":150622,"comment_status":"open","ping_status":"closed","template":"","meta":[],"product_brand":[],"product_cat":[11474,2108],"product_tag":[],"class_list":{"0":"post-150621","1":"product","2":"type-product","3":"status-publish","4":"has-post-thumbnail","6":"product_cat-bad-beleuchtung","7":"product_cat-beleuchtung","8":"pa_brand-jungeslicht","9":"pa_color-edelstahl-gebuerstet","10":"pa_manufacturer-led-line","11":"pa_model-jl-ip65-e-5580","12":"pa_warranty-2-jahre","14":"first","15":"instock","16":"shipping-taxable","17":"purchasable","18":"product-type-simple","19":"customify-col","20":"product-has-gallery"},"yoast_head":"<!-- This site is optimized with the Yoast SEO plugin v27.4 - https:\/\/yoast.com\/product\/yoast-seo-wordpress\/ -->\n<title>Badezimmer Einbaustrahler Aqua IP65 | 230Volt GU10 5Watt LED Leuchtmittel warmweiss 2700 Kelvin - 450Lumen | F\u00fcr Bad\u2026 - Markt-XXL<\/title>\n<meta name=\"description\" content=\"Markt-XXL Badezimmer Einbaustrahler Aqua IP65 | 230Volt GU10 5Watt LED Leuchtmittel warmweiss 2700 Kelvin - 450Lumen | F\u00fcr Bad\u2026\" \/>\n<meta name=\"robots\" content=\"index, follow, max-snippet:-1, max-image-preview:large, max-video-preview:-1\" \/>\n<link rel=\"canonical\" href=\"https:\/\/marktxxl.de\/markt\/produkt\/badezimmer-einbaustrahler-aqua-ip65-230volt-gu10-5watt-led-leuchtmittel-warmweiss-2700-kelvin-450lumen-fuer-bad-vordach-keller-nassraum-feuchtraum-jungeslicht\/\" \/>\n<meta property=\"og:locale\" content=\"de_DE\" \/>\n<meta property=\"og:type\" content=\"article\" \/>\n<meta property=\"og:title\" content=\"Badezimmer Einbaustrahler Aqua IP65 | 230Volt GU10 5Watt LED Leuchtmittel warmweiss 2700 Kelvin - 450Lumen | F\u00fcr Bad\u2026 - Markt-XXL\" \/>\n<meta property=\"og:description\" content=\"Markt-XXL Badezimmer Einbaustrahler Aqua IP65 | 230Volt GU10 5Watt LED Leuchtmittel warmweiss 2700 Kelvin - 450Lumen | F\u00fcr Bad\u2026\" \/>\n<meta property=\"og:url\" content=\"https:\/\/marktxxl.de\/markt\/produkt\/badezimmer-einbaustrahler-aqua-ip65-230volt-gu10-5watt-led-leuchtmittel-warmweiss-2700-kelvin-450lumen-fuer-bad-vordach-keller-nassraum-feuchtraum-jungeslicht\/\" \/>\n<meta property=\"og:site_name\" content=\"Markt-XXL\" \/>\n<meta property=\"article:modified_time\" content=\"2023-04-08T02:00:16+00:00\" \/>\n<meta property=\"og:image\" content=\"https:\/\/m.media-amazon.com\/images\/I\/41GPzhxDUZL._SL500_.jpg\" \/>\n\t<meta property=\"og:image:width\" content=\"500\" \/>\n\t<meta property=\"og:image:height\" content=\"500\" \/>\n\t<meta property=\"og:image:type\" content=\"image\/jpeg\" \/>\n<meta name=\"twitter:card\" content=\"summary_large_image\" \/>\n<script type=\"application\/ld+json\" class=\"yoast-schema-graph\">{\"@context\":\"https:\\\/\\\/schema.org\",\"@graph\":[{\"@type\":\"WebPage\",\"@id\":\"https:\\\/\\\/marktxxl.de\\\/markt\\\/produkt\\\/badezimmer-einbaustrahler-aqua-ip65-230volt-gu10-5watt-led-leuchtmittel-warmweiss-2700-kelvin-450lumen-fuer-bad-vordach-keller-nassraum-feuchtraum-jungeslicht\\\/\",\"url\":\"https:\\\/\\\/marktxxl.de\\\/markt\\\/produkt\\\/badezimmer-einbaustrahler-aqua-ip65-230volt-gu10-5watt-led-leuchtmittel-warmweiss-2700-kelvin-450lumen-fuer-bad-vordach-keller-nassraum-feuchtraum-jungeslicht\\\/\",\"name\":\"Badezimmer Einbaustrahler Aqua IP65 | 230Volt GU10 5Watt LED Leuchtmittel warmweiss 2700 Kelvin - 450Lumen | F\u00fcr Bad\u2026 - Markt-XXL\",\"isPartOf\":{\"@id\":\"https:\\\/\\\/marktxxl.de\\\/markt\\\/#website\"},\"primaryImageOfPage\":{\"@id\":\"https:\\\/\\\/marktxxl.de\\\/markt\\\/produkt\\\/badezimmer-einbaustrahler-aqua-ip65-230volt-gu10-5watt-led-leuchtmittel-warmweiss-2700-kelvin-450lumen-fuer-bad-vordach-keller-nassraum-feuchtraum-jungeslicht\\\/#primaryimage\"},\"image\":{\"@id\":\"https:\\\/\\\/marktxxl.de\\\/markt\\\/produkt\\\/badezimmer-einbaustrahler-aqua-ip65-230volt-gu10-5watt-led-leuchtmittel-warmweiss-2700-kelvin-450lumen-fuer-bad-vordach-keller-nassraum-feuchtraum-jungeslicht\\\/#primaryimage\"},\"thumbnailUrl\":\"https:\\\/\\\/m.media-amazon.com\\\/images\\\/I\\\/41GPzhxDUZL._SL500_.jpg\",\"datePublished\":\"2022-09-12T02:37:49+00:00\",\"dateModified\":\"2023-04-08T02:00:16+00:00\",\"description\":\"Markt-XXL Badezimmer Einbaustrahler Aqua IP65 | 230Volt GU10 5Watt LED Leuchtmittel warmweiss 2700 Kelvin - 450Lumen | F\u00fcr Bad\u2026\",\"breadcrumb\":{\"@id\":\"https:\\\/\\\/marktxxl.de\\\/markt\\\/produkt\\\/badezimmer-einbaustrahler-aqua-ip65-230volt-gu10-5watt-led-leuchtmittel-warmweiss-2700-kelvin-450lumen-fuer-bad-vordach-keller-nassraum-feuchtraum-jungeslicht\\\/#breadcrumb\"},\"inLanguage\":\"de\",\"potentialAction\":[{\"@type\":\"ReadAction\",\"target\":[\"https:\\\/\\\/marktxxl.de\\\/markt\\\/produkt\\\/badezimmer-einbaustrahler-aqua-ip65-230volt-gu10-5watt-led-leuchtmittel-warmweiss-2700-kelvin-450lumen-fuer-bad-vordach-keller-nassraum-feuchtraum-jungeslicht\\\/\"]}]},{\"@type\":\"ImageObject\",\"inLanguage\":\"de\",\"@id\":\"https:\\\/\\\/marktxxl.de\\\/markt\\\/produkt\\\/badezimmer-einbaustrahler-aqua-ip65-230volt-gu10-5watt-led-leuchtmittel-warmweiss-2700-kelvin-450lumen-fuer-bad-vordach-keller-nassraum-feuchtraum-jungeslicht\\\/#primaryimage\",\"url\":\"https:\\\/\\\/m.media-amazon.com\\\/images\\\/I\\\/41GPzhxDUZL._SL500_.jpg\",\"contentUrl\":\"https:\\\/\\\/m.media-amazon.com\\\/images\\\/I\\\/41GPzhxDUZL._SL500_.jpg\",\"width\":500,\"height\":500},{\"@type\":\"BreadcrumbList\",\"@id\":\"https:\\\/\\\/marktxxl.de\\\/markt\\\/produkt\\\/badezimmer-einbaustrahler-aqua-ip65-230volt-gu10-5watt-led-leuchtmittel-warmweiss-2700-kelvin-450lumen-fuer-bad-vordach-keller-nassraum-feuchtraum-jungeslicht\\\/#breadcrumb\",\"itemListElement\":[{\"@type\":\"ListItem\",\"position\":1,\"name\":\"Startseite\",\"item\":\"https:\\\/\\\/marktxxl.de\\\/markt\\\/\"},{\"@type\":\"ListItem\",\"position\":2,\"name\":\"Markt\",\"item\":\"https:\\\/\\\/marktxxl.de\\\/markt\\\/\"},{\"@type\":\"ListItem\",\"position\":3,\"name\":\"Badezimmer Einbaustrahler Aqua IP65 | 230Volt GU10 5Watt LED Leuchtmittel warmweiss 2700 Kelvin &#8211; 450Lumen | F\u00fcr Bad\u2026\"}]},{\"@type\":\"WebSite\",\"@id\":\"https:\\\/\\\/marktxxl.de\\\/markt\\\/#website\",\"url\":\"https:\\\/\\\/marktxxl.de\\\/markt\\\/\",\"name\":\"Markt-XXL\",\"description\":\"Ihr Markt Online\",\"publisher\":{\"@id\":\"https:\\\/\\\/marktxxl.de\\\/markt\\\/#organization\"},\"potentialAction\":[{\"@type\":\"SearchAction\",\"target\":{\"@type\":\"EntryPoint\",\"urlTemplate\":\"https:\\\/\\\/marktxxl.de\\\/markt\\\/?s={search_term_string}\"},\"query-input\":{\"@type\":\"PropertyValueSpecification\",\"valueRequired\":true,\"valueName\":\"search_term_string\"}}],\"inLanguage\":\"de\"},{\"@type\":\"Organization\",\"@id\":\"https:\\\/\\\/marktxxl.de\\\/markt\\\/#organization\",\"name\":\"Markt-XXL\",\"url\":\"https:\\\/\\\/marktxxl.de\\\/markt\\\/\",\"logo\":{\"@type\":\"ImageObject\",\"inLanguage\":\"de\",\"@id\":\"https:\\\/\\\/marktxxl.de\\\/markt\\\/#\\\/schema\\\/logo\\\/image\\\/\",\"url\":\"https:\\\/\\\/marktxxl.de\\\/markt\\\/wp-content\\\/uploads\\\/sites\\\/3\\\/2020\\\/12\\\/logo.png\",\"contentUrl\":\"https:\\\/\\\/marktxxl.de\\\/markt\\\/wp-content\\\/uploads\\\/sites\\\/3\\\/2020\\\/12\\\/logo.png\",\"width\":200,\"height\":70,\"caption\":\"Markt-XXL\"},\"image\":{\"@id\":\"https:\\\/\\\/marktxxl.de\\\/markt\\\/#\\\/schema\\\/logo\\\/image\\\/\"}}]}<\/script>\n<!-- \/ Yoast SEO plugin. -->","yoast_head_json":{"title":"Badezimmer Einbaustrahler Aqua IP65 | 230Volt GU10 5Watt LED Leuchtmittel warmweiss 2700 Kelvin - 450Lumen | F\u00fcr Bad\u2026 - Markt-XXL","description":"Markt-XXL Badezimmer Einbaustrahler Aqua IP65 | 230Volt GU10 5Watt LED Leuchtmittel warmweiss 2700 Kelvin - 450Lumen | F\u00fcr Bad\u2026","robots":{"index":"index","follow":"follow","max-snippet":"max-snippet:-1","max-image-preview":"max-image-preview:large","max-video-preview":"max-video-preview:-1"},"canonical":"https:\/\/marktxxl.de\/markt\/produkt\/badezimmer-einbaustrahler-aqua-ip65-230volt-gu10-5watt-led-leuchtmittel-warmweiss-2700-kelvin-450lumen-fuer-bad-vordach-keller-nassraum-feuchtraum-jungeslicht\/","og_locale":"de_DE","og_type":"article","og_title":"Badezimmer Einbaustrahler Aqua IP65 | 230Volt GU10 5Watt LED Leuchtmittel warmweiss 2700 Kelvin - 450Lumen | F\u00fcr Bad\u2026 - Markt-XXL","og_description":"Markt-XXL Badezimmer Einbaustrahler Aqua IP65 | 230Volt GU10 5Watt LED Leuchtmittel warmweiss 2700 Kelvin - 450Lumen | F\u00fcr Bad\u2026","og_url":"https:\/\/marktxxl.de\/markt\/produkt\/badezimmer-einbaustrahler-aqua-ip65-230volt-gu10-5watt-led-leuchtmittel-warmweiss-2700-kelvin-450lumen-fuer-bad-vordach-keller-nassraum-feuchtraum-jungeslicht\/","og_site_name":"Markt-XXL","article_modified_time":"2023-04-08T02:00:16+00:00","og_image":[{"width":500,"height":500,"url":"https:\/\/m.media-amazon.com\/images\/I\/41GPzhxDUZL._SL500_.jpg","type":"image\/jpeg"}],"twitter_card":"summary_large_image","schema":{"@context":"https:\/\/schema.org","@graph":[{"@type":"WebPage","@id":"https:\/\/marktxxl.de\/markt\/produkt\/badezimmer-einbaustrahler-aqua-ip65-230volt-gu10-5watt-led-leuchtmittel-warmweiss-2700-kelvin-450lumen-fuer-bad-vordach-keller-nassraum-feuchtraum-jungeslicht\/","url":"https:\/\/marktxxl.de\/markt\/produkt\/badezimmer-einbaustrahler-aqua-ip65-230volt-gu10-5watt-led-leuchtmittel-warmweiss-2700-kelvin-450lumen-fuer-bad-vordach-keller-nassraum-feuchtraum-jungeslicht\/","name":"Badezimmer Einbaustrahler Aqua IP65 | 230Volt GU10 5Watt LED Leuchtmittel warmweiss 2700 Kelvin - 450Lumen | F\u00fcr Bad\u2026 - Markt-XXL","isPartOf":{"@id":"https:\/\/marktxxl.de\/markt\/#website"},"primaryImageOfPage":{"@id":"https:\/\/marktxxl.de\/markt\/produkt\/badezimmer-einbaustrahler-aqua-ip65-230volt-gu10-5watt-led-leuchtmittel-warmweiss-2700-kelvin-450lumen-fuer-bad-vordach-keller-nassraum-feuchtraum-jungeslicht\/#primaryimage"},"image":{"@id":"https:\/\/marktxxl.de\/markt\/produkt\/badezimmer-einbaustrahler-aqua-ip65-230volt-gu10-5watt-led-leuchtmittel-warmweiss-2700-kelvin-450lumen-fuer-bad-vordach-keller-nassraum-feuchtraum-jungeslicht\/#primaryimage"},"thumbnailUrl":"https:\/\/m.media-amazon.com\/images\/I\/41GPzhxDUZL._SL500_.jpg","datePublished":"2022-09-12T02:37:49+00:00","dateModified":"2023-04-08T02:00:16+00:00","description":"Markt-XXL Badezimmer Einbaustrahler Aqua IP65 | 230Volt GU10 5Watt LED Leuchtmittel warmweiss 2700 Kelvin - 450Lumen | F\u00fcr Bad\u2026","breadcrumb":{"@id":"https:\/\/marktxxl.de\/markt\/produkt\/badezimmer-einbaustrahler-aqua-ip65-230volt-gu10-5watt-led-leuchtmittel-warmweiss-2700-kelvin-450lumen-fuer-bad-vordach-keller-nassraum-feuchtraum-jungeslicht\/#breadcrumb"},"inLanguage":"de","potentialAction":[{"@type":"ReadAction","target":["https:\/\/marktxxl.de\/markt\/produkt\/badezimmer-einbaustrahler-aqua-ip65-230volt-gu10-5watt-led-leuchtmittel-warmweiss-2700-kelvin-450lumen-fuer-bad-vordach-keller-nassraum-feuchtraum-jungeslicht\/"]}]},{"@type":"ImageObject","inLanguage":"de","@id":"https:\/\/marktxxl.de\/markt\/produkt\/badezimmer-einbaustrahler-aqua-ip65-230volt-gu10-5watt-led-leuchtmittel-warmweiss-2700-kelvin-450lumen-fuer-bad-vordach-keller-nassraum-feuchtraum-jungeslicht\/#primaryimage","url":"https:\/\/m.media-amazon.com\/images\/I\/41GPzhxDUZL._SL500_.jpg","contentUrl":"https:\/\/m.media-amazon.com\/images\/I\/41GPzhxDUZL._SL500_.jpg","width":500,"height":500},{"@type":"BreadcrumbList","@id":"https:\/\/marktxxl.de\/markt\/produkt\/badezimmer-einbaustrahler-aqua-ip65-230volt-gu10-5watt-led-leuchtmittel-warmweiss-2700-kelvin-450lumen-fuer-bad-vordach-keller-nassraum-feuchtraum-jungeslicht\/#breadcrumb","itemListElement":[{"@type":"ListItem","position":1,"name":"Startseite","item":"https:\/\/marktxxl.de\/markt\/"},{"@type":"ListItem","position":2,"name":"Markt","item":"https:\/\/marktxxl.de\/markt\/"},{"@type":"ListItem","position":3,"name":"Badezimmer Einbaustrahler Aqua IP65 | 230Volt GU10 5Watt LED Leuchtmittel warmweiss 2700 Kelvin &#8211; 450Lumen | F\u00fcr Bad\u2026"}]},{"@type":"WebSite","@id":"https:\/\/marktxxl.de\/markt\/#website","url":"https:\/\/marktxxl.de\/markt\/","name":"Markt-XXL","description":"Ihr Markt Online","publisher":{"@id":"https:\/\/marktxxl.de\/markt\/#organization"},"potentialAction":[{"@type":"SearchAction","target":{"@type":"EntryPoint","urlTemplate":"https:\/\/marktxxl.de\/markt\/?s={search_term_string}"},"query-input":{"@type":"PropertyValueSpecification","valueRequired":true,"valueName":"search_term_string"}}],"inLanguage":"de"},{"@type":"Organization","@id":"https:\/\/marktxxl.de\/markt\/#organization","name":"Markt-XXL","url":"https:\/\/marktxxl.de\/markt\/","logo":{"@type":"ImageObject","inLanguage":"de","@id":"https:\/\/marktxxl.de\/markt\/#\/schema\/logo\/image\/","url":"https:\/\/marktxxl.de\/markt\/wp-content\/uploads\/sites\/3\/2020\/12\/logo.png","contentUrl":"https:\/\/marktxxl.de\/markt\/wp-content\/uploads\/sites\/3\/2020\/12\/logo.png","width":200,"height":70,"caption":"Markt-XXL"},"image":{"@id":"https:\/\/marktxxl.de\/markt\/#\/schema\/logo\/image\/"}}]}},"_links":{"self":[{"href":"https:\/\/marktxxl.de\/markt\/wp-json\/wp\/v2\/product\/150621","targetHints":{"allow":["GET"]}}],"collection":[{"href":"https:\/\/marktxxl.de\/markt\/wp-json\/wp\/v2\/product"}],"about":[{"href":"https:\/\/marktxxl.de\/markt\/wp-json\/wp\/v2\/types\/product"}],"replies":[{"embeddable":true,"href":"https:\/\/marktxxl.de\/markt\/wp-json\/wp\/v2\/comments?post=150621"}],"wp:featuredmedia":[{"embeddable":true,"href":"https:\/\/marktxxl.de\/markt\/wp-json\/wp\/v2\/media\/150622"}],"wp:attachment":[{"href":"https:\/\/marktxxl.de\/markt\/wp-json\/wp\/v2\/media?parent=150621"}],"wp:term":[{"taxonomy":"product_brand","embeddable":true,"href":"https:\/\/marktxxl.de\/markt\/wp-json\/wp\/v2\/product_brand?post=150621"},{"taxonomy":"product_cat","embeddable":true,"href":"https:\/\/marktxxl.de\/markt\/wp-json\/wp\/v2\/product_cat?post=150621"},{"taxonomy":"product_tag","embeddable":true,"href":"https:\/\/marktxxl.de\/markt\/wp-json\/wp\/v2\/product_tag?post=150621"}],"curies":[{"name":"wp","href":"https:\/\/api.w.org\/{rel}","templated":true}]}}