{"id":150304,"date":"2022-09-12T04:25:47","date_gmt":"2022-09-12T02:25:47","guid":{"rendered":"https:\/\/marktxxl.de\/markt\/produkt\/leselampe-buch-klemme-tnyoyo-klemmlampe-mit-7-leds-stufenlose-helligkeit-augenschutz-buchlampe-3-farbtemperatur-modi-usb-wiederaufladbare-klemmleuchte-360-flexibel-leselicht-fuer-nachtlekt\/"},"modified":"2023-04-10T04:36:26","modified_gmt":"2023-04-10T02:36:26","slug":"leselampe-buch-klemme-tnyoyo-klemmlampe-mit-7-leds-stufenlose-helligkeit-augenschutz-buchlampe-3-farbtemperatur-modi-usb-wiederaufladbare-klemmleuchte-360-flexibel-leselicht-fuer-nachtlekt","status":"publish","type":"product","link":"https:\/\/marktxxl.de\/markt\/produkt\/leselampe-buch-klemme-tnyoyo-klemmlampe-mit-7-leds-stufenlose-helligkeit-augenschutz-buchlampe-3-farbtemperatur-modi-usb-wiederaufladbare-klemmleuchte-360-flexibel-leselicht-fuer-nachtlekt\/","title":{"rendered":"TnYoYo Leselampe Buch Klemme, Klemmlampe mit 9 LEDs, Stufenlose Helligkeit Augenschutz Buchlampe, 3 Farbtemperatur Modi\u2026"},"content":{"rendered":"<p>\ud83d\udca1\u3010Verbesserte LED Leselampe Buch Klemme\u3011 &#8211; Diese buchlampe wurde mit einem anderen Lichtkopf entwickelt und ist heller, um problemlos 2 volle Seiten eines Buches jeder Gr\u00f6\u00dfe zu beleuchten, oder sie ist schwach genug, um Ihren Partner, Ihre Kinder oder Mitbewohner nicht zu st\u00f6ren. Das Augenschutz Leselicht hat keinen Blitz, keine Blendung und keinen Schatten. Die USB leselampe buch gibt ein nat\u00fcrliches und flimmerfreies Licht ab, das Ihre Augen nicht belastet.<br \/>\n\ud83d\udca1\u3010Ein-Finger Touch Steuerung\u3011- Kein Dr\u00fccken von Tasten mehr mit zwei Fingern, ber\u00fchren Sie einfach den Sensorschalter mit einem Finger, Sie k\u00f6nnen ganz einfach 3 Beleuchtungsmodi ausw\u00e4hlen: Warmwei\u00df (3 warme LED), Kaltwei\u00df (4 wei\u00dfe LED) und Mischfarbe (alle 7 LED). Ber\u00fchren Sie lange die Sensortaste, um die Helligkeit von 20 % bis 100 % einzustellen. Diese klemmleuchte ist perfekt f\u00fcr verschiedene Leseumgebungen.<br \/>\n\ud83d\udca1\u3010USB wiederaufladbar &amp; 4 LED Batterieanzeige\u3011 &#8211; In nur 2 Stunden kann diese leselampe klemme mit dem mitgelieferten Micro-USB vollst\u00e4ndig aufgeladen werden und unterst\u00fctzt bis zu 12 Stunden Beleuchtung. 4 LED Anzeigeleuchten zeigen Ihnen immer die verbleibende Leistung der leselicht an. Sie k\u00f6nnen es mit jedem 5-V-USB-Ladeger\u00e4t wie PC, Powerbank, Handyadapter usw. aufladen.<br \/>\n\ud83d\udca1\u3010Clip-on Design &amp; 360\u00b0 Flexibilit\u00e4t\u3011 Verbesserter um 360\u00b0 biegbarer und l\u00e4ngerer Silikon-Schwanenhals (17 cm) erm\u00f6glicht es Ihnen, Ihr Licht \u00fcberall zu positionieren, wo Sie m\u00f6chten. Der Clip l\u00e4sst sich etwa 1,57 Zoll \u00f6ffnen, um B\u00fcchern, E-Readern, Tablets, Regalen usw. sicheren Halt zu bieten. Anti-Rutsch-Pads sch\u00fctzen Ihre geliebten B\u00fccher vor Kratzern oder Quetschungen.<br \/>\n\ud83d\udca1\u3010Super leicht und weit verbreitet\u3011- Klein mit nur 55 g leicht. Das faltbare Design macht es einfach, es jederzeit und \u00fcberall zu tragen. Diese leselampe kann mit dem Anti Rutsch Pad auf der Unterseite auch unabh\u00e4ngig stehen. Perfekt zum Lesen vor dem Schlafengehen, Arbeiten, Lernen, Malen, N\u00e4hen, Reisen und Camping.<br \/>\n<div class=\"main-cross-sell\" data-asin=\"B0B2972C12\">\n\n\t<div class=\"WooZone-cross-sell-loader\">\n\t\t<div>\n\t\t\t<div id=\"floatingBarsG\">\n\t\t\t\t<div class=\"blockG\" id=\"rotateG_01\"><\/div>\n\t\t\t\t<div class=\"blockG\" id=\"rotateG_02\"><\/div>\n\t\t\t\t<div class=\"blockG\" id=\"rotateG_03\"><\/div>\n\t\t\t\t<div class=\"blockG\" id=\"rotateG_04\"><\/div>\n\t\t\t\t<div class=\"blockG\" id=\"rotateG_05\"><\/div>\n\t\t\t\t<div class=\"blockG\" id=\"rotateG_06\"><\/div>\n\t\t\t\t<div class=\"blockG\" id=\"rotateG_07\"><\/div>\n\t\t\t\t<div class=\"blockG\" id=\"rotateG_08\"><\/div>\n\t\t\t<\/div>\n\t\t\t<div class=\"WooZone-cross-sell-loader-text\"><\/div>\n\t\t<\/div>\n\t<\/div>\n\n\t\t\n<\/div>\n<div style=\"clear:both;\"><\/div><\/p>\n","protected":false},"excerpt":{"rendered":"<p>\ud83d\udca1\u3010Verbesserte LED Leselampe Buch Klemme\u3011 &#8211; Diese buchlampe wurde mit einem anderen Lichtkopf entwickelt und ist heller, um problemlos 2 volle Seiten eines Buches jeder Gr\u00f6\u00dfe zu beleuchten, oder sie ist schwach genug, um Ihren Partner, Ihre Kinder oder Mitbewohner nicht zu st\u00f6ren. Das Augenschutz Leselicht hat keinen Blitz, keine Blendung und keinen Schatten. Die USB leselampe buch gibt ein nat\u00fcrliches und flimmerfreies Licht ab, das Ihre Augen nicht belastet.<br \/>\n\ud83d\udca1\u3010Ein-Finger Touch Steuerung\u3011- Kein Dr\u00fccken von Tasten mehr mit zwei Fingern, ber\u00fchren Sie einfach den Sensorschalter mit einem Finger, Sie k\u00f6nnen ganz einfach 3 Beleuchtungsmodi ausw\u00e4hlen: Warmwei\u00df (3 warme LED), Kaltwei\u00df (4 wei\u00dfe LED) und Mischfarbe (alle 7 LED). Ber\u00fchren Sie lange die Sensortaste, um die Helligkeit von 20 % bis 100 % einzustellen. Diese klemmleuchte ist perfekt f\u00fcr verschiedene Leseumgebungen.<br \/>\n\ud83d\udca1\u3010USB wiederaufladbar &amp; 4 LED Batterieanzeige\u3011 &#8211; In nur 2 Stunden kann diese leselampe klemme mit dem mitgelieferten Micro-USB vollst\u00e4ndig aufgeladen werden und unterst\u00fctzt bis zu 12 Stunden Beleuchtung. 4 LED Anzeigeleuchten zeigen Ihnen immer die verbleibende Leistung der leselicht an. Sie k\u00f6nnen es mit jedem 5-V-USB-Ladeger\u00e4t wie PC, Powerbank, Handyadapter usw. aufladen.<\/p>\n","protected":false},"featured_media":150305,"comment_status":"open","ping_status":"closed","template":"","meta":[],"product_brand":[],"product_cat":[2108,11509],"product_tag":[],"class_list":{"0":"post-150304","1":"product","2":"type-product","3":"status-publish","4":"has-post-thumbnail","6":"product_cat-beleuchtung","7":"product_cat-innenbeleuchtung","8":"pa_brand-tnyoyo","9":"pa_color-schwarz","10":"pa_height-0-9448818888-zoll","11":"pa_length-4-5275590505-zoll","12":"pa_manufacturer-tnyoyo","13":"pa_weight-0-1984160358-pfund","14":"pa_width-2-755905509-zoll","16":"first","17":"instock","18":"shipping-taxable","19":"purchasable","20":"product-type-simple","21":"customify-col","22":"product-has-gallery"},"yoast_head":"<!-- This site is optimized with the Yoast SEO plugin v27.4 - https:\/\/yoast.com\/product\/yoast-seo-wordpress\/ -->\n<title>TnYoYo Leselampe Buch Klemme, Klemmlampe mit 9 LEDs, Stufenlose Helligkeit Augenschutz Buchlampe, 3 Farbtemperatur Modi\u2026 - Markt-XXL<\/title>\n<meta name=\"description\" content=\"Markt-XXL TnYoYo Leselampe Buch Klemme, Klemmlampe mit 9 LEDs, Stufenlose Helligkeit Augenschutz Buchlampe, 3 Farbtemperatur Modi\u2026\" \/>\n<meta name=\"robots\" content=\"index, follow, max-snippet:-1, max-image-preview:large, max-video-preview:-1\" \/>\n<link rel=\"canonical\" href=\"https:\/\/marktxxl.de\/markt\/produkt\/leselampe-buch-klemme-tnyoyo-klemmlampe-mit-7-leds-stufenlose-helligkeit-augenschutz-buchlampe-3-farbtemperatur-modi-usb-wiederaufladbare-klemmleuchte-360-flexibel-leselicht-fuer-nachtlekt\/\" \/>\n<meta property=\"og:locale\" content=\"de_DE\" \/>\n<meta property=\"og:type\" content=\"article\" \/>\n<meta property=\"og:title\" content=\"TnYoYo Leselampe Buch Klemme, Klemmlampe mit 9 LEDs, Stufenlose Helligkeit Augenschutz Buchlampe, 3 Farbtemperatur Modi\u2026 - Markt-XXL\" \/>\n<meta property=\"og:description\" content=\"Markt-XXL TnYoYo Leselampe Buch Klemme, Klemmlampe mit 9 LEDs, Stufenlose Helligkeit Augenschutz Buchlampe, 3 Farbtemperatur Modi\u2026\" \/>\n<meta property=\"og:url\" content=\"https:\/\/marktxxl.de\/markt\/produkt\/leselampe-buch-klemme-tnyoyo-klemmlampe-mit-7-leds-stufenlose-helligkeit-augenschutz-buchlampe-3-farbtemperatur-modi-usb-wiederaufladbare-klemmleuchte-360-flexibel-leselicht-fuer-nachtlekt\/\" \/>\n<meta property=\"og:site_name\" content=\"Markt-XXL\" \/>\n<meta property=\"article:modified_time\" content=\"2023-04-10T02:36:26+00:00\" \/>\n<meta property=\"og:image\" content=\"https:\/\/m.media-amazon.com\/images\/I\/41UZPf1IqHL._SL500_.jpg\" \/>\n\t<meta property=\"og:image:width\" content=\"438\" \/>\n\t<meta property=\"og:image:height\" content=\"500\" \/>\n\t<meta property=\"og:image:type\" content=\"image\/jpeg\" \/>\n<meta name=\"twitter:card\" content=\"summary_large_image\" \/>\n<meta name=\"twitter:label1\" content=\"Gesch\u00e4tzte Lesezeit\" \/>\n\t<meta name=\"twitter:data1\" content=\"2\u00a0Minuten\" \/>\n<script type=\"application\/ld+json\" class=\"yoast-schema-graph\">{\"@context\":\"https:\\\/\\\/schema.org\",\"@graph\":[{\"@type\":\"WebPage\",\"@id\":\"https:\\\/\\\/marktxxl.de\\\/markt\\\/produkt\\\/leselampe-buch-klemme-tnyoyo-klemmlampe-mit-7-leds-stufenlose-helligkeit-augenschutz-buchlampe-3-farbtemperatur-modi-usb-wiederaufladbare-klemmleuchte-360-flexibel-leselicht-fuer-nachtlekt\\\/\",\"url\":\"https:\\\/\\\/marktxxl.de\\\/markt\\\/produkt\\\/leselampe-buch-klemme-tnyoyo-klemmlampe-mit-7-leds-stufenlose-helligkeit-augenschutz-buchlampe-3-farbtemperatur-modi-usb-wiederaufladbare-klemmleuchte-360-flexibel-leselicht-fuer-nachtlekt\\\/\",\"name\":\"TnYoYo Leselampe Buch Klemme, Klemmlampe mit 9 LEDs, Stufenlose Helligkeit Augenschutz Buchlampe, 3 Farbtemperatur Modi\u2026 - Markt-XXL\",\"isPartOf\":{\"@id\":\"https:\\\/\\\/marktxxl.de\\\/markt\\\/#website\"},\"primaryImageOfPage\":{\"@id\":\"https:\\\/\\\/marktxxl.de\\\/markt\\\/produkt\\\/leselampe-buch-klemme-tnyoyo-klemmlampe-mit-7-leds-stufenlose-helligkeit-augenschutz-buchlampe-3-farbtemperatur-modi-usb-wiederaufladbare-klemmleuchte-360-flexibel-leselicht-fuer-nachtlekt\\\/#primaryimage\"},\"image\":{\"@id\":\"https:\\\/\\\/marktxxl.de\\\/markt\\\/produkt\\\/leselampe-buch-klemme-tnyoyo-klemmlampe-mit-7-leds-stufenlose-helligkeit-augenschutz-buchlampe-3-farbtemperatur-modi-usb-wiederaufladbare-klemmleuchte-360-flexibel-leselicht-fuer-nachtlekt\\\/#primaryimage\"},\"thumbnailUrl\":\"https:\\\/\\\/m.media-amazon.com\\\/images\\\/I\\\/41UZPf1IqHL._SL500_.jpg\",\"datePublished\":\"2022-09-12T02:25:47+00:00\",\"dateModified\":\"2023-04-10T02:36:26+00:00\",\"description\":\"Markt-XXL TnYoYo Leselampe Buch Klemme, Klemmlampe mit 9 LEDs, Stufenlose Helligkeit Augenschutz Buchlampe, 3 Farbtemperatur Modi\u2026\",\"breadcrumb\":{\"@id\":\"https:\\\/\\\/marktxxl.de\\\/markt\\\/produkt\\\/leselampe-buch-klemme-tnyoyo-klemmlampe-mit-7-leds-stufenlose-helligkeit-augenschutz-buchlampe-3-farbtemperatur-modi-usb-wiederaufladbare-klemmleuchte-360-flexibel-leselicht-fuer-nachtlekt\\\/#breadcrumb\"},\"inLanguage\":\"de\",\"potentialAction\":[{\"@type\":\"ReadAction\",\"target\":[\"https:\\\/\\\/marktxxl.de\\\/markt\\\/produkt\\\/leselampe-buch-klemme-tnyoyo-klemmlampe-mit-7-leds-stufenlose-helligkeit-augenschutz-buchlampe-3-farbtemperatur-modi-usb-wiederaufladbare-klemmleuchte-360-flexibel-leselicht-fuer-nachtlekt\\\/\"]}]},{\"@type\":\"ImageObject\",\"inLanguage\":\"de\",\"@id\":\"https:\\\/\\\/marktxxl.de\\\/markt\\\/produkt\\\/leselampe-buch-klemme-tnyoyo-klemmlampe-mit-7-leds-stufenlose-helligkeit-augenschutz-buchlampe-3-farbtemperatur-modi-usb-wiederaufladbare-klemmleuchte-360-flexibel-leselicht-fuer-nachtlekt\\\/#primaryimage\",\"url\":\"https:\\\/\\\/m.media-amazon.com\\\/images\\\/I\\\/41UZPf1IqHL._SL500_.jpg\",\"contentUrl\":\"https:\\\/\\\/m.media-amazon.com\\\/images\\\/I\\\/41UZPf1IqHL._SL500_.jpg\",\"width\":438,\"height\":500},{\"@type\":\"BreadcrumbList\",\"@id\":\"https:\\\/\\\/marktxxl.de\\\/markt\\\/produkt\\\/leselampe-buch-klemme-tnyoyo-klemmlampe-mit-7-leds-stufenlose-helligkeit-augenschutz-buchlampe-3-farbtemperatur-modi-usb-wiederaufladbare-klemmleuchte-360-flexibel-leselicht-fuer-nachtlekt\\\/#breadcrumb\",\"itemListElement\":[{\"@type\":\"ListItem\",\"position\":1,\"name\":\"Startseite\",\"item\":\"https:\\\/\\\/marktxxl.de\\\/markt\\\/\"},{\"@type\":\"ListItem\",\"position\":2,\"name\":\"Markt\",\"item\":\"https:\\\/\\\/marktxxl.de\\\/markt\\\/\"},{\"@type\":\"ListItem\",\"position\":3,\"name\":\"TnYoYo Leselampe Buch Klemme, Klemmlampe mit 9 LEDs, Stufenlose Helligkeit Augenschutz Buchlampe, 3 Farbtemperatur Modi\u2026\"}]},{\"@type\":\"WebSite\",\"@id\":\"https:\\\/\\\/marktxxl.de\\\/markt\\\/#website\",\"url\":\"https:\\\/\\\/marktxxl.de\\\/markt\\\/\",\"name\":\"Markt-XXL\",\"description\":\"Ihr Markt Online\",\"publisher\":{\"@id\":\"https:\\\/\\\/marktxxl.de\\\/markt\\\/#organization\"},\"potentialAction\":[{\"@type\":\"SearchAction\",\"target\":{\"@type\":\"EntryPoint\",\"urlTemplate\":\"https:\\\/\\\/marktxxl.de\\\/markt\\\/?s={search_term_string}\"},\"query-input\":{\"@type\":\"PropertyValueSpecification\",\"valueRequired\":true,\"valueName\":\"search_term_string\"}}],\"inLanguage\":\"de\"},{\"@type\":\"Organization\",\"@id\":\"https:\\\/\\\/marktxxl.de\\\/markt\\\/#organization\",\"name\":\"Markt-XXL\",\"url\":\"https:\\\/\\\/marktxxl.de\\\/markt\\\/\",\"logo\":{\"@type\":\"ImageObject\",\"inLanguage\":\"de\",\"@id\":\"https:\\\/\\\/marktxxl.de\\\/markt\\\/#\\\/schema\\\/logo\\\/image\\\/\",\"url\":\"https:\\\/\\\/marktxxl.de\\\/markt\\\/wp-content\\\/uploads\\\/sites\\\/3\\\/2020\\\/12\\\/logo.png\",\"contentUrl\":\"https:\\\/\\\/marktxxl.de\\\/markt\\\/wp-content\\\/uploads\\\/sites\\\/3\\\/2020\\\/12\\\/logo.png\",\"width\":200,\"height\":70,\"caption\":\"Markt-XXL\"},\"image\":{\"@id\":\"https:\\\/\\\/marktxxl.de\\\/markt\\\/#\\\/schema\\\/logo\\\/image\\\/\"}}]}<\/script>\n<!-- \/ Yoast SEO plugin. -->","yoast_head_json":{"title":"TnYoYo Leselampe Buch Klemme, Klemmlampe mit 9 LEDs, Stufenlose Helligkeit Augenschutz Buchlampe, 3 Farbtemperatur Modi\u2026 - Markt-XXL","description":"Markt-XXL TnYoYo Leselampe Buch Klemme, Klemmlampe mit 9 LEDs, Stufenlose Helligkeit Augenschutz Buchlampe, 3 Farbtemperatur Modi\u2026","robots":{"index":"index","follow":"follow","max-snippet":"max-snippet:-1","max-image-preview":"max-image-preview:large","max-video-preview":"max-video-preview:-1"},"canonical":"https:\/\/marktxxl.de\/markt\/produkt\/leselampe-buch-klemme-tnyoyo-klemmlampe-mit-7-leds-stufenlose-helligkeit-augenschutz-buchlampe-3-farbtemperatur-modi-usb-wiederaufladbare-klemmleuchte-360-flexibel-leselicht-fuer-nachtlekt\/","og_locale":"de_DE","og_type":"article","og_title":"TnYoYo Leselampe Buch Klemme, Klemmlampe mit 9 LEDs, Stufenlose Helligkeit Augenschutz Buchlampe, 3 Farbtemperatur Modi\u2026 - Markt-XXL","og_description":"Markt-XXL TnYoYo Leselampe Buch Klemme, Klemmlampe mit 9 LEDs, Stufenlose Helligkeit Augenschutz Buchlampe, 3 Farbtemperatur Modi\u2026","og_url":"https:\/\/marktxxl.de\/markt\/produkt\/leselampe-buch-klemme-tnyoyo-klemmlampe-mit-7-leds-stufenlose-helligkeit-augenschutz-buchlampe-3-farbtemperatur-modi-usb-wiederaufladbare-klemmleuchte-360-flexibel-leselicht-fuer-nachtlekt\/","og_site_name":"Markt-XXL","article_modified_time":"2023-04-10T02:36:26+00:00","og_image":[{"width":438,"height":500,"url":"https:\/\/m.media-amazon.com\/images\/I\/41UZPf1IqHL._SL500_.jpg","type":"image\/jpeg"}],"twitter_card":"summary_large_image","twitter_misc":{"Gesch\u00e4tzte Lesezeit":"2\u00a0Minuten"},"schema":{"@context":"https:\/\/schema.org","@graph":[{"@type":"WebPage","@id":"https:\/\/marktxxl.de\/markt\/produkt\/leselampe-buch-klemme-tnyoyo-klemmlampe-mit-7-leds-stufenlose-helligkeit-augenschutz-buchlampe-3-farbtemperatur-modi-usb-wiederaufladbare-klemmleuchte-360-flexibel-leselicht-fuer-nachtlekt\/","url":"https:\/\/marktxxl.de\/markt\/produkt\/leselampe-buch-klemme-tnyoyo-klemmlampe-mit-7-leds-stufenlose-helligkeit-augenschutz-buchlampe-3-farbtemperatur-modi-usb-wiederaufladbare-klemmleuchte-360-flexibel-leselicht-fuer-nachtlekt\/","name":"TnYoYo Leselampe Buch Klemme, Klemmlampe mit 9 LEDs, Stufenlose Helligkeit Augenschutz Buchlampe, 3 Farbtemperatur Modi\u2026 - Markt-XXL","isPartOf":{"@id":"https:\/\/marktxxl.de\/markt\/#website"},"primaryImageOfPage":{"@id":"https:\/\/marktxxl.de\/markt\/produkt\/leselampe-buch-klemme-tnyoyo-klemmlampe-mit-7-leds-stufenlose-helligkeit-augenschutz-buchlampe-3-farbtemperatur-modi-usb-wiederaufladbare-klemmleuchte-360-flexibel-leselicht-fuer-nachtlekt\/#primaryimage"},"image":{"@id":"https:\/\/marktxxl.de\/markt\/produkt\/leselampe-buch-klemme-tnyoyo-klemmlampe-mit-7-leds-stufenlose-helligkeit-augenschutz-buchlampe-3-farbtemperatur-modi-usb-wiederaufladbare-klemmleuchte-360-flexibel-leselicht-fuer-nachtlekt\/#primaryimage"},"thumbnailUrl":"https:\/\/m.media-amazon.com\/images\/I\/41UZPf1IqHL._SL500_.jpg","datePublished":"2022-09-12T02:25:47+00:00","dateModified":"2023-04-10T02:36:26+00:00","description":"Markt-XXL TnYoYo Leselampe Buch Klemme, Klemmlampe mit 9 LEDs, Stufenlose Helligkeit Augenschutz Buchlampe, 3 Farbtemperatur Modi\u2026","breadcrumb":{"@id":"https:\/\/marktxxl.de\/markt\/produkt\/leselampe-buch-klemme-tnyoyo-klemmlampe-mit-7-leds-stufenlose-helligkeit-augenschutz-buchlampe-3-farbtemperatur-modi-usb-wiederaufladbare-klemmleuchte-360-flexibel-leselicht-fuer-nachtlekt\/#breadcrumb"},"inLanguage":"de","potentialAction":[{"@type":"ReadAction","target":["https:\/\/marktxxl.de\/markt\/produkt\/leselampe-buch-klemme-tnyoyo-klemmlampe-mit-7-leds-stufenlose-helligkeit-augenschutz-buchlampe-3-farbtemperatur-modi-usb-wiederaufladbare-klemmleuchte-360-flexibel-leselicht-fuer-nachtlekt\/"]}]},{"@type":"ImageObject","inLanguage":"de","@id":"https:\/\/marktxxl.de\/markt\/produkt\/leselampe-buch-klemme-tnyoyo-klemmlampe-mit-7-leds-stufenlose-helligkeit-augenschutz-buchlampe-3-farbtemperatur-modi-usb-wiederaufladbare-klemmleuchte-360-flexibel-leselicht-fuer-nachtlekt\/#primaryimage","url":"https:\/\/m.media-amazon.com\/images\/I\/41UZPf1IqHL._SL500_.jpg","contentUrl":"https:\/\/m.media-amazon.com\/images\/I\/41UZPf1IqHL._SL500_.jpg","width":438,"height":500},{"@type":"BreadcrumbList","@id":"https:\/\/marktxxl.de\/markt\/produkt\/leselampe-buch-klemme-tnyoyo-klemmlampe-mit-7-leds-stufenlose-helligkeit-augenschutz-buchlampe-3-farbtemperatur-modi-usb-wiederaufladbare-klemmleuchte-360-flexibel-leselicht-fuer-nachtlekt\/#breadcrumb","itemListElement":[{"@type":"ListItem","position":1,"name":"Startseite","item":"https:\/\/marktxxl.de\/markt\/"},{"@type":"ListItem","position":2,"name":"Markt","item":"https:\/\/marktxxl.de\/markt\/"},{"@type":"ListItem","position":3,"name":"TnYoYo Leselampe Buch Klemme, Klemmlampe mit 9 LEDs, Stufenlose Helligkeit Augenschutz Buchlampe, 3 Farbtemperatur Modi\u2026"}]},{"@type":"WebSite","@id":"https:\/\/marktxxl.de\/markt\/#website","url":"https:\/\/marktxxl.de\/markt\/","name":"Markt-XXL","description":"Ihr Markt Online","publisher":{"@id":"https:\/\/marktxxl.de\/markt\/#organization"},"potentialAction":[{"@type":"SearchAction","target":{"@type":"EntryPoint","urlTemplate":"https:\/\/marktxxl.de\/markt\/?s={search_term_string}"},"query-input":{"@type":"PropertyValueSpecification","valueRequired":true,"valueName":"search_term_string"}}],"inLanguage":"de"},{"@type":"Organization","@id":"https:\/\/marktxxl.de\/markt\/#organization","name":"Markt-XXL","url":"https:\/\/marktxxl.de\/markt\/","logo":{"@type":"ImageObject","inLanguage":"de","@id":"https:\/\/marktxxl.de\/markt\/#\/schema\/logo\/image\/","url":"https:\/\/marktxxl.de\/markt\/wp-content\/uploads\/sites\/3\/2020\/12\/logo.png","contentUrl":"https:\/\/marktxxl.de\/markt\/wp-content\/uploads\/sites\/3\/2020\/12\/logo.png","width":200,"height":70,"caption":"Markt-XXL"},"image":{"@id":"https:\/\/marktxxl.de\/markt\/#\/schema\/logo\/image\/"}}]}},"_links":{"self":[{"href":"https:\/\/marktxxl.de\/markt\/wp-json\/wp\/v2\/product\/150304","targetHints":{"allow":["GET"]}}],"collection":[{"href":"https:\/\/marktxxl.de\/markt\/wp-json\/wp\/v2\/product"}],"about":[{"href":"https:\/\/marktxxl.de\/markt\/wp-json\/wp\/v2\/types\/product"}],"replies":[{"embeddable":true,"href":"https:\/\/marktxxl.de\/markt\/wp-json\/wp\/v2\/comments?post=150304"}],"wp:featuredmedia":[{"embeddable":true,"href":"https:\/\/marktxxl.de\/markt\/wp-json\/wp\/v2\/media\/150305"}],"wp:attachment":[{"href":"https:\/\/marktxxl.de\/markt\/wp-json\/wp\/v2\/media?parent=150304"}],"wp:term":[{"taxonomy":"product_brand","embeddable":true,"href":"https:\/\/marktxxl.de\/markt\/wp-json\/wp\/v2\/product_brand?post=150304"},{"taxonomy":"product_cat","embeddable":true,"href":"https:\/\/marktxxl.de\/markt\/wp-json\/wp\/v2\/product_cat?post=150304"},{"taxonomy":"product_tag","embeddable":true,"href":"https:\/\/marktxxl.de\/markt\/wp-json\/wp\/v2\/product_tag?post=150304"}],"curies":[{"name":"wp","href":"https:\/\/api.w.org\/{rel}","templated":true}]}}