{"id":150271,"date":"2022-09-12T04:23:11","date_gmt":"2022-09-12T02:23:11","guid":{"rendered":"https:\/\/marktxxl.de\/markt\/produkt\/led-feuchtraumleuchte-33-oder-50-watt-4000k-reinweiss-4000lm-oder-6000lm-ip65-wasserfest-schlagfest-120cm-feuchtraumwannenleuchte-durchgangsverdrahtet-leuchte-fuer-keller-werkstatt-halle-garage-lager\/"},"modified":"2023-04-10T04:36:25","modified_gmt":"2023-04-10T02:36:25","slug":"led-feuchtraumleuchte-33-oder-50-watt-4000k-reinweiss-4000lm-oder-6000lm-ip65-wasserfest-schlagfest-120cm-feuchtraumwannenleuchte-durchgangsverdrahtet-leuchte-fuer-keller-werkstatt-halle-garage-lager","status":"publish","type":"product","link":"https:\/\/marktxxl.de\/markt\/produkt\/led-feuchtraumleuchte-33-oder-50-watt-4000k-reinweiss-4000lm-oder-6000lm-ip65-wasserfest-schlagfest-120cm-feuchtraumwannenleuchte-durchgangsverdrahtet-leuchte-fuer-keller-werkstatt-halle-garage-lager\/","title":{"rendered":"LED Feuchtraumleuchte 33 Watt 4000K reinwei\u00df 4000lm IP65 wasserfest schlagfest 120cm Feuchtraumwannenleuchte\u2026"},"content":{"rendered":"<p>Leuchte f\u00fcr viele Anwendungsgebiete. Die LED Feuchtraumwannenleuchte kann z.B als Kellerleuchte, Garagenleuchte, Werkstattleuchte, Lagerleuchte, Badleuchte, B\u00fcroleuchte, f\u00fcr den Hobbyraum oder im \u00fcberdachten Au\u00dfenbereich verwendet werden. Die Leuchten k\u00f6nnen sowohl als Deckenleuchte als auch als Wandleuchte verwendet werden. Sowohl im privaten als auch im gewerblichen Bereich k\u00f6nnen sie angewendet werden.<br \/>\nDurch die Deckenclips ist die Leuchte extrem einfach zu montieren und wasserdicht. Die Leuchte kann \u00fcber einen Schraubverschluss an beiden Seiten der Leuchte einfach an das Stromkabel angeschlossen werden. Die Leuchten sind durchgangsverdrahtet, so k\u00f6nne mehrere Leuchten miteinander verbunden (verkn\u00fcpft) werden. Die Lampen enthalten weder Blei noch Quecksilber, geben keine UV oder IR Strahlung ab und sind CE und RoHs zertifiziert.<br \/>\nDurch die hohe Lichtleistung von 6000 lm bei einem geringen Stromverbrauch (50 Watt) ergibt sich ein sehr gutes Lumen pro Watt Verh\u00e4ltnis (lm\/W) von 120 lm\/W. Damit die Leuchte extrem energiesparend und umweltfreundlich. Energieeinsparungen von bis zu 90% sind m\u00f6glich. Bei den LED\u00b4s handelt sich um hochwertige LED\u00b4s die auch im Verlauf der Zeit lediglich einen geringen Lichtstromverlust haben und weder flimmern noch flackern.<br \/>\nDie schmale Bauform l\u00e4sst die Leuchte erscheinen wie eine LED R\u00f6hre. Die Leuchte hat mit 4,5cm eine extrem geringe Aufbauh\u00f6he und ist nur 5cm breit und in einem slim Design. Weitere Anwendungsgebiete: Waschraum, Warenhaus, Technikraum, Terrasse, Au\u00dfenwand, K\u00fcche, Flur, Korridor, Balkon, Diele, Bauernhof, Kuhstall, Stall, Autowerkstatt, Werkbank, Fabrik, Parkplatz<br \/>\nDer hohe IK Wert von 08 gibt an, dass die Leuchte extrem best\u00e4ndig gegen Schl\u00e4ge und St\u00f6\u00dfe gegen das Geh\u00e4use ist. Der Leuchtk\u00f6rper ist grau und die Abdeckung aus einem opalen Polycarbonat. Dadurch entsteht eine sehr breite regelm\u00e4\u00dfige Lichtverteilung die sogar die Wand und die Decke etwas aufhellt. Damit ist die Leuchte hervorragend geeignet f\u00fcr Licht in niedrigen R\u00e4umen.<br \/>\n<div class=\"main-cross-sell\" data-asin=\"B08PFN1FNZ\">\n\n\t<div class=\"WooZone-cross-sell-loader\">\n\t\t<div>\n\t\t\t<div id=\"floatingBarsG\">\n\t\t\t\t<div class=\"blockG\" id=\"rotateG_01\"><\/div>\n\t\t\t\t<div class=\"blockG\" id=\"rotateG_02\"><\/div>\n\t\t\t\t<div class=\"blockG\" id=\"rotateG_03\"><\/div>\n\t\t\t\t<div class=\"blockG\" id=\"rotateG_04\"><\/div>\n\t\t\t\t<div class=\"blockG\" id=\"rotateG_05\"><\/div>\n\t\t\t\t<div class=\"blockG\" id=\"rotateG_06\"><\/div>\n\t\t\t\t<div class=\"blockG\" id=\"rotateG_07\"><\/div>\n\t\t\t\t<div class=\"blockG\" id=\"rotateG_08\"><\/div>\n\t\t\t<\/div>\n\t\t\t<div class=\"WooZone-cross-sell-loader-text\"><\/div>\n\t\t<\/div>\n\t<\/div>\n\n\t\t\n<\/div>\n<div style=\"clear:both;\"><\/div><\/p>\n","protected":false},"excerpt":{"rendered":"<p>Leuchte f\u00fcr viele Anwendungsgebiete. Die LED Feuchtraumwannenleuchte kann z.B als Kellerleuchte, Garagenleuchte, Werkstattleuchte, Lagerleuchte, Badleuchte, B\u00fcroleuchte, f\u00fcr den Hobbyraum oder im \u00fcberdachten Au\u00dfenbereich verwendet werden. Die Leuchten k\u00f6nnen sowohl als Deckenleuchte als auch als Wandleuchte verwendet werden. Sowohl im privaten als auch im gewerblichen Bereich k\u00f6nnen sie angewendet werden.<br \/>\nDurch die Deckenclips ist die Leuchte extrem einfach zu montieren und wasserdicht. Die Leuchte kann \u00fcber einen Schraubverschluss an beiden Seiten der Leuchte einfach an das Stromkabel angeschlossen werden. Die Leuchten sind durchgangsverdrahtet, so k\u00f6nne mehrere Leuchten miteinander verbunden (verkn\u00fcpft) werden. Die Lampen enthalten weder Blei noch Quecksilber, geben keine UV oder IR Strahlung ab und sind CE und RoHs zertifiziert.<br \/>\nDurch die hohe Lichtleistung von 6000 lm bei einem geringen Stromverbrauch (50 Watt) ergibt sich ein sehr gutes Lumen pro Watt Verh\u00e4ltnis (lm\/W) von 120 lm\/W. Damit die Leuchte extrem energiesparend und umweltfreundlich. Energieeinsparungen von bis zu 90% sind m\u00f6glich. Bei den LED\u00b4s handelt sich um hochwertige LED\u00b4s die auch im Verlauf der Zeit lediglich einen geringen Lichtstromverlust haben und weder flimmern noch flackern.<\/p>\n","protected":false},"featured_media":150272,"comment_status":"open","ping_status":"closed","template":"","meta":[],"product_brand":[],"product_cat":[2108,11509],"product_tag":[],"class_list":{"0":"post-150271","1":"product","2":"type-product","3":"status-publish","4":"has-post-thumbnail","6":"product_cat-beleuchtung","7":"product_cat-innenbeleuchtung","8":"pa_brand-elg-leuchten","9":"pa_color-grau","10":"pa_height-1-77165-zoll","11":"pa_length-59-4487-zoll","12":"pa_manufacturer-elg-leuchten-gmbh","13":"pa_warranty-5-jahre-herstellergarantie-ab-kaufdatum","14":"pa_weight-1-0141264052-pfund","15":"pa_width-1-9685-zoll","17":"first","18":"instock","19":"shipping-taxable","20":"purchasable","21":"product-type-simple","22":"customify-col","23":"product-has-gallery"},"yoast_head":"<!-- This site is optimized with the Yoast SEO plugin v27.4 - https:\/\/yoast.com\/product\/yoast-seo-wordpress\/ -->\n<title>LED Feuchtraumleuchte 33 Watt 4000K reinwei\u00df 4000lm IP65 wasserfest schlagfest 120cm Feuchtraumwannenleuchte\u2026 - Markt-XXL<\/title>\n<meta name=\"description\" content=\"Markt-XXL LED Feuchtraumleuchte 33 Watt 4000K reinwei\u00df 4000lm IP65 wasserfest schlagfest 120cm Feuchtraumwannenleuchte\u2026\" \/>\n<meta name=\"robots\" content=\"index, follow, max-snippet:-1, max-image-preview:large, max-video-preview:-1\" \/>\n<link rel=\"canonical\" href=\"https:\/\/marktxxl.de\/markt\/produkt\/led-feuchtraumleuchte-33-oder-50-watt-4000k-reinweiss-4000lm-oder-6000lm-ip65-wasserfest-schlagfest-120cm-feuchtraumwannenleuchte-durchgangsverdrahtet-leuchte-fuer-keller-werkstatt-halle-garage-lager\/\" \/>\n<meta property=\"og:locale\" content=\"de_DE\" \/>\n<meta property=\"og:type\" content=\"article\" \/>\n<meta property=\"og:title\" content=\"LED Feuchtraumleuchte 33 Watt 4000K reinwei\u00df 4000lm IP65 wasserfest schlagfest 120cm Feuchtraumwannenleuchte\u2026 - Markt-XXL\" \/>\n<meta property=\"og:description\" content=\"Markt-XXL LED Feuchtraumleuchte 33 Watt 4000K reinwei\u00df 4000lm IP65 wasserfest schlagfest 120cm Feuchtraumwannenleuchte\u2026\" \/>\n<meta property=\"og:url\" content=\"https:\/\/marktxxl.de\/markt\/produkt\/led-feuchtraumleuchte-33-oder-50-watt-4000k-reinweiss-4000lm-oder-6000lm-ip65-wasserfest-schlagfest-120cm-feuchtraumwannenleuchte-durchgangsverdrahtet-leuchte-fuer-keller-werkstatt-halle-garage-lager\/\" \/>\n<meta property=\"og:site_name\" content=\"Markt-XXL\" \/>\n<meta property=\"article:modified_time\" content=\"2023-04-10T02:36:25+00:00\" \/>\n<meta property=\"og:image\" content=\"https:\/\/m.media-amazon.com\/images\/I\/31AgDSusB9L._SL500_.jpg\" \/>\n\t<meta property=\"og:image:width\" content=\"500\" \/>\n\t<meta property=\"og:image:height\" content=\"403\" \/>\n\t<meta property=\"og:image:type\" content=\"image\/jpeg\" \/>\n<meta name=\"twitter:card\" content=\"summary_large_image\" \/>\n<meta name=\"twitter:label1\" content=\"Gesch\u00e4tzte Lesezeit\" \/>\n\t<meta name=\"twitter:data1\" content=\"2\u00a0Minuten\" \/>\n<script type=\"application\/ld+json\" class=\"yoast-schema-graph\">{\"@context\":\"https:\\\/\\\/schema.org\",\"@graph\":[{\"@type\":\"WebPage\",\"@id\":\"https:\\\/\\\/marktxxl.de\\\/markt\\\/produkt\\\/led-feuchtraumleuchte-33-oder-50-watt-4000k-reinweiss-4000lm-oder-6000lm-ip65-wasserfest-schlagfest-120cm-feuchtraumwannenleuchte-durchgangsverdrahtet-leuchte-fuer-keller-werkstatt-halle-garage-lager\\\/\",\"url\":\"https:\\\/\\\/marktxxl.de\\\/markt\\\/produkt\\\/led-feuchtraumleuchte-33-oder-50-watt-4000k-reinweiss-4000lm-oder-6000lm-ip65-wasserfest-schlagfest-120cm-feuchtraumwannenleuchte-durchgangsverdrahtet-leuchte-fuer-keller-werkstatt-halle-garage-lager\\\/\",\"name\":\"LED Feuchtraumleuchte 33 Watt 4000K reinwei\u00df 4000lm IP65 wasserfest schlagfest 120cm Feuchtraumwannenleuchte\u2026 - Markt-XXL\",\"isPartOf\":{\"@id\":\"https:\\\/\\\/marktxxl.de\\\/markt\\\/#website\"},\"primaryImageOfPage\":{\"@id\":\"https:\\\/\\\/marktxxl.de\\\/markt\\\/produkt\\\/led-feuchtraumleuchte-33-oder-50-watt-4000k-reinweiss-4000lm-oder-6000lm-ip65-wasserfest-schlagfest-120cm-feuchtraumwannenleuchte-durchgangsverdrahtet-leuchte-fuer-keller-werkstatt-halle-garage-lager\\\/#primaryimage\"},\"image\":{\"@id\":\"https:\\\/\\\/marktxxl.de\\\/markt\\\/produkt\\\/led-feuchtraumleuchte-33-oder-50-watt-4000k-reinweiss-4000lm-oder-6000lm-ip65-wasserfest-schlagfest-120cm-feuchtraumwannenleuchte-durchgangsverdrahtet-leuchte-fuer-keller-werkstatt-halle-garage-lager\\\/#primaryimage\"},\"thumbnailUrl\":\"https:\\\/\\\/m.media-amazon.com\\\/images\\\/I\\\/31AgDSusB9L._SL500_.jpg\",\"datePublished\":\"2022-09-12T02:23:11+00:00\",\"dateModified\":\"2023-04-10T02:36:25+00:00\",\"description\":\"Markt-XXL LED Feuchtraumleuchte 33 Watt 4000K reinwei\u00df 4000lm IP65 wasserfest schlagfest 120cm Feuchtraumwannenleuchte\u2026\",\"breadcrumb\":{\"@id\":\"https:\\\/\\\/marktxxl.de\\\/markt\\\/produkt\\\/led-feuchtraumleuchte-33-oder-50-watt-4000k-reinweiss-4000lm-oder-6000lm-ip65-wasserfest-schlagfest-120cm-feuchtraumwannenleuchte-durchgangsverdrahtet-leuchte-fuer-keller-werkstatt-halle-garage-lager\\\/#breadcrumb\"},\"inLanguage\":\"de\",\"potentialAction\":[{\"@type\":\"ReadAction\",\"target\":[\"https:\\\/\\\/marktxxl.de\\\/markt\\\/produkt\\\/led-feuchtraumleuchte-33-oder-50-watt-4000k-reinweiss-4000lm-oder-6000lm-ip65-wasserfest-schlagfest-120cm-feuchtraumwannenleuchte-durchgangsverdrahtet-leuchte-fuer-keller-werkstatt-halle-garage-lager\\\/\"]}]},{\"@type\":\"ImageObject\",\"inLanguage\":\"de\",\"@id\":\"https:\\\/\\\/marktxxl.de\\\/markt\\\/produkt\\\/led-feuchtraumleuchte-33-oder-50-watt-4000k-reinweiss-4000lm-oder-6000lm-ip65-wasserfest-schlagfest-120cm-feuchtraumwannenleuchte-durchgangsverdrahtet-leuchte-fuer-keller-werkstatt-halle-garage-lager\\\/#primaryimage\",\"url\":\"https:\\\/\\\/m.media-amazon.com\\\/images\\\/I\\\/31AgDSusB9L._SL500_.jpg\",\"contentUrl\":\"https:\\\/\\\/m.media-amazon.com\\\/images\\\/I\\\/31AgDSusB9L._SL500_.jpg\",\"width\":500,\"height\":403},{\"@type\":\"BreadcrumbList\",\"@id\":\"https:\\\/\\\/marktxxl.de\\\/markt\\\/produkt\\\/led-feuchtraumleuchte-33-oder-50-watt-4000k-reinweiss-4000lm-oder-6000lm-ip65-wasserfest-schlagfest-120cm-feuchtraumwannenleuchte-durchgangsverdrahtet-leuchte-fuer-keller-werkstatt-halle-garage-lager\\\/#breadcrumb\",\"itemListElement\":[{\"@type\":\"ListItem\",\"position\":1,\"name\":\"Startseite\",\"item\":\"https:\\\/\\\/marktxxl.de\\\/markt\\\/\"},{\"@type\":\"ListItem\",\"position\":2,\"name\":\"Markt\",\"item\":\"https:\\\/\\\/marktxxl.de\\\/markt\\\/\"},{\"@type\":\"ListItem\",\"position\":3,\"name\":\"LED Feuchtraumleuchte 33 Watt 4000K reinwei\u00df 4000lm IP65 wasserfest schlagfest 120cm Feuchtraumwannenleuchte\u2026\"}]},{\"@type\":\"WebSite\",\"@id\":\"https:\\\/\\\/marktxxl.de\\\/markt\\\/#website\",\"url\":\"https:\\\/\\\/marktxxl.de\\\/markt\\\/\",\"name\":\"Markt-XXL\",\"description\":\"Ihr Markt Online\",\"publisher\":{\"@id\":\"https:\\\/\\\/marktxxl.de\\\/markt\\\/#organization\"},\"potentialAction\":[{\"@type\":\"SearchAction\",\"target\":{\"@type\":\"EntryPoint\",\"urlTemplate\":\"https:\\\/\\\/marktxxl.de\\\/markt\\\/?s={search_term_string}\"},\"query-input\":{\"@type\":\"PropertyValueSpecification\",\"valueRequired\":true,\"valueName\":\"search_term_string\"}}],\"inLanguage\":\"de\"},{\"@type\":\"Organization\",\"@id\":\"https:\\\/\\\/marktxxl.de\\\/markt\\\/#organization\",\"name\":\"Markt-XXL\",\"url\":\"https:\\\/\\\/marktxxl.de\\\/markt\\\/\",\"logo\":{\"@type\":\"ImageObject\",\"inLanguage\":\"de\",\"@id\":\"https:\\\/\\\/marktxxl.de\\\/markt\\\/#\\\/schema\\\/logo\\\/image\\\/\",\"url\":\"https:\\\/\\\/marktxxl.de\\\/markt\\\/wp-content\\\/uploads\\\/sites\\\/3\\\/2020\\\/12\\\/logo.png\",\"contentUrl\":\"https:\\\/\\\/marktxxl.de\\\/markt\\\/wp-content\\\/uploads\\\/sites\\\/3\\\/2020\\\/12\\\/logo.png\",\"width\":200,\"height\":70,\"caption\":\"Markt-XXL\"},\"image\":{\"@id\":\"https:\\\/\\\/marktxxl.de\\\/markt\\\/#\\\/schema\\\/logo\\\/image\\\/\"}}]}<\/script>\n<!-- \/ Yoast SEO plugin. -->","yoast_head_json":{"title":"LED Feuchtraumleuchte 33 Watt 4000K reinwei\u00df 4000lm IP65 wasserfest schlagfest 120cm Feuchtraumwannenleuchte\u2026 - Markt-XXL","description":"Markt-XXL LED Feuchtraumleuchte 33 Watt 4000K reinwei\u00df 4000lm IP65 wasserfest schlagfest 120cm Feuchtraumwannenleuchte\u2026","robots":{"index":"index","follow":"follow","max-snippet":"max-snippet:-1","max-image-preview":"max-image-preview:large","max-video-preview":"max-video-preview:-1"},"canonical":"https:\/\/marktxxl.de\/markt\/produkt\/led-feuchtraumleuchte-33-oder-50-watt-4000k-reinweiss-4000lm-oder-6000lm-ip65-wasserfest-schlagfest-120cm-feuchtraumwannenleuchte-durchgangsverdrahtet-leuchte-fuer-keller-werkstatt-halle-garage-lager\/","og_locale":"de_DE","og_type":"article","og_title":"LED Feuchtraumleuchte 33 Watt 4000K reinwei\u00df 4000lm IP65 wasserfest schlagfest 120cm Feuchtraumwannenleuchte\u2026 - Markt-XXL","og_description":"Markt-XXL LED Feuchtraumleuchte 33 Watt 4000K reinwei\u00df 4000lm IP65 wasserfest schlagfest 120cm Feuchtraumwannenleuchte\u2026","og_url":"https:\/\/marktxxl.de\/markt\/produkt\/led-feuchtraumleuchte-33-oder-50-watt-4000k-reinweiss-4000lm-oder-6000lm-ip65-wasserfest-schlagfest-120cm-feuchtraumwannenleuchte-durchgangsverdrahtet-leuchte-fuer-keller-werkstatt-halle-garage-lager\/","og_site_name":"Markt-XXL","article_modified_time":"2023-04-10T02:36:25+00:00","og_image":[{"width":500,"height":403,"url":"https:\/\/m.media-amazon.com\/images\/I\/31AgDSusB9L._SL500_.jpg","type":"image\/jpeg"}],"twitter_card":"summary_large_image","twitter_misc":{"Gesch\u00e4tzte Lesezeit":"2\u00a0Minuten"},"schema":{"@context":"https:\/\/schema.org","@graph":[{"@type":"WebPage","@id":"https:\/\/marktxxl.de\/markt\/produkt\/led-feuchtraumleuchte-33-oder-50-watt-4000k-reinweiss-4000lm-oder-6000lm-ip65-wasserfest-schlagfest-120cm-feuchtraumwannenleuchte-durchgangsverdrahtet-leuchte-fuer-keller-werkstatt-halle-garage-lager\/","url":"https:\/\/marktxxl.de\/markt\/produkt\/led-feuchtraumleuchte-33-oder-50-watt-4000k-reinweiss-4000lm-oder-6000lm-ip65-wasserfest-schlagfest-120cm-feuchtraumwannenleuchte-durchgangsverdrahtet-leuchte-fuer-keller-werkstatt-halle-garage-lager\/","name":"LED Feuchtraumleuchte 33 Watt 4000K reinwei\u00df 4000lm IP65 wasserfest schlagfest 120cm Feuchtraumwannenleuchte\u2026 - Markt-XXL","isPartOf":{"@id":"https:\/\/marktxxl.de\/markt\/#website"},"primaryImageOfPage":{"@id":"https:\/\/marktxxl.de\/markt\/produkt\/led-feuchtraumleuchte-33-oder-50-watt-4000k-reinweiss-4000lm-oder-6000lm-ip65-wasserfest-schlagfest-120cm-feuchtraumwannenleuchte-durchgangsverdrahtet-leuchte-fuer-keller-werkstatt-halle-garage-lager\/#primaryimage"},"image":{"@id":"https:\/\/marktxxl.de\/markt\/produkt\/led-feuchtraumleuchte-33-oder-50-watt-4000k-reinweiss-4000lm-oder-6000lm-ip65-wasserfest-schlagfest-120cm-feuchtraumwannenleuchte-durchgangsverdrahtet-leuchte-fuer-keller-werkstatt-halle-garage-lager\/#primaryimage"},"thumbnailUrl":"https:\/\/m.media-amazon.com\/images\/I\/31AgDSusB9L._SL500_.jpg","datePublished":"2022-09-12T02:23:11+00:00","dateModified":"2023-04-10T02:36:25+00:00","description":"Markt-XXL LED Feuchtraumleuchte 33 Watt 4000K reinwei\u00df 4000lm IP65 wasserfest schlagfest 120cm Feuchtraumwannenleuchte\u2026","breadcrumb":{"@id":"https:\/\/marktxxl.de\/markt\/produkt\/led-feuchtraumleuchte-33-oder-50-watt-4000k-reinweiss-4000lm-oder-6000lm-ip65-wasserfest-schlagfest-120cm-feuchtraumwannenleuchte-durchgangsverdrahtet-leuchte-fuer-keller-werkstatt-halle-garage-lager\/#breadcrumb"},"inLanguage":"de","potentialAction":[{"@type":"ReadAction","target":["https:\/\/marktxxl.de\/markt\/produkt\/led-feuchtraumleuchte-33-oder-50-watt-4000k-reinweiss-4000lm-oder-6000lm-ip65-wasserfest-schlagfest-120cm-feuchtraumwannenleuchte-durchgangsverdrahtet-leuchte-fuer-keller-werkstatt-halle-garage-lager\/"]}]},{"@type":"ImageObject","inLanguage":"de","@id":"https:\/\/marktxxl.de\/markt\/produkt\/led-feuchtraumleuchte-33-oder-50-watt-4000k-reinweiss-4000lm-oder-6000lm-ip65-wasserfest-schlagfest-120cm-feuchtraumwannenleuchte-durchgangsverdrahtet-leuchte-fuer-keller-werkstatt-halle-garage-lager\/#primaryimage","url":"https:\/\/m.media-amazon.com\/images\/I\/31AgDSusB9L._SL500_.jpg","contentUrl":"https:\/\/m.media-amazon.com\/images\/I\/31AgDSusB9L._SL500_.jpg","width":500,"height":403},{"@type":"BreadcrumbList","@id":"https:\/\/marktxxl.de\/markt\/produkt\/led-feuchtraumleuchte-33-oder-50-watt-4000k-reinweiss-4000lm-oder-6000lm-ip65-wasserfest-schlagfest-120cm-feuchtraumwannenleuchte-durchgangsverdrahtet-leuchte-fuer-keller-werkstatt-halle-garage-lager\/#breadcrumb","itemListElement":[{"@type":"ListItem","position":1,"name":"Startseite","item":"https:\/\/marktxxl.de\/markt\/"},{"@type":"ListItem","position":2,"name":"Markt","item":"https:\/\/marktxxl.de\/markt\/"},{"@type":"ListItem","position":3,"name":"LED Feuchtraumleuchte 33 Watt 4000K reinwei\u00df 4000lm IP65 wasserfest schlagfest 120cm Feuchtraumwannenleuchte\u2026"}]},{"@type":"WebSite","@id":"https:\/\/marktxxl.de\/markt\/#website","url":"https:\/\/marktxxl.de\/markt\/","name":"Markt-XXL","description":"Ihr Markt Online","publisher":{"@id":"https:\/\/marktxxl.de\/markt\/#organization"},"potentialAction":[{"@type":"SearchAction","target":{"@type":"EntryPoint","urlTemplate":"https:\/\/marktxxl.de\/markt\/?s={search_term_string}"},"query-input":{"@type":"PropertyValueSpecification","valueRequired":true,"valueName":"search_term_string"}}],"inLanguage":"de"},{"@type":"Organization","@id":"https:\/\/marktxxl.de\/markt\/#organization","name":"Markt-XXL","url":"https:\/\/marktxxl.de\/markt\/","logo":{"@type":"ImageObject","inLanguage":"de","@id":"https:\/\/marktxxl.de\/markt\/#\/schema\/logo\/image\/","url":"https:\/\/marktxxl.de\/markt\/wp-content\/uploads\/sites\/3\/2020\/12\/logo.png","contentUrl":"https:\/\/marktxxl.de\/markt\/wp-content\/uploads\/sites\/3\/2020\/12\/logo.png","width":200,"height":70,"caption":"Markt-XXL"},"image":{"@id":"https:\/\/marktxxl.de\/markt\/#\/schema\/logo\/image\/"}}]}},"_links":{"self":[{"href":"https:\/\/marktxxl.de\/markt\/wp-json\/wp\/v2\/product\/150271","targetHints":{"allow":["GET"]}}],"collection":[{"href":"https:\/\/marktxxl.de\/markt\/wp-json\/wp\/v2\/product"}],"about":[{"href":"https:\/\/marktxxl.de\/markt\/wp-json\/wp\/v2\/types\/product"}],"replies":[{"embeddable":true,"href":"https:\/\/marktxxl.de\/markt\/wp-json\/wp\/v2\/comments?post=150271"}],"wp:featuredmedia":[{"embeddable":true,"href":"https:\/\/marktxxl.de\/markt\/wp-json\/wp\/v2\/media\/150272"}],"wp:attachment":[{"href":"https:\/\/marktxxl.de\/markt\/wp-json\/wp\/v2\/media?parent=150271"}],"wp:term":[{"taxonomy":"product_brand","embeddable":true,"href":"https:\/\/marktxxl.de\/markt\/wp-json\/wp\/v2\/product_brand?post=150271"},{"taxonomy":"product_cat","embeddable":true,"href":"https:\/\/marktxxl.de\/markt\/wp-json\/wp\/v2\/product_cat?post=150271"},{"taxonomy":"product_tag","embeddable":true,"href":"https:\/\/marktxxl.de\/markt\/wp-json\/wp\/v2\/product_tag?post=150271"}],"curies":[{"name":"wp","href":"https:\/\/api.w.org\/{rel}","templated":true}]}}