{"id":150216,"date":"2022-09-12T04:19:51","date_gmt":"2022-09-12T02:19:51","guid":{"rendered":"https:\/\/marktxxl.de\/markt\/produkt\/bluewater-armaturen-121894-kartusche-blau\/"},"modified":"2023-04-10T04:36:23","modified_gmt":"2023-04-10T02:36:23","slug":"bluewater-armaturen-121894-kartusche-blau","status":"publish","type":"product","link":"https:\/\/marktxxl.de\/markt\/produkt\/bluewater-armaturen-121894-kartusche-blau\/","title":{"rendered":"Bluewater Armaturen 121894 Kartusche, Blau"},"content":{"rendered":"<p>\u2705 Passend f\u00fcr BLANCO K\u00fcchenarmaturen: BLANCO ALTA, BLANCO DARAS, BLANCO DEVIN-WT, BLANCO FINESS, BLANCO FINESS-A, BLANCO FILO, BLANCO FILO-S, BLANCO FONTAS-A, BLANCO JETA, BLANCO LADIS, BLANCO LINUS, BLANCO LINUS-S, BLANCO LIVAS, BLANCO MASTER, BLANCO MASTER ILUX, BLANCO MIDA, BLANCO MILA, BLANCO MILI, BLANCO NAVA, BLANCO REGA-WT, BLANCO WEGA, BLANCO ZENOS-S &#8211; Hinweis: Trotz sorgf\u00e4ltiger Recherche und Kontrolle bitten wir Sie um Abgleich der Ersatzteilnummer.<br \/>\n\u2705 BLANCO Artikelbezeichnung: BLANCO Kartusche HD \u00d8= 35 mm HD KE, blau, Hochdruck<br \/>\n\u2705 Ersatzteilnummer der Hersteller: 121894 , Ersetzt auch die Blanco Kartusche 121896<br \/>\n\u2705 Ma\u00dfe: Au\u00dfendurchmesser 35 mm, Gesamth\u00f6he 59 mm<br \/>\n\u2705 Lieferumfang: 1 x BLANCO Kartusche HD 35 mm HD KE, blau, 121894<br \/>\n<div class=\"main-cross-sell\" data-asin=\"B08NF7H6KP\">\n\n\t<div class=\"WooZone-cross-sell-loader\">\n\t\t<div>\n\t\t\t<div id=\"floatingBarsG\">\n\t\t\t\t<div class=\"blockG\" id=\"rotateG_01\"><\/div>\n\t\t\t\t<div class=\"blockG\" id=\"rotateG_02\"><\/div>\n\t\t\t\t<div class=\"blockG\" id=\"rotateG_03\"><\/div>\n\t\t\t\t<div class=\"blockG\" id=\"rotateG_04\"><\/div>\n\t\t\t\t<div class=\"blockG\" id=\"rotateG_05\"><\/div>\n\t\t\t\t<div class=\"blockG\" id=\"rotateG_06\"><\/div>\n\t\t\t\t<div class=\"blockG\" id=\"rotateG_07\"><\/div>\n\t\t\t\t<div class=\"blockG\" id=\"rotateG_08\"><\/div>\n\t\t\t<\/div>\n\t\t\t<div class=\"WooZone-cross-sell-loader-text\"><\/div>\n\t\t<\/div>\n\t<\/div>\n\n\t\t\n<\/div>\n<div style=\"clear:both;\"><\/div><\/p>\n","protected":false},"excerpt":{"rendered":"<p>\u2705 Passend f\u00fcr BLANCO K\u00fcchenarmaturen: BLANCO ALTA, BLANCO DARAS, BLANCO DEVIN-WT, BLANCO FINESS, BLANCO FINESS-A, BLANCO FILO, BLANCO FILO-S, BLANCO FONTAS-A, BLANCO JETA, BLANCO LADIS, BLANCO LINUS, BLANCO LINUS-S, BLANCO LIVAS, BLANCO MASTER, BLANCO MASTER ILUX, BLANCO MIDA, BLANCO MILA, BLANCO MILI, BLANCO NAVA, BLANCO REGA-WT, BLANCO WEGA, BLANCO ZENOS-S &#8211; Hinweis: Trotz sorgf\u00e4ltiger Recherche und Kontrolle bitten wir Sie um Abgleich der Ersatzteilnummer.<br \/>\n\u2705 BLANCO Artikelbezeichnung: BLANCO Kartusche HD \u00d8= 35 mm HD KE, blau, Hochdruck<br \/>\n\u2705 Ersatzteilnummer der Hersteller: 121894 , Ersetzt auch die Blanco Kartusche 121896<\/p>\n","protected":false},"featured_media":150217,"comment_status":"open","ping_status":"closed","template":"","meta":[],"product_brand":[],"product_cat":[1983,11319],"product_tag":[],"class_list":{"0":"post-150216","1":"product","2":"type-product","3":"status-publish","4":"has-post-thumbnail","6":"product_cat-baumarkt","7":"product_cat-sanitaer","8":"pa_binding-werkzeug","9":"pa_brand-bluewater-armaturen","10":"pa_color-blau","11":"pa_height-3-34645-zoll","12":"pa_length-9-4488-zoll","13":"pa_manufacturer-fremdhersteller","14":"pa_model-k13634","15":"pa_width-9-8425-zoll","17":"first","18":"instock","19":"shipping-taxable","20":"purchasable","21":"product-type-simple","22":"customify-col","23":"product-has-gallery"},"yoast_head":"<!-- This site is optimized with the Yoast SEO plugin v27.3 - https:\/\/yoast.com\/product\/yoast-seo-wordpress\/ -->\n<title>Bluewater Armaturen 121894 Kartusche, Blau - Markt-XXL<\/title>\n<meta name=\"description\" content=\"Markt-XXL Bluewater Armaturen 121894 Kartusche, Blau\" \/>\n<meta name=\"robots\" content=\"index, follow, max-snippet:-1, max-image-preview:large, max-video-preview:-1\" \/>\n<link rel=\"canonical\" href=\"https:\/\/marktxxl.de\/markt\/produkt\/bluewater-armaturen-121894-kartusche-blau\/\" \/>\n<meta property=\"og:locale\" content=\"de_DE\" \/>\n<meta property=\"og:type\" content=\"article\" \/>\n<meta property=\"og:title\" content=\"Bluewater Armaturen 121894 Kartusche, Blau - Markt-XXL\" \/>\n<meta property=\"og:description\" content=\"Markt-XXL Bluewater Armaturen 121894 Kartusche, Blau\" \/>\n<meta property=\"og:url\" content=\"https:\/\/marktxxl.de\/markt\/produkt\/bluewater-armaturen-121894-kartusche-blau\/\" \/>\n<meta property=\"og:site_name\" content=\"Markt-XXL\" \/>\n<meta property=\"article:modified_time\" content=\"2023-04-10T02:36:23+00:00\" \/>\n<meta property=\"og:image\" content=\"https:\/\/m.media-amazon.com\/images\/I\/31ix13jRSOS._SL500_.jpg\" \/>\n\t<meta property=\"og:image:width\" content=\"500\" \/>\n\t<meta property=\"og:image:height\" content=\"500\" \/>\n\t<meta property=\"og:image:type\" content=\"image\/jpeg\" \/>\n<meta name=\"twitter:card\" content=\"summary_large_image\" \/>\n<meta name=\"twitter:label1\" content=\"Gesch\u00e4tzte Lesezeit\" \/>\n\t<meta name=\"twitter:data1\" content=\"1\u00a0Minute\" \/>\n<script type=\"application\/ld+json\" class=\"yoast-schema-graph\">{\"@context\":\"https:\\\/\\\/schema.org\",\"@graph\":[{\"@type\":\"WebPage\",\"@id\":\"https:\\\/\\\/marktxxl.de\\\/markt\\\/produkt\\\/bluewater-armaturen-121894-kartusche-blau\\\/\",\"url\":\"https:\\\/\\\/marktxxl.de\\\/markt\\\/produkt\\\/bluewater-armaturen-121894-kartusche-blau\\\/\",\"name\":\"Bluewater Armaturen 121894 Kartusche, Blau - Markt-XXL\",\"isPartOf\":{\"@id\":\"https:\\\/\\\/marktxxl.de\\\/markt\\\/#website\"},\"primaryImageOfPage\":{\"@id\":\"https:\\\/\\\/marktxxl.de\\\/markt\\\/produkt\\\/bluewater-armaturen-121894-kartusche-blau\\\/#primaryimage\"},\"image\":{\"@id\":\"https:\\\/\\\/marktxxl.de\\\/markt\\\/produkt\\\/bluewater-armaturen-121894-kartusche-blau\\\/#primaryimage\"},\"thumbnailUrl\":\"https:\\\/\\\/m.media-amazon.com\\\/images\\\/I\\\/31ix13jRSOS._SL500_.jpg\",\"datePublished\":\"2022-09-12T02:19:51+00:00\",\"dateModified\":\"2023-04-10T02:36:23+00:00\",\"description\":\"Markt-XXL Bluewater Armaturen 121894 Kartusche, Blau\",\"breadcrumb\":{\"@id\":\"https:\\\/\\\/marktxxl.de\\\/markt\\\/produkt\\\/bluewater-armaturen-121894-kartusche-blau\\\/#breadcrumb\"},\"inLanguage\":\"de\",\"potentialAction\":[{\"@type\":\"ReadAction\",\"target\":[\"https:\\\/\\\/marktxxl.de\\\/markt\\\/produkt\\\/bluewater-armaturen-121894-kartusche-blau\\\/\"]}]},{\"@type\":\"ImageObject\",\"inLanguage\":\"de\",\"@id\":\"https:\\\/\\\/marktxxl.de\\\/markt\\\/produkt\\\/bluewater-armaturen-121894-kartusche-blau\\\/#primaryimage\",\"url\":\"https:\\\/\\\/m.media-amazon.com\\\/images\\\/I\\\/31ix13jRSOS._SL500_.jpg\",\"contentUrl\":\"https:\\\/\\\/m.media-amazon.com\\\/images\\\/I\\\/31ix13jRSOS._SL500_.jpg\",\"width\":500,\"height\":500},{\"@type\":\"BreadcrumbList\",\"@id\":\"https:\\\/\\\/marktxxl.de\\\/markt\\\/produkt\\\/bluewater-armaturen-121894-kartusche-blau\\\/#breadcrumb\",\"itemListElement\":[{\"@type\":\"ListItem\",\"position\":1,\"name\":\"Startseite\",\"item\":\"https:\\\/\\\/marktxxl.de\\\/markt\\\/\"},{\"@type\":\"ListItem\",\"position\":2,\"name\":\"Markt\",\"item\":\"https:\\\/\\\/marktxxl.de\\\/markt\\\/\"},{\"@type\":\"ListItem\",\"position\":3,\"name\":\"Bluewater Armaturen 121894 Kartusche, Blau\"}]},{\"@type\":\"WebSite\",\"@id\":\"https:\\\/\\\/marktxxl.de\\\/markt\\\/#website\",\"url\":\"https:\\\/\\\/marktxxl.de\\\/markt\\\/\",\"name\":\"Markt-XXL\",\"description\":\"Ihr Markt Online\",\"publisher\":{\"@id\":\"https:\\\/\\\/marktxxl.de\\\/markt\\\/#organization\"},\"potentialAction\":[{\"@type\":\"SearchAction\",\"target\":{\"@type\":\"EntryPoint\",\"urlTemplate\":\"https:\\\/\\\/marktxxl.de\\\/markt\\\/?s={search_term_string}\"},\"query-input\":{\"@type\":\"PropertyValueSpecification\",\"valueRequired\":true,\"valueName\":\"search_term_string\"}}],\"inLanguage\":\"de\"},{\"@type\":\"Organization\",\"@id\":\"https:\\\/\\\/marktxxl.de\\\/markt\\\/#organization\",\"name\":\"Markt-XXL\",\"url\":\"https:\\\/\\\/marktxxl.de\\\/markt\\\/\",\"logo\":{\"@type\":\"ImageObject\",\"inLanguage\":\"de\",\"@id\":\"https:\\\/\\\/marktxxl.de\\\/markt\\\/#\\\/schema\\\/logo\\\/image\\\/\",\"url\":\"https:\\\/\\\/marktxxl.de\\\/markt\\\/wp-content\\\/uploads\\\/sites\\\/3\\\/2020\\\/12\\\/logo.png\",\"contentUrl\":\"https:\\\/\\\/marktxxl.de\\\/markt\\\/wp-content\\\/uploads\\\/sites\\\/3\\\/2020\\\/12\\\/logo.png\",\"width\":200,\"height\":70,\"caption\":\"Markt-XXL\"},\"image\":{\"@id\":\"https:\\\/\\\/marktxxl.de\\\/markt\\\/#\\\/schema\\\/logo\\\/image\\\/\"}}]}<\/script>\n<!-- \/ Yoast SEO plugin. -->","yoast_head_json":{"title":"Bluewater Armaturen 121894 Kartusche, Blau - Markt-XXL","description":"Markt-XXL Bluewater Armaturen 121894 Kartusche, Blau","robots":{"index":"index","follow":"follow","max-snippet":"max-snippet:-1","max-image-preview":"max-image-preview:large","max-video-preview":"max-video-preview:-1"},"canonical":"https:\/\/marktxxl.de\/markt\/produkt\/bluewater-armaturen-121894-kartusche-blau\/","og_locale":"de_DE","og_type":"article","og_title":"Bluewater Armaturen 121894 Kartusche, Blau - Markt-XXL","og_description":"Markt-XXL Bluewater Armaturen 121894 Kartusche, Blau","og_url":"https:\/\/marktxxl.de\/markt\/produkt\/bluewater-armaturen-121894-kartusche-blau\/","og_site_name":"Markt-XXL","article_modified_time":"2023-04-10T02:36:23+00:00","og_image":[{"width":500,"height":500,"url":"https:\/\/m.media-amazon.com\/images\/I\/31ix13jRSOS._SL500_.jpg","type":"image\/jpeg"}],"twitter_card":"summary_large_image","twitter_misc":{"Gesch\u00e4tzte Lesezeit":"1\u00a0Minute"},"schema":{"@context":"https:\/\/schema.org","@graph":[{"@type":"WebPage","@id":"https:\/\/marktxxl.de\/markt\/produkt\/bluewater-armaturen-121894-kartusche-blau\/","url":"https:\/\/marktxxl.de\/markt\/produkt\/bluewater-armaturen-121894-kartusche-blau\/","name":"Bluewater Armaturen 121894 Kartusche, Blau - Markt-XXL","isPartOf":{"@id":"https:\/\/marktxxl.de\/markt\/#website"},"primaryImageOfPage":{"@id":"https:\/\/marktxxl.de\/markt\/produkt\/bluewater-armaturen-121894-kartusche-blau\/#primaryimage"},"image":{"@id":"https:\/\/marktxxl.de\/markt\/produkt\/bluewater-armaturen-121894-kartusche-blau\/#primaryimage"},"thumbnailUrl":"https:\/\/m.media-amazon.com\/images\/I\/31ix13jRSOS._SL500_.jpg","datePublished":"2022-09-12T02:19:51+00:00","dateModified":"2023-04-10T02:36:23+00:00","description":"Markt-XXL Bluewater Armaturen 121894 Kartusche, Blau","breadcrumb":{"@id":"https:\/\/marktxxl.de\/markt\/produkt\/bluewater-armaturen-121894-kartusche-blau\/#breadcrumb"},"inLanguage":"de","potentialAction":[{"@type":"ReadAction","target":["https:\/\/marktxxl.de\/markt\/produkt\/bluewater-armaturen-121894-kartusche-blau\/"]}]},{"@type":"ImageObject","inLanguage":"de","@id":"https:\/\/marktxxl.de\/markt\/produkt\/bluewater-armaturen-121894-kartusche-blau\/#primaryimage","url":"https:\/\/m.media-amazon.com\/images\/I\/31ix13jRSOS._SL500_.jpg","contentUrl":"https:\/\/m.media-amazon.com\/images\/I\/31ix13jRSOS._SL500_.jpg","width":500,"height":500},{"@type":"BreadcrumbList","@id":"https:\/\/marktxxl.de\/markt\/produkt\/bluewater-armaturen-121894-kartusche-blau\/#breadcrumb","itemListElement":[{"@type":"ListItem","position":1,"name":"Startseite","item":"https:\/\/marktxxl.de\/markt\/"},{"@type":"ListItem","position":2,"name":"Markt","item":"https:\/\/marktxxl.de\/markt\/"},{"@type":"ListItem","position":3,"name":"Bluewater Armaturen 121894 Kartusche, Blau"}]},{"@type":"WebSite","@id":"https:\/\/marktxxl.de\/markt\/#website","url":"https:\/\/marktxxl.de\/markt\/","name":"Markt-XXL","description":"Ihr Markt Online","publisher":{"@id":"https:\/\/marktxxl.de\/markt\/#organization"},"potentialAction":[{"@type":"SearchAction","target":{"@type":"EntryPoint","urlTemplate":"https:\/\/marktxxl.de\/markt\/?s={search_term_string}"},"query-input":{"@type":"PropertyValueSpecification","valueRequired":true,"valueName":"search_term_string"}}],"inLanguage":"de"},{"@type":"Organization","@id":"https:\/\/marktxxl.de\/markt\/#organization","name":"Markt-XXL","url":"https:\/\/marktxxl.de\/markt\/","logo":{"@type":"ImageObject","inLanguage":"de","@id":"https:\/\/marktxxl.de\/markt\/#\/schema\/logo\/image\/","url":"https:\/\/marktxxl.de\/markt\/wp-content\/uploads\/sites\/3\/2020\/12\/logo.png","contentUrl":"https:\/\/marktxxl.de\/markt\/wp-content\/uploads\/sites\/3\/2020\/12\/logo.png","width":200,"height":70,"caption":"Markt-XXL"},"image":{"@id":"https:\/\/marktxxl.de\/markt\/#\/schema\/logo\/image\/"}}]}},"_links":{"self":[{"href":"https:\/\/marktxxl.de\/markt\/wp-json\/wp\/v2\/product\/150216","targetHints":{"allow":["GET"]}}],"collection":[{"href":"https:\/\/marktxxl.de\/markt\/wp-json\/wp\/v2\/product"}],"about":[{"href":"https:\/\/marktxxl.de\/markt\/wp-json\/wp\/v2\/types\/product"}],"replies":[{"embeddable":true,"href":"https:\/\/marktxxl.de\/markt\/wp-json\/wp\/v2\/comments?post=150216"}],"wp:featuredmedia":[{"embeddable":true,"href":"https:\/\/marktxxl.de\/markt\/wp-json\/wp\/v2\/media\/150217"}],"wp:attachment":[{"href":"https:\/\/marktxxl.de\/markt\/wp-json\/wp\/v2\/media?parent=150216"}],"wp:term":[{"taxonomy":"product_brand","embeddable":true,"href":"https:\/\/marktxxl.de\/markt\/wp-json\/wp\/v2\/product_brand?post=150216"},{"taxonomy":"product_cat","embeddable":true,"href":"https:\/\/marktxxl.de\/markt\/wp-json\/wp\/v2\/product_cat?post=150216"},{"taxonomy":"product_tag","embeddable":true,"href":"https:\/\/marktxxl.de\/markt\/wp-json\/wp\/v2\/product_tag?post=150216"}],"curies":[{"name":"wp","href":"https:\/\/api.w.org\/{rel}","templated":true}]}}