{"id":149991,"date":"2022-09-12T03:55:39","date_gmt":"2022-09-12T01:55:39","guid":{"rendered":"https:\/\/marktxxl.de\/markt\/produkt\/duschkopf-regendusche-druckerhoehend-veskyao-hochdruck-duschbrause-mit-ergonomischem-handgriff-gross-handbrause-wassersparend-mit-3-strahlarten-verchromter-brausekopf\/"},"modified":"2023-04-10T04:36:19","modified_gmt":"2023-04-10T02:36:19","slug":"duschkopf-regendusche-druckerhoehend-veskyao-hochdruck-duschbrause-mit-ergonomischem-handgriff-gross-handbrause-wassersparend-mit-3-strahlarten-verchromter-brausekopf","status":"publish","type":"product","link":"https:\/\/marktxxl.de\/markt\/produkt\/duschkopf-regendusche-druckerhoehend-veskyao-hochdruck-duschbrause-mit-ergonomischem-handgriff-gross-handbrause-wassersparend-mit-3-strahlarten-verchromter-brausekopf\/","title":{"rendered":"Duschkopf Regendusche Druckerh\u00f6hend, VESKYAO Hochdruck Duschbrause mit Ergonomischem Handgriff, Gro\u00df Handbrause\u2026"},"content":{"rendered":"<p>\u3010Gro\u00dfer Duschkopf Regendusche\u3011Der 2022 Neueste Duschkopf von VESKYAO nimmt ein einzigartiges Sternenhimmel Interface Design an, einfach und fortschrittlich. Die Regendusche unter der 120mm Handbrause l\u00e4sst uns mit einer gro\u00dfen Wasserverteilung entspannen und bietet eine hervorragende Leistung, unabh\u00e4ngig von hohem oder niedrigem Wasserdruck. Mit dem leistungsstarken Duschkopf haben Sie jeden Tag ein angenehmes Duscherlebnis!<br \/>\n\u3010Hochdruck Duschkopf mit 3 Strahlarten\u3011Dieser Handbrause verwendet fortschrittliche Hochdrucktechnologie, um den Wasserdruck zu erh\u00f6hen.Mit den 141 Antikalk-Silikond\u00fcsen sorgt der Duschkopf f\u00fcr eine gleichm\u00e4\u00dfige Wasserverteilung. Mit 3 Strahlmodi, Shower Spray, Shower Massage, Mixed Shower Rain, eignet es sich zum Duschen, Kopfmassage, Babybaden und Baden von Haustieren.<br \/>\n\u3010Einfache Reinigung und installieren\u3011Der Handbrause ist mit kalkhemmenden Silikond\u00fcsen ausgestattet. Wischen Sie es einfach mit einem Handtuch oder Schwamm ab, um Zeit und M\u00fche zu sparen. Die verchromte Oberfl\u00e4che ist korrosionsbest\u00e4ndig und leicht zu reinigen. Einfache Installation von Sparduschkopf mit G1\/2 Anschluss, dieser Duschkopf passt auf jeden Standard-Duscharm.<br \/>\n\u3010Hochwertiges Material\u3011Die Antikalk Silikon D\u00fcsen hat eine gute Elastizit\u00e4t und Verschlei\u00dffestigkeit und eine Anti-Scaling Funktion. Leistungsstarker Duschbrause mit verstopfungshemmenden TRP-D\u00fcsen bieten mehr Wasserfall Regendusche. Wassersparender Brausekopf sind aus hochwertigem ABS-Material gefertigt, das nicht leicht zu rosten ist und Duschk\u00f6pfen leicht, hohe Temperaturbest\u00e4ndigkeit, Korrosionsbest\u00e4ndigkeit und lange Haltbarkeit gew\u00e4hrleistet.<br \/>\n\u3010Bequem zu bedienen\u3011Mit dem speziellen Druckknopf am Brausekopf k\u00f6nnen Sie die Strahlarten bequem mit einer Hand einstellen. Passen Sie die Duschmodi jederzeit an. Lieferinhalt: 1 x Duschkopf (ohne Schlauch). Bitte kontaktieren Sie uns, wenn Sie Fragen oder Bedenken haben. Unser zuverl\u00e4ssiger Kundenservice wird Ihnen innerhalb von 24 Stunden antworten und Ihnen die zufriedenen L\u00f6sungen anbieten. Wir gew\u00e4hren 3 Jahre Garantie!<br \/>\n<div class=\"main-cross-sell\" data-asin=\"B0B1ZG1J3Y\">\n\n\t<div class=\"WooZone-cross-sell-loader\">\n\t\t<div>\n\t\t\t<div id=\"floatingBarsG\">\n\t\t\t\t<div class=\"blockG\" id=\"rotateG_01\"><\/div>\n\t\t\t\t<div class=\"blockG\" id=\"rotateG_02\"><\/div>\n\t\t\t\t<div class=\"blockG\" id=\"rotateG_03\"><\/div>\n\t\t\t\t<div class=\"blockG\" id=\"rotateG_04\"><\/div>\n\t\t\t\t<div class=\"blockG\" id=\"rotateG_05\"><\/div>\n\t\t\t\t<div class=\"blockG\" id=\"rotateG_06\"><\/div>\n\t\t\t\t<div class=\"blockG\" id=\"rotateG_07\"><\/div>\n\t\t\t\t<div class=\"blockG\" id=\"rotateG_08\"><\/div>\n\t\t\t<\/div>\n\t\t\t<div class=\"WooZone-cross-sell-loader-text\"><\/div>\n\t\t<\/div>\n\t<\/div>\n\n\t\t\n<\/div>\n<div style=\"clear:both;\"><\/div><\/p>\n","protected":false},"excerpt":{"rendered":"<p>\u3010Gro\u00dfer Duschkopf Regendusche\u3011Der 2022 Neueste Duschkopf von VESKYAO nimmt ein einzigartiges Sternenhimmel Interface Design an, einfach und fortschrittlich. Die Regendusche unter der 120mm Handbrause l\u00e4sst uns mit einer gro\u00dfen Wasserverteilung entspannen und bietet eine hervorragende Leistung, unabh\u00e4ngig von hohem oder niedrigem Wasserdruck. Mit dem leistungsstarken Duschkopf haben Sie jeden Tag ein angenehmes Duscherlebnis!<br \/>\n\u3010Hochdruck Duschkopf mit 3 Strahlarten\u3011Dieser Handbrause verwendet fortschrittliche Hochdrucktechnologie, um den Wasserdruck zu erh\u00f6hen.Mit den 141 Antikalk-Silikond\u00fcsen sorgt der Duschkopf f\u00fcr eine gleichm\u00e4\u00dfige Wasserverteilung. Mit 3 Strahlmodi, Shower Spray, Shower Massage, Mixed Shower Rain, eignet es sich zum Duschen, Kopfmassage, Babybaden und Baden von Haustieren.<br \/>\n\u3010Einfache Reinigung und installieren\u3011Der Handbrause ist mit kalkhemmenden Silikond\u00fcsen ausgestattet. Wischen Sie es einfach mit einem Handtuch oder Schwamm ab, um Zeit und M\u00fche zu sparen. Die verchromte Oberfl\u00e4che ist korrosionsbest\u00e4ndig und leicht zu reinigen. Einfache Installation von Sparduschkopf mit G1\/2 Anschluss, dieser Duschkopf passt auf jeden Standard-Duscharm.<\/p>\n","protected":false},"featured_media":149992,"comment_status":"open","ping_status":"closed","template":"","meta":[],"product_brand":[],"product_cat":[1983,11101],"product_tag":[],"class_list":{"0":"post-149991","1":"product","2":"type-product","3":"status-publish","4":"has-post-thumbnail","6":"product_cat-baumarkt","7":"product_cat-kuechen-badinstallation","8":"pa_brand-veskyao","9":"pa_color-schwarz","10":"pa_height-1-968503935-zoll","11":"pa_length-11-023622036-zoll","12":"pa_manufacturer-veskyao","13":"pa_width-5-118110231-zoll","15":"first","16":"instock","17":"shipping-taxable","18":"purchasable","19":"product-type-simple","20":"customify-col","21":"product-has-gallery"},"yoast_head":"<!-- This site is optimized with the Yoast SEO plugin v27.4 - https:\/\/yoast.com\/product\/yoast-seo-wordpress\/ -->\n<title>Duschkopf Regendusche Druckerh\u00f6hend, VESKYAO Hochdruck Duschbrause mit Ergonomischem Handgriff, Gro\u00df Handbrause\u2026 - Markt-XXL<\/title>\n<meta name=\"description\" content=\"Markt-XXL Duschkopf Regendusche Druckerh\u00f6hend, VESKYAO Hochdruck Duschbrause mit Ergonomischem Handgriff, Gro\u00df Handbrause\u2026\" \/>\n<meta name=\"robots\" content=\"index, follow, max-snippet:-1, max-image-preview:large, max-video-preview:-1\" \/>\n<link rel=\"canonical\" href=\"https:\/\/marktxxl.de\/markt\/produkt\/duschkopf-regendusche-druckerhoehend-veskyao-hochdruck-duschbrause-mit-ergonomischem-handgriff-gross-handbrause-wassersparend-mit-3-strahlarten-verchromter-brausekopf\/\" \/>\n<meta property=\"og:locale\" content=\"de_DE\" \/>\n<meta property=\"og:type\" content=\"article\" \/>\n<meta property=\"og:title\" content=\"Duschkopf Regendusche Druckerh\u00f6hend, VESKYAO Hochdruck Duschbrause mit Ergonomischem Handgriff, Gro\u00df Handbrause\u2026 - Markt-XXL\" \/>\n<meta property=\"og:description\" content=\"Markt-XXL Duschkopf Regendusche Druckerh\u00f6hend, VESKYAO Hochdruck Duschbrause mit Ergonomischem Handgriff, Gro\u00df Handbrause\u2026\" \/>\n<meta property=\"og:url\" content=\"https:\/\/marktxxl.de\/markt\/produkt\/duschkopf-regendusche-druckerhoehend-veskyao-hochdruck-duschbrause-mit-ergonomischem-handgriff-gross-handbrause-wassersparend-mit-3-strahlarten-verchromter-brausekopf\/\" \/>\n<meta property=\"og:site_name\" content=\"Markt-XXL\" \/>\n<meta property=\"article:modified_time\" content=\"2023-04-10T02:36:19+00:00\" \/>\n<meta property=\"og:image\" content=\"https:\/\/m.media-amazon.com\/images\/I\/41Oa5TxmF4L._SL500_.jpg\" \/>\n\t<meta property=\"og:image:width\" content=\"500\" \/>\n\t<meta property=\"og:image:height\" content=\"500\" \/>\n\t<meta property=\"og:image:type\" content=\"image\/jpeg\" \/>\n<meta name=\"twitter:card\" content=\"summary_large_image\" \/>\n<meta name=\"twitter:label1\" content=\"Gesch\u00e4tzte Lesezeit\" \/>\n\t<meta name=\"twitter:data1\" content=\"1\u00a0Minute\" \/>\n<script type=\"application\/ld+json\" class=\"yoast-schema-graph\">{\"@context\":\"https:\\\/\\\/schema.org\",\"@graph\":[{\"@type\":\"WebPage\",\"@id\":\"https:\\\/\\\/marktxxl.de\\\/markt\\\/produkt\\\/duschkopf-regendusche-druckerhoehend-veskyao-hochdruck-duschbrause-mit-ergonomischem-handgriff-gross-handbrause-wassersparend-mit-3-strahlarten-verchromter-brausekopf\\\/\",\"url\":\"https:\\\/\\\/marktxxl.de\\\/markt\\\/produkt\\\/duschkopf-regendusche-druckerhoehend-veskyao-hochdruck-duschbrause-mit-ergonomischem-handgriff-gross-handbrause-wassersparend-mit-3-strahlarten-verchromter-brausekopf\\\/\",\"name\":\"Duschkopf Regendusche Druckerh\u00f6hend, VESKYAO Hochdruck Duschbrause mit Ergonomischem Handgriff, Gro\u00df Handbrause\u2026 - Markt-XXL\",\"isPartOf\":{\"@id\":\"https:\\\/\\\/marktxxl.de\\\/markt\\\/#website\"},\"primaryImageOfPage\":{\"@id\":\"https:\\\/\\\/marktxxl.de\\\/markt\\\/produkt\\\/duschkopf-regendusche-druckerhoehend-veskyao-hochdruck-duschbrause-mit-ergonomischem-handgriff-gross-handbrause-wassersparend-mit-3-strahlarten-verchromter-brausekopf\\\/#primaryimage\"},\"image\":{\"@id\":\"https:\\\/\\\/marktxxl.de\\\/markt\\\/produkt\\\/duschkopf-regendusche-druckerhoehend-veskyao-hochdruck-duschbrause-mit-ergonomischem-handgriff-gross-handbrause-wassersparend-mit-3-strahlarten-verchromter-brausekopf\\\/#primaryimage\"},\"thumbnailUrl\":\"https:\\\/\\\/m.media-amazon.com\\\/images\\\/I\\\/41Oa5TxmF4L._SL500_.jpg\",\"datePublished\":\"2022-09-12T01:55:39+00:00\",\"dateModified\":\"2023-04-10T02:36:19+00:00\",\"description\":\"Markt-XXL Duschkopf Regendusche Druckerh\u00f6hend, VESKYAO Hochdruck Duschbrause mit Ergonomischem Handgriff, Gro\u00df Handbrause\u2026\",\"breadcrumb\":{\"@id\":\"https:\\\/\\\/marktxxl.de\\\/markt\\\/produkt\\\/duschkopf-regendusche-druckerhoehend-veskyao-hochdruck-duschbrause-mit-ergonomischem-handgriff-gross-handbrause-wassersparend-mit-3-strahlarten-verchromter-brausekopf\\\/#breadcrumb\"},\"inLanguage\":\"de\",\"potentialAction\":[{\"@type\":\"ReadAction\",\"target\":[\"https:\\\/\\\/marktxxl.de\\\/markt\\\/produkt\\\/duschkopf-regendusche-druckerhoehend-veskyao-hochdruck-duschbrause-mit-ergonomischem-handgriff-gross-handbrause-wassersparend-mit-3-strahlarten-verchromter-brausekopf\\\/\"]}]},{\"@type\":\"ImageObject\",\"inLanguage\":\"de\",\"@id\":\"https:\\\/\\\/marktxxl.de\\\/markt\\\/produkt\\\/duschkopf-regendusche-druckerhoehend-veskyao-hochdruck-duschbrause-mit-ergonomischem-handgriff-gross-handbrause-wassersparend-mit-3-strahlarten-verchromter-brausekopf\\\/#primaryimage\",\"url\":\"https:\\\/\\\/m.media-amazon.com\\\/images\\\/I\\\/41Oa5TxmF4L._SL500_.jpg\",\"contentUrl\":\"https:\\\/\\\/m.media-amazon.com\\\/images\\\/I\\\/41Oa5TxmF4L._SL500_.jpg\",\"width\":500,\"height\":500},{\"@type\":\"BreadcrumbList\",\"@id\":\"https:\\\/\\\/marktxxl.de\\\/markt\\\/produkt\\\/duschkopf-regendusche-druckerhoehend-veskyao-hochdruck-duschbrause-mit-ergonomischem-handgriff-gross-handbrause-wassersparend-mit-3-strahlarten-verchromter-brausekopf\\\/#breadcrumb\",\"itemListElement\":[{\"@type\":\"ListItem\",\"position\":1,\"name\":\"Startseite\",\"item\":\"https:\\\/\\\/marktxxl.de\\\/markt\\\/\"},{\"@type\":\"ListItem\",\"position\":2,\"name\":\"Markt\",\"item\":\"https:\\\/\\\/marktxxl.de\\\/markt\\\/\"},{\"@type\":\"ListItem\",\"position\":3,\"name\":\"Duschkopf Regendusche Druckerh\u00f6hend, VESKYAO Hochdruck Duschbrause mit Ergonomischem Handgriff, Gro\u00df Handbrause\u2026\"}]},{\"@type\":\"WebSite\",\"@id\":\"https:\\\/\\\/marktxxl.de\\\/markt\\\/#website\",\"url\":\"https:\\\/\\\/marktxxl.de\\\/markt\\\/\",\"name\":\"Markt-XXL\",\"description\":\"Ihr Markt Online\",\"publisher\":{\"@id\":\"https:\\\/\\\/marktxxl.de\\\/markt\\\/#organization\"},\"potentialAction\":[{\"@type\":\"SearchAction\",\"target\":{\"@type\":\"EntryPoint\",\"urlTemplate\":\"https:\\\/\\\/marktxxl.de\\\/markt\\\/?s={search_term_string}\"},\"query-input\":{\"@type\":\"PropertyValueSpecification\",\"valueRequired\":true,\"valueName\":\"search_term_string\"}}],\"inLanguage\":\"de\"},{\"@type\":\"Organization\",\"@id\":\"https:\\\/\\\/marktxxl.de\\\/markt\\\/#organization\",\"name\":\"Markt-XXL\",\"url\":\"https:\\\/\\\/marktxxl.de\\\/markt\\\/\",\"logo\":{\"@type\":\"ImageObject\",\"inLanguage\":\"de\",\"@id\":\"https:\\\/\\\/marktxxl.de\\\/markt\\\/#\\\/schema\\\/logo\\\/image\\\/\",\"url\":\"https:\\\/\\\/marktxxl.de\\\/markt\\\/wp-content\\\/uploads\\\/sites\\\/3\\\/2020\\\/12\\\/logo.png\",\"contentUrl\":\"https:\\\/\\\/marktxxl.de\\\/markt\\\/wp-content\\\/uploads\\\/sites\\\/3\\\/2020\\\/12\\\/logo.png\",\"width\":200,\"height\":70,\"caption\":\"Markt-XXL\"},\"image\":{\"@id\":\"https:\\\/\\\/marktxxl.de\\\/markt\\\/#\\\/schema\\\/logo\\\/image\\\/\"}}]}<\/script>\n<!-- \/ Yoast SEO plugin. -->","yoast_head_json":{"title":"Duschkopf Regendusche Druckerh\u00f6hend, VESKYAO Hochdruck Duschbrause mit Ergonomischem Handgriff, Gro\u00df Handbrause\u2026 - Markt-XXL","description":"Markt-XXL Duschkopf Regendusche Druckerh\u00f6hend, VESKYAO Hochdruck Duschbrause mit Ergonomischem Handgriff, Gro\u00df Handbrause\u2026","robots":{"index":"index","follow":"follow","max-snippet":"max-snippet:-1","max-image-preview":"max-image-preview:large","max-video-preview":"max-video-preview:-1"},"canonical":"https:\/\/marktxxl.de\/markt\/produkt\/duschkopf-regendusche-druckerhoehend-veskyao-hochdruck-duschbrause-mit-ergonomischem-handgriff-gross-handbrause-wassersparend-mit-3-strahlarten-verchromter-brausekopf\/","og_locale":"de_DE","og_type":"article","og_title":"Duschkopf Regendusche Druckerh\u00f6hend, VESKYAO Hochdruck Duschbrause mit Ergonomischem Handgriff, Gro\u00df Handbrause\u2026 - Markt-XXL","og_description":"Markt-XXL Duschkopf Regendusche Druckerh\u00f6hend, VESKYAO Hochdruck Duschbrause mit Ergonomischem Handgriff, Gro\u00df Handbrause\u2026","og_url":"https:\/\/marktxxl.de\/markt\/produkt\/duschkopf-regendusche-druckerhoehend-veskyao-hochdruck-duschbrause-mit-ergonomischem-handgriff-gross-handbrause-wassersparend-mit-3-strahlarten-verchromter-brausekopf\/","og_site_name":"Markt-XXL","article_modified_time":"2023-04-10T02:36:19+00:00","og_image":[{"width":500,"height":500,"url":"https:\/\/m.media-amazon.com\/images\/I\/41Oa5TxmF4L._SL500_.jpg","type":"image\/jpeg"}],"twitter_card":"summary_large_image","twitter_misc":{"Gesch\u00e4tzte Lesezeit":"1\u00a0Minute"},"schema":{"@context":"https:\/\/schema.org","@graph":[{"@type":"WebPage","@id":"https:\/\/marktxxl.de\/markt\/produkt\/duschkopf-regendusche-druckerhoehend-veskyao-hochdruck-duschbrause-mit-ergonomischem-handgriff-gross-handbrause-wassersparend-mit-3-strahlarten-verchromter-brausekopf\/","url":"https:\/\/marktxxl.de\/markt\/produkt\/duschkopf-regendusche-druckerhoehend-veskyao-hochdruck-duschbrause-mit-ergonomischem-handgriff-gross-handbrause-wassersparend-mit-3-strahlarten-verchromter-brausekopf\/","name":"Duschkopf Regendusche Druckerh\u00f6hend, VESKYAO Hochdruck Duschbrause mit Ergonomischem Handgriff, Gro\u00df Handbrause\u2026 - Markt-XXL","isPartOf":{"@id":"https:\/\/marktxxl.de\/markt\/#website"},"primaryImageOfPage":{"@id":"https:\/\/marktxxl.de\/markt\/produkt\/duschkopf-regendusche-druckerhoehend-veskyao-hochdruck-duschbrause-mit-ergonomischem-handgriff-gross-handbrause-wassersparend-mit-3-strahlarten-verchromter-brausekopf\/#primaryimage"},"image":{"@id":"https:\/\/marktxxl.de\/markt\/produkt\/duschkopf-regendusche-druckerhoehend-veskyao-hochdruck-duschbrause-mit-ergonomischem-handgriff-gross-handbrause-wassersparend-mit-3-strahlarten-verchromter-brausekopf\/#primaryimage"},"thumbnailUrl":"https:\/\/m.media-amazon.com\/images\/I\/41Oa5TxmF4L._SL500_.jpg","datePublished":"2022-09-12T01:55:39+00:00","dateModified":"2023-04-10T02:36:19+00:00","description":"Markt-XXL Duschkopf Regendusche Druckerh\u00f6hend, VESKYAO Hochdruck Duschbrause mit Ergonomischem Handgriff, Gro\u00df Handbrause\u2026","breadcrumb":{"@id":"https:\/\/marktxxl.de\/markt\/produkt\/duschkopf-regendusche-druckerhoehend-veskyao-hochdruck-duschbrause-mit-ergonomischem-handgriff-gross-handbrause-wassersparend-mit-3-strahlarten-verchromter-brausekopf\/#breadcrumb"},"inLanguage":"de","potentialAction":[{"@type":"ReadAction","target":["https:\/\/marktxxl.de\/markt\/produkt\/duschkopf-regendusche-druckerhoehend-veskyao-hochdruck-duschbrause-mit-ergonomischem-handgriff-gross-handbrause-wassersparend-mit-3-strahlarten-verchromter-brausekopf\/"]}]},{"@type":"ImageObject","inLanguage":"de","@id":"https:\/\/marktxxl.de\/markt\/produkt\/duschkopf-regendusche-druckerhoehend-veskyao-hochdruck-duschbrause-mit-ergonomischem-handgriff-gross-handbrause-wassersparend-mit-3-strahlarten-verchromter-brausekopf\/#primaryimage","url":"https:\/\/m.media-amazon.com\/images\/I\/41Oa5TxmF4L._SL500_.jpg","contentUrl":"https:\/\/m.media-amazon.com\/images\/I\/41Oa5TxmF4L._SL500_.jpg","width":500,"height":500},{"@type":"BreadcrumbList","@id":"https:\/\/marktxxl.de\/markt\/produkt\/duschkopf-regendusche-druckerhoehend-veskyao-hochdruck-duschbrause-mit-ergonomischem-handgriff-gross-handbrause-wassersparend-mit-3-strahlarten-verchromter-brausekopf\/#breadcrumb","itemListElement":[{"@type":"ListItem","position":1,"name":"Startseite","item":"https:\/\/marktxxl.de\/markt\/"},{"@type":"ListItem","position":2,"name":"Markt","item":"https:\/\/marktxxl.de\/markt\/"},{"@type":"ListItem","position":3,"name":"Duschkopf Regendusche Druckerh\u00f6hend, VESKYAO Hochdruck Duschbrause mit Ergonomischem Handgriff, Gro\u00df Handbrause\u2026"}]},{"@type":"WebSite","@id":"https:\/\/marktxxl.de\/markt\/#website","url":"https:\/\/marktxxl.de\/markt\/","name":"Markt-XXL","description":"Ihr Markt Online","publisher":{"@id":"https:\/\/marktxxl.de\/markt\/#organization"},"potentialAction":[{"@type":"SearchAction","target":{"@type":"EntryPoint","urlTemplate":"https:\/\/marktxxl.de\/markt\/?s={search_term_string}"},"query-input":{"@type":"PropertyValueSpecification","valueRequired":true,"valueName":"search_term_string"}}],"inLanguage":"de"},{"@type":"Organization","@id":"https:\/\/marktxxl.de\/markt\/#organization","name":"Markt-XXL","url":"https:\/\/marktxxl.de\/markt\/","logo":{"@type":"ImageObject","inLanguage":"de","@id":"https:\/\/marktxxl.de\/markt\/#\/schema\/logo\/image\/","url":"https:\/\/marktxxl.de\/markt\/wp-content\/uploads\/sites\/3\/2020\/12\/logo.png","contentUrl":"https:\/\/marktxxl.de\/markt\/wp-content\/uploads\/sites\/3\/2020\/12\/logo.png","width":200,"height":70,"caption":"Markt-XXL"},"image":{"@id":"https:\/\/marktxxl.de\/markt\/#\/schema\/logo\/image\/"}}]}},"_links":{"self":[{"href":"https:\/\/marktxxl.de\/markt\/wp-json\/wp\/v2\/product\/149991","targetHints":{"allow":["GET"]}}],"collection":[{"href":"https:\/\/marktxxl.de\/markt\/wp-json\/wp\/v2\/product"}],"about":[{"href":"https:\/\/marktxxl.de\/markt\/wp-json\/wp\/v2\/types\/product"}],"replies":[{"embeddable":true,"href":"https:\/\/marktxxl.de\/markt\/wp-json\/wp\/v2\/comments?post=149991"}],"wp:featuredmedia":[{"embeddable":true,"href":"https:\/\/marktxxl.de\/markt\/wp-json\/wp\/v2\/media\/149992"}],"wp:attachment":[{"href":"https:\/\/marktxxl.de\/markt\/wp-json\/wp\/v2\/media?parent=149991"}],"wp:term":[{"taxonomy":"product_brand","embeddable":true,"href":"https:\/\/marktxxl.de\/markt\/wp-json\/wp\/v2\/product_brand?post=149991"},{"taxonomy":"product_cat","embeddable":true,"href":"https:\/\/marktxxl.de\/markt\/wp-json\/wp\/v2\/product_cat?post=149991"},{"taxonomy":"product_tag","embeddable":true,"href":"https:\/\/marktxxl.de\/markt\/wp-json\/wp\/v2\/product_tag?post=149991"}],"curies":[{"name":"wp","href":"https:\/\/api.w.org\/{rel}","templated":true}]}}