{"id":149890,"date":"2022-09-12T03:49:30","date_gmt":"2022-09-12T01:49:30","guid":{"rendered":"https:\/\/marktxxl.de\/markt\/produkt\/barco-greys-anatomy-71166-damen-top-mit-v-ausschnitt-und-raffung-am-ruecken-blaugruen-mittel\/"},"modified":"2023-04-10T04:36:16","modified_gmt":"2023-04-10T02:36:16","slug":"barco-greys-anatomy-71166-damen-top-mit-v-ausschnitt-und-raffung-am-ruecken-blaugruen-mittel","status":"publish","type":"product","link":"https:\/\/marktxxl.de\/markt\/produkt\/barco-greys-anatomy-71166-damen-top-mit-v-ausschnitt-und-raffung-am-ruecken-blaugruen-mittel\/","title":{"rendered":"BARCO Damen Medical Scrubs Shirts"},"content":{"rendered":"<p>Komfort und Leistung: Mit zwei unteren Taschen und einem Stift-Schlitz f\u00fcr die Lagerung. Diese medizinische Peeling-Top verf\u00fcgt \u00fcber eine Boden-freisetzung; bleibt frisch und am besten, auch bei langen Schichten<br \/>\nQualit\u00e4t trifft Komfort: Hergestellt aus unserer Premium-Mischung aus 77 % Polyester und 23 % Viskose. Dieses strapazierf\u00e4hige, pflegeleichte Oberteil verf\u00fcgt \u00fcber eine klassische Passform, hat eine superweiche Haptik und ist maschinenwaschbar<br \/>\nZeitloser Stil: Entwickelt, um Ihr Go-to-Peelings zu sein, kombiniert dieses Damen-Peeling-Top einen klassischen V-Ausschnitt mit dem modernen Hauch einer gekr\u00e4uselten R\u00fcckenpasse<br \/>\nAuthentisch Sie: Ob Sie in Medizin, Zahnarzt, Tierarzt oder in einem anderen Gesundheitsbereich sind, Sie k\u00f6nnen ein bisschen von sich selbst zur Arbeit bringen. W\u00e4hlen Sie aus unserer breiten Farbpalette passend zu Ihrem Stil oder Ihrer Abteilung<br \/>\nWork Hard, Look Good Doing It: Kombinieren Sie mit passenden Damen-Peelinghosen und einer medizinischen Aufw\u00e4rmjacke f\u00fcr einen kompletten, professionellen Look, der Sie den ganzen Tag \u00fcber sicher und bequem sein werden, vom Wartezimmer bis zum Pr\u00fcfungsraum. L\u00e4nge: 66 cm (Mitte)<br \/>\n<div class=\"main-cross-sell\" data-asin=\"B00GYE34E0\">\n\n\t<div class=\"WooZone-cross-sell-loader\">\n\t\t<div>\n\t\t\t<div id=\"floatingBarsG\">\n\t\t\t\t<div class=\"blockG\" id=\"rotateG_01\"><\/div>\n\t\t\t\t<div class=\"blockG\" id=\"rotateG_02\"><\/div>\n\t\t\t\t<div class=\"blockG\" id=\"rotateG_03\"><\/div>\n\t\t\t\t<div class=\"blockG\" id=\"rotateG_04\"><\/div>\n\t\t\t\t<div class=\"blockG\" id=\"rotateG_05\"><\/div>\n\t\t\t\t<div class=\"blockG\" id=\"rotateG_06\"><\/div>\n\t\t\t\t<div class=\"blockG\" id=\"rotateG_07\"><\/div>\n\t\t\t\t<div class=\"blockG\" id=\"rotateG_08\"><\/div>\n\t\t\t<\/div>\n\t\t\t<div class=\"WooZone-cross-sell-loader-text\"><\/div>\n\t\t<\/div>\n\t<\/div>\n\n\t\t\n<\/div>\n<div style=\"clear:both;\"><\/div><\/p>\n","protected":false},"excerpt":{"rendered":"<p>Komfort und Leistung: Mit zwei unteren Taschen und einem Stift-Schlitz f\u00fcr die Lagerung. Diese medizinische Peeling-Top verf\u00fcgt \u00fcber eine Boden-freisetzung; bleibt frisch und am besten, auch bei langen Schichten<br \/>\nQualit\u00e4t trifft Komfort: Hergestellt aus unserer Premium-Mischung aus 77 % Polyester und 23 % Viskose. Dieses strapazierf\u00e4hige, pflegeleichte Oberteil verf\u00fcgt \u00fcber eine klassische Passform, hat eine superweiche Haptik und ist maschinenwaschbar<br \/>\nZeitloser Stil: Entwickelt, um Ihr Go-to-Peelings zu sein, kombiniert dieses Damen-Peeling-Top einen klassischen V-Ausschnitt mit dem modernen Hauch einer gekr\u00e4uselten R\u00fcckenpasse<\/p>\n","protected":false},"featured_media":149891,"comment_status":"open","ping_status":"closed","template":"","meta":[],"product_brand":[],"product_cat":[4143,1186],"product_tag":[],"class_list":{"0":"post-149890","1":"product","2":"type-product","3":"status-publish","4":"has-post-thumbnail","6":"product_cat-arbeitskleidung-uniformen","7":"product_cat-bekleidung","8":"pa_binding-unbekannter-einband","9":"pa_brand-barco","10":"pa_color-blaugruen","11":"pa_manufacturer-barco","12":"pa_model-41369","13":"pa_size-m","15":"first","16":"instock","17":"shipping-taxable","18":"purchasable","19":"product-type-simple","20":"customify-col","21":"product-has-gallery"},"yoast_head":"<!-- This site is optimized with the Yoast SEO plugin v27.4 - https:\/\/yoast.com\/product\/yoast-seo-wordpress\/ -->\n<title>BARCO Damen Medical Scrubs Shirts - Markt-XXL<\/title>\n<meta name=\"description\" content=\"Markt-XXL BARCO Damen Medical Scrubs Shirts\" \/>\n<meta name=\"robots\" content=\"index, follow, max-snippet:-1, max-image-preview:large, max-video-preview:-1\" \/>\n<link rel=\"canonical\" href=\"https:\/\/marktxxl.de\/markt\/produkt\/barco-greys-anatomy-71166-damen-top-mit-v-ausschnitt-und-raffung-am-ruecken-blaugruen-mittel\/\" \/>\n<meta property=\"og:locale\" content=\"de_DE\" \/>\n<meta property=\"og:type\" content=\"article\" \/>\n<meta property=\"og:title\" content=\"BARCO Damen Medical Scrubs Shirts - Markt-XXL\" \/>\n<meta property=\"og:description\" content=\"Markt-XXL BARCO Damen Medical Scrubs Shirts\" \/>\n<meta property=\"og:url\" content=\"https:\/\/marktxxl.de\/markt\/produkt\/barco-greys-anatomy-71166-damen-top-mit-v-ausschnitt-und-raffung-am-ruecken-blaugruen-mittel\/\" \/>\n<meta property=\"og:site_name\" content=\"Markt-XXL\" \/>\n<meta property=\"article:modified_time\" content=\"2023-04-10T02:36:16+00:00\" \/>\n<meta property=\"og:image\" content=\"https:\/\/m.media-amazon.com\/images\/I\/41FFRVRUHbL._SL500_.jpg\" \/>\n\t<meta property=\"og:image:width\" content=\"357\" \/>\n\t<meta property=\"og:image:height\" content=\"500\" \/>\n\t<meta property=\"og:image:type\" content=\"image\/jpeg\" \/>\n<meta name=\"twitter:card\" content=\"summary_large_image\" \/>\n<meta name=\"twitter:label1\" content=\"Gesch\u00e4tzte Lesezeit\" \/>\n\t<meta name=\"twitter:data1\" content=\"1\u00a0Minute\" \/>\n<script type=\"application\/ld+json\" class=\"yoast-schema-graph\">{\"@context\":\"https:\\\/\\\/schema.org\",\"@graph\":[{\"@type\":\"WebPage\",\"@id\":\"https:\\\/\\\/marktxxl.de\\\/markt\\\/produkt\\\/barco-greys-anatomy-71166-damen-top-mit-v-ausschnitt-und-raffung-am-ruecken-blaugruen-mittel\\\/\",\"url\":\"https:\\\/\\\/marktxxl.de\\\/markt\\\/produkt\\\/barco-greys-anatomy-71166-damen-top-mit-v-ausschnitt-und-raffung-am-ruecken-blaugruen-mittel\\\/\",\"name\":\"BARCO Damen Medical Scrubs Shirts - Markt-XXL\",\"isPartOf\":{\"@id\":\"https:\\\/\\\/marktxxl.de\\\/markt\\\/#website\"},\"primaryImageOfPage\":{\"@id\":\"https:\\\/\\\/marktxxl.de\\\/markt\\\/produkt\\\/barco-greys-anatomy-71166-damen-top-mit-v-ausschnitt-und-raffung-am-ruecken-blaugruen-mittel\\\/#primaryimage\"},\"image\":{\"@id\":\"https:\\\/\\\/marktxxl.de\\\/markt\\\/produkt\\\/barco-greys-anatomy-71166-damen-top-mit-v-ausschnitt-und-raffung-am-ruecken-blaugruen-mittel\\\/#primaryimage\"},\"thumbnailUrl\":\"https:\\\/\\\/m.media-amazon.com\\\/images\\\/I\\\/41FFRVRUHbL._SL500_.jpg\",\"datePublished\":\"2022-09-12T01:49:30+00:00\",\"dateModified\":\"2023-04-10T02:36:16+00:00\",\"description\":\"Markt-XXL BARCO Damen Medical Scrubs Shirts\",\"breadcrumb\":{\"@id\":\"https:\\\/\\\/marktxxl.de\\\/markt\\\/produkt\\\/barco-greys-anatomy-71166-damen-top-mit-v-ausschnitt-und-raffung-am-ruecken-blaugruen-mittel\\\/#breadcrumb\"},\"inLanguage\":\"de\",\"potentialAction\":[{\"@type\":\"ReadAction\",\"target\":[\"https:\\\/\\\/marktxxl.de\\\/markt\\\/produkt\\\/barco-greys-anatomy-71166-damen-top-mit-v-ausschnitt-und-raffung-am-ruecken-blaugruen-mittel\\\/\"]}]},{\"@type\":\"ImageObject\",\"inLanguage\":\"de\",\"@id\":\"https:\\\/\\\/marktxxl.de\\\/markt\\\/produkt\\\/barco-greys-anatomy-71166-damen-top-mit-v-ausschnitt-und-raffung-am-ruecken-blaugruen-mittel\\\/#primaryimage\",\"url\":\"https:\\\/\\\/m.media-amazon.com\\\/images\\\/I\\\/41FFRVRUHbL._SL500_.jpg\",\"contentUrl\":\"https:\\\/\\\/m.media-amazon.com\\\/images\\\/I\\\/41FFRVRUHbL._SL500_.jpg\",\"width\":357,\"height\":500},{\"@type\":\"BreadcrumbList\",\"@id\":\"https:\\\/\\\/marktxxl.de\\\/markt\\\/produkt\\\/barco-greys-anatomy-71166-damen-top-mit-v-ausschnitt-und-raffung-am-ruecken-blaugruen-mittel\\\/#breadcrumb\",\"itemListElement\":[{\"@type\":\"ListItem\",\"position\":1,\"name\":\"Startseite\",\"item\":\"https:\\\/\\\/marktxxl.de\\\/markt\\\/\"},{\"@type\":\"ListItem\",\"position\":2,\"name\":\"Markt\",\"item\":\"https:\\\/\\\/marktxxl.de\\\/markt\\\/\"},{\"@type\":\"ListItem\",\"position\":3,\"name\":\"BARCO Damen Medical Scrubs Shirts\"}]},{\"@type\":\"WebSite\",\"@id\":\"https:\\\/\\\/marktxxl.de\\\/markt\\\/#website\",\"url\":\"https:\\\/\\\/marktxxl.de\\\/markt\\\/\",\"name\":\"Markt-XXL\",\"description\":\"Ihr Markt Online\",\"publisher\":{\"@id\":\"https:\\\/\\\/marktxxl.de\\\/markt\\\/#organization\"},\"potentialAction\":[{\"@type\":\"SearchAction\",\"target\":{\"@type\":\"EntryPoint\",\"urlTemplate\":\"https:\\\/\\\/marktxxl.de\\\/markt\\\/?s={search_term_string}\"},\"query-input\":{\"@type\":\"PropertyValueSpecification\",\"valueRequired\":true,\"valueName\":\"search_term_string\"}}],\"inLanguage\":\"de\"},{\"@type\":\"Organization\",\"@id\":\"https:\\\/\\\/marktxxl.de\\\/markt\\\/#organization\",\"name\":\"Markt-XXL\",\"url\":\"https:\\\/\\\/marktxxl.de\\\/markt\\\/\",\"logo\":{\"@type\":\"ImageObject\",\"inLanguage\":\"de\",\"@id\":\"https:\\\/\\\/marktxxl.de\\\/markt\\\/#\\\/schema\\\/logo\\\/image\\\/\",\"url\":\"https:\\\/\\\/marktxxl.de\\\/markt\\\/wp-content\\\/uploads\\\/sites\\\/3\\\/2020\\\/12\\\/logo.png\",\"contentUrl\":\"https:\\\/\\\/marktxxl.de\\\/markt\\\/wp-content\\\/uploads\\\/sites\\\/3\\\/2020\\\/12\\\/logo.png\",\"width\":200,\"height\":70,\"caption\":\"Markt-XXL\"},\"image\":{\"@id\":\"https:\\\/\\\/marktxxl.de\\\/markt\\\/#\\\/schema\\\/logo\\\/image\\\/\"}}]}<\/script>\n<!-- \/ Yoast SEO plugin. -->","yoast_head_json":{"title":"BARCO Damen Medical Scrubs Shirts - Markt-XXL","description":"Markt-XXL BARCO Damen Medical Scrubs Shirts","robots":{"index":"index","follow":"follow","max-snippet":"max-snippet:-1","max-image-preview":"max-image-preview:large","max-video-preview":"max-video-preview:-1"},"canonical":"https:\/\/marktxxl.de\/markt\/produkt\/barco-greys-anatomy-71166-damen-top-mit-v-ausschnitt-und-raffung-am-ruecken-blaugruen-mittel\/","og_locale":"de_DE","og_type":"article","og_title":"BARCO Damen Medical Scrubs Shirts - Markt-XXL","og_description":"Markt-XXL BARCO Damen Medical Scrubs Shirts","og_url":"https:\/\/marktxxl.de\/markt\/produkt\/barco-greys-anatomy-71166-damen-top-mit-v-ausschnitt-und-raffung-am-ruecken-blaugruen-mittel\/","og_site_name":"Markt-XXL","article_modified_time":"2023-04-10T02:36:16+00:00","og_image":[{"width":357,"height":500,"url":"https:\/\/m.media-amazon.com\/images\/I\/41FFRVRUHbL._SL500_.jpg","type":"image\/jpeg"}],"twitter_card":"summary_large_image","twitter_misc":{"Gesch\u00e4tzte Lesezeit":"1\u00a0Minute"},"schema":{"@context":"https:\/\/schema.org","@graph":[{"@type":"WebPage","@id":"https:\/\/marktxxl.de\/markt\/produkt\/barco-greys-anatomy-71166-damen-top-mit-v-ausschnitt-und-raffung-am-ruecken-blaugruen-mittel\/","url":"https:\/\/marktxxl.de\/markt\/produkt\/barco-greys-anatomy-71166-damen-top-mit-v-ausschnitt-und-raffung-am-ruecken-blaugruen-mittel\/","name":"BARCO Damen Medical Scrubs Shirts - Markt-XXL","isPartOf":{"@id":"https:\/\/marktxxl.de\/markt\/#website"},"primaryImageOfPage":{"@id":"https:\/\/marktxxl.de\/markt\/produkt\/barco-greys-anatomy-71166-damen-top-mit-v-ausschnitt-und-raffung-am-ruecken-blaugruen-mittel\/#primaryimage"},"image":{"@id":"https:\/\/marktxxl.de\/markt\/produkt\/barco-greys-anatomy-71166-damen-top-mit-v-ausschnitt-und-raffung-am-ruecken-blaugruen-mittel\/#primaryimage"},"thumbnailUrl":"https:\/\/m.media-amazon.com\/images\/I\/41FFRVRUHbL._SL500_.jpg","datePublished":"2022-09-12T01:49:30+00:00","dateModified":"2023-04-10T02:36:16+00:00","description":"Markt-XXL BARCO Damen Medical Scrubs Shirts","breadcrumb":{"@id":"https:\/\/marktxxl.de\/markt\/produkt\/barco-greys-anatomy-71166-damen-top-mit-v-ausschnitt-und-raffung-am-ruecken-blaugruen-mittel\/#breadcrumb"},"inLanguage":"de","potentialAction":[{"@type":"ReadAction","target":["https:\/\/marktxxl.de\/markt\/produkt\/barco-greys-anatomy-71166-damen-top-mit-v-ausschnitt-und-raffung-am-ruecken-blaugruen-mittel\/"]}]},{"@type":"ImageObject","inLanguage":"de","@id":"https:\/\/marktxxl.de\/markt\/produkt\/barco-greys-anatomy-71166-damen-top-mit-v-ausschnitt-und-raffung-am-ruecken-blaugruen-mittel\/#primaryimage","url":"https:\/\/m.media-amazon.com\/images\/I\/41FFRVRUHbL._SL500_.jpg","contentUrl":"https:\/\/m.media-amazon.com\/images\/I\/41FFRVRUHbL._SL500_.jpg","width":357,"height":500},{"@type":"BreadcrumbList","@id":"https:\/\/marktxxl.de\/markt\/produkt\/barco-greys-anatomy-71166-damen-top-mit-v-ausschnitt-und-raffung-am-ruecken-blaugruen-mittel\/#breadcrumb","itemListElement":[{"@type":"ListItem","position":1,"name":"Startseite","item":"https:\/\/marktxxl.de\/markt\/"},{"@type":"ListItem","position":2,"name":"Markt","item":"https:\/\/marktxxl.de\/markt\/"},{"@type":"ListItem","position":3,"name":"BARCO Damen Medical Scrubs Shirts"}]},{"@type":"WebSite","@id":"https:\/\/marktxxl.de\/markt\/#website","url":"https:\/\/marktxxl.de\/markt\/","name":"Markt-XXL","description":"Ihr Markt Online","publisher":{"@id":"https:\/\/marktxxl.de\/markt\/#organization"},"potentialAction":[{"@type":"SearchAction","target":{"@type":"EntryPoint","urlTemplate":"https:\/\/marktxxl.de\/markt\/?s={search_term_string}"},"query-input":{"@type":"PropertyValueSpecification","valueRequired":true,"valueName":"search_term_string"}}],"inLanguage":"de"},{"@type":"Organization","@id":"https:\/\/marktxxl.de\/markt\/#organization","name":"Markt-XXL","url":"https:\/\/marktxxl.de\/markt\/","logo":{"@type":"ImageObject","inLanguage":"de","@id":"https:\/\/marktxxl.de\/markt\/#\/schema\/logo\/image\/","url":"https:\/\/marktxxl.de\/markt\/wp-content\/uploads\/sites\/3\/2020\/12\/logo.png","contentUrl":"https:\/\/marktxxl.de\/markt\/wp-content\/uploads\/sites\/3\/2020\/12\/logo.png","width":200,"height":70,"caption":"Markt-XXL"},"image":{"@id":"https:\/\/marktxxl.de\/markt\/#\/schema\/logo\/image\/"}}]}},"_links":{"self":[{"href":"https:\/\/marktxxl.de\/markt\/wp-json\/wp\/v2\/product\/149890","targetHints":{"allow":["GET"]}}],"collection":[{"href":"https:\/\/marktxxl.de\/markt\/wp-json\/wp\/v2\/product"}],"about":[{"href":"https:\/\/marktxxl.de\/markt\/wp-json\/wp\/v2\/types\/product"}],"replies":[{"embeddable":true,"href":"https:\/\/marktxxl.de\/markt\/wp-json\/wp\/v2\/comments?post=149890"}],"wp:featuredmedia":[{"embeddable":true,"href":"https:\/\/marktxxl.de\/markt\/wp-json\/wp\/v2\/media\/149891"}],"wp:attachment":[{"href":"https:\/\/marktxxl.de\/markt\/wp-json\/wp\/v2\/media?parent=149890"}],"wp:term":[{"taxonomy":"product_brand","embeddable":true,"href":"https:\/\/marktxxl.de\/markt\/wp-json\/wp\/v2\/product_brand?post=149890"},{"taxonomy":"product_cat","embeddable":true,"href":"https:\/\/marktxxl.de\/markt\/wp-json\/wp\/v2\/product_cat?post=149890"},{"taxonomy":"product_tag","embeddable":true,"href":"https:\/\/marktxxl.de\/markt\/wp-json\/wp\/v2\/product_tag?post=149890"}],"curies":[{"name":"wp","href":"https:\/\/api.w.org\/{rel}","templated":true}]}}