{"id":149840,"date":"2022-09-12T03:32:11","date_gmt":"2022-09-12T01:32:11","guid":{"rendered":"https:\/\/marktxxl.de\/markt\/produkt\/moonkie-baby-stapelbecher-spielzeug-lustiges-paedagogisches-stapelbecher-silikon-weiches-und-zahnendes-spielzeug\/"},"modified":"2023-04-11T04:29:19","modified_gmt":"2023-04-11T02:29:19","slug":"moonkie-baby-stapelbecher-spielzeug-lustiges-paedagogisches-stapelbecher-silikon-weiches-und-zahnendes-spielzeug","status":"publish","type":"product","link":"https:\/\/marktxxl.de\/markt\/produkt\/moonkie-baby-stapelbecher-spielzeug-lustiges-paedagogisches-stapelbecher-silikon-weiches-und-zahnendes-spielzeug\/","title":{"rendered":"Moonkie Baby Stapelbecher Spielzeug, Stapelturm mit 7 Bechern F\u00fcr Babys &amp; Kinder, lustiges p\u00e4dagogisches Stapelbecher\u2026"},"content":{"rendered":"<p>Innovatives Design \u2013 stapelbare Becher mit 7 St\u00fcck haben verschiedene Top-Muster und exquisite Striche, die die Ber\u00fchrung von handber\u00fchrten Mustern bereichern. 7 verschiedene Farben ziehen die Aufmerksamkeit des Babys auf sich und f\u00f6rdern die visuelle Entwicklung.<br \/>\n100 % lebensmittelechtes Silikon \u2013 Moonkie verwendet in unseren Stapelbechern nur 100 % lebensmittelechtes Silikon, ohne F\u00fcllstoffe und ohne Geruch. Unsere Produkte sind frei von BPA, PVC, Phthalaten und Sie k\u00f6nnen sicher sein, dass Ihr Kind sie spielt und bei\u00dft.<br \/>\nReichhaltige Texturen &#8211; Der Tassenk\u00f6rper kann in den Mund genommen werden und der Tassenk\u00f6rper ist mit erhabenen umgebenden Tassenk\u00f6rpertexturen gestaltet.<br \/>\nVerwendung als Bei\u00dfring &#8211; Unser Stapelbecher bietet verschiedene Texturen, Formen und Gr\u00f6\u00dfen von Modellierungskombinationen, die weich und kaubar sind und f\u00fcr Babys zum Kauen geeignet sind.<br \/>\nGreat Gift Idea and Our Promise &#8211; You\u2019ve just found your go-to baby shower gift! Our products are developed by heart with an obsessive attention to detail. If you are not satisfied with our stacking toy, please contact us and we will give you a satisfactory solution.<br \/>\n<div class=\"main-cross-sell\" data-asin=\"B09PHJK3GR\">\n\n\t<div class=\"WooZone-cross-sell-loader\">\n\t\t<div>\n\t\t\t<div id=\"floatingBarsG\">\n\t\t\t\t<div class=\"blockG\" id=\"rotateG_01\"><\/div>\n\t\t\t\t<div class=\"blockG\" id=\"rotateG_02\"><\/div>\n\t\t\t\t<div class=\"blockG\" id=\"rotateG_03\"><\/div>\n\t\t\t\t<div class=\"blockG\" id=\"rotateG_04\"><\/div>\n\t\t\t\t<div class=\"blockG\" id=\"rotateG_05\"><\/div>\n\t\t\t\t<div class=\"blockG\" id=\"rotateG_06\"><\/div>\n\t\t\t\t<div class=\"blockG\" id=\"rotateG_07\"><\/div>\n\t\t\t\t<div class=\"blockG\" id=\"rotateG_08\"><\/div>\n\t\t\t<\/div>\n\t\t\t<div class=\"WooZone-cross-sell-loader-text\"><\/div>\n\t\t<\/div>\n\t<\/div>\n\n\t\t\n<\/div>\n<div style=\"clear:both;\"><\/div><\/p>\n","protected":false},"excerpt":{"rendered":"<p>Innovatives Design \u2013 stapelbare Becher mit 7 St\u00fcck haben verschiedene Top-Muster und exquisite Striche, die die Ber\u00fchrung von handber\u00fchrten Mustern bereichern. 7 verschiedene Farben ziehen die Aufmerksamkeit des Babys auf sich und f\u00f6rdern die visuelle Entwicklung.<br \/>\n100 % lebensmittelechtes Silikon \u2013 Moonkie verwendet in unseren Stapelbechern nur 100 % lebensmittelechtes Silikon, ohne F\u00fcllstoffe und ohne Geruch. Unsere Produkte sind frei von BPA, PVC, Phthalaten und Sie k\u00f6nnen sicher sein, dass Ihr Kind sie spielt und bei\u00dft.<br \/>\nReichhaltige Texturen &#8211; Der Tassenk\u00f6rper kann in den Mund genommen werden und der Tassenk\u00f6rper ist mit erhabenen umgebenden Tassenk\u00f6rpertexturen gestaltet.<\/p>\n","protected":false},"featured_media":149841,"comment_status":"open","ping_status":"closed","template":"","meta":[],"product_brand":[],"product_cat":[21,8879],"product_tag":[],"class_list":{"0":"post-149840","1":"product","2":"type-product","3":"status-publish","4":"has-post-thumbnail","6":"product_cat-baby","7":"product_cat-baby-kleinkindspielzeug-baby","8":"pa_binding-spielzeug","9":"pa_brand-moonkie","10":"pa_height-2-56-zoll","11":"pa_length-3-53-zoll","12":"pa_manufacturer-moonkie","13":"pa_model-sct-1","14":"pa_size-kinder","15":"pa_width-3-53-zoll","17":"first","18":"instock","19":"shipping-taxable","20":"purchasable","21":"product-type-simple","22":"customify-col","23":"product-has-gallery"},"yoast_head":"<!-- This site is optimized with the Yoast SEO plugin v27.4 - https:\/\/yoast.com\/product\/yoast-seo-wordpress\/ -->\n<title>Moonkie Baby Stapelbecher Spielzeug, Stapelturm mit 7 Bechern F\u00fcr Babys &amp; Kinder, lustiges p\u00e4dagogisches Stapelbecher\u2026 - Markt-XXL<\/title>\n<meta name=\"description\" content=\"Markt-XXL Moonkie Baby Stapelbecher Spielzeug, Stapelturm mit 7 Bechern F\u00fcr Babys &amp; Kinder, lustiges p\u00e4dagogisches Stapelbecher\u2026\" \/>\n<meta name=\"robots\" content=\"index, follow, max-snippet:-1, max-image-preview:large, max-video-preview:-1\" \/>\n<link rel=\"canonical\" href=\"https:\/\/marktxxl.de\/markt\/produkt\/moonkie-baby-stapelbecher-spielzeug-lustiges-paedagogisches-stapelbecher-silikon-weiches-und-zahnendes-spielzeug\/\" \/>\n<meta property=\"og:locale\" content=\"de_DE\" \/>\n<meta property=\"og:type\" content=\"article\" \/>\n<meta property=\"og:title\" content=\"Moonkie Baby Stapelbecher Spielzeug, Stapelturm mit 7 Bechern F\u00fcr Babys &amp; Kinder, lustiges p\u00e4dagogisches Stapelbecher\u2026 - Markt-XXL\" \/>\n<meta property=\"og:description\" content=\"Markt-XXL Moonkie Baby Stapelbecher Spielzeug, Stapelturm mit 7 Bechern F\u00fcr Babys &amp; Kinder, lustiges p\u00e4dagogisches Stapelbecher\u2026\" \/>\n<meta property=\"og:url\" content=\"https:\/\/marktxxl.de\/markt\/produkt\/moonkie-baby-stapelbecher-spielzeug-lustiges-paedagogisches-stapelbecher-silikon-weiches-und-zahnendes-spielzeug\/\" \/>\n<meta property=\"og:site_name\" content=\"Markt-XXL\" \/>\n<meta property=\"article:modified_time\" content=\"2023-04-11T02:29:19+00:00\" \/>\n<meta property=\"og:image\" content=\"https:\/\/m.media-amazon.com\/images\/I\/41dn5V1KdPL._SL500_.jpg\" \/>\n\t<meta property=\"og:image:width\" content=\"500\" \/>\n\t<meta property=\"og:image:height\" content=\"500\" \/>\n\t<meta property=\"og:image:type\" content=\"image\/jpeg\" \/>\n<meta name=\"twitter:card\" content=\"summary_large_image\" \/>\n<meta name=\"twitter:label1\" content=\"Gesch\u00e4tzte Lesezeit\" \/>\n\t<meta name=\"twitter:data1\" content=\"1\u00a0Minute\" \/>\n<script type=\"application\/ld+json\" class=\"yoast-schema-graph\">{\"@context\":\"https:\\\/\\\/schema.org\",\"@graph\":[{\"@type\":\"WebPage\",\"@id\":\"https:\\\/\\\/marktxxl.de\\\/markt\\\/produkt\\\/moonkie-baby-stapelbecher-spielzeug-lustiges-paedagogisches-stapelbecher-silikon-weiches-und-zahnendes-spielzeug\\\/\",\"url\":\"https:\\\/\\\/marktxxl.de\\\/markt\\\/produkt\\\/moonkie-baby-stapelbecher-spielzeug-lustiges-paedagogisches-stapelbecher-silikon-weiches-und-zahnendes-spielzeug\\\/\",\"name\":\"Moonkie Baby Stapelbecher Spielzeug, Stapelturm mit 7 Bechern F\u00fcr Babys &amp; Kinder, lustiges p\u00e4dagogisches Stapelbecher\u2026 - Markt-XXL\",\"isPartOf\":{\"@id\":\"https:\\\/\\\/marktxxl.de\\\/markt\\\/#website\"},\"primaryImageOfPage\":{\"@id\":\"https:\\\/\\\/marktxxl.de\\\/markt\\\/produkt\\\/moonkie-baby-stapelbecher-spielzeug-lustiges-paedagogisches-stapelbecher-silikon-weiches-und-zahnendes-spielzeug\\\/#primaryimage\"},\"image\":{\"@id\":\"https:\\\/\\\/marktxxl.de\\\/markt\\\/produkt\\\/moonkie-baby-stapelbecher-spielzeug-lustiges-paedagogisches-stapelbecher-silikon-weiches-und-zahnendes-spielzeug\\\/#primaryimage\"},\"thumbnailUrl\":\"https:\\\/\\\/m.media-amazon.com\\\/images\\\/I\\\/41dn5V1KdPL._SL500_.jpg\",\"datePublished\":\"2022-09-12T01:32:11+00:00\",\"dateModified\":\"2023-04-11T02:29:19+00:00\",\"description\":\"Markt-XXL Moonkie Baby Stapelbecher Spielzeug, Stapelturm mit 7 Bechern F\u00fcr Babys &amp; Kinder, lustiges p\u00e4dagogisches Stapelbecher\u2026\",\"breadcrumb\":{\"@id\":\"https:\\\/\\\/marktxxl.de\\\/markt\\\/produkt\\\/moonkie-baby-stapelbecher-spielzeug-lustiges-paedagogisches-stapelbecher-silikon-weiches-und-zahnendes-spielzeug\\\/#breadcrumb\"},\"inLanguage\":\"de\",\"potentialAction\":[{\"@type\":\"ReadAction\",\"target\":[\"https:\\\/\\\/marktxxl.de\\\/markt\\\/produkt\\\/moonkie-baby-stapelbecher-spielzeug-lustiges-paedagogisches-stapelbecher-silikon-weiches-und-zahnendes-spielzeug\\\/\"]}]},{\"@type\":\"ImageObject\",\"inLanguage\":\"de\",\"@id\":\"https:\\\/\\\/marktxxl.de\\\/markt\\\/produkt\\\/moonkie-baby-stapelbecher-spielzeug-lustiges-paedagogisches-stapelbecher-silikon-weiches-und-zahnendes-spielzeug\\\/#primaryimage\",\"url\":\"https:\\\/\\\/m.media-amazon.com\\\/images\\\/I\\\/41dn5V1KdPL._SL500_.jpg\",\"contentUrl\":\"https:\\\/\\\/m.media-amazon.com\\\/images\\\/I\\\/41dn5V1KdPL._SL500_.jpg\",\"width\":500,\"height\":500},{\"@type\":\"BreadcrumbList\",\"@id\":\"https:\\\/\\\/marktxxl.de\\\/markt\\\/produkt\\\/moonkie-baby-stapelbecher-spielzeug-lustiges-paedagogisches-stapelbecher-silikon-weiches-und-zahnendes-spielzeug\\\/#breadcrumb\",\"itemListElement\":[{\"@type\":\"ListItem\",\"position\":1,\"name\":\"Startseite\",\"item\":\"https:\\\/\\\/marktxxl.de\\\/markt\\\/\"},{\"@type\":\"ListItem\",\"position\":2,\"name\":\"Markt\",\"item\":\"https:\\\/\\\/marktxxl.de\\\/markt\\\/\"},{\"@type\":\"ListItem\",\"position\":3,\"name\":\"Moonkie Baby Stapelbecher Spielzeug, Stapelturm mit 7 Bechern F\u00fcr Babys &amp; Kinder, lustiges p\u00e4dagogisches Stapelbecher\u2026\"}]},{\"@type\":\"WebSite\",\"@id\":\"https:\\\/\\\/marktxxl.de\\\/markt\\\/#website\",\"url\":\"https:\\\/\\\/marktxxl.de\\\/markt\\\/\",\"name\":\"Markt-XXL\",\"description\":\"Ihr Markt Online\",\"publisher\":{\"@id\":\"https:\\\/\\\/marktxxl.de\\\/markt\\\/#organization\"},\"potentialAction\":[{\"@type\":\"SearchAction\",\"target\":{\"@type\":\"EntryPoint\",\"urlTemplate\":\"https:\\\/\\\/marktxxl.de\\\/markt\\\/?s={search_term_string}\"},\"query-input\":{\"@type\":\"PropertyValueSpecification\",\"valueRequired\":true,\"valueName\":\"search_term_string\"}}],\"inLanguage\":\"de\"},{\"@type\":\"Organization\",\"@id\":\"https:\\\/\\\/marktxxl.de\\\/markt\\\/#organization\",\"name\":\"Markt-XXL\",\"url\":\"https:\\\/\\\/marktxxl.de\\\/markt\\\/\",\"logo\":{\"@type\":\"ImageObject\",\"inLanguage\":\"de\",\"@id\":\"https:\\\/\\\/marktxxl.de\\\/markt\\\/#\\\/schema\\\/logo\\\/image\\\/\",\"url\":\"https:\\\/\\\/marktxxl.de\\\/markt\\\/wp-content\\\/uploads\\\/sites\\\/3\\\/2020\\\/12\\\/logo.png\",\"contentUrl\":\"https:\\\/\\\/marktxxl.de\\\/markt\\\/wp-content\\\/uploads\\\/sites\\\/3\\\/2020\\\/12\\\/logo.png\",\"width\":200,\"height\":70,\"caption\":\"Markt-XXL\"},\"image\":{\"@id\":\"https:\\\/\\\/marktxxl.de\\\/markt\\\/#\\\/schema\\\/logo\\\/image\\\/\"}}]}<\/script>\n<!-- \/ Yoast SEO plugin. -->","yoast_head_json":{"title":"Moonkie Baby Stapelbecher Spielzeug, Stapelturm mit 7 Bechern F\u00fcr Babys &amp; Kinder, lustiges p\u00e4dagogisches Stapelbecher\u2026 - Markt-XXL","description":"Markt-XXL Moonkie Baby Stapelbecher Spielzeug, Stapelturm mit 7 Bechern F\u00fcr Babys &amp; Kinder, lustiges p\u00e4dagogisches Stapelbecher\u2026","robots":{"index":"index","follow":"follow","max-snippet":"max-snippet:-1","max-image-preview":"max-image-preview:large","max-video-preview":"max-video-preview:-1"},"canonical":"https:\/\/marktxxl.de\/markt\/produkt\/moonkie-baby-stapelbecher-spielzeug-lustiges-paedagogisches-stapelbecher-silikon-weiches-und-zahnendes-spielzeug\/","og_locale":"de_DE","og_type":"article","og_title":"Moonkie Baby Stapelbecher Spielzeug, Stapelturm mit 7 Bechern F\u00fcr Babys &amp; Kinder, lustiges p\u00e4dagogisches Stapelbecher\u2026 - Markt-XXL","og_description":"Markt-XXL Moonkie Baby Stapelbecher Spielzeug, Stapelturm mit 7 Bechern F\u00fcr Babys &amp; Kinder, lustiges p\u00e4dagogisches Stapelbecher\u2026","og_url":"https:\/\/marktxxl.de\/markt\/produkt\/moonkie-baby-stapelbecher-spielzeug-lustiges-paedagogisches-stapelbecher-silikon-weiches-und-zahnendes-spielzeug\/","og_site_name":"Markt-XXL","article_modified_time":"2023-04-11T02:29:19+00:00","og_image":[{"width":500,"height":500,"url":"https:\/\/m.media-amazon.com\/images\/I\/41dn5V1KdPL._SL500_.jpg","type":"image\/jpeg"}],"twitter_card":"summary_large_image","twitter_misc":{"Gesch\u00e4tzte Lesezeit":"1\u00a0Minute"},"schema":{"@context":"https:\/\/schema.org","@graph":[{"@type":"WebPage","@id":"https:\/\/marktxxl.de\/markt\/produkt\/moonkie-baby-stapelbecher-spielzeug-lustiges-paedagogisches-stapelbecher-silikon-weiches-und-zahnendes-spielzeug\/","url":"https:\/\/marktxxl.de\/markt\/produkt\/moonkie-baby-stapelbecher-spielzeug-lustiges-paedagogisches-stapelbecher-silikon-weiches-und-zahnendes-spielzeug\/","name":"Moonkie Baby Stapelbecher Spielzeug, Stapelturm mit 7 Bechern F\u00fcr Babys &amp; Kinder, lustiges p\u00e4dagogisches Stapelbecher\u2026 - Markt-XXL","isPartOf":{"@id":"https:\/\/marktxxl.de\/markt\/#website"},"primaryImageOfPage":{"@id":"https:\/\/marktxxl.de\/markt\/produkt\/moonkie-baby-stapelbecher-spielzeug-lustiges-paedagogisches-stapelbecher-silikon-weiches-und-zahnendes-spielzeug\/#primaryimage"},"image":{"@id":"https:\/\/marktxxl.de\/markt\/produkt\/moonkie-baby-stapelbecher-spielzeug-lustiges-paedagogisches-stapelbecher-silikon-weiches-und-zahnendes-spielzeug\/#primaryimage"},"thumbnailUrl":"https:\/\/m.media-amazon.com\/images\/I\/41dn5V1KdPL._SL500_.jpg","datePublished":"2022-09-12T01:32:11+00:00","dateModified":"2023-04-11T02:29:19+00:00","description":"Markt-XXL Moonkie Baby Stapelbecher Spielzeug, Stapelturm mit 7 Bechern F\u00fcr Babys &amp; Kinder, lustiges p\u00e4dagogisches Stapelbecher\u2026","breadcrumb":{"@id":"https:\/\/marktxxl.de\/markt\/produkt\/moonkie-baby-stapelbecher-spielzeug-lustiges-paedagogisches-stapelbecher-silikon-weiches-und-zahnendes-spielzeug\/#breadcrumb"},"inLanguage":"de","potentialAction":[{"@type":"ReadAction","target":["https:\/\/marktxxl.de\/markt\/produkt\/moonkie-baby-stapelbecher-spielzeug-lustiges-paedagogisches-stapelbecher-silikon-weiches-und-zahnendes-spielzeug\/"]}]},{"@type":"ImageObject","inLanguage":"de","@id":"https:\/\/marktxxl.de\/markt\/produkt\/moonkie-baby-stapelbecher-spielzeug-lustiges-paedagogisches-stapelbecher-silikon-weiches-und-zahnendes-spielzeug\/#primaryimage","url":"https:\/\/m.media-amazon.com\/images\/I\/41dn5V1KdPL._SL500_.jpg","contentUrl":"https:\/\/m.media-amazon.com\/images\/I\/41dn5V1KdPL._SL500_.jpg","width":500,"height":500},{"@type":"BreadcrumbList","@id":"https:\/\/marktxxl.de\/markt\/produkt\/moonkie-baby-stapelbecher-spielzeug-lustiges-paedagogisches-stapelbecher-silikon-weiches-und-zahnendes-spielzeug\/#breadcrumb","itemListElement":[{"@type":"ListItem","position":1,"name":"Startseite","item":"https:\/\/marktxxl.de\/markt\/"},{"@type":"ListItem","position":2,"name":"Markt","item":"https:\/\/marktxxl.de\/markt\/"},{"@type":"ListItem","position":3,"name":"Moonkie Baby Stapelbecher Spielzeug, Stapelturm mit 7 Bechern F\u00fcr Babys &amp; Kinder, lustiges p\u00e4dagogisches Stapelbecher\u2026"}]},{"@type":"WebSite","@id":"https:\/\/marktxxl.de\/markt\/#website","url":"https:\/\/marktxxl.de\/markt\/","name":"Markt-XXL","description":"Ihr Markt Online","publisher":{"@id":"https:\/\/marktxxl.de\/markt\/#organization"},"potentialAction":[{"@type":"SearchAction","target":{"@type":"EntryPoint","urlTemplate":"https:\/\/marktxxl.de\/markt\/?s={search_term_string}"},"query-input":{"@type":"PropertyValueSpecification","valueRequired":true,"valueName":"search_term_string"}}],"inLanguage":"de"},{"@type":"Organization","@id":"https:\/\/marktxxl.de\/markt\/#organization","name":"Markt-XXL","url":"https:\/\/marktxxl.de\/markt\/","logo":{"@type":"ImageObject","inLanguage":"de","@id":"https:\/\/marktxxl.de\/markt\/#\/schema\/logo\/image\/","url":"https:\/\/marktxxl.de\/markt\/wp-content\/uploads\/sites\/3\/2020\/12\/logo.png","contentUrl":"https:\/\/marktxxl.de\/markt\/wp-content\/uploads\/sites\/3\/2020\/12\/logo.png","width":200,"height":70,"caption":"Markt-XXL"},"image":{"@id":"https:\/\/marktxxl.de\/markt\/#\/schema\/logo\/image\/"}}]}},"_links":{"self":[{"href":"https:\/\/marktxxl.de\/markt\/wp-json\/wp\/v2\/product\/149840","targetHints":{"allow":["GET"]}}],"collection":[{"href":"https:\/\/marktxxl.de\/markt\/wp-json\/wp\/v2\/product"}],"about":[{"href":"https:\/\/marktxxl.de\/markt\/wp-json\/wp\/v2\/types\/product"}],"replies":[{"embeddable":true,"href":"https:\/\/marktxxl.de\/markt\/wp-json\/wp\/v2\/comments?post=149840"}],"wp:featuredmedia":[{"embeddable":true,"href":"https:\/\/marktxxl.de\/markt\/wp-json\/wp\/v2\/media\/149841"}],"wp:attachment":[{"href":"https:\/\/marktxxl.de\/markt\/wp-json\/wp\/v2\/media?parent=149840"}],"wp:term":[{"taxonomy":"product_brand","embeddable":true,"href":"https:\/\/marktxxl.de\/markt\/wp-json\/wp\/v2\/product_brand?post=149840"},{"taxonomy":"product_cat","embeddable":true,"href":"https:\/\/marktxxl.de\/markt\/wp-json\/wp\/v2\/product_cat?post=149840"},{"taxonomy":"product_tag","embeddable":true,"href":"https:\/\/marktxxl.de\/markt\/wp-json\/wp\/v2\/product_tag?post=149840"}],"curies":[{"name":"wp","href":"https:\/\/api.w.org\/{rel}","templated":true}]}}