{"id":149788,"date":"2022-09-12T03:23:28","date_gmt":"2022-09-12T01:23:28","guid":{"rendered":"https:\/\/marktxxl.de\/markt\/produkt\/wandtattoofellnasen-futterplatz-katze-tiere-verschiedene-groesse-und-farben-zur-auswahl\/"},"modified":"2023-04-11T04:29:17","modified_gmt":"2023-04-11T02:29:17","slug":"wandtattoofellnasen-futterplatz-katze-tiere-verschiedene-groesse-und-farben-zur-auswahl","status":"publish","type":"product","link":"https:\/\/marktxxl.de\/markt\/produkt\/wandtattoofellnasen-futterplatz-katze-tiere-verschiedene-groesse-und-farben-zur-auswahl\/","title":{"rendered":"blattwerk-design Wandtattoo,Fellnasen Futterplatz, Katze, Tiere, Verschiedene Gr\u00f6\u00dfe und Farben zur Auswahl (M010 Wei\u00df\u2026"},"content":{"rendered":"<p>aus Folie ORACAL<br \/>\nmit \u00dcbertragungstape LT95<br \/>\nACHTUNG ! Sehr W I C H T I G ! Das Original Design dieses Produktes ist nur bei die-folie und blattwerk-design erh\u00e4ltlich. Die Verwendung unserer Marke sowie die Nutzung unserer Entw\u00fcrfe und Produktbilder ist Dritten nicht gestattet. Unsere Waren werden ausschlie\u00dflich in Deutschland produziert und hergestellt. Wir haben keine Verbindung zu China. Bitte beachten Sie, dass diese H\u00e4ndler ohne Impressum und Kontaktdaten anbieten. Momentan sind es die Anbieter kfcklpe, tellMeo,CCouqi und es kommen jeden Tag neue hinzu. Diese Anbieter bieten unsere Produkte (wozu sie keine Berechtigung haben) zun einem extrem g\u00fcnstigen Preis an, aber mit hohen Versandkosten und langen Lieferzeiten. Bitte achten Sie unbedingt darauf, dass die-folie und blattwerk-design im Einkaufswagenfeld erscheint, nur dann kaufen sie das Orginalprodukt bei uns in hoher Qualit\u00e4t und mit kurzer Lieferzeit. Wir fertigen f\u00fcr sie hochwertige Wandtattoos aus seidenmatter Qualit\u00e4tsfolie. All unsere Wandaufkleber werden vom Entwurf bis zum fertigen Produkt von uns in Deutschland f\u00fcr sie hergestellt. 100% raufasertauglich und r\u00fcckstandslos entfernbar. Unsere Wandtattoos sind geeignet f\u00fcr Untergr\u00fcnde wie: Raufaser, Tapete, Metall, Glas, Kunststoff, Fliesen, M\u00f6bel und sogar Putz mit feiner K\u00f6rnung. Die Untergr\u00fcnde sollten latex- und silikonfrei sein. Zum Lieferumfang geh\u00f6ren: Ihr Wandtattoo, Klebeanleitung, s\u00fc\u00dfer Probeaufkleber und Gutschein f\u00fcr den n\u00e4chsten Einkauf. Bei Fragen kontaktieren sie uns unter: info@blattwerk-design.de<br \/>\n<div class=\"main-cross-sell\" data-asin=\"B00P83MHVY\">\n\n\t<div class=\"WooZone-cross-sell-loader\">\n\t\t<div>\n\t\t\t<div id=\"floatingBarsG\">\n\t\t\t\t<div class=\"blockG\" id=\"rotateG_01\"><\/div>\n\t\t\t\t<div class=\"blockG\" id=\"rotateG_02\"><\/div>\n\t\t\t\t<div class=\"blockG\" id=\"rotateG_03\"><\/div>\n\t\t\t\t<div class=\"blockG\" id=\"rotateG_04\"><\/div>\n\t\t\t\t<div class=\"blockG\" id=\"rotateG_05\"><\/div>\n\t\t\t\t<div class=\"blockG\" id=\"rotateG_06\"><\/div>\n\t\t\t\t<div class=\"blockG\" id=\"rotateG_07\"><\/div>\n\t\t\t\t<div class=\"blockG\" id=\"rotateG_08\"><\/div>\n\t\t\t<\/div>\n\t\t\t<div class=\"WooZone-cross-sell-loader-text\"><\/div>\n\t\t<\/div>\n\t<\/div>\n\n\t\t\n<\/div>\n<div style=\"clear:both;\"><\/div><\/p>\n","protected":false},"excerpt":{"rendered":"<p>aus Folie ORACAL<br \/>\nmit \u00dcbertragungstape LT95<br \/>\nACHTUNG ! Sehr W I C H T I G ! Das Original Design dieses Produktes ist nur bei die-folie und blattwerk-design erh\u00e4ltlich. Die Verwendung unserer Marke sowie die Nutzung unserer Entw\u00fcrfe und Produktbilder ist Dritten nicht gestattet. Unsere Waren werden ausschlie\u00dflich in Deutschland produziert und hergestellt. Wir haben keine Verbindung zu China. Bitte beachten Sie, dass diese H\u00e4ndler ohne Impressum und Kontaktdaten anbieten. Momentan sind es die Anbieter kfcklpe, tellMeo,CCouqi und es kommen jeden Tag neue hinzu. Diese Anbieter bieten unsere Produkte (wozu sie keine Berechtigung haben) zun einem extrem g\u00fcnstigen Preis an, aber mit hohen Versandkosten und langen Lieferzeiten. Bitte achten Sie unbedingt darauf, dass die-folie und blattwerk-design im Einkaufswagenfeld erscheint, nur dann kaufen sie das Orginalprodukt bei uns in hoher Qualit\u00e4t und mit kurzer Lieferzeit. Wir fertigen f\u00fcr sie hochwertige Wandtattoos aus seidenmatter Qualit\u00e4tsfolie. All unsere Wandaufkleber werden vom Entwurf bis zum fertigen Produkt von uns in Deutschland f\u00fcr sie hergestellt. 100% raufasertauglich und r\u00fcckstandslos entfernbar. Unsere Wandtattoos sind geeignet f\u00fcr Untergr\u00fcnde wie: Raufaser, Tapete, Metall, Glas, Kunststoff, Fliesen, M\u00f6bel und sogar Putz mit feiner K\u00f6rnung. Die Untergr\u00fcnde sollten latex- und silikonfrei sein. Zum Lieferumfang geh\u00f6ren: Ihr Wandtattoo, Klebeanleitung, s\u00fc\u00dfer Probeaufkleber und Gutschein f\u00fcr den n\u00e4chsten Einkauf. Bei Fragen kontaktieren sie uns unter: info@blattwerk-design.de<\/p>\n","protected":false},"featured_media":149789,"comment_status":"open","ping_status":"closed","template":"","meta":[],"product_brand":[],"product_cat":[1983,11212],"product_tag":[],"class_list":{"0":"post-149788","1":"product","2":"type-product","3":"status-publish","4":"has-post-thumbnail","6":"product_cat-baumarkt","7":"product_cat-malerbedarf-werkzeuge-tapeten","8":"pa_brand-blattwerk-design","9":"pa_manufacturer-blattwerk-design-gmbh","11":"first","12":"instock","13":"shipping-taxable","14":"purchasable","15":"product-type-simple","16":"customify-col","17":"product-has-gallery"},"yoast_head":"<!-- This site is optimized with the Yoast SEO plugin v27.4 - https:\/\/yoast.com\/product\/yoast-seo-wordpress\/ -->\n<title>blattwerk-design Wandtattoo,Fellnasen Futterplatz, Katze, Tiere, Verschiedene Gr\u00f6\u00dfe und Farben zur Auswahl (M010 Wei\u00df\u2026 - Markt-XXL<\/title>\n<meta name=\"description\" content=\"Markt-XXL blattwerk-design Wandtattoo,Fellnasen Futterplatz, Katze, Tiere, Verschiedene Gr\u00f6\u00dfe und Farben zur Auswahl (M010 Wei\u00df\u2026\" \/>\n<meta name=\"robots\" content=\"index, follow, max-snippet:-1, max-image-preview:large, max-video-preview:-1\" \/>\n<link rel=\"canonical\" href=\"https:\/\/marktxxl.de\/markt\/produkt\/wandtattoofellnasen-futterplatz-katze-tiere-verschiedene-groesse-und-farben-zur-auswahl\/\" \/>\n<meta property=\"og:locale\" content=\"de_DE\" \/>\n<meta property=\"og:type\" content=\"article\" \/>\n<meta property=\"og:title\" content=\"blattwerk-design Wandtattoo,Fellnasen Futterplatz, Katze, Tiere, Verschiedene Gr\u00f6\u00dfe und Farben zur Auswahl (M010 Wei\u00df\u2026 - Markt-XXL\" \/>\n<meta property=\"og:description\" content=\"Markt-XXL blattwerk-design Wandtattoo,Fellnasen Futterplatz, Katze, Tiere, Verschiedene Gr\u00f6\u00dfe und Farben zur Auswahl (M010 Wei\u00df\u2026\" \/>\n<meta property=\"og:url\" content=\"https:\/\/marktxxl.de\/markt\/produkt\/wandtattoofellnasen-futterplatz-katze-tiere-verschiedene-groesse-und-farben-zur-auswahl\/\" \/>\n<meta property=\"og:site_name\" content=\"Markt-XXL\" \/>\n<meta property=\"article:modified_time\" content=\"2023-04-11T02:29:17+00:00\" \/>\n<meta property=\"og:image\" content=\"https:\/\/m.media-amazon.com\/images\/I\/41Dj6R4-8tL._SL500_.jpg\" \/>\n\t<meta property=\"og:image:width\" content=\"500\" \/>\n\t<meta property=\"og:image:height\" content=\"332\" \/>\n\t<meta property=\"og:image:type\" content=\"image\/jpeg\" \/>\n<meta name=\"twitter:card\" content=\"summary_large_image\" \/>\n<meta name=\"twitter:label1\" content=\"Gesch\u00e4tzte Lesezeit\" \/>\n\t<meta name=\"twitter:data1\" content=\"1\u00a0Minute\" \/>\n<script type=\"application\/ld+json\" class=\"yoast-schema-graph\">{\"@context\":\"https:\\\/\\\/schema.org\",\"@graph\":[{\"@type\":\"WebPage\",\"@id\":\"https:\\\/\\\/marktxxl.de\\\/markt\\\/produkt\\\/wandtattoofellnasen-futterplatz-katze-tiere-verschiedene-groesse-und-farben-zur-auswahl\\\/\",\"url\":\"https:\\\/\\\/marktxxl.de\\\/markt\\\/produkt\\\/wandtattoofellnasen-futterplatz-katze-tiere-verschiedene-groesse-und-farben-zur-auswahl\\\/\",\"name\":\"blattwerk-design Wandtattoo,Fellnasen Futterplatz, Katze, Tiere, Verschiedene Gr\u00f6\u00dfe und Farben zur Auswahl (M010 Wei\u00df\u2026 - Markt-XXL\",\"isPartOf\":{\"@id\":\"https:\\\/\\\/marktxxl.de\\\/markt\\\/#website\"},\"primaryImageOfPage\":{\"@id\":\"https:\\\/\\\/marktxxl.de\\\/markt\\\/produkt\\\/wandtattoofellnasen-futterplatz-katze-tiere-verschiedene-groesse-und-farben-zur-auswahl\\\/#primaryimage\"},\"image\":{\"@id\":\"https:\\\/\\\/marktxxl.de\\\/markt\\\/produkt\\\/wandtattoofellnasen-futterplatz-katze-tiere-verschiedene-groesse-und-farben-zur-auswahl\\\/#primaryimage\"},\"thumbnailUrl\":\"https:\\\/\\\/m.media-amazon.com\\\/images\\\/I\\\/41Dj6R4-8tL._SL500_.jpg\",\"datePublished\":\"2022-09-12T01:23:28+00:00\",\"dateModified\":\"2023-04-11T02:29:17+00:00\",\"description\":\"Markt-XXL blattwerk-design Wandtattoo,Fellnasen Futterplatz, Katze, Tiere, Verschiedene Gr\u00f6\u00dfe und Farben zur Auswahl (M010 Wei\u00df\u2026\",\"breadcrumb\":{\"@id\":\"https:\\\/\\\/marktxxl.de\\\/markt\\\/produkt\\\/wandtattoofellnasen-futterplatz-katze-tiere-verschiedene-groesse-und-farben-zur-auswahl\\\/#breadcrumb\"},\"inLanguage\":\"de\",\"potentialAction\":[{\"@type\":\"ReadAction\",\"target\":[\"https:\\\/\\\/marktxxl.de\\\/markt\\\/produkt\\\/wandtattoofellnasen-futterplatz-katze-tiere-verschiedene-groesse-und-farben-zur-auswahl\\\/\"]}]},{\"@type\":\"ImageObject\",\"inLanguage\":\"de\",\"@id\":\"https:\\\/\\\/marktxxl.de\\\/markt\\\/produkt\\\/wandtattoofellnasen-futterplatz-katze-tiere-verschiedene-groesse-und-farben-zur-auswahl\\\/#primaryimage\",\"url\":\"https:\\\/\\\/m.media-amazon.com\\\/images\\\/I\\\/41Dj6R4-8tL._SL500_.jpg\",\"contentUrl\":\"https:\\\/\\\/m.media-amazon.com\\\/images\\\/I\\\/41Dj6R4-8tL._SL500_.jpg\",\"width\":500,\"height\":332},{\"@type\":\"BreadcrumbList\",\"@id\":\"https:\\\/\\\/marktxxl.de\\\/markt\\\/produkt\\\/wandtattoofellnasen-futterplatz-katze-tiere-verschiedene-groesse-und-farben-zur-auswahl\\\/#breadcrumb\",\"itemListElement\":[{\"@type\":\"ListItem\",\"position\":1,\"name\":\"Startseite\",\"item\":\"https:\\\/\\\/marktxxl.de\\\/markt\\\/\"},{\"@type\":\"ListItem\",\"position\":2,\"name\":\"Markt\",\"item\":\"https:\\\/\\\/marktxxl.de\\\/markt\\\/\"},{\"@type\":\"ListItem\",\"position\":3,\"name\":\"blattwerk-design Wandtattoo,Fellnasen Futterplatz, Katze, Tiere, Verschiedene Gr\u00f6\u00dfe und Farben zur Auswahl (M010 Wei\u00df\u2026\"}]},{\"@type\":\"WebSite\",\"@id\":\"https:\\\/\\\/marktxxl.de\\\/markt\\\/#website\",\"url\":\"https:\\\/\\\/marktxxl.de\\\/markt\\\/\",\"name\":\"Markt-XXL\",\"description\":\"Ihr Markt Online\",\"publisher\":{\"@id\":\"https:\\\/\\\/marktxxl.de\\\/markt\\\/#organization\"},\"potentialAction\":[{\"@type\":\"SearchAction\",\"target\":{\"@type\":\"EntryPoint\",\"urlTemplate\":\"https:\\\/\\\/marktxxl.de\\\/markt\\\/?s={search_term_string}\"},\"query-input\":{\"@type\":\"PropertyValueSpecification\",\"valueRequired\":true,\"valueName\":\"search_term_string\"}}],\"inLanguage\":\"de\"},{\"@type\":\"Organization\",\"@id\":\"https:\\\/\\\/marktxxl.de\\\/markt\\\/#organization\",\"name\":\"Markt-XXL\",\"url\":\"https:\\\/\\\/marktxxl.de\\\/markt\\\/\",\"logo\":{\"@type\":\"ImageObject\",\"inLanguage\":\"de\",\"@id\":\"https:\\\/\\\/marktxxl.de\\\/markt\\\/#\\\/schema\\\/logo\\\/image\\\/\",\"url\":\"https:\\\/\\\/marktxxl.de\\\/markt\\\/wp-content\\\/uploads\\\/sites\\\/3\\\/2020\\\/12\\\/logo.png\",\"contentUrl\":\"https:\\\/\\\/marktxxl.de\\\/markt\\\/wp-content\\\/uploads\\\/sites\\\/3\\\/2020\\\/12\\\/logo.png\",\"width\":200,\"height\":70,\"caption\":\"Markt-XXL\"},\"image\":{\"@id\":\"https:\\\/\\\/marktxxl.de\\\/markt\\\/#\\\/schema\\\/logo\\\/image\\\/\"}}]}<\/script>\n<!-- \/ Yoast SEO plugin. -->","yoast_head_json":{"title":"blattwerk-design Wandtattoo,Fellnasen Futterplatz, Katze, Tiere, Verschiedene Gr\u00f6\u00dfe und Farben zur Auswahl (M010 Wei\u00df\u2026 - Markt-XXL","description":"Markt-XXL blattwerk-design Wandtattoo,Fellnasen Futterplatz, Katze, Tiere, Verschiedene Gr\u00f6\u00dfe und Farben zur Auswahl (M010 Wei\u00df\u2026","robots":{"index":"index","follow":"follow","max-snippet":"max-snippet:-1","max-image-preview":"max-image-preview:large","max-video-preview":"max-video-preview:-1"},"canonical":"https:\/\/marktxxl.de\/markt\/produkt\/wandtattoofellnasen-futterplatz-katze-tiere-verschiedene-groesse-und-farben-zur-auswahl\/","og_locale":"de_DE","og_type":"article","og_title":"blattwerk-design Wandtattoo,Fellnasen Futterplatz, Katze, Tiere, Verschiedene Gr\u00f6\u00dfe und Farben zur Auswahl (M010 Wei\u00df\u2026 - Markt-XXL","og_description":"Markt-XXL blattwerk-design Wandtattoo,Fellnasen Futterplatz, Katze, Tiere, Verschiedene Gr\u00f6\u00dfe und Farben zur Auswahl (M010 Wei\u00df\u2026","og_url":"https:\/\/marktxxl.de\/markt\/produkt\/wandtattoofellnasen-futterplatz-katze-tiere-verschiedene-groesse-und-farben-zur-auswahl\/","og_site_name":"Markt-XXL","article_modified_time":"2023-04-11T02:29:17+00:00","og_image":[{"width":500,"height":332,"url":"https:\/\/m.media-amazon.com\/images\/I\/41Dj6R4-8tL._SL500_.jpg","type":"image\/jpeg"}],"twitter_card":"summary_large_image","twitter_misc":{"Gesch\u00e4tzte Lesezeit":"1\u00a0Minute"},"schema":{"@context":"https:\/\/schema.org","@graph":[{"@type":"WebPage","@id":"https:\/\/marktxxl.de\/markt\/produkt\/wandtattoofellnasen-futterplatz-katze-tiere-verschiedene-groesse-und-farben-zur-auswahl\/","url":"https:\/\/marktxxl.de\/markt\/produkt\/wandtattoofellnasen-futterplatz-katze-tiere-verschiedene-groesse-und-farben-zur-auswahl\/","name":"blattwerk-design Wandtattoo,Fellnasen Futterplatz, Katze, Tiere, Verschiedene Gr\u00f6\u00dfe und Farben zur Auswahl (M010 Wei\u00df\u2026 - Markt-XXL","isPartOf":{"@id":"https:\/\/marktxxl.de\/markt\/#website"},"primaryImageOfPage":{"@id":"https:\/\/marktxxl.de\/markt\/produkt\/wandtattoofellnasen-futterplatz-katze-tiere-verschiedene-groesse-und-farben-zur-auswahl\/#primaryimage"},"image":{"@id":"https:\/\/marktxxl.de\/markt\/produkt\/wandtattoofellnasen-futterplatz-katze-tiere-verschiedene-groesse-und-farben-zur-auswahl\/#primaryimage"},"thumbnailUrl":"https:\/\/m.media-amazon.com\/images\/I\/41Dj6R4-8tL._SL500_.jpg","datePublished":"2022-09-12T01:23:28+00:00","dateModified":"2023-04-11T02:29:17+00:00","description":"Markt-XXL blattwerk-design Wandtattoo,Fellnasen Futterplatz, Katze, Tiere, Verschiedene Gr\u00f6\u00dfe und Farben zur Auswahl (M010 Wei\u00df\u2026","breadcrumb":{"@id":"https:\/\/marktxxl.de\/markt\/produkt\/wandtattoofellnasen-futterplatz-katze-tiere-verschiedene-groesse-und-farben-zur-auswahl\/#breadcrumb"},"inLanguage":"de","potentialAction":[{"@type":"ReadAction","target":["https:\/\/marktxxl.de\/markt\/produkt\/wandtattoofellnasen-futterplatz-katze-tiere-verschiedene-groesse-und-farben-zur-auswahl\/"]}]},{"@type":"ImageObject","inLanguage":"de","@id":"https:\/\/marktxxl.de\/markt\/produkt\/wandtattoofellnasen-futterplatz-katze-tiere-verschiedene-groesse-und-farben-zur-auswahl\/#primaryimage","url":"https:\/\/m.media-amazon.com\/images\/I\/41Dj6R4-8tL._SL500_.jpg","contentUrl":"https:\/\/m.media-amazon.com\/images\/I\/41Dj6R4-8tL._SL500_.jpg","width":500,"height":332},{"@type":"BreadcrumbList","@id":"https:\/\/marktxxl.de\/markt\/produkt\/wandtattoofellnasen-futterplatz-katze-tiere-verschiedene-groesse-und-farben-zur-auswahl\/#breadcrumb","itemListElement":[{"@type":"ListItem","position":1,"name":"Startseite","item":"https:\/\/marktxxl.de\/markt\/"},{"@type":"ListItem","position":2,"name":"Markt","item":"https:\/\/marktxxl.de\/markt\/"},{"@type":"ListItem","position":3,"name":"blattwerk-design Wandtattoo,Fellnasen Futterplatz, Katze, Tiere, Verschiedene Gr\u00f6\u00dfe und Farben zur Auswahl (M010 Wei\u00df\u2026"}]},{"@type":"WebSite","@id":"https:\/\/marktxxl.de\/markt\/#website","url":"https:\/\/marktxxl.de\/markt\/","name":"Markt-XXL","description":"Ihr Markt Online","publisher":{"@id":"https:\/\/marktxxl.de\/markt\/#organization"},"potentialAction":[{"@type":"SearchAction","target":{"@type":"EntryPoint","urlTemplate":"https:\/\/marktxxl.de\/markt\/?s={search_term_string}"},"query-input":{"@type":"PropertyValueSpecification","valueRequired":true,"valueName":"search_term_string"}}],"inLanguage":"de"},{"@type":"Organization","@id":"https:\/\/marktxxl.de\/markt\/#organization","name":"Markt-XXL","url":"https:\/\/marktxxl.de\/markt\/","logo":{"@type":"ImageObject","inLanguage":"de","@id":"https:\/\/marktxxl.de\/markt\/#\/schema\/logo\/image\/","url":"https:\/\/marktxxl.de\/markt\/wp-content\/uploads\/sites\/3\/2020\/12\/logo.png","contentUrl":"https:\/\/marktxxl.de\/markt\/wp-content\/uploads\/sites\/3\/2020\/12\/logo.png","width":200,"height":70,"caption":"Markt-XXL"},"image":{"@id":"https:\/\/marktxxl.de\/markt\/#\/schema\/logo\/image\/"}}]}},"_links":{"self":[{"href":"https:\/\/marktxxl.de\/markt\/wp-json\/wp\/v2\/product\/149788","targetHints":{"allow":["GET"]}}],"collection":[{"href":"https:\/\/marktxxl.de\/markt\/wp-json\/wp\/v2\/product"}],"about":[{"href":"https:\/\/marktxxl.de\/markt\/wp-json\/wp\/v2\/types\/product"}],"replies":[{"embeddable":true,"href":"https:\/\/marktxxl.de\/markt\/wp-json\/wp\/v2\/comments?post=149788"}],"wp:featuredmedia":[{"embeddable":true,"href":"https:\/\/marktxxl.de\/markt\/wp-json\/wp\/v2\/media\/149789"}],"wp:attachment":[{"href":"https:\/\/marktxxl.de\/markt\/wp-json\/wp\/v2\/media?parent=149788"}],"wp:term":[{"taxonomy":"product_brand","embeddable":true,"href":"https:\/\/marktxxl.de\/markt\/wp-json\/wp\/v2\/product_brand?post=149788"},{"taxonomy":"product_cat","embeddable":true,"href":"https:\/\/marktxxl.de\/markt\/wp-json\/wp\/v2\/product_cat?post=149788"},{"taxonomy":"product_tag","embeddable":true,"href":"https:\/\/marktxxl.de\/markt\/wp-json\/wp\/v2\/product_tag?post=149788"}],"curies":[{"name":"wp","href":"https:\/\/api.w.org\/{rel}","templated":true}]}}