{"id":149701,"date":"2022-09-12T03:19:26","date_gmt":"2022-09-12T01:19:26","guid":{"rendered":"https:\/\/marktxxl.de\/markt\/produkt\/fahrzeugteile-hoffmann-3-stueck-dc-zinc-primer-400ml-97-bis-300c-grundierung-rostschutz-zinkspray\/"},"modified":"2023-04-11T04:29:15","modified_gmt":"2023-04-11T02:29:15","slug":"fahrzeugteile-hoffmann-3-stueck-dc-zinc-primer-400ml-97-bis-300c-grundierung-rostschutz-zinkspray","status":"publish","type":"product","link":"https:\/\/marktxxl.de\/markt\/produkt\/fahrzeugteile-hoffmann-3-stueck-dc-zinc-primer-400ml-97-bis-300c-grundierung-rostschutz-zinkspray\/","title":{"rendered":"Fahrzeugteile Hoffmann 3 St\u00fcck DC ZINC Primer 400ml 97% bis 300\u00b0C Grundierung Rostschutz Zinkspray"},"content":{"rendered":"<p>Grundierung mit hohem (97%) Zinkstaub-Anteil im Trockenfilm<br \/>\nEntwickelt um Oberfl\u00e4chen aus Eisen und Stahl zu sch\u00fctzen, Bestens geeignet f\u00fcr Handwerksarbeiten, z.B. Schwei\u00dfen, Aber auch in der Industrie zum Rostschutz. Perfekte Grundierung f\u00fcr Werkst\u00fccke, welche Wasser oder Witterungseinfl\u00fcssen ausgesetzt sind<br \/>\nHinweis: Vertr\u00e4glich mit allen Lacken (Kunstharz, Acryl oder Nitrokombinationen) wasser- und l\u00f6semittelbasiert.<br \/>\nErzeugt eine harte Beschichtung mit 97% purem Zinkstaub-Anteil im Trockenfilm Rostschutz-Eigenschaften Wetter- und UV-best\u00e4ndig Temperaturbest\u00e4ndig bis 300\u00b0C Gute F\u00fclleigenschaften Punkt-schwei\u00dfbar<br \/>\nKurze Trocknungszeit von 10-15 Minuten Ber\u00fchrungstrocken: 30-40min, ausgeh\u00e4rtet nach 24h Ergiebigkeit 400ml: 1,5-2m\u00b2 (in Anh\u00e4ngigkeit von Untergrund und Farbe) Farbe: Aluminium-matt F\u00fcr Innen- oder Au\u00dfenanwendung Inhalt: 400ml<br \/>\n<div class=\"main-cross-sell\" data-asin=\"B074WX2C87\">\n\n\t<div class=\"WooZone-cross-sell-loader\">\n\t\t<div>\n\t\t\t<div id=\"floatingBarsG\">\n\t\t\t\t<div class=\"blockG\" id=\"rotateG_01\"><\/div>\n\t\t\t\t<div class=\"blockG\" id=\"rotateG_02\"><\/div>\n\t\t\t\t<div class=\"blockG\" id=\"rotateG_03\"><\/div>\n\t\t\t\t<div class=\"blockG\" id=\"rotateG_04\"><\/div>\n\t\t\t\t<div class=\"blockG\" id=\"rotateG_05\"><\/div>\n\t\t\t\t<div class=\"blockG\" id=\"rotateG_06\"><\/div>\n\t\t\t\t<div class=\"blockG\" id=\"rotateG_07\"><\/div>\n\t\t\t\t<div class=\"blockG\" id=\"rotateG_08\"><\/div>\n\t\t\t<\/div>\n\t\t\t<div class=\"WooZone-cross-sell-loader-text\"><\/div>\n\t\t<\/div>\n\t<\/div>\n\n\t\t\n<\/div>\n<div style=\"clear:both;\"><\/div><\/p>\n","protected":false},"excerpt":{"rendered":"<p>Grundierung mit hohem (97%) Zinkstaub-Anteil im Trockenfilm<br \/>\nEntwickelt um Oberfl\u00e4chen aus Eisen und Stahl zu sch\u00fctzen, Bestens geeignet f\u00fcr Handwerksarbeiten, z.B. Schwei\u00dfen, Aber auch in der Industrie zum Rostschutz. Perfekte Grundierung f\u00fcr Werkst\u00fccke, welche Wasser oder Witterungseinfl\u00fcssen ausgesetzt sind<br \/>\nHinweis: Vertr\u00e4glich mit allen Lacken (Kunstharz, Acryl oder Nitrokombinationen) wasser- und l\u00f6semittelbasiert.<\/p>\n","protected":false},"featured_media":149702,"comment_status":"open","ping_status":"closed","template":"","meta":[],"product_brand":[],"product_cat":[1983,11212],"product_tag":[],"class_list":{"0":"post-149701","1":"product","2":"type-product","3":"status-publish","4":"has-post-thumbnail","6":"product_cat-baumarkt","7":"product_cat-malerbedarf-werkzeuge-tapeten","8":"pa_brand-fahrzeugteile-hoffmann","9":"pa_manufacturer-fahrzeugteile-hoffmann","10":"pa_size-400-ml-3er-pack","12":"first","13":"instock","14":"shipping-taxable","15":"purchasable","16":"product-type-simple","17":"customify-col","18":"product-has-gallery"},"yoast_head":"<!-- This site is optimized with the Yoast SEO plugin v27.3 - https:\/\/yoast.com\/product\/yoast-seo-wordpress\/ -->\n<title>Fahrzeugteile Hoffmann 3 St\u00fcck DC ZINC Primer 400ml 97% bis 300\u00b0C Grundierung Rostschutz Zinkspray - Markt-XXL<\/title>\n<meta name=\"description\" content=\"Markt-XXL Fahrzeugteile Hoffmann 3 St\u00fcck DC ZINC Primer 400ml 97% bis 300\u00b0C Grundierung Rostschutz Zinkspray\" \/>\n<meta name=\"robots\" content=\"index, follow, max-snippet:-1, max-image-preview:large, max-video-preview:-1\" \/>\n<link rel=\"canonical\" href=\"https:\/\/marktxxl.de\/markt\/produkt\/fahrzeugteile-hoffmann-3-stueck-dc-zinc-primer-400ml-97-bis-300c-grundierung-rostschutz-zinkspray\/\" \/>\n<meta property=\"og:locale\" content=\"de_DE\" \/>\n<meta property=\"og:type\" content=\"article\" \/>\n<meta property=\"og:title\" content=\"Fahrzeugteile Hoffmann 3 St\u00fcck DC ZINC Primer 400ml 97% bis 300\u00b0C Grundierung Rostschutz Zinkspray - Markt-XXL\" \/>\n<meta property=\"og:description\" content=\"Markt-XXL Fahrzeugteile Hoffmann 3 St\u00fcck DC ZINC Primer 400ml 97% bis 300\u00b0C Grundierung Rostschutz Zinkspray\" \/>\n<meta property=\"og:url\" content=\"https:\/\/marktxxl.de\/markt\/produkt\/fahrzeugteile-hoffmann-3-stueck-dc-zinc-primer-400ml-97-bis-300c-grundierung-rostschutz-zinkspray\/\" \/>\n<meta property=\"og:site_name\" content=\"Markt-XXL\" \/>\n<meta property=\"article:modified_time\" content=\"2023-04-11T02:29:15+00:00\" \/>\n<meta property=\"og:image\" content=\"https:\/\/m.media-amazon.com\/images\/I\/61QlhMcoh4L._SL500_.jpg\" \/>\n\t<meta property=\"og:image:width\" content=\"500\" \/>\n\t<meta property=\"og:image:height\" content=\"489\" \/>\n\t<meta property=\"og:image:type\" content=\"image\/jpeg\" \/>\n<meta name=\"twitter:card\" content=\"summary_large_image\" \/>\n<meta name=\"twitter:label1\" content=\"Gesch\u00e4tzte Lesezeit\" \/>\n\t<meta name=\"twitter:data1\" content=\"1\u00a0Minute\" \/>\n<script type=\"application\/ld+json\" class=\"yoast-schema-graph\">{\"@context\":\"https:\\\/\\\/schema.org\",\"@graph\":[{\"@type\":\"WebPage\",\"@id\":\"https:\\\/\\\/marktxxl.de\\\/markt\\\/produkt\\\/fahrzeugteile-hoffmann-3-stueck-dc-zinc-primer-400ml-97-bis-300c-grundierung-rostschutz-zinkspray\\\/\",\"url\":\"https:\\\/\\\/marktxxl.de\\\/markt\\\/produkt\\\/fahrzeugteile-hoffmann-3-stueck-dc-zinc-primer-400ml-97-bis-300c-grundierung-rostschutz-zinkspray\\\/\",\"name\":\"Fahrzeugteile Hoffmann 3 St\u00fcck DC ZINC Primer 400ml 97% bis 300\u00b0C Grundierung Rostschutz Zinkspray - Markt-XXL\",\"isPartOf\":{\"@id\":\"https:\\\/\\\/marktxxl.de\\\/markt\\\/#website\"},\"primaryImageOfPage\":{\"@id\":\"https:\\\/\\\/marktxxl.de\\\/markt\\\/produkt\\\/fahrzeugteile-hoffmann-3-stueck-dc-zinc-primer-400ml-97-bis-300c-grundierung-rostschutz-zinkspray\\\/#primaryimage\"},\"image\":{\"@id\":\"https:\\\/\\\/marktxxl.de\\\/markt\\\/produkt\\\/fahrzeugteile-hoffmann-3-stueck-dc-zinc-primer-400ml-97-bis-300c-grundierung-rostschutz-zinkspray\\\/#primaryimage\"},\"thumbnailUrl\":\"https:\\\/\\\/m.media-amazon.com\\\/images\\\/I\\\/61QlhMcoh4L._SL500_.jpg\",\"datePublished\":\"2022-09-12T01:19:26+00:00\",\"dateModified\":\"2023-04-11T02:29:15+00:00\",\"description\":\"Markt-XXL Fahrzeugteile Hoffmann 3 St\u00fcck DC ZINC Primer 400ml 97% bis 300\u00b0C Grundierung Rostschutz Zinkspray\",\"breadcrumb\":{\"@id\":\"https:\\\/\\\/marktxxl.de\\\/markt\\\/produkt\\\/fahrzeugteile-hoffmann-3-stueck-dc-zinc-primer-400ml-97-bis-300c-grundierung-rostschutz-zinkspray\\\/#breadcrumb\"},\"inLanguage\":\"de\",\"potentialAction\":[{\"@type\":\"ReadAction\",\"target\":[\"https:\\\/\\\/marktxxl.de\\\/markt\\\/produkt\\\/fahrzeugteile-hoffmann-3-stueck-dc-zinc-primer-400ml-97-bis-300c-grundierung-rostschutz-zinkspray\\\/\"]}]},{\"@type\":\"ImageObject\",\"inLanguage\":\"de\",\"@id\":\"https:\\\/\\\/marktxxl.de\\\/markt\\\/produkt\\\/fahrzeugteile-hoffmann-3-stueck-dc-zinc-primer-400ml-97-bis-300c-grundierung-rostschutz-zinkspray\\\/#primaryimage\",\"url\":\"https:\\\/\\\/m.media-amazon.com\\\/images\\\/I\\\/61QlhMcoh4L._SL500_.jpg\",\"contentUrl\":\"https:\\\/\\\/m.media-amazon.com\\\/images\\\/I\\\/61QlhMcoh4L._SL500_.jpg\",\"width\":500,\"height\":489},{\"@type\":\"BreadcrumbList\",\"@id\":\"https:\\\/\\\/marktxxl.de\\\/markt\\\/produkt\\\/fahrzeugteile-hoffmann-3-stueck-dc-zinc-primer-400ml-97-bis-300c-grundierung-rostschutz-zinkspray\\\/#breadcrumb\",\"itemListElement\":[{\"@type\":\"ListItem\",\"position\":1,\"name\":\"Startseite\",\"item\":\"https:\\\/\\\/marktxxl.de\\\/markt\\\/\"},{\"@type\":\"ListItem\",\"position\":2,\"name\":\"Markt\",\"item\":\"https:\\\/\\\/marktxxl.de\\\/markt\\\/\"},{\"@type\":\"ListItem\",\"position\":3,\"name\":\"Fahrzeugteile Hoffmann 3 St\u00fcck DC ZINC Primer 400ml 97% bis 300\u00b0C Grundierung Rostschutz Zinkspray\"}]},{\"@type\":\"WebSite\",\"@id\":\"https:\\\/\\\/marktxxl.de\\\/markt\\\/#website\",\"url\":\"https:\\\/\\\/marktxxl.de\\\/markt\\\/\",\"name\":\"Markt-XXL\",\"description\":\"Ihr Markt Online\",\"publisher\":{\"@id\":\"https:\\\/\\\/marktxxl.de\\\/markt\\\/#organization\"},\"potentialAction\":[{\"@type\":\"SearchAction\",\"target\":{\"@type\":\"EntryPoint\",\"urlTemplate\":\"https:\\\/\\\/marktxxl.de\\\/markt\\\/?s={search_term_string}\"},\"query-input\":{\"@type\":\"PropertyValueSpecification\",\"valueRequired\":true,\"valueName\":\"search_term_string\"}}],\"inLanguage\":\"de\"},{\"@type\":\"Organization\",\"@id\":\"https:\\\/\\\/marktxxl.de\\\/markt\\\/#organization\",\"name\":\"Markt-XXL\",\"url\":\"https:\\\/\\\/marktxxl.de\\\/markt\\\/\",\"logo\":{\"@type\":\"ImageObject\",\"inLanguage\":\"de\",\"@id\":\"https:\\\/\\\/marktxxl.de\\\/markt\\\/#\\\/schema\\\/logo\\\/image\\\/\",\"url\":\"https:\\\/\\\/marktxxl.de\\\/markt\\\/wp-content\\\/uploads\\\/sites\\\/3\\\/2020\\\/12\\\/logo.png\",\"contentUrl\":\"https:\\\/\\\/marktxxl.de\\\/markt\\\/wp-content\\\/uploads\\\/sites\\\/3\\\/2020\\\/12\\\/logo.png\",\"width\":200,\"height\":70,\"caption\":\"Markt-XXL\"},\"image\":{\"@id\":\"https:\\\/\\\/marktxxl.de\\\/markt\\\/#\\\/schema\\\/logo\\\/image\\\/\"}}]}<\/script>\n<!-- \/ Yoast SEO plugin. -->","yoast_head_json":{"title":"Fahrzeugteile Hoffmann 3 St\u00fcck DC ZINC Primer 400ml 97% bis 300\u00b0C Grundierung Rostschutz Zinkspray - Markt-XXL","description":"Markt-XXL Fahrzeugteile Hoffmann 3 St\u00fcck DC ZINC Primer 400ml 97% bis 300\u00b0C Grundierung Rostschutz Zinkspray","robots":{"index":"index","follow":"follow","max-snippet":"max-snippet:-1","max-image-preview":"max-image-preview:large","max-video-preview":"max-video-preview:-1"},"canonical":"https:\/\/marktxxl.de\/markt\/produkt\/fahrzeugteile-hoffmann-3-stueck-dc-zinc-primer-400ml-97-bis-300c-grundierung-rostschutz-zinkspray\/","og_locale":"de_DE","og_type":"article","og_title":"Fahrzeugteile Hoffmann 3 St\u00fcck DC ZINC Primer 400ml 97% bis 300\u00b0C Grundierung Rostschutz Zinkspray - Markt-XXL","og_description":"Markt-XXL Fahrzeugteile Hoffmann 3 St\u00fcck DC ZINC Primer 400ml 97% bis 300\u00b0C Grundierung Rostschutz Zinkspray","og_url":"https:\/\/marktxxl.de\/markt\/produkt\/fahrzeugteile-hoffmann-3-stueck-dc-zinc-primer-400ml-97-bis-300c-grundierung-rostschutz-zinkspray\/","og_site_name":"Markt-XXL","article_modified_time":"2023-04-11T02:29:15+00:00","og_image":[{"width":500,"height":489,"url":"https:\/\/m.media-amazon.com\/images\/I\/61QlhMcoh4L._SL500_.jpg","type":"image\/jpeg"}],"twitter_card":"summary_large_image","twitter_misc":{"Gesch\u00e4tzte Lesezeit":"1\u00a0Minute"},"schema":{"@context":"https:\/\/schema.org","@graph":[{"@type":"WebPage","@id":"https:\/\/marktxxl.de\/markt\/produkt\/fahrzeugteile-hoffmann-3-stueck-dc-zinc-primer-400ml-97-bis-300c-grundierung-rostschutz-zinkspray\/","url":"https:\/\/marktxxl.de\/markt\/produkt\/fahrzeugteile-hoffmann-3-stueck-dc-zinc-primer-400ml-97-bis-300c-grundierung-rostschutz-zinkspray\/","name":"Fahrzeugteile Hoffmann 3 St\u00fcck DC ZINC Primer 400ml 97% bis 300\u00b0C Grundierung Rostschutz Zinkspray - Markt-XXL","isPartOf":{"@id":"https:\/\/marktxxl.de\/markt\/#website"},"primaryImageOfPage":{"@id":"https:\/\/marktxxl.de\/markt\/produkt\/fahrzeugteile-hoffmann-3-stueck-dc-zinc-primer-400ml-97-bis-300c-grundierung-rostschutz-zinkspray\/#primaryimage"},"image":{"@id":"https:\/\/marktxxl.de\/markt\/produkt\/fahrzeugteile-hoffmann-3-stueck-dc-zinc-primer-400ml-97-bis-300c-grundierung-rostschutz-zinkspray\/#primaryimage"},"thumbnailUrl":"https:\/\/m.media-amazon.com\/images\/I\/61QlhMcoh4L._SL500_.jpg","datePublished":"2022-09-12T01:19:26+00:00","dateModified":"2023-04-11T02:29:15+00:00","description":"Markt-XXL Fahrzeugteile Hoffmann 3 St\u00fcck DC ZINC Primer 400ml 97% bis 300\u00b0C Grundierung Rostschutz Zinkspray","breadcrumb":{"@id":"https:\/\/marktxxl.de\/markt\/produkt\/fahrzeugteile-hoffmann-3-stueck-dc-zinc-primer-400ml-97-bis-300c-grundierung-rostschutz-zinkspray\/#breadcrumb"},"inLanguage":"de","potentialAction":[{"@type":"ReadAction","target":["https:\/\/marktxxl.de\/markt\/produkt\/fahrzeugteile-hoffmann-3-stueck-dc-zinc-primer-400ml-97-bis-300c-grundierung-rostschutz-zinkspray\/"]}]},{"@type":"ImageObject","inLanguage":"de","@id":"https:\/\/marktxxl.de\/markt\/produkt\/fahrzeugteile-hoffmann-3-stueck-dc-zinc-primer-400ml-97-bis-300c-grundierung-rostschutz-zinkspray\/#primaryimage","url":"https:\/\/m.media-amazon.com\/images\/I\/61QlhMcoh4L._SL500_.jpg","contentUrl":"https:\/\/m.media-amazon.com\/images\/I\/61QlhMcoh4L._SL500_.jpg","width":500,"height":489},{"@type":"BreadcrumbList","@id":"https:\/\/marktxxl.de\/markt\/produkt\/fahrzeugteile-hoffmann-3-stueck-dc-zinc-primer-400ml-97-bis-300c-grundierung-rostschutz-zinkspray\/#breadcrumb","itemListElement":[{"@type":"ListItem","position":1,"name":"Startseite","item":"https:\/\/marktxxl.de\/markt\/"},{"@type":"ListItem","position":2,"name":"Markt","item":"https:\/\/marktxxl.de\/markt\/"},{"@type":"ListItem","position":3,"name":"Fahrzeugteile Hoffmann 3 St\u00fcck DC ZINC Primer 400ml 97% bis 300\u00b0C Grundierung Rostschutz Zinkspray"}]},{"@type":"WebSite","@id":"https:\/\/marktxxl.de\/markt\/#website","url":"https:\/\/marktxxl.de\/markt\/","name":"Markt-XXL","description":"Ihr Markt Online","publisher":{"@id":"https:\/\/marktxxl.de\/markt\/#organization"},"potentialAction":[{"@type":"SearchAction","target":{"@type":"EntryPoint","urlTemplate":"https:\/\/marktxxl.de\/markt\/?s={search_term_string}"},"query-input":{"@type":"PropertyValueSpecification","valueRequired":true,"valueName":"search_term_string"}}],"inLanguage":"de"},{"@type":"Organization","@id":"https:\/\/marktxxl.de\/markt\/#organization","name":"Markt-XXL","url":"https:\/\/marktxxl.de\/markt\/","logo":{"@type":"ImageObject","inLanguage":"de","@id":"https:\/\/marktxxl.de\/markt\/#\/schema\/logo\/image\/","url":"https:\/\/marktxxl.de\/markt\/wp-content\/uploads\/sites\/3\/2020\/12\/logo.png","contentUrl":"https:\/\/marktxxl.de\/markt\/wp-content\/uploads\/sites\/3\/2020\/12\/logo.png","width":200,"height":70,"caption":"Markt-XXL"},"image":{"@id":"https:\/\/marktxxl.de\/markt\/#\/schema\/logo\/image\/"}}]}},"_links":{"self":[{"href":"https:\/\/marktxxl.de\/markt\/wp-json\/wp\/v2\/product\/149701","targetHints":{"allow":["GET"]}}],"collection":[{"href":"https:\/\/marktxxl.de\/markt\/wp-json\/wp\/v2\/product"}],"about":[{"href":"https:\/\/marktxxl.de\/markt\/wp-json\/wp\/v2\/types\/product"}],"replies":[{"embeddable":true,"href":"https:\/\/marktxxl.de\/markt\/wp-json\/wp\/v2\/comments?post=149701"}],"wp:featuredmedia":[{"embeddable":true,"href":"https:\/\/marktxxl.de\/markt\/wp-json\/wp\/v2\/media\/149702"}],"wp:attachment":[{"href":"https:\/\/marktxxl.de\/markt\/wp-json\/wp\/v2\/media?parent=149701"}],"wp:term":[{"taxonomy":"product_brand","embeddable":true,"href":"https:\/\/marktxxl.de\/markt\/wp-json\/wp\/v2\/product_brand?post=149701"},{"taxonomy":"product_cat","embeddable":true,"href":"https:\/\/marktxxl.de\/markt\/wp-json\/wp\/v2\/product_cat?post=149701"},{"taxonomy":"product_tag","embeddable":true,"href":"https:\/\/marktxxl.de\/markt\/wp-json\/wp\/v2\/product_tag?post=149701"}],"curies":[{"name":"wp","href":"https:\/\/api.w.org\/{rel}","templated":true}]}}