{"id":149688,"date":"2022-09-12T03:17:53","date_gmt":"2022-09-12T01:17:53","guid":{"rendered":"https:\/\/marktxxl.de\/markt\/produkt\/friends-freunde-central-perk-pyjamas-fuer-maedchen-cafe-tv-show-kinder-kinder-pj-set\/"},"modified":"2023-04-11T04:29:15","modified_gmt":"2023-04-11T02:29:15","slug":"friends-freunde-central-perk-pyjamas-fuer-maedchen-cafe-tv-show-kinder-kinder-pj-set","status":"publish","type":"product","link":"https:\/\/marktxxl.de\/markt\/produkt\/friends-freunde-central-perk-pyjamas-fuer-maedchen-cafe-tv-show-kinder-kinder-pj-set\/","title":{"rendered":"FRIENDS Freunde Central Perk Pyjamas f\u00fcr M\u00e4dchen Caf\u00e9 TV Show Kinder Kinder PJ Set"},"content":{"rendered":"<p>Freunde T-Shirt &amp; Leggings Pyjama Set f\u00fcr M\u00e4dchen &#8211; Unsere f.r.i.e.n.d.s Zentraler Perk Cafe PJ Set f\u00fcr Kinder ist das perfekte Geschenk f\u00fcr alle kleinen Fans von American TV Sitcom Show Freunden!<br \/>\nErh\u00e4ltlich in verschiedenen Gr\u00f6\u00dfen Freunden PJ&#8217;s- Diese Freunde PJs kommen f\u00fcr sie in Gr\u00f6\u00dfen; 9-10, 10-11, 11-12, 12-13, 13-14 und 14-15 Jahre. Es kommt in regelm\u00e4\u00dfiger Anpassung eines regul\u00e4ren M\u00e4dchens und ist f\u00fcr ultimativen Komfort hergestellt; Eine tolle Idee als Geburtstagsgeschenk oder f\u00fcr jeden besonderen Anlass f\u00fcr sie Rachel Green, Monica Geller, Ross Geller, Phoebe Buffay, Joey Tribbiani und Chandler Bing-Liebhaber!<br \/>\nCotton Friends Top &amp; Legging-Bottoms &#8211; Die Freunde Nightwear Set beinhaltet ein kurzarmiges wei\u00dfes und schwarzes stribiges T-Shirt aus Baumwolle aus Baumwolle, gepaart mit voller Baumwoll-Legging-B\u00f6den f\u00fcr ein gem\u00fctliches, helles und sehr weiches Gef\u00fchl. Mit einem dauerhaften, elastischen Bund um die Hose in voller L\u00e4nge, der sie f\u00fcr alle K\u00f6rpergr\u00f6\u00dfen komfortabel und dehnbar macht.<br \/>\nF.R.I.E.N.D.S T-Shirt- und Jogginghosen f\u00fcr M\u00e4dchen &#8211; Das T-Shirt verf\u00fcgt \u00fcber das ikonische zentrale Perk &#8220;Coffee House&#8221; buntes Logo zusammen mit dem Epic F.r.i.e.n.d.s-Logo kontrastiert auf dem wei\u00dfen und grauen T-St\u00fcck! Das T-Shirt ist eine gro\u00dfartige Qualit\u00e4t und ist geeignet, nicht nur als Pyjama-Top zu tragen, sondern auch an Sommertagen zu tragen. \u00dcbereinstimmende schwarze PJS-Bottoms, die mit einem \u00dcberdruck des zentralen Perk Cafe-Logos aufweisen, sind diese ideal zum Entspannen!<br \/>\nOffiziell lizenzierte Freunde von Freunden &#8211; Diese Freunde PJ Set f\u00fcr sie ist 100% offizielle Freunde von Freunden, um das Beste aus diesem Produkt herauszuholen, folgen Sie bitte alle Wasch- und Pflegehilfe-Anweisungen.<br \/>\n<div class=\"main-cross-sell\" data-asin=\"B097THVBRZ\">\n\n\t<div class=\"WooZone-cross-sell-loader\">\n\t\t<div>\n\t\t\t<div id=\"floatingBarsG\">\n\t\t\t\t<div class=\"blockG\" id=\"rotateG_01\"><\/div>\n\t\t\t\t<div class=\"blockG\" id=\"rotateG_02\"><\/div>\n\t\t\t\t<div class=\"blockG\" id=\"rotateG_03\"><\/div>\n\t\t\t\t<div class=\"blockG\" id=\"rotateG_04\"><\/div>\n\t\t\t\t<div class=\"blockG\" id=\"rotateG_05\"><\/div>\n\t\t\t\t<div class=\"blockG\" id=\"rotateG_06\"><\/div>\n\t\t\t\t<div class=\"blockG\" id=\"rotateG_07\"><\/div>\n\t\t\t\t<div class=\"blockG\" id=\"rotateG_08\"><\/div>\n\t\t\t<\/div>\n\t\t\t<div class=\"WooZone-cross-sell-loader-text\"><\/div>\n\t\t<\/div>\n\t<\/div>\n\n\t\t\n<\/div>\n<div style=\"clear:both;\"><\/div><\/p>\n","protected":false},"excerpt":{"rendered":"<p>Freunde T-Shirt &amp; Leggings Pyjama Set f\u00fcr M\u00e4dchen &#8211; Unsere f.r.i.e.n.d.s Zentraler Perk Cafe PJ Set f\u00fcr Kinder ist das perfekte Geschenk f\u00fcr alle kleinen Fans von American TV Sitcom Show Freunden!<br \/>\nErh\u00e4ltlich in verschiedenen Gr\u00f6\u00dfen Freunden PJ&#8217;s- Diese Freunde PJs kommen f\u00fcr sie in Gr\u00f6\u00dfen; 9-10, 10-11, 11-12, 12-13, 13-14 und 14-15 Jahre. Es kommt in regelm\u00e4\u00dfiger Anpassung eines regul\u00e4ren M\u00e4dchens und ist f\u00fcr ultimativen Komfort hergestellt; Eine tolle Idee als Geburtstagsgeschenk oder f\u00fcr jeden besonderen Anlass f\u00fcr sie Rachel Green, Monica Geller, Ross Geller, Phoebe Buffay, Joey Tribbiani und Chandler Bing-Liebhaber!<br \/>\nCotton Friends Top &amp; Legging-Bottoms &#8211; Die Freunde Nightwear Set beinhaltet ein kurzarmiges wei\u00dfes und schwarzes stribiges T-Shirt aus Baumwolle aus Baumwolle, gepaart mit voller Baumwoll-Legging-B\u00f6den f\u00fcr ein gem\u00fctliches, helles und sehr weiches Gef\u00fchl. Mit einem dauerhaften, elastischen Bund um die Hose in voller L\u00e4nge, der sie f\u00fcr alle K\u00f6rpergr\u00f6\u00dfen komfortabel und dehnbar macht.<\/p>\n","protected":false},"featured_media":149689,"comment_status":"open","ping_status":"closed","template":"","meta":[],"product_brand":[],"product_cat":[1186,3990],"product_tag":[],"class_list":{"0":"post-149688","1":"product","2":"type-product","3":"status-publish","4":"has-post-thumbnail","6":"product_cat-bekleidung","7":"product_cat-maedchen","8":"pa_brand-friends","9":"pa_color-weiss","10":"pa_manufacturer-vanilla-underground","12":"first","13":"instock","14":"shipping-taxable","15":"purchasable","16":"product-type-simple","17":"customify-col","18":"product-has-gallery"},"yoast_head":"<!-- This site is optimized with the Yoast SEO plugin v27.4 - https:\/\/yoast.com\/product\/yoast-seo-wordpress\/ -->\n<title>FRIENDS Freunde Central Perk Pyjamas f\u00fcr M\u00e4dchen Caf\u00e9 TV Show Kinder Kinder PJ Set - Markt-XXL<\/title>\n<meta name=\"description\" content=\"Markt-XXL FRIENDS Freunde Central Perk Pyjamas f\u00fcr M\u00e4dchen Caf\u00e9 TV Show Kinder Kinder PJ Set\" \/>\n<meta name=\"robots\" content=\"index, follow, max-snippet:-1, max-image-preview:large, max-video-preview:-1\" \/>\n<link rel=\"canonical\" href=\"https:\/\/marktxxl.de\/markt\/produkt\/friends-freunde-central-perk-pyjamas-fuer-maedchen-cafe-tv-show-kinder-kinder-pj-set\/\" \/>\n<meta property=\"og:locale\" content=\"de_DE\" \/>\n<meta property=\"og:type\" content=\"article\" \/>\n<meta property=\"og:title\" content=\"FRIENDS Freunde Central Perk Pyjamas f\u00fcr M\u00e4dchen Caf\u00e9 TV Show Kinder Kinder PJ Set - Markt-XXL\" \/>\n<meta property=\"og:description\" content=\"Markt-XXL FRIENDS Freunde Central Perk Pyjamas f\u00fcr M\u00e4dchen Caf\u00e9 TV Show Kinder Kinder PJ Set\" \/>\n<meta property=\"og:url\" content=\"https:\/\/marktxxl.de\/markt\/produkt\/friends-freunde-central-perk-pyjamas-fuer-maedchen-cafe-tv-show-kinder-kinder-pj-set\/\" \/>\n<meta property=\"og:site_name\" content=\"Markt-XXL\" \/>\n<meta property=\"article:modified_time\" content=\"2023-04-11T02:29:15+00:00\" \/>\n<meta property=\"og:image\" content=\"https:\/\/m.media-amazon.com\/images\/I\/41YOa6470bL._SL500_.jpg\" \/>\n\t<meta property=\"og:image:width\" content=\"393\" \/>\n\t<meta property=\"og:image:height\" content=\"500\" \/>\n\t<meta property=\"og:image:type\" content=\"image\/jpeg\" \/>\n<meta name=\"twitter:card\" content=\"summary_large_image\" \/>\n<meta name=\"twitter:label1\" content=\"Gesch\u00e4tzte Lesezeit\" \/>\n\t<meta name=\"twitter:data1\" content=\"2\u00a0Minuten\" \/>\n<script type=\"application\/ld+json\" class=\"yoast-schema-graph\">{\"@context\":\"https:\\\/\\\/schema.org\",\"@graph\":[{\"@type\":\"WebPage\",\"@id\":\"https:\\\/\\\/marktxxl.de\\\/markt\\\/produkt\\\/friends-freunde-central-perk-pyjamas-fuer-maedchen-cafe-tv-show-kinder-kinder-pj-set\\\/\",\"url\":\"https:\\\/\\\/marktxxl.de\\\/markt\\\/produkt\\\/friends-freunde-central-perk-pyjamas-fuer-maedchen-cafe-tv-show-kinder-kinder-pj-set\\\/\",\"name\":\"FRIENDS Freunde Central Perk Pyjamas f\u00fcr M\u00e4dchen Caf\u00e9 TV Show Kinder Kinder PJ Set - Markt-XXL\",\"isPartOf\":{\"@id\":\"https:\\\/\\\/marktxxl.de\\\/markt\\\/#website\"},\"primaryImageOfPage\":{\"@id\":\"https:\\\/\\\/marktxxl.de\\\/markt\\\/produkt\\\/friends-freunde-central-perk-pyjamas-fuer-maedchen-cafe-tv-show-kinder-kinder-pj-set\\\/#primaryimage\"},\"image\":{\"@id\":\"https:\\\/\\\/marktxxl.de\\\/markt\\\/produkt\\\/friends-freunde-central-perk-pyjamas-fuer-maedchen-cafe-tv-show-kinder-kinder-pj-set\\\/#primaryimage\"},\"thumbnailUrl\":\"https:\\\/\\\/m.media-amazon.com\\\/images\\\/I\\\/41YOa6470bL._SL500_.jpg\",\"datePublished\":\"2022-09-12T01:17:53+00:00\",\"dateModified\":\"2023-04-11T02:29:15+00:00\",\"description\":\"Markt-XXL FRIENDS Freunde Central Perk Pyjamas f\u00fcr M\u00e4dchen Caf\u00e9 TV Show Kinder Kinder PJ Set\",\"breadcrumb\":{\"@id\":\"https:\\\/\\\/marktxxl.de\\\/markt\\\/produkt\\\/friends-freunde-central-perk-pyjamas-fuer-maedchen-cafe-tv-show-kinder-kinder-pj-set\\\/#breadcrumb\"},\"inLanguage\":\"de\",\"potentialAction\":[{\"@type\":\"ReadAction\",\"target\":[\"https:\\\/\\\/marktxxl.de\\\/markt\\\/produkt\\\/friends-freunde-central-perk-pyjamas-fuer-maedchen-cafe-tv-show-kinder-kinder-pj-set\\\/\"]}]},{\"@type\":\"ImageObject\",\"inLanguage\":\"de\",\"@id\":\"https:\\\/\\\/marktxxl.de\\\/markt\\\/produkt\\\/friends-freunde-central-perk-pyjamas-fuer-maedchen-cafe-tv-show-kinder-kinder-pj-set\\\/#primaryimage\",\"url\":\"https:\\\/\\\/m.media-amazon.com\\\/images\\\/I\\\/41YOa6470bL._SL500_.jpg\",\"contentUrl\":\"https:\\\/\\\/m.media-amazon.com\\\/images\\\/I\\\/41YOa6470bL._SL500_.jpg\",\"width\":393,\"height\":500},{\"@type\":\"BreadcrumbList\",\"@id\":\"https:\\\/\\\/marktxxl.de\\\/markt\\\/produkt\\\/friends-freunde-central-perk-pyjamas-fuer-maedchen-cafe-tv-show-kinder-kinder-pj-set\\\/#breadcrumb\",\"itemListElement\":[{\"@type\":\"ListItem\",\"position\":1,\"name\":\"Startseite\",\"item\":\"https:\\\/\\\/marktxxl.de\\\/markt\\\/\"},{\"@type\":\"ListItem\",\"position\":2,\"name\":\"Markt\",\"item\":\"https:\\\/\\\/marktxxl.de\\\/markt\\\/\"},{\"@type\":\"ListItem\",\"position\":3,\"name\":\"FRIENDS Freunde Central Perk Pyjamas f\u00fcr M\u00e4dchen Caf\u00e9 TV Show Kinder Kinder PJ Set\"}]},{\"@type\":\"WebSite\",\"@id\":\"https:\\\/\\\/marktxxl.de\\\/markt\\\/#website\",\"url\":\"https:\\\/\\\/marktxxl.de\\\/markt\\\/\",\"name\":\"Markt-XXL\",\"description\":\"Ihr Markt Online\",\"publisher\":{\"@id\":\"https:\\\/\\\/marktxxl.de\\\/markt\\\/#organization\"},\"potentialAction\":[{\"@type\":\"SearchAction\",\"target\":{\"@type\":\"EntryPoint\",\"urlTemplate\":\"https:\\\/\\\/marktxxl.de\\\/markt\\\/?s={search_term_string}\"},\"query-input\":{\"@type\":\"PropertyValueSpecification\",\"valueRequired\":true,\"valueName\":\"search_term_string\"}}],\"inLanguage\":\"de\"},{\"@type\":\"Organization\",\"@id\":\"https:\\\/\\\/marktxxl.de\\\/markt\\\/#organization\",\"name\":\"Markt-XXL\",\"url\":\"https:\\\/\\\/marktxxl.de\\\/markt\\\/\",\"logo\":{\"@type\":\"ImageObject\",\"inLanguage\":\"de\",\"@id\":\"https:\\\/\\\/marktxxl.de\\\/markt\\\/#\\\/schema\\\/logo\\\/image\\\/\",\"url\":\"https:\\\/\\\/marktxxl.de\\\/markt\\\/wp-content\\\/uploads\\\/sites\\\/3\\\/2020\\\/12\\\/logo.png\",\"contentUrl\":\"https:\\\/\\\/marktxxl.de\\\/markt\\\/wp-content\\\/uploads\\\/sites\\\/3\\\/2020\\\/12\\\/logo.png\",\"width\":200,\"height\":70,\"caption\":\"Markt-XXL\"},\"image\":{\"@id\":\"https:\\\/\\\/marktxxl.de\\\/markt\\\/#\\\/schema\\\/logo\\\/image\\\/\"}}]}<\/script>\n<!-- \/ Yoast SEO plugin. -->","yoast_head_json":{"title":"FRIENDS Freunde Central Perk Pyjamas f\u00fcr M\u00e4dchen Caf\u00e9 TV Show Kinder Kinder PJ Set - Markt-XXL","description":"Markt-XXL FRIENDS Freunde Central Perk Pyjamas f\u00fcr M\u00e4dchen Caf\u00e9 TV Show Kinder Kinder PJ Set","robots":{"index":"index","follow":"follow","max-snippet":"max-snippet:-1","max-image-preview":"max-image-preview:large","max-video-preview":"max-video-preview:-1"},"canonical":"https:\/\/marktxxl.de\/markt\/produkt\/friends-freunde-central-perk-pyjamas-fuer-maedchen-cafe-tv-show-kinder-kinder-pj-set\/","og_locale":"de_DE","og_type":"article","og_title":"FRIENDS Freunde Central Perk Pyjamas f\u00fcr M\u00e4dchen Caf\u00e9 TV Show Kinder Kinder PJ Set - Markt-XXL","og_description":"Markt-XXL FRIENDS Freunde Central Perk Pyjamas f\u00fcr M\u00e4dchen Caf\u00e9 TV Show Kinder Kinder PJ Set","og_url":"https:\/\/marktxxl.de\/markt\/produkt\/friends-freunde-central-perk-pyjamas-fuer-maedchen-cafe-tv-show-kinder-kinder-pj-set\/","og_site_name":"Markt-XXL","article_modified_time":"2023-04-11T02:29:15+00:00","og_image":[{"width":393,"height":500,"url":"https:\/\/m.media-amazon.com\/images\/I\/41YOa6470bL._SL500_.jpg","type":"image\/jpeg"}],"twitter_card":"summary_large_image","twitter_misc":{"Gesch\u00e4tzte Lesezeit":"2\u00a0Minuten"},"schema":{"@context":"https:\/\/schema.org","@graph":[{"@type":"WebPage","@id":"https:\/\/marktxxl.de\/markt\/produkt\/friends-freunde-central-perk-pyjamas-fuer-maedchen-cafe-tv-show-kinder-kinder-pj-set\/","url":"https:\/\/marktxxl.de\/markt\/produkt\/friends-freunde-central-perk-pyjamas-fuer-maedchen-cafe-tv-show-kinder-kinder-pj-set\/","name":"FRIENDS Freunde Central Perk Pyjamas f\u00fcr M\u00e4dchen Caf\u00e9 TV Show Kinder Kinder PJ Set - Markt-XXL","isPartOf":{"@id":"https:\/\/marktxxl.de\/markt\/#website"},"primaryImageOfPage":{"@id":"https:\/\/marktxxl.de\/markt\/produkt\/friends-freunde-central-perk-pyjamas-fuer-maedchen-cafe-tv-show-kinder-kinder-pj-set\/#primaryimage"},"image":{"@id":"https:\/\/marktxxl.de\/markt\/produkt\/friends-freunde-central-perk-pyjamas-fuer-maedchen-cafe-tv-show-kinder-kinder-pj-set\/#primaryimage"},"thumbnailUrl":"https:\/\/m.media-amazon.com\/images\/I\/41YOa6470bL._SL500_.jpg","datePublished":"2022-09-12T01:17:53+00:00","dateModified":"2023-04-11T02:29:15+00:00","description":"Markt-XXL FRIENDS Freunde Central Perk Pyjamas f\u00fcr M\u00e4dchen Caf\u00e9 TV Show Kinder Kinder PJ Set","breadcrumb":{"@id":"https:\/\/marktxxl.de\/markt\/produkt\/friends-freunde-central-perk-pyjamas-fuer-maedchen-cafe-tv-show-kinder-kinder-pj-set\/#breadcrumb"},"inLanguage":"de","potentialAction":[{"@type":"ReadAction","target":["https:\/\/marktxxl.de\/markt\/produkt\/friends-freunde-central-perk-pyjamas-fuer-maedchen-cafe-tv-show-kinder-kinder-pj-set\/"]}]},{"@type":"ImageObject","inLanguage":"de","@id":"https:\/\/marktxxl.de\/markt\/produkt\/friends-freunde-central-perk-pyjamas-fuer-maedchen-cafe-tv-show-kinder-kinder-pj-set\/#primaryimage","url":"https:\/\/m.media-amazon.com\/images\/I\/41YOa6470bL._SL500_.jpg","contentUrl":"https:\/\/m.media-amazon.com\/images\/I\/41YOa6470bL._SL500_.jpg","width":393,"height":500},{"@type":"BreadcrumbList","@id":"https:\/\/marktxxl.de\/markt\/produkt\/friends-freunde-central-perk-pyjamas-fuer-maedchen-cafe-tv-show-kinder-kinder-pj-set\/#breadcrumb","itemListElement":[{"@type":"ListItem","position":1,"name":"Startseite","item":"https:\/\/marktxxl.de\/markt\/"},{"@type":"ListItem","position":2,"name":"Markt","item":"https:\/\/marktxxl.de\/markt\/"},{"@type":"ListItem","position":3,"name":"FRIENDS Freunde Central Perk Pyjamas f\u00fcr M\u00e4dchen Caf\u00e9 TV Show Kinder Kinder PJ Set"}]},{"@type":"WebSite","@id":"https:\/\/marktxxl.de\/markt\/#website","url":"https:\/\/marktxxl.de\/markt\/","name":"Markt-XXL","description":"Ihr Markt Online","publisher":{"@id":"https:\/\/marktxxl.de\/markt\/#organization"},"potentialAction":[{"@type":"SearchAction","target":{"@type":"EntryPoint","urlTemplate":"https:\/\/marktxxl.de\/markt\/?s={search_term_string}"},"query-input":{"@type":"PropertyValueSpecification","valueRequired":true,"valueName":"search_term_string"}}],"inLanguage":"de"},{"@type":"Organization","@id":"https:\/\/marktxxl.de\/markt\/#organization","name":"Markt-XXL","url":"https:\/\/marktxxl.de\/markt\/","logo":{"@type":"ImageObject","inLanguage":"de","@id":"https:\/\/marktxxl.de\/markt\/#\/schema\/logo\/image\/","url":"https:\/\/marktxxl.de\/markt\/wp-content\/uploads\/sites\/3\/2020\/12\/logo.png","contentUrl":"https:\/\/marktxxl.de\/markt\/wp-content\/uploads\/sites\/3\/2020\/12\/logo.png","width":200,"height":70,"caption":"Markt-XXL"},"image":{"@id":"https:\/\/marktxxl.de\/markt\/#\/schema\/logo\/image\/"}}]}},"_links":{"self":[{"href":"https:\/\/marktxxl.de\/markt\/wp-json\/wp\/v2\/product\/149688","targetHints":{"allow":["GET"]}}],"collection":[{"href":"https:\/\/marktxxl.de\/markt\/wp-json\/wp\/v2\/product"}],"about":[{"href":"https:\/\/marktxxl.de\/markt\/wp-json\/wp\/v2\/types\/product"}],"replies":[{"embeddable":true,"href":"https:\/\/marktxxl.de\/markt\/wp-json\/wp\/v2\/comments?post=149688"}],"wp:featuredmedia":[{"embeddable":true,"href":"https:\/\/marktxxl.de\/markt\/wp-json\/wp\/v2\/media\/149689"}],"wp:attachment":[{"href":"https:\/\/marktxxl.de\/markt\/wp-json\/wp\/v2\/media?parent=149688"}],"wp:term":[{"taxonomy":"product_brand","embeddable":true,"href":"https:\/\/marktxxl.de\/markt\/wp-json\/wp\/v2\/product_brand?post=149688"},{"taxonomy":"product_cat","embeddable":true,"href":"https:\/\/marktxxl.de\/markt\/wp-json\/wp\/v2\/product_cat?post=149688"},{"taxonomy":"product_tag","embeddable":true,"href":"https:\/\/marktxxl.de\/markt\/wp-json\/wp\/v2\/product_tag?post=149688"}],"curies":[{"name":"wp","href":"https:\/\/api.w.org\/{rel}","templated":true}]}}