{"id":149679,"date":"2022-09-12T03:17:43","date_gmt":"2022-09-12T01:17:43","guid":{"rendered":"https:\/\/marktxxl.de\/markt\/produkt\/emy-slip-fuer-maedchen-6er-pack-unterwaesche-fuer-maedchen-2-3-4-5-6-7-8-9-10-11-12-jahre-elastische-baumwolle-weich-elastisch-farben-italien-kinder\/"},"modified":"2023-04-11T04:29:14","modified_gmt":"2023-04-11T02:29:14","slug":"emy-slip-fuer-maedchen-6er-pack-unterwaesche-fuer-maedchen-2-3-4-5-6-7-8-9-10-11-12-jahre-elastische-baumwolle-weich-elastisch-farben-italien-kinder","status":"publish","type":"product","link":"https:\/\/marktxxl.de\/markt\/produkt\/emy-slip-fuer-maedchen-6er-pack-unterwaesche-fuer-maedchen-2-3-4-5-6-7-8-9-10-11-12-jahre-elastische-baumwolle-weich-elastisch-farben-italien-kinder\/","title":{"rendered":"EMY Slip f\u00fcr M\u00e4dchen, 6er-Pack, Unterw\u00e4sche f\u00fcr M\u00e4dchen, 2-3-4-5-6-7-8-9-10-11-12 Jahre, elastische Baumwolle, weich\u2026"},"content":{"rendered":"<p>\ud83e\ude72 PACK MIT 6 EMY SLIP &#8211; Im Inneren finden Sie 3 verschiedene Muster, wie auf den Fotos gezeigt. Sie erhalten genau die auf den Fotos gezeigte Fantasie ohne b\u00f6se \u00dcberraschungen!<br \/>\n\ud83e\udd47 HOHE QUALIT\u00c4T &#8211; Der Slip besteht aus weicher Baumwolle, um Ihrem kleinen M\u00e4dchen perfekten Komfort zu bieten. Von Baumwolle direkt bis zum fertigen Produkt, durch verschiedene \u00dcberarbeitungen, Design\u00e4nderungen und unz\u00e4hlige Waschtests. Endlich ein QUALIT\u00c4TSPRODUKT werden.<br \/>\n\ud83d\udca6 BEST\u00c4NDIG &#8211; Um den Belastungen von Waschmaschine und Trockner standzuhalten, sind sie nach unz\u00e4hligen W\u00e4schen immer wie NEU. (Wir empfehlen, den Slip bei 30 \u00b0 zu waschen).<br \/>\n\ud83d\udc51 AUSGEZEICHNETE PASSFORM &#8211; Der Emy Slip garantiert eine perfekte Passform, indem er sich perfekt an die Form Ihres kleinen M\u00e4dchens anpasst. Die Zusammensetzung des Slips ist 90% Baumwolle 10% Elasthan.<br \/>\n\u2611\ufe0f ZUFRIEDEN ODER GELD ZUR\u00dcCK &#8211; Wir haben hart daran gearbeitet, ein qualitativ hochwertiges Produkt auf den Markt zu bringen, damit wir sicher sind, dass Sie zufrieden sind. Wenn Sie auf Probleme sto\u00dfen, steht Ihnen unser Kundenservice rund um die Uhr zur Verf\u00fcgung. Wir beantworten gerne alle Ihre Fragen und akzeptieren Anfragen nach Ersatz oder R\u00fcckerstattung.<br \/>\n<div class=\"main-cross-sell\" data-asin=\"B08G6QHZXH\">\n\n\t<div class=\"WooZone-cross-sell-loader\">\n\t\t<div>\n\t\t\t<div id=\"floatingBarsG\">\n\t\t\t\t<div class=\"blockG\" id=\"rotateG_01\"><\/div>\n\t\t\t\t<div class=\"blockG\" id=\"rotateG_02\"><\/div>\n\t\t\t\t<div class=\"blockG\" id=\"rotateG_03\"><\/div>\n\t\t\t\t<div class=\"blockG\" id=\"rotateG_04\"><\/div>\n\t\t\t\t<div class=\"blockG\" id=\"rotateG_05\"><\/div>\n\t\t\t\t<div class=\"blockG\" id=\"rotateG_06\"><\/div>\n\t\t\t\t<div class=\"blockG\" id=\"rotateG_07\"><\/div>\n\t\t\t\t<div class=\"blockG\" id=\"rotateG_08\"><\/div>\n\t\t\t<\/div>\n\t\t\t<div class=\"WooZone-cross-sell-loader-text\"><\/div>\n\t\t<\/div>\n\t<\/div>\n\n\t\t\n<\/div>\n<div style=\"clear:both;\"><\/div><\/p>\n","protected":false},"excerpt":{"rendered":"<p>\ud83e\ude72 PACK MIT 6 EMY SLIP &#8211; Im Inneren finden Sie 3 verschiedene Muster, wie auf den Fotos gezeigt. Sie erhalten genau die auf den Fotos gezeigte Fantasie ohne b\u00f6se \u00dcberraschungen!<br \/>\n\ud83e\udd47 HOHE QUALIT\u00c4T &#8211; Der Slip besteht aus weicher Baumwolle, um Ihrem kleinen M\u00e4dchen perfekten Komfort zu bieten. Von Baumwolle direkt bis zum fertigen Produkt, durch verschiedene \u00dcberarbeitungen, Design\u00e4nderungen und unz\u00e4hlige Waschtests. Endlich ein QUALIT\u00c4TSPRODUKT werden.<br \/>\n\ud83d\udca6 BEST\u00c4NDIG &#8211; Um den Belastungen von Waschmaschine und Trockner standzuhalten, sind sie nach unz\u00e4hligen W\u00e4schen immer wie NEU. (Wir empfehlen, den Slip bei 30 \u00b0 zu waschen).<\/p>\n","protected":false},"featured_media":149680,"comment_status":"open","ping_status":"closed","template":"","meta":[],"product_brand":[],"product_cat":[1186,3990],"product_tag":[],"class_list":{"0":"post-149679","1":"product","2":"type-product","3":"status-publish","4":"has-post-thumbnail","6":"product_cat-bekleidung","7":"product_cat-maedchen","8":"pa_brand-emy","9":"pa_color-bianco-rosa-fluo-barbie","11":"first","12":"instock","13":"shipping-taxable","14":"purchasable","15":"product-type-simple","16":"customify-col","17":"product-has-gallery"},"yoast_head":"<!-- This site is optimized with the Yoast SEO plugin v27.4 - https:\/\/yoast.com\/product\/yoast-seo-wordpress\/ -->\n<title>EMY Slip f\u00fcr M\u00e4dchen, 6er-Pack, Unterw\u00e4sche f\u00fcr M\u00e4dchen, 2-3-4-5-6-7-8-9-10-11-12 Jahre, elastische Baumwolle, weich\u2026 - Markt-XXL<\/title>\n<meta name=\"description\" content=\"Markt-XXL EMY Slip f\u00fcr M\u00e4dchen, 6er-Pack, Unterw\u00e4sche f\u00fcr M\u00e4dchen, 2-3-4-5-6-7-8-9-10-11-12 Jahre, elastische Baumwolle, weich\u2026\" \/>\n<meta name=\"robots\" content=\"index, follow, max-snippet:-1, max-image-preview:large, max-video-preview:-1\" \/>\n<link rel=\"canonical\" href=\"https:\/\/marktxxl.de\/markt\/produkt\/emy-slip-fuer-maedchen-6er-pack-unterwaesche-fuer-maedchen-2-3-4-5-6-7-8-9-10-11-12-jahre-elastische-baumwolle-weich-elastisch-farben-italien-kinder\/\" \/>\n<meta property=\"og:locale\" content=\"de_DE\" \/>\n<meta property=\"og:type\" content=\"article\" \/>\n<meta property=\"og:title\" content=\"EMY Slip f\u00fcr M\u00e4dchen, 6er-Pack, Unterw\u00e4sche f\u00fcr M\u00e4dchen, 2-3-4-5-6-7-8-9-10-11-12 Jahre, elastische Baumwolle, weich\u2026 - Markt-XXL\" \/>\n<meta property=\"og:description\" content=\"Markt-XXL EMY Slip f\u00fcr M\u00e4dchen, 6er-Pack, Unterw\u00e4sche f\u00fcr M\u00e4dchen, 2-3-4-5-6-7-8-9-10-11-12 Jahre, elastische Baumwolle, weich\u2026\" \/>\n<meta property=\"og:url\" content=\"https:\/\/marktxxl.de\/markt\/produkt\/emy-slip-fuer-maedchen-6er-pack-unterwaesche-fuer-maedchen-2-3-4-5-6-7-8-9-10-11-12-jahre-elastische-baumwolle-weich-elastisch-farben-italien-kinder\/\" \/>\n<meta property=\"og:site_name\" content=\"Markt-XXL\" \/>\n<meta property=\"article:modified_time\" content=\"2023-04-11T02:29:14+00:00\" \/>\n<meta property=\"og:image\" content=\"https:\/\/m.media-amazon.com\/images\/I\/41YFNZ1tFhL._SL500_.jpg\" \/>\n\t<meta property=\"og:image:width\" content=\"390\" \/>\n\t<meta property=\"og:image:height\" content=\"500\" \/>\n\t<meta property=\"og:image:type\" content=\"image\/jpeg\" \/>\n<meta name=\"twitter:card\" content=\"summary_large_image\" \/>\n<meta name=\"twitter:label1\" content=\"Gesch\u00e4tzte Lesezeit\" \/>\n\t<meta name=\"twitter:data1\" content=\"1\u00a0Minute\" \/>\n<script type=\"application\/ld+json\" class=\"yoast-schema-graph\">{\"@context\":\"https:\\\/\\\/schema.org\",\"@graph\":[{\"@type\":\"WebPage\",\"@id\":\"https:\\\/\\\/marktxxl.de\\\/markt\\\/produkt\\\/emy-slip-fuer-maedchen-6er-pack-unterwaesche-fuer-maedchen-2-3-4-5-6-7-8-9-10-11-12-jahre-elastische-baumwolle-weich-elastisch-farben-italien-kinder\\\/\",\"url\":\"https:\\\/\\\/marktxxl.de\\\/markt\\\/produkt\\\/emy-slip-fuer-maedchen-6er-pack-unterwaesche-fuer-maedchen-2-3-4-5-6-7-8-9-10-11-12-jahre-elastische-baumwolle-weich-elastisch-farben-italien-kinder\\\/\",\"name\":\"EMY Slip f\u00fcr M\u00e4dchen, 6er-Pack, Unterw\u00e4sche f\u00fcr M\u00e4dchen, 2-3-4-5-6-7-8-9-10-11-12 Jahre, elastische Baumwolle, weich\u2026 - Markt-XXL\",\"isPartOf\":{\"@id\":\"https:\\\/\\\/marktxxl.de\\\/markt\\\/#website\"},\"primaryImageOfPage\":{\"@id\":\"https:\\\/\\\/marktxxl.de\\\/markt\\\/produkt\\\/emy-slip-fuer-maedchen-6er-pack-unterwaesche-fuer-maedchen-2-3-4-5-6-7-8-9-10-11-12-jahre-elastische-baumwolle-weich-elastisch-farben-italien-kinder\\\/#primaryimage\"},\"image\":{\"@id\":\"https:\\\/\\\/marktxxl.de\\\/markt\\\/produkt\\\/emy-slip-fuer-maedchen-6er-pack-unterwaesche-fuer-maedchen-2-3-4-5-6-7-8-9-10-11-12-jahre-elastische-baumwolle-weich-elastisch-farben-italien-kinder\\\/#primaryimage\"},\"thumbnailUrl\":\"https:\\\/\\\/m.media-amazon.com\\\/images\\\/I\\\/41YFNZ1tFhL._SL500_.jpg\",\"datePublished\":\"2022-09-12T01:17:43+00:00\",\"dateModified\":\"2023-04-11T02:29:14+00:00\",\"description\":\"Markt-XXL EMY Slip f\u00fcr M\u00e4dchen, 6er-Pack, Unterw\u00e4sche f\u00fcr M\u00e4dchen, 2-3-4-5-6-7-8-9-10-11-12 Jahre, elastische Baumwolle, weich\u2026\",\"breadcrumb\":{\"@id\":\"https:\\\/\\\/marktxxl.de\\\/markt\\\/produkt\\\/emy-slip-fuer-maedchen-6er-pack-unterwaesche-fuer-maedchen-2-3-4-5-6-7-8-9-10-11-12-jahre-elastische-baumwolle-weich-elastisch-farben-italien-kinder\\\/#breadcrumb\"},\"inLanguage\":\"de\",\"potentialAction\":[{\"@type\":\"ReadAction\",\"target\":[\"https:\\\/\\\/marktxxl.de\\\/markt\\\/produkt\\\/emy-slip-fuer-maedchen-6er-pack-unterwaesche-fuer-maedchen-2-3-4-5-6-7-8-9-10-11-12-jahre-elastische-baumwolle-weich-elastisch-farben-italien-kinder\\\/\"]}]},{\"@type\":\"ImageObject\",\"inLanguage\":\"de\",\"@id\":\"https:\\\/\\\/marktxxl.de\\\/markt\\\/produkt\\\/emy-slip-fuer-maedchen-6er-pack-unterwaesche-fuer-maedchen-2-3-4-5-6-7-8-9-10-11-12-jahre-elastische-baumwolle-weich-elastisch-farben-italien-kinder\\\/#primaryimage\",\"url\":\"https:\\\/\\\/m.media-amazon.com\\\/images\\\/I\\\/41YFNZ1tFhL._SL500_.jpg\",\"contentUrl\":\"https:\\\/\\\/m.media-amazon.com\\\/images\\\/I\\\/41YFNZ1tFhL._SL500_.jpg\",\"width\":390,\"height\":500},{\"@type\":\"BreadcrumbList\",\"@id\":\"https:\\\/\\\/marktxxl.de\\\/markt\\\/produkt\\\/emy-slip-fuer-maedchen-6er-pack-unterwaesche-fuer-maedchen-2-3-4-5-6-7-8-9-10-11-12-jahre-elastische-baumwolle-weich-elastisch-farben-italien-kinder\\\/#breadcrumb\",\"itemListElement\":[{\"@type\":\"ListItem\",\"position\":1,\"name\":\"Startseite\",\"item\":\"https:\\\/\\\/marktxxl.de\\\/markt\\\/\"},{\"@type\":\"ListItem\",\"position\":2,\"name\":\"Markt\",\"item\":\"https:\\\/\\\/marktxxl.de\\\/markt\\\/\"},{\"@type\":\"ListItem\",\"position\":3,\"name\":\"EMY Slip f\u00fcr M\u00e4dchen, 6er-Pack, Unterw\u00e4sche f\u00fcr M\u00e4dchen, 2-3-4-5-6-7-8-9-10-11-12 Jahre, elastische Baumwolle, weich\u2026\"}]},{\"@type\":\"WebSite\",\"@id\":\"https:\\\/\\\/marktxxl.de\\\/markt\\\/#website\",\"url\":\"https:\\\/\\\/marktxxl.de\\\/markt\\\/\",\"name\":\"Markt-XXL\",\"description\":\"Ihr Markt Online\",\"publisher\":{\"@id\":\"https:\\\/\\\/marktxxl.de\\\/markt\\\/#organization\"},\"potentialAction\":[{\"@type\":\"SearchAction\",\"target\":{\"@type\":\"EntryPoint\",\"urlTemplate\":\"https:\\\/\\\/marktxxl.de\\\/markt\\\/?s={search_term_string}\"},\"query-input\":{\"@type\":\"PropertyValueSpecification\",\"valueRequired\":true,\"valueName\":\"search_term_string\"}}],\"inLanguage\":\"de\"},{\"@type\":\"Organization\",\"@id\":\"https:\\\/\\\/marktxxl.de\\\/markt\\\/#organization\",\"name\":\"Markt-XXL\",\"url\":\"https:\\\/\\\/marktxxl.de\\\/markt\\\/\",\"logo\":{\"@type\":\"ImageObject\",\"inLanguage\":\"de\",\"@id\":\"https:\\\/\\\/marktxxl.de\\\/markt\\\/#\\\/schema\\\/logo\\\/image\\\/\",\"url\":\"https:\\\/\\\/marktxxl.de\\\/markt\\\/wp-content\\\/uploads\\\/sites\\\/3\\\/2020\\\/12\\\/logo.png\",\"contentUrl\":\"https:\\\/\\\/marktxxl.de\\\/markt\\\/wp-content\\\/uploads\\\/sites\\\/3\\\/2020\\\/12\\\/logo.png\",\"width\":200,\"height\":70,\"caption\":\"Markt-XXL\"},\"image\":{\"@id\":\"https:\\\/\\\/marktxxl.de\\\/markt\\\/#\\\/schema\\\/logo\\\/image\\\/\"}}]}<\/script>\n<!-- \/ Yoast SEO plugin. -->","yoast_head_json":{"title":"EMY Slip f\u00fcr M\u00e4dchen, 6er-Pack, Unterw\u00e4sche f\u00fcr M\u00e4dchen, 2-3-4-5-6-7-8-9-10-11-12 Jahre, elastische Baumwolle, weich\u2026 - Markt-XXL","description":"Markt-XXL EMY Slip f\u00fcr M\u00e4dchen, 6er-Pack, Unterw\u00e4sche f\u00fcr M\u00e4dchen, 2-3-4-5-6-7-8-9-10-11-12 Jahre, elastische Baumwolle, weich\u2026","robots":{"index":"index","follow":"follow","max-snippet":"max-snippet:-1","max-image-preview":"max-image-preview:large","max-video-preview":"max-video-preview:-1"},"canonical":"https:\/\/marktxxl.de\/markt\/produkt\/emy-slip-fuer-maedchen-6er-pack-unterwaesche-fuer-maedchen-2-3-4-5-6-7-8-9-10-11-12-jahre-elastische-baumwolle-weich-elastisch-farben-italien-kinder\/","og_locale":"de_DE","og_type":"article","og_title":"EMY Slip f\u00fcr M\u00e4dchen, 6er-Pack, Unterw\u00e4sche f\u00fcr M\u00e4dchen, 2-3-4-5-6-7-8-9-10-11-12 Jahre, elastische Baumwolle, weich\u2026 - Markt-XXL","og_description":"Markt-XXL EMY Slip f\u00fcr M\u00e4dchen, 6er-Pack, Unterw\u00e4sche f\u00fcr M\u00e4dchen, 2-3-4-5-6-7-8-9-10-11-12 Jahre, elastische Baumwolle, weich\u2026","og_url":"https:\/\/marktxxl.de\/markt\/produkt\/emy-slip-fuer-maedchen-6er-pack-unterwaesche-fuer-maedchen-2-3-4-5-6-7-8-9-10-11-12-jahre-elastische-baumwolle-weich-elastisch-farben-italien-kinder\/","og_site_name":"Markt-XXL","article_modified_time":"2023-04-11T02:29:14+00:00","og_image":[{"width":390,"height":500,"url":"https:\/\/m.media-amazon.com\/images\/I\/41YFNZ1tFhL._SL500_.jpg","type":"image\/jpeg"}],"twitter_card":"summary_large_image","twitter_misc":{"Gesch\u00e4tzte Lesezeit":"1\u00a0Minute"},"schema":{"@context":"https:\/\/schema.org","@graph":[{"@type":"WebPage","@id":"https:\/\/marktxxl.de\/markt\/produkt\/emy-slip-fuer-maedchen-6er-pack-unterwaesche-fuer-maedchen-2-3-4-5-6-7-8-9-10-11-12-jahre-elastische-baumwolle-weich-elastisch-farben-italien-kinder\/","url":"https:\/\/marktxxl.de\/markt\/produkt\/emy-slip-fuer-maedchen-6er-pack-unterwaesche-fuer-maedchen-2-3-4-5-6-7-8-9-10-11-12-jahre-elastische-baumwolle-weich-elastisch-farben-italien-kinder\/","name":"EMY Slip f\u00fcr M\u00e4dchen, 6er-Pack, Unterw\u00e4sche f\u00fcr M\u00e4dchen, 2-3-4-5-6-7-8-9-10-11-12 Jahre, elastische Baumwolle, weich\u2026 - Markt-XXL","isPartOf":{"@id":"https:\/\/marktxxl.de\/markt\/#website"},"primaryImageOfPage":{"@id":"https:\/\/marktxxl.de\/markt\/produkt\/emy-slip-fuer-maedchen-6er-pack-unterwaesche-fuer-maedchen-2-3-4-5-6-7-8-9-10-11-12-jahre-elastische-baumwolle-weich-elastisch-farben-italien-kinder\/#primaryimage"},"image":{"@id":"https:\/\/marktxxl.de\/markt\/produkt\/emy-slip-fuer-maedchen-6er-pack-unterwaesche-fuer-maedchen-2-3-4-5-6-7-8-9-10-11-12-jahre-elastische-baumwolle-weich-elastisch-farben-italien-kinder\/#primaryimage"},"thumbnailUrl":"https:\/\/m.media-amazon.com\/images\/I\/41YFNZ1tFhL._SL500_.jpg","datePublished":"2022-09-12T01:17:43+00:00","dateModified":"2023-04-11T02:29:14+00:00","description":"Markt-XXL EMY Slip f\u00fcr M\u00e4dchen, 6er-Pack, Unterw\u00e4sche f\u00fcr M\u00e4dchen, 2-3-4-5-6-7-8-9-10-11-12 Jahre, elastische Baumwolle, weich\u2026","breadcrumb":{"@id":"https:\/\/marktxxl.de\/markt\/produkt\/emy-slip-fuer-maedchen-6er-pack-unterwaesche-fuer-maedchen-2-3-4-5-6-7-8-9-10-11-12-jahre-elastische-baumwolle-weich-elastisch-farben-italien-kinder\/#breadcrumb"},"inLanguage":"de","potentialAction":[{"@type":"ReadAction","target":["https:\/\/marktxxl.de\/markt\/produkt\/emy-slip-fuer-maedchen-6er-pack-unterwaesche-fuer-maedchen-2-3-4-5-6-7-8-9-10-11-12-jahre-elastische-baumwolle-weich-elastisch-farben-italien-kinder\/"]}]},{"@type":"ImageObject","inLanguage":"de","@id":"https:\/\/marktxxl.de\/markt\/produkt\/emy-slip-fuer-maedchen-6er-pack-unterwaesche-fuer-maedchen-2-3-4-5-6-7-8-9-10-11-12-jahre-elastische-baumwolle-weich-elastisch-farben-italien-kinder\/#primaryimage","url":"https:\/\/m.media-amazon.com\/images\/I\/41YFNZ1tFhL._SL500_.jpg","contentUrl":"https:\/\/m.media-amazon.com\/images\/I\/41YFNZ1tFhL._SL500_.jpg","width":390,"height":500},{"@type":"BreadcrumbList","@id":"https:\/\/marktxxl.de\/markt\/produkt\/emy-slip-fuer-maedchen-6er-pack-unterwaesche-fuer-maedchen-2-3-4-5-6-7-8-9-10-11-12-jahre-elastische-baumwolle-weich-elastisch-farben-italien-kinder\/#breadcrumb","itemListElement":[{"@type":"ListItem","position":1,"name":"Startseite","item":"https:\/\/marktxxl.de\/markt\/"},{"@type":"ListItem","position":2,"name":"Markt","item":"https:\/\/marktxxl.de\/markt\/"},{"@type":"ListItem","position":3,"name":"EMY Slip f\u00fcr M\u00e4dchen, 6er-Pack, Unterw\u00e4sche f\u00fcr M\u00e4dchen, 2-3-4-5-6-7-8-9-10-11-12 Jahre, elastische Baumwolle, weich\u2026"}]},{"@type":"WebSite","@id":"https:\/\/marktxxl.de\/markt\/#website","url":"https:\/\/marktxxl.de\/markt\/","name":"Markt-XXL","description":"Ihr Markt Online","publisher":{"@id":"https:\/\/marktxxl.de\/markt\/#organization"},"potentialAction":[{"@type":"SearchAction","target":{"@type":"EntryPoint","urlTemplate":"https:\/\/marktxxl.de\/markt\/?s={search_term_string}"},"query-input":{"@type":"PropertyValueSpecification","valueRequired":true,"valueName":"search_term_string"}}],"inLanguage":"de"},{"@type":"Organization","@id":"https:\/\/marktxxl.de\/markt\/#organization","name":"Markt-XXL","url":"https:\/\/marktxxl.de\/markt\/","logo":{"@type":"ImageObject","inLanguage":"de","@id":"https:\/\/marktxxl.de\/markt\/#\/schema\/logo\/image\/","url":"https:\/\/marktxxl.de\/markt\/wp-content\/uploads\/sites\/3\/2020\/12\/logo.png","contentUrl":"https:\/\/marktxxl.de\/markt\/wp-content\/uploads\/sites\/3\/2020\/12\/logo.png","width":200,"height":70,"caption":"Markt-XXL"},"image":{"@id":"https:\/\/marktxxl.de\/markt\/#\/schema\/logo\/image\/"}}]}},"_links":{"self":[{"href":"https:\/\/marktxxl.de\/markt\/wp-json\/wp\/v2\/product\/149679","targetHints":{"allow":["GET"]}}],"collection":[{"href":"https:\/\/marktxxl.de\/markt\/wp-json\/wp\/v2\/product"}],"about":[{"href":"https:\/\/marktxxl.de\/markt\/wp-json\/wp\/v2\/types\/product"}],"replies":[{"embeddable":true,"href":"https:\/\/marktxxl.de\/markt\/wp-json\/wp\/v2\/comments?post=149679"}],"wp:featuredmedia":[{"embeddable":true,"href":"https:\/\/marktxxl.de\/markt\/wp-json\/wp\/v2\/media\/149680"}],"wp:attachment":[{"href":"https:\/\/marktxxl.de\/markt\/wp-json\/wp\/v2\/media?parent=149679"}],"wp:term":[{"taxonomy":"product_brand","embeddable":true,"href":"https:\/\/marktxxl.de\/markt\/wp-json\/wp\/v2\/product_brand?post=149679"},{"taxonomy":"product_cat","embeddable":true,"href":"https:\/\/marktxxl.de\/markt\/wp-json\/wp\/v2\/product_cat?post=149679"},{"taxonomy":"product_tag","embeddable":true,"href":"https:\/\/marktxxl.de\/markt\/wp-json\/wp\/v2\/product_tag?post=149679"}],"curies":[{"name":"wp","href":"https:\/\/api.w.org\/{rel}","templated":true}]}}