{"id":149600,"date":"2022-09-12T03:13:47","date_gmt":"2022-09-12T01:13:47","guid":{"rendered":"https:\/\/marktxxl.de\/markt\/produkt\/moon-back-by-hanna-andersson-unisex-baby-kurzes-pyjama-set-aus-bio-baumwolle\/"},"modified":"2023-04-11T04:29:13","modified_gmt":"2023-04-11T02:29:13","slug":"moon-back-by-hanna-andersson-unisex-baby-kurzes-pyjama-set-aus-bio-baumwolle","status":"publish","type":"product","link":"https:\/\/marktxxl.de\/markt\/produkt\/moon-back-by-hanna-andersson-unisex-baby-kurzes-pyjama-set-aus-bio-baumwolle\/","title":{"rendered":"Moon &amp; Back by Hanna Andersson Unisex Kinder 2-teiliges kurzes Schlafanzug-Set Nachtw\u00e4sche"},"content":{"rendered":"<p>Aus Sicherheitsgr\u00fcnden sollte Nachtw\u00e4sche entweder schwer entflammbar oder eng anliegend sein, dieser Artikel ist eng anliegend<br \/>\nEingefasster Gummizug an der Taille, glatte Flatlock-N\u00e4hte<br \/>\nEine Amazon-Marke<br \/>\nNachhaltig verarbeitet, zertifiziert frei von \u00fcber 100 sch\u00e4dlichen Chemikalien nach \u00d6ko-Tex Standard 100<br \/>\nVorgewaschener Stoff f\u00fcr zus\u00e4tzliche Weichheit und minimale Schrumpfung<br \/>\nHand-Me-Down Qualit\u00e4t<br \/>\n<div class=\"main-cross-sell\" data-asin=\"B09T77KGFB\">\n\n\t<div class=\"WooZone-cross-sell-loader\">\n\t\t<div>\n\t\t\t<div id=\"floatingBarsG\">\n\t\t\t\t<div class=\"blockG\" id=\"rotateG_01\"><\/div>\n\t\t\t\t<div class=\"blockG\" id=\"rotateG_02\"><\/div>\n\t\t\t\t<div class=\"blockG\" id=\"rotateG_03\"><\/div>\n\t\t\t\t<div class=\"blockG\" id=\"rotateG_04\"><\/div>\n\t\t\t\t<div class=\"blockG\" id=\"rotateG_05\"><\/div>\n\t\t\t\t<div class=\"blockG\" id=\"rotateG_06\"><\/div>\n\t\t\t\t<div class=\"blockG\" id=\"rotateG_07\"><\/div>\n\t\t\t\t<div class=\"blockG\" id=\"rotateG_08\"><\/div>\n\t\t\t<\/div>\n\t\t\t<div class=\"WooZone-cross-sell-loader-text\"><\/div>\n\t\t<\/div>\n\t<\/div>\n\n\t\t\n<\/div>\n<div style=\"clear:both;\"><\/div><\/p>\n","protected":false},"excerpt":{"rendered":"<p>Aus Sicherheitsgr\u00fcnden sollte Nachtw\u00e4sche entweder schwer entflammbar oder eng anliegend sein, dieser Artikel ist eng anliegend<br \/>\nEingefasster Gummizug an der Taille, glatte Flatlock-N\u00e4hte<br \/>\nEine Amazon-Marke<\/p>\n","protected":false},"featured_media":149601,"comment_status":"open","ping_status":"closed","template":"","meta":[],"product_brand":[],"product_cat":[1186,3990],"product_tag":[],"class_list":{"0":"post-149600","1":"product","2":"type-product","3":"status-publish","4":"has-post-thumbnail","6":"product_cat-bekleidung","7":"product_cat-maedchen","8":"pa_binding-textilien","9":"pa_brand-moon-back-by-hanna-andersson","10":"pa_manufacturer-moon-and-back-by-hanna-andersson","11":"pa_model-59954-rp1-100","13":"first","14":"instock","15":"shipping-taxable","16":"purchasable","17":"product-type-simple","18":"customify-col","19":"product-has-gallery"},"yoast_head":"<!-- This site is optimized with the Yoast SEO plugin v27.3 - https:\/\/yoast.com\/product\/yoast-seo-wordpress\/ -->\n<title>Moon &amp; Back by Hanna Andersson Unisex Kinder 2-teiliges kurzes Schlafanzug-Set Nachtw\u00e4sche - Markt-XXL<\/title>\n<meta name=\"description\" content=\"Markt-XXL Moon &amp; Back by Hanna Andersson Unisex Kinder 2-teiliges kurzes Schlafanzug-Set Nachtw\u00e4sche\" \/>\n<meta name=\"robots\" content=\"index, follow, max-snippet:-1, max-image-preview:large, max-video-preview:-1\" \/>\n<link rel=\"canonical\" href=\"https:\/\/marktxxl.de\/markt\/produkt\/moon-back-by-hanna-andersson-unisex-baby-kurzes-pyjama-set-aus-bio-baumwolle\/\" \/>\n<meta property=\"og:locale\" content=\"de_DE\" \/>\n<meta property=\"og:type\" content=\"article\" \/>\n<meta property=\"og:title\" content=\"Moon &amp; Back by Hanna Andersson Unisex Kinder 2-teiliges kurzes Schlafanzug-Set Nachtw\u00e4sche - Markt-XXL\" \/>\n<meta property=\"og:description\" content=\"Markt-XXL Moon &amp; Back by Hanna Andersson Unisex Kinder 2-teiliges kurzes Schlafanzug-Set Nachtw\u00e4sche\" \/>\n<meta property=\"og:url\" content=\"https:\/\/marktxxl.de\/markt\/produkt\/moon-back-by-hanna-andersson-unisex-baby-kurzes-pyjama-set-aus-bio-baumwolle\/\" \/>\n<meta property=\"og:site_name\" content=\"Markt-XXL\" \/>\n<meta property=\"article:modified_time\" content=\"2023-04-11T02:29:13+00:00\" \/>\n<meta property=\"og:image\" content=\"https:\/\/m.media-amazon.com\/images\/I\/41HBAtYdV+S._SL500_.jpg\" \/>\n\t<meta property=\"og:image:width\" content=\"350\" \/>\n\t<meta property=\"og:image:height\" content=\"500\" \/>\n\t<meta property=\"og:image:type\" content=\"image\/jpeg\" \/>\n<meta name=\"twitter:card\" content=\"summary_large_image\" \/>\n<script type=\"application\/ld+json\" class=\"yoast-schema-graph\">{\"@context\":\"https:\\\/\\\/schema.org\",\"@graph\":[{\"@type\":\"WebPage\",\"@id\":\"https:\\\/\\\/marktxxl.de\\\/markt\\\/produkt\\\/moon-back-by-hanna-andersson-unisex-baby-kurzes-pyjama-set-aus-bio-baumwolle\\\/\",\"url\":\"https:\\\/\\\/marktxxl.de\\\/markt\\\/produkt\\\/moon-back-by-hanna-andersson-unisex-baby-kurzes-pyjama-set-aus-bio-baumwolle\\\/\",\"name\":\"Moon &amp; Back by Hanna Andersson Unisex Kinder 2-teiliges kurzes Schlafanzug-Set Nachtw\u00e4sche - Markt-XXL\",\"isPartOf\":{\"@id\":\"https:\\\/\\\/marktxxl.de\\\/markt\\\/#website\"},\"primaryImageOfPage\":{\"@id\":\"https:\\\/\\\/marktxxl.de\\\/markt\\\/produkt\\\/moon-back-by-hanna-andersson-unisex-baby-kurzes-pyjama-set-aus-bio-baumwolle\\\/#primaryimage\"},\"image\":{\"@id\":\"https:\\\/\\\/marktxxl.de\\\/markt\\\/produkt\\\/moon-back-by-hanna-andersson-unisex-baby-kurzes-pyjama-set-aus-bio-baumwolle\\\/#primaryimage\"},\"thumbnailUrl\":\"https:\\\/\\\/m.media-amazon.com\\\/images\\\/I\\\/41HBAtYdV+S._SL500_.jpg\",\"datePublished\":\"2022-09-12T01:13:47+00:00\",\"dateModified\":\"2023-04-11T02:29:13+00:00\",\"description\":\"Markt-XXL Moon &amp; Back by Hanna Andersson Unisex Kinder 2-teiliges kurzes Schlafanzug-Set Nachtw\u00e4sche\",\"breadcrumb\":{\"@id\":\"https:\\\/\\\/marktxxl.de\\\/markt\\\/produkt\\\/moon-back-by-hanna-andersson-unisex-baby-kurzes-pyjama-set-aus-bio-baumwolle\\\/#breadcrumb\"},\"inLanguage\":\"de\",\"potentialAction\":[{\"@type\":\"ReadAction\",\"target\":[\"https:\\\/\\\/marktxxl.de\\\/markt\\\/produkt\\\/moon-back-by-hanna-andersson-unisex-baby-kurzes-pyjama-set-aus-bio-baumwolle\\\/\"]}]},{\"@type\":\"ImageObject\",\"inLanguage\":\"de\",\"@id\":\"https:\\\/\\\/marktxxl.de\\\/markt\\\/produkt\\\/moon-back-by-hanna-andersson-unisex-baby-kurzes-pyjama-set-aus-bio-baumwolle\\\/#primaryimage\",\"url\":\"https:\\\/\\\/m.media-amazon.com\\\/images\\\/I\\\/41HBAtYdV+S._SL500_.jpg\",\"contentUrl\":\"https:\\\/\\\/m.media-amazon.com\\\/images\\\/I\\\/41HBAtYdV+S._SL500_.jpg\",\"width\":350,\"height\":500},{\"@type\":\"BreadcrumbList\",\"@id\":\"https:\\\/\\\/marktxxl.de\\\/markt\\\/produkt\\\/moon-back-by-hanna-andersson-unisex-baby-kurzes-pyjama-set-aus-bio-baumwolle\\\/#breadcrumb\",\"itemListElement\":[{\"@type\":\"ListItem\",\"position\":1,\"name\":\"Startseite\",\"item\":\"https:\\\/\\\/marktxxl.de\\\/markt\\\/\"},{\"@type\":\"ListItem\",\"position\":2,\"name\":\"Markt\",\"item\":\"https:\\\/\\\/marktxxl.de\\\/markt\\\/\"},{\"@type\":\"ListItem\",\"position\":3,\"name\":\"Moon &amp; Back by Hanna Andersson Unisex Kinder 2-teiliges kurzes Schlafanzug-Set Nachtw\u00e4sche\"}]},{\"@type\":\"WebSite\",\"@id\":\"https:\\\/\\\/marktxxl.de\\\/markt\\\/#website\",\"url\":\"https:\\\/\\\/marktxxl.de\\\/markt\\\/\",\"name\":\"Markt-XXL\",\"description\":\"Ihr Markt Online\",\"publisher\":{\"@id\":\"https:\\\/\\\/marktxxl.de\\\/markt\\\/#organization\"},\"potentialAction\":[{\"@type\":\"SearchAction\",\"target\":{\"@type\":\"EntryPoint\",\"urlTemplate\":\"https:\\\/\\\/marktxxl.de\\\/markt\\\/?s={search_term_string}\"},\"query-input\":{\"@type\":\"PropertyValueSpecification\",\"valueRequired\":true,\"valueName\":\"search_term_string\"}}],\"inLanguage\":\"de\"},{\"@type\":\"Organization\",\"@id\":\"https:\\\/\\\/marktxxl.de\\\/markt\\\/#organization\",\"name\":\"Markt-XXL\",\"url\":\"https:\\\/\\\/marktxxl.de\\\/markt\\\/\",\"logo\":{\"@type\":\"ImageObject\",\"inLanguage\":\"de\",\"@id\":\"https:\\\/\\\/marktxxl.de\\\/markt\\\/#\\\/schema\\\/logo\\\/image\\\/\",\"url\":\"https:\\\/\\\/marktxxl.de\\\/markt\\\/wp-content\\\/uploads\\\/sites\\\/3\\\/2020\\\/12\\\/logo.png\",\"contentUrl\":\"https:\\\/\\\/marktxxl.de\\\/markt\\\/wp-content\\\/uploads\\\/sites\\\/3\\\/2020\\\/12\\\/logo.png\",\"width\":200,\"height\":70,\"caption\":\"Markt-XXL\"},\"image\":{\"@id\":\"https:\\\/\\\/marktxxl.de\\\/markt\\\/#\\\/schema\\\/logo\\\/image\\\/\"}}]}<\/script>\n<!-- \/ Yoast SEO plugin. -->","yoast_head_json":{"title":"Moon &amp; Back by Hanna Andersson Unisex Kinder 2-teiliges kurzes Schlafanzug-Set Nachtw\u00e4sche - Markt-XXL","description":"Markt-XXL Moon &amp; Back by Hanna Andersson Unisex Kinder 2-teiliges kurzes Schlafanzug-Set Nachtw\u00e4sche","robots":{"index":"index","follow":"follow","max-snippet":"max-snippet:-1","max-image-preview":"max-image-preview:large","max-video-preview":"max-video-preview:-1"},"canonical":"https:\/\/marktxxl.de\/markt\/produkt\/moon-back-by-hanna-andersson-unisex-baby-kurzes-pyjama-set-aus-bio-baumwolle\/","og_locale":"de_DE","og_type":"article","og_title":"Moon &amp; Back by Hanna Andersson Unisex Kinder 2-teiliges kurzes Schlafanzug-Set Nachtw\u00e4sche - Markt-XXL","og_description":"Markt-XXL Moon &amp; Back by Hanna Andersson Unisex Kinder 2-teiliges kurzes Schlafanzug-Set Nachtw\u00e4sche","og_url":"https:\/\/marktxxl.de\/markt\/produkt\/moon-back-by-hanna-andersson-unisex-baby-kurzes-pyjama-set-aus-bio-baumwolle\/","og_site_name":"Markt-XXL","article_modified_time":"2023-04-11T02:29:13+00:00","og_image":[{"width":350,"height":500,"url":"https:\/\/m.media-amazon.com\/images\/I\/41HBAtYdV+S._SL500_.jpg","type":"image\/jpeg"}],"twitter_card":"summary_large_image","schema":{"@context":"https:\/\/schema.org","@graph":[{"@type":"WebPage","@id":"https:\/\/marktxxl.de\/markt\/produkt\/moon-back-by-hanna-andersson-unisex-baby-kurzes-pyjama-set-aus-bio-baumwolle\/","url":"https:\/\/marktxxl.de\/markt\/produkt\/moon-back-by-hanna-andersson-unisex-baby-kurzes-pyjama-set-aus-bio-baumwolle\/","name":"Moon &amp; Back by Hanna Andersson Unisex Kinder 2-teiliges kurzes Schlafanzug-Set Nachtw\u00e4sche - Markt-XXL","isPartOf":{"@id":"https:\/\/marktxxl.de\/markt\/#website"},"primaryImageOfPage":{"@id":"https:\/\/marktxxl.de\/markt\/produkt\/moon-back-by-hanna-andersson-unisex-baby-kurzes-pyjama-set-aus-bio-baumwolle\/#primaryimage"},"image":{"@id":"https:\/\/marktxxl.de\/markt\/produkt\/moon-back-by-hanna-andersson-unisex-baby-kurzes-pyjama-set-aus-bio-baumwolle\/#primaryimage"},"thumbnailUrl":"https:\/\/m.media-amazon.com\/images\/I\/41HBAtYdV+S._SL500_.jpg","datePublished":"2022-09-12T01:13:47+00:00","dateModified":"2023-04-11T02:29:13+00:00","description":"Markt-XXL Moon &amp; Back by Hanna Andersson Unisex Kinder 2-teiliges kurzes Schlafanzug-Set Nachtw\u00e4sche","breadcrumb":{"@id":"https:\/\/marktxxl.de\/markt\/produkt\/moon-back-by-hanna-andersson-unisex-baby-kurzes-pyjama-set-aus-bio-baumwolle\/#breadcrumb"},"inLanguage":"de","potentialAction":[{"@type":"ReadAction","target":["https:\/\/marktxxl.de\/markt\/produkt\/moon-back-by-hanna-andersson-unisex-baby-kurzes-pyjama-set-aus-bio-baumwolle\/"]}]},{"@type":"ImageObject","inLanguage":"de","@id":"https:\/\/marktxxl.de\/markt\/produkt\/moon-back-by-hanna-andersson-unisex-baby-kurzes-pyjama-set-aus-bio-baumwolle\/#primaryimage","url":"https:\/\/m.media-amazon.com\/images\/I\/41HBAtYdV+S._SL500_.jpg","contentUrl":"https:\/\/m.media-amazon.com\/images\/I\/41HBAtYdV+S._SL500_.jpg","width":350,"height":500},{"@type":"BreadcrumbList","@id":"https:\/\/marktxxl.de\/markt\/produkt\/moon-back-by-hanna-andersson-unisex-baby-kurzes-pyjama-set-aus-bio-baumwolle\/#breadcrumb","itemListElement":[{"@type":"ListItem","position":1,"name":"Startseite","item":"https:\/\/marktxxl.de\/markt\/"},{"@type":"ListItem","position":2,"name":"Markt","item":"https:\/\/marktxxl.de\/markt\/"},{"@type":"ListItem","position":3,"name":"Moon &amp; Back by Hanna Andersson Unisex Kinder 2-teiliges kurzes Schlafanzug-Set Nachtw\u00e4sche"}]},{"@type":"WebSite","@id":"https:\/\/marktxxl.de\/markt\/#website","url":"https:\/\/marktxxl.de\/markt\/","name":"Markt-XXL","description":"Ihr Markt Online","publisher":{"@id":"https:\/\/marktxxl.de\/markt\/#organization"},"potentialAction":[{"@type":"SearchAction","target":{"@type":"EntryPoint","urlTemplate":"https:\/\/marktxxl.de\/markt\/?s={search_term_string}"},"query-input":{"@type":"PropertyValueSpecification","valueRequired":true,"valueName":"search_term_string"}}],"inLanguage":"de"},{"@type":"Organization","@id":"https:\/\/marktxxl.de\/markt\/#organization","name":"Markt-XXL","url":"https:\/\/marktxxl.de\/markt\/","logo":{"@type":"ImageObject","inLanguage":"de","@id":"https:\/\/marktxxl.de\/markt\/#\/schema\/logo\/image\/","url":"https:\/\/marktxxl.de\/markt\/wp-content\/uploads\/sites\/3\/2020\/12\/logo.png","contentUrl":"https:\/\/marktxxl.de\/markt\/wp-content\/uploads\/sites\/3\/2020\/12\/logo.png","width":200,"height":70,"caption":"Markt-XXL"},"image":{"@id":"https:\/\/marktxxl.de\/markt\/#\/schema\/logo\/image\/"}}]}},"_links":{"self":[{"href":"https:\/\/marktxxl.de\/markt\/wp-json\/wp\/v2\/product\/149600","targetHints":{"allow":["GET"]}}],"collection":[{"href":"https:\/\/marktxxl.de\/markt\/wp-json\/wp\/v2\/product"}],"about":[{"href":"https:\/\/marktxxl.de\/markt\/wp-json\/wp\/v2\/types\/product"}],"replies":[{"embeddable":true,"href":"https:\/\/marktxxl.de\/markt\/wp-json\/wp\/v2\/comments?post=149600"}],"wp:featuredmedia":[{"embeddable":true,"href":"https:\/\/marktxxl.de\/markt\/wp-json\/wp\/v2\/media\/149601"}],"wp:attachment":[{"href":"https:\/\/marktxxl.de\/markt\/wp-json\/wp\/v2\/media?parent=149600"}],"wp:term":[{"taxonomy":"product_brand","embeddable":true,"href":"https:\/\/marktxxl.de\/markt\/wp-json\/wp\/v2\/product_brand?post=149600"},{"taxonomy":"product_cat","embeddable":true,"href":"https:\/\/marktxxl.de\/markt\/wp-json\/wp\/v2\/product_cat?post=149600"},{"taxonomy":"product_tag","embeddable":true,"href":"https:\/\/marktxxl.de\/markt\/wp-json\/wp\/v2\/product_tag?post=149600"}],"curies":[{"name":"wp","href":"https:\/\/api.w.org\/{rel}","templated":true}]}}