{"id":149563,"date":"2022-09-12T03:11:17","date_gmt":"2022-09-12T01:11:17","guid":{"rendered":"https:\/\/marktxxl.de\/markt\/produkt\/sesame-street-elmo-boys-girls-multi-pack-crew-socks-with-grippers-baby-toddler\/"},"modified":"2023-04-11T04:29:12","modified_gmt":"2023-04-11T02:29:12","slug":"sesame-street-elmo-boys-girls-multi-pack-crew-socks-with-grippers-baby-toddler","status":"publish","type":"product","link":"https:\/\/marktxxl.de\/markt\/produkt\/sesame-street-elmo-boys-girls-multi-pack-crew-socks-with-grippers-baby-toddler\/","title":{"rendered":"Sesamstrasse Elmo Jungen M\u00e4dchen Socken mit Greifer Multipack (Baby\/Kleinkind)"},"content":{"rendered":"<p>Gro\u00dfartiges Preis-Leistungs-Verh\u00e4ltnis \u2013 diese exklusiven Sesamstrass-Socken f\u00fcr Kleinkinder und M\u00e4dchen und Jungen sind ein tolles Preis-Leistungs-Verh\u00e4ltnis. Diese Quarter-Socken-Sets haben leuchtende Farben und verschiedene Charaktere. Sie enthalten Rippstrickb\u00fcndchen, verst\u00e4rkte Fersen und Zehen sowie Greifer an der Sohle, um ein Verrutschen des Kleinen zu verhindern. Diese hochwertigen Sportsocken beinhalten Unterst\u00fctzung des Fu\u00dfgew\u00f6lbes und gepolsterte Sohle. W\u00e4hlen Sie aus 6 St\u00fcck Sesamstra\u00dfe Gang oder dem 3er-Pack Elmo.<br \/>\nGr\u00f6\u00dfe \u2013 diese tollen Sesamstrassen-Greifsocken sind in Babysocken der Gr\u00f6\u00dfe 12\u201324 Monate sowie in den Gr\u00f6\u00dfen 2T-3T und 4T-5T erh\u00e4ltlich.<br \/>\nMit ihren liebsten Sesamstra\u00dfe-Charakteren \u2013 diese super s\u00fc\u00dfen Socken bringen ein L\u00e4cheln ins Gesicht Ihres Kindes. Sie verf\u00fcgen \u00fcber Grafiken der Sesamstra\u00dfe-Charaktere: Elmo, Big Bird, Cookie Monster, Oscar the Grouch, Bert, Zoe, Abby und Ernie!<br \/>\nDas perfekte Geschenk. Sesamstrasse Socken f\u00fcr Kleinkinder und Kleinkinder sind das perfekte Geburtstags- oder Weihnachtsgeschenk. Warum? Sie sind gut konstruiert, verf\u00fcgen \u00fcber eine tolle Grafik und sind sehr erschwinglich. Es ist das perfekte Socken-Set f\u00fcr jeden Sesamstra\u00dfe-Fan.<br \/>\nProduktpflege \u2013 Die Pflege dieser Socken ist einfach. Waschen Sie sie in kaltem Wasser. Diese Socken werden importiert. Diese niedlichen Socken sind aus 98% Polyester und 2% Spandex-Gewebe.<br \/>\n<div class=\"main-cross-sell\" data-asin=\"B076KYMHF8\">\n\n\t<div class=\"WooZone-cross-sell-loader\">\n\t\t<div>\n\t\t\t<div id=\"floatingBarsG\">\n\t\t\t\t<div class=\"blockG\" id=\"rotateG_01\"><\/div>\n\t\t\t\t<div class=\"blockG\" id=\"rotateG_02\"><\/div>\n\t\t\t\t<div class=\"blockG\" id=\"rotateG_03\"><\/div>\n\t\t\t\t<div class=\"blockG\" id=\"rotateG_04\"><\/div>\n\t\t\t\t<div class=\"blockG\" id=\"rotateG_05\"><\/div>\n\t\t\t\t<div class=\"blockG\" id=\"rotateG_06\"><\/div>\n\t\t\t\t<div class=\"blockG\" id=\"rotateG_07\"><\/div>\n\t\t\t\t<div class=\"blockG\" id=\"rotateG_08\"><\/div>\n\t\t\t<\/div>\n\t\t\t<div class=\"WooZone-cross-sell-loader-text\"><\/div>\n\t\t<\/div>\n\t<\/div>\n\n\t\t\n<\/div>\n<div style=\"clear:both;\"><\/div><\/p>\n","protected":false},"excerpt":{"rendered":"<p>Gro\u00dfartiges Preis-Leistungs-Verh\u00e4ltnis \u2013 diese exklusiven Sesamstrass-Socken f\u00fcr Kleinkinder und M\u00e4dchen und Jungen sind ein tolles Preis-Leistungs-Verh\u00e4ltnis. Diese Quarter-Socken-Sets haben leuchtende Farben und verschiedene Charaktere. Sie enthalten Rippstrickb\u00fcndchen, verst\u00e4rkte Fersen und Zehen sowie Greifer an der Sohle, um ein Verrutschen des Kleinen zu verhindern. Diese hochwertigen Sportsocken beinhalten Unterst\u00fctzung des Fu\u00dfgew\u00f6lbes und gepolsterte Sohle. W\u00e4hlen Sie aus 6 St\u00fcck Sesamstra\u00dfe Gang oder dem 3er-Pack Elmo.<br \/>\nGr\u00f6\u00dfe \u2013 diese tollen Sesamstrassen-Greifsocken sind in Babysocken der Gr\u00f6\u00dfe 12\u201324 Monate sowie in den Gr\u00f6\u00dfen 2T-3T und 4T-5T erh\u00e4ltlich.<br \/>\nMit ihren liebsten Sesamstra\u00dfe-Charakteren \u2013 diese super s\u00fc\u00dfen Socken bringen ein L\u00e4cheln ins Gesicht Ihres Kindes. Sie verf\u00fcgen \u00fcber Grafiken der Sesamstra\u00dfe-Charaktere: Elmo, Big Bird, Cookie Monster, Oscar the Grouch, Bert, Zoe, Abby und Ernie!<\/p>\n","protected":false},"featured_media":149564,"comment_status":"open","ping_status":"closed","template":"","meta":[],"product_brand":[],"product_cat":[1186,3990],"product_tag":[],"class_list":{"0":"post-149563","1":"product","2":"type-product","3":"status-publish","4":"has-post-thumbnail","6":"product_cat-bekleidung","7":"product_cat-maedchen","8":"pa_binding-textilien","9":"pa_brand-sesame-street","10":"pa_color-abby-zoe-6-pk","11":"pa_height-3-zoll","12":"pa_length-6-5-zoll","13":"pa_manufacturer-manufacturer","14":"pa_model-ss9325","15":"pa_size-12-24-monate","16":"pa_width-3-zoll","18":"first","19":"instock","20":"shipping-taxable","21":"purchasable","22":"product-type-simple","23":"customify-col","24":"product-has-gallery"},"yoast_head":"<!-- This site is optimized with the Yoast SEO plugin v27.4 - https:\/\/yoast.com\/product\/yoast-seo-wordpress\/ -->\n<title>Sesamstrasse Elmo Jungen M\u00e4dchen Socken mit Greifer Multipack (Baby\/Kleinkind) - Markt-XXL<\/title>\n<meta name=\"description\" content=\"Markt-XXL Sesamstrasse Elmo Jungen M\u00e4dchen Socken mit Greifer Multipack (Baby\/Kleinkind)\" \/>\n<meta name=\"robots\" content=\"index, follow, max-snippet:-1, max-image-preview:large, max-video-preview:-1\" \/>\n<link rel=\"canonical\" href=\"https:\/\/marktxxl.de\/markt\/produkt\/sesame-street-elmo-boys-girls-multi-pack-crew-socks-with-grippers-baby-toddler\/\" \/>\n<meta property=\"og:locale\" content=\"de_DE\" \/>\n<meta property=\"og:type\" content=\"article\" \/>\n<meta property=\"og:title\" content=\"Sesamstrasse Elmo Jungen M\u00e4dchen Socken mit Greifer Multipack (Baby\/Kleinkind) - Markt-XXL\" \/>\n<meta property=\"og:description\" content=\"Markt-XXL Sesamstrasse Elmo Jungen M\u00e4dchen Socken mit Greifer Multipack (Baby\/Kleinkind)\" \/>\n<meta property=\"og:url\" content=\"https:\/\/marktxxl.de\/markt\/produkt\/sesame-street-elmo-boys-girls-multi-pack-crew-socks-with-grippers-baby-toddler\/\" \/>\n<meta property=\"og:site_name\" content=\"Markt-XXL\" \/>\n<meta property=\"article:modified_time\" content=\"2023-04-11T02:29:12+00:00\" \/>\n<meta property=\"og:image\" content=\"https:\/\/m.media-amazon.com\/images\/I\/51WYI0uFpHL._SL500_.jpg\" \/>\n\t<meta property=\"og:image:width\" content=\"500\" \/>\n\t<meta property=\"og:image:height\" content=\"500\" \/>\n\t<meta property=\"og:image:type\" content=\"image\/jpeg\" \/>\n<meta name=\"twitter:card\" content=\"summary_large_image\" \/>\n<meta name=\"twitter:label1\" content=\"Gesch\u00e4tzte Lesezeit\" \/>\n\t<meta name=\"twitter:data1\" content=\"1\u00a0Minute\" \/>\n<script type=\"application\/ld+json\" class=\"yoast-schema-graph\">{\"@context\":\"https:\\\/\\\/schema.org\",\"@graph\":[{\"@type\":\"WebPage\",\"@id\":\"https:\\\/\\\/marktxxl.de\\\/markt\\\/produkt\\\/sesame-street-elmo-boys-girls-multi-pack-crew-socks-with-grippers-baby-toddler\\\/\",\"url\":\"https:\\\/\\\/marktxxl.de\\\/markt\\\/produkt\\\/sesame-street-elmo-boys-girls-multi-pack-crew-socks-with-grippers-baby-toddler\\\/\",\"name\":\"Sesamstrasse Elmo Jungen M\u00e4dchen Socken mit Greifer Multipack (Baby\\\/Kleinkind) - Markt-XXL\",\"isPartOf\":{\"@id\":\"https:\\\/\\\/marktxxl.de\\\/markt\\\/#website\"},\"primaryImageOfPage\":{\"@id\":\"https:\\\/\\\/marktxxl.de\\\/markt\\\/produkt\\\/sesame-street-elmo-boys-girls-multi-pack-crew-socks-with-grippers-baby-toddler\\\/#primaryimage\"},\"image\":{\"@id\":\"https:\\\/\\\/marktxxl.de\\\/markt\\\/produkt\\\/sesame-street-elmo-boys-girls-multi-pack-crew-socks-with-grippers-baby-toddler\\\/#primaryimage\"},\"thumbnailUrl\":\"https:\\\/\\\/m.media-amazon.com\\\/images\\\/I\\\/51WYI0uFpHL._SL500_.jpg\",\"datePublished\":\"2022-09-12T01:11:17+00:00\",\"dateModified\":\"2023-04-11T02:29:12+00:00\",\"description\":\"Markt-XXL Sesamstrasse Elmo Jungen M\u00e4dchen Socken mit Greifer Multipack (Baby\\\/Kleinkind)\",\"breadcrumb\":{\"@id\":\"https:\\\/\\\/marktxxl.de\\\/markt\\\/produkt\\\/sesame-street-elmo-boys-girls-multi-pack-crew-socks-with-grippers-baby-toddler\\\/#breadcrumb\"},\"inLanguage\":\"de\",\"potentialAction\":[{\"@type\":\"ReadAction\",\"target\":[\"https:\\\/\\\/marktxxl.de\\\/markt\\\/produkt\\\/sesame-street-elmo-boys-girls-multi-pack-crew-socks-with-grippers-baby-toddler\\\/\"]}]},{\"@type\":\"ImageObject\",\"inLanguage\":\"de\",\"@id\":\"https:\\\/\\\/marktxxl.de\\\/markt\\\/produkt\\\/sesame-street-elmo-boys-girls-multi-pack-crew-socks-with-grippers-baby-toddler\\\/#primaryimage\",\"url\":\"https:\\\/\\\/m.media-amazon.com\\\/images\\\/I\\\/51WYI0uFpHL._SL500_.jpg\",\"contentUrl\":\"https:\\\/\\\/m.media-amazon.com\\\/images\\\/I\\\/51WYI0uFpHL._SL500_.jpg\",\"width\":500,\"height\":500},{\"@type\":\"BreadcrumbList\",\"@id\":\"https:\\\/\\\/marktxxl.de\\\/markt\\\/produkt\\\/sesame-street-elmo-boys-girls-multi-pack-crew-socks-with-grippers-baby-toddler\\\/#breadcrumb\",\"itemListElement\":[{\"@type\":\"ListItem\",\"position\":1,\"name\":\"Startseite\",\"item\":\"https:\\\/\\\/marktxxl.de\\\/markt\\\/\"},{\"@type\":\"ListItem\",\"position\":2,\"name\":\"Markt\",\"item\":\"https:\\\/\\\/marktxxl.de\\\/markt\\\/\"},{\"@type\":\"ListItem\",\"position\":3,\"name\":\"Sesamstrasse Elmo Jungen M\u00e4dchen Socken mit Greifer Multipack (Baby\\\/Kleinkind)\"}]},{\"@type\":\"WebSite\",\"@id\":\"https:\\\/\\\/marktxxl.de\\\/markt\\\/#website\",\"url\":\"https:\\\/\\\/marktxxl.de\\\/markt\\\/\",\"name\":\"Markt-XXL\",\"description\":\"Ihr Markt Online\",\"publisher\":{\"@id\":\"https:\\\/\\\/marktxxl.de\\\/markt\\\/#organization\"},\"potentialAction\":[{\"@type\":\"SearchAction\",\"target\":{\"@type\":\"EntryPoint\",\"urlTemplate\":\"https:\\\/\\\/marktxxl.de\\\/markt\\\/?s={search_term_string}\"},\"query-input\":{\"@type\":\"PropertyValueSpecification\",\"valueRequired\":true,\"valueName\":\"search_term_string\"}}],\"inLanguage\":\"de\"},{\"@type\":\"Organization\",\"@id\":\"https:\\\/\\\/marktxxl.de\\\/markt\\\/#organization\",\"name\":\"Markt-XXL\",\"url\":\"https:\\\/\\\/marktxxl.de\\\/markt\\\/\",\"logo\":{\"@type\":\"ImageObject\",\"inLanguage\":\"de\",\"@id\":\"https:\\\/\\\/marktxxl.de\\\/markt\\\/#\\\/schema\\\/logo\\\/image\\\/\",\"url\":\"https:\\\/\\\/marktxxl.de\\\/markt\\\/wp-content\\\/uploads\\\/sites\\\/3\\\/2020\\\/12\\\/logo.png\",\"contentUrl\":\"https:\\\/\\\/marktxxl.de\\\/markt\\\/wp-content\\\/uploads\\\/sites\\\/3\\\/2020\\\/12\\\/logo.png\",\"width\":200,\"height\":70,\"caption\":\"Markt-XXL\"},\"image\":{\"@id\":\"https:\\\/\\\/marktxxl.de\\\/markt\\\/#\\\/schema\\\/logo\\\/image\\\/\"}}]}<\/script>\n<!-- \/ Yoast SEO plugin. -->","yoast_head_json":{"title":"Sesamstrasse Elmo Jungen M\u00e4dchen Socken mit Greifer Multipack (Baby\/Kleinkind) - Markt-XXL","description":"Markt-XXL Sesamstrasse Elmo Jungen M\u00e4dchen Socken mit Greifer Multipack (Baby\/Kleinkind)","robots":{"index":"index","follow":"follow","max-snippet":"max-snippet:-1","max-image-preview":"max-image-preview:large","max-video-preview":"max-video-preview:-1"},"canonical":"https:\/\/marktxxl.de\/markt\/produkt\/sesame-street-elmo-boys-girls-multi-pack-crew-socks-with-grippers-baby-toddler\/","og_locale":"de_DE","og_type":"article","og_title":"Sesamstrasse Elmo Jungen M\u00e4dchen Socken mit Greifer Multipack (Baby\/Kleinkind) - Markt-XXL","og_description":"Markt-XXL Sesamstrasse Elmo Jungen M\u00e4dchen Socken mit Greifer Multipack (Baby\/Kleinkind)","og_url":"https:\/\/marktxxl.de\/markt\/produkt\/sesame-street-elmo-boys-girls-multi-pack-crew-socks-with-grippers-baby-toddler\/","og_site_name":"Markt-XXL","article_modified_time":"2023-04-11T02:29:12+00:00","og_image":[{"width":500,"height":500,"url":"https:\/\/m.media-amazon.com\/images\/I\/51WYI0uFpHL._SL500_.jpg","type":"image\/jpeg"}],"twitter_card":"summary_large_image","twitter_misc":{"Gesch\u00e4tzte Lesezeit":"1\u00a0Minute"},"schema":{"@context":"https:\/\/schema.org","@graph":[{"@type":"WebPage","@id":"https:\/\/marktxxl.de\/markt\/produkt\/sesame-street-elmo-boys-girls-multi-pack-crew-socks-with-grippers-baby-toddler\/","url":"https:\/\/marktxxl.de\/markt\/produkt\/sesame-street-elmo-boys-girls-multi-pack-crew-socks-with-grippers-baby-toddler\/","name":"Sesamstrasse Elmo Jungen M\u00e4dchen Socken mit Greifer Multipack (Baby\/Kleinkind) - Markt-XXL","isPartOf":{"@id":"https:\/\/marktxxl.de\/markt\/#website"},"primaryImageOfPage":{"@id":"https:\/\/marktxxl.de\/markt\/produkt\/sesame-street-elmo-boys-girls-multi-pack-crew-socks-with-grippers-baby-toddler\/#primaryimage"},"image":{"@id":"https:\/\/marktxxl.de\/markt\/produkt\/sesame-street-elmo-boys-girls-multi-pack-crew-socks-with-grippers-baby-toddler\/#primaryimage"},"thumbnailUrl":"https:\/\/m.media-amazon.com\/images\/I\/51WYI0uFpHL._SL500_.jpg","datePublished":"2022-09-12T01:11:17+00:00","dateModified":"2023-04-11T02:29:12+00:00","description":"Markt-XXL Sesamstrasse Elmo Jungen M\u00e4dchen Socken mit Greifer Multipack (Baby\/Kleinkind)","breadcrumb":{"@id":"https:\/\/marktxxl.de\/markt\/produkt\/sesame-street-elmo-boys-girls-multi-pack-crew-socks-with-grippers-baby-toddler\/#breadcrumb"},"inLanguage":"de","potentialAction":[{"@type":"ReadAction","target":["https:\/\/marktxxl.de\/markt\/produkt\/sesame-street-elmo-boys-girls-multi-pack-crew-socks-with-grippers-baby-toddler\/"]}]},{"@type":"ImageObject","inLanguage":"de","@id":"https:\/\/marktxxl.de\/markt\/produkt\/sesame-street-elmo-boys-girls-multi-pack-crew-socks-with-grippers-baby-toddler\/#primaryimage","url":"https:\/\/m.media-amazon.com\/images\/I\/51WYI0uFpHL._SL500_.jpg","contentUrl":"https:\/\/m.media-amazon.com\/images\/I\/51WYI0uFpHL._SL500_.jpg","width":500,"height":500},{"@type":"BreadcrumbList","@id":"https:\/\/marktxxl.de\/markt\/produkt\/sesame-street-elmo-boys-girls-multi-pack-crew-socks-with-grippers-baby-toddler\/#breadcrumb","itemListElement":[{"@type":"ListItem","position":1,"name":"Startseite","item":"https:\/\/marktxxl.de\/markt\/"},{"@type":"ListItem","position":2,"name":"Markt","item":"https:\/\/marktxxl.de\/markt\/"},{"@type":"ListItem","position":3,"name":"Sesamstrasse Elmo Jungen M\u00e4dchen Socken mit Greifer Multipack (Baby\/Kleinkind)"}]},{"@type":"WebSite","@id":"https:\/\/marktxxl.de\/markt\/#website","url":"https:\/\/marktxxl.de\/markt\/","name":"Markt-XXL","description":"Ihr Markt Online","publisher":{"@id":"https:\/\/marktxxl.de\/markt\/#organization"},"potentialAction":[{"@type":"SearchAction","target":{"@type":"EntryPoint","urlTemplate":"https:\/\/marktxxl.de\/markt\/?s={search_term_string}"},"query-input":{"@type":"PropertyValueSpecification","valueRequired":true,"valueName":"search_term_string"}}],"inLanguage":"de"},{"@type":"Organization","@id":"https:\/\/marktxxl.de\/markt\/#organization","name":"Markt-XXL","url":"https:\/\/marktxxl.de\/markt\/","logo":{"@type":"ImageObject","inLanguage":"de","@id":"https:\/\/marktxxl.de\/markt\/#\/schema\/logo\/image\/","url":"https:\/\/marktxxl.de\/markt\/wp-content\/uploads\/sites\/3\/2020\/12\/logo.png","contentUrl":"https:\/\/marktxxl.de\/markt\/wp-content\/uploads\/sites\/3\/2020\/12\/logo.png","width":200,"height":70,"caption":"Markt-XXL"},"image":{"@id":"https:\/\/marktxxl.de\/markt\/#\/schema\/logo\/image\/"}}]}},"_links":{"self":[{"href":"https:\/\/marktxxl.de\/markt\/wp-json\/wp\/v2\/product\/149563","targetHints":{"allow":["GET"]}}],"collection":[{"href":"https:\/\/marktxxl.de\/markt\/wp-json\/wp\/v2\/product"}],"about":[{"href":"https:\/\/marktxxl.de\/markt\/wp-json\/wp\/v2\/types\/product"}],"replies":[{"embeddable":true,"href":"https:\/\/marktxxl.de\/markt\/wp-json\/wp\/v2\/comments?post=149563"}],"wp:featuredmedia":[{"embeddable":true,"href":"https:\/\/marktxxl.de\/markt\/wp-json\/wp\/v2\/media\/149564"}],"wp:attachment":[{"href":"https:\/\/marktxxl.de\/markt\/wp-json\/wp\/v2\/media?parent=149563"}],"wp:term":[{"taxonomy":"product_brand","embeddable":true,"href":"https:\/\/marktxxl.de\/markt\/wp-json\/wp\/v2\/product_brand?post=149563"},{"taxonomy":"product_cat","embeddable":true,"href":"https:\/\/marktxxl.de\/markt\/wp-json\/wp\/v2\/product_cat?post=149563"},{"taxonomy":"product_tag","embeddable":true,"href":"https:\/\/marktxxl.de\/markt\/wp-json\/wp\/v2\/product_tag?post=149563"}],"curies":[{"name":"wp","href":"https:\/\/api.w.org\/{rel}","templated":true}]}}