{"id":149558,"date":"2022-09-12T03:11:07","date_gmt":"2022-09-12T01:11:07","guid":{"rendered":"https:\/\/marktxxl.de\/markt\/produkt\/suekaphin-still-bh-drahtloser-bh-damen-schlaf-bh-still-bh-5-stueck\/"},"modified":"2023-04-11T04:29:12","modified_gmt":"2023-04-11T02:29:12","slug":"suekaphin-still-bh-drahtloser-bh-damen-schlaf-bh-still-bh-5-stueck","status":"publish","type":"product","link":"https:\/\/marktxxl.de\/markt\/produkt\/suekaphin-still-bh-drahtloser-bh-damen-schlaf-bh-still-bh-5-stueck\/","title":{"rendered":"Suekaphin Still-BH, kabellos, f\u00fcr Damen, zum Schlafen, Umstands-BH, Still-BH, 5 St\u00fcck"},"content":{"rendered":"<p>Geeignet f\u00fcr Mutter und Baby: Unsere Design-Ideen sind alle f\u00fcr Mutter und Baby, am wichtigsten f\u00fcr die Schwangerschaft oder das Stillen ist bequem und bequem, nicht nur beim Tragen, sondern auch beim Einkaufen und Service. Der Suekaphin Still-BH verf\u00fcgt \u00fcber kabellose K\u00f6rbchen, verstellbare Tr\u00e4ger, abnehmbare Polsterung, Ein-Schritt-F\u00fctterungsverschluss. Wir bieten mehrere farbige BHs in verschiedenen Gruppen zur Auswahl, inklusive farblich passende Extender, keine Notwendigkeit, mehr Zubeh\u00f6r zu kaufen. Alles, was Sie brauchen, sind in Packung<br \/>\nDesign f\u00fcr Schwangere und Stillen: Unser Still-BH verf\u00fcgt \u00fcber ein kabelloses Design und macht den BH sehr weich, er belastet Ihre Rippe nicht, das elastische Gewebe gibt genug Unterst\u00fctzung f\u00fcr die Brust, er beh\u00e4lt die Form nach dem Waschen, abnehmbare Polsterung, einfacher zu waschen und Sie k\u00f6nnen ihn auch entfernen, um ihn zu tragen, wie Sie es gewohnheiten. Einstufiger Futterverschluss k\u00f6nnen Sie die Tasse separat mit einem Schritt abnehmen. und mit einer Hand die Brust F\u00fctterung wird einfacher und nicht umst\u00e4ndlich. Das breite Seitenband verdeckt Achselfett und h\u00e4lt eng anliegend.<br \/>\nAusw\u00e4hlbares Material: Der Stoff ist sehr glatt und sanft zu Ihrer Haut, keine Irritationen, die gute Elastizit\u00e4t h\u00e4lt die BH-Form und eng an Ihren K\u00f6rper an und macht die BHs nach wiederholtem Waschen haltbarer. Dar\u00fcber hinaus ist dieser Stoff auch sehr atmungsaktiv, Sie k\u00f6nnen ihn zum Schlafen tragen. Es hat auch eine gro\u00dfartige Pilling- und Verblassungsbest\u00e4ndigkeit, es wird keine Kn\u00f6tchenbildung und h\u00e4lt die Farbe in allen BHs lange Zeit.<br \/>\nKosteng\u00fcnstig: Einfach zu waschen, abnehmbare Polsterung erm\u00f6glicht es Ihnen, die Polsterung separat zu waschen. Das kabellose Design und sein Material verhindern Verformung beim wiederholten Waschen. Zusammen mit den Packungen gibt es farblich passende Verl\u00e4ngerung, die es den BHs erm\u00f6glicht, mit Ihrer sich ver\u00e4ndernden Figur von der Schwangerschaft bis zur Stillzeit zu wachsen.<br \/>\n100% Zufriedenheitsgarantie: Wir werden jede unzufriedene Bestellung zur\u00fcckerstatten \/ ersetzen. Wenn Sie Fragen haben, kontaktieren Sie bitte unser Kundenservice-Team, wir werden es l\u00f6sen, bis Sie zufrieden sind.<br \/>\n<div class=\"main-cross-sell\" data-asin=\"B08B6WYLFN\">\n\n\t<div class=\"WooZone-cross-sell-loader\">\n\t\t<div>\n\t\t\t<div id=\"floatingBarsG\">\n\t\t\t\t<div class=\"blockG\" id=\"rotateG_01\"><\/div>\n\t\t\t\t<div class=\"blockG\" id=\"rotateG_02\"><\/div>\n\t\t\t\t<div class=\"blockG\" id=\"rotateG_03\"><\/div>\n\t\t\t\t<div class=\"blockG\" id=\"rotateG_04\"><\/div>\n\t\t\t\t<div class=\"blockG\" id=\"rotateG_05\"><\/div>\n\t\t\t\t<div class=\"blockG\" id=\"rotateG_06\"><\/div>\n\t\t\t\t<div class=\"blockG\" id=\"rotateG_07\"><\/div>\n\t\t\t\t<div class=\"blockG\" id=\"rotateG_08\"><\/div>\n\t\t\t<\/div>\n\t\t\t<div class=\"WooZone-cross-sell-loader-text\"><\/div>\n\t\t<\/div>\n\t<\/div>\n\n\t\t\n<\/div>\n<div style=\"clear:both;\"><\/div><\/p>\n","protected":false},"excerpt":{"rendered":"<p>Geeignet f\u00fcr Mutter und Baby: Unsere Design-Ideen sind alle f\u00fcr Mutter und Baby, am wichtigsten f\u00fcr die Schwangerschaft oder das Stillen ist bequem und bequem, nicht nur beim Tragen, sondern auch beim Einkaufen und Service. Der Suekaphin Still-BH verf\u00fcgt \u00fcber kabellose K\u00f6rbchen, verstellbare Tr\u00e4ger, abnehmbare Polsterung, Ein-Schritt-F\u00fctterungsverschluss. Wir bieten mehrere farbige BHs in verschiedenen Gruppen zur Auswahl, inklusive farblich passende Extender, keine Notwendigkeit, mehr Zubeh\u00f6r zu kaufen. Alles, was Sie brauchen, sind in Packung<br \/>\nDesign f\u00fcr Schwangere und Stillen: Unser Still-BH verf\u00fcgt \u00fcber ein kabelloses Design und macht den BH sehr weich, er belastet Ihre Rippe nicht, das elastische Gewebe gibt genug Unterst\u00fctzung f\u00fcr die Brust, er beh\u00e4lt die Form nach dem Waschen, abnehmbare Polsterung, einfacher zu waschen und Sie k\u00f6nnen ihn auch entfernen, um ihn zu tragen, wie Sie es gewohnheiten. Einstufiger Futterverschluss k\u00f6nnen Sie die Tasse separat mit einem Schritt abnehmen. und mit einer Hand die Brust F\u00fctterung wird einfacher und nicht umst\u00e4ndlich. Das breite Seitenband verdeckt Achselfett und h\u00e4lt eng anliegend.<br \/>\nAusw\u00e4hlbares Material: Der Stoff ist sehr glatt und sanft zu Ihrer Haut, keine Irritationen, die gute Elastizit\u00e4t h\u00e4lt die BH-Form und eng an Ihren K\u00f6rper an und macht die BHs nach wiederholtem Waschen haltbarer. Dar\u00fcber hinaus ist dieser Stoff auch sehr atmungsaktiv, Sie k\u00f6nnen ihn zum Schlafen tragen. Es hat auch eine gro\u00dfartige Pilling- und Verblassungsbest\u00e4ndigkeit, es wird keine Kn\u00f6tchenbildung und h\u00e4lt die Farbe in allen BHs lange Zeit.<\/p>\n","protected":false},"featured_media":149559,"comment_status":"open","ping_status":"closed","template":"","meta":[],"product_brand":[],"product_cat":[21,9478],"product_tag":[],"class_list":{"0":"post-149558","1":"product","2":"type-product","3":"status-publish","4":"has-post-thumbnail","6":"product_cat-baby","7":"product_cat-umstandskleidung-baby","8":"pa_binding-textilien","9":"pa_brand-suekaphin","10":"pa_brand-thames-hudson","11":"pa_manufacturer-suekaphin","13":"first","14":"instock","15":"shipping-taxable","16":"purchasable","17":"product-type-simple","18":"customify-col","19":"product-has-gallery"},"yoast_head":"<!-- This site is optimized with the Yoast SEO plugin v27.4 - https:\/\/yoast.com\/product\/yoast-seo-wordpress\/ -->\n<title>Suekaphin Still-BH, kabellos, f\u00fcr Damen, zum Schlafen, Umstands-BH, Still-BH, 5 St\u00fcck - Markt-XXL<\/title>\n<meta name=\"description\" content=\"Markt-XXL Suekaphin Still-BH, kabellos, f\u00fcr Damen, zum Schlafen, Umstands-BH, Still-BH, 5 St\u00fcck\" \/>\n<meta name=\"robots\" content=\"index, follow, max-snippet:-1, max-image-preview:large, max-video-preview:-1\" \/>\n<link rel=\"canonical\" href=\"https:\/\/marktxxl.de\/markt\/produkt\/suekaphin-still-bh-drahtloser-bh-damen-schlaf-bh-still-bh-5-stueck\/\" \/>\n<meta property=\"og:locale\" content=\"de_DE\" \/>\n<meta property=\"og:type\" content=\"article\" \/>\n<meta property=\"og:title\" content=\"Suekaphin Still-BH, kabellos, f\u00fcr Damen, zum Schlafen, Umstands-BH, Still-BH, 5 St\u00fcck - Markt-XXL\" \/>\n<meta property=\"og:description\" content=\"Markt-XXL Suekaphin Still-BH, kabellos, f\u00fcr Damen, zum Schlafen, Umstands-BH, Still-BH, 5 St\u00fcck\" \/>\n<meta property=\"og:url\" content=\"https:\/\/marktxxl.de\/markt\/produkt\/suekaphin-still-bh-drahtloser-bh-damen-schlaf-bh-still-bh-5-stueck\/\" \/>\n<meta property=\"og:site_name\" content=\"Markt-XXL\" \/>\n<meta property=\"article:modified_time\" content=\"2023-04-11T02:29:12+00:00\" \/>\n<meta property=\"og:image\" content=\"https:\/\/m.media-amazon.com\/images\/I\/51ia72YypfL._SL500_.jpg\" \/>\n\t<meta property=\"og:image:width\" content=\"452\" \/>\n\t<meta property=\"og:image:height\" content=\"500\" \/>\n\t<meta property=\"og:image:type\" content=\"image\/jpeg\" \/>\n<meta name=\"twitter:card\" content=\"summary_large_image\" \/>\n<meta name=\"twitter:label1\" content=\"Gesch\u00e4tzte Lesezeit\" \/>\n\t<meta name=\"twitter:data1\" content=\"2\u00a0Minuten\" \/>\n<script type=\"application\/ld+json\" class=\"yoast-schema-graph\">{\"@context\":\"https:\\\/\\\/schema.org\",\"@graph\":[{\"@type\":\"WebPage\",\"@id\":\"https:\\\/\\\/marktxxl.de\\\/markt\\\/produkt\\\/suekaphin-still-bh-drahtloser-bh-damen-schlaf-bh-still-bh-5-stueck\\\/\",\"url\":\"https:\\\/\\\/marktxxl.de\\\/markt\\\/produkt\\\/suekaphin-still-bh-drahtloser-bh-damen-schlaf-bh-still-bh-5-stueck\\\/\",\"name\":\"Suekaphin Still-BH, kabellos, f\u00fcr Damen, zum Schlafen, Umstands-BH, Still-BH, 5 St\u00fcck - Markt-XXL\",\"isPartOf\":{\"@id\":\"https:\\\/\\\/marktxxl.de\\\/markt\\\/#website\"},\"primaryImageOfPage\":{\"@id\":\"https:\\\/\\\/marktxxl.de\\\/markt\\\/produkt\\\/suekaphin-still-bh-drahtloser-bh-damen-schlaf-bh-still-bh-5-stueck\\\/#primaryimage\"},\"image\":{\"@id\":\"https:\\\/\\\/marktxxl.de\\\/markt\\\/produkt\\\/suekaphin-still-bh-drahtloser-bh-damen-schlaf-bh-still-bh-5-stueck\\\/#primaryimage\"},\"thumbnailUrl\":\"https:\\\/\\\/m.media-amazon.com\\\/images\\\/I\\\/51ia72YypfL._SL500_.jpg\",\"datePublished\":\"2022-09-12T01:11:07+00:00\",\"dateModified\":\"2023-04-11T02:29:12+00:00\",\"description\":\"Markt-XXL Suekaphin Still-BH, kabellos, f\u00fcr Damen, zum Schlafen, Umstands-BH, Still-BH, 5 St\u00fcck\",\"breadcrumb\":{\"@id\":\"https:\\\/\\\/marktxxl.de\\\/markt\\\/produkt\\\/suekaphin-still-bh-drahtloser-bh-damen-schlaf-bh-still-bh-5-stueck\\\/#breadcrumb\"},\"inLanguage\":\"de\",\"potentialAction\":[{\"@type\":\"ReadAction\",\"target\":[\"https:\\\/\\\/marktxxl.de\\\/markt\\\/produkt\\\/suekaphin-still-bh-drahtloser-bh-damen-schlaf-bh-still-bh-5-stueck\\\/\"]}]},{\"@type\":\"ImageObject\",\"inLanguage\":\"de\",\"@id\":\"https:\\\/\\\/marktxxl.de\\\/markt\\\/produkt\\\/suekaphin-still-bh-drahtloser-bh-damen-schlaf-bh-still-bh-5-stueck\\\/#primaryimage\",\"url\":\"https:\\\/\\\/m.media-amazon.com\\\/images\\\/I\\\/51ia72YypfL._SL500_.jpg\",\"contentUrl\":\"https:\\\/\\\/m.media-amazon.com\\\/images\\\/I\\\/51ia72YypfL._SL500_.jpg\",\"width\":452,\"height\":500},{\"@type\":\"BreadcrumbList\",\"@id\":\"https:\\\/\\\/marktxxl.de\\\/markt\\\/produkt\\\/suekaphin-still-bh-drahtloser-bh-damen-schlaf-bh-still-bh-5-stueck\\\/#breadcrumb\",\"itemListElement\":[{\"@type\":\"ListItem\",\"position\":1,\"name\":\"Startseite\",\"item\":\"https:\\\/\\\/marktxxl.de\\\/markt\\\/\"},{\"@type\":\"ListItem\",\"position\":2,\"name\":\"Markt\",\"item\":\"https:\\\/\\\/marktxxl.de\\\/markt\\\/\"},{\"@type\":\"ListItem\",\"position\":3,\"name\":\"Suekaphin Still-BH, kabellos, f\u00fcr Damen, zum Schlafen, Umstands-BH, Still-BH, 5 St\u00fcck\"}]},{\"@type\":\"WebSite\",\"@id\":\"https:\\\/\\\/marktxxl.de\\\/markt\\\/#website\",\"url\":\"https:\\\/\\\/marktxxl.de\\\/markt\\\/\",\"name\":\"Markt-XXL\",\"description\":\"Ihr Markt Online\",\"publisher\":{\"@id\":\"https:\\\/\\\/marktxxl.de\\\/markt\\\/#organization\"},\"potentialAction\":[{\"@type\":\"SearchAction\",\"target\":{\"@type\":\"EntryPoint\",\"urlTemplate\":\"https:\\\/\\\/marktxxl.de\\\/markt\\\/?s={search_term_string}\"},\"query-input\":{\"@type\":\"PropertyValueSpecification\",\"valueRequired\":true,\"valueName\":\"search_term_string\"}}],\"inLanguage\":\"de\"},{\"@type\":\"Organization\",\"@id\":\"https:\\\/\\\/marktxxl.de\\\/markt\\\/#organization\",\"name\":\"Markt-XXL\",\"url\":\"https:\\\/\\\/marktxxl.de\\\/markt\\\/\",\"logo\":{\"@type\":\"ImageObject\",\"inLanguage\":\"de\",\"@id\":\"https:\\\/\\\/marktxxl.de\\\/markt\\\/#\\\/schema\\\/logo\\\/image\\\/\",\"url\":\"https:\\\/\\\/marktxxl.de\\\/markt\\\/wp-content\\\/uploads\\\/sites\\\/3\\\/2020\\\/12\\\/logo.png\",\"contentUrl\":\"https:\\\/\\\/marktxxl.de\\\/markt\\\/wp-content\\\/uploads\\\/sites\\\/3\\\/2020\\\/12\\\/logo.png\",\"width\":200,\"height\":70,\"caption\":\"Markt-XXL\"},\"image\":{\"@id\":\"https:\\\/\\\/marktxxl.de\\\/markt\\\/#\\\/schema\\\/logo\\\/image\\\/\"}}]}<\/script>\n<!-- \/ Yoast SEO plugin. -->","yoast_head_json":{"title":"Suekaphin Still-BH, kabellos, f\u00fcr Damen, zum Schlafen, Umstands-BH, Still-BH, 5 St\u00fcck - Markt-XXL","description":"Markt-XXL Suekaphin Still-BH, kabellos, f\u00fcr Damen, zum Schlafen, Umstands-BH, Still-BH, 5 St\u00fcck","robots":{"index":"index","follow":"follow","max-snippet":"max-snippet:-1","max-image-preview":"max-image-preview:large","max-video-preview":"max-video-preview:-1"},"canonical":"https:\/\/marktxxl.de\/markt\/produkt\/suekaphin-still-bh-drahtloser-bh-damen-schlaf-bh-still-bh-5-stueck\/","og_locale":"de_DE","og_type":"article","og_title":"Suekaphin Still-BH, kabellos, f\u00fcr Damen, zum Schlafen, Umstands-BH, Still-BH, 5 St\u00fcck - Markt-XXL","og_description":"Markt-XXL Suekaphin Still-BH, kabellos, f\u00fcr Damen, zum Schlafen, Umstands-BH, Still-BH, 5 St\u00fcck","og_url":"https:\/\/marktxxl.de\/markt\/produkt\/suekaphin-still-bh-drahtloser-bh-damen-schlaf-bh-still-bh-5-stueck\/","og_site_name":"Markt-XXL","article_modified_time":"2023-04-11T02:29:12+00:00","og_image":[{"width":452,"height":500,"url":"https:\/\/m.media-amazon.com\/images\/I\/51ia72YypfL._SL500_.jpg","type":"image\/jpeg"}],"twitter_card":"summary_large_image","twitter_misc":{"Gesch\u00e4tzte Lesezeit":"2\u00a0Minuten"},"schema":{"@context":"https:\/\/schema.org","@graph":[{"@type":"WebPage","@id":"https:\/\/marktxxl.de\/markt\/produkt\/suekaphin-still-bh-drahtloser-bh-damen-schlaf-bh-still-bh-5-stueck\/","url":"https:\/\/marktxxl.de\/markt\/produkt\/suekaphin-still-bh-drahtloser-bh-damen-schlaf-bh-still-bh-5-stueck\/","name":"Suekaphin Still-BH, kabellos, f\u00fcr Damen, zum Schlafen, Umstands-BH, Still-BH, 5 St\u00fcck - Markt-XXL","isPartOf":{"@id":"https:\/\/marktxxl.de\/markt\/#website"},"primaryImageOfPage":{"@id":"https:\/\/marktxxl.de\/markt\/produkt\/suekaphin-still-bh-drahtloser-bh-damen-schlaf-bh-still-bh-5-stueck\/#primaryimage"},"image":{"@id":"https:\/\/marktxxl.de\/markt\/produkt\/suekaphin-still-bh-drahtloser-bh-damen-schlaf-bh-still-bh-5-stueck\/#primaryimage"},"thumbnailUrl":"https:\/\/m.media-amazon.com\/images\/I\/51ia72YypfL._SL500_.jpg","datePublished":"2022-09-12T01:11:07+00:00","dateModified":"2023-04-11T02:29:12+00:00","description":"Markt-XXL Suekaphin Still-BH, kabellos, f\u00fcr Damen, zum Schlafen, Umstands-BH, Still-BH, 5 St\u00fcck","breadcrumb":{"@id":"https:\/\/marktxxl.de\/markt\/produkt\/suekaphin-still-bh-drahtloser-bh-damen-schlaf-bh-still-bh-5-stueck\/#breadcrumb"},"inLanguage":"de","potentialAction":[{"@type":"ReadAction","target":["https:\/\/marktxxl.de\/markt\/produkt\/suekaphin-still-bh-drahtloser-bh-damen-schlaf-bh-still-bh-5-stueck\/"]}]},{"@type":"ImageObject","inLanguage":"de","@id":"https:\/\/marktxxl.de\/markt\/produkt\/suekaphin-still-bh-drahtloser-bh-damen-schlaf-bh-still-bh-5-stueck\/#primaryimage","url":"https:\/\/m.media-amazon.com\/images\/I\/51ia72YypfL._SL500_.jpg","contentUrl":"https:\/\/m.media-amazon.com\/images\/I\/51ia72YypfL._SL500_.jpg","width":452,"height":500},{"@type":"BreadcrumbList","@id":"https:\/\/marktxxl.de\/markt\/produkt\/suekaphin-still-bh-drahtloser-bh-damen-schlaf-bh-still-bh-5-stueck\/#breadcrumb","itemListElement":[{"@type":"ListItem","position":1,"name":"Startseite","item":"https:\/\/marktxxl.de\/markt\/"},{"@type":"ListItem","position":2,"name":"Markt","item":"https:\/\/marktxxl.de\/markt\/"},{"@type":"ListItem","position":3,"name":"Suekaphin Still-BH, kabellos, f\u00fcr Damen, zum Schlafen, Umstands-BH, Still-BH, 5 St\u00fcck"}]},{"@type":"WebSite","@id":"https:\/\/marktxxl.de\/markt\/#website","url":"https:\/\/marktxxl.de\/markt\/","name":"Markt-XXL","description":"Ihr Markt Online","publisher":{"@id":"https:\/\/marktxxl.de\/markt\/#organization"},"potentialAction":[{"@type":"SearchAction","target":{"@type":"EntryPoint","urlTemplate":"https:\/\/marktxxl.de\/markt\/?s={search_term_string}"},"query-input":{"@type":"PropertyValueSpecification","valueRequired":true,"valueName":"search_term_string"}}],"inLanguage":"de"},{"@type":"Organization","@id":"https:\/\/marktxxl.de\/markt\/#organization","name":"Markt-XXL","url":"https:\/\/marktxxl.de\/markt\/","logo":{"@type":"ImageObject","inLanguage":"de","@id":"https:\/\/marktxxl.de\/markt\/#\/schema\/logo\/image\/","url":"https:\/\/marktxxl.de\/markt\/wp-content\/uploads\/sites\/3\/2020\/12\/logo.png","contentUrl":"https:\/\/marktxxl.de\/markt\/wp-content\/uploads\/sites\/3\/2020\/12\/logo.png","width":200,"height":70,"caption":"Markt-XXL"},"image":{"@id":"https:\/\/marktxxl.de\/markt\/#\/schema\/logo\/image\/"}}]}},"_links":{"self":[{"href":"https:\/\/marktxxl.de\/markt\/wp-json\/wp\/v2\/product\/149558","targetHints":{"allow":["GET"]}}],"collection":[{"href":"https:\/\/marktxxl.de\/markt\/wp-json\/wp\/v2\/product"}],"about":[{"href":"https:\/\/marktxxl.de\/markt\/wp-json\/wp\/v2\/types\/product"}],"replies":[{"embeddable":true,"href":"https:\/\/marktxxl.de\/markt\/wp-json\/wp\/v2\/comments?post=149558"}],"wp:featuredmedia":[{"embeddable":true,"href":"https:\/\/marktxxl.de\/markt\/wp-json\/wp\/v2\/media\/149559"}],"wp:attachment":[{"href":"https:\/\/marktxxl.de\/markt\/wp-json\/wp\/v2\/media?parent=149558"}],"wp:term":[{"taxonomy":"product_brand","embeddable":true,"href":"https:\/\/marktxxl.de\/markt\/wp-json\/wp\/v2\/product_brand?post=149558"},{"taxonomy":"product_cat","embeddable":true,"href":"https:\/\/marktxxl.de\/markt\/wp-json\/wp\/v2\/product_cat?post=149558"},{"taxonomy":"product_tag","embeddable":true,"href":"https:\/\/marktxxl.de\/markt\/wp-json\/wp\/v2\/product_tag?post=149558"}],"curies":[{"name":"wp","href":"https:\/\/api.w.org\/{rel}","templated":true}]}}