{"id":149500,"date":"2022-09-12T03:08:30","date_gmt":"2022-09-12T01:08:30","guid":{"rendered":"https:\/\/marktxxl.de\/markt\/produkt\/viva-la-mama-4in1-tragejacke-fuer-tragen-auf-dem-ruecken-oder-der-brust-softshell-umstandsjacke-kaengurujacke-aventuris\/"},"modified":"2023-04-11T04:29:11","modified_gmt":"2023-04-11T02:29:11","slug":"viva-la-mama-4in1-tragejacke-fuer-tragen-auf-dem-ruecken-oder-der-brust-softshell-umstandsjacke-kaengurujacke-aventuris","status":"publish","type":"product","link":"https:\/\/marktxxl.de\/markt\/produkt\/viva-la-mama-4in1-tragejacke-fuer-tragen-auf-dem-ruecken-oder-der-brust-softshell-umstandsjacke-kaengurujacke-aventuris\/","title":{"rendered":"Viva la Mama 4in1 Tragejacke f\u00fcr Tragen auf dem R\u00fccken oder der Brust, Softshell, Umstandsjacke + K\u00e4ngurujacke\u2026"},"content":{"rendered":"<p>Tragejacke, Umstandsjacke und normale Outdoorjacke in 1! Diese multifunktionale Softshelljacke begleitet dich durch alle Phasen deines aktiven Mamalebens! Der Softshell bietet Schutz gegen K\u00e4lte, Wind und Regen.<br \/>\nMit dem Schwangerschaftseinsatz kannst du sie locker bis zur Geburt tragen. So bist du auch als Schwangere bequem und stylisch gekleidet und bestens f\u00fcr nasskaltes Herbst Wetter ausger\u00fcstet. Im Winter einfach noch eine Schicht mehr drunterziehen.<br \/>\nIst dein Baby da, kannst du den Trageeinsatz vorn oder hinten einzippen. So kannst du je nach Geschmack und Situation auf dem Bauch oder R\u00fccken tragen. Ebenso geeignet f\u00fcr Neugeborene wie f\u00fcr Tragekinder bis 2,5 Jahren. Bitte separate Tragehilfe verwenden!<br \/>\nRegulierbare Kapuze mit Windschutz im Nacken f\u00fcr&#8217;s Baby, gro\u00dfe Kapuze f\u00fcr Mama. Praktische Taschen mit Rei\u00dfverschl\u00fcssen, lange \u00c4rmel mit festen B\u00fcndchen. Dekorative Paspeln (gepunktet) im Brust- und R\u00fcckenbereich.<br \/>\nDies Damenjacke ist bis \u00fcber den Po geschnitten. Ohne Eins\u00e4tze als normale Outdoor Jacke tragbar. Unsere K\u00e4ngurujacken werden mit viel Liebe in DE entworfen und in der EU handgen\u00e4ht. Hochwertige Verarbeitung.<br \/>\n<div class=\"main-cross-sell\" data-asin=\"B07C6YDTJ8\">\n\n\t<div class=\"WooZone-cross-sell-loader\">\n\t\t<div>\n\t\t\t<div id=\"floatingBarsG\">\n\t\t\t\t<div class=\"blockG\" id=\"rotateG_01\"><\/div>\n\t\t\t\t<div class=\"blockG\" id=\"rotateG_02\"><\/div>\n\t\t\t\t<div class=\"blockG\" id=\"rotateG_03\"><\/div>\n\t\t\t\t<div class=\"blockG\" id=\"rotateG_04\"><\/div>\n\t\t\t\t<div class=\"blockG\" id=\"rotateG_05\"><\/div>\n\t\t\t\t<div class=\"blockG\" id=\"rotateG_06\"><\/div>\n\t\t\t\t<div class=\"blockG\" id=\"rotateG_07\"><\/div>\n\t\t\t\t<div class=\"blockG\" id=\"rotateG_08\"><\/div>\n\t\t\t<\/div>\n\t\t\t<div class=\"WooZone-cross-sell-loader-text\"><\/div>\n\t\t<\/div>\n\t<\/div>\n\n\t\t\n<\/div>\n<div style=\"clear:both;\"><\/div><\/p>\n","protected":false},"excerpt":{"rendered":"<p>Tragejacke, Umstandsjacke und normale Outdoorjacke in 1! Diese multifunktionale Softshelljacke begleitet dich durch alle Phasen deines aktiven Mamalebens! Der Softshell bietet Schutz gegen K\u00e4lte, Wind und Regen.<br \/>\nMit dem Schwangerschaftseinsatz kannst du sie locker bis zur Geburt tragen. So bist du auch als Schwangere bequem und stylisch gekleidet und bestens f\u00fcr nasskaltes Herbst Wetter ausger\u00fcstet. Im Winter einfach noch eine Schicht mehr drunterziehen.<br \/>\nIst dein Baby da, kannst du den Trageeinsatz vorn oder hinten einzippen. So kannst du je nach Geschmack und Situation auf dem Bauch oder R\u00fccken tragen. Ebenso geeignet f\u00fcr Neugeborene wie f\u00fcr Tragekinder bis 2,5 Jahren. Bitte separate Tragehilfe verwenden!<\/p>\n","protected":false},"featured_media":149501,"comment_status":"open","ping_status":"closed","template":"","meta":[],"product_brand":[],"product_cat":[21,9478],"product_tag":[],"class_list":{"0":"post-149500","1":"product","2":"type-product","3":"status-publish","4":"has-post-thumbnail","6":"product_cat-baby","7":"product_cat-umstandskleidung-baby","8":"pa_brand-viva-la-mama","9":"pa_model-tj-ss-m8","11":"first","12":"instock","13":"shipping-taxable","14":"purchasable","15":"product-type-simple","16":"customify-col","17":"product-has-gallery"},"yoast_head":"<!-- This site is optimized with the Yoast SEO plugin v27.4 - https:\/\/yoast.com\/product\/yoast-seo-wordpress\/ -->\n<title>Viva la Mama 4in1 Tragejacke f\u00fcr Tragen auf dem R\u00fccken oder der Brust, Softshell, Umstandsjacke + K\u00e4ngurujacke\u2026 - Markt-XXL<\/title>\n<meta name=\"description\" content=\"Markt-XXL Viva la Mama 4in1 Tragejacke f\u00fcr Tragen auf dem R\u00fccken oder der Brust, Softshell, Umstandsjacke + K\u00e4ngurujacke\u2026\" \/>\n<meta name=\"robots\" content=\"index, follow, max-snippet:-1, max-image-preview:large, max-video-preview:-1\" \/>\n<link rel=\"canonical\" href=\"https:\/\/marktxxl.de\/markt\/produkt\/viva-la-mama-4in1-tragejacke-fuer-tragen-auf-dem-ruecken-oder-der-brust-softshell-umstandsjacke-kaengurujacke-aventuris\/\" \/>\n<meta property=\"og:locale\" content=\"de_DE\" \/>\n<meta property=\"og:type\" content=\"article\" \/>\n<meta property=\"og:title\" content=\"Viva la Mama 4in1 Tragejacke f\u00fcr Tragen auf dem R\u00fccken oder der Brust, Softshell, Umstandsjacke + K\u00e4ngurujacke\u2026 - Markt-XXL\" \/>\n<meta property=\"og:description\" content=\"Markt-XXL Viva la Mama 4in1 Tragejacke f\u00fcr Tragen auf dem R\u00fccken oder der Brust, Softshell, Umstandsjacke + K\u00e4ngurujacke\u2026\" \/>\n<meta property=\"og:url\" content=\"https:\/\/marktxxl.de\/markt\/produkt\/viva-la-mama-4in1-tragejacke-fuer-tragen-auf-dem-ruecken-oder-der-brust-softshell-umstandsjacke-kaengurujacke-aventuris\/\" \/>\n<meta property=\"og:site_name\" content=\"Markt-XXL\" \/>\n<meta property=\"article:modified_time\" content=\"2023-04-11T02:29:11+00:00\" \/>\n<meta property=\"og:image\" content=\"https:\/\/m.media-amazon.com\/images\/I\/41GmU3kyvHL._SL500_.jpg\" \/>\n\t<meta property=\"og:image:width\" content=\"369\" \/>\n\t<meta property=\"og:image:height\" content=\"500\" \/>\n\t<meta property=\"og:image:type\" content=\"image\/jpeg\" \/>\n<meta name=\"twitter:card\" content=\"summary_large_image\" \/>\n<meta name=\"twitter:label1\" content=\"Gesch\u00e4tzte Lesezeit\" \/>\n\t<meta name=\"twitter:data1\" content=\"1\u00a0Minute\" \/>\n<script type=\"application\/ld+json\" class=\"yoast-schema-graph\">{\"@context\":\"https:\\\/\\\/schema.org\",\"@graph\":[{\"@type\":\"WebPage\",\"@id\":\"https:\\\/\\\/marktxxl.de\\\/markt\\\/produkt\\\/viva-la-mama-4in1-tragejacke-fuer-tragen-auf-dem-ruecken-oder-der-brust-softshell-umstandsjacke-kaengurujacke-aventuris\\\/\",\"url\":\"https:\\\/\\\/marktxxl.de\\\/markt\\\/produkt\\\/viva-la-mama-4in1-tragejacke-fuer-tragen-auf-dem-ruecken-oder-der-brust-softshell-umstandsjacke-kaengurujacke-aventuris\\\/\",\"name\":\"Viva la Mama 4in1 Tragejacke f\u00fcr Tragen auf dem R\u00fccken oder der Brust, Softshell, Umstandsjacke + K\u00e4ngurujacke\u2026 - Markt-XXL\",\"isPartOf\":{\"@id\":\"https:\\\/\\\/marktxxl.de\\\/markt\\\/#website\"},\"primaryImageOfPage\":{\"@id\":\"https:\\\/\\\/marktxxl.de\\\/markt\\\/produkt\\\/viva-la-mama-4in1-tragejacke-fuer-tragen-auf-dem-ruecken-oder-der-brust-softshell-umstandsjacke-kaengurujacke-aventuris\\\/#primaryimage\"},\"image\":{\"@id\":\"https:\\\/\\\/marktxxl.de\\\/markt\\\/produkt\\\/viva-la-mama-4in1-tragejacke-fuer-tragen-auf-dem-ruecken-oder-der-brust-softshell-umstandsjacke-kaengurujacke-aventuris\\\/#primaryimage\"},\"thumbnailUrl\":\"https:\\\/\\\/m.media-amazon.com\\\/images\\\/I\\\/41GmU3kyvHL._SL500_.jpg\",\"datePublished\":\"2022-09-12T01:08:30+00:00\",\"dateModified\":\"2023-04-11T02:29:11+00:00\",\"description\":\"Markt-XXL Viva la Mama 4in1 Tragejacke f\u00fcr Tragen auf dem R\u00fccken oder der Brust, Softshell, Umstandsjacke + K\u00e4ngurujacke\u2026\",\"breadcrumb\":{\"@id\":\"https:\\\/\\\/marktxxl.de\\\/markt\\\/produkt\\\/viva-la-mama-4in1-tragejacke-fuer-tragen-auf-dem-ruecken-oder-der-brust-softshell-umstandsjacke-kaengurujacke-aventuris\\\/#breadcrumb\"},\"inLanguage\":\"de\",\"potentialAction\":[{\"@type\":\"ReadAction\",\"target\":[\"https:\\\/\\\/marktxxl.de\\\/markt\\\/produkt\\\/viva-la-mama-4in1-tragejacke-fuer-tragen-auf-dem-ruecken-oder-der-brust-softshell-umstandsjacke-kaengurujacke-aventuris\\\/\"]}]},{\"@type\":\"ImageObject\",\"inLanguage\":\"de\",\"@id\":\"https:\\\/\\\/marktxxl.de\\\/markt\\\/produkt\\\/viva-la-mama-4in1-tragejacke-fuer-tragen-auf-dem-ruecken-oder-der-brust-softshell-umstandsjacke-kaengurujacke-aventuris\\\/#primaryimage\",\"url\":\"https:\\\/\\\/m.media-amazon.com\\\/images\\\/I\\\/41GmU3kyvHL._SL500_.jpg\",\"contentUrl\":\"https:\\\/\\\/m.media-amazon.com\\\/images\\\/I\\\/41GmU3kyvHL._SL500_.jpg\",\"width\":369,\"height\":500},{\"@type\":\"BreadcrumbList\",\"@id\":\"https:\\\/\\\/marktxxl.de\\\/markt\\\/produkt\\\/viva-la-mama-4in1-tragejacke-fuer-tragen-auf-dem-ruecken-oder-der-brust-softshell-umstandsjacke-kaengurujacke-aventuris\\\/#breadcrumb\",\"itemListElement\":[{\"@type\":\"ListItem\",\"position\":1,\"name\":\"Startseite\",\"item\":\"https:\\\/\\\/marktxxl.de\\\/markt\\\/\"},{\"@type\":\"ListItem\",\"position\":2,\"name\":\"Markt\",\"item\":\"https:\\\/\\\/marktxxl.de\\\/markt\\\/\"},{\"@type\":\"ListItem\",\"position\":3,\"name\":\"Viva la Mama 4in1 Tragejacke f\u00fcr Tragen auf dem R\u00fccken oder der Brust, Softshell, Umstandsjacke + K\u00e4ngurujacke\u2026\"}]},{\"@type\":\"WebSite\",\"@id\":\"https:\\\/\\\/marktxxl.de\\\/markt\\\/#website\",\"url\":\"https:\\\/\\\/marktxxl.de\\\/markt\\\/\",\"name\":\"Markt-XXL\",\"description\":\"Ihr Markt Online\",\"publisher\":{\"@id\":\"https:\\\/\\\/marktxxl.de\\\/markt\\\/#organization\"},\"potentialAction\":[{\"@type\":\"SearchAction\",\"target\":{\"@type\":\"EntryPoint\",\"urlTemplate\":\"https:\\\/\\\/marktxxl.de\\\/markt\\\/?s={search_term_string}\"},\"query-input\":{\"@type\":\"PropertyValueSpecification\",\"valueRequired\":true,\"valueName\":\"search_term_string\"}}],\"inLanguage\":\"de\"},{\"@type\":\"Organization\",\"@id\":\"https:\\\/\\\/marktxxl.de\\\/markt\\\/#organization\",\"name\":\"Markt-XXL\",\"url\":\"https:\\\/\\\/marktxxl.de\\\/markt\\\/\",\"logo\":{\"@type\":\"ImageObject\",\"inLanguage\":\"de\",\"@id\":\"https:\\\/\\\/marktxxl.de\\\/markt\\\/#\\\/schema\\\/logo\\\/image\\\/\",\"url\":\"https:\\\/\\\/marktxxl.de\\\/markt\\\/wp-content\\\/uploads\\\/sites\\\/3\\\/2020\\\/12\\\/logo.png\",\"contentUrl\":\"https:\\\/\\\/marktxxl.de\\\/markt\\\/wp-content\\\/uploads\\\/sites\\\/3\\\/2020\\\/12\\\/logo.png\",\"width\":200,\"height\":70,\"caption\":\"Markt-XXL\"},\"image\":{\"@id\":\"https:\\\/\\\/marktxxl.de\\\/markt\\\/#\\\/schema\\\/logo\\\/image\\\/\"}}]}<\/script>\n<!-- \/ Yoast SEO plugin. -->","yoast_head_json":{"title":"Viva la Mama 4in1 Tragejacke f\u00fcr Tragen auf dem R\u00fccken oder der Brust, Softshell, Umstandsjacke + K\u00e4ngurujacke\u2026 - Markt-XXL","description":"Markt-XXL Viva la Mama 4in1 Tragejacke f\u00fcr Tragen auf dem R\u00fccken oder der Brust, Softshell, Umstandsjacke + K\u00e4ngurujacke\u2026","robots":{"index":"index","follow":"follow","max-snippet":"max-snippet:-1","max-image-preview":"max-image-preview:large","max-video-preview":"max-video-preview:-1"},"canonical":"https:\/\/marktxxl.de\/markt\/produkt\/viva-la-mama-4in1-tragejacke-fuer-tragen-auf-dem-ruecken-oder-der-brust-softshell-umstandsjacke-kaengurujacke-aventuris\/","og_locale":"de_DE","og_type":"article","og_title":"Viva la Mama 4in1 Tragejacke f\u00fcr Tragen auf dem R\u00fccken oder der Brust, Softshell, Umstandsjacke + K\u00e4ngurujacke\u2026 - Markt-XXL","og_description":"Markt-XXL Viva la Mama 4in1 Tragejacke f\u00fcr Tragen auf dem R\u00fccken oder der Brust, Softshell, Umstandsjacke + K\u00e4ngurujacke\u2026","og_url":"https:\/\/marktxxl.de\/markt\/produkt\/viva-la-mama-4in1-tragejacke-fuer-tragen-auf-dem-ruecken-oder-der-brust-softshell-umstandsjacke-kaengurujacke-aventuris\/","og_site_name":"Markt-XXL","article_modified_time":"2023-04-11T02:29:11+00:00","og_image":[{"width":369,"height":500,"url":"https:\/\/m.media-amazon.com\/images\/I\/41GmU3kyvHL._SL500_.jpg","type":"image\/jpeg"}],"twitter_card":"summary_large_image","twitter_misc":{"Gesch\u00e4tzte Lesezeit":"1\u00a0Minute"},"schema":{"@context":"https:\/\/schema.org","@graph":[{"@type":"WebPage","@id":"https:\/\/marktxxl.de\/markt\/produkt\/viva-la-mama-4in1-tragejacke-fuer-tragen-auf-dem-ruecken-oder-der-brust-softshell-umstandsjacke-kaengurujacke-aventuris\/","url":"https:\/\/marktxxl.de\/markt\/produkt\/viva-la-mama-4in1-tragejacke-fuer-tragen-auf-dem-ruecken-oder-der-brust-softshell-umstandsjacke-kaengurujacke-aventuris\/","name":"Viva la Mama 4in1 Tragejacke f\u00fcr Tragen auf dem R\u00fccken oder der Brust, Softshell, Umstandsjacke + K\u00e4ngurujacke\u2026 - Markt-XXL","isPartOf":{"@id":"https:\/\/marktxxl.de\/markt\/#website"},"primaryImageOfPage":{"@id":"https:\/\/marktxxl.de\/markt\/produkt\/viva-la-mama-4in1-tragejacke-fuer-tragen-auf-dem-ruecken-oder-der-brust-softshell-umstandsjacke-kaengurujacke-aventuris\/#primaryimage"},"image":{"@id":"https:\/\/marktxxl.de\/markt\/produkt\/viva-la-mama-4in1-tragejacke-fuer-tragen-auf-dem-ruecken-oder-der-brust-softshell-umstandsjacke-kaengurujacke-aventuris\/#primaryimage"},"thumbnailUrl":"https:\/\/m.media-amazon.com\/images\/I\/41GmU3kyvHL._SL500_.jpg","datePublished":"2022-09-12T01:08:30+00:00","dateModified":"2023-04-11T02:29:11+00:00","description":"Markt-XXL Viva la Mama 4in1 Tragejacke f\u00fcr Tragen auf dem R\u00fccken oder der Brust, Softshell, Umstandsjacke + K\u00e4ngurujacke\u2026","breadcrumb":{"@id":"https:\/\/marktxxl.de\/markt\/produkt\/viva-la-mama-4in1-tragejacke-fuer-tragen-auf-dem-ruecken-oder-der-brust-softshell-umstandsjacke-kaengurujacke-aventuris\/#breadcrumb"},"inLanguage":"de","potentialAction":[{"@type":"ReadAction","target":["https:\/\/marktxxl.de\/markt\/produkt\/viva-la-mama-4in1-tragejacke-fuer-tragen-auf-dem-ruecken-oder-der-brust-softshell-umstandsjacke-kaengurujacke-aventuris\/"]}]},{"@type":"ImageObject","inLanguage":"de","@id":"https:\/\/marktxxl.de\/markt\/produkt\/viva-la-mama-4in1-tragejacke-fuer-tragen-auf-dem-ruecken-oder-der-brust-softshell-umstandsjacke-kaengurujacke-aventuris\/#primaryimage","url":"https:\/\/m.media-amazon.com\/images\/I\/41GmU3kyvHL._SL500_.jpg","contentUrl":"https:\/\/m.media-amazon.com\/images\/I\/41GmU3kyvHL._SL500_.jpg","width":369,"height":500},{"@type":"BreadcrumbList","@id":"https:\/\/marktxxl.de\/markt\/produkt\/viva-la-mama-4in1-tragejacke-fuer-tragen-auf-dem-ruecken-oder-der-brust-softshell-umstandsjacke-kaengurujacke-aventuris\/#breadcrumb","itemListElement":[{"@type":"ListItem","position":1,"name":"Startseite","item":"https:\/\/marktxxl.de\/markt\/"},{"@type":"ListItem","position":2,"name":"Markt","item":"https:\/\/marktxxl.de\/markt\/"},{"@type":"ListItem","position":3,"name":"Viva la Mama 4in1 Tragejacke f\u00fcr Tragen auf dem R\u00fccken oder der Brust, Softshell, Umstandsjacke + K\u00e4ngurujacke\u2026"}]},{"@type":"WebSite","@id":"https:\/\/marktxxl.de\/markt\/#website","url":"https:\/\/marktxxl.de\/markt\/","name":"Markt-XXL","description":"Ihr Markt Online","publisher":{"@id":"https:\/\/marktxxl.de\/markt\/#organization"},"potentialAction":[{"@type":"SearchAction","target":{"@type":"EntryPoint","urlTemplate":"https:\/\/marktxxl.de\/markt\/?s={search_term_string}"},"query-input":{"@type":"PropertyValueSpecification","valueRequired":true,"valueName":"search_term_string"}}],"inLanguage":"de"},{"@type":"Organization","@id":"https:\/\/marktxxl.de\/markt\/#organization","name":"Markt-XXL","url":"https:\/\/marktxxl.de\/markt\/","logo":{"@type":"ImageObject","inLanguage":"de","@id":"https:\/\/marktxxl.de\/markt\/#\/schema\/logo\/image\/","url":"https:\/\/marktxxl.de\/markt\/wp-content\/uploads\/sites\/3\/2020\/12\/logo.png","contentUrl":"https:\/\/marktxxl.de\/markt\/wp-content\/uploads\/sites\/3\/2020\/12\/logo.png","width":200,"height":70,"caption":"Markt-XXL"},"image":{"@id":"https:\/\/marktxxl.de\/markt\/#\/schema\/logo\/image\/"}}]}},"_links":{"self":[{"href":"https:\/\/marktxxl.de\/markt\/wp-json\/wp\/v2\/product\/149500","targetHints":{"allow":["GET"]}}],"collection":[{"href":"https:\/\/marktxxl.de\/markt\/wp-json\/wp\/v2\/product"}],"about":[{"href":"https:\/\/marktxxl.de\/markt\/wp-json\/wp\/v2\/types\/product"}],"replies":[{"embeddable":true,"href":"https:\/\/marktxxl.de\/markt\/wp-json\/wp\/v2\/comments?post=149500"}],"wp:featuredmedia":[{"embeddable":true,"href":"https:\/\/marktxxl.de\/markt\/wp-json\/wp\/v2\/media\/149501"}],"wp:attachment":[{"href":"https:\/\/marktxxl.de\/markt\/wp-json\/wp\/v2\/media?parent=149500"}],"wp:term":[{"taxonomy":"product_brand","embeddable":true,"href":"https:\/\/marktxxl.de\/markt\/wp-json\/wp\/v2\/product_brand?post=149500"},{"taxonomy":"product_cat","embeddable":true,"href":"https:\/\/marktxxl.de\/markt\/wp-json\/wp\/v2\/product_cat?post=149500"},{"taxonomy":"product_tag","embeddable":true,"href":"https:\/\/marktxxl.de\/markt\/wp-json\/wp\/v2\/product_tag?post=149500"}],"curies":[{"name":"wp","href":"https:\/\/api.w.org\/{rel}","templated":true}]}}