{"id":149447,"date":"2022-09-12T03:05:31","date_gmt":"2022-09-12T01:05:31","guid":{"rendered":"https:\/\/marktxxl.de\/markt\/produkt\/for-g-and-pl-damen-halloween-umstandsmode-langarm-schwangerschaft-shirt-mittel\/"},"modified":"2023-04-11T04:29:10","modified_gmt":"2023-04-11T02:29:10","slug":"for-g-and-pl-damen-halloween-umstandsmode-langarm-schwangerschaft-shirt-mittel","status":"publish","type":"product","link":"https:\/\/marktxxl.de\/markt\/produkt\/for-g-and-pl-damen-halloween-umstandsmode-langarm-schwangerschaft-shirt-mittel\/","title":{"rendered":"For G and PL Damen Halloween Umstandsmode Langarm Schwangerschaft Shirt &#8211; &#8211; Mittel"},"content":{"rendered":"<p>Halloween-Look \u2013 diese klassische und zeitlose Erg\u00e4nzung f\u00fcr Ihre Halloween-Garderobe ist so zeitlos. Sie werden es immer wieder aus dem Schrank brechen, auch wenn es zu hei\u00df f\u00fcr K\u00fcrbisgew\u00fcrze wird. Weitere Halloween-Kleidung k\u00f6nnen &#8220;F\u00fcr G und PL Halloween&#8221; suchen.<br \/>\nGr\u00f6\u00dfeninformation: S (US 4-6), M (US 8-10), L (US 12-14), XL (US 16-18), 2XL (US 18-20). Details siehe Gr\u00f6\u00dfen in der Produktbeschreibung.<br \/>\nSchwangerschaftsshirt \u2013 Wenn Sie nicht auf eine Jahreszeit voller Chills, Schrecken und Gruselungen warten k\u00f6nnen, ist dieses wundersch\u00f6ne Umstandsshirt mit Halloweenmotiv eine dezente Art und Weise, um einen Halloween-Look zu rocken. We Love The Baby Skelett and Pumpkin Jack O Lantern Langarmshirt \u2013 es ist so bequem zu tragen an Halloween-Nacht. Dieses schlichte Design ist eine sch\u00f6ne klassische Halloween-Wahl.<br \/>\nJack-O-Lander &amp; Skelett-Shirt \u2013 empfehlen Sie eine Kombination mit Hosen f\u00fcr Halloween-Party, oder f\u00fcgen Sie einfach Jeans und Stiefel hinzu, um diesen Urlaubslook zu vervollst\u00e4ndigen.<br \/>\nKundenhinweis: &#8220;Kaufen Sie einfach das Skelett-Schwangerschaftsshirt f\u00fcr meine Radiologie-Dept Halloween R\u00fcssel oder Leckerei. Ich habe es f\u00fcr Halloween gekauft, aber trage es oft. Dieser wird definitiv wieder getragen werden, weil er aus hochwertigem Material ist. Es ist nicht n\u00f6tig, dass ich dieses so ziemlich jedes Halloween tr\u00e4gt.\u201c<br \/>\n<div class=\"main-cross-sell\" data-asin=\"B08CH2KNL2\">\n\n\t<div class=\"WooZone-cross-sell-loader\">\n\t\t<div>\n\t\t\t<div id=\"floatingBarsG\">\n\t\t\t\t<div class=\"blockG\" id=\"rotateG_01\"><\/div>\n\t\t\t\t<div class=\"blockG\" id=\"rotateG_02\"><\/div>\n\t\t\t\t<div class=\"blockG\" id=\"rotateG_03\"><\/div>\n\t\t\t\t<div class=\"blockG\" id=\"rotateG_04\"><\/div>\n\t\t\t\t<div class=\"blockG\" id=\"rotateG_05\"><\/div>\n\t\t\t\t<div class=\"blockG\" id=\"rotateG_06\"><\/div>\n\t\t\t\t<div class=\"blockG\" id=\"rotateG_07\"><\/div>\n\t\t\t\t<div class=\"blockG\" id=\"rotateG_08\"><\/div>\n\t\t\t<\/div>\n\t\t\t<div class=\"WooZone-cross-sell-loader-text\"><\/div>\n\t\t<\/div>\n\t<\/div>\n\n\t\t\n<\/div>\n<div style=\"clear:both;\"><\/div><\/p>\n","protected":false},"excerpt":{"rendered":"<p>Halloween-Look \u2013 diese klassische und zeitlose Erg\u00e4nzung f\u00fcr Ihre Halloween-Garderobe ist so zeitlos. Sie werden es immer wieder aus dem Schrank brechen, auch wenn es zu hei\u00df f\u00fcr K\u00fcrbisgew\u00fcrze wird. Weitere Halloween-Kleidung k\u00f6nnen &#8220;F\u00fcr G und PL Halloween&#8221; suchen.<br \/>\nGr\u00f6\u00dfeninformation: S (US 4-6), M (US 8-10), L (US 12-14), XL (US 16-18), 2XL (US 18-20). Details siehe Gr\u00f6\u00dfen in der Produktbeschreibung.<br \/>\nSchwangerschaftsshirt \u2013 Wenn Sie nicht auf eine Jahreszeit voller Chills, Schrecken und Gruselungen warten k\u00f6nnen, ist dieses wundersch\u00f6ne Umstandsshirt mit Halloweenmotiv eine dezente Art und Weise, um einen Halloween-Look zu rocken. We Love The Baby Skelett and Pumpkin Jack O Lantern Langarmshirt \u2013 es ist so bequem zu tragen an Halloween-Nacht. Dieses schlichte Design ist eine sch\u00f6ne klassische Halloween-Wahl.<\/p>\n","protected":false},"featured_media":149448,"comment_status":"open","ping_status":"closed","template":"","meta":[],"product_brand":[],"product_cat":[21,9478],"product_tag":[],"class_list":{"0":"post-149447","1":"product","2":"type-product","3":"status-publish","4":"has-post-thumbnail","6":"product_cat-baby","7":"product_cat-umstandskleidung-baby","8":"pa_binding-textilien","9":"pa_brand-for-g-and-pl","10":"pa_color-skelett","11":"pa_size-m","13":"first","14":"instock","15":"shipping-taxable","16":"purchasable","17":"product-type-simple","18":"customify-col","19":"product-has-gallery"},"yoast_head":"<!-- This site is optimized with the Yoast SEO plugin v27.4 - https:\/\/yoast.com\/product\/yoast-seo-wordpress\/ -->\n<title>For G and PL Damen Halloween Umstandsmode Langarm Schwangerschaft Shirt - Mittel - Markt-XXL<\/title>\n<meta name=\"description\" content=\"Markt-XXL For G and PL Damen Halloween Umstandsmode Langarm Schwangerschaft Shirt - - Mittel\" \/>\n<meta name=\"robots\" content=\"index, follow, max-snippet:-1, max-image-preview:large, max-video-preview:-1\" \/>\n<link rel=\"canonical\" href=\"https:\/\/marktxxl.de\/markt\/produkt\/for-g-and-pl-damen-halloween-umstandsmode-langarm-schwangerschaft-shirt-mittel\/\" \/>\n<meta property=\"og:locale\" content=\"de_DE\" \/>\n<meta property=\"og:type\" content=\"article\" \/>\n<meta property=\"og:title\" content=\"For G and PL Damen Halloween Umstandsmode Langarm Schwangerschaft Shirt - Mittel - Markt-XXL\" \/>\n<meta property=\"og:description\" content=\"Markt-XXL For G and PL Damen Halloween Umstandsmode Langarm Schwangerschaft Shirt - - Mittel\" \/>\n<meta property=\"og:url\" content=\"https:\/\/marktxxl.de\/markt\/produkt\/for-g-and-pl-damen-halloween-umstandsmode-langarm-schwangerschaft-shirt-mittel\/\" \/>\n<meta property=\"og:site_name\" content=\"Markt-XXL\" \/>\n<meta property=\"article:modified_time\" content=\"2023-04-11T02:29:10+00:00\" \/>\n<meta property=\"og:image\" content=\"https:\/\/m.media-amazon.com\/images\/I\/41+N4mRVeqL._SL500_.jpg\" \/>\n\t<meta property=\"og:image:width\" content=\"348\" \/>\n\t<meta property=\"og:image:height\" content=\"500\" \/>\n\t<meta property=\"og:image:type\" content=\"image\/jpeg\" \/>\n<meta name=\"twitter:card\" content=\"summary_large_image\" \/>\n<meta name=\"twitter:label1\" content=\"Gesch\u00e4tzte Lesezeit\" \/>\n\t<meta name=\"twitter:data1\" content=\"1\u00a0Minute\" \/>\n<script type=\"application\/ld+json\" class=\"yoast-schema-graph\">{\"@context\":\"https:\\\/\\\/schema.org\",\"@graph\":[{\"@type\":\"WebPage\",\"@id\":\"https:\\\/\\\/marktxxl.de\\\/markt\\\/produkt\\\/for-g-and-pl-damen-halloween-umstandsmode-langarm-schwangerschaft-shirt-mittel\\\/\",\"url\":\"https:\\\/\\\/marktxxl.de\\\/markt\\\/produkt\\\/for-g-and-pl-damen-halloween-umstandsmode-langarm-schwangerschaft-shirt-mittel\\\/\",\"name\":\"For G and PL Damen Halloween Umstandsmode Langarm Schwangerschaft Shirt - Mittel - Markt-XXL\",\"isPartOf\":{\"@id\":\"https:\\\/\\\/marktxxl.de\\\/markt\\\/#website\"},\"primaryImageOfPage\":{\"@id\":\"https:\\\/\\\/marktxxl.de\\\/markt\\\/produkt\\\/for-g-and-pl-damen-halloween-umstandsmode-langarm-schwangerschaft-shirt-mittel\\\/#primaryimage\"},\"image\":{\"@id\":\"https:\\\/\\\/marktxxl.de\\\/markt\\\/produkt\\\/for-g-and-pl-damen-halloween-umstandsmode-langarm-schwangerschaft-shirt-mittel\\\/#primaryimage\"},\"thumbnailUrl\":\"https:\\\/\\\/m.media-amazon.com\\\/images\\\/I\\\/41+N4mRVeqL._SL500_.jpg\",\"datePublished\":\"2022-09-12T01:05:31+00:00\",\"dateModified\":\"2023-04-11T02:29:10+00:00\",\"description\":\"Markt-XXL For G and PL Damen Halloween Umstandsmode Langarm Schwangerschaft Shirt - - Mittel\",\"breadcrumb\":{\"@id\":\"https:\\\/\\\/marktxxl.de\\\/markt\\\/produkt\\\/for-g-and-pl-damen-halloween-umstandsmode-langarm-schwangerschaft-shirt-mittel\\\/#breadcrumb\"},\"inLanguage\":\"de\",\"potentialAction\":[{\"@type\":\"ReadAction\",\"target\":[\"https:\\\/\\\/marktxxl.de\\\/markt\\\/produkt\\\/for-g-and-pl-damen-halloween-umstandsmode-langarm-schwangerschaft-shirt-mittel\\\/\"]}]},{\"@type\":\"ImageObject\",\"inLanguage\":\"de\",\"@id\":\"https:\\\/\\\/marktxxl.de\\\/markt\\\/produkt\\\/for-g-and-pl-damen-halloween-umstandsmode-langarm-schwangerschaft-shirt-mittel\\\/#primaryimage\",\"url\":\"https:\\\/\\\/m.media-amazon.com\\\/images\\\/I\\\/41+N4mRVeqL._SL500_.jpg\",\"contentUrl\":\"https:\\\/\\\/m.media-amazon.com\\\/images\\\/I\\\/41+N4mRVeqL._SL500_.jpg\",\"width\":348,\"height\":500},{\"@type\":\"BreadcrumbList\",\"@id\":\"https:\\\/\\\/marktxxl.de\\\/markt\\\/produkt\\\/for-g-and-pl-damen-halloween-umstandsmode-langarm-schwangerschaft-shirt-mittel\\\/#breadcrumb\",\"itemListElement\":[{\"@type\":\"ListItem\",\"position\":1,\"name\":\"Startseite\",\"item\":\"https:\\\/\\\/marktxxl.de\\\/markt\\\/\"},{\"@type\":\"ListItem\",\"position\":2,\"name\":\"Markt\",\"item\":\"https:\\\/\\\/marktxxl.de\\\/markt\\\/\"},{\"@type\":\"ListItem\",\"position\":3,\"name\":\"For G and PL Damen Halloween Umstandsmode Langarm Schwangerschaft Shirt &#8211; &#8211; Mittel\"}]},{\"@type\":\"WebSite\",\"@id\":\"https:\\\/\\\/marktxxl.de\\\/markt\\\/#website\",\"url\":\"https:\\\/\\\/marktxxl.de\\\/markt\\\/\",\"name\":\"Markt-XXL\",\"description\":\"Ihr Markt Online\",\"publisher\":{\"@id\":\"https:\\\/\\\/marktxxl.de\\\/markt\\\/#organization\"},\"potentialAction\":[{\"@type\":\"SearchAction\",\"target\":{\"@type\":\"EntryPoint\",\"urlTemplate\":\"https:\\\/\\\/marktxxl.de\\\/markt\\\/?s={search_term_string}\"},\"query-input\":{\"@type\":\"PropertyValueSpecification\",\"valueRequired\":true,\"valueName\":\"search_term_string\"}}],\"inLanguage\":\"de\"},{\"@type\":\"Organization\",\"@id\":\"https:\\\/\\\/marktxxl.de\\\/markt\\\/#organization\",\"name\":\"Markt-XXL\",\"url\":\"https:\\\/\\\/marktxxl.de\\\/markt\\\/\",\"logo\":{\"@type\":\"ImageObject\",\"inLanguage\":\"de\",\"@id\":\"https:\\\/\\\/marktxxl.de\\\/markt\\\/#\\\/schema\\\/logo\\\/image\\\/\",\"url\":\"https:\\\/\\\/marktxxl.de\\\/markt\\\/wp-content\\\/uploads\\\/sites\\\/3\\\/2020\\\/12\\\/logo.png\",\"contentUrl\":\"https:\\\/\\\/marktxxl.de\\\/markt\\\/wp-content\\\/uploads\\\/sites\\\/3\\\/2020\\\/12\\\/logo.png\",\"width\":200,\"height\":70,\"caption\":\"Markt-XXL\"},\"image\":{\"@id\":\"https:\\\/\\\/marktxxl.de\\\/markt\\\/#\\\/schema\\\/logo\\\/image\\\/\"}}]}<\/script>\n<!-- \/ Yoast SEO plugin. -->","yoast_head_json":{"title":"For G and PL Damen Halloween Umstandsmode Langarm Schwangerschaft Shirt - Mittel - Markt-XXL","description":"Markt-XXL For G and PL Damen Halloween Umstandsmode Langarm Schwangerschaft Shirt - - Mittel","robots":{"index":"index","follow":"follow","max-snippet":"max-snippet:-1","max-image-preview":"max-image-preview:large","max-video-preview":"max-video-preview:-1"},"canonical":"https:\/\/marktxxl.de\/markt\/produkt\/for-g-and-pl-damen-halloween-umstandsmode-langarm-schwangerschaft-shirt-mittel\/","og_locale":"de_DE","og_type":"article","og_title":"For G and PL Damen Halloween Umstandsmode Langarm Schwangerschaft Shirt - Mittel - Markt-XXL","og_description":"Markt-XXL For G and PL Damen Halloween Umstandsmode Langarm Schwangerschaft Shirt - - Mittel","og_url":"https:\/\/marktxxl.de\/markt\/produkt\/for-g-and-pl-damen-halloween-umstandsmode-langarm-schwangerschaft-shirt-mittel\/","og_site_name":"Markt-XXL","article_modified_time":"2023-04-11T02:29:10+00:00","og_image":[{"width":348,"height":500,"url":"https:\/\/m.media-amazon.com\/images\/I\/41+N4mRVeqL._SL500_.jpg","type":"image\/jpeg"}],"twitter_card":"summary_large_image","twitter_misc":{"Gesch\u00e4tzte Lesezeit":"1\u00a0Minute"},"schema":{"@context":"https:\/\/schema.org","@graph":[{"@type":"WebPage","@id":"https:\/\/marktxxl.de\/markt\/produkt\/for-g-and-pl-damen-halloween-umstandsmode-langarm-schwangerschaft-shirt-mittel\/","url":"https:\/\/marktxxl.de\/markt\/produkt\/for-g-and-pl-damen-halloween-umstandsmode-langarm-schwangerschaft-shirt-mittel\/","name":"For G and PL Damen Halloween Umstandsmode Langarm Schwangerschaft Shirt - Mittel - Markt-XXL","isPartOf":{"@id":"https:\/\/marktxxl.de\/markt\/#website"},"primaryImageOfPage":{"@id":"https:\/\/marktxxl.de\/markt\/produkt\/for-g-and-pl-damen-halloween-umstandsmode-langarm-schwangerschaft-shirt-mittel\/#primaryimage"},"image":{"@id":"https:\/\/marktxxl.de\/markt\/produkt\/for-g-and-pl-damen-halloween-umstandsmode-langarm-schwangerschaft-shirt-mittel\/#primaryimage"},"thumbnailUrl":"https:\/\/m.media-amazon.com\/images\/I\/41+N4mRVeqL._SL500_.jpg","datePublished":"2022-09-12T01:05:31+00:00","dateModified":"2023-04-11T02:29:10+00:00","description":"Markt-XXL For G and PL Damen Halloween Umstandsmode Langarm Schwangerschaft Shirt - - Mittel","breadcrumb":{"@id":"https:\/\/marktxxl.de\/markt\/produkt\/for-g-and-pl-damen-halloween-umstandsmode-langarm-schwangerschaft-shirt-mittel\/#breadcrumb"},"inLanguage":"de","potentialAction":[{"@type":"ReadAction","target":["https:\/\/marktxxl.de\/markt\/produkt\/for-g-and-pl-damen-halloween-umstandsmode-langarm-schwangerschaft-shirt-mittel\/"]}]},{"@type":"ImageObject","inLanguage":"de","@id":"https:\/\/marktxxl.de\/markt\/produkt\/for-g-and-pl-damen-halloween-umstandsmode-langarm-schwangerschaft-shirt-mittel\/#primaryimage","url":"https:\/\/m.media-amazon.com\/images\/I\/41+N4mRVeqL._SL500_.jpg","contentUrl":"https:\/\/m.media-amazon.com\/images\/I\/41+N4mRVeqL._SL500_.jpg","width":348,"height":500},{"@type":"BreadcrumbList","@id":"https:\/\/marktxxl.de\/markt\/produkt\/for-g-and-pl-damen-halloween-umstandsmode-langarm-schwangerschaft-shirt-mittel\/#breadcrumb","itemListElement":[{"@type":"ListItem","position":1,"name":"Startseite","item":"https:\/\/marktxxl.de\/markt\/"},{"@type":"ListItem","position":2,"name":"Markt","item":"https:\/\/marktxxl.de\/markt\/"},{"@type":"ListItem","position":3,"name":"For G and PL Damen Halloween Umstandsmode Langarm Schwangerschaft Shirt &#8211; &#8211; Mittel"}]},{"@type":"WebSite","@id":"https:\/\/marktxxl.de\/markt\/#website","url":"https:\/\/marktxxl.de\/markt\/","name":"Markt-XXL","description":"Ihr Markt Online","publisher":{"@id":"https:\/\/marktxxl.de\/markt\/#organization"},"potentialAction":[{"@type":"SearchAction","target":{"@type":"EntryPoint","urlTemplate":"https:\/\/marktxxl.de\/markt\/?s={search_term_string}"},"query-input":{"@type":"PropertyValueSpecification","valueRequired":true,"valueName":"search_term_string"}}],"inLanguage":"de"},{"@type":"Organization","@id":"https:\/\/marktxxl.de\/markt\/#organization","name":"Markt-XXL","url":"https:\/\/marktxxl.de\/markt\/","logo":{"@type":"ImageObject","inLanguage":"de","@id":"https:\/\/marktxxl.de\/markt\/#\/schema\/logo\/image\/","url":"https:\/\/marktxxl.de\/markt\/wp-content\/uploads\/sites\/3\/2020\/12\/logo.png","contentUrl":"https:\/\/marktxxl.de\/markt\/wp-content\/uploads\/sites\/3\/2020\/12\/logo.png","width":200,"height":70,"caption":"Markt-XXL"},"image":{"@id":"https:\/\/marktxxl.de\/markt\/#\/schema\/logo\/image\/"}}]}},"_links":{"self":[{"href":"https:\/\/marktxxl.de\/markt\/wp-json\/wp\/v2\/product\/149447","targetHints":{"allow":["GET"]}}],"collection":[{"href":"https:\/\/marktxxl.de\/markt\/wp-json\/wp\/v2\/product"}],"about":[{"href":"https:\/\/marktxxl.de\/markt\/wp-json\/wp\/v2\/types\/product"}],"replies":[{"embeddable":true,"href":"https:\/\/marktxxl.de\/markt\/wp-json\/wp\/v2\/comments?post=149447"}],"wp:featuredmedia":[{"embeddable":true,"href":"https:\/\/marktxxl.de\/markt\/wp-json\/wp\/v2\/media\/149448"}],"wp:attachment":[{"href":"https:\/\/marktxxl.de\/markt\/wp-json\/wp\/v2\/media?parent=149447"}],"wp:term":[{"taxonomy":"product_brand","embeddable":true,"href":"https:\/\/marktxxl.de\/markt\/wp-json\/wp\/v2\/product_brand?post=149447"},{"taxonomy":"product_cat","embeddable":true,"href":"https:\/\/marktxxl.de\/markt\/wp-json\/wp\/v2\/product_cat?post=149447"},{"taxonomy":"product_tag","embeddable":true,"href":"https:\/\/marktxxl.de\/markt\/wp-json\/wp\/v2\/product_tag?post=149447"}],"curies":[{"name":"wp","href":"https:\/\/api.w.org\/{rel}","templated":true}]}}