{"id":149428,"date":"2022-09-12T03:05:03","date_gmt":"2022-09-12T01:05:03","guid":{"rendered":"https:\/\/marktxxl.de\/markt\/produkt\/angelhood-still-bh-fuer-damen-3-stueck-ohne-buegel-mit-verlaengerungen-und-clips\/"},"modified":"2023-04-11T04:29:10","modified_gmt":"2023-04-11T02:29:10","slug":"angelhood-still-bh-fuer-damen-3-stueck-ohne-buegel-mit-verlaengerungen-und-clips","status":"publish","type":"product","link":"https:\/\/marktxxl.de\/markt\/produkt\/angelhood-still-bh-fuer-damen-3-stueck-ohne-buegel-mit-verlaengerungen-und-clips\/","title":{"rendered":"Angelhood Still-BH f\u00fcr Damen, 3 St\u00fcck, ohne B\u00fcgel, mit Verl\u00e4ngerungen und Clips"},"content":{"rendered":"<p>Angelhood Still-BH aus weichem und elastischem Material: 92 % Nylon + 8 % Spandex.Lieferumfang: 3 x Still-BHs + 3 x passende BH-Verl\u00e4ngerungen + 3 x BH-Clips. Passende Verl\u00e4ngerung erm\u00f6glicht es den BHs von der Schwangerschaft bis zur Stillzeit mit Ihrer sich ver\u00e4ndernden Figur zu wachsen, um maximalen Komfort zu gew\u00e4hrleisten. Clips halten BH-Tr\u00e4ger an Ort und Stelle und verborgen, bieten zus\u00e4tzlichen Halt.<br \/>\nAngelhood Still-BH Eigenschaften: kabelloses und nahtloses Design macht den BH sehr weich, verstellbare Schultergurte, die Ihre Rippe nicht belasten, der elastische Stoff gibt genug Unterst\u00fctzung f\u00fcr die Brust, er beh\u00e4lt die Form nach dem Waschen. Abnehmbare Polsterung, einfacher zu waschen und Sie k\u00f6nnen ihn auch als Stilleinlagen entfernen. Einstufiger F\u00fctterungsverschluss k\u00f6nnen Sie die Tasse separat durch eine Schritt und eine Hand abnehmen, das Stillen wird einfacher und nicht umst\u00e4ndlich. Das breite Seitenband wird nicht umst\u00e4ndlich. Achselh\u00f6hle Fett und halten Sie eng anliegend.<br \/>\nDer Stoff unseres Schwangerschafts-BHs ist sehr glatt und sanft zu Ihrer Haut, keine Irritationen, die gute Elastizit\u00e4t h\u00e4lt die BHs Form und eng an Ihren K\u00f6rper und macht die BHs nach wiederholtem Waschen haltbarer. Dar\u00fcber hinaus ist dieser Stoff auch sehr atmungsaktiv, Sie k\u00f6nnen ihn zum Schlafen tragen. Er hat auch eine gro\u00dfartige Pilling- und Verblassungsbest\u00e4ndigkeit, es wird keine Kn\u00f6tchenbildung und h\u00e4lt die Farbe in allen BHs lange Zeit.<br \/>\nW\u00e4hrend das stilvolle V-Ausschnitt Design Ihre Br\u00fcste atmungsaktiver macht, passt zu mehr Arten von Kleidern und h\u00e4lt sie gleichzeitig bequem. Die einzigartige Polsterung macht die Br\u00fcste attraktiver und gibt gleichzeitig genug Unterst\u00fctzung. Angelhood Schlaf Still-BH mit tiefem V vorne und U-Form sch\u00f6ne R\u00fcckseite.<br \/>\nUnser BH funktioniert gut als Schwangerschafts-BH, Still-BH, Schlaf-BH, Workout-BH, Alltags-BH, auch das beste Geschenk f\u00fcr Frauen. Inzwischen werden wir jede unzufriedene Bestellung zur\u00fcckerstatten oder ersetzen. Wenn Sie Fragen haben, kontaktieren Sie bitte unser Kundenservice-Team, wir werden es l\u00f6sen, bis Sie zufrieden sind.<br \/>\n<div class=\"main-cross-sell\" data-asin=\"B095HD4XR8\">\n\n\t<div class=\"WooZone-cross-sell-loader\">\n\t\t<div>\n\t\t\t<div id=\"floatingBarsG\">\n\t\t\t\t<div class=\"blockG\" id=\"rotateG_01\"><\/div>\n\t\t\t\t<div class=\"blockG\" id=\"rotateG_02\"><\/div>\n\t\t\t\t<div class=\"blockG\" id=\"rotateG_03\"><\/div>\n\t\t\t\t<div class=\"blockG\" id=\"rotateG_04\"><\/div>\n\t\t\t\t<div class=\"blockG\" id=\"rotateG_05\"><\/div>\n\t\t\t\t<div class=\"blockG\" id=\"rotateG_06\"><\/div>\n\t\t\t\t<div class=\"blockG\" id=\"rotateG_07\"><\/div>\n\t\t\t\t<div class=\"blockG\" id=\"rotateG_08\"><\/div>\n\t\t\t<\/div>\n\t\t\t<div class=\"WooZone-cross-sell-loader-text\"><\/div>\n\t\t<\/div>\n\t<\/div>\n\n\t\t\n<\/div>\n<div style=\"clear:both;\"><\/div><\/p>\n","protected":false},"excerpt":{"rendered":"<p>Angelhood Still-BH aus weichem und elastischem Material: 92 % Nylon + 8 % Spandex.Lieferumfang: 3 x Still-BHs + 3 x passende BH-Verl\u00e4ngerungen + 3 x BH-Clips. Passende Verl\u00e4ngerung erm\u00f6glicht es den BHs von der Schwangerschaft bis zur Stillzeit mit Ihrer sich ver\u00e4ndernden Figur zu wachsen, um maximalen Komfort zu gew\u00e4hrleisten. Clips halten BH-Tr\u00e4ger an Ort und Stelle und verborgen, bieten zus\u00e4tzlichen Halt.<br \/>\nAngelhood Still-BH Eigenschaften: kabelloses und nahtloses Design macht den BH sehr weich, verstellbare Schultergurte, die Ihre Rippe nicht belasten, der elastische Stoff gibt genug Unterst\u00fctzung f\u00fcr die Brust, er beh\u00e4lt die Form nach dem Waschen. Abnehmbare Polsterung, einfacher zu waschen und Sie k\u00f6nnen ihn auch als Stilleinlagen entfernen. Einstufiger F\u00fctterungsverschluss k\u00f6nnen Sie die Tasse separat durch eine Schritt und eine Hand abnehmen, das Stillen wird einfacher und nicht umst\u00e4ndlich. Das breite Seitenband wird nicht umst\u00e4ndlich. Achselh\u00f6hle Fett und halten Sie eng anliegend.<br \/>\nDer Stoff unseres Schwangerschafts-BHs ist sehr glatt und sanft zu Ihrer Haut, keine Irritationen, die gute Elastizit\u00e4t h\u00e4lt die BHs Form und eng an Ihren K\u00f6rper und macht die BHs nach wiederholtem Waschen haltbarer. Dar\u00fcber hinaus ist dieser Stoff auch sehr atmungsaktiv, Sie k\u00f6nnen ihn zum Schlafen tragen. Er hat auch eine gro\u00dfartige Pilling- und Verblassungsbest\u00e4ndigkeit, es wird keine Kn\u00f6tchenbildung und h\u00e4lt die Farbe in allen BHs lange Zeit.<\/p>\n","protected":false},"featured_media":149429,"comment_status":"open","ping_status":"closed","template":"","meta":[],"product_brand":[],"product_cat":[21,9478],"product_tag":[],"class_list":{"0":"post-149428","1":"product","2":"type-product","3":"status-publish","4":"has-post-thumbnail","6":"product_cat-baby","7":"product_cat-umstandskleidung-baby","8":"pa_binding-textilien","9":"pa_brand-angelhood","11":"first","12":"instock","13":"shipping-taxable","14":"purchasable","15":"product-type-simple","16":"customify-col","17":"product-has-gallery"},"yoast_head":"<!-- This site is optimized with the Yoast SEO plugin v27.4 - https:\/\/yoast.com\/product\/yoast-seo-wordpress\/ -->\n<title>Angelhood Still-BH f\u00fcr Damen, 3 St\u00fcck, ohne B\u00fcgel, mit Verl\u00e4ngerungen und Clips - Markt-XXL<\/title>\n<meta name=\"description\" content=\"Markt-XXL Angelhood Still-BH f\u00fcr Damen, 3 St\u00fcck, ohne B\u00fcgel, mit Verl\u00e4ngerungen und Clips\" \/>\n<meta name=\"robots\" content=\"index, follow, max-snippet:-1, max-image-preview:large, max-video-preview:-1\" \/>\n<link rel=\"canonical\" href=\"https:\/\/marktxxl.de\/markt\/produkt\/angelhood-still-bh-fuer-damen-3-stueck-ohne-buegel-mit-verlaengerungen-und-clips\/\" \/>\n<meta property=\"og:locale\" content=\"de_DE\" \/>\n<meta property=\"og:type\" content=\"article\" \/>\n<meta property=\"og:title\" content=\"Angelhood Still-BH f\u00fcr Damen, 3 St\u00fcck, ohne B\u00fcgel, mit Verl\u00e4ngerungen und Clips - Markt-XXL\" \/>\n<meta property=\"og:description\" content=\"Markt-XXL Angelhood Still-BH f\u00fcr Damen, 3 St\u00fcck, ohne B\u00fcgel, mit Verl\u00e4ngerungen und Clips\" \/>\n<meta property=\"og:url\" content=\"https:\/\/marktxxl.de\/markt\/produkt\/angelhood-still-bh-fuer-damen-3-stueck-ohne-buegel-mit-verlaengerungen-und-clips\/\" \/>\n<meta property=\"og:site_name\" content=\"Markt-XXL\" \/>\n<meta property=\"article:modified_time\" content=\"2023-04-11T02:29:10+00:00\" \/>\n<meta property=\"og:image\" content=\"https:\/\/m.media-amazon.com\/images\/I\/3173ncUgAAL._SL500_.jpg\" \/>\n\t<meta property=\"og:image:width\" content=\"500\" \/>\n\t<meta property=\"og:image:height\" content=\"500\" \/>\n\t<meta property=\"og:image:type\" content=\"image\/jpeg\" \/>\n<meta name=\"twitter:card\" content=\"summary_large_image\" \/>\n<meta name=\"twitter:label1\" content=\"Gesch\u00e4tzte Lesezeit\" \/>\n\t<meta name=\"twitter:data1\" content=\"2\u00a0Minuten\" \/>\n<script type=\"application\/ld+json\" class=\"yoast-schema-graph\">{\"@context\":\"https:\\\/\\\/schema.org\",\"@graph\":[{\"@type\":\"WebPage\",\"@id\":\"https:\\\/\\\/marktxxl.de\\\/markt\\\/produkt\\\/angelhood-still-bh-fuer-damen-3-stueck-ohne-buegel-mit-verlaengerungen-und-clips\\\/\",\"url\":\"https:\\\/\\\/marktxxl.de\\\/markt\\\/produkt\\\/angelhood-still-bh-fuer-damen-3-stueck-ohne-buegel-mit-verlaengerungen-und-clips\\\/\",\"name\":\"Angelhood Still-BH f\u00fcr Damen, 3 St\u00fcck, ohne B\u00fcgel, mit Verl\u00e4ngerungen und Clips - Markt-XXL\",\"isPartOf\":{\"@id\":\"https:\\\/\\\/marktxxl.de\\\/markt\\\/#website\"},\"primaryImageOfPage\":{\"@id\":\"https:\\\/\\\/marktxxl.de\\\/markt\\\/produkt\\\/angelhood-still-bh-fuer-damen-3-stueck-ohne-buegel-mit-verlaengerungen-und-clips\\\/#primaryimage\"},\"image\":{\"@id\":\"https:\\\/\\\/marktxxl.de\\\/markt\\\/produkt\\\/angelhood-still-bh-fuer-damen-3-stueck-ohne-buegel-mit-verlaengerungen-und-clips\\\/#primaryimage\"},\"thumbnailUrl\":\"https:\\\/\\\/m.media-amazon.com\\\/images\\\/I\\\/3173ncUgAAL._SL500_.jpg\",\"datePublished\":\"2022-09-12T01:05:03+00:00\",\"dateModified\":\"2023-04-11T02:29:10+00:00\",\"description\":\"Markt-XXL Angelhood Still-BH f\u00fcr Damen, 3 St\u00fcck, ohne B\u00fcgel, mit Verl\u00e4ngerungen und Clips\",\"breadcrumb\":{\"@id\":\"https:\\\/\\\/marktxxl.de\\\/markt\\\/produkt\\\/angelhood-still-bh-fuer-damen-3-stueck-ohne-buegel-mit-verlaengerungen-und-clips\\\/#breadcrumb\"},\"inLanguage\":\"de\",\"potentialAction\":[{\"@type\":\"ReadAction\",\"target\":[\"https:\\\/\\\/marktxxl.de\\\/markt\\\/produkt\\\/angelhood-still-bh-fuer-damen-3-stueck-ohne-buegel-mit-verlaengerungen-und-clips\\\/\"]}]},{\"@type\":\"ImageObject\",\"inLanguage\":\"de\",\"@id\":\"https:\\\/\\\/marktxxl.de\\\/markt\\\/produkt\\\/angelhood-still-bh-fuer-damen-3-stueck-ohne-buegel-mit-verlaengerungen-und-clips\\\/#primaryimage\",\"url\":\"https:\\\/\\\/m.media-amazon.com\\\/images\\\/I\\\/3173ncUgAAL._SL500_.jpg\",\"contentUrl\":\"https:\\\/\\\/m.media-amazon.com\\\/images\\\/I\\\/3173ncUgAAL._SL500_.jpg\",\"width\":500,\"height\":500},{\"@type\":\"BreadcrumbList\",\"@id\":\"https:\\\/\\\/marktxxl.de\\\/markt\\\/produkt\\\/angelhood-still-bh-fuer-damen-3-stueck-ohne-buegel-mit-verlaengerungen-und-clips\\\/#breadcrumb\",\"itemListElement\":[{\"@type\":\"ListItem\",\"position\":1,\"name\":\"Startseite\",\"item\":\"https:\\\/\\\/marktxxl.de\\\/markt\\\/\"},{\"@type\":\"ListItem\",\"position\":2,\"name\":\"Markt\",\"item\":\"https:\\\/\\\/marktxxl.de\\\/markt\\\/\"},{\"@type\":\"ListItem\",\"position\":3,\"name\":\"Angelhood Still-BH f\u00fcr Damen, 3 St\u00fcck, ohne B\u00fcgel, mit Verl\u00e4ngerungen und Clips\"}]},{\"@type\":\"WebSite\",\"@id\":\"https:\\\/\\\/marktxxl.de\\\/markt\\\/#website\",\"url\":\"https:\\\/\\\/marktxxl.de\\\/markt\\\/\",\"name\":\"Markt-XXL\",\"description\":\"Ihr Markt Online\",\"publisher\":{\"@id\":\"https:\\\/\\\/marktxxl.de\\\/markt\\\/#organization\"},\"potentialAction\":[{\"@type\":\"SearchAction\",\"target\":{\"@type\":\"EntryPoint\",\"urlTemplate\":\"https:\\\/\\\/marktxxl.de\\\/markt\\\/?s={search_term_string}\"},\"query-input\":{\"@type\":\"PropertyValueSpecification\",\"valueRequired\":true,\"valueName\":\"search_term_string\"}}],\"inLanguage\":\"de\"},{\"@type\":\"Organization\",\"@id\":\"https:\\\/\\\/marktxxl.de\\\/markt\\\/#organization\",\"name\":\"Markt-XXL\",\"url\":\"https:\\\/\\\/marktxxl.de\\\/markt\\\/\",\"logo\":{\"@type\":\"ImageObject\",\"inLanguage\":\"de\",\"@id\":\"https:\\\/\\\/marktxxl.de\\\/markt\\\/#\\\/schema\\\/logo\\\/image\\\/\",\"url\":\"https:\\\/\\\/marktxxl.de\\\/markt\\\/wp-content\\\/uploads\\\/sites\\\/3\\\/2020\\\/12\\\/logo.png\",\"contentUrl\":\"https:\\\/\\\/marktxxl.de\\\/markt\\\/wp-content\\\/uploads\\\/sites\\\/3\\\/2020\\\/12\\\/logo.png\",\"width\":200,\"height\":70,\"caption\":\"Markt-XXL\"},\"image\":{\"@id\":\"https:\\\/\\\/marktxxl.de\\\/markt\\\/#\\\/schema\\\/logo\\\/image\\\/\"}}]}<\/script>\n<!-- \/ Yoast SEO plugin. -->","yoast_head_json":{"title":"Angelhood Still-BH f\u00fcr Damen, 3 St\u00fcck, ohne B\u00fcgel, mit Verl\u00e4ngerungen und Clips - Markt-XXL","description":"Markt-XXL Angelhood Still-BH f\u00fcr Damen, 3 St\u00fcck, ohne B\u00fcgel, mit Verl\u00e4ngerungen und Clips","robots":{"index":"index","follow":"follow","max-snippet":"max-snippet:-1","max-image-preview":"max-image-preview:large","max-video-preview":"max-video-preview:-1"},"canonical":"https:\/\/marktxxl.de\/markt\/produkt\/angelhood-still-bh-fuer-damen-3-stueck-ohne-buegel-mit-verlaengerungen-und-clips\/","og_locale":"de_DE","og_type":"article","og_title":"Angelhood Still-BH f\u00fcr Damen, 3 St\u00fcck, ohne B\u00fcgel, mit Verl\u00e4ngerungen und Clips - Markt-XXL","og_description":"Markt-XXL Angelhood Still-BH f\u00fcr Damen, 3 St\u00fcck, ohne B\u00fcgel, mit Verl\u00e4ngerungen und Clips","og_url":"https:\/\/marktxxl.de\/markt\/produkt\/angelhood-still-bh-fuer-damen-3-stueck-ohne-buegel-mit-verlaengerungen-und-clips\/","og_site_name":"Markt-XXL","article_modified_time":"2023-04-11T02:29:10+00:00","og_image":[{"width":500,"height":500,"url":"https:\/\/m.media-amazon.com\/images\/I\/3173ncUgAAL._SL500_.jpg","type":"image\/jpeg"}],"twitter_card":"summary_large_image","twitter_misc":{"Gesch\u00e4tzte Lesezeit":"2\u00a0Minuten"},"schema":{"@context":"https:\/\/schema.org","@graph":[{"@type":"WebPage","@id":"https:\/\/marktxxl.de\/markt\/produkt\/angelhood-still-bh-fuer-damen-3-stueck-ohne-buegel-mit-verlaengerungen-und-clips\/","url":"https:\/\/marktxxl.de\/markt\/produkt\/angelhood-still-bh-fuer-damen-3-stueck-ohne-buegel-mit-verlaengerungen-und-clips\/","name":"Angelhood Still-BH f\u00fcr Damen, 3 St\u00fcck, ohne B\u00fcgel, mit Verl\u00e4ngerungen und Clips - Markt-XXL","isPartOf":{"@id":"https:\/\/marktxxl.de\/markt\/#website"},"primaryImageOfPage":{"@id":"https:\/\/marktxxl.de\/markt\/produkt\/angelhood-still-bh-fuer-damen-3-stueck-ohne-buegel-mit-verlaengerungen-und-clips\/#primaryimage"},"image":{"@id":"https:\/\/marktxxl.de\/markt\/produkt\/angelhood-still-bh-fuer-damen-3-stueck-ohne-buegel-mit-verlaengerungen-und-clips\/#primaryimage"},"thumbnailUrl":"https:\/\/m.media-amazon.com\/images\/I\/3173ncUgAAL._SL500_.jpg","datePublished":"2022-09-12T01:05:03+00:00","dateModified":"2023-04-11T02:29:10+00:00","description":"Markt-XXL Angelhood Still-BH f\u00fcr Damen, 3 St\u00fcck, ohne B\u00fcgel, mit Verl\u00e4ngerungen und Clips","breadcrumb":{"@id":"https:\/\/marktxxl.de\/markt\/produkt\/angelhood-still-bh-fuer-damen-3-stueck-ohne-buegel-mit-verlaengerungen-und-clips\/#breadcrumb"},"inLanguage":"de","potentialAction":[{"@type":"ReadAction","target":["https:\/\/marktxxl.de\/markt\/produkt\/angelhood-still-bh-fuer-damen-3-stueck-ohne-buegel-mit-verlaengerungen-und-clips\/"]}]},{"@type":"ImageObject","inLanguage":"de","@id":"https:\/\/marktxxl.de\/markt\/produkt\/angelhood-still-bh-fuer-damen-3-stueck-ohne-buegel-mit-verlaengerungen-und-clips\/#primaryimage","url":"https:\/\/m.media-amazon.com\/images\/I\/3173ncUgAAL._SL500_.jpg","contentUrl":"https:\/\/m.media-amazon.com\/images\/I\/3173ncUgAAL._SL500_.jpg","width":500,"height":500},{"@type":"BreadcrumbList","@id":"https:\/\/marktxxl.de\/markt\/produkt\/angelhood-still-bh-fuer-damen-3-stueck-ohne-buegel-mit-verlaengerungen-und-clips\/#breadcrumb","itemListElement":[{"@type":"ListItem","position":1,"name":"Startseite","item":"https:\/\/marktxxl.de\/markt\/"},{"@type":"ListItem","position":2,"name":"Markt","item":"https:\/\/marktxxl.de\/markt\/"},{"@type":"ListItem","position":3,"name":"Angelhood Still-BH f\u00fcr Damen, 3 St\u00fcck, ohne B\u00fcgel, mit Verl\u00e4ngerungen und Clips"}]},{"@type":"WebSite","@id":"https:\/\/marktxxl.de\/markt\/#website","url":"https:\/\/marktxxl.de\/markt\/","name":"Markt-XXL","description":"Ihr Markt Online","publisher":{"@id":"https:\/\/marktxxl.de\/markt\/#organization"},"potentialAction":[{"@type":"SearchAction","target":{"@type":"EntryPoint","urlTemplate":"https:\/\/marktxxl.de\/markt\/?s={search_term_string}"},"query-input":{"@type":"PropertyValueSpecification","valueRequired":true,"valueName":"search_term_string"}}],"inLanguage":"de"},{"@type":"Organization","@id":"https:\/\/marktxxl.de\/markt\/#organization","name":"Markt-XXL","url":"https:\/\/marktxxl.de\/markt\/","logo":{"@type":"ImageObject","inLanguage":"de","@id":"https:\/\/marktxxl.de\/markt\/#\/schema\/logo\/image\/","url":"https:\/\/marktxxl.de\/markt\/wp-content\/uploads\/sites\/3\/2020\/12\/logo.png","contentUrl":"https:\/\/marktxxl.de\/markt\/wp-content\/uploads\/sites\/3\/2020\/12\/logo.png","width":200,"height":70,"caption":"Markt-XXL"},"image":{"@id":"https:\/\/marktxxl.de\/markt\/#\/schema\/logo\/image\/"}}]}},"_links":{"self":[{"href":"https:\/\/marktxxl.de\/markt\/wp-json\/wp\/v2\/product\/149428","targetHints":{"allow":["GET"]}}],"collection":[{"href":"https:\/\/marktxxl.de\/markt\/wp-json\/wp\/v2\/product"}],"about":[{"href":"https:\/\/marktxxl.de\/markt\/wp-json\/wp\/v2\/types\/product"}],"replies":[{"embeddable":true,"href":"https:\/\/marktxxl.de\/markt\/wp-json\/wp\/v2\/comments?post=149428"}],"wp:featuredmedia":[{"embeddable":true,"href":"https:\/\/marktxxl.de\/markt\/wp-json\/wp\/v2\/media\/149429"}],"wp:attachment":[{"href":"https:\/\/marktxxl.de\/markt\/wp-json\/wp\/v2\/media?parent=149428"}],"wp:term":[{"taxonomy":"product_brand","embeddable":true,"href":"https:\/\/marktxxl.de\/markt\/wp-json\/wp\/v2\/product_brand?post=149428"},{"taxonomy":"product_cat","embeddable":true,"href":"https:\/\/marktxxl.de\/markt\/wp-json\/wp\/v2\/product_cat?post=149428"},{"taxonomy":"product_tag","embeddable":true,"href":"https:\/\/marktxxl.de\/markt\/wp-json\/wp\/v2\/product_tag?post=149428"}],"curies":[{"name":"wp","href":"https:\/\/api.w.org\/{rel}","templated":true}]}}