{"id":149344,"date":"2022-09-12T03:01:34","date_gmt":"2022-09-12T01:01:34","guid":{"rendered":"https:\/\/marktxxl.de\/markt\/produkt\/50-einmachglaeser-ratschlaege-und-vorhersage-karten-fuer-babyparty-spiel-mutter-papa-oder-mama-daddy-to-be-fuer-maedchen-oder-jungen-ratschlaege-lustiges-geschlechtsneutrale-dusche\/"},"modified":"2023-04-11T04:29:09","modified_gmt":"2023-04-11T02:29:09","slug":"50-einmachglaeser-ratschlaege-und-vorhersage-karten-fuer-babyparty-spiel-mutter-papa-oder-mama-daddy-to-be-fuer-maedchen-oder-jungen-ratschlaege-lustiges-geschlechtsneutrale-dusche","status":"publish","type":"product","link":"https:\/\/marktxxl.de\/markt\/produkt\/50-einmachglaeser-ratschlaege-und-vorhersage-karten-fuer-babyparty-spiel-mutter-papa-oder-mama-daddy-to-be-fuer-maedchen-oder-jungen-ratschlaege-lustiges-geschlechtsneutrale-dusche\/","title":{"rendered":"50 Einmachgl\u00e4ser Ratschl\u00e4ge und Vorhersage Karten f\u00fcr Babyparty-Spiel, Mutter &amp; Papa oder Mama &amp; Daddy To Be, f\u00fcr\u2026"},"content":{"rendered":"<p>Perfektes Andenken \u2013 diese Ratschl\u00e4ge sind dick und stabil. Die Karten halten jahrelang und vergleichen sie mit anderen Karten, die auf d\u00fcnnem Papier gedruckt sind. Zum Spa\u00df, legen Sie sie in ein Sammelalbum und lesen Sie die Baby-Vorhersagungskarten jeden Geburtstag erneut.<br \/>\nBeeindrucken Sie Ihre G\u00e4ste und helfen Sie ihm, Spa\u00df zu haben \u2013 diese k\u00f6nnen als Spiel w\u00e4hrend einer Babyparty, Gender-Enth\u00fcllungs-Party und jeder sich zusammen um die Ankunft des neuen Babys zu feiern.<br \/>\nSparen Sie Geld &#8211; nur 0,29 $ pro Karte! Vergleichen Sie es mit anderen Sets, die $.40 pro Karte kosten! !<br \/>\nEinfach zu beschreiben \u2013 Dicker, hochwertiger Karton macht sie leicht zu beschriften im Vergleich zu anderen Ratschl\u00e4gen oder Gl\u00fcckwunschkarten, die mit einer gl\u00e4nzenden Oberfl\u00e4che gedruckt sind. Bestellen Sie jetzt, um den Unterschied dicken Karton machen zu sehen!<br \/>\nLieben Sie das Design und die Qualit\u00e4t der Beratungskarten oder Ihr Geld zur\u00fcck.<br \/>\n<div class=\"main-cross-sell\" data-asin=\"B074ZMH79K\">\n\n\t<div class=\"WooZone-cross-sell-loader\">\n\t\t<div>\n\t\t\t<div id=\"floatingBarsG\">\n\t\t\t\t<div class=\"blockG\" id=\"rotateG_01\"><\/div>\n\t\t\t\t<div class=\"blockG\" id=\"rotateG_02\"><\/div>\n\t\t\t\t<div class=\"blockG\" id=\"rotateG_03\"><\/div>\n\t\t\t\t<div class=\"blockG\" id=\"rotateG_04\"><\/div>\n\t\t\t\t<div class=\"blockG\" id=\"rotateG_05\"><\/div>\n\t\t\t\t<div class=\"blockG\" id=\"rotateG_06\"><\/div>\n\t\t\t\t<div class=\"blockG\" id=\"rotateG_07\"><\/div>\n\t\t\t\t<div class=\"blockG\" id=\"rotateG_08\"><\/div>\n\t\t\t<\/div>\n\t\t\t<div class=\"WooZone-cross-sell-loader-text\"><\/div>\n\t\t<\/div>\n\t<\/div>\n\n\t\t\n<\/div>\n<div style=\"clear:both;\"><\/div><\/p>\n","protected":false},"excerpt":{"rendered":"<p>Perfektes Andenken \u2013 diese Ratschl\u00e4ge sind dick und stabil. Die Karten halten jahrelang und vergleichen sie mit anderen Karten, die auf d\u00fcnnem Papier gedruckt sind. Zum Spa\u00df, legen Sie sie in ein Sammelalbum und lesen Sie die Baby-Vorhersagungskarten jeden Geburtstag erneut.<br \/>\nBeeindrucken Sie Ihre G\u00e4ste und helfen Sie ihm, Spa\u00df zu haben \u2013 diese k\u00f6nnen als Spiel w\u00e4hrend einer Babyparty, Gender-Enth\u00fcllungs-Party und jeder sich zusammen um die Ankunft des neuen Babys zu feiern.<br \/>\nSparen Sie Geld &#8211; nur 0,29 $ pro Karte! Vergleichen Sie es mit anderen Sets, die $.40 pro Karte kosten! !<\/p>\n","protected":false},"featured_media":149345,"comment_status":"open","ping_status":"closed","template":"","meta":[],"product_brand":[],"product_cat":[21,8929],"product_tag":[],"class_list":{"0":"post-149344","1":"product","2":"type-product","3":"status-publish","4":"has-post-thumbnail","6":"product_cat-baby","7":"product_cat-babygeschenke-baby","8":"pa_binding-badartikel","9":"pa_brand-hadley-designs","10":"pa_color-kraft","11":"pa_height-0-zoll","12":"pa_length-7-zoll","13":"pa_manufacturer-hadley-designs","14":"pa_weight-0-55-pfund","15":"pa_width-5-zoll","17":"first","18":"instock","19":"shipping-taxable","20":"purchasable","21":"product-type-simple","22":"customify-col","23":"product-has-gallery"},"yoast_head":"<!-- This site is optimized with the Yoast SEO plugin v27.3 - https:\/\/yoast.com\/product\/yoast-seo-wordpress\/ -->\n<title>50 Einmachgl\u00e4ser Ratschl\u00e4ge und Vorhersage Karten f\u00fcr Babyparty-Spiel, Mutter &amp; Papa oder Mama &amp; Daddy To Be, f\u00fcr\u2026 - Markt-XXL<\/title>\n<meta name=\"description\" content=\"Markt-XXL 50 Einmachgl\u00e4ser Ratschl\u00e4ge und Vorhersage Karten f\u00fcr Babyparty-Spiel, Mutter &amp; Papa oder Mama &amp; Daddy To Be, f\u00fcr\u2026\" \/>\n<meta name=\"robots\" content=\"index, follow, max-snippet:-1, max-image-preview:large, max-video-preview:-1\" \/>\n<link rel=\"canonical\" href=\"https:\/\/marktxxl.de\/markt\/produkt\/50-einmachglaeser-ratschlaege-und-vorhersage-karten-fuer-babyparty-spiel-mutter-papa-oder-mama-daddy-to-be-fuer-maedchen-oder-jungen-ratschlaege-lustiges-geschlechtsneutrale-dusche\/\" \/>\n<meta property=\"og:locale\" content=\"de_DE\" \/>\n<meta property=\"og:type\" content=\"article\" \/>\n<meta property=\"og:title\" content=\"50 Einmachgl\u00e4ser Ratschl\u00e4ge und Vorhersage Karten f\u00fcr Babyparty-Spiel, Mutter &amp; Papa oder Mama &amp; Daddy To Be, f\u00fcr\u2026 - Markt-XXL\" \/>\n<meta property=\"og:description\" content=\"Markt-XXL 50 Einmachgl\u00e4ser Ratschl\u00e4ge und Vorhersage Karten f\u00fcr Babyparty-Spiel, Mutter &amp; Papa oder Mama &amp; Daddy To Be, f\u00fcr\u2026\" \/>\n<meta property=\"og:url\" content=\"https:\/\/marktxxl.de\/markt\/produkt\/50-einmachglaeser-ratschlaege-und-vorhersage-karten-fuer-babyparty-spiel-mutter-papa-oder-mama-daddy-to-be-fuer-maedchen-oder-jungen-ratschlaege-lustiges-geschlechtsneutrale-dusche\/\" \/>\n<meta property=\"og:site_name\" content=\"Markt-XXL\" \/>\n<meta property=\"article:modified_time\" content=\"2023-04-11T02:29:09+00:00\" \/>\n<meta property=\"og:image\" content=\"https:\/\/m.media-amazon.com\/images\/I\/51dTpalEUFL._SL500_.jpg\" \/>\n\t<meta property=\"og:image:width\" content=\"500\" \/>\n\t<meta property=\"og:image:height\" content=\"500\" \/>\n\t<meta property=\"og:image:type\" content=\"image\/jpeg\" \/>\n<meta name=\"twitter:card\" content=\"summary_large_image\" \/>\n<meta name=\"twitter:label1\" content=\"Gesch\u00e4tzte Lesezeit\" \/>\n\t<meta name=\"twitter:data1\" content=\"1\u00a0Minute\" \/>\n<script type=\"application\/ld+json\" class=\"yoast-schema-graph\">{\"@context\":\"https:\\\/\\\/schema.org\",\"@graph\":[{\"@type\":\"WebPage\",\"@id\":\"https:\\\/\\\/marktxxl.de\\\/markt\\\/produkt\\\/50-einmachglaeser-ratschlaege-und-vorhersage-karten-fuer-babyparty-spiel-mutter-papa-oder-mama-daddy-to-be-fuer-maedchen-oder-jungen-ratschlaege-lustiges-geschlechtsneutrale-dusche\\\/\",\"url\":\"https:\\\/\\\/marktxxl.de\\\/markt\\\/produkt\\\/50-einmachglaeser-ratschlaege-und-vorhersage-karten-fuer-babyparty-spiel-mutter-papa-oder-mama-daddy-to-be-fuer-maedchen-oder-jungen-ratschlaege-lustiges-geschlechtsneutrale-dusche\\\/\",\"name\":\"50 Einmachgl\u00e4ser Ratschl\u00e4ge und Vorhersage Karten f\u00fcr Babyparty-Spiel, Mutter &amp; Papa oder Mama &amp; Daddy To Be, f\u00fcr\u2026 - Markt-XXL\",\"isPartOf\":{\"@id\":\"https:\\\/\\\/marktxxl.de\\\/markt\\\/#website\"},\"primaryImageOfPage\":{\"@id\":\"https:\\\/\\\/marktxxl.de\\\/markt\\\/produkt\\\/50-einmachglaeser-ratschlaege-und-vorhersage-karten-fuer-babyparty-spiel-mutter-papa-oder-mama-daddy-to-be-fuer-maedchen-oder-jungen-ratschlaege-lustiges-geschlechtsneutrale-dusche\\\/#primaryimage\"},\"image\":{\"@id\":\"https:\\\/\\\/marktxxl.de\\\/markt\\\/produkt\\\/50-einmachglaeser-ratschlaege-und-vorhersage-karten-fuer-babyparty-spiel-mutter-papa-oder-mama-daddy-to-be-fuer-maedchen-oder-jungen-ratschlaege-lustiges-geschlechtsneutrale-dusche\\\/#primaryimage\"},\"thumbnailUrl\":\"https:\\\/\\\/m.media-amazon.com\\\/images\\\/I\\\/51dTpalEUFL._SL500_.jpg\",\"datePublished\":\"2022-09-12T01:01:34+00:00\",\"dateModified\":\"2023-04-11T02:29:09+00:00\",\"description\":\"Markt-XXL 50 Einmachgl\u00e4ser Ratschl\u00e4ge und Vorhersage Karten f\u00fcr Babyparty-Spiel, Mutter &amp; Papa oder Mama &amp; Daddy To Be, f\u00fcr\u2026\",\"breadcrumb\":{\"@id\":\"https:\\\/\\\/marktxxl.de\\\/markt\\\/produkt\\\/50-einmachglaeser-ratschlaege-und-vorhersage-karten-fuer-babyparty-spiel-mutter-papa-oder-mama-daddy-to-be-fuer-maedchen-oder-jungen-ratschlaege-lustiges-geschlechtsneutrale-dusche\\\/#breadcrumb\"},\"inLanguage\":\"de\",\"potentialAction\":[{\"@type\":\"ReadAction\",\"target\":[\"https:\\\/\\\/marktxxl.de\\\/markt\\\/produkt\\\/50-einmachglaeser-ratschlaege-und-vorhersage-karten-fuer-babyparty-spiel-mutter-papa-oder-mama-daddy-to-be-fuer-maedchen-oder-jungen-ratschlaege-lustiges-geschlechtsneutrale-dusche\\\/\"]}]},{\"@type\":\"ImageObject\",\"inLanguage\":\"de\",\"@id\":\"https:\\\/\\\/marktxxl.de\\\/markt\\\/produkt\\\/50-einmachglaeser-ratschlaege-und-vorhersage-karten-fuer-babyparty-spiel-mutter-papa-oder-mama-daddy-to-be-fuer-maedchen-oder-jungen-ratschlaege-lustiges-geschlechtsneutrale-dusche\\\/#primaryimage\",\"url\":\"https:\\\/\\\/m.media-amazon.com\\\/images\\\/I\\\/51dTpalEUFL._SL500_.jpg\",\"contentUrl\":\"https:\\\/\\\/m.media-amazon.com\\\/images\\\/I\\\/51dTpalEUFL._SL500_.jpg\",\"width\":500,\"height\":500},{\"@type\":\"BreadcrumbList\",\"@id\":\"https:\\\/\\\/marktxxl.de\\\/markt\\\/produkt\\\/50-einmachglaeser-ratschlaege-und-vorhersage-karten-fuer-babyparty-spiel-mutter-papa-oder-mama-daddy-to-be-fuer-maedchen-oder-jungen-ratschlaege-lustiges-geschlechtsneutrale-dusche\\\/#breadcrumb\",\"itemListElement\":[{\"@type\":\"ListItem\",\"position\":1,\"name\":\"Startseite\",\"item\":\"https:\\\/\\\/marktxxl.de\\\/markt\\\/\"},{\"@type\":\"ListItem\",\"position\":2,\"name\":\"Markt\",\"item\":\"https:\\\/\\\/marktxxl.de\\\/markt\\\/\"},{\"@type\":\"ListItem\",\"position\":3,\"name\":\"50 Einmachgl\u00e4ser Ratschl\u00e4ge und Vorhersage Karten f\u00fcr Babyparty-Spiel, Mutter &amp; Papa oder Mama &amp; Daddy To Be, f\u00fcr\u2026\"}]},{\"@type\":\"WebSite\",\"@id\":\"https:\\\/\\\/marktxxl.de\\\/markt\\\/#website\",\"url\":\"https:\\\/\\\/marktxxl.de\\\/markt\\\/\",\"name\":\"Markt-XXL\",\"description\":\"Ihr Markt Online\",\"publisher\":{\"@id\":\"https:\\\/\\\/marktxxl.de\\\/markt\\\/#organization\"},\"potentialAction\":[{\"@type\":\"SearchAction\",\"target\":{\"@type\":\"EntryPoint\",\"urlTemplate\":\"https:\\\/\\\/marktxxl.de\\\/markt\\\/?s={search_term_string}\"},\"query-input\":{\"@type\":\"PropertyValueSpecification\",\"valueRequired\":true,\"valueName\":\"search_term_string\"}}],\"inLanguage\":\"de\"},{\"@type\":\"Organization\",\"@id\":\"https:\\\/\\\/marktxxl.de\\\/markt\\\/#organization\",\"name\":\"Markt-XXL\",\"url\":\"https:\\\/\\\/marktxxl.de\\\/markt\\\/\",\"logo\":{\"@type\":\"ImageObject\",\"inLanguage\":\"de\",\"@id\":\"https:\\\/\\\/marktxxl.de\\\/markt\\\/#\\\/schema\\\/logo\\\/image\\\/\",\"url\":\"https:\\\/\\\/marktxxl.de\\\/markt\\\/wp-content\\\/uploads\\\/sites\\\/3\\\/2020\\\/12\\\/logo.png\",\"contentUrl\":\"https:\\\/\\\/marktxxl.de\\\/markt\\\/wp-content\\\/uploads\\\/sites\\\/3\\\/2020\\\/12\\\/logo.png\",\"width\":200,\"height\":70,\"caption\":\"Markt-XXL\"},\"image\":{\"@id\":\"https:\\\/\\\/marktxxl.de\\\/markt\\\/#\\\/schema\\\/logo\\\/image\\\/\"}}]}<\/script>\n<!-- \/ Yoast SEO plugin. -->","yoast_head_json":{"title":"50 Einmachgl\u00e4ser Ratschl\u00e4ge und Vorhersage Karten f\u00fcr Babyparty-Spiel, Mutter &amp; Papa oder Mama &amp; Daddy To Be, f\u00fcr\u2026 - Markt-XXL","description":"Markt-XXL 50 Einmachgl\u00e4ser Ratschl\u00e4ge und Vorhersage Karten f\u00fcr Babyparty-Spiel, Mutter &amp; Papa oder Mama &amp; Daddy To Be, f\u00fcr\u2026","robots":{"index":"index","follow":"follow","max-snippet":"max-snippet:-1","max-image-preview":"max-image-preview:large","max-video-preview":"max-video-preview:-1"},"canonical":"https:\/\/marktxxl.de\/markt\/produkt\/50-einmachglaeser-ratschlaege-und-vorhersage-karten-fuer-babyparty-spiel-mutter-papa-oder-mama-daddy-to-be-fuer-maedchen-oder-jungen-ratschlaege-lustiges-geschlechtsneutrale-dusche\/","og_locale":"de_DE","og_type":"article","og_title":"50 Einmachgl\u00e4ser Ratschl\u00e4ge und Vorhersage Karten f\u00fcr Babyparty-Spiel, Mutter &amp; Papa oder Mama &amp; Daddy To Be, f\u00fcr\u2026 - Markt-XXL","og_description":"Markt-XXL 50 Einmachgl\u00e4ser Ratschl\u00e4ge und Vorhersage Karten f\u00fcr Babyparty-Spiel, Mutter &amp; Papa oder Mama &amp; Daddy To Be, f\u00fcr\u2026","og_url":"https:\/\/marktxxl.de\/markt\/produkt\/50-einmachglaeser-ratschlaege-und-vorhersage-karten-fuer-babyparty-spiel-mutter-papa-oder-mama-daddy-to-be-fuer-maedchen-oder-jungen-ratschlaege-lustiges-geschlechtsneutrale-dusche\/","og_site_name":"Markt-XXL","article_modified_time":"2023-04-11T02:29:09+00:00","og_image":[{"width":500,"height":500,"url":"https:\/\/m.media-amazon.com\/images\/I\/51dTpalEUFL._SL500_.jpg","type":"image\/jpeg"}],"twitter_card":"summary_large_image","twitter_misc":{"Gesch\u00e4tzte Lesezeit":"1\u00a0Minute"},"schema":{"@context":"https:\/\/schema.org","@graph":[{"@type":"WebPage","@id":"https:\/\/marktxxl.de\/markt\/produkt\/50-einmachglaeser-ratschlaege-und-vorhersage-karten-fuer-babyparty-spiel-mutter-papa-oder-mama-daddy-to-be-fuer-maedchen-oder-jungen-ratschlaege-lustiges-geschlechtsneutrale-dusche\/","url":"https:\/\/marktxxl.de\/markt\/produkt\/50-einmachglaeser-ratschlaege-und-vorhersage-karten-fuer-babyparty-spiel-mutter-papa-oder-mama-daddy-to-be-fuer-maedchen-oder-jungen-ratschlaege-lustiges-geschlechtsneutrale-dusche\/","name":"50 Einmachgl\u00e4ser Ratschl\u00e4ge und Vorhersage Karten f\u00fcr Babyparty-Spiel, Mutter &amp; Papa oder Mama &amp; Daddy To Be, f\u00fcr\u2026 - Markt-XXL","isPartOf":{"@id":"https:\/\/marktxxl.de\/markt\/#website"},"primaryImageOfPage":{"@id":"https:\/\/marktxxl.de\/markt\/produkt\/50-einmachglaeser-ratschlaege-und-vorhersage-karten-fuer-babyparty-spiel-mutter-papa-oder-mama-daddy-to-be-fuer-maedchen-oder-jungen-ratschlaege-lustiges-geschlechtsneutrale-dusche\/#primaryimage"},"image":{"@id":"https:\/\/marktxxl.de\/markt\/produkt\/50-einmachglaeser-ratschlaege-und-vorhersage-karten-fuer-babyparty-spiel-mutter-papa-oder-mama-daddy-to-be-fuer-maedchen-oder-jungen-ratschlaege-lustiges-geschlechtsneutrale-dusche\/#primaryimage"},"thumbnailUrl":"https:\/\/m.media-amazon.com\/images\/I\/51dTpalEUFL._SL500_.jpg","datePublished":"2022-09-12T01:01:34+00:00","dateModified":"2023-04-11T02:29:09+00:00","description":"Markt-XXL 50 Einmachgl\u00e4ser Ratschl\u00e4ge und Vorhersage Karten f\u00fcr Babyparty-Spiel, Mutter &amp; Papa oder Mama &amp; Daddy To Be, f\u00fcr\u2026","breadcrumb":{"@id":"https:\/\/marktxxl.de\/markt\/produkt\/50-einmachglaeser-ratschlaege-und-vorhersage-karten-fuer-babyparty-spiel-mutter-papa-oder-mama-daddy-to-be-fuer-maedchen-oder-jungen-ratschlaege-lustiges-geschlechtsneutrale-dusche\/#breadcrumb"},"inLanguage":"de","potentialAction":[{"@type":"ReadAction","target":["https:\/\/marktxxl.de\/markt\/produkt\/50-einmachglaeser-ratschlaege-und-vorhersage-karten-fuer-babyparty-spiel-mutter-papa-oder-mama-daddy-to-be-fuer-maedchen-oder-jungen-ratschlaege-lustiges-geschlechtsneutrale-dusche\/"]}]},{"@type":"ImageObject","inLanguage":"de","@id":"https:\/\/marktxxl.de\/markt\/produkt\/50-einmachglaeser-ratschlaege-und-vorhersage-karten-fuer-babyparty-spiel-mutter-papa-oder-mama-daddy-to-be-fuer-maedchen-oder-jungen-ratschlaege-lustiges-geschlechtsneutrale-dusche\/#primaryimage","url":"https:\/\/m.media-amazon.com\/images\/I\/51dTpalEUFL._SL500_.jpg","contentUrl":"https:\/\/m.media-amazon.com\/images\/I\/51dTpalEUFL._SL500_.jpg","width":500,"height":500},{"@type":"BreadcrumbList","@id":"https:\/\/marktxxl.de\/markt\/produkt\/50-einmachglaeser-ratschlaege-und-vorhersage-karten-fuer-babyparty-spiel-mutter-papa-oder-mama-daddy-to-be-fuer-maedchen-oder-jungen-ratschlaege-lustiges-geschlechtsneutrale-dusche\/#breadcrumb","itemListElement":[{"@type":"ListItem","position":1,"name":"Startseite","item":"https:\/\/marktxxl.de\/markt\/"},{"@type":"ListItem","position":2,"name":"Markt","item":"https:\/\/marktxxl.de\/markt\/"},{"@type":"ListItem","position":3,"name":"50 Einmachgl\u00e4ser Ratschl\u00e4ge und Vorhersage Karten f\u00fcr Babyparty-Spiel, Mutter &amp; Papa oder Mama &amp; Daddy To Be, f\u00fcr\u2026"}]},{"@type":"WebSite","@id":"https:\/\/marktxxl.de\/markt\/#website","url":"https:\/\/marktxxl.de\/markt\/","name":"Markt-XXL","description":"Ihr Markt Online","publisher":{"@id":"https:\/\/marktxxl.de\/markt\/#organization"},"potentialAction":[{"@type":"SearchAction","target":{"@type":"EntryPoint","urlTemplate":"https:\/\/marktxxl.de\/markt\/?s={search_term_string}"},"query-input":{"@type":"PropertyValueSpecification","valueRequired":true,"valueName":"search_term_string"}}],"inLanguage":"de"},{"@type":"Organization","@id":"https:\/\/marktxxl.de\/markt\/#organization","name":"Markt-XXL","url":"https:\/\/marktxxl.de\/markt\/","logo":{"@type":"ImageObject","inLanguage":"de","@id":"https:\/\/marktxxl.de\/markt\/#\/schema\/logo\/image\/","url":"https:\/\/marktxxl.de\/markt\/wp-content\/uploads\/sites\/3\/2020\/12\/logo.png","contentUrl":"https:\/\/marktxxl.de\/markt\/wp-content\/uploads\/sites\/3\/2020\/12\/logo.png","width":200,"height":70,"caption":"Markt-XXL"},"image":{"@id":"https:\/\/marktxxl.de\/markt\/#\/schema\/logo\/image\/"}}]}},"_links":{"self":[{"href":"https:\/\/marktxxl.de\/markt\/wp-json\/wp\/v2\/product\/149344","targetHints":{"allow":["GET"]}}],"collection":[{"href":"https:\/\/marktxxl.de\/markt\/wp-json\/wp\/v2\/product"}],"about":[{"href":"https:\/\/marktxxl.de\/markt\/wp-json\/wp\/v2\/types\/product"}],"replies":[{"embeddable":true,"href":"https:\/\/marktxxl.de\/markt\/wp-json\/wp\/v2\/comments?post=149344"}],"wp:featuredmedia":[{"embeddable":true,"href":"https:\/\/marktxxl.de\/markt\/wp-json\/wp\/v2\/media\/149345"}],"wp:attachment":[{"href":"https:\/\/marktxxl.de\/markt\/wp-json\/wp\/v2\/media?parent=149344"}],"wp:term":[{"taxonomy":"product_brand","embeddable":true,"href":"https:\/\/marktxxl.de\/markt\/wp-json\/wp\/v2\/product_brand?post=149344"},{"taxonomy":"product_cat","embeddable":true,"href":"https:\/\/marktxxl.de\/markt\/wp-json\/wp\/v2\/product_cat?post=149344"},{"taxonomy":"product_tag","embeddable":true,"href":"https:\/\/marktxxl.de\/markt\/wp-json\/wp\/v2\/product_tag?post=149344"}],"curies":[{"name":"wp","href":"https:\/\/api.w.org\/{rel}","templated":true}]}}