{"id":149316,"date":"2022-09-12T03:01:06","date_gmt":"2022-09-12T01:01:06","guid":{"rendered":"https:\/\/marktxxl.de\/markt\/produkt\/mayicivo-new-mom-gifts-ultraschall-bilderrahmen-sonogramm-andenkenrahmen-schwangerschaftsgeschenke-fuer-die-erste-mutter-vater-schwangerschaft-ankuendigungen-dekoration-10-x-15-cm-foto\/"},"modified":"2023-04-11T04:29:09","modified_gmt":"2023-04-11T02:29:09","slug":"mayicivo-new-mom-gifts-ultraschall-bilderrahmen-sonogramm-andenkenrahmen-schwangerschaftsgeschenke-fuer-die-erste-mutter-vater-schwangerschaft-ankuendigungen-dekoration-10-x-15-cm-foto","status":"publish","type":"product","link":"https:\/\/marktxxl.de\/markt\/produkt\/mayicivo-new-mom-gifts-ultraschall-bilderrahmen-sonogramm-andenkenrahmen-schwangerschaftsgeschenke-fuer-die-erste-mutter-vater-schwangerschaft-ankuendigungen-dekoration-10-x-15-cm-foto\/","title":{"rendered":"MAYICIVO New Mom Gifts Ultraschall-Bilderrahmen, Sonogramm, Andenkenrahmen, Schwangerschaftsgeschenke f\u00fcr die erste\u2026"},"content":{"rendered":"<p>Perfektes &amp; s\u00fc\u00dfes Gl\u00fcckwunsch Geschenk: Entworfen mit einem warmen gedruckten Zitat Liebe auf den ersten Blick, der die intensive Liebe neuer Eltern zum Ausdruck bringt. Der Mayicivo Sonogramm-Bilderrahmen ist ein hervorragendes Geschenk f\u00fcr Schwangere f\u00fcr M\u00fctter, V\u00e4ter, werdende Eltern, Gro\u00dfeltern usw. Absolut ein ideales Geschenk f\u00fcr die neue Mutter f\u00fcr schwangere Frauen &amp; Geschenke f\u00fcr Schwangerschaftsank\u00fcndigung, Geschlechtsoffenbarung, Babyparty-Geschenke, Baby-Willkommen, Weihnachten und auch als Baby-Kinderzimmer-Dekoration. S\u00fc\u00dfes Geschenk f\u00fcr die Schwangerschaftsreise, um das Wachstum des Babys aufzuzeichnen<br \/>\n\u3010Exquisiter Bilderrahmen\u3011: Mayicivo Baby-Party-Geschenke, die Eltern erwarten, einzigartige Geschenke zu sein.Sonogramm-Bilderrahmen ist aus MDF-Holz in warmer Farbe mit feiner Handwerkskunst und handgefertigtes s\u00fc\u00dfes Schnur-Herz-Design mit Baumwolllinien, rustikal, unzerbrechlich, langlebig, niedlich, liebenswert und lesbar mit lebendigem Druck. Verleiht jeder Wand oder Ihrem Zuhause ein Gef\u00fchl von W\u00e4rme und Vertrautheit. Geeignet f\u00fcr die Dekoration im Kinderzimmer, Wohnzimmer, Schlafzimmer, Esszimmer, Heimdekoration, B\u00fcro, Restaurant usw.<br \/>\n\u3010HD-Plexiglas und elegante Box\u3011: Entworfen mit sch\u00fctzender, hochaufl\u00f6sender, klarer Plexiglas-Abdeckung. Unser Ultraschall-Fotorahmen mit Sonogramm-Rahmen bewahrt Sie wertvolle Erinnerungen und sch\u00fctzt Ihr wertvolles Foto besser vor Verblassen, Staub, Wasser usw. Definitiv ein perfekter Rahmen f\u00fcr Lebenszeit, um Ihre wertvollen Erinnerungen zu pr\u00e4sentieren. Kein Umpacken n\u00f6tig. Die elegante Geschenkbox macht es zu einem wundersch\u00f6nen Geschenk f\u00fcr Babyparty, Weihnachten, Geburtstag, Muttertag usw<br \/>\nInternational products have separate terms, are sold from abroad and may differ from local products, including fit, age ratings, and language of product, labeling or instructions.<br \/>\n<div class=\"main-cross-sell\" data-asin=\"B09F38VDQ9\">\n\n\t<div class=\"WooZone-cross-sell-loader\">\n\t\t<div>\n\t\t\t<div id=\"floatingBarsG\">\n\t\t\t\t<div class=\"blockG\" id=\"rotateG_01\"><\/div>\n\t\t\t\t<div class=\"blockG\" id=\"rotateG_02\"><\/div>\n\t\t\t\t<div class=\"blockG\" id=\"rotateG_03\"><\/div>\n\t\t\t\t<div class=\"blockG\" id=\"rotateG_04\"><\/div>\n\t\t\t\t<div class=\"blockG\" id=\"rotateG_05\"><\/div>\n\t\t\t\t<div class=\"blockG\" id=\"rotateG_06\"><\/div>\n\t\t\t\t<div class=\"blockG\" id=\"rotateG_07\"><\/div>\n\t\t\t\t<div class=\"blockG\" id=\"rotateG_08\"><\/div>\n\t\t\t<\/div>\n\t\t\t<div class=\"WooZone-cross-sell-loader-text\"><\/div>\n\t\t<\/div>\n\t<\/div>\n\n\t\t\n<\/div>\n<div style=\"clear:both;\"><\/div><\/p>\n","protected":false},"excerpt":{"rendered":"<p>Perfektes &amp; s\u00fc\u00dfes Gl\u00fcckwunsch Geschenk: Entworfen mit einem warmen gedruckten Zitat Liebe auf den ersten Blick, der die intensive Liebe neuer Eltern zum Ausdruck bringt. Der Mayicivo Sonogramm-Bilderrahmen ist ein hervorragendes Geschenk f\u00fcr Schwangere f\u00fcr M\u00fctter, V\u00e4ter, werdende Eltern, Gro\u00dfeltern usw. Absolut ein ideales Geschenk f\u00fcr die neue Mutter f\u00fcr schwangere Frauen &amp; Geschenke f\u00fcr Schwangerschaftsank\u00fcndigung, Geschlechtsoffenbarung, Babyparty-Geschenke, Baby-Willkommen, Weihnachten und auch als Baby-Kinderzimmer-Dekoration. S\u00fc\u00dfes Geschenk f\u00fcr die Schwangerschaftsreise, um das Wachstum des Babys aufzuzeichnen<br \/>\n\u3010Exquisiter Bilderrahmen\u3011: Mayicivo Baby-Party-Geschenke, die Eltern erwarten, einzigartige Geschenke zu sein.Sonogramm-Bilderrahmen ist aus MDF-Holz in warmer Farbe mit feiner Handwerkskunst und handgefertigtes s\u00fc\u00dfes Schnur-Herz-Design mit Baumwolllinien, rustikal, unzerbrechlich, langlebig, niedlich, liebenswert und lesbar mit lebendigem Druck. Verleiht jeder Wand oder Ihrem Zuhause ein Gef\u00fchl von W\u00e4rme und Vertrautheit. Geeignet f\u00fcr die Dekoration im Kinderzimmer, Wohnzimmer, Schlafzimmer, Esszimmer, Heimdekoration, B\u00fcro, Restaurant usw.<br \/>\n\u3010HD-Plexiglas und elegante Box\u3011: Entworfen mit sch\u00fctzender, hochaufl\u00f6sender, klarer Plexiglas-Abdeckung. Unser Ultraschall-Fotorahmen mit Sonogramm-Rahmen bewahrt Sie wertvolle Erinnerungen und sch\u00fctzt Ihr wertvolles Foto besser vor Verblassen, Staub, Wasser usw. Definitiv ein perfekter Rahmen f\u00fcr Lebenszeit, um Ihre wertvollen Erinnerungen zu pr\u00e4sentieren. Kein Umpacken n\u00f6tig. Die elegante Geschenkbox macht es zu einem wundersch\u00f6nen Geschenk f\u00fcr Babyparty, Weihnachten, Geburtstag, Muttertag usw<\/p>\n","protected":false},"featured_media":149317,"comment_status":"open","ping_status":"closed","template":"","meta":[],"product_brand":[],"product_cat":[21,8929],"product_tag":[],"class_list":{"0":"post-149316","1":"product","2":"type-product","3":"status-publish","4":"has-post-thumbnail","6":"product_cat-baby","7":"product_cat-babygeschenke-baby","8":"pa_brand-mayicivo","9":"pa_height-0-00393700787-zoll","10":"pa_length-7-90157479509-zoll","11":"pa_manufacturer-mayicivo","12":"pa_width-11-79921258639-zoll","14":"first","15":"instock","16":"shipping-taxable","17":"purchasable","18":"product-type-simple","19":"customify-col","20":"product-has-gallery"},"yoast_head":"<!-- This site is optimized with the Yoast SEO plugin v27.4 - https:\/\/yoast.com\/product\/yoast-seo-wordpress\/ -->\n<title>MAYICIVO New Mom Gifts Ultraschall-Bilderrahmen, Sonogramm, Andenkenrahmen, Schwangerschaftsgeschenke f\u00fcr die erste\u2026 - Markt-XXL<\/title>\n<meta name=\"description\" content=\"Markt-XXL MAYICIVO New Mom Gifts Ultraschall-Bilderrahmen, Sonogramm, Andenkenrahmen, Schwangerschaftsgeschenke f\u00fcr die erste\u2026\" \/>\n<meta name=\"robots\" content=\"index, follow, max-snippet:-1, max-image-preview:large, max-video-preview:-1\" \/>\n<link rel=\"canonical\" href=\"https:\/\/marktxxl.de\/markt\/produkt\/mayicivo-new-mom-gifts-ultraschall-bilderrahmen-sonogramm-andenkenrahmen-schwangerschaftsgeschenke-fuer-die-erste-mutter-vater-schwangerschaft-ankuendigungen-dekoration-10-x-15-cm-foto\/\" \/>\n<meta property=\"og:locale\" content=\"de_DE\" \/>\n<meta property=\"og:type\" content=\"article\" \/>\n<meta property=\"og:title\" content=\"MAYICIVO New Mom Gifts Ultraschall-Bilderrahmen, Sonogramm, Andenkenrahmen, Schwangerschaftsgeschenke f\u00fcr die erste\u2026 - Markt-XXL\" \/>\n<meta property=\"og:description\" content=\"Markt-XXL MAYICIVO New Mom Gifts Ultraschall-Bilderrahmen, Sonogramm, Andenkenrahmen, Schwangerschaftsgeschenke f\u00fcr die erste\u2026\" \/>\n<meta property=\"og:url\" content=\"https:\/\/marktxxl.de\/markt\/produkt\/mayicivo-new-mom-gifts-ultraschall-bilderrahmen-sonogramm-andenkenrahmen-schwangerschaftsgeschenke-fuer-die-erste-mutter-vater-schwangerschaft-ankuendigungen-dekoration-10-x-15-cm-foto\/\" \/>\n<meta property=\"og:site_name\" content=\"Markt-XXL\" \/>\n<meta property=\"article:modified_time\" content=\"2023-04-11T02:29:09+00:00\" \/>\n<meta property=\"og:image\" content=\"https:\/\/m.media-amazon.com\/images\/I\/51BgLcDj1eL._SL500_.jpg\" \/>\n\t<meta property=\"og:image:width\" content=\"500\" \/>\n\t<meta property=\"og:image:height\" content=\"500\" \/>\n\t<meta property=\"og:image:type\" content=\"image\/jpeg\" \/>\n<meta name=\"twitter:card\" content=\"summary_large_image\" \/>\n<meta name=\"twitter:label1\" content=\"Gesch\u00e4tzte Lesezeit\" \/>\n\t<meta name=\"twitter:data1\" content=\"1\u00a0Minute\" \/>\n<script type=\"application\/ld+json\" class=\"yoast-schema-graph\">{\"@context\":\"https:\\\/\\\/schema.org\",\"@graph\":[{\"@type\":\"WebPage\",\"@id\":\"https:\\\/\\\/marktxxl.de\\\/markt\\\/produkt\\\/mayicivo-new-mom-gifts-ultraschall-bilderrahmen-sonogramm-andenkenrahmen-schwangerschaftsgeschenke-fuer-die-erste-mutter-vater-schwangerschaft-ankuendigungen-dekoration-10-x-15-cm-foto\\\/\",\"url\":\"https:\\\/\\\/marktxxl.de\\\/markt\\\/produkt\\\/mayicivo-new-mom-gifts-ultraschall-bilderrahmen-sonogramm-andenkenrahmen-schwangerschaftsgeschenke-fuer-die-erste-mutter-vater-schwangerschaft-ankuendigungen-dekoration-10-x-15-cm-foto\\\/\",\"name\":\"MAYICIVO New Mom Gifts Ultraschall-Bilderrahmen, Sonogramm, Andenkenrahmen, Schwangerschaftsgeschenke f\u00fcr die erste\u2026 - Markt-XXL\",\"isPartOf\":{\"@id\":\"https:\\\/\\\/marktxxl.de\\\/markt\\\/#website\"},\"primaryImageOfPage\":{\"@id\":\"https:\\\/\\\/marktxxl.de\\\/markt\\\/produkt\\\/mayicivo-new-mom-gifts-ultraschall-bilderrahmen-sonogramm-andenkenrahmen-schwangerschaftsgeschenke-fuer-die-erste-mutter-vater-schwangerschaft-ankuendigungen-dekoration-10-x-15-cm-foto\\\/#primaryimage\"},\"image\":{\"@id\":\"https:\\\/\\\/marktxxl.de\\\/markt\\\/produkt\\\/mayicivo-new-mom-gifts-ultraschall-bilderrahmen-sonogramm-andenkenrahmen-schwangerschaftsgeschenke-fuer-die-erste-mutter-vater-schwangerschaft-ankuendigungen-dekoration-10-x-15-cm-foto\\\/#primaryimage\"},\"thumbnailUrl\":\"https:\\\/\\\/m.media-amazon.com\\\/images\\\/I\\\/51BgLcDj1eL._SL500_.jpg\",\"datePublished\":\"2022-09-12T01:01:06+00:00\",\"dateModified\":\"2023-04-11T02:29:09+00:00\",\"description\":\"Markt-XXL MAYICIVO New Mom Gifts Ultraschall-Bilderrahmen, Sonogramm, Andenkenrahmen, Schwangerschaftsgeschenke f\u00fcr die erste\u2026\",\"breadcrumb\":{\"@id\":\"https:\\\/\\\/marktxxl.de\\\/markt\\\/produkt\\\/mayicivo-new-mom-gifts-ultraschall-bilderrahmen-sonogramm-andenkenrahmen-schwangerschaftsgeschenke-fuer-die-erste-mutter-vater-schwangerschaft-ankuendigungen-dekoration-10-x-15-cm-foto\\\/#breadcrumb\"},\"inLanguage\":\"de\",\"potentialAction\":[{\"@type\":\"ReadAction\",\"target\":[\"https:\\\/\\\/marktxxl.de\\\/markt\\\/produkt\\\/mayicivo-new-mom-gifts-ultraschall-bilderrahmen-sonogramm-andenkenrahmen-schwangerschaftsgeschenke-fuer-die-erste-mutter-vater-schwangerschaft-ankuendigungen-dekoration-10-x-15-cm-foto\\\/\"]}]},{\"@type\":\"ImageObject\",\"inLanguage\":\"de\",\"@id\":\"https:\\\/\\\/marktxxl.de\\\/markt\\\/produkt\\\/mayicivo-new-mom-gifts-ultraschall-bilderrahmen-sonogramm-andenkenrahmen-schwangerschaftsgeschenke-fuer-die-erste-mutter-vater-schwangerschaft-ankuendigungen-dekoration-10-x-15-cm-foto\\\/#primaryimage\",\"url\":\"https:\\\/\\\/m.media-amazon.com\\\/images\\\/I\\\/51BgLcDj1eL._SL500_.jpg\",\"contentUrl\":\"https:\\\/\\\/m.media-amazon.com\\\/images\\\/I\\\/51BgLcDj1eL._SL500_.jpg\",\"width\":500,\"height\":500},{\"@type\":\"BreadcrumbList\",\"@id\":\"https:\\\/\\\/marktxxl.de\\\/markt\\\/produkt\\\/mayicivo-new-mom-gifts-ultraschall-bilderrahmen-sonogramm-andenkenrahmen-schwangerschaftsgeschenke-fuer-die-erste-mutter-vater-schwangerschaft-ankuendigungen-dekoration-10-x-15-cm-foto\\\/#breadcrumb\",\"itemListElement\":[{\"@type\":\"ListItem\",\"position\":1,\"name\":\"Startseite\",\"item\":\"https:\\\/\\\/marktxxl.de\\\/markt\\\/\"},{\"@type\":\"ListItem\",\"position\":2,\"name\":\"Markt\",\"item\":\"https:\\\/\\\/marktxxl.de\\\/markt\\\/\"},{\"@type\":\"ListItem\",\"position\":3,\"name\":\"MAYICIVO New Mom Gifts Ultraschall-Bilderrahmen, Sonogramm, Andenkenrahmen, Schwangerschaftsgeschenke f\u00fcr die erste\u2026\"}]},{\"@type\":\"WebSite\",\"@id\":\"https:\\\/\\\/marktxxl.de\\\/markt\\\/#website\",\"url\":\"https:\\\/\\\/marktxxl.de\\\/markt\\\/\",\"name\":\"Markt-XXL\",\"description\":\"Ihr Markt Online\",\"publisher\":{\"@id\":\"https:\\\/\\\/marktxxl.de\\\/markt\\\/#organization\"},\"potentialAction\":[{\"@type\":\"SearchAction\",\"target\":{\"@type\":\"EntryPoint\",\"urlTemplate\":\"https:\\\/\\\/marktxxl.de\\\/markt\\\/?s={search_term_string}\"},\"query-input\":{\"@type\":\"PropertyValueSpecification\",\"valueRequired\":true,\"valueName\":\"search_term_string\"}}],\"inLanguage\":\"de\"},{\"@type\":\"Organization\",\"@id\":\"https:\\\/\\\/marktxxl.de\\\/markt\\\/#organization\",\"name\":\"Markt-XXL\",\"url\":\"https:\\\/\\\/marktxxl.de\\\/markt\\\/\",\"logo\":{\"@type\":\"ImageObject\",\"inLanguage\":\"de\",\"@id\":\"https:\\\/\\\/marktxxl.de\\\/markt\\\/#\\\/schema\\\/logo\\\/image\\\/\",\"url\":\"https:\\\/\\\/marktxxl.de\\\/markt\\\/wp-content\\\/uploads\\\/sites\\\/3\\\/2020\\\/12\\\/logo.png\",\"contentUrl\":\"https:\\\/\\\/marktxxl.de\\\/markt\\\/wp-content\\\/uploads\\\/sites\\\/3\\\/2020\\\/12\\\/logo.png\",\"width\":200,\"height\":70,\"caption\":\"Markt-XXL\"},\"image\":{\"@id\":\"https:\\\/\\\/marktxxl.de\\\/markt\\\/#\\\/schema\\\/logo\\\/image\\\/\"}}]}<\/script>\n<!-- \/ Yoast SEO plugin. -->","yoast_head_json":{"title":"MAYICIVO New Mom Gifts Ultraschall-Bilderrahmen, Sonogramm, Andenkenrahmen, Schwangerschaftsgeschenke f\u00fcr die erste\u2026 - Markt-XXL","description":"Markt-XXL MAYICIVO New Mom Gifts Ultraschall-Bilderrahmen, Sonogramm, Andenkenrahmen, Schwangerschaftsgeschenke f\u00fcr die erste\u2026","robots":{"index":"index","follow":"follow","max-snippet":"max-snippet:-1","max-image-preview":"max-image-preview:large","max-video-preview":"max-video-preview:-1"},"canonical":"https:\/\/marktxxl.de\/markt\/produkt\/mayicivo-new-mom-gifts-ultraschall-bilderrahmen-sonogramm-andenkenrahmen-schwangerschaftsgeschenke-fuer-die-erste-mutter-vater-schwangerschaft-ankuendigungen-dekoration-10-x-15-cm-foto\/","og_locale":"de_DE","og_type":"article","og_title":"MAYICIVO New Mom Gifts Ultraschall-Bilderrahmen, Sonogramm, Andenkenrahmen, Schwangerschaftsgeschenke f\u00fcr die erste\u2026 - Markt-XXL","og_description":"Markt-XXL MAYICIVO New Mom Gifts Ultraschall-Bilderrahmen, Sonogramm, Andenkenrahmen, Schwangerschaftsgeschenke f\u00fcr die erste\u2026","og_url":"https:\/\/marktxxl.de\/markt\/produkt\/mayicivo-new-mom-gifts-ultraschall-bilderrahmen-sonogramm-andenkenrahmen-schwangerschaftsgeschenke-fuer-die-erste-mutter-vater-schwangerschaft-ankuendigungen-dekoration-10-x-15-cm-foto\/","og_site_name":"Markt-XXL","article_modified_time":"2023-04-11T02:29:09+00:00","og_image":[{"width":500,"height":500,"url":"https:\/\/m.media-amazon.com\/images\/I\/51BgLcDj1eL._SL500_.jpg","type":"image\/jpeg"}],"twitter_card":"summary_large_image","twitter_misc":{"Gesch\u00e4tzte Lesezeit":"1\u00a0Minute"},"schema":{"@context":"https:\/\/schema.org","@graph":[{"@type":"WebPage","@id":"https:\/\/marktxxl.de\/markt\/produkt\/mayicivo-new-mom-gifts-ultraschall-bilderrahmen-sonogramm-andenkenrahmen-schwangerschaftsgeschenke-fuer-die-erste-mutter-vater-schwangerschaft-ankuendigungen-dekoration-10-x-15-cm-foto\/","url":"https:\/\/marktxxl.de\/markt\/produkt\/mayicivo-new-mom-gifts-ultraschall-bilderrahmen-sonogramm-andenkenrahmen-schwangerschaftsgeschenke-fuer-die-erste-mutter-vater-schwangerschaft-ankuendigungen-dekoration-10-x-15-cm-foto\/","name":"MAYICIVO New Mom Gifts Ultraschall-Bilderrahmen, Sonogramm, Andenkenrahmen, Schwangerschaftsgeschenke f\u00fcr die erste\u2026 - Markt-XXL","isPartOf":{"@id":"https:\/\/marktxxl.de\/markt\/#website"},"primaryImageOfPage":{"@id":"https:\/\/marktxxl.de\/markt\/produkt\/mayicivo-new-mom-gifts-ultraschall-bilderrahmen-sonogramm-andenkenrahmen-schwangerschaftsgeschenke-fuer-die-erste-mutter-vater-schwangerschaft-ankuendigungen-dekoration-10-x-15-cm-foto\/#primaryimage"},"image":{"@id":"https:\/\/marktxxl.de\/markt\/produkt\/mayicivo-new-mom-gifts-ultraschall-bilderrahmen-sonogramm-andenkenrahmen-schwangerschaftsgeschenke-fuer-die-erste-mutter-vater-schwangerschaft-ankuendigungen-dekoration-10-x-15-cm-foto\/#primaryimage"},"thumbnailUrl":"https:\/\/m.media-amazon.com\/images\/I\/51BgLcDj1eL._SL500_.jpg","datePublished":"2022-09-12T01:01:06+00:00","dateModified":"2023-04-11T02:29:09+00:00","description":"Markt-XXL MAYICIVO New Mom Gifts Ultraschall-Bilderrahmen, Sonogramm, Andenkenrahmen, Schwangerschaftsgeschenke f\u00fcr die erste\u2026","breadcrumb":{"@id":"https:\/\/marktxxl.de\/markt\/produkt\/mayicivo-new-mom-gifts-ultraschall-bilderrahmen-sonogramm-andenkenrahmen-schwangerschaftsgeschenke-fuer-die-erste-mutter-vater-schwangerschaft-ankuendigungen-dekoration-10-x-15-cm-foto\/#breadcrumb"},"inLanguage":"de","potentialAction":[{"@type":"ReadAction","target":["https:\/\/marktxxl.de\/markt\/produkt\/mayicivo-new-mom-gifts-ultraschall-bilderrahmen-sonogramm-andenkenrahmen-schwangerschaftsgeschenke-fuer-die-erste-mutter-vater-schwangerschaft-ankuendigungen-dekoration-10-x-15-cm-foto\/"]}]},{"@type":"ImageObject","inLanguage":"de","@id":"https:\/\/marktxxl.de\/markt\/produkt\/mayicivo-new-mom-gifts-ultraschall-bilderrahmen-sonogramm-andenkenrahmen-schwangerschaftsgeschenke-fuer-die-erste-mutter-vater-schwangerschaft-ankuendigungen-dekoration-10-x-15-cm-foto\/#primaryimage","url":"https:\/\/m.media-amazon.com\/images\/I\/51BgLcDj1eL._SL500_.jpg","contentUrl":"https:\/\/m.media-amazon.com\/images\/I\/51BgLcDj1eL._SL500_.jpg","width":500,"height":500},{"@type":"BreadcrumbList","@id":"https:\/\/marktxxl.de\/markt\/produkt\/mayicivo-new-mom-gifts-ultraschall-bilderrahmen-sonogramm-andenkenrahmen-schwangerschaftsgeschenke-fuer-die-erste-mutter-vater-schwangerschaft-ankuendigungen-dekoration-10-x-15-cm-foto\/#breadcrumb","itemListElement":[{"@type":"ListItem","position":1,"name":"Startseite","item":"https:\/\/marktxxl.de\/markt\/"},{"@type":"ListItem","position":2,"name":"Markt","item":"https:\/\/marktxxl.de\/markt\/"},{"@type":"ListItem","position":3,"name":"MAYICIVO New Mom Gifts Ultraschall-Bilderrahmen, Sonogramm, Andenkenrahmen, Schwangerschaftsgeschenke f\u00fcr die erste\u2026"}]},{"@type":"WebSite","@id":"https:\/\/marktxxl.de\/markt\/#website","url":"https:\/\/marktxxl.de\/markt\/","name":"Markt-XXL","description":"Ihr Markt Online","publisher":{"@id":"https:\/\/marktxxl.de\/markt\/#organization"},"potentialAction":[{"@type":"SearchAction","target":{"@type":"EntryPoint","urlTemplate":"https:\/\/marktxxl.de\/markt\/?s={search_term_string}"},"query-input":{"@type":"PropertyValueSpecification","valueRequired":true,"valueName":"search_term_string"}}],"inLanguage":"de"},{"@type":"Organization","@id":"https:\/\/marktxxl.de\/markt\/#organization","name":"Markt-XXL","url":"https:\/\/marktxxl.de\/markt\/","logo":{"@type":"ImageObject","inLanguage":"de","@id":"https:\/\/marktxxl.de\/markt\/#\/schema\/logo\/image\/","url":"https:\/\/marktxxl.de\/markt\/wp-content\/uploads\/sites\/3\/2020\/12\/logo.png","contentUrl":"https:\/\/marktxxl.de\/markt\/wp-content\/uploads\/sites\/3\/2020\/12\/logo.png","width":200,"height":70,"caption":"Markt-XXL"},"image":{"@id":"https:\/\/marktxxl.de\/markt\/#\/schema\/logo\/image\/"}}]}},"_links":{"self":[{"href":"https:\/\/marktxxl.de\/markt\/wp-json\/wp\/v2\/product\/149316","targetHints":{"allow":["GET"]}}],"collection":[{"href":"https:\/\/marktxxl.de\/markt\/wp-json\/wp\/v2\/product"}],"about":[{"href":"https:\/\/marktxxl.de\/markt\/wp-json\/wp\/v2\/types\/product"}],"replies":[{"embeddable":true,"href":"https:\/\/marktxxl.de\/markt\/wp-json\/wp\/v2\/comments?post=149316"}],"wp:featuredmedia":[{"embeddable":true,"href":"https:\/\/marktxxl.de\/markt\/wp-json\/wp\/v2\/media\/149317"}],"wp:attachment":[{"href":"https:\/\/marktxxl.de\/markt\/wp-json\/wp\/v2\/media?parent=149316"}],"wp:term":[{"taxonomy":"product_brand","embeddable":true,"href":"https:\/\/marktxxl.de\/markt\/wp-json\/wp\/v2\/product_brand?post=149316"},{"taxonomy":"product_cat","embeddable":true,"href":"https:\/\/marktxxl.de\/markt\/wp-json\/wp\/v2\/product_cat?post=149316"},{"taxonomy":"product_tag","embeddable":true,"href":"https:\/\/marktxxl.de\/markt\/wp-json\/wp\/v2\/product_tag?post=149316"}],"curies":[{"name":"wp","href":"https:\/\/api.w.org\/{rel}","templated":true}]}}