{"id":149232,"date":"2022-09-12T02:40:37","date_gmt":"2022-09-12T00:40:37","guid":{"rendered":"https:\/\/marktxxl.de\/markt\/produkt\/groovy-herren-bademantel-morgenmantel-star-trek-senf-kirk-offizieller-merch-gelb-einheitsgroesse\/"},"modified":"2023-04-11T04:28:24","modified_gmt":"2023-04-11T02:28:24","slug":"groovy-herren-bademantel-morgenmantel-star-trek-senf-kirk-offizieller-merch-gelb-einheitsgroesse","status":"publish","type":"product","link":"https:\/\/marktxxl.de\/markt\/produkt\/groovy-herren-bademantel-morgenmantel-star-trek-senf-kirk-offizieller-merch-gelb-einheitsgroesse\/","title":{"rendered":"Groovy UK Herren Groovy Bademantel, Senf\/Schwarz\/Gelb, Einheitsgr\u00f6\u00dfe"},"content":{"rendered":"<p>Egal, ob Sie ein Star Trek-Fan oder ein Film-Liebhaber sind, Sie werden sicher warm und bequem in diesem stilvollen offiziellen Mustard Kirk Bademantel bleiben. Ideal als Geschenk f\u00fcr einen lieben Menschen. Mit individuellen Details und dem Mustard Kirk Logo auf einer gelben senffarbenen Farbgebung.<br \/>\nMaterial: 100 % Polyester.<br \/>\nPflegehinweis: Maschinenwaschbar bei 30 \u00b0C.<br \/>\nGR\u00d6SSE &#8211; Herren Einheitsgr\u00f6\u00dfe passt am meisten.<br \/>\n<div class=\"main-cross-sell\" data-asin=\"B08YFJLYHP\">\n\n\t<div class=\"WooZone-cross-sell-loader\">\n\t\t<div>\n\t\t\t<div id=\"floatingBarsG\">\n\t\t\t\t<div class=\"blockG\" id=\"rotateG_01\"><\/div>\n\t\t\t\t<div class=\"blockG\" id=\"rotateG_02\"><\/div>\n\t\t\t\t<div class=\"blockG\" id=\"rotateG_03\"><\/div>\n\t\t\t\t<div class=\"blockG\" id=\"rotateG_04\"><\/div>\n\t\t\t\t<div class=\"blockG\" id=\"rotateG_05\"><\/div>\n\t\t\t\t<div class=\"blockG\" id=\"rotateG_06\"><\/div>\n\t\t\t\t<div class=\"blockG\" id=\"rotateG_07\"><\/div>\n\t\t\t\t<div class=\"blockG\" id=\"rotateG_08\"><\/div>\n\t\t\t<\/div>\n\t\t\t<div class=\"WooZone-cross-sell-loader-text\"><\/div>\n\t\t<\/div>\n\t<\/div>\n\n\t\t\n<\/div>\n<div style=\"clear:both;\"><\/div><\/p>\n","protected":false},"excerpt":{"rendered":"<p>Egal, ob Sie ein Star Trek-Fan oder ein Film-Liebhaber sind, Sie werden sicher warm und bequem in diesem stilvollen offiziellen Mustard Kirk Bademantel bleiben. Ideal als Geschenk f\u00fcr einen lieben Menschen. Mit individuellen Details und dem Mustard Kirk Logo auf einer gelben senffarbenen Farbgebung.<br \/>\nMaterial: 100 % Polyester.<br \/>\nPflegehinweis: Maschinenwaschbar bei 30 \u00b0C.<\/p>\n","protected":false},"featured_media":149233,"comment_status":"open","ping_status":"closed","template":"","meta":[],"product_brand":[],"product_cat":[1186,3960],"product_tag":[],"class_list":{"0":"post-149232","1":"product","2":"type-product","3":"status-publish","4":"has-post-thumbnail","6":"product_cat-bekleidung","7":"product_cat-herren","8":"pa_binding-haushaltswaren","9":"pa_brand-groovy","10":"pa_color-gelb","11":"pa_height-11-65352-zoll","12":"pa_length-3-26771-zoll","13":"pa_manufacturer-groovy","14":"pa_model-41211","15":"pa_size-einheitsgroesse-grosse-groessen","16":"pa_weight-1-4550509292-pfund","17":"pa_width-15-55115-zoll","19":"first","20":"instock","21":"shipping-taxable","22":"purchasable","23":"product-type-simple","24":"customify-col","25":"product-has-gallery"},"yoast_head":"<!-- This site is optimized with the Yoast SEO plugin v27.3 - https:\/\/yoast.com\/product\/yoast-seo-wordpress\/ -->\n<title>Groovy UK Herren Groovy Bademantel, Senf\/Schwarz\/Gelb, Einheitsgr\u00f6\u00dfe - Markt-XXL<\/title>\n<meta name=\"description\" content=\"Markt-XXL Groovy UK Herren Groovy Bademantel, Senf\/Schwarz\/Gelb, Einheitsgr\u00f6\u00dfe\" \/>\n<meta name=\"robots\" content=\"index, follow, max-snippet:-1, max-image-preview:large, max-video-preview:-1\" \/>\n<link rel=\"canonical\" href=\"https:\/\/marktxxl.de\/markt\/produkt\/groovy-herren-bademantel-morgenmantel-star-trek-senf-kirk-offizieller-merch-gelb-einheitsgroesse\/\" \/>\n<meta property=\"og:locale\" content=\"de_DE\" \/>\n<meta property=\"og:type\" content=\"article\" \/>\n<meta property=\"og:title\" content=\"Groovy UK Herren Groovy Bademantel, Senf\/Schwarz\/Gelb, Einheitsgr\u00f6\u00dfe - Markt-XXL\" \/>\n<meta property=\"og:description\" content=\"Markt-XXL Groovy UK Herren Groovy Bademantel, Senf\/Schwarz\/Gelb, Einheitsgr\u00f6\u00dfe\" \/>\n<meta property=\"og:url\" content=\"https:\/\/marktxxl.de\/markt\/produkt\/groovy-herren-bademantel-morgenmantel-star-trek-senf-kirk-offizieller-merch-gelb-einheitsgroesse\/\" \/>\n<meta property=\"og:site_name\" content=\"Markt-XXL\" \/>\n<meta property=\"article:modified_time\" content=\"2023-04-11T02:28:24+00:00\" \/>\n<meta property=\"og:image\" content=\"https:\/\/m.media-amazon.com\/images\/I\/41hw3tJ+RtL._SL500_.jpg\" \/>\n\t<meta property=\"og:image:width\" content=\"333\" \/>\n\t<meta property=\"og:image:height\" content=\"500\" \/>\n\t<meta property=\"og:image:type\" content=\"image\/jpeg\" \/>\n<meta name=\"twitter:card\" content=\"summary_large_image\" \/>\n<script type=\"application\/ld+json\" class=\"yoast-schema-graph\">{\"@context\":\"https:\\\/\\\/schema.org\",\"@graph\":[{\"@type\":\"WebPage\",\"@id\":\"https:\\\/\\\/marktxxl.de\\\/markt\\\/produkt\\\/groovy-herren-bademantel-morgenmantel-star-trek-senf-kirk-offizieller-merch-gelb-einheitsgroesse\\\/\",\"url\":\"https:\\\/\\\/marktxxl.de\\\/markt\\\/produkt\\\/groovy-herren-bademantel-morgenmantel-star-trek-senf-kirk-offizieller-merch-gelb-einheitsgroesse\\\/\",\"name\":\"Groovy UK Herren Groovy Bademantel, Senf\\\/Schwarz\\\/Gelb, Einheitsgr\u00f6\u00dfe - Markt-XXL\",\"isPartOf\":{\"@id\":\"https:\\\/\\\/marktxxl.de\\\/markt\\\/#website\"},\"primaryImageOfPage\":{\"@id\":\"https:\\\/\\\/marktxxl.de\\\/markt\\\/produkt\\\/groovy-herren-bademantel-morgenmantel-star-trek-senf-kirk-offizieller-merch-gelb-einheitsgroesse\\\/#primaryimage\"},\"image\":{\"@id\":\"https:\\\/\\\/marktxxl.de\\\/markt\\\/produkt\\\/groovy-herren-bademantel-morgenmantel-star-trek-senf-kirk-offizieller-merch-gelb-einheitsgroesse\\\/#primaryimage\"},\"thumbnailUrl\":\"https:\\\/\\\/m.media-amazon.com\\\/images\\\/I\\\/41hw3tJ+RtL._SL500_.jpg\",\"datePublished\":\"2022-09-12T00:40:37+00:00\",\"dateModified\":\"2023-04-11T02:28:24+00:00\",\"description\":\"Markt-XXL Groovy UK Herren Groovy Bademantel, Senf\\\/Schwarz\\\/Gelb, Einheitsgr\u00f6\u00dfe\",\"breadcrumb\":{\"@id\":\"https:\\\/\\\/marktxxl.de\\\/markt\\\/produkt\\\/groovy-herren-bademantel-morgenmantel-star-trek-senf-kirk-offizieller-merch-gelb-einheitsgroesse\\\/#breadcrumb\"},\"inLanguage\":\"de\",\"potentialAction\":[{\"@type\":\"ReadAction\",\"target\":[\"https:\\\/\\\/marktxxl.de\\\/markt\\\/produkt\\\/groovy-herren-bademantel-morgenmantel-star-trek-senf-kirk-offizieller-merch-gelb-einheitsgroesse\\\/\"]}]},{\"@type\":\"ImageObject\",\"inLanguage\":\"de\",\"@id\":\"https:\\\/\\\/marktxxl.de\\\/markt\\\/produkt\\\/groovy-herren-bademantel-morgenmantel-star-trek-senf-kirk-offizieller-merch-gelb-einheitsgroesse\\\/#primaryimage\",\"url\":\"https:\\\/\\\/m.media-amazon.com\\\/images\\\/I\\\/41hw3tJ+RtL._SL500_.jpg\",\"contentUrl\":\"https:\\\/\\\/m.media-amazon.com\\\/images\\\/I\\\/41hw3tJ+RtL._SL500_.jpg\",\"width\":333,\"height\":500},{\"@type\":\"BreadcrumbList\",\"@id\":\"https:\\\/\\\/marktxxl.de\\\/markt\\\/produkt\\\/groovy-herren-bademantel-morgenmantel-star-trek-senf-kirk-offizieller-merch-gelb-einheitsgroesse\\\/#breadcrumb\",\"itemListElement\":[{\"@type\":\"ListItem\",\"position\":1,\"name\":\"Startseite\",\"item\":\"https:\\\/\\\/marktxxl.de\\\/markt\\\/\"},{\"@type\":\"ListItem\",\"position\":2,\"name\":\"Markt\",\"item\":\"https:\\\/\\\/marktxxl.de\\\/markt\\\/\"},{\"@type\":\"ListItem\",\"position\":3,\"name\":\"Groovy UK Herren Groovy Bademantel, Senf\\\/Schwarz\\\/Gelb, Einheitsgr\u00f6\u00dfe\"}]},{\"@type\":\"WebSite\",\"@id\":\"https:\\\/\\\/marktxxl.de\\\/markt\\\/#website\",\"url\":\"https:\\\/\\\/marktxxl.de\\\/markt\\\/\",\"name\":\"Markt-XXL\",\"description\":\"Ihr Markt Online\",\"publisher\":{\"@id\":\"https:\\\/\\\/marktxxl.de\\\/markt\\\/#organization\"},\"potentialAction\":[{\"@type\":\"SearchAction\",\"target\":{\"@type\":\"EntryPoint\",\"urlTemplate\":\"https:\\\/\\\/marktxxl.de\\\/markt\\\/?s={search_term_string}\"},\"query-input\":{\"@type\":\"PropertyValueSpecification\",\"valueRequired\":true,\"valueName\":\"search_term_string\"}}],\"inLanguage\":\"de\"},{\"@type\":\"Organization\",\"@id\":\"https:\\\/\\\/marktxxl.de\\\/markt\\\/#organization\",\"name\":\"Markt-XXL\",\"url\":\"https:\\\/\\\/marktxxl.de\\\/markt\\\/\",\"logo\":{\"@type\":\"ImageObject\",\"inLanguage\":\"de\",\"@id\":\"https:\\\/\\\/marktxxl.de\\\/markt\\\/#\\\/schema\\\/logo\\\/image\\\/\",\"url\":\"https:\\\/\\\/marktxxl.de\\\/markt\\\/wp-content\\\/uploads\\\/sites\\\/3\\\/2020\\\/12\\\/logo.png\",\"contentUrl\":\"https:\\\/\\\/marktxxl.de\\\/markt\\\/wp-content\\\/uploads\\\/sites\\\/3\\\/2020\\\/12\\\/logo.png\",\"width\":200,\"height\":70,\"caption\":\"Markt-XXL\"},\"image\":{\"@id\":\"https:\\\/\\\/marktxxl.de\\\/markt\\\/#\\\/schema\\\/logo\\\/image\\\/\"}}]}<\/script>\n<!-- \/ Yoast SEO plugin. -->","yoast_head_json":{"title":"Groovy UK Herren Groovy Bademantel, Senf\/Schwarz\/Gelb, Einheitsgr\u00f6\u00dfe - Markt-XXL","description":"Markt-XXL Groovy UK Herren Groovy Bademantel, Senf\/Schwarz\/Gelb, Einheitsgr\u00f6\u00dfe","robots":{"index":"index","follow":"follow","max-snippet":"max-snippet:-1","max-image-preview":"max-image-preview:large","max-video-preview":"max-video-preview:-1"},"canonical":"https:\/\/marktxxl.de\/markt\/produkt\/groovy-herren-bademantel-morgenmantel-star-trek-senf-kirk-offizieller-merch-gelb-einheitsgroesse\/","og_locale":"de_DE","og_type":"article","og_title":"Groovy UK Herren Groovy Bademantel, Senf\/Schwarz\/Gelb, Einheitsgr\u00f6\u00dfe - Markt-XXL","og_description":"Markt-XXL Groovy UK Herren Groovy Bademantel, Senf\/Schwarz\/Gelb, Einheitsgr\u00f6\u00dfe","og_url":"https:\/\/marktxxl.de\/markt\/produkt\/groovy-herren-bademantel-morgenmantel-star-trek-senf-kirk-offizieller-merch-gelb-einheitsgroesse\/","og_site_name":"Markt-XXL","article_modified_time":"2023-04-11T02:28:24+00:00","og_image":[{"width":333,"height":500,"url":"https:\/\/m.media-amazon.com\/images\/I\/41hw3tJ+RtL._SL500_.jpg","type":"image\/jpeg"}],"twitter_card":"summary_large_image","schema":{"@context":"https:\/\/schema.org","@graph":[{"@type":"WebPage","@id":"https:\/\/marktxxl.de\/markt\/produkt\/groovy-herren-bademantel-morgenmantel-star-trek-senf-kirk-offizieller-merch-gelb-einheitsgroesse\/","url":"https:\/\/marktxxl.de\/markt\/produkt\/groovy-herren-bademantel-morgenmantel-star-trek-senf-kirk-offizieller-merch-gelb-einheitsgroesse\/","name":"Groovy UK Herren Groovy Bademantel, Senf\/Schwarz\/Gelb, Einheitsgr\u00f6\u00dfe - Markt-XXL","isPartOf":{"@id":"https:\/\/marktxxl.de\/markt\/#website"},"primaryImageOfPage":{"@id":"https:\/\/marktxxl.de\/markt\/produkt\/groovy-herren-bademantel-morgenmantel-star-trek-senf-kirk-offizieller-merch-gelb-einheitsgroesse\/#primaryimage"},"image":{"@id":"https:\/\/marktxxl.de\/markt\/produkt\/groovy-herren-bademantel-morgenmantel-star-trek-senf-kirk-offizieller-merch-gelb-einheitsgroesse\/#primaryimage"},"thumbnailUrl":"https:\/\/m.media-amazon.com\/images\/I\/41hw3tJ+RtL._SL500_.jpg","datePublished":"2022-09-12T00:40:37+00:00","dateModified":"2023-04-11T02:28:24+00:00","description":"Markt-XXL Groovy UK Herren Groovy Bademantel, Senf\/Schwarz\/Gelb, Einheitsgr\u00f6\u00dfe","breadcrumb":{"@id":"https:\/\/marktxxl.de\/markt\/produkt\/groovy-herren-bademantel-morgenmantel-star-trek-senf-kirk-offizieller-merch-gelb-einheitsgroesse\/#breadcrumb"},"inLanguage":"de","potentialAction":[{"@type":"ReadAction","target":["https:\/\/marktxxl.de\/markt\/produkt\/groovy-herren-bademantel-morgenmantel-star-trek-senf-kirk-offizieller-merch-gelb-einheitsgroesse\/"]}]},{"@type":"ImageObject","inLanguage":"de","@id":"https:\/\/marktxxl.de\/markt\/produkt\/groovy-herren-bademantel-morgenmantel-star-trek-senf-kirk-offizieller-merch-gelb-einheitsgroesse\/#primaryimage","url":"https:\/\/m.media-amazon.com\/images\/I\/41hw3tJ+RtL._SL500_.jpg","contentUrl":"https:\/\/m.media-amazon.com\/images\/I\/41hw3tJ+RtL._SL500_.jpg","width":333,"height":500},{"@type":"BreadcrumbList","@id":"https:\/\/marktxxl.de\/markt\/produkt\/groovy-herren-bademantel-morgenmantel-star-trek-senf-kirk-offizieller-merch-gelb-einheitsgroesse\/#breadcrumb","itemListElement":[{"@type":"ListItem","position":1,"name":"Startseite","item":"https:\/\/marktxxl.de\/markt\/"},{"@type":"ListItem","position":2,"name":"Markt","item":"https:\/\/marktxxl.de\/markt\/"},{"@type":"ListItem","position":3,"name":"Groovy UK Herren Groovy Bademantel, Senf\/Schwarz\/Gelb, Einheitsgr\u00f6\u00dfe"}]},{"@type":"WebSite","@id":"https:\/\/marktxxl.de\/markt\/#website","url":"https:\/\/marktxxl.de\/markt\/","name":"Markt-XXL","description":"Ihr Markt Online","publisher":{"@id":"https:\/\/marktxxl.de\/markt\/#organization"},"potentialAction":[{"@type":"SearchAction","target":{"@type":"EntryPoint","urlTemplate":"https:\/\/marktxxl.de\/markt\/?s={search_term_string}"},"query-input":{"@type":"PropertyValueSpecification","valueRequired":true,"valueName":"search_term_string"}}],"inLanguage":"de"},{"@type":"Organization","@id":"https:\/\/marktxxl.de\/markt\/#organization","name":"Markt-XXL","url":"https:\/\/marktxxl.de\/markt\/","logo":{"@type":"ImageObject","inLanguage":"de","@id":"https:\/\/marktxxl.de\/markt\/#\/schema\/logo\/image\/","url":"https:\/\/marktxxl.de\/markt\/wp-content\/uploads\/sites\/3\/2020\/12\/logo.png","contentUrl":"https:\/\/marktxxl.de\/markt\/wp-content\/uploads\/sites\/3\/2020\/12\/logo.png","width":200,"height":70,"caption":"Markt-XXL"},"image":{"@id":"https:\/\/marktxxl.de\/markt\/#\/schema\/logo\/image\/"}}]}},"_links":{"self":[{"href":"https:\/\/marktxxl.de\/markt\/wp-json\/wp\/v2\/product\/149232","targetHints":{"allow":["GET"]}}],"collection":[{"href":"https:\/\/marktxxl.de\/markt\/wp-json\/wp\/v2\/product"}],"about":[{"href":"https:\/\/marktxxl.de\/markt\/wp-json\/wp\/v2\/types\/product"}],"replies":[{"embeddable":true,"href":"https:\/\/marktxxl.de\/markt\/wp-json\/wp\/v2\/comments?post=149232"}],"wp:featuredmedia":[{"embeddable":true,"href":"https:\/\/marktxxl.de\/markt\/wp-json\/wp\/v2\/media\/149233"}],"wp:attachment":[{"href":"https:\/\/marktxxl.de\/markt\/wp-json\/wp\/v2\/media?parent=149232"}],"wp:term":[{"taxonomy":"product_brand","embeddable":true,"href":"https:\/\/marktxxl.de\/markt\/wp-json\/wp\/v2\/product_brand?post=149232"},{"taxonomy":"product_cat","embeddable":true,"href":"https:\/\/marktxxl.de\/markt\/wp-json\/wp\/v2\/product_cat?post=149232"},{"taxonomy":"product_tag","embeddable":true,"href":"https:\/\/marktxxl.de\/markt\/wp-json\/wp\/v2\/product_tag?post=149232"}],"curies":[{"name":"wp","href":"https:\/\/api.w.org\/{rel}","templated":true}]}}