{"id":149114,"date":"2022-09-12T02:34:43","date_gmt":"2022-09-12T00:34:43","guid":{"rendered":"https:\/\/marktxxl.de\/markt\/produkt\/neufigr-hoodie-decke-uebergrosse-sweatshirt-oversized-riesen-hoodie-warme-sherpa-kapuzenpullover-fuer-kinder-damen-herren-erwachsene\/"},"modified":"2023-04-11T04:28:23","modified_gmt":"2023-04-11T02:28:23","slug":"neufigr-hoodie-decke-uebergrosse-sweatshirt-oversized-riesen-hoodie-warme-sherpa-kapuzenpullover-fuer-kinder-damen-herren-erwachsene","status":"publish","type":"product","link":"https:\/\/marktxxl.de\/markt\/produkt\/neufigr-hoodie-decke-uebergrosse-sweatshirt-oversized-riesen-hoodie-warme-sherpa-kapuzenpullover-fuer-kinder-damen-herren-erwachsene\/","title":{"rendered":"Neufigr Hoodie Decke \u00dcbergro\u00dfe Sweatshirt Oversized Riesen Hoodie Warme Sherpa Kapuzenpullover f\u00fcr Kinder Damen Herren\u2026"},"content":{"rendered":"<p>Super Bequem zu Tragen: Oversized Pullover f\u00fcr Damen Herren besteht aus hochwertigem weichem Flanell mit hautfreundlichem Sherpa-Futter, das W\u00e4rme und Komfort erm\u00f6glicht und zum Schlafen getragen werden kann. Sie k\u00f6nnen mit der Decke faulenzen, Nickerchen machen, schlafen, fernsehen und Ihre wundervolle Zeit genie\u00dfen.<br \/>\nPraktisches Design: Die riesige Kangaroo Fronttasche bietet Platz f\u00fcr Handy, Fernbedienung, Snacks und Aufw\u00e4rmen der H\u00e4nde im Winter. \u00dcbergro\u00dfe Passform und gro\u00dfe Kapuze, damit Sie Arme und Beine in die weiche Decke ziehen k\u00f6nnen, bleiben von Kopf bis Fu\u00df warm. Elastische B\u00fcndchen k\u00f6nnen kalte Luft abhalten und sind leicht zu bewegen.<br \/>\nPerfekte Homewear: Sehr geeignet f\u00fcr Fr\u00fchling, Herbst und Winter, jede kalte Jahreszeit oder Wetter, kann auch warm bleiben, wenn sich die Jahreszeiten \u00e4ndern. Perfekt f\u00fcr kalten N\u00e4chten zum Chillen oder Lesen auf dem Sofa, halten Sie es sich gem\u00fctlich beim Fernsehen, Videospielen, Sportveranstaltungen, der Arbeit zu Hause, beim morgendlichen Kaffee im Freien oder beim Camping.<br \/>\nNettes Geschenk: Das Hoodie Pyjama ist ein sehr s\u00fc\u00dfes Geschenk f\u00fcr Ihre Familien, Kinder, Freundin, Freunde und Kollegen. Perfekt f\u00fcr Valentinstaggeschenk, Geburtstagsgeschenk, Erntedankgeschenk, Weihnachtsgeschenk, Neujahr und jeden besonderen Anlass.<br \/>\nEine Gr\u00f6\u00dfe Passt Allen: Durch das \u00fcbergro\u00dfe Design f\u00fcr jede K\u00f6rperform und Altersgruppen geeignet. Die Gr\u00f6\u00dfe von Kindern und Erwachsenen ist unterschiedlich. Bitte \u00fcberpr\u00fcfen Sie das Produktbild f\u00fcr Gr\u00f6\u00dfenangaben vor der Bestellung. Maschinenwaschbar in kaltem Wasser, kann getrocknet werden, nicht bleichen. Bitte beachten Sie, dass es normal ist, dass die Farbe beim ersten Waschen verblasst.<br \/>\n<div class=\"main-cross-sell\" data-asin=\"B09GNQLMLK\">\n\n\t<div class=\"WooZone-cross-sell-loader\">\n\t\t<div>\n\t\t\t<div id=\"floatingBarsG\">\n\t\t\t\t<div class=\"blockG\" id=\"rotateG_01\"><\/div>\n\t\t\t\t<div class=\"blockG\" id=\"rotateG_02\"><\/div>\n\t\t\t\t<div class=\"blockG\" id=\"rotateG_03\"><\/div>\n\t\t\t\t<div class=\"blockG\" id=\"rotateG_04\"><\/div>\n\t\t\t\t<div class=\"blockG\" id=\"rotateG_05\"><\/div>\n\t\t\t\t<div class=\"blockG\" id=\"rotateG_06\"><\/div>\n\t\t\t\t<div class=\"blockG\" id=\"rotateG_07\"><\/div>\n\t\t\t\t<div class=\"blockG\" id=\"rotateG_08\"><\/div>\n\t\t\t<\/div>\n\t\t\t<div class=\"WooZone-cross-sell-loader-text\"><\/div>\n\t\t<\/div>\n\t<\/div>\n\n\t\t\n<\/div>\n<div style=\"clear:both;\"><\/div><\/p>\n","protected":false},"excerpt":{"rendered":"<p>Super Bequem zu Tragen: Oversized Pullover f\u00fcr Damen Herren besteht aus hochwertigem weichem Flanell mit hautfreundlichem Sherpa-Futter, das W\u00e4rme und Komfort erm\u00f6glicht und zum Schlafen getragen werden kann. Sie k\u00f6nnen mit der Decke faulenzen, Nickerchen machen, schlafen, fernsehen und Ihre wundervolle Zeit genie\u00dfen.<br \/>\nPraktisches Design: Die riesige Kangaroo Fronttasche bietet Platz f\u00fcr Handy, Fernbedienung, Snacks und Aufw\u00e4rmen der H\u00e4nde im Winter. \u00dcbergro\u00dfe Passform und gro\u00dfe Kapuze, damit Sie Arme und Beine in die weiche Decke ziehen k\u00f6nnen, bleiben von Kopf bis Fu\u00df warm. Elastische B\u00fcndchen k\u00f6nnen kalte Luft abhalten und sind leicht zu bewegen.<br \/>\nPerfekte Homewear: Sehr geeignet f\u00fcr Fr\u00fchling, Herbst und Winter, jede kalte Jahreszeit oder Wetter, kann auch warm bleiben, wenn sich die Jahreszeiten \u00e4ndern. Perfekt f\u00fcr kalten N\u00e4chten zum Chillen oder Lesen auf dem Sofa, halten Sie es sich gem\u00fctlich beim Fernsehen, Videospielen, Sportveranstaltungen, der Arbeit zu Hause, beim morgendlichen Kaffee im Freien oder beim Camping.<\/p>\n","protected":false},"featured_media":149115,"comment_status":"open","ping_status":"closed","template":"","meta":[],"product_brand":[],"product_cat":[1186,3920],"product_tag":[],"class_list":{"0":"post-149114","1":"product","2":"type-product","3":"status-publish","4":"has-post-thumbnail","6":"product_cat-bekleidung","7":"product_cat-damen","8":"pa_brand-neufigr","9":"pa_manufacturer-xiongyun","11":"first","12":"instock","13":"shipping-taxable","14":"purchasable","15":"product-type-simple","16":"customify-col","17":"product-has-gallery"},"yoast_head":"<!-- This site is optimized with the Yoast SEO plugin v27.4 - https:\/\/yoast.com\/product\/yoast-seo-wordpress\/ -->\n<title>Neufigr Hoodie Decke \u00dcbergro\u00dfe Sweatshirt Oversized Riesen Hoodie Warme Sherpa Kapuzenpullover f\u00fcr Kinder Damen Herren\u2026 - Markt-XXL<\/title>\n<meta name=\"description\" content=\"Markt-XXL Neufigr Hoodie Decke \u00dcbergro\u00dfe Sweatshirt Oversized Riesen Hoodie Warme Sherpa Kapuzenpullover f\u00fcr Kinder Damen Herren\u2026\" \/>\n<meta name=\"robots\" content=\"index, follow, max-snippet:-1, max-image-preview:large, max-video-preview:-1\" \/>\n<link rel=\"canonical\" href=\"https:\/\/marktxxl.de\/markt\/produkt\/neufigr-hoodie-decke-uebergrosse-sweatshirt-oversized-riesen-hoodie-warme-sherpa-kapuzenpullover-fuer-kinder-damen-herren-erwachsene\/\" \/>\n<meta property=\"og:locale\" content=\"de_DE\" \/>\n<meta property=\"og:type\" content=\"article\" \/>\n<meta property=\"og:title\" content=\"Neufigr Hoodie Decke \u00dcbergro\u00dfe Sweatshirt Oversized Riesen Hoodie Warme Sherpa Kapuzenpullover f\u00fcr Kinder Damen Herren\u2026 - Markt-XXL\" \/>\n<meta property=\"og:description\" content=\"Markt-XXL Neufigr Hoodie Decke \u00dcbergro\u00dfe Sweatshirt Oversized Riesen Hoodie Warme Sherpa Kapuzenpullover f\u00fcr Kinder Damen Herren\u2026\" \/>\n<meta property=\"og:url\" content=\"https:\/\/marktxxl.de\/markt\/produkt\/neufigr-hoodie-decke-uebergrosse-sweatshirt-oversized-riesen-hoodie-warme-sherpa-kapuzenpullover-fuer-kinder-damen-herren-erwachsene\/\" \/>\n<meta property=\"og:site_name\" content=\"Markt-XXL\" \/>\n<meta property=\"article:modified_time\" content=\"2023-04-11T02:28:23+00:00\" \/>\n<meta property=\"og:image\" content=\"https:\/\/m.media-amazon.com\/images\/I\/41Dz21xT-9L._SL500_.jpg\" \/>\n\t<meta property=\"og:image:width\" content=\"500\" \/>\n\t<meta property=\"og:image:height\" content=\"500\" \/>\n\t<meta property=\"og:image:type\" content=\"image\/jpeg\" \/>\n<meta name=\"twitter:card\" content=\"summary_large_image\" \/>\n<meta name=\"twitter:label1\" content=\"Gesch\u00e4tzte Lesezeit\" \/>\n\t<meta name=\"twitter:data1\" content=\"1\u00a0Minute\" \/>\n<script type=\"application\/ld+json\" class=\"yoast-schema-graph\">{\"@context\":\"https:\\\/\\\/schema.org\",\"@graph\":[{\"@type\":\"WebPage\",\"@id\":\"https:\\\/\\\/marktxxl.de\\\/markt\\\/produkt\\\/neufigr-hoodie-decke-uebergrosse-sweatshirt-oversized-riesen-hoodie-warme-sherpa-kapuzenpullover-fuer-kinder-damen-herren-erwachsene\\\/\",\"url\":\"https:\\\/\\\/marktxxl.de\\\/markt\\\/produkt\\\/neufigr-hoodie-decke-uebergrosse-sweatshirt-oversized-riesen-hoodie-warme-sherpa-kapuzenpullover-fuer-kinder-damen-herren-erwachsene\\\/\",\"name\":\"Neufigr Hoodie Decke \u00dcbergro\u00dfe Sweatshirt Oversized Riesen Hoodie Warme Sherpa Kapuzenpullover f\u00fcr Kinder Damen Herren\u2026 - Markt-XXL\",\"isPartOf\":{\"@id\":\"https:\\\/\\\/marktxxl.de\\\/markt\\\/#website\"},\"primaryImageOfPage\":{\"@id\":\"https:\\\/\\\/marktxxl.de\\\/markt\\\/produkt\\\/neufigr-hoodie-decke-uebergrosse-sweatshirt-oversized-riesen-hoodie-warme-sherpa-kapuzenpullover-fuer-kinder-damen-herren-erwachsene\\\/#primaryimage\"},\"image\":{\"@id\":\"https:\\\/\\\/marktxxl.de\\\/markt\\\/produkt\\\/neufigr-hoodie-decke-uebergrosse-sweatshirt-oversized-riesen-hoodie-warme-sherpa-kapuzenpullover-fuer-kinder-damen-herren-erwachsene\\\/#primaryimage\"},\"thumbnailUrl\":\"https:\\\/\\\/m.media-amazon.com\\\/images\\\/I\\\/41Dz21xT-9L._SL500_.jpg\",\"datePublished\":\"2022-09-12T00:34:43+00:00\",\"dateModified\":\"2023-04-11T02:28:23+00:00\",\"description\":\"Markt-XXL Neufigr Hoodie Decke \u00dcbergro\u00dfe Sweatshirt Oversized Riesen Hoodie Warme Sherpa Kapuzenpullover f\u00fcr Kinder Damen Herren\u2026\",\"breadcrumb\":{\"@id\":\"https:\\\/\\\/marktxxl.de\\\/markt\\\/produkt\\\/neufigr-hoodie-decke-uebergrosse-sweatshirt-oversized-riesen-hoodie-warme-sherpa-kapuzenpullover-fuer-kinder-damen-herren-erwachsene\\\/#breadcrumb\"},\"inLanguage\":\"de\",\"potentialAction\":[{\"@type\":\"ReadAction\",\"target\":[\"https:\\\/\\\/marktxxl.de\\\/markt\\\/produkt\\\/neufigr-hoodie-decke-uebergrosse-sweatshirt-oversized-riesen-hoodie-warme-sherpa-kapuzenpullover-fuer-kinder-damen-herren-erwachsene\\\/\"]}]},{\"@type\":\"ImageObject\",\"inLanguage\":\"de\",\"@id\":\"https:\\\/\\\/marktxxl.de\\\/markt\\\/produkt\\\/neufigr-hoodie-decke-uebergrosse-sweatshirt-oversized-riesen-hoodie-warme-sherpa-kapuzenpullover-fuer-kinder-damen-herren-erwachsene\\\/#primaryimage\",\"url\":\"https:\\\/\\\/m.media-amazon.com\\\/images\\\/I\\\/41Dz21xT-9L._SL500_.jpg\",\"contentUrl\":\"https:\\\/\\\/m.media-amazon.com\\\/images\\\/I\\\/41Dz21xT-9L._SL500_.jpg\",\"width\":500,\"height\":500},{\"@type\":\"BreadcrumbList\",\"@id\":\"https:\\\/\\\/marktxxl.de\\\/markt\\\/produkt\\\/neufigr-hoodie-decke-uebergrosse-sweatshirt-oversized-riesen-hoodie-warme-sherpa-kapuzenpullover-fuer-kinder-damen-herren-erwachsene\\\/#breadcrumb\",\"itemListElement\":[{\"@type\":\"ListItem\",\"position\":1,\"name\":\"Startseite\",\"item\":\"https:\\\/\\\/marktxxl.de\\\/markt\\\/\"},{\"@type\":\"ListItem\",\"position\":2,\"name\":\"Markt\",\"item\":\"https:\\\/\\\/marktxxl.de\\\/markt\\\/\"},{\"@type\":\"ListItem\",\"position\":3,\"name\":\"Neufigr Hoodie Decke \u00dcbergro\u00dfe Sweatshirt Oversized Riesen Hoodie Warme Sherpa Kapuzenpullover f\u00fcr Kinder Damen Herren\u2026\"}]},{\"@type\":\"WebSite\",\"@id\":\"https:\\\/\\\/marktxxl.de\\\/markt\\\/#website\",\"url\":\"https:\\\/\\\/marktxxl.de\\\/markt\\\/\",\"name\":\"Markt-XXL\",\"description\":\"Ihr Markt Online\",\"publisher\":{\"@id\":\"https:\\\/\\\/marktxxl.de\\\/markt\\\/#organization\"},\"potentialAction\":[{\"@type\":\"SearchAction\",\"target\":{\"@type\":\"EntryPoint\",\"urlTemplate\":\"https:\\\/\\\/marktxxl.de\\\/markt\\\/?s={search_term_string}\"},\"query-input\":{\"@type\":\"PropertyValueSpecification\",\"valueRequired\":true,\"valueName\":\"search_term_string\"}}],\"inLanguage\":\"de\"},{\"@type\":\"Organization\",\"@id\":\"https:\\\/\\\/marktxxl.de\\\/markt\\\/#organization\",\"name\":\"Markt-XXL\",\"url\":\"https:\\\/\\\/marktxxl.de\\\/markt\\\/\",\"logo\":{\"@type\":\"ImageObject\",\"inLanguage\":\"de\",\"@id\":\"https:\\\/\\\/marktxxl.de\\\/markt\\\/#\\\/schema\\\/logo\\\/image\\\/\",\"url\":\"https:\\\/\\\/marktxxl.de\\\/markt\\\/wp-content\\\/uploads\\\/sites\\\/3\\\/2020\\\/12\\\/logo.png\",\"contentUrl\":\"https:\\\/\\\/marktxxl.de\\\/markt\\\/wp-content\\\/uploads\\\/sites\\\/3\\\/2020\\\/12\\\/logo.png\",\"width\":200,\"height\":70,\"caption\":\"Markt-XXL\"},\"image\":{\"@id\":\"https:\\\/\\\/marktxxl.de\\\/markt\\\/#\\\/schema\\\/logo\\\/image\\\/\"}}]}<\/script>\n<!-- \/ Yoast SEO plugin. -->","yoast_head_json":{"title":"Neufigr Hoodie Decke \u00dcbergro\u00dfe Sweatshirt Oversized Riesen Hoodie Warme Sherpa Kapuzenpullover f\u00fcr Kinder Damen Herren\u2026 - Markt-XXL","description":"Markt-XXL Neufigr Hoodie Decke \u00dcbergro\u00dfe Sweatshirt Oversized Riesen Hoodie Warme Sherpa Kapuzenpullover f\u00fcr Kinder Damen Herren\u2026","robots":{"index":"index","follow":"follow","max-snippet":"max-snippet:-1","max-image-preview":"max-image-preview:large","max-video-preview":"max-video-preview:-1"},"canonical":"https:\/\/marktxxl.de\/markt\/produkt\/neufigr-hoodie-decke-uebergrosse-sweatshirt-oversized-riesen-hoodie-warme-sherpa-kapuzenpullover-fuer-kinder-damen-herren-erwachsene\/","og_locale":"de_DE","og_type":"article","og_title":"Neufigr Hoodie Decke \u00dcbergro\u00dfe Sweatshirt Oversized Riesen Hoodie Warme Sherpa Kapuzenpullover f\u00fcr Kinder Damen Herren\u2026 - Markt-XXL","og_description":"Markt-XXL Neufigr Hoodie Decke \u00dcbergro\u00dfe Sweatshirt Oversized Riesen Hoodie Warme Sherpa Kapuzenpullover f\u00fcr Kinder Damen Herren\u2026","og_url":"https:\/\/marktxxl.de\/markt\/produkt\/neufigr-hoodie-decke-uebergrosse-sweatshirt-oversized-riesen-hoodie-warme-sherpa-kapuzenpullover-fuer-kinder-damen-herren-erwachsene\/","og_site_name":"Markt-XXL","article_modified_time":"2023-04-11T02:28:23+00:00","og_image":[{"width":500,"height":500,"url":"https:\/\/m.media-amazon.com\/images\/I\/41Dz21xT-9L._SL500_.jpg","type":"image\/jpeg"}],"twitter_card":"summary_large_image","twitter_misc":{"Gesch\u00e4tzte Lesezeit":"1\u00a0Minute"},"schema":{"@context":"https:\/\/schema.org","@graph":[{"@type":"WebPage","@id":"https:\/\/marktxxl.de\/markt\/produkt\/neufigr-hoodie-decke-uebergrosse-sweatshirt-oversized-riesen-hoodie-warme-sherpa-kapuzenpullover-fuer-kinder-damen-herren-erwachsene\/","url":"https:\/\/marktxxl.de\/markt\/produkt\/neufigr-hoodie-decke-uebergrosse-sweatshirt-oversized-riesen-hoodie-warme-sherpa-kapuzenpullover-fuer-kinder-damen-herren-erwachsene\/","name":"Neufigr Hoodie Decke \u00dcbergro\u00dfe Sweatshirt Oversized Riesen Hoodie Warme Sherpa Kapuzenpullover f\u00fcr Kinder Damen Herren\u2026 - Markt-XXL","isPartOf":{"@id":"https:\/\/marktxxl.de\/markt\/#website"},"primaryImageOfPage":{"@id":"https:\/\/marktxxl.de\/markt\/produkt\/neufigr-hoodie-decke-uebergrosse-sweatshirt-oversized-riesen-hoodie-warme-sherpa-kapuzenpullover-fuer-kinder-damen-herren-erwachsene\/#primaryimage"},"image":{"@id":"https:\/\/marktxxl.de\/markt\/produkt\/neufigr-hoodie-decke-uebergrosse-sweatshirt-oversized-riesen-hoodie-warme-sherpa-kapuzenpullover-fuer-kinder-damen-herren-erwachsene\/#primaryimage"},"thumbnailUrl":"https:\/\/m.media-amazon.com\/images\/I\/41Dz21xT-9L._SL500_.jpg","datePublished":"2022-09-12T00:34:43+00:00","dateModified":"2023-04-11T02:28:23+00:00","description":"Markt-XXL Neufigr Hoodie Decke \u00dcbergro\u00dfe Sweatshirt Oversized Riesen Hoodie Warme Sherpa Kapuzenpullover f\u00fcr Kinder Damen Herren\u2026","breadcrumb":{"@id":"https:\/\/marktxxl.de\/markt\/produkt\/neufigr-hoodie-decke-uebergrosse-sweatshirt-oversized-riesen-hoodie-warme-sherpa-kapuzenpullover-fuer-kinder-damen-herren-erwachsene\/#breadcrumb"},"inLanguage":"de","potentialAction":[{"@type":"ReadAction","target":["https:\/\/marktxxl.de\/markt\/produkt\/neufigr-hoodie-decke-uebergrosse-sweatshirt-oversized-riesen-hoodie-warme-sherpa-kapuzenpullover-fuer-kinder-damen-herren-erwachsene\/"]}]},{"@type":"ImageObject","inLanguage":"de","@id":"https:\/\/marktxxl.de\/markt\/produkt\/neufigr-hoodie-decke-uebergrosse-sweatshirt-oversized-riesen-hoodie-warme-sherpa-kapuzenpullover-fuer-kinder-damen-herren-erwachsene\/#primaryimage","url":"https:\/\/m.media-amazon.com\/images\/I\/41Dz21xT-9L._SL500_.jpg","contentUrl":"https:\/\/m.media-amazon.com\/images\/I\/41Dz21xT-9L._SL500_.jpg","width":500,"height":500},{"@type":"BreadcrumbList","@id":"https:\/\/marktxxl.de\/markt\/produkt\/neufigr-hoodie-decke-uebergrosse-sweatshirt-oversized-riesen-hoodie-warme-sherpa-kapuzenpullover-fuer-kinder-damen-herren-erwachsene\/#breadcrumb","itemListElement":[{"@type":"ListItem","position":1,"name":"Startseite","item":"https:\/\/marktxxl.de\/markt\/"},{"@type":"ListItem","position":2,"name":"Markt","item":"https:\/\/marktxxl.de\/markt\/"},{"@type":"ListItem","position":3,"name":"Neufigr Hoodie Decke \u00dcbergro\u00dfe Sweatshirt Oversized Riesen Hoodie Warme Sherpa Kapuzenpullover f\u00fcr Kinder Damen Herren\u2026"}]},{"@type":"WebSite","@id":"https:\/\/marktxxl.de\/markt\/#website","url":"https:\/\/marktxxl.de\/markt\/","name":"Markt-XXL","description":"Ihr Markt Online","publisher":{"@id":"https:\/\/marktxxl.de\/markt\/#organization"},"potentialAction":[{"@type":"SearchAction","target":{"@type":"EntryPoint","urlTemplate":"https:\/\/marktxxl.de\/markt\/?s={search_term_string}"},"query-input":{"@type":"PropertyValueSpecification","valueRequired":true,"valueName":"search_term_string"}}],"inLanguage":"de"},{"@type":"Organization","@id":"https:\/\/marktxxl.de\/markt\/#organization","name":"Markt-XXL","url":"https:\/\/marktxxl.de\/markt\/","logo":{"@type":"ImageObject","inLanguage":"de","@id":"https:\/\/marktxxl.de\/markt\/#\/schema\/logo\/image\/","url":"https:\/\/marktxxl.de\/markt\/wp-content\/uploads\/sites\/3\/2020\/12\/logo.png","contentUrl":"https:\/\/marktxxl.de\/markt\/wp-content\/uploads\/sites\/3\/2020\/12\/logo.png","width":200,"height":70,"caption":"Markt-XXL"},"image":{"@id":"https:\/\/marktxxl.de\/markt\/#\/schema\/logo\/image\/"}}]}},"_links":{"self":[{"href":"https:\/\/marktxxl.de\/markt\/wp-json\/wp\/v2\/product\/149114","targetHints":{"allow":["GET"]}}],"collection":[{"href":"https:\/\/marktxxl.de\/markt\/wp-json\/wp\/v2\/product"}],"about":[{"href":"https:\/\/marktxxl.de\/markt\/wp-json\/wp\/v2\/types\/product"}],"replies":[{"embeddable":true,"href":"https:\/\/marktxxl.de\/markt\/wp-json\/wp\/v2\/comments?post=149114"}],"wp:featuredmedia":[{"embeddable":true,"href":"https:\/\/marktxxl.de\/markt\/wp-json\/wp\/v2\/media\/149115"}],"wp:attachment":[{"href":"https:\/\/marktxxl.de\/markt\/wp-json\/wp\/v2\/media?parent=149114"}],"wp:term":[{"taxonomy":"product_brand","embeddable":true,"href":"https:\/\/marktxxl.de\/markt\/wp-json\/wp\/v2\/product_brand?post=149114"},{"taxonomy":"product_cat","embeddable":true,"href":"https:\/\/marktxxl.de\/markt\/wp-json\/wp\/v2\/product_cat?post=149114"},{"taxonomy":"product_tag","embeddable":true,"href":"https:\/\/marktxxl.de\/markt\/wp-json\/wp\/v2\/product_tag?post=149114"}],"curies":[{"name":"wp","href":"https:\/\/api.w.org\/{rel}","templated":true}]}}