{"id":149074,"date":"2022-09-12T02:32:10","date_gmt":"2022-09-12T00:32:10","guid":{"rendered":"https:\/\/marktxxl.de\/markt\/produkt\/barbie-oversize-pullover-damen-fleece-hoodie-damen-kapuzenpullover-decken-hoodie\/"},"modified":"2023-04-11T04:28:22","modified_gmt":"2023-04-11T02:28:22","slug":"barbie-oversize-pullover-damen-fleece-hoodie-damen-kapuzenpullover-decken-hoodie","status":"publish","type":"product","link":"https:\/\/marktxxl.de\/markt\/produkt\/barbie-oversize-pullover-damen-fleece-hoodie-damen-kapuzenpullover-decken-hoodie\/","title":{"rendered":"Barbie Oversize Pullover Damen, Fleece Hoodie Damen Kapuzenpullover, Decken Hoodie"},"content":{"rendered":"<p>BARBIE OVERSIZE BLANKET HOODIE: Der offizielle Barbie Hoodie Damen Oversize ist kuschelig, stylisch, warm und \u00e4u\u00dferst bequem. Unser rosa Decken Pullover aus Fleece hat eine flauschige Sherpa Fleece Schicht in der Kapuze, lange \u00c4rmel und eine gro\u00dfe K\u00e4ngurutasche &#8211; das perfekte Damen Geschenk f\u00fcr den Winter<br \/>\nBARBIE OVERSIZE BLANKET HOODIE: Der offizielle Barbie Hoodie Damen Oversize ist kuschelig, stylisch, warm und \u00e4u\u00dferst bequem. Unser rosa Decken Pullover aus Fleece hat eine flauschige Sherpa Fleece Schicht in der Kapuze, lange \u00c4rmel und eine gro\u00dfe K\u00e4ngurutasche &#8211; das perfekte Damen Geschenk f\u00fcr den Winter<br \/>\nOFFIZIELLE BARBIE KLEIDUNG F\u00dcR DAMEN: Der Damen Hoodie ist ein lizenzierter Barbie Fanartikel, der exklusiv f\u00fcr unseren Store entworfen wurde. \u00dcberraschen Sie einen Barbie Fan mit kuscheligen Barbie Klamotten<br \/>\nPRAKTISCHE EINHEITSGR\u00d6SSE: Unsere Oversize Kapuzenpullover f\u00fcr Damen werden in einer praktischen, \u00fcbergro\u00dfen Einheitsgr\u00f6\u00dfe geliefert. Sie m\u00fcssen sich bei dem bequemen Schnitt des Oversized Hoodie also keine Sorgen \u00fcber eine perfekte Passform machen. Eine Damen Pullover Gr\u00f6\u00dfentabelle finden Sie zudem in der Bildergalerie<br \/>\nWEICH UND KUSCHELIG: F\u00fcr unseren Oversize Hoodie Damen Pulli verwenden wir ausschlie\u00dflich hochwertige Materialien. Die Barbie Hoodie Decke ist aus weichem Fleece gefertigt und verf\u00fcgt \u00fcber kuscheliges Sherpa Fleece Futter in der Kapuze (100% Polyester)<br \/>\nGESCHENKE F\u00dcR FRAUEN: Suchen Sie nach einer charmanten, kuscheligen Geschenkidee f\u00fcr eine Dame? Der Decken Hoodie Damen Pullover eignet sich ideal als trendiges Frauen Geschenk zu Weihnachten, zum Geburtstag oder einfach so als warmes Mitbringsel f\u00fcr die kalte Winterzeit<br \/>\n<div class=\"main-cross-sell\" data-asin=\"B09DQ5DSQC\">\n\n\t<div class=\"WooZone-cross-sell-loader\">\n\t\t<div>\n\t\t\t<div id=\"floatingBarsG\">\n\t\t\t\t<div class=\"blockG\" id=\"rotateG_01\"><\/div>\n\t\t\t\t<div class=\"blockG\" id=\"rotateG_02\"><\/div>\n\t\t\t\t<div class=\"blockG\" id=\"rotateG_03\"><\/div>\n\t\t\t\t<div class=\"blockG\" id=\"rotateG_04\"><\/div>\n\t\t\t\t<div class=\"blockG\" id=\"rotateG_05\"><\/div>\n\t\t\t\t<div class=\"blockG\" id=\"rotateG_06\"><\/div>\n\t\t\t\t<div class=\"blockG\" id=\"rotateG_07\"><\/div>\n\t\t\t\t<div class=\"blockG\" id=\"rotateG_08\"><\/div>\n\t\t\t<\/div>\n\t\t\t<div class=\"WooZone-cross-sell-loader-text\"><\/div>\n\t\t<\/div>\n\t<\/div>\n\n\t\t\n<\/div>\n<div style=\"clear:both;\"><\/div><\/p>\n","protected":false},"excerpt":{"rendered":"<p>BARBIE OVERSIZE BLANKET HOODIE: Der offizielle Barbie Hoodie Damen Oversize ist kuschelig, stylisch, warm und \u00e4u\u00dferst bequem. Unser rosa Decken Pullover aus Fleece hat eine flauschige Sherpa Fleece Schicht in der Kapuze, lange \u00c4rmel und eine gro\u00dfe K\u00e4ngurutasche &#8211; das perfekte Damen Geschenk f\u00fcr den Winter<br \/>\nBARBIE OVERSIZE BLANKET HOODIE: Der offizielle Barbie Hoodie Damen Oversize ist kuschelig, stylisch, warm und \u00e4u\u00dferst bequem. Unser rosa Decken Pullover aus Fleece hat eine flauschige Sherpa Fleece Schicht in der Kapuze, lange \u00c4rmel und eine gro\u00dfe K\u00e4ngurutasche &#8211; das perfekte Damen Geschenk f\u00fcr den Winter<br \/>\nOFFIZIELLE BARBIE KLEIDUNG F\u00dcR DAMEN: Der Damen Hoodie ist ein lizenzierter Barbie Fanartikel, der exklusiv f\u00fcr unseren Store entworfen wurde. \u00dcberraschen Sie einen Barbie Fan mit kuscheligen Barbie Klamotten<\/p>\n","protected":false},"featured_media":149075,"comment_status":"open","ping_status":"closed","template":"","meta":[],"product_brand":[],"product_cat":[1186,3920],"product_tag":[],"class_list":{"0":"post-149074","1":"product","2":"type-product","3":"status-publish","4":"has-post-thumbnail","6":"product_cat-bekleidung","7":"product_cat-damen","8":"pa_brand-barbie","9":"pa_color-rose","10":"pa_size-einheitsgroesse","12":"first","13":"instock","14":"shipping-taxable","15":"purchasable","16":"product-type-simple","17":"customify-col","18":"product-has-gallery"},"yoast_head":"<!-- This site is optimized with the Yoast SEO plugin v27.3 - https:\/\/yoast.com\/product\/yoast-seo-wordpress\/ -->\n<title>Barbie Oversize Pullover Damen, Fleece Hoodie Damen Kapuzenpullover, Decken Hoodie - Markt-XXL<\/title>\n<meta name=\"description\" content=\"Markt-XXL Barbie Oversize Pullover Damen, Fleece Hoodie Damen Kapuzenpullover, Decken Hoodie\" \/>\n<meta name=\"robots\" content=\"index, follow, max-snippet:-1, max-image-preview:large, max-video-preview:-1\" \/>\n<link rel=\"canonical\" href=\"https:\/\/marktxxl.de\/markt\/produkt\/barbie-oversize-pullover-damen-fleece-hoodie-damen-kapuzenpullover-decken-hoodie\/\" \/>\n<meta property=\"og:locale\" content=\"de_DE\" \/>\n<meta property=\"og:type\" content=\"article\" \/>\n<meta property=\"og:title\" content=\"Barbie Oversize Pullover Damen, Fleece Hoodie Damen Kapuzenpullover, Decken Hoodie - Markt-XXL\" \/>\n<meta property=\"og:description\" content=\"Markt-XXL Barbie Oversize Pullover Damen, Fleece Hoodie Damen Kapuzenpullover, Decken Hoodie\" \/>\n<meta property=\"og:url\" content=\"https:\/\/marktxxl.de\/markt\/produkt\/barbie-oversize-pullover-damen-fleece-hoodie-damen-kapuzenpullover-decken-hoodie\/\" \/>\n<meta property=\"og:site_name\" content=\"Markt-XXL\" \/>\n<meta property=\"article:modified_time\" content=\"2023-04-11T02:28:22+00:00\" \/>\n<meta property=\"og:image\" content=\"https:\/\/m.media-amazon.com\/images\/I\/3132L5ue3BL._SL500_.jpg\" \/>\n\t<meta property=\"og:image:width\" content=\"333\" \/>\n\t<meta property=\"og:image:height\" content=\"500\" \/>\n\t<meta property=\"og:image:type\" content=\"image\/jpeg\" \/>\n<meta name=\"twitter:card\" content=\"summary_large_image\" \/>\n<meta name=\"twitter:label1\" content=\"Gesch\u00e4tzte Lesezeit\" \/>\n\t<meta name=\"twitter:data1\" content=\"1\u00a0Minute\" \/>\n<script type=\"application\/ld+json\" class=\"yoast-schema-graph\">{\"@context\":\"https:\\\/\\\/schema.org\",\"@graph\":[{\"@type\":\"WebPage\",\"@id\":\"https:\\\/\\\/marktxxl.de\\\/markt\\\/produkt\\\/barbie-oversize-pullover-damen-fleece-hoodie-damen-kapuzenpullover-decken-hoodie\\\/\",\"url\":\"https:\\\/\\\/marktxxl.de\\\/markt\\\/produkt\\\/barbie-oversize-pullover-damen-fleece-hoodie-damen-kapuzenpullover-decken-hoodie\\\/\",\"name\":\"Barbie Oversize Pullover Damen, Fleece Hoodie Damen Kapuzenpullover, Decken Hoodie - Markt-XXL\",\"isPartOf\":{\"@id\":\"https:\\\/\\\/marktxxl.de\\\/markt\\\/#website\"},\"primaryImageOfPage\":{\"@id\":\"https:\\\/\\\/marktxxl.de\\\/markt\\\/produkt\\\/barbie-oversize-pullover-damen-fleece-hoodie-damen-kapuzenpullover-decken-hoodie\\\/#primaryimage\"},\"image\":{\"@id\":\"https:\\\/\\\/marktxxl.de\\\/markt\\\/produkt\\\/barbie-oversize-pullover-damen-fleece-hoodie-damen-kapuzenpullover-decken-hoodie\\\/#primaryimage\"},\"thumbnailUrl\":\"https:\\\/\\\/m.media-amazon.com\\\/images\\\/I\\\/3132L5ue3BL._SL500_.jpg\",\"datePublished\":\"2022-09-12T00:32:10+00:00\",\"dateModified\":\"2023-04-11T02:28:22+00:00\",\"description\":\"Markt-XXL Barbie Oversize Pullover Damen, Fleece Hoodie Damen Kapuzenpullover, Decken Hoodie\",\"breadcrumb\":{\"@id\":\"https:\\\/\\\/marktxxl.de\\\/markt\\\/produkt\\\/barbie-oversize-pullover-damen-fleece-hoodie-damen-kapuzenpullover-decken-hoodie\\\/#breadcrumb\"},\"inLanguage\":\"de\",\"potentialAction\":[{\"@type\":\"ReadAction\",\"target\":[\"https:\\\/\\\/marktxxl.de\\\/markt\\\/produkt\\\/barbie-oversize-pullover-damen-fleece-hoodie-damen-kapuzenpullover-decken-hoodie\\\/\"]}]},{\"@type\":\"ImageObject\",\"inLanguage\":\"de\",\"@id\":\"https:\\\/\\\/marktxxl.de\\\/markt\\\/produkt\\\/barbie-oversize-pullover-damen-fleece-hoodie-damen-kapuzenpullover-decken-hoodie\\\/#primaryimage\",\"url\":\"https:\\\/\\\/m.media-amazon.com\\\/images\\\/I\\\/3132L5ue3BL._SL500_.jpg\",\"contentUrl\":\"https:\\\/\\\/m.media-amazon.com\\\/images\\\/I\\\/3132L5ue3BL._SL500_.jpg\",\"width\":333,\"height\":500},{\"@type\":\"BreadcrumbList\",\"@id\":\"https:\\\/\\\/marktxxl.de\\\/markt\\\/produkt\\\/barbie-oversize-pullover-damen-fleece-hoodie-damen-kapuzenpullover-decken-hoodie\\\/#breadcrumb\",\"itemListElement\":[{\"@type\":\"ListItem\",\"position\":1,\"name\":\"Startseite\",\"item\":\"https:\\\/\\\/marktxxl.de\\\/markt\\\/\"},{\"@type\":\"ListItem\",\"position\":2,\"name\":\"Markt\",\"item\":\"https:\\\/\\\/marktxxl.de\\\/markt\\\/\"},{\"@type\":\"ListItem\",\"position\":3,\"name\":\"Barbie Oversize Pullover Damen, Fleece Hoodie Damen Kapuzenpullover, Decken Hoodie\"}]},{\"@type\":\"WebSite\",\"@id\":\"https:\\\/\\\/marktxxl.de\\\/markt\\\/#website\",\"url\":\"https:\\\/\\\/marktxxl.de\\\/markt\\\/\",\"name\":\"Markt-XXL\",\"description\":\"Ihr Markt Online\",\"publisher\":{\"@id\":\"https:\\\/\\\/marktxxl.de\\\/markt\\\/#organization\"},\"potentialAction\":[{\"@type\":\"SearchAction\",\"target\":{\"@type\":\"EntryPoint\",\"urlTemplate\":\"https:\\\/\\\/marktxxl.de\\\/markt\\\/?s={search_term_string}\"},\"query-input\":{\"@type\":\"PropertyValueSpecification\",\"valueRequired\":true,\"valueName\":\"search_term_string\"}}],\"inLanguage\":\"de\"},{\"@type\":\"Organization\",\"@id\":\"https:\\\/\\\/marktxxl.de\\\/markt\\\/#organization\",\"name\":\"Markt-XXL\",\"url\":\"https:\\\/\\\/marktxxl.de\\\/markt\\\/\",\"logo\":{\"@type\":\"ImageObject\",\"inLanguage\":\"de\",\"@id\":\"https:\\\/\\\/marktxxl.de\\\/markt\\\/#\\\/schema\\\/logo\\\/image\\\/\",\"url\":\"https:\\\/\\\/marktxxl.de\\\/markt\\\/wp-content\\\/uploads\\\/sites\\\/3\\\/2020\\\/12\\\/logo.png\",\"contentUrl\":\"https:\\\/\\\/marktxxl.de\\\/markt\\\/wp-content\\\/uploads\\\/sites\\\/3\\\/2020\\\/12\\\/logo.png\",\"width\":200,\"height\":70,\"caption\":\"Markt-XXL\"},\"image\":{\"@id\":\"https:\\\/\\\/marktxxl.de\\\/markt\\\/#\\\/schema\\\/logo\\\/image\\\/\"}}]}<\/script>\n<!-- \/ Yoast SEO plugin. -->","yoast_head_json":{"title":"Barbie Oversize Pullover Damen, Fleece Hoodie Damen Kapuzenpullover, Decken Hoodie - Markt-XXL","description":"Markt-XXL Barbie Oversize Pullover Damen, Fleece Hoodie Damen Kapuzenpullover, Decken Hoodie","robots":{"index":"index","follow":"follow","max-snippet":"max-snippet:-1","max-image-preview":"max-image-preview:large","max-video-preview":"max-video-preview:-1"},"canonical":"https:\/\/marktxxl.de\/markt\/produkt\/barbie-oversize-pullover-damen-fleece-hoodie-damen-kapuzenpullover-decken-hoodie\/","og_locale":"de_DE","og_type":"article","og_title":"Barbie Oversize Pullover Damen, Fleece Hoodie Damen Kapuzenpullover, Decken Hoodie - Markt-XXL","og_description":"Markt-XXL Barbie Oversize Pullover Damen, Fleece Hoodie Damen Kapuzenpullover, Decken Hoodie","og_url":"https:\/\/marktxxl.de\/markt\/produkt\/barbie-oversize-pullover-damen-fleece-hoodie-damen-kapuzenpullover-decken-hoodie\/","og_site_name":"Markt-XXL","article_modified_time":"2023-04-11T02:28:22+00:00","og_image":[{"width":333,"height":500,"url":"https:\/\/m.media-amazon.com\/images\/I\/3132L5ue3BL._SL500_.jpg","type":"image\/jpeg"}],"twitter_card":"summary_large_image","twitter_misc":{"Gesch\u00e4tzte Lesezeit":"1\u00a0Minute"},"schema":{"@context":"https:\/\/schema.org","@graph":[{"@type":"WebPage","@id":"https:\/\/marktxxl.de\/markt\/produkt\/barbie-oversize-pullover-damen-fleece-hoodie-damen-kapuzenpullover-decken-hoodie\/","url":"https:\/\/marktxxl.de\/markt\/produkt\/barbie-oversize-pullover-damen-fleece-hoodie-damen-kapuzenpullover-decken-hoodie\/","name":"Barbie Oversize Pullover Damen, Fleece Hoodie Damen Kapuzenpullover, Decken Hoodie - Markt-XXL","isPartOf":{"@id":"https:\/\/marktxxl.de\/markt\/#website"},"primaryImageOfPage":{"@id":"https:\/\/marktxxl.de\/markt\/produkt\/barbie-oversize-pullover-damen-fleece-hoodie-damen-kapuzenpullover-decken-hoodie\/#primaryimage"},"image":{"@id":"https:\/\/marktxxl.de\/markt\/produkt\/barbie-oversize-pullover-damen-fleece-hoodie-damen-kapuzenpullover-decken-hoodie\/#primaryimage"},"thumbnailUrl":"https:\/\/m.media-amazon.com\/images\/I\/3132L5ue3BL._SL500_.jpg","datePublished":"2022-09-12T00:32:10+00:00","dateModified":"2023-04-11T02:28:22+00:00","description":"Markt-XXL Barbie Oversize Pullover Damen, Fleece Hoodie Damen Kapuzenpullover, Decken Hoodie","breadcrumb":{"@id":"https:\/\/marktxxl.de\/markt\/produkt\/barbie-oversize-pullover-damen-fleece-hoodie-damen-kapuzenpullover-decken-hoodie\/#breadcrumb"},"inLanguage":"de","potentialAction":[{"@type":"ReadAction","target":["https:\/\/marktxxl.de\/markt\/produkt\/barbie-oversize-pullover-damen-fleece-hoodie-damen-kapuzenpullover-decken-hoodie\/"]}]},{"@type":"ImageObject","inLanguage":"de","@id":"https:\/\/marktxxl.de\/markt\/produkt\/barbie-oversize-pullover-damen-fleece-hoodie-damen-kapuzenpullover-decken-hoodie\/#primaryimage","url":"https:\/\/m.media-amazon.com\/images\/I\/3132L5ue3BL._SL500_.jpg","contentUrl":"https:\/\/m.media-amazon.com\/images\/I\/3132L5ue3BL._SL500_.jpg","width":333,"height":500},{"@type":"BreadcrumbList","@id":"https:\/\/marktxxl.de\/markt\/produkt\/barbie-oversize-pullover-damen-fleece-hoodie-damen-kapuzenpullover-decken-hoodie\/#breadcrumb","itemListElement":[{"@type":"ListItem","position":1,"name":"Startseite","item":"https:\/\/marktxxl.de\/markt\/"},{"@type":"ListItem","position":2,"name":"Markt","item":"https:\/\/marktxxl.de\/markt\/"},{"@type":"ListItem","position":3,"name":"Barbie Oversize Pullover Damen, Fleece Hoodie Damen Kapuzenpullover, Decken Hoodie"}]},{"@type":"WebSite","@id":"https:\/\/marktxxl.de\/markt\/#website","url":"https:\/\/marktxxl.de\/markt\/","name":"Markt-XXL","description":"Ihr Markt Online","publisher":{"@id":"https:\/\/marktxxl.de\/markt\/#organization"},"potentialAction":[{"@type":"SearchAction","target":{"@type":"EntryPoint","urlTemplate":"https:\/\/marktxxl.de\/markt\/?s={search_term_string}"},"query-input":{"@type":"PropertyValueSpecification","valueRequired":true,"valueName":"search_term_string"}}],"inLanguage":"de"},{"@type":"Organization","@id":"https:\/\/marktxxl.de\/markt\/#organization","name":"Markt-XXL","url":"https:\/\/marktxxl.de\/markt\/","logo":{"@type":"ImageObject","inLanguage":"de","@id":"https:\/\/marktxxl.de\/markt\/#\/schema\/logo\/image\/","url":"https:\/\/marktxxl.de\/markt\/wp-content\/uploads\/sites\/3\/2020\/12\/logo.png","contentUrl":"https:\/\/marktxxl.de\/markt\/wp-content\/uploads\/sites\/3\/2020\/12\/logo.png","width":200,"height":70,"caption":"Markt-XXL"},"image":{"@id":"https:\/\/marktxxl.de\/markt\/#\/schema\/logo\/image\/"}}]}},"_links":{"self":[{"href":"https:\/\/marktxxl.de\/markt\/wp-json\/wp\/v2\/product\/149074","targetHints":{"allow":["GET"]}}],"collection":[{"href":"https:\/\/marktxxl.de\/markt\/wp-json\/wp\/v2\/product"}],"about":[{"href":"https:\/\/marktxxl.de\/markt\/wp-json\/wp\/v2\/types\/product"}],"replies":[{"embeddable":true,"href":"https:\/\/marktxxl.de\/markt\/wp-json\/wp\/v2\/comments?post=149074"}],"wp:featuredmedia":[{"embeddable":true,"href":"https:\/\/marktxxl.de\/markt\/wp-json\/wp\/v2\/media\/149075"}],"wp:attachment":[{"href":"https:\/\/marktxxl.de\/markt\/wp-json\/wp\/v2\/media?parent=149074"}],"wp:term":[{"taxonomy":"product_brand","embeddable":true,"href":"https:\/\/marktxxl.de\/markt\/wp-json\/wp\/v2\/product_brand?post=149074"},{"taxonomy":"product_cat","embeddable":true,"href":"https:\/\/marktxxl.de\/markt\/wp-json\/wp\/v2\/product_cat?post=149074"},{"taxonomy":"product_tag","embeddable":true,"href":"https:\/\/marktxxl.de\/markt\/wp-json\/wp\/v2\/product_tag?post=149074"}],"curies":[{"name":"wp","href":"https:\/\/api.w.org\/{rel}","templated":true}]}}