{"id":149059,"date":"2022-09-12T02:31:51","date_gmt":"2022-09-12T00:31:51","guid":{"rendered":"https:\/\/marktxxl.de\/markt\/produkt\/stoic-store-uk-memento-mori-muenze-stoicism-momento-mori-stoic-coin-stoizismus-stoa-stoische-marc-aurel\/"},"modified":"2023-04-11T04:28:21","modified_gmt":"2023-04-11T02:28:21","slug":"stoic-store-uk-memento-mori-muenze-stoicism-momento-mori-stoic-coin-stoizismus-stoa-stoische-marc-aurel","status":"publish","type":"product","link":"https:\/\/marktxxl.de\/markt\/produkt\/stoic-store-uk-memento-mori-muenze-stoicism-momento-mori-stoic-coin-stoizismus-stoa-stoische-marc-aurel\/","title":{"rendered":"Stoic Store UK Memento Mori M\u00fcnze &#8211; Stoicism Momento Mori Stoic Coin &#8211; Stoizismus Stoa Stoische Marc Aurel"},"content":{"rendered":"<p>Memento Mori M\u00fcnze wurde entworfen, um den ganzen Tag \u00fcber getragen und beachtet zu werden. Ob Sie sie in Ihrer Jeanstasche, auf Ihrem Schreibtisch oder neben Ihrem Morgen- oder Abendjournal aufbewahren.<br \/>\nPerfekt f\u00fcr den praktizierenden Stoiker. T\u00e4gliche stoische Praxis, Tagebuchf\u00fchrung und Lekt\u00fcre sind der Schl\u00fcssel zur Verk\u00f6rperung und Anwendung der Philosophie des Stoizismus. Lassen Sie sich von dieser Momento Mori-M\u00fcnze dabei helfen, genau das zu tun.<br \/>\nDie \u00dcbung des Memento Mori (oder Momento Mori) ist der Schl\u00fcssel zu einem sinnvollen Leben und zur Beendigung der Sorge um die kleinen Dinge. Es ist eine der wichtigsten stoischen Meditationen und entscheidend f\u00fcr das t\u00e4gliche stoische Leben.<br \/>\nDie Essenz und Weisheit des Memento Mori wurde nicht nur vom Stoizismus und dem stoischen Kaiser Marcus Aurelius aufgegriffen, sondern auch im Christentum, im Buddhismus und sogar in der popul\u00e4ren unus annus-Bewegung.<br \/>\nPhysische Erinnerungen an die Philosophie sind der effektivste Weg, um sie in Ihr Leben zu integrieren. Diese M\u00fcnze zeigt das Konzept auf der Vorderseite in Latein und das Zitat auf der R\u00fcckseite in Englisch. Die M\u00fcnze ist 38mm im Durchmesser, 3mm in der Dicke.<br \/>\n<div class=\"main-cross-sell\" data-asin=\"B094NSNZWV\">\n\n\t<div class=\"WooZone-cross-sell-loader\">\n\t\t<div>\n\t\t\t<div id=\"floatingBarsG\">\n\t\t\t\t<div class=\"blockG\" id=\"rotateG_01\"><\/div>\n\t\t\t\t<div class=\"blockG\" id=\"rotateG_02\"><\/div>\n\t\t\t\t<div class=\"blockG\" id=\"rotateG_03\"><\/div>\n\t\t\t\t<div class=\"blockG\" id=\"rotateG_04\"><\/div>\n\t\t\t\t<div class=\"blockG\" id=\"rotateG_05\"><\/div>\n\t\t\t\t<div class=\"blockG\" id=\"rotateG_06\"><\/div>\n\t\t\t\t<div class=\"blockG\" id=\"rotateG_07\"><\/div>\n\t\t\t\t<div class=\"blockG\" id=\"rotateG_08\"><\/div>\n\t\t\t<\/div>\n\t\t\t<div class=\"WooZone-cross-sell-loader-text\"><\/div>\n\t\t<\/div>\n\t<\/div>\n\n\t\t\n<\/div>\n<div style=\"clear:both;\"><\/div><\/p>\n","protected":false},"excerpt":{"rendered":"<p>Memento Mori M\u00fcnze wurde entworfen, um den ganzen Tag \u00fcber getragen und beachtet zu werden. Ob Sie sie in Ihrer Jeanstasche, auf Ihrem Schreibtisch oder neben Ihrem Morgen- oder Abendjournal aufbewahren.<br \/>\nPerfekt f\u00fcr den praktizierenden Stoiker. T\u00e4gliche stoische Praxis, Tagebuchf\u00fchrung und Lekt\u00fcre sind der Schl\u00fcssel zur Verk\u00f6rperung und Anwendung der Philosophie des Stoizismus. Lassen Sie sich von dieser Momento Mori-M\u00fcnze dabei helfen, genau das zu tun.<br \/>\nDie \u00dcbung des Memento Mori (oder Momento Mori) ist der Schl\u00fcssel zu einem sinnvollen Leben und zur Beendigung der Sorge um die kleinen Dinge. Es ist eine der wichtigsten stoischen Meditationen und entscheidend f\u00fcr das t\u00e4gliche stoische Leben.<\/p>\n","protected":false},"featured_media":149060,"comment_status":"open","ping_status":"closed","template":"","meta":[],"product_brand":[],"product_cat":[1186,3920],"product_tag":[],"class_list":{"0":"post-149059","1":"product","2":"type-product","3":"status-publish","4":"has-post-thumbnail","6":"product_cat-bekleidung","7":"product_cat-damen","8":"pa_binding-haushaltswaren","9":"pa_brand-stoic-store-uk","10":"pa_color-bronze","11":"pa_manufacturer-stoic-store-uk","12":"pa_model-mm-coin","13":"pa_size-38mm-diameter-3mm-thickness","15":"first","16":"instock","17":"shipping-taxable","18":"purchasable","19":"product-type-simple","20":"customify-col","21":"product-has-gallery"},"yoast_head":"<!-- This site is optimized with the Yoast SEO plugin v27.3 - https:\/\/yoast.com\/product\/yoast-seo-wordpress\/ -->\n<title>Stoic Store UK Memento Mori M\u00fcnze - Stoicism Momento Mori Stoic Coin - Stoizismus Stoa Stoische Marc Aurel - Markt-XXL<\/title>\n<meta name=\"description\" content=\"Markt-XXL Stoic Store UK Memento Mori M\u00fcnze - Stoicism Momento Mori Stoic Coin - Stoizismus Stoa Stoische Marc Aurel\" \/>\n<meta name=\"robots\" content=\"index, follow, max-snippet:-1, max-image-preview:large, max-video-preview:-1\" \/>\n<link rel=\"canonical\" href=\"https:\/\/marktxxl.de\/markt\/produkt\/stoic-store-uk-memento-mori-muenze-stoicism-momento-mori-stoic-coin-stoizismus-stoa-stoische-marc-aurel\/\" \/>\n<meta property=\"og:locale\" content=\"de_DE\" \/>\n<meta property=\"og:type\" content=\"article\" \/>\n<meta property=\"og:title\" content=\"Stoic Store UK Memento Mori M\u00fcnze - Stoicism Momento Mori Stoic Coin - Stoizismus Stoa Stoische Marc Aurel - Markt-XXL\" \/>\n<meta property=\"og:description\" content=\"Markt-XXL Stoic Store UK Memento Mori M\u00fcnze - Stoicism Momento Mori Stoic Coin - Stoizismus Stoa Stoische Marc Aurel\" \/>\n<meta property=\"og:url\" content=\"https:\/\/marktxxl.de\/markt\/produkt\/stoic-store-uk-memento-mori-muenze-stoicism-momento-mori-stoic-coin-stoizismus-stoa-stoische-marc-aurel\/\" \/>\n<meta property=\"og:site_name\" content=\"Markt-XXL\" \/>\n<meta property=\"article:modified_time\" content=\"2023-04-11T02:28:21+00:00\" \/>\n<meta property=\"og:image\" content=\"https:\/\/m.media-amazon.com\/images\/I\/4198IzT9mYL._SL500_.jpg\" \/>\n\t<meta property=\"og:image:width\" content=\"500\" \/>\n\t<meta property=\"og:image:height\" content=\"399\" \/>\n\t<meta property=\"og:image:type\" content=\"image\/jpeg\" \/>\n<meta name=\"twitter:card\" content=\"summary_large_image\" \/>\n<meta name=\"twitter:label1\" content=\"Gesch\u00e4tzte Lesezeit\" \/>\n\t<meta name=\"twitter:data1\" content=\"1\u00a0Minute\" \/>\n<script type=\"application\/ld+json\" class=\"yoast-schema-graph\">{\"@context\":\"https:\\\/\\\/schema.org\",\"@graph\":[{\"@type\":\"WebPage\",\"@id\":\"https:\\\/\\\/marktxxl.de\\\/markt\\\/produkt\\\/stoic-store-uk-memento-mori-muenze-stoicism-momento-mori-stoic-coin-stoizismus-stoa-stoische-marc-aurel\\\/\",\"url\":\"https:\\\/\\\/marktxxl.de\\\/markt\\\/produkt\\\/stoic-store-uk-memento-mori-muenze-stoicism-momento-mori-stoic-coin-stoizismus-stoa-stoische-marc-aurel\\\/\",\"name\":\"Stoic Store UK Memento Mori M\u00fcnze - Stoicism Momento Mori Stoic Coin - Stoizismus Stoa Stoische Marc Aurel - Markt-XXL\",\"isPartOf\":{\"@id\":\"https:\\\/\\\/marktxxl.de\\\/markt\\\/#website\"},\"primaryImageOfPage\":{\"@id\":\"https:\\\/\\\/marktxxl.de\\\/markt\\\/produkt\\\/stoic-store-uk-memento-mori-muenze-stoicism-momento-mori-stoic-coin-stoizismus-stoa-stoische-marc-aurel\\\/#primaryimage\"},\"image\":{\"@id\":\"https:\\\/\\\/marktxxl.de\\\/markt\\\/produkt\\\/stoic-store-uk-memento-mori-muenze-stoicism-momento-mori-stoic-coin-stoizismus-stoa-stoische-marc-aurel\\\/#primaryimage\"},\"thumbnailUrl\":\"https:\\\/\\\/m.media-amazon.com\\\/images\\\/I\\\/4198IzT9mYL._SL500_.jpg\",\"datePublished\":\"2022-09-12T00:31:51+00:00\",\"dateModified\":\"2023-04-11T02:28:21+00:00\",\"description\":\"Markt-XXL Stoic Store UK Memento Mori M\u00fcnze - Stoicism Momento Mori Stoic Coin - Stoizismus Stoa Stoische Marc Aurel\",\"breadcrumb\":{\"@id\":\"https:\\\/\\\/marktxxl.de\\\/markt\\\/produkt\\\/stoic-store-uk-memento-mori-muenze-stoicism-momento-mori-stoic-coin-stoizismus-stoa-stoische-marc-aurel\\\/#breadcrumb\"},\"inLanguage\":\"de\",\"potentialAction\":[{\"@type\":\"ReadAction\",\"target\":[\"https:\\\/\\\/marktxxl.de\\\/markt\\\/produkt\\\/stoic-store-uk-memento-mori-muenze-stoicism-momento-mori-stoic-coin-stoizismus-stoa-stoische-marc-aurel\\\/\"]}]},{\"@type\":\"ImageObject\",\"inLanguage\":\"de\",\"@id\":\"https:\\\/\\\/marktxxl.de\\\/markt\\\/produkt\\\/stoic-store-uk-memento-mori-muenze-stoicism-momento-mori-stoic-coin-stoizismus-stoa-stoische-marc-aurel\\\/#primaryimage\",\"url\":\"https:\\\/\\\/m.media-amazon.com\\\/images\\\/I\\\/4198IzT9mYL._SL500_.jpg\",\"contentUrl\":\"https:\\\/\\\/m.media-amazon.com\\\/images\\\/I\\\/4198IzT9mYL._SL500_.jpg\",\"width\":500,\"height\":399},{\"@type\":\"BreadcrumbList\",\"@id\":\"https:\\\/\\\/marktxxl.de\\\/markt\\\/produkt\\\/stoic-store-uk-memento-mori-muenze-stoicism-momento-mori-stoic-coin-stoizismus-stoa-stoische-marc-aurel\\\/#breadcrumb\",\"itemListElement\":[{\"@type\":\"ListItem\",\"position\":1,\"name\":\"Startseite\",\"item\":\"https:\\\/\\\/marktxxl.de\\\/markt\\\/\"},{\"@type\":\"ListItem\",\"position\":2,\"name\":\"Markt\",\"item\":\"https:\\\/\\\/marktxxl.de\\\/markt\\\/\"},{\"@type\":\"ListItem\",\"position\":3,\"name\":\"Stoic Store UK Memento Mori M\u00fcnze &#8211; Stoicism Momento Mori Stoic Coin &#8211; Stoizismus Stoa Stoische Marc Aurel\"}]},{\"@type\":\"WebSite\",\"@id\":\"https:\\\/\\\/marktxxl.de\\\/markt\\\/#website\",\"url\":\"https:\\\/\\\/marktxxl.de\\\/markt\\\/\",\"name\":\"Markt-XXL\",\"description\":\"Ihr Markt Online\",\"publisher\":{\"@id\":\"https:\\\/\\\/marktxxl.de\\\/markt\\\/#organization\"},\"potentialAction\":[{\"@type\":\"SearchAction\",\"target\":{\"@type\":\"EntryPoint\",\"urlTemplate\":\"https:\\\/\\\/marktxxl.de\\\/markt\\\/?s={search_term_string}\"},\"query-input\":{\"@type\":\"PropertyValueSpecification\",\"valueRequired\":true,\"valueName\":\"search_term_string\"}}],\"inLanguage\":\"de\"},{\"@type\":\"Organization\",\"@id\":\"https:\\\/\\\/marktxxl.de\\\/markt\\\/#organization\",\"name\":\"Markt-XXL\",\"url\":\"https:\\\/\\\/marktxxl.de\\\/markt\\\/\",\"logo\":{\"@type\":\"ImageObject\",\"inLanguage\":\"de\",\"@id\":\"https:\\\/\\\/marktxxl.de\\\/markt\\\/#\\\/schema\\\/logo\\\/image\\\/\",\"url\":\"https:\\\/\\\/marktxxl.de\\\/markt\\\/wp-content\\\/uploads\\\/sites\\\/3\\\/2020\\\/12\\\/logo.png\",\"contentUrl\":\"https:\\\/\\\/marktxxl.de\\\/markt\\\/wp-content\\\/uploads\\\/sites\\\/3\\\/2020\\\/12\\\/logo.png\",\"width\":200,\"height\":70,\"caption\":\"Markt-XXL\"},\"image\":{\"@id\":\"https:\\\/\\\/marktxxl.de\\\/markt\\\/#\\\/schema\\\/logo\\\/image\\\/\"}}]}<\/script>\n<!-- \/ Yoast SEO plugin. -->","yoast_head_json":{"title":"Stoic Store UK Memento Mori M\u00fcnze - Stoicism Momento Mori Stoic Coin - Stoizismus Stoa Stoische Marc Aurel - Markt-XXL","description":"Markt-XXL Stoic Store UK Memento Mori M\u00fcnze - Stoicism Momento Mori Stoic Coin - Stoizismus Stoa Stoische Marc Aurel","robots":{"index":"index","follow":"follow","max-snippet":"max-snippet:-1","max-image-preview":"max-image-preview:large","max-video-preview":"max-video-preview:-1"},"canonical":"https:\/\/marktxxl.de\/markt\/produkt\/stoic-store-uk-memento-mori-muenze-stoicism-momento-mori-stoic-coin-stoizismus-stoa-stoische-marc-aurel\/","og_locale":"de_DE","og_type":"article","og_title":"Stoic Store UK Memento Mori M\u00fcnze - Stoicism Momento Mori Stoic Coin - Stoizismus Stoa Stoische Marc Aurel - Markt-XXL","og_description":"Markt-XXL Stoic Store UK Memento Mori M\u00fcnze - Stoicism Momento Mori Stoic Coin - Stoizismus Stoa Stoische Marc Aurel","og_url":"https:\/\/marktxxl.de\/markt\/produkt\/stoic-store-uk-memento-mori-muenze-stoicism-momento-mori-stoic-coin-stoizismus-stoa-stoische-marc-aurel\/","og_site_name":"Markt-XXL","article_modified_time":"2023-04-11T02:28:21+00:00","og_image":[{"width":500,"height":399,"url":"https:\/\/m.media-amazon.com\/images\/I\/4198IzT9mYL._SL500_.jpg","type":"image\/jpeg"}],"twitter_card":"summary_large_image","twitter_misc":{"Gesch\u00e4tzte Lesezeit":"1\u00a0Minute"},"schema":{"@context":"https:\/\/schema.org","@graph":[{"@type":"WebPage","@id":"https:\/\/marktxxl.de\/markt\/produkt\/stoic-store-uk-memento-mori-muenze-stoicism-momento-mori-stoic-coin-stoizismus-stoa-stoische-marc-aurel\/","url":"https:\/\/marktxxl.de\/markt\/produkt\/stoic-store-uk-memento-mori-muenze-stoicism-momento-mori-stoic-coin-stoizismus-stoa-stoische-marc-aurel\/","name":"Stoic Store UK Memento Mori M\u00fcnze - Stoicism Momento Mori Stoic Coin - Stoizismus Stoa Stoische Marc Aurel - Markt-XXL","isPartOf":{"@id":"https:\/\/marktxxl.de\/markt\/#website"},"primaryImageOfPage":{"@id":"https:\/\/marktxxl.de\/markt\/produkt\/stoic-store-uk-memento-mori-muenze-stoicism-momento-mori-stoic-coin-stoizismus-stoa-stoische-marc-aurel\/#primaryimage"},"image":{"@id":"https:\/\/marktxxl.de\/markt\/produkt\/stoic-store-uk-memento-mori-muenze-stoicism-momento-mori-stoic-coin-stoizismus-stoa-stoische-marc-aurel\/#primaryimage"},"thumbnailUrl":"https:\/\/m.media-amazon.com\/images\/I\/4198IzT9mYL._SL500_.jpg","datePublished":"2022-09-12T00:31:51+00:00","dateModified":"2023-04-11T02:28:21+00:00","description":"Markt-XXL Stoic Store UK Memento Mori M\u00fcnze - Stoicism Momento Mori Stoic Coin - Stoizismus Stoa Stoische Marc Aurel","breadcrumb":{"@id":"https:\/\/marktxxl.de\/markt\/produkt\/stoic-store-uk-memento-mori-muenze-stoicism-momento-mori-stoic-coin-stoizismus-stoa-stoische-marc-aurel\/#breadcrumb"},"inLanguage":"de","potentialAction":[{"@type":"ReadAction","target":["https:\/\/marktxxl.de\/markt\/produkt\/stoic-store-uk-memento-mori-muenze-stoicism-momento-mori-stoic-coin-stoizismus-stoa-stoische-marc-aurel\/"]}]},{"@type":"ImageObject","inLanguage":"de","@id":"https:\/\/marktxxl.de\/markt\/produkt\/stoic-store-uk-memento-mori-muenze-stoicism-momento-mori-stoic-coin-stoizismus-stoa-stoische-marc-aurel\/#primaryimage","url":"https:\/\/m.media-amazon.com\/images\/I\/4198IzT9mYL._SL500_.jpg","contentUrl":"https:\/\/m.media-amazon.com\/images\/I\/4198IzT9mYL._SL500_.jpg","width":500,"height":399},{"@type":"BreadcrumbList","@id":"https:\/\/marktxxl.de\/markt\/produkt\/stoic-store-uk-memento-mori-muenze-stoicism-momento-mori-stoic-coin-stoizismus-stoa-stoische-marc-aurel\/#breadcrumb","itemListElement":[{"@type":"ListItem","position":1,"name":"Startseite","item":"https:\/\/marktxxl.de\/markt\/"},{"@type":"ListItem","position":2,"name":"Markt","item":"https:\/\/marktxxl.de\/markt\/"},{"@type":"ListItem","position":3,"name":"Stoic Store UK Memento Mori M\u00fcnze &#8211; Stoicism Momento Mori Stoic Coin &#8211; Stoizismus Stoa Stoische Marc Aurel"}]},{"@type":"WebSite","@id":"https:\/\/marktxxl.de\/markt\/#website","url":"https:\/\/marktxxl.de\/markt\/","name":"Markt-XXL","description":"Ihr Markt Online","publisher":{"@id":"https:\/\/marktxxl.de\/markt\/#organization"},"potentialAction":[{"@type":"SearchAction","target":{"@type":"EntryPoint","urlTemplate":"https:\/\/marktxxl.de\/markt\/?s={search_term_string}"},"query-input":{"@type":"PropertyValueSpecification","valueRequired":true,"valueName":"search_term_string"}}],"inLanguage":"de"},{"@type":"Organization","@id":"https:\/\/marktxxl.de\/markt\/#organization","name":"Markt-XXL","url":"https:\/\/marktxxl.de\/markt\/","logo":{"@type":"ImageObject","inLanguage":"de","@id":"https:\/\/marktxxl.de\/markt\/#\/schema\/logo\/image\/","url":"https:\/\/marktxxl.de\/markt\/wp-content\/uploads\/sites\/3\/2020\/12\/logo.png","contentUrl":"https:\/\/marktxxl.de\/markt\/wp-content\/uploads\/sites\/3\/2020\/12\/logo.png","width":200,"height":70,"caption":"Markt-XXL"},"image":{"@id":"https:\/\/marktxxl.de\/markt\/#\/schema\/logo\/image\/"}}]}},"_links":{"self":[{"href":"https:\/\/marktxxl.de\/markt\/wp-json\/wp\/v2\/product\/149059","targetHints":{"allow":["GET"]}}],"collection":[{"href":"https:\/\/marktxxl.de\/markt\/wp-json\/wp\/v2\/product"}],"about":[{"href":"https:\/\/marktxxl.de\/markt\/wp-json\/wp\/v2\/types\/product"}],"replies":[{"embeddable":true,"href":"https:\/\/marktxxl.de\/markt\/wp-json\/wp\/v2\/comments?post=149059"}],"wp:featuredmedia":[{"embeddable":true,"href":"https:\/\/marktxxl.de\/markt\/wp-json\/wp\/v2\/media\/149060"}],"wp:attachment":[{"href":"https:\/\/marktxxl.de\/markt\/wp-json\/wp\/v2\/media?parent=149059"}],"wp:term":[{"taxonomy":"product_brand","embeddable":true,"href":"https:\/\/marktxxl.de\/markt\/wp-json\/wp\/v2\/product_brand?post=149059"},{"taxonomy":"product_cat","embeddable":true,"href":"https:\/\/marktxxl.de\/markt\/wp-json\/wp\/v2\/product_cat?post=149059"},{"taxonomy":"product_tag","embeddable":true,"href":"https:\/\/marktxxl.de\/markt\/wp-json\/wp\/v2\/product_tag?post=149059"}],"curies":[{"name":"wp","href":"https:\/\/api.w.org\/{rel}","templated":true}]}}