{"id":148953,"date":"2022-09-12T02:14:28","date_gmt":"2022-09-12T00:14:28","guid":{"rendered":"https:\/\/marktxxl.de\/markt\/produkt\/jukmo-taktischer-guertel-2er-militaer-wandern-38cm-arbeit-guertel-mit-schwere-schnellverschluss-schnalle\/"},"modified":"2023-04-11T04:28:20","modified_gmt":"2023-04-11T02:28:20","slug":"jukmo-taktischer-guertel-2er-militaer-wandern-38cm-arbeit-guertel-mit-schwere-schnellverschluss-schnalle","status":"publish","type":"product","link":"https:\/\/marktxxl.de\/markt\/produkt\/jukmo-taktischer-guertel-2er-militaer-wandern-38cm-arbeit-guertel-mit-schwere-schnellverschluss-schnalle\/","title":{"rendered":"JUKMO Taktischer G\u00fcrtel, 2er Milit\u00e4r Wandern 3,8cm Arbeit G\u00fcrtel mit Schwere Schnellverschluss Schnalle"},"content":{"rendered":"<p>Schnellverschluss-Schnalle: Die handgefertigte robuste Schnalle aus Aluminiumlegierung hat eine sehr starke Tragf\u00e4higkeit, die Ihren unterschiedlichen Trageanforderungen gerecht werden kann. Das verbesserte Teil ist, dass es bequemer ist, die L\u00e4nge zu verstellen, um die perfekte Passform mehr zu erhalten, als Sie sich vorstellen k\u00f6nnen. Wenn Sie intuitiver verstehen m\u00f6chten, wie Sie bequemer sind, k\u00f6nnen Sie unser kurzes taktisches Video ansehen.<br \/>\nHochwertiges, dehnbares Nylon: Wir wollen das Band dehnen. Der Gurt besteht aus speziellem Stretchmaterial, das stabiler ist als herk\u00f6mmliche G\u00fcrtel. Dar\u00fcber hinaus ist es sehr robust und dehnbar, wodurch Ihre Taille bequemer ist und eng bleibt, wenn Sie eine Vielzahl von Aktivit\u00e4ten machen. Jeder, der \u00fcber einen l\u00e4ngeren Zeitraum k\u00f6rperliche Aktivit\u00e4ten aus\u00fcbt, wird den taktischen G\u00fcrtel optimal nutzen.<br \/>\nF\u00fcr besondere Sie: Unser solider G\u00fcrtel passt f\u00fcr Milit\u00e4r, SWAT, Feuerwehrleute, Arbeit, Sport und andere taktische Benutzer. Jeder, der jede Aktivit\u00e4t unternehmen muss, wird mit dem G\u00fcrtel harmonieren.<br \/>\nAls Geschenk: Unser aufw\u00e4ndiger G\u00fcrtel wird in einer eleganten Geschenkbox geliefert, damit Sie Ihren Liebsten oder sich selbst verschenken k\u00f6nnen.<br \/>\nEinkaufsgarantie: Wenn Sie nach dem Kauf des G\u00fcrtels Probleme haben, z\u00f6gern Sie nicht, uns zu kontaktieren. Wir versprechen, Ihnen 100% Zufriedenheitsgarantie zu bieten.<br \/>\n<div class=\"main-cross-sell\" data-asin=\"B098G971XL\">\n\n\t<div class=\"WooZone-cross-sell-loader\">\n\t\t<div>\n\t\t\t<div id=\"floatingBarsG\">\n\t\t\t\t<div class=\"blockG\" id=\"rotateG_01\"><\/div>\n\t\t\t\t<div class=\"blockG\" id=\"rotateG_02\"><\/div>\n\t\t\t\t<div class=\"blockG\" id=\"rotateG_03\"><\/div>\n\t\t\t\t<div class=\"blockG\" id=\"rotateG_04\"><\/div>\n\t\t\t\t<div class=\"blockG\" id=\"rotateG_05\"><\/div>\n\t\t\t\t<div class=\"blockG\" id=\"rotateG_06\"><\/div>\n\t\t\t\t<div class=\"blockG\" id=\"rotateG_07\"><\/div>\n\t\t\t\t<div class=\"blockG\" id=\"rotateG_08\"><\/div>\n\t\t\t<\/div>\n\t\t\t<div class=\"WooZone-cross-sell-loader-text\"><\/div>\n\t\t<\/div>\n\t<\/div>\n\n\t\t\n<\/div>\n<div style=\"clear:both;\"><\/div><\/p>\n","protected":false},"excerpt":{"rendered":"<p>Schnellverschluss-Schnalle: Die handgefertigte robuste Schnalle aus Aluminiumlegierung hat eine sehr starke Tragf\u00e4higkeit, die Ihren unterschiedlichen Trageanforderungen gerecht werden kann. Das verbesserte Teil ist, dass es bequemer ist, die L\u00e4nge zu verstellen, um die perfekte Passform mehr zu erhalten, als Sie sich vorstellen k\u00f6nnen. Wenn Sie intuitiver verstehen m\u00f6chten, wie Sie bequemer sind, k\u00f6nnen Sie unser kurzes taktisches Video ansehen.<br \/>\nHochwertiges, dehnbares Nylon: Wir wollen das Band dehnen. Der Gurt besteht aus speziellem Stretchmaterial, das stabiler ist als herk\u00f6mmliche G\u00fcrtel. Dar\u00fcber hinaus ist es sehr robust und dehnbar, wodurch Ihre Taille bequemer ist und eng bleibt, wenn Sie eine Vielzahl von Aktivit\u00e4ten machen. Jeder, der \u00fcber einen l\u00e4ngeren Zeitraum k\u00f6rperliche Aktivit\u00e4ten aus\u00fcbt, wird den taktischen G\u00fcrtel optimal nutzen.<br \/>\nF\u00fcr besondere Sie: Unser solider G\u00fcrtel passt f\u00fcr Milit\u00e4r, SWAT, Feuerwehrleute, Arbeit, Sport und andere taktische Benutzer. Jeder, der jede Aktivit\u00e4t unternehmen muss, wird mit dem G\u00fcrtel harmonieren.<\/p>\n","protected":false},"featured_media":148954,"comment_status":"open","ping_status":"closed","template":"","meta":[],"product_brand":[],"product_cat":[1186],"product_tag":[],"class_list":{"0":"post-148953","1":"product","2":"type-product","3":"status-publish","4":"has-post-thumbnail","6":"product_cat-bekleidung","7":"pa_brand-jukmo","9":"first","10":"instock","11":"shipping-taxable","12":"purchasable","13":"product-type-simple","14":"customify-col","15":"product-has-gallery"},"yoast_head":"<!-- This site is optimized with the Yoast SEO plugin v27.4 - https:\/\/yoast.com\/product\/yoast-seo-wordpress\/ -->\n<title>JUKMO Taktischer G\u00fcrtel, 2er Milit\u00e4r Wandern 3,8cm Arbeit G\u00fcrtel mit Schwere Schnellverschluss Schnalle - Markt-XXL<\/title>\n<meta name=\"description\" content=\"Markt-XXL JUKMO Taktischer G\u00fcrtel, 2er Milit\u00e4r Wandern 3,8cm Arbeit G\u00fcrtel mit Schwere Schnellverschluss Schnalle\" \/>\n<meta name=\"robots\" content=\"index, follow, max-snippet:-1, max-image-preview:large, max-video-preview:-1\" \/>\n<link rel=\"canonical\" href=\"https:\/\/marktxxl.de\/markt\/produkt\/jukmo-taktischer-guertel-2er-militaer-wandern-38cm-arbeit-guertel-mit-schwere-schnellverschluss-schnalle\/\" \/>\n<meta property=\"og:locale\" content=\"de_DE\" \/>\n<meta property=\"og:type\" content=\"article\" \/>\n<meta property=\"og:title\" content=\"JUKMO Taktischer G\u00fcrtel, 2er Milit\u00e4r Wandern 3,8cm Arbeit G\u00fcrtel mit Schwere Schnellverschluss Schnalle - Markt-XXL\" \/>\n<meta property=\"og:description\" content=\"Markt-XXL JUKMO Taktischer G\u00fcrtel, 2er Milit\u00e4r Wandern 3,8cm Arbeit G\u00fcrtel mit Schwere Schnellverschluss Schnalle\" \/>\n<meta property=\"og:url\" content=\"https:\/\/marktxxl.de\/markt\/produkt\/jukmo-taktischer-guertel-2er-militaer-wandern-38cm-arbeit-guertel-mit-schwere-schnellverschluss-schnalle\/\" \/>\n<meta property=\"og:site_name\" content=\"Markt-XXL\" \/>\n<meta property=\"article:modified_time\" content=\"2023-04-11T02:28:20+00:00\" \/>\n<meta property=\"og:image\" content=\"https:\/\/m.media-amazon.com\/images\/I\/51kYsxny1XS._SL500_.jpg\" \/>\n\t<meta property=\"og:image:width\" content=\"500\" \/>\n\t<meta property=\"og:image:height\" content=\"500\" \/>\n\t<meta property=\"og:image:type\" content=\"image\/jpeg\" \/>\n<meta name=\"twitter:card\" content=\"summary_large_image\" \/>\n<meta name=\"twitter:label1\" content=\"Gesch\u00e4tzte Lesezeit\" \/>\n\t<meta name=\"twitter:data1\" content=\"1\u00a0Minute\" \/>\n<script type=\"application\/ld+json\" class=\"yoast-schema-graph\">{\"@context\":\"https:\\\/\\\/schema.org\",\"@graph\":[{\"@type\":\"WebPage\",\"@id\":\"https:\\\/\\\/marktxxl.de\\\/markt\\\/produkt\\\/jukmo-taktischer-guertel-2er-militaer-wandern-38cm-arbeit-guertel-mit-schwere-schnellverschluss-schnalle\\\/\",\"url\":\"https:\\\/\\\/marktxxl.de\\\/markt\\\/produkt\\\/jukmo-taktischer-guertel-2er-militaer-wandern-38cm-arbeit-guertel-mit-schwere-schnellverschluss-schnalle\\\/\",\"name\":\"JUKMO Taktischer G\u00fcrtel, 2er Milit\u00e4r Wandern 3,8cm Arbeit G\u00fcrtel mit Schwere Schnellverschluss Schnalle - Markt-XXL\",\"isPartOf\":{\"@id\":\"https:\\\/\\\/marktxxl.de\\\/markt\\\/#website\"},\"primaryImageOfPage\":{\"@id\":\"https:\\\/\\\/marktxxl.de\\\/markt\\\/produkt\\\/jukmo-taktischer-guertel-2er-militaer-wandern-38cm-arbeit-guertel-mit-schwere-schnellverschluss-schnalle\\\/#primaryimage\"},\"image\":{\"@id\":\"https:\\\/\\\/marktxxl.de\\\/markt\\\/produkt\\\/jukmo-taktischer-guertel-2er-militaer-wandern-38cm-arbeit-guertel-mit-schwere-schnellverschluss-schnalle\\\/#primaryimage\"},\"thumbnailUrl\":\"https:\\\/\\\/m.media-amazon.com\\\/images\\\/I\\\/51kYsxny1XS._SL500_.jpg\",\"datePublished\":\"2022-09-12T00:14:28+00:00\",\"dateModified\":\"2023-04-11T02:28:20+00:00\",\"description\":\"Markt-XXL JUKMO Taktischer G\u00fcrtel, 2er Milit\u00e4r Wandern 3,8cm Arbeit G\u00fcrtel mit Schwere Schnellverschluss Schnalle\",\"breadcrumb\":{\"@id\":\"https:\\\/\\\/marktxxl.de\\\/markt\\\/produkt\\\/jukmo-taktischer-guertel-2er-militaer-wandern-38cm-arbeit-guertel-mit-schwere-schnellverschluss-schnalle\\\/#breadcrumb\"},\"inLanguage\":\"de\",\"potentialAction\":[{\"@type\":\"ReadAction\",\"target\":[\"https:\\\/\\\/marktxxl.de\\\/markt\\\/produkt\\\/jukmo-taktischer-guertel-2er-militaer-wandern-38cm-arbeit-guertel-mit-schwere-schnellverschluss-schnalle\\\/\"]}]},{\"@type\":\"ImageObject\",\"inLanguage\":\"de\",\"@id\":\"https:\\\/\\\/marktxxl.de\\\/markt\\\/produkt\\\/jukmo-taktischer-guertel-2er-militaer-wandern-38cm-arbeit-guertel-mit-schwere-schnellverschluss-schnalle\\\/#primaryimage\",\"url\":\"https:\\\/\\\/m.media-amazon.com\\\/images\\\/I\\\/51kYsxny1XS._SL500_.jpg\",\"contentUrl\":\"https:\\\/\\\/m.media-amazon.com\\\/images\\\/I\\\/51kYsxny1XS._SL500_.jpg\",\"width\":500,\"height\":500},{\"@type\":\"BreadcrumbList\",\"@id\":\"https:\\\/\\\/marktxxl.de\\\/markt\\\/produkt\\\/jukmo-taktischer-guertel-2er-militaer-wandern-38cm-arbeit-guertel-mit-schwere-schnellverschluss-schnalle\\\/#breadcrumb\",\"itemListElement\":[{\"@type\":\"ListItem\",\"position\":1,\"name\":\"Startseite\",\"item\":\"https:\\\/\\\/marktxxl.de\\\/markt\\\/\"},{\"@type\":\"ListItem\",\"position\":2,\"name\":\"Markt\",\"item\":\"https:\\\/\\\/marktxxl.de\\\/markt\\\/\"},{\"@type\":\"ListItem\",\"position\":3,\"name\":\"JUKMO Taktischer G\u00fcrtel, 2er Milit\u00e4r Wandern 3,8cm Arbeit G\u00fcrtel mit Schwere Schnellverschluss Schnalle\"}]},{\"@type\":\"WebSite\",\"@id\":\"https:\\\/\\\/marktxxl.de\\\/markt\\\/#website\",\"url\":\"https:\\\/\\\/marktxxl.de\\\/markt\\\/\",\"name\":\"Markt-XXL\",\"description\":\"Ihr Markt Online\",\"publisher\":{\"@id\":\"https:\\\/\\\/marktxxl.de\\\/markt\\\/#organization\"},\"potentialAction\":[{\"@type\":\"SearchAction\",\"target\":{\"@type\":\"EntryPoint\",\"urlTemplate\":\"https:\\\/\\\/marktxxl.de\\\/markt\\\/?s={search_term_string}\"},\"query-input\":{\"@type\":\"PropertyValueSpecification\",\"valueRequired\":true,\"valueName\":\"search_term_string\"}}],\"inLanguage\":\"de\"},{\"@type\":\"Organization\",\"@id\":\"https:\\\/\\\/marktxxl.de\\\/markt\\\/#organization\",\"name\":\"Markt-XXL\",\"url\":\"https:\\\/\\\/marktxxl.de\\\/markt\\\/\",\"logo\":{\"@type\":\"ImageObject\",\"inLanguage\":\"de\",\"@id\":\"https:\\\/\\\/marktxxl.de\\\/markt\\\/#\\\/schema\\\/logo\\\/image\\\/\",\"url\":\"https:\\\/\\\/marktxxl.de\\\/markt\\\/wp-content\\\/uploads\\\/sites\\\/3\\\/2020\\\/12\\\/logo.png\",\"contentUrl\":\"https:\\\/\\\/marktxxl.de\\\/markt\\\/wp-content\\\/uploads\\\/sites\\\/3\\\/2020\\\/12\\\/logo.png\",\"width\":200,\"height\":70,\"caption\":\"Markt-XXL\"},\"image\":{\"@id\":\"https:\\\/\\\/marktxxl.de\\\/markt\\\/#\\\/schema\\\/logo\\\/image\\\/\"}}]}<\/script>\n<!-- \/ Yoast SEO plugin. -->","yoast_head_json":{"title":"JUKMO Taktischer G\u00fcrtel, 2er Milit\u00e4r Wandern 3,8cm Arbeit G\u00fcrtel mit Schwere Schnellverschluss Schnalle - Markt-XXL","description":"Markt-XXL JUKMO Taktischer G\u00fcrtel, 2er Milit\u00e4r Wandern 3,8cm Arbeit G\u00fcrtel mit Schwere Schnellverschluss Schnalle","robots":{"index":"index","follow":"follow","max-snippet":"max-snippet:-1","max-image-preview":"max-image-preview:large","max-video-preview":"max-video-preview:-1"},"canonical":"https:\/\/marktxxl.de\/markt\/produkt\/jukmo-taktischer-guertel-2er-militaer-wandern-38cm-arbeit-guertel-mit-schwere-schnellverschluss-schnalle\/","og_locale":"de_DE","og_type":"article","og_title":"JUKMO Taktischer G\u00fcrtel, 2er Milit\u00e4r Wandern 3,8cm Arbeit G\u00fcrtel mit Schwere Schnellverschluss Schnalle - Markt-XXL","og_description":"Markt-XXL JUKMO Taktischer G\u00fcrtel, 2er Milit\u00e4r Wandern 3,8cm Arbeit G\u00fcrtel mit Schwere Schnellverschluss Schnalle","og_url":"https:\/\/marktxxl.de\/markt\/produkt\/jukmo-taktischer-guertel-2er-militaer-wandern-38cm-arbeit-guertel-mit-schwere-schnellverschluss-schnalle\/","og_site_name":"Markt-XXL","article_modified_time":"2023-04-11T02:28:20+00:00","og_image":[{"width":500,"height":500,"url":"https:\/\/m.media-amazon.com\/images\/I\/51kYsxny1XS._SL500_.jpg","type":"image\/jpeg"}],"twitter_card":"summary_large_image","twitter_misc":{"Gesch\u00e4tzte Lesezeit":"1\u00a0Minute"},"schema":{"@context":"https:\/\/schema.org","@graph":[{"@type":"WebPage","@id":"https:\/\/marktxxl.de\/markt\/produkt\/jukmo-taktischer-guertel-2er-militaer-wandern-38cm-arbeit-guertel-mit-schwere-schnellverschluss-schnalle\/","url":"https:\/\/marktxxl.de\/markt\/produkt\/jukmo-taktischer-guertel-2er-militaer-wandern-38cm-arbeit-guertel-mit-schwere-schnellverschluss-schnalle\/","name":"JUKMO Taktischer G\u00fcrtel, 2er Milit\u00e4r Wandern 3,8cm Arbeit G\u00fcrtel mit Schwere Schnellverschluss Schnalle - Markt-XXL","isPartOf":{"@id":"https:\/\/marktxxl.de\/markt\/#website"},"primaryImageOfPage":{"@id":"https:\/\/marktxxl.de\/markt\/produkt\/jukmo-taktischer-guertel-2er-militaer-wandern-38cm-arbeit-guertel-mit-schwere-schnellverschluss-schnalle\/#primaryimage"},"image":{"@id":"https:\/\/marktxxl.de\/markt\/produkt\/jukmo-taktischer-guertel-2er-militaer-wandern-38cm-arbeit-guertel-mit-schwere-schnellverschluss-schnalle\/#primaryimage"},"thumbnailUrl":"https:\/\/m.media-amazon.com\/images\/I\/51kYsxny1XS._SL500_.jpg","datePublished":"2022-09-12T00:14:28+00:00","dateModified":"2023-04-11T02:28:20+00:00","description":"Markt-XXL JUKMO Taktischer G\u00fcrtel, 2er Milit\u00e4r Wandern 3,8cm Arbeit G\u00fcrtel mit Schwere Schnellverschluss Schnalle","breadcrumb":{"@id":"https:\/\/marktxxl.de\/markt\/produkt\/jukmo-taktischer-guertel-2er-militaer-wandern-38cm-arbeit-guertel-mit-schwere-schnellverschluss-schnalle\/#breadcrumb"},"inLanguage":"de","potentialAction":[{"@type":"ReadAction","target":["https:\/\/marktxxl.de\/markt\/produkt\/jukmo-taktischer-guertel-2er-militaer-wandern-38cm-arbeit-guertel-mit-schwere-schnellverschluss-schnalle\/"]}]},{"@type":"ImageObject","inLanguage":"de","@id":"https:\/\/marktxxl.de\/markt\/produkt\/jukmo-taktischer-guertel-2er-militaer-wandern-38cm-arbeit-guertel-mit-schwere-schnellverschluss-schnalle\/#primaryimage","url":"https:\/\/m.media-amazon.com\/images\/I\/51kYsxny1XS._SL500_.jpg","contentUrl":"https:\/\/m.media-amazon.com\/images\/I\/51kYsxny1XS._SL500_.jpg","width":500,"height":500},{"@type":"BreadcrumbList","@id":"https:\/\/marktxxl.de\/markt\/produkt\/jukmo-taktischer-guertel-2er-militaer-wandern-38cm-arbeit-guertel-mit-schwere-schnellverschluss-schnalle\/#breadcrumb","itemListElement":[{"@type":"ListItem","position":1,"name":"Startseite","item":"https:\/\/marktxxl.de\/markt\/"},{"@type":"ListItem","position":2,"name":"Markt","item":"https:\/\/marktxxl.de\/markt\/"},{"@type":"ListItem","position":3,"name":"JUKMO Taktischer G\u00fcrtel, 2er Milit\u00e4r Wandern 3,8cm Arbeit G\u00fcrtel mit Schwere Schnellverschluss Schnalle"}]},{"@type":"WebSite","@id":"https:\/\/marktxxl.de\/markt\/#website","url":"https:\/\/marktxxl.de\/markt\/","name":"Markt-XXL","description":"Ihr Markt Online","publisher":{"@id":"https:\/\/marktxxl.de\/markt\/#organization"},"potentialAction":[{"@type":"SearchAction","target":{"@type":"EntryPoint","urlTemplate":"https:\/\/marktxxl.de\/markt\/?s={search_term_string}"},"query-input":{"@type":"PropertyValueSpecification","valueRequired":true,"valueName":"search_term_string"}}],"inLanguage":"de"},{"@type":"Organization","@id":"https:\/\/marktxxl.de\/markt\/#organization","name":"Markt-XXL","url":"https:\/\/marktxxl.de\/markt\/","logo":{"@type":"ImageObject","inLanguage":"de","@id":"https:\/\/marktxxl.de\/markt\/#\/schema\/logo\/image\/","url":"https:\/\/marktxxl.de\/markt\/wp-content\/uploads\/sites\/3\/2020\/12\/logo.png","contentUrl":"https:\/\/marktxxl.de\/markt\/wp-content\/uploads\/sites\/3\/2020\/12\/logo.png","width":200,"height":70,"caption":"Markt-XXL"},"image":{"@id":"https:\/\/marktxxl.de\/markt\/#\/schema\/logo\/image\/"}}]}},"_links":{"self":[{"href":"https:\/\/marktxxl.de\/markt\/wp-json\/wp\/v2\/product\/148953","targetHints":{"allow":["GET"]}}],"collection":[{"href":"https:\/\/marktxxl.de\/markt\/wp-json\/wp\/v2\/product"}],"about":[{"href":"https:\/\/marktxxl.de\/markt\/wp-json\/wp\/v2\/types\/product"}],"replies":[{"embeddable":true,"href":"https:\/\/marktxxl.de\/markt\/wp-json\/wp\/v2\/comments?post=148953"}],"wp:featuredmedia":[{"embeddable":true,"href":"https:\/\/marktxxl.de\/markt\/wp-json\/wp\/v2\/media\/148954"}],"wp:attachment":[{"href":"https:\/\/marktxxl.de\/markt\/wp-json\/wp\/v2\/media?parent=148953"}],"wp:term":[{"taxonomy":"product_brand","embeddable":true,"href":"https:\/\/marktxxl.de\/markt\/wp-json\/wp\/v2\/product_brand?post=148953"},{"taxonomy":"product_cat","embeddable":true,"href":"https:\/\/marktxxl.de\/markt\/wp-json\/wp\/v2\/product_cat?post=148953"},{"taxonomy":"product_tag","embeddable":true,"href":"https:\/\/marktxxl.de\/markt\/wp-json\/wp\/v2\/product_tag?post=148953"}],"curies":[{"name":"wp","href":"https:\/\/api.w.org\/{rel}","templated":true}]}}