{"id":148866,"date":"2022-09-12T02:10:45","date_gmt":"2022-09-12T00:10:45","guid":{"rendered":"https:\/\/marktxxl.de\/markt\/produkt\/revolution-skincare-london-10-niacinamide-and-1-zinc-blemish-pore-serum-30ml\/"},"modified":"2023-04-11T04:28:19","modified_gmt":"2023-04-11T02:28:19","slug":"revolution-skincare-london-10-niacinamide-and-1-zinc-blemish-pore-serum-30ml","status":"publish","type":"product","link":"https:\/\/marktxxl.de\/markt\/produkt\/revolution-skincare-london-10-niacinamide-and-1-zinc-blemish-pore-serum-30ml\/","title":{"rendered":"Revolution Skincare London, 10% Niacinamid und 1% Zink Serum f\u00fcr Hautunreinheiten und Poren, 30ml"},"content":{"rendered":"<p>ZIELT AUF HAUTUNREINHEITEN UND GROSSE POREN AB: Mit zwei hautfreundlichen Inhaltsstoffen, Niacinamid und Zink, hilft dieses leichte und sanfte Serum, Unreinheiten zu bek\u00e4mpfen und das Auftreten gro\u00dfer Poren zu minimieren<br \/>\nNIACINAMID &amp; ZINC SERUM: Die Inhaltsstoffe in diesem Serum regulieren die nat\u00fcrliche \u00d6lproduktion der Haut, um eine weitere Verstopfung zu verhindern, w\u00e4hrend Zink beruhigende und beruhigende Eigenschaften hat, die das Auftreten von aktiven Unreinheiten reduzieren<br \/>\nVEGAN: Dieses Serum enth\u00e4lt keine tierischen Inhaltsstoffe<br \/>\nAnwendung: Vor Gebrauch gut sch\u00fctteln. Mit ein paar Tropfen auf die saubere, trockene Haut auftragen. Verwenden Sie morgens und abends f\u00fcr beste Ergebnisse<br \/>\nVEGAN &amp; TIERVERSUCHSFREI: Revolution Beauty-Produkte sind tierversuchsfrei und waren es schon immer. Wir sind PETA-zertifiziert und erlauben niemals Tierversuche in irgendeinem Entwicklungsstadium f\u00fcr Inhaltsstoffe und Endprodukte.<br \/>\n<div class=\"main-cross-sell\" data-asin=\"B07KVBBX8H\">\n\n\t<div class=\"WooZone-cross-sell-loader\">\n\t\t<div>\n\t\t\t<div id=\"floatingBarsG\">\n\t\t\t\t<div class=\"blockG\" id=\"rotateG_01\"><\/div>\n\t\t\t\t<div class=\"blockG\" id=\"rotateG_02\"><\/div>\n\t\t\t\t<div class=\"blockG\" id=\"rotateG_03\"><\/div>\n\t\t\t\t<div class=\"blockG\" id=\"rotateG_04\"><\/div>\n\t\t\t\t<div class=\"blockG\" id=\"rotateG_05\"><\/div>\n\t\t\t\t<div class=\"blockG\" id=\"rotateG_06\"><\/div>\n\t\t\t\t<div class=\"blockG\" id=\"rotateG_07\"><\/div>\n\t\t\t\t<div class=\"blockG\" id=\"rotateG_08\"><\/div>\n\t\t\t<\/div>\n\t\t\t<div class=\"WooZone-cross-sell-loader-text\"><\/div>\n\t\t<\/div>\n\t<\/div>\n\n\t\t\n<\/div>\n<div style=\"clear:both;\"><\/div><\/p>\n","protected":false},"excerpt":{"rendered":"<p>ZIELT AUF HAUTUNREINHEITEN UND GROSSE POREN AB: Mit zwei hautfreundlichen Inhaltsstoffen, Niacinamid und Zink, hilft dieses leichte und sanfte Serum, Unreinheiten zu bek\u00e4mpfen und das Auftreten gro\u00dfer Poren zu minimieren<br \/>\nNIACINAMID &amp; ZINC SERUM: Die Inhaltsstoffe in diesem Serum regulieren die nat\u00fcrliche \u00d6lproduktion der Haut, um eine weitere Verstopfung zu verhindern, w\u00e4hrend Zink beruhigende und beruhigende Eigenschaften hat, die das Auftreten von aktiven Unreinheiten reduzieren<br \/>\nVEGAN: Dieses Serum enth\u00e4lt keine tierischen Inhaltsstoffe<\/p>\n","protected":false},"featured_media":148867,"comment_status":"open","ping_status":"closed","template":"","meta":[],"product_brand":[],"product_cat":[2858,7067],"product_tag":[],"class_list":{"0":"post-148866","1":"product","2":"type-product","3":"status-publish","4":"has-post-thumbnail","6":"product_cat-beauty","7":"product_cat-hautpflege","8":"pa_binding-badartikel","9":"pa_brand-revolution-skincare-london","10":"pa_color-durchscheinend","11":"pa_height-0-4724409444-zoll","12":"pa_length-0-17716535415-zoll","13":"pa_manufacturer-revolution-beauty-limited","14":"pa_model-41136","15":"pa_size-30-ml-1er-pack","16":"pa_weight-6-6e-5-pfund","17":"pa_width-0-17716535415-zoll","19":"first","20":"instock","21":"shipping-taxable","22":"purchasable","23":"product-type-simple","24":"customify-col","25":"product-has-gallery"},"yoast_head":"<!-- This site is optimized with the Yoast SEO plugin v27.3 - https:\/\/yoast.com\/product\/yoast-seo-wordpress\/ -->\n<title>Revolution Skincare London, 10% Niacinamid und 1% Zink Serum f\u00fcr Hautunreinheiten und Poren, 30ml - Markt-XXL<\/title>\n<meta name=\"description\" content=\"Markt-XXL Revolution Skincare London, 10% Niacinamid und 1% Zink Serum f\u00fcr Hautunreinheiten und Poren, 30ml\" \/>\n<meta name=\"robots\" content=\"index, follow, max-snippet:-1, max-image-preview:large, max-video-preview:-1\" \/>\n<link rel=\"canonical\" href=\"https:\/\/marktxxl.de\/markt\/produkt\/revolution-skincare-london-10-niacinamide-and-1-zinc-blemish-pore-serum-30ml\/\" \/>\n<meta property=\"og:locale\" content=\"de_DE\" \/>\n<meta property=\"og:type\" content=\"article\" \/>\n<meta property=\"og:title\" content=\"Revolution Skincare London, 10% Niacinamid und 1% Zink Serum f\u00fcr Hautunreinheiten und Poren, 30ml - Markt-XXL\" \/>\n<meta property=\"og:description\" content=\"Markt-XXL Revolution Skincare London, 10% Niacinamid und 1% Zink Serum f\u00fcr Hautunreinheiten und Poren, 30ml\" \/>\n<meta property=\"og:url\" content=\"https:\/\/marktxxl.de\/markt\/produkt\/revolution-skincare-london-10-niacinamide-and-1-zinc-blemish-pore-serum-30ml\/\" \/>\n<meta property=\"og:site_name\" content=\"Markt-XXL\" \/>\n<meta property=\"article:modified_time\" content=\"2023-04-11T02:28:19+00:00\" \/>\n<meta property=\"og:image\" content=\"https:\/\/m.media-amazon.com\/images\/I\/31YhAs706pL._SL500_.jpg\" \/>\n\t<meta property=\"og:image:width\" content=\"500\" \/>\n\t<meta property=\"og:image:height\" content=\"500\" \/>\n\t<meta property=\"og:image:type\" content=\"image\/jpeg\" \/>\n<meta name=\"twitter:card\" content=\"summary_large_image\" \/>\n<meta name=\"twitter:label1\" content=\"Gesch\u00e4tzte Lesezeit\" \/>\n\t<meta name=\"twitter:data1\" content=\"1\u00a0Minute\" \/>\n<script type=\"application\/ld+json\" class=\"yoast-schema-graph\">{\"@context\":\"https:\\\/\\\/schema.org\",\"@graph\":[{\"@type\":\"WebPage\",\"@id\":\"https:\\\/\\\/marktxxl.de\\\/markt\\\/produkt\\\/revolution-skincare-london-10-niacinamide-and-1-zinc-blemish-pore-serum-30ml\\\/\",\"url\":\"https:\\\/\\\/marktxxl.de\\\/markt\\\/produkt\\\/revolution-skincare-london-10-niacinamide-and-1-zinc-blemish-pore-serum-30ml\\\/\",\"name\":\"Revolution Skincare London, 10% Niacinamid und 1% Zink Serum f\u00fcr Hautunreinheiten und Poren, 30ml - Markt-XXL\",\"isPartOf\":{\"@id\":\"https:\\\/\\\/marktxxl.de\\\/markt\\\/#website\"},\"primaryImageOfPage\":{\"@id\":\"https:\\\/\\\/marktxxl.de\\\/markt\\\/produkt\\\/revolution-skincare-london-10-niacinamide-and-1-zinc-blemish-pore-serum-30ml\\\/#primaryimage\"},\"image\":{\"@id\":\"https:\\\/\\\/marktxxl.de\\\/markt\\\/produkt\\\/revolution-skincare-london-10-niacinamide-and-1-zinc-blemish-pore-serum-30ml\\\/#primaryimage\"},\"thumbnailUrl\":\"https:\\\/\\\/m.media-amazon.com\\\/images\\\/I\\\/31YhAs706pL._SL500_.jpg\",\"datePublished\":\"2022-09-12T00:10:45+00:00\",\"dateModified\":\"2023-04-11T02:28:19+00:00\",\"description\":\"Markt-XXL Revolution Skincare London, 10% Niacinamid und 1% Zink Serum f\u00fcr Hautunreinheiten und Poren, 30ml\",\"breadcrumb\":{\"@id\":\"https:\\\/\\\/marktxxl.de\\\/markt\\\/produkt\\\/revolution-skincare-london-10-niacinamide-and-1-zinc-blemish-pore-serum-30ml\\\/#breadcrumb\"},\"inLanguage\":\"de\",\"potentialAction\":[{\"@type\":\"ReadAction\",\"target\":[\"https:\\\/\\\/marktxxl.de\\\/markt\\\/produkt\\\/revolution-skincare-london-10-niacinamide-and-1-zinc-blemish-pore-serum-30ml\\\/\"]}]},{\"@type\":\"ImageObject\",\"inLanguage\":\"de\",\"@id\":\"https:\\\/\\\/marktxxl.de\\\/markt\\\/produkt\\\/revolution-skincare-london-10-niacinamide-and-1-zinc-blemish-pore-serum-30ml\\\/#primaryimage\",\"url\":\"https:\\\/\\\/m.media-amazon.com\\\/images\\\/I\\\/31YhAs706pL._SL500_.jpg\",\"contentUrl\":\"https:\\\/\\\/m.media-amazon.com\\\/images\\\/I\\\/31YhAs706pL._SL500_.jpg\",\"width\":500,\"height\":500},{\"@type\":\"BreadcrumbList\",\"@id\":\"https:\\\/\\\/marktxxl.de\\\/markt\\\/produkt\\\/revolution-skincare-london-10-niacinamide-and-1-zinc-blemish-pore-serum-30ml\\\/#breadcrumb\",\"itemListElement\":[{\"@type\":\"ListItem\",\"position\":1,\"name\":\"Startseite\",\"item\":\"https:\\\/\\\/marktxxl.de\\\/markt\\\/\"},{\"@type\":\"ListItem\",\"position\":2,\"name\":\"Markt\",\"item\":\"https:\\\/\\\/marktxxl.de\\\/markt\\\/\"},{\"@type\":\"ListItem\",\"position\":3,\"name\":\"Revolution Skincare London, 10% Niacinamid und 1% Zink Serum f\u00fcr Hautunreinheiten und Poren, 30ml\"}]},{\"@type\":\"WebSite\",\"@id\":\"https:\\\/\\\/marktxxl.de\\\/markt\\\/#website\",\"url\":\"https:\\\/\\\/marktxxl.de\\\/markt\\\/\",\"name\":\"Markt-XXL\",\"description\":\"Ihr Markt Online\",\"publisher\":{\"@id\":\"https:\\\/\\\/marktxxl.de\\\/markt\\\/#organization\"},\"potentialAction\":[{\"@type\":\"SearchAction\",\"target\":{\"@type\":\"EntryPoint\",\"urlTemplate\":\"https:\\\/\\\/marktxxl.de\\\/markt\\\/?s={search_term_string}\"},\"query-input\":{\"@type\":\"PropertyValueSpecification\",\"valueRequired\":true,\"valueName\":\"search_term_string\"}}],\"inLanguage\":\"de\"},{\"@type\":\"Organization\",\"@id\":\"https:\\\/\\\/marktxxl.de\\\/markt\\\/#organization\",\"name\":\"Markt-XXL\",\"url\":\"https:\\\/\\\/marktxxl.de\\\/markt\\\/\",\"logo\":{\"@type\":\"ImageObject\",\"inLanguage\":\"de\",\"@id\":\"https:\\\/\\\/marktxxl.de\\\/markt\\\/#\\\/schema\\\/logo\\\/image\\\/\",\"url\":\"https:\\\/\\\/marktxxl.de\\\/markt\\\/wp-content\\\/uploads\\\/sites\\\/3\\\/2020\\\/12\\\/logo.png\",\"contentUrl\":\"https:\\\/\\\/marktxxl.de\\\/markt\\\/wp-content\\\/uploads\\\/sites\\\/3\\\/2020\\\/12\\\/logo.png\",\"width\":200,\"height\":70,\"caption\":\"Markt-XXL\"},\"image\":{\"@id\":\"https:\\\/\\\/marktxxl.de\\\/markt\\\/#\\\/schema\\\/logo\\\/image\\\/\"}}]}<\/script>\n<!-- \/ Yoast SEO plugin. -->","yoast_head_json":{"title":"Revolution Skincare London, 10% Niacinamid und 1% Zink Serum f\u00fcr Hautunreinheiten und Poren, 30ml - Markt-XXL","description":"Markt-XXL Revolution Skincare London, 10% Niacinamid und 1% Zink Serum f\u00fcr Hautunreinheiten und Poren, 30ml","robots":{"index":"index","follow":"follow","max-snippet":"max-snippet:-1","max-image-preview":"max-image-preview:large","max-video-preview":"max-video-preview:-1"},"canonical":"https:\/\/marktxxl.de\/markt\/produkt\/revolution-skincare-london-10-niacinamide-and-1-zinc-blemish-pore-serum-30ml\/","og_locale":"de_DE","og_type":"article","og_title":"Revolution Skincare London, 10% Niacinamid und 1% Zink Serum f\u00fcr Hautunreinheiten und Poren, 30ml - Markt-XXL","og_description":"Markt-XXL Revolution Skincare London, 10% Niacinamid und 1% Zink Serum f\u00fcr Hautunreinheiten und Poren, 30ml","og_url":"https:\/\/marktxxl.de\/markt\/produkt\/revolution-skincare-london-10-niacinamide-and-1-zinc-blemish-pore-serum-30ml\/","og_site_name":"Markt-XXL","article_modified_time":"2023-04-11T02:28:19+00:00","og_image":[{"width":500,"height":500,"url":"https:\/\/m.media-amazon.com\/images\/I\/31YhAs706pL._SL500_.jpg","type":"image\/jpeg"}],"twitter_card":"summary_large_image","twitter_misc":{"Gesch\u00e4tzte Lesezeit":"1\u00a0Minute"},"schema":{"@context":"https:\/\/schema.org","@graph":[{"@type":"WebPage","@id":"https:\/\/marktxxl.de\/markt\/produkt\/revolution-skincare-london-10-niacinamide-and-1-zinc-blemish-pore-serum-30ml\/","url":"https:\/\/marktxxl.de\/markt\/produkt\/revolution-skincare-london-10-niacinamide-and-1-zinc-blemish-pore-serum-30ml\/","name":"Revolution Skincare London, 10% Niacinamid und 1% Zink Serum f\u00fcr Hautunreinheiten und Poren, 30ml - Markt-XXL","isPartOf":{"@id":"https:\/\/marktxxl.de\/markt\/#website"},"primaryImageOfPage":{"@id":"https:\/\/marktxxl.de\/markt\/produkt\/revolution-skincare-london-10-niacinamide-and-1-zinc-blemish-pore-serum-30ml\/#primaryimage"},"image":{"@id":"https:\/\/marktxxl.de\/markt\/produkt\/revolution-skincare-london-10-niacinamide-and-1-zinc-blemish-pore-serum-30ml\/#primaryimage"},"thumbnailUrl":"https:\/\/m.media-amazon.com\/images\/I\/31YhAs706pL._SL500_.jpg","datePublished":"2022-09-12T00:10:45+00:00","dateModified":"2023-04-11T02:28:19+00:00","description":"Markt-XXL Revolution Skincare London, 10% Niacinamid und 1% Zink Serum f\u00fcr Hautunreinheiten und Poren, 30ml","breadcrumb":{"@id":"https:\/\/marktxxl.de\/markt\/produkt\/revolution-skincare-london-10-niacinamide-and-1-zinc-blemish-pore-serum-30ml\/#breadcrumb"},"inLanguage":"de","potentialAction":[{"@type":"ReadAction","target":["https:\/\/marktxxl.de\/markt\/produkt\/revolution-skincare-london-10-niacinamide-and-1-zinc-blemish-pore-serum-30ml\/"]}]},{"@type":"ImageObject","inLanguage":"de","@id":"https:\/\/marktxxl.de\/markt\/produkt\/revolution-skincare-london-10-niacinamide-and-1-zinc-blemish-pore-serum-30ml\/#primaryimage","url":"https:\/\/m.media-amazon.com\/images\/I\/31YhAs706pL._SL500_.jpg","contentUrl":"https:\/\/m.media-amazon.com\/images\/I\/31YhAs706pL._SL500_.jpg","width":500,"height":500},{"@type":"BreadcrumbList","@id":"https:\/\/marktxxl.de\/markt\/produkt\/revolution-skincare-london-10-niacinamide-and-1-zinc-blemish-pore-serum-30ml\/#breadcrumb","itemListElement":[{"@type":"ListItem","position":1,"name":"Startseite","item":"https:\/\/marktxxl.de\/markt\/"},{"@type":"ListItem","position":2,"name":"Markt","item":"https:\/\/marktxxl.de\/markt\/"},{"@type":"ListItem","position":3,"name":"Revolution Skincare London, 10% Niacinamid und 1% Zink Serum f\u00fcr Hautunreinheiten und Poren, 30ml"}]},{"@type":"WebSite","@id":"https:\/\/marktxxl.de\/markt\/#website","url":"https:\/\/marktxxl.de\/markt\/","name":"Markt-XXL","description":"Ihr Markt Online","publisher":{"@id":"https:\/\/marktxxl.de\/markt\/#organization"},"potentialAction":[{"@type":"SearchAction","target":{"@type":"EntryPoint","urlTemplate":"https:\/\/marktxxl.de\/markt\/?s={search_term_string}"},"query-input":{"@type":"PropertyValueSpecification","valueRequired":true,"valueName":"search_term_string"}}],"inLanguage":"de"},{"@type":"Organization","@id":"https:\/\/marktxxl.de\/markt\/#organization","name":"Markt-XXL","url":"https:\/\/marktxxl.de\/markt\/","logo":{"@type":"ImageObject","inLanguage":"de","@id":"https:\/\/marktxxl.de\/markt\/#\/schema\/logo\/image\/","url":"https:\/\/marktxxl.de\/markt\/wp-content\/uploads\/sites\/3\/2020\/12\/logo.png","contentUrl":"https:\/\/marktxxl.de\/markt\/wp-content\/uploads\/sites\/3\/2020\/12\/logo.png","width":200,"height":70,"caption":"Markt-XXL"},"image":{"@id":"https:\/\/marktxxl.de\/markt\/#\/schema\/logo\/image\/"}}]}},"_links":{"self":[{"href":"https:\/\/marktxxl.de\/markt\/wp-json\/wp\/v2\/product\/148866","targetHints":{"allow":["GET"]}}],"collection":[{"href":"https:\/\/marktxxl.de\/markt\/wp-json\/wp\/v2\/product"}],"about":[{"href":"https:\/\/marktxxl.de\/markt\/wp-json\/wp\/v2\/types\/product"}],"replies":[{"embeddable":true,"href":"https:\/\/marktxxl.de\/markt\/wp-json\/wp\/v2\/comments?post=148866"}],"wp:featuredmedia":[{"embeddable":true,"href":"https:\/\/marktxxl.de\/markt\/wp-json\/wp\/v2\/media\/148867"}],"wp:attachment":[{"href":"https:\/\/marktxxl.de\/markt\/wp-json\/wp\/v2\/media?parent=148866"}],"wp:term":[{"taxonomy":"product_brand","embeddable":true,"href":"https:\/\/marktxxl.de\/markt\/wp-json\/wp\/v2\/product_brand?post=148866"},{"taxonomy":"product_cat","embeddable":true,"href":"https:\/\/marktxxl.de\/markt\/wp-json\/wp\/v2\/product_cat?post=148866"},{"taxonomy":"product_tag","embeddable":true,"href":"https:\/\/marktxxl.de\/markt\/wp-json\/wp\/v2\/product_tag?post=148866"}],"curies":[{"name":"wp","href":"https:\/\/api.w.org\/{rel}","templated":true}]}}