{"id":148746,"date":"2022-09-12T02:06:20","date_gmt":"2022-09-12T00:06:20","guid":{"rendered":"https:\/\/marktxxl.de\/markt\/produkt\/tesmed-cellulite-klinisch-nachgewiesene-wirksamkeit-made-in-italy-patent-angemeldetes-massagegeraet-hergestellt-mit-konvergenten-und-unterschiedlichen-rollen-die-haut-heben-straffen-und-glaetten\/"},"modified":"2023-04-11T04:28:16","modified_gmt":"2023-04-11T02:28:16","slug":"tesmed-cellulite-klinisch-nachgewiesene-wirksamkeit-made-in-italy-patent-angemeldetes-massagegeraet-hergestellt-mit-konvergenten-und-unterschiedlichen-rollen-die-haut-heben-straffen-und-glaetten","status":"publish","type":"product","link":"https:\/\/marktxxl.de\/markt\/produkt\/tesmed-cellulite-klinisch-nachgewiesene-wirksamkeit-made-in-italy-patent-angemeldetes-massagegeraet-hergestellt-mit-konvergenten-und-unterschiedlichen-rollen-die-haut-heben-straffen-und-glaetten\/","title":{"rendered":"TESMED Cellulite massageger\u00e4t Klinisch nachgewiesene Wirksamkeit Made in Italy, Patent angemeldetes Anticellulite Ger\u00e4t\u2026"},"content":{"rendered":"<p>Anti-Cellulite Massageger\u00e4t Made in Italy Klinisch nachgewiesene Wirksamkeit Patent angemeldet &#8211; Die Erfindung weist eine Vielzahl von Rollen auf, die in konver- gente Paare gefolgt von divergenten Paaren so angeordnet sind, dass beim Gleiten auf der Haut in eine Richtung die konvergenten Rollen den zu behandelnden Teil mit einem \u201ekneifenden\u201c und \u201eknetenden\u201c Effekt anheben und straffen, und gleichzeitig die Paare der divergenten Rollen stattdessen auf die Dehnung der Haut hin wirken.<br \/>\nDie wiederholte Einwirkung der konvergenten Rollen bringt erheb- liche Vorteile bei der Bek\u00e4mpfung der Unebenheiten der Cellulite, da die Ausscheidung \u00fcbersch\u00fcssi- ger Fl\u00fcssigkeiten beg\u00fcnstigt und gleichzeitig eine kraftvolle, bele- bende Wirkung erzielt wird. Die wiederholte Einwirkung der divergenten Rollen hingegen wirkt dehnend auf die Haut und verleiht ihr so ein glatteres Aussehen.<br \/>\nDie charakteristische Form von Tesmed Cellulite zusammen mit der Anzahl seiner Rollen erm\u00f6glicht es, in nur einer Anwendung 80 % bis 95 % des zu behandelnden Bereichs zu erfassen, sodass eine effektive Behandlung innerhalb von wenigen Minuten m\u00f6glich ist.<br \/>\nMit Tesmed Cellulite erhalten Sie eine Massage \u00e4hnlich dem Kneten und gleichzeitig wird die Haut gedehnt. Seine artikulierte mechanische Wirkung tr\u00e4gt dazu bei, Fettpolster zu zerkleinern, den Mikrokreislauf der Haut zu stimulieren und \u00fcbersch\u00fcssige Fl\u00fcssigkeiten abzuleiten. Tesmed Cellulite hat eine spezielle Form, die f\u00fcr die meisten Ober- schenkel und Ges\u00e4\u00dfpartien geeignet ist.<br \/>\nDr\u00fccken Sie nicht auf die Haut, um das Auftreten von Bluterg\u00fcssen zu vermeiden, auch wenn diese nur vor\u00fcbergehend sind. Da die konzentrischen Walzenpaare die Haut komprimieren, ein Effekt, der zur Bek\u00e4mpfung von Cellulite notwendig ist, wird empfohlen, die Haut bei den ersten Behandlungen nicht zu dr\u00fccken, um das Auftreten von Bluterg\u00fcssen zu vermeiden, die ohnehin in wenigen Tagen verschwinden w\u00fcrden.<br \/>\n<div class=\"main-cross-sell\" data-asin=\"B08XQNBZ5F\">\n\n\t<div class=\"WooZone-cross-sell-loader\">\n\t\t<div>\n\t\t\t<div id=\"floatingBarsG\">\n\t\t\t\t<div class=\"blockG\" id=\"rotateG_01\"><\/div>\n\t\t\t\t<div class=\"blockG\" id=\"rotateG_02\"><\/div>\n\t\t\t\t<div class=\"blockG\" id=\"rotateG_03\"><\/div>\n\t\t\t\t<div class=\"blockG\" id=\"rotateG_04\"><\/div>\n\t\t\t\t<div class=\"blockG\" id=\"rotateG_05\"><\/div>\n\t\t\t\t<div class=\"blockG\" id=\"rotateG_06\"><\/div>\n\t\t\t\t<div class=\"blockG\" id=\"rotateG_07\"><\/div>\n\t\t\t\t<div class=\"blockG\" id=\"rotateG_08\"><\/div>\n\t\t\t<\/div>\n\t\t\t<div class=\"WooZone-cross-sell-loader-text\"><\/div>\n\t\t<\/div>\n\t<\/div>\n\n\t\t\n<\/div>\n<div style=\"clear:both;\"><\/div><\/p>\n","protected":false},"excerpt":{"rendered":"<p>Anti-Cellulite Massageger\u00e4t Made in Italy Klinisch nachgewiesene Wirksamkeit Patent angemeldet &#8211; Die Erfindung weist eine Vielzahl von Rollen auf, die in konver- gente Paare gefolgt von divergenten Paaren so angeordnet sind, dass beim Gleiten auf der Haut in eine Richtung die konvergenten Rollen den zu behandelnden Teil mit einem \u201ekneifenden\u201c und \u201eknetenden\u201c Effekt anheben und straffen, und gleichzeitig die Paare der divergenten Rollen stattdessen auf die Dehnung der Haut hin wirken.<br \/>\nDie wiederholte Einwirkung der konvergenten Rollen bringt erheb- liche Vorteile bei der Bek\u00e4mpfung der Unebenheiten der Cellulite, da die Ausscheidung \u00fcbersch\u00fcssi- ger Fl\u00fcssigkeiten beg\u00fcnstigt und gleichzeitig eine kraftvolle, bele- bende Wirkung erzielt wird. Die wiederholte Einwirkung der divergenten Rollen hingegen wirkt dehnend auf die Haut und verleiht ihr so ein glatteres Aussehen.<br \/>\nDie charakteristische Form von Tesmed Cellulite zusammen mit der Anzahl seiner Rollen erm\u00f6glicht es, in nur einer Anwendung 80 % bis 95 % des zu behandelnden Bereichs zu erfassen, sodass eine effektive Behandlung innerhalb von wenigen Minuten m\u00f6glich ist.<\/p>\n","protected":false},"featured_media":148747,"comment_status":"open","ping_status":"closed","template":"","meta":[],"product_brand":[],"product_cat":[2858,7067],"product_tag":[],"class_list":{"0":"post-148746","1":"product","2":"type-product","3":"status-publish","4":"has-post-thumbnail","6":"product_cat-beauty","7":"product_cat-hautpflege","8":"pa_binding-badartikel","9":"pa_brand-tesmed","10":"pa_height-10-236220462-zoll","11":"pa_length-10-236220462-zoll","12":"pa_manufacturer-tesmed","13":"pa_size-1-stueck-1er-pack","14":"pa_width-1-574803148-zoll","16":"first","17":"instock","18":"shipping-taxable","19":"purchasable","20":"product-type-simple","21":"customify-col","22":"product-has-gallery"},"yoast_head":"<!-- This site is optimized with the Yoast SEO plugin v27.4 - https:\/\/yoast.com\/product\/yoast-seo-wordpress\/ -->\n<title>TESMED Cellulite massageger\u00e4t Klinisch nachgewiesene Wirksamkeit Made in Italy, Patent angemeldetes Anticellulite Ger\u00e4t\u2026 - Markt-XXL<\/title>\n<meta name=\"description\" content=\"Markt-XXL TESMED Cellulite massageger\u00e4t Klinisch nachgewiesene Wirksamkeit Made in Italy, Patent angemeldetes Anticellulite Ger\u00e4t\u2026\" \/>\n<meta name=\"robots\" content=\"index, follow, max-snippet:-1, max-image-preview:large, max-video-preview:-1\" \/>\n<link rel=\"canonical\" href=\"https:\/\/marktxxl.de\/markt\/produkt\/tesmed-cellulite-klinisch-nachgewiesene-wirksamkeit-made-in-italy-patent-angemeldetes-massagegeraet-hergestellt-mit-konvergenten-und-unterschiedlichen-rollen-die-haut-heben-straffen-und-glaetten\/\" \/>\n<meta property=\"og:locale\" content=\"de_DE\" \/>\n<meta property=\"og:type\" content=\"article\" \/>\n<meta property=\"og:title\" content=\"TESMED Cellulite massageger\u00e4t Klinisch nachgewiesene Wirksamkeit Made in Italy, Patent angemeldetes Anticellulite Ger\u00e4t\u2026 - Markt-XXL\" \/>\n<meta property=\"og:description\" content=\"Markt-XXL TESMED Cellulite massageger\u00e4t Klinisch nachgewiesene Wirksamkeit Made in Italy, Patent angemeldetes Anticellulite Ger\u00e4t\u2026\" \/>\n<meta property=\"og:url\" content=\"https:\/\/marktxxl.de\/markt\/produkt\/tesmed-cellulite-klinisch-nachgewiesene-wirksamkeit-made-in-italy-patent-angemeldetes-massagegeraet-hergestellt-mit-konvergenten-und-unterschiedlichen-rollen-die-haut-heben-straffen-und-glaetten\/\" \/>\n<meta property=\"og:site_name\" content=\"Markt-XXL\" \/>\n<meta property=\"article:modified_time\" content=\"2023-04-11T02:28:16+00:00\" \/>\n<meta property=\"og:image\" content=\"https:\/\/m.media-amazon.com\/images\/I\/415z2ERvkKL._SL500_.jpg\" \/>\n\t<meta property=\"og:image:width\" content=\"500\" \/>\n\t<meta property=\"og:image:height\" content=\"385\" \/>\n\t<meta property=\"og:image:type\" content=\"image\/jpeg\" \/>\n<meta name=\"twitter:card\" content=\"summary_large_image\" \/>\n<meta name=\"twitter:label1\" content=\"Gesch\u00e4tzte Lesezeit\" \/>\n\t<meta name=\"twitter:data1\" content=\"1\u00a0Minute\" \/>\n<script type=\"application\/ld+json\" class=\"yoast-schema-graph\">{\"@context\":\"https:\\\/\\\/schema.org\",\"@graph\":[{\"@type\":\"WebPage\",\"@id\":\"https:\\\/\\\/marktxxl.de\\\/markt\\\/produkt\\\/tesmed-cellulite-klinisch-nachgewiesene-wirksamkeit-made-in-italy-patent-angemeldetes-massagegeraet-hergestellt-mit-konvergenten-und-unterschiedlichen-rollen-die-haut-heben-straffen-und-glaetten\\\/\",\"url\":\"https:\\\/\\\/marktxxl.de\\\/markt\\\/produkt\\\/tesmed-cellulite-klinisch-nachgewiesene-wirksamkeit-made-in-italy-patent-angemeldetes-massagegeraet-hergestellt-mit-konvergenten-und-unterschiedlichen-rollen-die-haut-heben-straffen-und-glaetten\\\/\",\"name\":\"TESMED Cellulite massageger\u00e4t Klinisch nachgewiesene Wirksamkeit Made in Italy, Patent angemeldetes Anticellulite Ger\u00e4t\u2026 - Markt-XXL\",\"isPartOf\":{\"@id\":\"https:\\\/\\\/marktxxl.de\\\/markt\\\/#website\"},\"primaryImageOfPage\":{\"@id\":\"https:\\\/\\\/marktxxl.de\\\/markt\\\/produkt\\\/tesmed-cellulite-klinisch-nachgewiesene-wirksamkeit-made-in-italy-patent-angemeldetes-massagegeraet-hergestellt-mit-konvergenten-und-unterschiedlichen-rollen-die-haut-heben-straffen-und-glaetten\\\/#primaryimage\"},\"image\":{\"@id\":\"https:\\\/\\\/marktxxl.de\\\/markt\\\/produkt\\\/tesmed-cellulite-klinisch-nachgewiesene-wirksamkeit-made-in-italy-patent-angemeldetes-massagegeraet-hergestellt-mit-konvergenten-und-unterschiedlichen-rollen-die-haut-heben-straffen-und-glaetten\\\/#primaryimage\"},\"thumbnailUrl\":\"https:\\\/\\\/m.media-amazon.com\\\/images\\\/I\\\/415z2ERvkKL._SL500_.jpg\",\"datePublished\":\"2022-09-12T00:06:20+00:00\",\"dateModified\":\"2023-04-11T02:28:16+00:00\",\"description\":\"Markt-XXL TESMED Cellulite massageger\u00e4t Klinisch nachgewiesene Wirksamkeit Made in Italy, Patent angemeldetes Anticellulite Ger\u00e4t\u2026\",\"breadcrumb\":{\"@id\":\"https:\\\/\\\/marktxxl.de\\\/markt\\\/produkt\\\/tesmed-cellulite-klinisch-nachgewiesene-wirksamkeit-made-in-italy-patent-angemeldetes-massagegeraet-hergestellt-mit-konvergenten-und-unterschiedlichen-rollen-die-haut-heben-straffen-und-glaetten\\\/#breadcrumb\"},\"inLanguage\":\"de\",\"potentialAction\":[{\"@type\":\"ReadAction\",\"target\":[\"https:\\\/\\\/marktxxl.de\\\/markt\\\/produkt\\\/tesmed-cellulite-klinisch-nachgewiesene-wirksamkeit-made-in-italy-patent-angemeldetes-massagegeraet-hergestellt-mit-konvergenten-und-unterschiedlichen-rollen-die-haut-heben-straffen-und-glaetten\\\/\"]}]},{\"@type\":\"ImageObject\",\"inLanguage\":\"de\",\"@id\":\"https:\\\/\\\/marktxxl.de\\\/markt\\\/produkt\\\/tesmed-cellulite-klinisch-nachgewiesene-wirksamkeit-made-in-italy-patent-angemeldetes-massagegeraet-hergestellt-mit-konvergenten-und-unterschiedlichen-rollen-die-haut-heben-straffen-und-glaetten\\\/#primaryimage\",\"url\":\"https:\\\/\\\/m.media-amazon.com\\\/images\\\/I\\\/415z2ERvkKL._SL500_.jpg\",\"contentUrl\":\"https:\\\/\\\/m.media-amazon.com\\\/images\\\/I\\\/415z2ERvkKL._SL500_.jpg\",\"width\":500,\"height\":385},{\"@type\":\"BreadcrumbList\",\"@id\":\"https:\\\/\\\/marktxxl.de\\\/markt\\\/produkt\\\/tesmed-cellulite-klinisch-nachgewiesene-wirksamkeit-made-in-italy-patent-angemeldetes-massagegeraet-hergestellt-mit-konvergenten-und-unterschiedlichen-rollen-die-haut-heben-straffen-und-glaetten\\\/#breadcrumb\",\"itemListElement\":[{\"@type\":\"ListItem\",\"position\":1,\"name\":\"Startseite\",\"item\":\"https:\\\/\\\/marktxxl.de\\\/markt\\\/\"},{\"@type\":\"ListItem\",\"position\":2,\"name\":\"Markt\",\"item\":\"https:\\\/\\\/marktxxl.de\\\/markt\\\/\"},{\"@type\":\"ListItem\",\"position\":3,\"name\":\"TESMED Cellulite massageger\u00e4t Klinisch nachgewiesene Wirksamkeit Made in Italy, Patent angemeldetes Anticellulite Ger\u00e4t\u2026\"}]},{\"@type\":\"WebSite\",\"@id\":\"https:\\\/\\\/marktxxl.de\\\/markt\\\/#website\",\"url\":\"https:\\\/\\\/marktxxl.de\\\/markt\\\/\",\"name\":\"Markt-XXL\",\"description\":\"Ihr Markt Online\",\"publisher\":{\"@id\":\"https:\\\/\\\/marktxxl.de\\\/markt\\\/#organization\"},\"potentialAction\":[{\"@type\":\"SearchAction\",\"target\":{\"@type\":\"EntryPoint\",\"urlTemplate\":\"https:\\\/\\\/marktxxl.de\\\/markt\\\/?s={search_term_string}\"},\"query-input\":{\"@type\":\"PropertyValueSpecification\",\"valueRequired\":true,\"valueName\":\"search_term_string\"}}],\"inLanguage\":\"de\"},{\"@type\":\"Organization\",\"@id\":\"https:\\\/\\\/marktxxl.de\\\/markt\\\/#organization\",\"name\":\"Markt-XXL\",\"url\":\"https:\\\/\\\/marktxxl.de\\\/markt\\\/\",\"logo\":{\"@type\":\"ImageObject\",\"inLanguage\":\"de\",\"@id\":\"https:\\\/\\\/marktxxl.de\\\/markt\\\/#\\\/schema\\\/logo\\\/image\\\/\",\"url\":\"https:\\\/\\\/marktxxl.de\\\/markt\\\/wp-content\\\/uploads\\\/sites\\\/3\\\/2020\\\/12\\\/logo.png\",\"contentUrl\":\"https:\\\/\\\/marktxxl.de\\\/markt\\\/wp-content\\\/uploads\\\/sites\\\/3\\\/2020\\\/12\\\/logo.png\",\"width\":200,\"height\":70,\"caption\":\"Markt-XXL\"},\"image\":{\"@id\":\"https:\\\/\\\/marktxxl.de\\\/markt\\\/#\\\/schema\\\/logo\\\/image\\\/\"}}]}<\/script>\n<!-- \/ Yoast SEO plugin. -->","yoast_head_json":{"title":"TESMED Cellulite massageger\u00e4t Klinisch nachgewiesene Wirksamkeit Made in Italy, Patent angemeldetes Anticellulite Ger\u00e4t\u2026 - Markt-XXL","description":"Markt-XXL TESMED Cellulite massageger\u00e4t Klinisch nachgewiesene Wirksamkeit Made in Italy, Patent angemeldetes Anticellulite Ger\u00e4t\u2026","robots":{"index":"index","follow":"follow","max-snippet":"max-snippet:-1","max-image-preview":"max-image-preview:large","max-video-preview":"max-video-preview:-1"},"canonical":"https:\/\/marktxxl.de\/markt\/produkt\/tesmed-cellulite-klinisch-nachgewiesene-wirksamkeit-made-in-italy-patent-angemeldetes-massagegeraet-hergestellt-mit-konvergenten-und-unterschiedlichen-rollen-die-haut-heben-straffen-und-glaetten\/","og_locale":"de_DE","og_type":"article","og_title":"TESMED Cellulite massageger\u00e4t Klinisch nachgewiesene Wirksamkeit Made in Italy, Patent angemeldetes Anticellulite Ger\u00e4t\u2026 - Markt-XXL","og_description":"Markt-XXL TESMED Cellulite massageger\u00e4t Klinisch nachgewiesene Wirksamkeit Made in Italy, Patent angemeldetes Anticellulite Ger\u00e4t\u2026","og_url":"https:\/\/marktxxl.de\/markt\/produkt\/tesmed-cellulite-klinisch-nachgewiesene-wirksamkeit-made-in-italy-patent-angemeldetes-massagegeraet-hergestellt-mit-konvergenten-und-unterschiedlichen-rollen-die-haut-heben-straffen-und-glaetten\/","og_site_name":"Markt-XXL","article_modified_time":"2023-04-11T02:28:16+00:00","og_image":[{"width":500,"height":385,"url":"https:\/\/m.media-amazon.com\/images\/I\/415z2ERvkKL._SL500_.jpg","type":"image\/jpeg"}],"twitter_card":"summary_large_image","twitter_misc":{"Gesch\u00e4tzte Lesezeit":"1\u00a0Minute"},"schema":{"@context":"https:\/\/schema.org","@graph":[{"@type":"WebPage","@id":"https:\/\/marktxxl.de\/markt\/produkt\/tesmed-cellulite-klinisch-nachgewiesene-wirksamkeit-made-in-italy-patent-angemeldetes-massagegeraet-hergestellt-mit-konvergenten-und-unterschiedlichen-rollen-die-haut-heben-straffen-und-glaetten\/","url":"https:\/\/marktxxl.de\/markt\/produkt\/tesmed-cellulite-klinisch-nachgewiesene-wirksamkeit-made-in-italy-patent-angemeldetes-massagegeraet-hergestellt-mit-konvergenten-und-unterschiedlichen-rollen-die-haut-heben-straffen-und-glaetten\/","name":"TESMED Cellulite massageger\u00e4t Klinisch nachgewiesene Wirksamkeit Made in Italy, Patent angemeldetes Anticellulite Ger\u00e4t\u2026 - Markt-XXL","isPartOf":{"@id":"https:\/\/marktxxl.de\/markt\/#website"},"primaryImageOfPage":{"@id":"https:\/\/marktxxl.de\/markt\/produkt\/tesmed-cellulite-klinisch-nachgewiesene-wirksamkeit-made-in-italy-patent-angemeldetes-massagegeraet-hergestellt-mit-konvergenten-und-unterschiedlichen-rollen-die-haut-heben-straffen-und-glaetten\/#primaryimage"},"image":{"@id":"https:\/\/marktxxl.de\/markt\/produkt\/tesmed-cellulite-klinisch-nachgewiesene-wirksamkeit-made-in-italy-patent-angemeldetes-massagegeraet-hergestellt-mit-konvergenten-und-unterschiedlichen-rollen-die-haut-heben-straffen-und-glaetten\/#primaryimage"},"thumbnailUrl":"https:\/\/m.media-amazon.com\/images\/I\/415z2ERvkKL._SL500_.jpg","datePublished":"2022-09-12T00:06:20+00:00","dateModified":"2023-04-11T02:28:16+00:00","description":"Markt-XXL TESMED Cellulite massageger\u00e4t Klinisch nachgewiesene Wirksamkeit Made in Italy, Patent angemeldetes Anticellulite Ger\u00e4t\u2026","breadcrumb":{"@id":"https:\/\/marktxxl.de\/markt\/produkt\/tesmed-cellulite-klinisch-nachgewiesene-wirksamkeit-made-in-italy-patent-angemeldetes-massagegeraet-hergestellt-mit-konvergenten-und-unterschiedlichen-rollen-die-haut-heben-straffen-und-glaetten\/#breadcrumb"},"inLanguage":"de","potentialAction":[{"@type":"ReadAction","target":["https:\/\/marktxxl.de\/markt\/produkt\/tesmed-cellulite-klinisch-nachgewiesene-wirksamkeit-made-in-italy-patent-angemeldetes-massagegeraet-hergestellt-mit-konvergenten-und-unterschiedlichen-rollen-die-haut-heben-straffen-und-glaetten\/"]}]},{"@type":"ImageObject","inLanguage":"de","@id":"https:\/\/marktxxl.de\/markt\/produkt\/tesmed-cellulite-klinisch-nachgewiesene-wirksamkeit-made-in-italy-patent-angemeldetes-massagegeraet-hergestellt-mit-konvergenten-und-unterschiedlichen-rollen-die-haut-heben-straffen-und-glaetten\/#primaryimage","url":"https:\/\/m.media-amazon.com\/images\/I\/415z2ERvkKL._SL500_.jpg","contentUrl":"https:\/\/m.media-amazon.com\/images\/I\/415z2ERvkKL._SL500_.jpg","width":500,"height":385},{"@type":"BreadcrumbList","@id":"https:\/\/marktxxl.de\/markt\/produkt\/tesmed-cellulite-klinisch-nachgewiesene-wirksamkeit-made-in-italy-patent-angemeldetes-massagegeraet-hergestellt-mit-konvergenten-und-unterschiedlichen-rollen-die-haut-heben-straffen-und-glaetten\/#breadcrumb","itemListElement":[{"@type":"ListItem","position":1,"name":"Startseite","item":"https:\/\/marktxxl.de\/markt\/"},{"@type":"ListItem","position":2,"name":"Markt","item":"https:\/\/marktxxl.de\/markt\/"},{"@type":"ListItem","position":3,"name":"TESMED Cellulite massageger\u00e4t Klinisch nachgewiesene Wirksamkeit Made in Italy, Patent angemeldetes Anticellulite Ger\u00e4t\u2026"}]},{"@type":"WebSite","@id":"https:\/\/marktxxl.de\/markt\/#website","url":"https:\/\/marktxxl.de\/markt\/","name":"Markt-XXL","description":"Ihr Markt Online","publisher":{"@id":"https:\/\/marktxxl.de\/markt\/#organization"},"potentialAction":[{"@type":"SearchAction","target":{"@type":"EntryPoint","urlTemplate":"https:\/\/marktxxl.de\/markt\/?s={search_term_string}"},"query-input":{"@type":"PropertyValueSpecification","valueRequired":true,"valueName":"search_term_string"}}],"inLanguage":"de"},{"@type":"Organization","@id":"https:\/\/marktxxl.de\/markt\/#organization","name":"Markt-XXL","url":"https:\/\/marktxxl.de\/markt\/","logo":{"@type":"ImageObject","inLanguage":"de","@id":"https:\/\/marktxxl.de\/markt\/#\/schema\/logo\/image\/","url":"https:\/\/marktxxl.de\/markt\/wp-content\/uploads\/sites\/3\/2020\/12\/logo.png","contentUrl":"https:\/\/marktxxl.de\/markt\/wp-content\/uploads\/sites\/3\/2020\/12\/logo.png","width":200,"height":70,"caption":"Markt-XXL"},"image":{"@id":"https:\/\/marktxxl.de\/markt\/#\/schema\/logo\/image\/"}}]}},"_links":{"self":[{"href":"https:\/\/marktxxl.de\/markt\/wp-json\/wp\/v2\/product\/148746","targetHints":{"allow":["GET"]}}],"collection":[{"href":"https:\/\/marktxxl.de\/markt\/wp-json\/wp\/v2\/product"}],"about":[{"href":"https:\/\/marktxxl.de\/markt\/wp-json\/wp\/v2\/types\/product"}],"replies":[{"embeddable":true,"href":"https:\/\/marktxxl.de\/markt\/wp-json\/wp\/v2\/comments?post=148746"}],"wp:featuredmedia":[{"embeddable":true,"href":"https:\/\/marktxxl.de\/markt\/wp-json\/wp\/v2\/media\/148747"}],"wp:attachment":[{"href":"https:\/\/marktxxl.de\/markt\/wp-json\/wp\/v2\/media?parent=148746"}],"wp:term":[{"taxonomy":"product_brand","embeddable":true,"href":"https:\/\/marktxxl.de\/markt\/wp-json\/wp\/v2\/product_brand?post=148746"},{"taxonomy":"product_cat","embeddable":true,"href":"https:\/\/marktxxl.de\/markt\/wp-json\/wp\/v2\/product_cat?post=148746"},{"taxonomy":"product_tag","embeddable":true,"href":"https:\/\/marktxxl.de\/markt\/wp-json\/wp\/v2\/product_tag?post=148746"}],"curies":[{"name":"wp","href":"https:\/\/api.w.org\/{rel}","templated":true}]}}