{"id":148655,"date":"2022-09-12T02:01:12","date_gmt":"2022-09-12T00:01:12","guid":{"rendered":"https:\/\/marktxxl.de\/markt\/produkt\/body-earth-geschenkbox-fuer-frauen-5tlg-orchideenduft-geschenkset-frauen-duftkerze-koerperbutter-handcreme-badebombe-beauty-set-geschenke-fuer-frauen-freundin-mama-maedchen\/"},"modified":"2023-04-11T04:28:14","modified_gmt":"2023-04-11T02:28:14","slug":"body-earth-geschenkbox-fuer-frauen-5tlg-orchideenduft-geschenkset-frauen-duftkerze-koerperbutter-handcreme-badebombe-beauty-set-geschenke-fuer-frauen-freundin-mama-maedchen","status":"publish","type":"product","link":"https:\/\/marktxxl.de\/markt\/produkt\/body-earth-geschenkbox-fuer-frauen-5tlg-orchideenduft-geschenkset-frauen-duftkerze-koerperbutter-handcreme-badebombe-beauty-set-geschenke-fuer-frauen-freundin-mama-maedchen\/","title":{"rendered":"BODY &amp; EARTH Geschenkbox f\u00fcr Frauen-5tlg. Orchideenduft Geschenkset Frauen, Duftkerze, K\u00f6rperbutter, Handcreme\u2026"},"content":{"rendered":"<p>\u2764\u3010Orchideenduf\u3011Lassen Sie Ihren K\u00f6rper die k\u00f6stlichen, blumigen Noten aufsaugen, w\u00e4hrend die Produkte behandeln und mit Feuchtigkeit versorgen. Hilft bei Muskelkater, lockert; Products come in beautiful,<br \/>\n\u2764\u3010geburtstagsgeschenk f\u00fcr frauen\u3011Mit \u00e4therischen \u00d6len mit Orchideenduft angereichert, die reich an Antioxidantien sind und die nat\u00fcrlichen Barrieren der Haut reparieren und eine glatte, gepflegte Haut f\u00f6rdern. Das Set liefert einen dezenten Duft, der ein frisches und reines Gef\u00fchl hinterl\u00e4sst. Sie pflegen auch die Haut streichelzart. Dieses Luxus-Set ist das perfekte Geschenk f\u00fcr Frauen.<br \/>\n\u2764\u3010Beruhigende \u00e4therische \u00d6le\u3011Enth\u00e4lt die perfekte Kombination aus Sonnenblumen\u00f6l und Vitamin E und so weiter, die der Haut Feuchtigkeit spendet. Die Produkte werden in einer sch\u00f6nen, robusten Verpackung geliefert, die als Pr\u00e4sentationsbox oder zur Aufbewahrung pers\u00f6nlicher Gegenst\u00e4nde wiederverwendet werden kann.<br \/>\n\u2764\u3010Praktischer Lieferumfang\u3011ideales Geschenkset f\u00fcr Ihren Liebsten. Spa Geschenk-Set \u2013 Das Bad Set beinhaltet 50g Scented Candle, 100ml Body Butter, 90ml Hand Cream, Bath boom, and Bar . Praktische anwendungen f\u00fcr verschiedene Badeanl\u00e4sse.<br \/>\n\u2764 \u3010PERFEKTES GESCHENK\u3011Egal, ob Sie sich selbst oder jemand anderen mit einem Geschenk verw\u00f6hnen m\u00f6chten, unsere Kollektion luxuri\u00f6ser Produkte f\u00fcr K\u00f6rper und Geist sowie f\u00fcr das Zuhause machen die Auswahl des perfekten Geschenks zum Kinderspiel. Ein beliebter Urlaub, Geburtstag, Jubil\u00e4um, Weihnachten, Dankesch\u00f6n f\u00fcr sich selbst oder Ihren Liebsten zu jeder Jahreszeit! Geschenkset f\u00fcr jeden Anlass als Mitbringsel.<br \/>\n<div class=\"main-cross-sell\" data-asin=\"B089GQ3SV1\">\n\n\t<div class=\"WooZone-cross-sell-loader\">\n\t\t<div>\n\t\t\t<div id=\"floatingBarsG\">\n\t\t\t\t<div class=\"blockG\" id=\"rotateG_01\"><\/div>\n\t\t\t\t<div class=\"blockG\" id=\"rotateG_02\"><\/div>\n\t\t\t\t<div class=\"blockG\" id=\"rotateG_03\"><\/div>\n\t\t\t\t<div class=\"blockG\" id=\"rotateG_04\"><\/div>\n\t\t\t\t<div class=\"blockG\" id=\"rotateG_05\"><\/div>\n\t\t\t\t<div class=\"blockG\" id=\"rotateG_06\"><\/div>\n\t\t\t\t<div class=\"blockG\" id=\"rotateG_07\"><\/div>\n\t\t\t\t<div class=\"blockG\" id=\"rotateG_08\"><\/div>\n\t\t\t<\/div>\n\t\t\t<div class=\"WooZone-cross-sell-loader-text\"><\/div>\n\t\t<\/div>\n\t<\/div>\n\n\t\t\n<\/div>\n<div style=\"clear:both;\"><\/div><\/p>\n","protected":false},"excerpt":{"rendered":"<p>\u2764\u3010Orchideenduf\u3011Lassen Sie Ihren K\u00f6rper die k\u00f6stlichen, blumigen Noten aufsaugen, w\u00e4hrend die Produkte behandeln und mit Feuchtigkeit versorgen. Hilft bei Muskelkater, lockert; Products come in beautiful,<br \/>\n\u2764\u3010geburtstagsgeschenk f\u00fcr frauen\u3011Mit \u00e4therischen \u00d6len mit Orchideenduft angereichert, die reich an Antioxidantien sind und die nat\u00fcrlichen Barrieren der Haut reparieren und eine glatte, gepflegte Haut f\u00f6rdern. Das Set liefert einen dezenten Duft, der ein frisches und reines Gef\u00fchl hinterl\u00e4sst. Sie pflegen auch die Haut streichelzart. Dieses Luxus-Set ist das perfekte Geschenk f\u00fcr Frauen.<br \/>\n\u2764\u3010Beruhigende \u00e4therische \u00d6le\u3011Enth\u00e4lt die perfekte Kombination aus Sonnenblumen\u00f6l und Vitamin E und so weiter, die der Haut Feuchtigkeit spendet. Die Produkte werden in einer sch\u00f6nen, robusten Verpackung geliefert, die als Pr\u00e4sentationsbox oder zur Aufbewahrung pers\u00f6nlicher Gegenst\u00e4nde wiederverwendet werden kann.<\/p>\n","protected":false},"featured_media":148656,"comment_status":"open","ping_status":"closed","template":"","meta":[],"product_brand":[],"product_cat":[2858,6632],"product_tag":[],"class_list":{"0":"post-148655","1":"product","2":"type-product","3":"status-publish","4":"has-post-thumbnail","6":"product_cat-beauty","7":"product_cat-beauty-pflegesets","8":"pa_brand-body-earth","9":"pa_height-2-2834645646-zoll","10":"pa_length-7-87401574-zoll","11":"pa_manufacturer-body-earth","12":"pa_size-100-ml-1er-pack","13":"pa_width-7-87401574-zoll","15":"first","16":"instock","17":"shipping-taxable","18":"purchasable","19":"product-type-simple","20":"customify-col","21":"product-has-gallery"},"yoast_head":"<!-- This site is optimized with the Yoast SEO plugin v27.3 - https:\/\/yoast.com\/product\/yoast-seo-wordpress\/ -->\n<title>BODY &amp; EARTH Geschenkbox f\u00fcr Frauen-5tlg. Orchideenduft Geschenkset Frauen, Duftkerze, K\u00f6rperbutter, Handcreme\u2026 - Markt-XXL<\/title>\n<meta name=\"description\" content=\"Markt-XXL BODY &amp; EARTH Geschenkbox f\u00fcr Frauen-5tlg. Orchideenduft Geschenkset Frauen, Duftkerze, K\u00f6rperbutter, Handcreme\u2026\" \/>\n<meta name=\"robots\" content=\"index, follow, max-snippet:-1, max-image-preview:large, max-video-preview:-1\" \/>\n<link rel=\"canonical\" href=\"https:\/\/marktxxl.de\/markt\/produkt\/body-earth-geschenkbox-fuer-frauen-5tlg-orchideenduft-geschenkset-frauen-duftkerze-koerperbutter-handcreme-badebombe-beauty-set-geschenke-fuer-frauen-freundin-mama-maedchen\/\" \/>\n<meta property=\"og:locale\" content=\"de_DE\" \/>\n<meta property=\"og:type\" content=\"article\" \/>\n<meta property=\"og:title\" content=\"BODY &amp; EARTH Geschenkbox f\u00fcr Frauen-5tlg. Orchideenduft Geschenkset Frauen, Duftkerze, K\u00f6rperbutter, Handcreme\u2026 - Markt-XXL\" \/>\n<meta property=\"og:description\" content=\"Markt-XXL BODY &amp; EARTH Geschenkbox f\u00fcr Frauen-5tlg. Orchideenduft Geschenkset Frauen, Duftkerze, K\u00f6rperbutter, Handcreme\u2026\" \/>\n<meta property=\"og:url\" content=\"https:\/\/marktxxl.de\/markt\/produkt\/body-earth-geschenkbox-fuer-frauen-5tlg-orchideenduft-geschenkset-frauen-duftkerze-koerperbutter-handcreme-badebombe-beauty-set-geschenke-fuer-frauen-freundin-mama-maedchen\/\" \/>\n<meta property=\"og:site_name\" content=\"Markt-XXL\" \/>\n<meta property=\"article:modified_time\" content=\"2023-04-11T02:28:14+00:00\" \/>\n<meta property=\"og:image\" content=\"https:\/\/m.media-amazon.com\/images\/I\/41rh+aRAMWL._SL500_.jpg\" \/>\n\t<meta property=\"og:image:width\" content=\"500\" \/>\n\t<meta property=\"og:image:height\" content=\"500\" \/>\n\t<meta property=\"og:image:type\" content=\"image\/jpeg\" \/>\n<meta name=\"twitter:card\" content=\"summary_large_image\" \/>\n<meta name=\"twitter:label1\" content=\"Gesch\u00e4tzte Lesezeit\" \/>\n\t<meta name=\"twitter:data1\" content=\"1\u00a0Minute\" \/>\n<script type=\"application\/ld+json\" class=\"yoast-schema-graph\">{\"@context\":\"https:\\\/\\\/schema.org\",\"@graph\":[{\"@type\":\"WebPage\",\"@id\":\"https:\\\/\\\/marktxxl.de\\\/markt\\\/produkt\\\/body-earth-geschenkbox-fuer-frauen-5tlg-orchideenduft-geschenkset-frauen-duftkerze-koerperbutter-handcreme-badebombe-beauty-set-geschenke-fuer-frauen-freundin-mama-maedchen\\\/\",\"url\":\"https:\\\/\\\/marktxxl.de\\\/markt\\\/produkt\\\/body-earth-geschenkbox-fuer-frauen-5tlg-orchideenduft-geschenkset-frauen-duftkerze-koerperbutter-handcreme-badebombe-beauty-set-geschenke-fuer-frauen-freundin-mama-maedchen\\\/\",\"name\":\"BODY &amp; EARTH Geschenkbox f\u00fcr Frauen-5tlg. Orchideenduft Geschenkset Frauen, Duftkerze, K\u00f6rperbutter, Handcreme\u2026 - Markt-XXL\",\"isPartOf\":{\"@id\":\"https:\\\/\\\/marktxxl.de\\\/markt\\\/#website\"},\"primaryImageOfPage\":{\"@id\":\"https:\\\/\\\/marktxxl.de\\\/markt\\\/produkt\\\/body-earth-geschenkbox-fuer-frauen-5tlg-orchideenduft-geschenkset-frauen-duftkerze-koerperbutter-handcreme-badebombe-beauty-set-geschenke-fuer-frauen-freundin-mama-maedchen\\\/#primaryimage\"},\"image\":{\"@id\":\"https:\\\/\\\/marktxxl.de\\\/markt\\\/produkt\\\/body-earth-geschenkbox-fuer-frauen-5tlg-orchideenduft-geschenkset-frauen-duftkerze-koerperbutter-handcreme-badebombe-beauty-set-geschenke-fuer-frauen-freundin-mama-maedchen\\\/#primaryimage\"},\"thumbnailUrl\":\"https:\\\/\\\/m.media-amazon.com\\\/images\\\/I\\\/41rh+aRAMWL._SL500_.jpg\",\"datePublished\":\"2022-09-12T00:01:12+00:00\",\"dateModified\":\"2023-04-11T02:28:14+00:00\",\"description\":\"Markt-XXL BODY &amp; EARTH Geschenkbox f\u00fcr Frauen-5tlg. Orchideenduft Geschenkset Frauen, Duftkerze, K\u00f6rperbutter, Handcreme\u2026\",\"breadcrumb\":{\"@id\":\"https:\\\/\\\/marktxxl.de\\\/markt\\\/produkt\\\/body-earth-geschenkbox-fuer-frauen-5tlg-orchideenduft-geschenkset-frauen-duftkerze-koerperbutter-handcreme-badebombe-beauty-set-geschenke-fuer-frauen-freundin-mama-maedchen\\\/#breadcrumb\"},\"inLanguage\":\"de\",\"potentialAction\":[{\"@type\":\"ReadAction\",\"target\":[\"https:\\\/\\\/marktxxl.de\\\/markt\\\/produkt\\\/body-earth-geschenkbox-fuer-frauen-5tlg-orchideenduft-geschenkset-frauen-duftkerze-koerperbutter-handcreme-badebombe-beauty-set-geschenke-fuer-frauen-freundin-mama-maedchen\\\/\"]}]},{\"@type\":\"ImageObject\",\"inLanguage\":\"de\",\"@id\":\"https:\\\/\\\/marktxxl.de\\\/markt\\\/produkt\\\/body-earth-geschenkbox-fuer-frauen-5tlg-orchideenduft-geschenkset-frauen-duftkerze-koerperbutter-handcreme-badebombe-beauty-set-geschenke-fuer-frauen-freundin-mama-maedchen\\\/#primaryimage\",\"url\":\"https:\\\/\\\/m.media-amazon.com\\\/images\\\/I\\\/41rh+aRAMWL._SL500_.jpg\",\"contentUrl\":\"https:\\\/\\\/m.media-amazon.com\\\/images\\\/I\\\/41rh+aRAMWL._SL500_.jpg\",\"width\":500,\"height\":500},{\"@type\":\"BreadcrumbList\",\"@id\":\"https:\\\/\\\/marktxxl.de\\\/markt\\\/produkt\\\/body-earth-geschenkbox-fuer-frauen-5tlg-orchideenduft-geschenkset-frauen-duftkerze-koerperbutter-handcreme-badebombe-beauty-set-geschenke-fuer-frauen-freundin-mama-maedchen\\\/#breadcrumb\",\"itemListElement\":[{\"@type\":\"ListItem\",\"position\":1,\"name\":\"Startseite\",\"item\":\"https:\\\/\\\/marktxxl.de\\\/markt\\\/\"},{\"@type\":\"ListItem\",\"position\":2,\"name\":\"Markt\",\"item\":\"https:\\\/\\\/marktxxl.de\\\/markt\\\/\"},{\"@type\":\"ListItem\",\"position\":3,\"name\":\"BODY &amp; EARTH Geschenkbox f\u00fcr Frauen-5tlg. Orchideenduft Geschenkset Frauen, Duftkerze, K\u00f6rperbutter, Handcreme\u2026\"}]},{\"@type\":\"WebSite\",\"@id\":\"https:\\\/\\\/marktxxl.de\\\/markt\\\/#website\",\"url\":\"https:\\\/\\\/marktxxl.de\\\/markt\\\/\",\"name\":\"Markt-XXL\",\"description\":\"Ihr Markt Online\",\"publisher\":{\"@id\":\"https:\\\/\\\/marktxxl.de\\\/markt\\\/#organization\"},\"potentialAction\":[{\"@type\":\"SearchAction\",\"target\":{\"@type\":\"EntryPoint\",\"urlTemplate\":\"https:\\\/\\\/marktxxl.de\\\/markt\\\/?s={search_term_string}\"},\"query-input\":{\"@type\":\"PropertyValueSpecification\",\"valueRequired\":true,\"valueName\":\"search_term_string\"}}],\"inLanguage\":\"de\"},{\"@type\":\"Organization\",\"@id\":\"https:\\\/\\\/marktxxl.de\\\/markt\\\/#organization\",\"name\":\"Markt-XXL\",\"url\":\"https:\\\/\\\/marktxxl.de\\\/markt\\\/\",\"logo\":{\"@type\":\"ImageObject\",\"inLanguage\":\"de\",\"@id\":\"https:\\\/\\\/marktxxl.de\\\/markt\\\/#\\\/schema\\\/logo\\\/image\\\/\",\"url\":\"https:\\\/\\\/marktxxl.de\\\/markt\\\/wp-content\\\/uploads\\\/sites\\\/3\\\/2020\\\/12\\\/logo.png\",\"contentUrl\":\"https:\\\/\\\/marktxxl.de\\\/markt\\\/wp-content\\\/uploads\\\/sites\\\/3\\\/2020\\\/12\\\/logo.png\",\"width\":200,\"height\":70,\"caption\":\"Markt-XXL\"},\"image\":{\"@id\":\"https:\\\/\\\/marktxxl.de\\\/markt\\\/#\\\/schema\\\/logo\\\/image\\\/\"}}]}<\/script>\n<!-- \/ Yoast SEO plugin. -->","yoast_head_json":{"title":"BODY &amp; EARTH Geschenkbox f\u00fcr Frauen-5tlg. Orchideenduft Geschenkset Frauen, Duftkerze, K\u00f6rperbutter, Handcreme\u2026 - Markt-XXL","description":"Markt-XXL BODY &amp; EARTH Geschenkbox f\u00fcr Frauen-5tlg. Orchideenduft Geschenkset Frauen, Duftkerze, K\u00f6rperbutter, Handcreme\u2026","robots":{"index":"index","follow":"follow","max-snippet":"max-snippet:-1","max-image-preview":"max-image-preview:large","max-video-preview":"max-video-preview:-1"},"canonical":"https:\/\/marktxxl.de\/markt\/produkt\/body-earth-geschenkbox-fuer-frauen-5tlg-orchideenduft-geschenkset-frauen-duftkerze-koerperbutter-handcreme-badebombe-beauty-set-geschenke-fuer-frauen-freundin-mama-maedchen\/","og_locale":"de_DE","og_type":"article","og_title":"BODY &amp; EARTH Geschenkbox f\u00fcr Frauen-5tlg. Orchideenduft Geschenkset Frauen, Duftkerze, K\u00f6rperbutter, Handcreme\u2026 - Markt-XXL","og_description":"Markt-XXL BODY &amp; EARTH Geschenkbox f\u00fcr Frauen-5tlg. Orchideenduft Geschenkset Frauen, Duftkerze, K\u00f6rperbutter, Handcreme\u2026","og_url":"https:\/\/marktxxl.de\/markt\/produkt\/body-earth-geschenkbox-fuer-frauen-5tlg-orchideenduft-geschenkset-frauen-duftkerze-koerperbutter-handcreme-badebombe-beauty-set-geschenke-fuer-frauen-freundin-mama-maedchen\/","og_site_name":"Markt-XXL","article_modified_time":"2023-04-11T02:28:14+00:00","og_image":[{"width":500,"height":500,"url":"https:\/\/m.media-amazon.com\/images\/I\/41rh+aRAMWL._SL500_.jpg","type":"image\/jpeg"}],"twitter_card":"summary_large_image","twitter_misc":{"Gesch\u00e4tzte Lesezeit":"1\u00a0Minute"},"schema":{"@context":"https:\/\/schema.org","@graph":[{"@type":"WebPage","@id":"https:\/\/marktxxl.de\/markt\/produkt\/body-earth-geschenkbox-fuer-frauen-5tlg-orchideenduft-geschenkset-frauen-duftkerze-koerperbutter-handcreme-badebombe-beauty-set-geschenke-fuer-frauen-freundin-mama-maedchen\/","url":"https:\/\/marktxxl.de\/markt\/produkt\/body-earth-geschenkbox-fuer-frauen-5tlg-orchideenduft-geschenkset-frauen-duftkerze-koerperbutter-handcreme-badebombe-beauty-set-geschenke-fuer-frauen-freundin-mama-maedchen\/","name":"BODY &amp; EARTH Geschenkbox f\u00fcr Frauen-5tlg. Orchideenduft Geschenkset Frauen, Duftkerze, K\u00f6rperbutter, Handcreme\u2026 - Markt-XXL","isPartOf":{"@id":"https:\/\/marktxxl.de\/markt\/#website"},"primaryImageOfPage":{"@id":"https:\/\/marktxxl.de\/markt\/produkt\/body-earth-geschenkbox-fuer-frauen-5tlg-orchideenduft-geschenkset-frauen-duftkerze-koerperbutter-handcreme-badebombe-beauty-set-geschenke-fuer-frauen-freundin-mama-maedchen\/#primaryimage"},"image":{"@id":"https:\/\/marktxxl.de\/markt\/produkt\/body-earth-geschenkbox-fuer-frauen-5tlg-orchideenduft-geschenkset-frauen-duftkerze-koerperbutter-handcreme-badebombe-beauty-set-geschenke-fuer-frauen-freundin-mama-maedchen\/#primaryimage"},"thumbnailUrl":"https:\/\/m.media-amazon.com\/images\/I\/41rh+aRAMWL._SL500_.jpg","datePublished":"2022-09-12T00:01:12+00:00","dateModified":"2023-04-11T02:28:14+00:00","description":"Markt-XXL BODY &amp; EARTH Geschenkbox f\u00fcr Frauen-5tlg. Orchideenduft Geschenkset Frauen, Duftkerze, K\u00f6rperbutter, Handcreme\u2026","breadcrumb":{"@id":"https:\/\/marktxxl.de\/markt\/produkt\/body-earth-geschenkbox-fuer-frauen-5tlg-orchideenduft-geschenkset-frauen-duftkerze-koerperbutter-handcreme-badebombe-beauty-set-geschenke-fuer-frauen-freundin-mama-maedchen\/#breadcrumb"},"inLanguage":"de","potentialAction":[{"@type":"ReadAction","target":["https:\/\/marktxxl.de\/markt\/produkt\/body-earth-geschenkbox-fuer-frauen-5tlg-orchideenduft-geschenkset-frauen-duftkerze-koerperbutter-handcreme-badebombe-beauty-set-geschenke-fuer-frauen-freundin-mama-maedchen\/"]}]},{"@type":"ImageObject","inLanguage":"de","@id":"https:\/\/marktxxl.de\/markt\/produkt\/body-earth-geschenkbox-fuer-frauen-5tlg-orchideenduft-geschenkset-frauen-duftkerze-koerperbutter-handcreme-badebombe-beauty-set-geschenke-fuer-frauen-freundin-mama-maedchen\/#primaryimage","url":"https:\/\/m.media-amazon.com\/images\/I\/41rh+aRAMWL._SL500_.jpg","contentUrl":"https:\/\/m.media-amazon.com\/images\/I\/41rh+aRAMWL._SL500_.jpg","width":500,"height":500},{"@type":"BreadcrumbList","@id":"https:\/\/marktxxl.de\/markt\/produkt\/body-earth-geschenkbox-fuer-frauen-5tlg-orchideenduft-geschenkset-frauen-duftkerze-koerperbutter-handcreme-badebombe-beauty-set-geschenke-fuer-frauen-freundin-mama-maedchen\/#breadcrumb","itemListElement":[{"@type":"ListItem","position":1,"name":"Startseite","item":"https:\/\/marktxxl.de\/markt\/"},{"@type":"ListItem","position":2,"name":"Markt","item":"https:\/\/marktxxl.de\/markt\/"},{"@type":"ListItem","position":3,"name":"BODY &amp; EARTH Geschenkbox f\u00fcr Frauen-5tlg. Orchideenduft Geschenkset Frauen, Duftkerze, K\u00f6rperbutter, Handcreme\u2026"}]},{"@type":"WebSite","@id":"https:\/\/marktxxl.de\/markt\/#website","url":"https:\/\/marktxxl.de\/markt\/","name":"Markt-XXL","description":"Ihr Markt Online","publisher":{"@id":"https:\/\/marktxxl.de\/markt\/#organization"},"potentialAction":[{"@type":"SearchAction","target":{"@type":"EntryPoint","urlTemplate":"https:\/\/marktxxl.de\/markt\/?s={search_term_string}"},"query-input":{"@type":"PropertyValueSpecification","valueRequired":true,"valueName":"search_term_string"}}],"inLanguage":"de"},{"@type":"Organization","@id":"https:\/\/marktxxl.de\/markt\/#organization","name":"Markt-XXL","url":"https:\/\/marktxxl.de\/markt\/","logo":{"@type":"ImageObject","inLanguage":"de","@id":"https:\/\/marktxxl.de\/markt\/#\/schema\/logo\/image\/","url":"https:\/\/marktxxl.de\/markt\/wp-content\/uploads\/sites\/3\/2020\/12\/logo.png","contentUrl":"https:\/\/marktxxl.de\/markt\/wp-content\/uploads\/sites\/3\/2020\/12\/logo.png","width":200,"height":70,"caption":"Markt-XXL"},"image":{"@id":"https:\/\/marktxxl.de\/markt\/#\/schema\/logo\/image\/"}}]}},"_links":{"self":[{"href":"https:\/\/marktxxl.de\/markt\/wp-json\/wp\/v2\/product\/148655","targetHints":{"allow":["GET"]}}],"collection":[{"href":"https:\/\/marktxxl.de\/markt\/wp-json\/wp\/v2\/product"}],"about":[{"href":"https:\/\/marktxxl.de\/markt\/wp-json\/wp\/v2\/types\/product"}],"replies":[{"embeddable":true,"href":"https:\/\/marktxxl.de\/markt\/wp-json\/wp\/v2\/comments?post=148655"}],"wp:featuredmedia":[{"embeddable":true,"href":"https:\/\/marktxxl.de\/markt\/wp-json\/wp\/v2\/media\/148656"}],"wp:attachment":[{"href":"https:\/\/marktxxl.de\/markt\/wp-json\/wp\/v2\/media?parent=148655"}],"wp:term":[{"taxonomy":"product_brand","embeddable":true,"href":"https:\/\/marktxxl.de\/markt\/wp-json\/wp\/v2\/product_brand?post=148655"},{"taxonomy":"product_cat","embeddable":true,"href":"https:\/\/marktxxl.de\/markt\/wp-json\/wp\/v2\/product_cat?post=148655"},{"taxonomy":"product_tag","embeddable":true,"href":"https:\/\/marktxxl.de\/markt\/wp-json\/wp\/v2\/product_tag?post=148655"}],"curies":[{"name":"wp","href":"https:\/\/api.w.org\/{rel}","templated":true}]}}