{"id":148448,"date":"2022-09-12T01:52:34","date_gmt":"2022-09-11T23:52:34","guid":{"rendered":"https:\/\/marktxxl.de\/markt\/produkt\/primalan-feinste-mandeloel-emulsion\/"},"modified":"2023-04-07T03:41:12","modified_gmt":"2023-04-07T01:41:12","slug":"primalan-feinste-mandeloel-emulsion","status":"publish","type":"product","link":"https:\/\/marktxxl.de\/markt\/produkt\/primalan-feinste-mandeloel-emulsion\/","title":{"rendered":"PRIMALAN Feinste Mandel\u00f6l-Emulsion (50 ml)"},"content":{"rendered":"<p>Nat\u00fcrliche Rohstoffe \u203a\u203a ohne k\u00fcnstliche Farb- und Konservierungsstoffe \u203a\u203a ohne k\u00fcnstliche Emulgatoren \u203a\u203a ohne mineralische Fette, \u00d6le und Paraffine \u203a\u203a ohne Silikone Bestandteile Mandel\u00f6l, Wasser, Wollwachs, Alkohol, Menthol, Parfum, Xanthan Die Emulsion zeichnet sich dadurch aus, dass sie eine besonders s\u00e4mige Konsistenz hat und rasch einzieht. Erh\u00e4ltlich in folgenden Gr\u00f6\u00dfen: 50 \/ 100 \/ 250 \/ 500 ml. F\u00fcr die 250 und 500ml Flaschen gibt es einen praktischen Spender.<br \/>\n<div class=\"main-cross-sell\" data-asin=\"B00FA360AG\">\n\n\t<div class=\"WooZone-cross-sell-loader\">\n\t\t<div>\n\t\t\t<div id=\"floatingBarsG\">\n\t\t\t\t<div class=\"blockG\" id=\"rotateG_01\"><\/div>\n\t\t\t\t<div class=\"blockG\" id=\"rotateG_02\"><\/div>\n\t\t\t\t<div class=\"blockG\" id=\"rotateG_03\"><\/div>\n\t\t\t\t<div class=\"blockG\" id=\"rotateG_04\"><\/div>\n\t\t\t\t<div class=\"blockG\" id=\"rotateG_05\"><\/div>\n\t\t\t\t<div class=\"blockG\" id=\"rotateG_06\"><\/div>\n\t\t\t\t<div class=\"blockG\" id=\"rotateG_07\"><\/div>\n\t\t\t\t<div class=\"blockG\" id=\"rotateG_08\"><\/div>\n\t\t\t<\/div>\n\t\t\t<div class=\"WooZone-cross-sell-loader-text\"><\/div>\n\t\t<\/div>\n\t<\/div>\n\n\t\t\n<\/div>\n<div style=\"clear:both;\"><\/div><\/p>\n","protected":false},"excerpt":{"rendered":"<p>Nat\u00fcrliche Rohstoffe \u203a\u203a ohne k\u00fcnstliche Farb- und Konservierungsstoffe \u203a\u203a ohne k\u00fcnstliche Emulgatoren \u203a\u203a ohne mineralische Fette, \u00d6le und Paraffine \u203a\u203a ohne Silikone Bestandteile Mandel\u00f6l, Wasser, Wollwachs, Alkohol, Menthol, Parfum, Xanthan Die Emulsion zeichnet sich dadurch aus, dass sie eine besonders s\u00e4mige Konsistenz hat und rasch einzieht. Erh\u00e4ltlich in folgenden Gr\u00f6\u00dfen: 50 \/ 100 \/ 250 \/ 500 ml. F\u00fcr die 250 und 500ml Flaschen gibt es einen praktischen Spender.<\/p>\n","protected":false},"featured_media":148449,"comment_status":"open","ping_status":"closed","template":"","meta":[],"product_brand":[],"product_cat":[2858,6632],"product_tag":[],"class_list":{"0":"post-148448","1":"product","2":"type-product","3":"status-publish","4":"has-post-thumbnail","6":"product_cat-beauty","7":"product_cat-beauty-pflegesets","8":"pa_brand-primalan","9":"pa_manufacturer-kosmetik-r-neuner","11":"first","12":"instock","13":"shipping-taxable","14":"purchasable","15":"product-type-simple","16":"customify-col","17":"product-has-gallery"},"yoast_head":"<!-- This site is optimized with the Yoast SEO plugin v27.3 - https:\/\/yoast.com\/product\/yoast-seo-wordpress\/ -->\n<title>PRIMALAN Feinste Mandel\u00f6l-Emulsion (50 ml) - Markt-XXL<\/title>\n<meta name=\"description\" content=\"Markt-XXL PRIMALAN Feinste Mandel\u00f6l-Emulsion (50 ml)\" \/>\n<meta name=\"robots\" content=\"index, follow, max-snippet:-1, max-image-preview:large, max-video-preview:-1\" \/>\n<link rel=\"canonical\" href=\"https:\/\/marktxxl.de\/markt\/produkt\/primalan-feinste-mandeloel-emulsion\/\" \/>\n<meta property=\"og:locale\" content=\"de_DE\" \/>\n<meta property=\"og:type\" content=\"article\" \/>\n<meta property=\"og:title\" content=\"PRIMALAN Feinste Mandel\u00f6l-Emulsion (50 ml) - Markt-XXL\" \/>\n<meta property=\"og:description\" content=\"Markt-XXL PRIMALAN Feinste Mandel\u00f6l-Emulsion (50 ml)\" \/>\n<meta property=\"og:url\" content=\"https:\/\/marktxxl.de\/markt\/produkt\/primalan-feinste-mandeloel-emulsion\/\" \/>\n<meta property=\"og:site_name\" content=\"Markt-XXL\" \/>\n<meta property=\"article:modified_time\" content=\"2023-04-07T01:41:12+00:00\" \/>\n<meta property=\"og:image\" content=\"https:\/\/m.media-amazon.com\/images\/I\/31jVaa9CNcL._SL500_.jpg\" \/>\n\t<meta property=\"og:image:width\" content=\"500\" \/>\n\t<meta property=\"og:image:height\" content=\"500\" \/>\n\t<meta property=\"og:image:type\" content=\"image\/jpeg\" \/>\n<meta name=\"twitter:card\" content=\"summary_large_image\" \/>\n<script type=\"application\/ld+json\" class=\"yoast-schema-graph\">{\"@context\":\"https:\\\/\\\/schema.org\",\"@graph\":[{\"@type\":\"WebPage\",\"@id\":\"https:\\\/\\\/marktxxl.de\\\/markt\\\/produkt\\\/primalan-feinste-mandeloel-emulsion\\\/\",\"url\":\"https:\\\/\\\/marktxxl.de\\\/markt\\\/produkt\\\/primalan-feinste-mandeloel-emulsion\\\/\",\"name\":\"PRIMALAN Feinste Mandel\u00f6l-Emulsion (50 ml) - Markt-XXL\",\"isPartOf\":{\"@id\":\"https:\\\/\\\/marktxxl.de\\\/markt\\\/#website\"},\"primaryImageOfPage\":{\"@id\":\"https:\\\/\\\/marktxxl.de\\\/markt\\\/produkt\\\/primalan-feinste-mandeloel-emulsion\\\/#primaryimage\"},\"image\":{\"@id\":\"https:\\\/\\\/marktxxl.de\\\/markt\\\/produkt\\\/primalan-feinste-mandeloel-emulsion\\\/#primaryimage\"},\"thumbnailUrl\":\"https:\\\/\\\/m.media-amazon.com\\\/images\\\/I\\\/31jVaa9CNcL._SL500_.jpg\",\"datePublished\":\"2022-09-11T23:52:34+00:00\",\"dateModified\":\"2023-04-07T01:41:12+00:00\",\"description\":\"Markt-XXL PRIMALAN Feinste Mandel\u00f6l-Emulsion (50 ml)\",\"breadcrumb\":{\"@id\":\"https:\\\/\\\/marktxxl.de\\\/markt\\\/produkt\\\/primalan-feinste-mandeloel-emulsion\\\/#breadcrumb\"},\"inLanguage\":\"de\",\"potentialAction\":[{\"@type\":\"ReadAction\",\"target\":[\"https:\\\/\\\/marktxxl.de\\\/markt\\\/produkt\\\/primalan-feinste-mandeloel-emulsion\\\/\"]}]},{\"@type\":\"ImageObject\",\"inLanguage\":\"de\",\"@id\":\"https:\\\/\\\/marktxxl.de\\\/markt\\\/produkt\\\/primalan-feinste-mandeloel-emulsion\\\/#primaryimage\",\"url\":\"https:\\\/\\\/m.media-amazon.com\\\/images\\\/I\\\/31jVaa9CNcL._SL500_.jpg\",\"contentUrl\":\"https:\\\/\\\/m.media-amazon.com\\\/images\\\/I\\\/31jVaa9CNcL._SL500_.jpg\",\"width\":500,\"height\":500},{\"@type\":\"BreadcrumbList\",\"@id\":\"https:\\\/\\\/marktxxl.de\\\/markt\\\/produkt\\\/primalan-feinste-mandeloel-emulsion\\\/#breadcrumb\",\"itemListElement\":[{\"@type\":\"ListItem\",\"position\":1,\"name\":\"Startseite\",\"item\":\"https:\\\/\\\/marktxxl.de\\\/markt\\\/\"},{\"@type\":\"ListItem\",\"position\":2,\"name\":\"Markt\",\"item\":\"https:\\\/\\\/marktxxl.de\\\/markt\\\/\"},{\"@type\":\"ListItem\",\"position\":3,\"name\":\"PRIMALAN Feinste Mandel\u00f6l-Emulsion (50 ml)\"}]},{\"@type\":\"WebSite\",\"@id\":\"https:\\\/\\\/marktxxl.de\\\/markt\\\/#website\",\"url\":\"https:\\\/\\\/marktxxl.de\\\/markt\\\/\",\"name\":\"Markt-XXL\",\"description\":\"Ihr Markt Online\",\"publisher\":{\"@id\":\"https:\\\/\\\/marktxxl.de\\\/markt\\\/#organization\"},\"potentialAction\":[{\"@type\":\"SearchAction\",\"target\":{\"@type\":\"EntryPoint\",\"urlTemplate\":\"https:\\\/\\\/marktxxl.de\\\/markt\\\/?s={search_term_string}\"},\"query-input\":{\"@type\":\"PropertyValueSpecification\",\"valueRequired\":true,\"valueName\":\"search_term_string\"}}],\"inLanguage\":\"de\"},{\"@type\":\"Organization\",\"@id\":\"https:\\\/\\\/marktxxl.de\\\/markt\\\/#organization\",\"name\":\"Markt-XXL\",\"url\":\"https:\\\/\\\/marktxxl.de\\\/markt\\\/\",\"logo\":{\"@type\":\"ImageObject\",\"inLanguage\":\"de\",\"@id\":\"https:\\\/\\\/marktxxl.de\\\/markt\\\/#\\\/schema\\\/logo\\\/image\\\/\",\"url\":\"https:\\\/\\\/marktxxl.de\\\/markt\\\/wp-content\\\/uploads\\\/sites\\\/3\\\/2020\\\/12\\\/logo.png\",\"contentUrl\":\"https:\\\/\\\/marktxxl.de\\\/markt\\\/wp-content\\\/uploads\\\/sites\\\/3\\\/2020\\\/12\\\/logo.png\",\"width\":200,\"height\":70,\"caption\":\"Markt-XXL\"},\"image\":{\"@id\":\"https:\\\/\\\/marktxxl.de\\\/markt\\\/#\\\/schema\\\/logo\\\/image\\\/\"}}]}<\/script>\n<!-- \/ Yoast SEO plugin. -->","yoast_head_json":{"title":"PRIMALAN Feinste Mandel\u00f6l-Emulsion (50 ml) - Markt-XXL","description":"Markt-XXL PRIMALAN Feinste Mandel\u00f6l-Emulsion (50 ml)","robots":{"index":"index","follow":"follow","max-snippet":"max-snippet:-1","max-image-preview":"max-image-preview:large","max-video-preview":"max-video-preview:-1"},"canonical":"https:\/\/marktxxl.de\/markt\/produkt\/primalan-feinste-mandeloel-emulsion\/","og_locale":"de_DE","og_type":"article","og_title":"PRIMALAN Feinste Mandel\u00f6l-Emulsion (50 ml) - Markt-XXL","og_description":"Markt-XXL PRIMALAN Feinste Mandel\u00f6l-Emulsion (50 ml)","og_url":"https:\/\/marktxxl.de\/markt\/produkt\/primalan-feinste-mandeloel-emulsion\/","og_site_name":"Markt-XXL","article_modified_time":"2023-04-07T01:41:12+00:00","og_image":[{"width":500,"height":500,"url":"https:\/\/m.media-amazon.com\/images\/I\/31jVaa9CNcL._SL500_.jpg","type":"image\/jpeg"}],"twitter_card":"summary_large_image","schema":{"@context":"https:\/\/schema.org","@graph":[{"@type":"WebPage","@id":"https:\/\/marktxxl.de\/markt\/produkt\/primalan-feinste-mandeloel-emulsion\/","url":"https:\/\/marktxxl.de\/markt\/produkt\/primalan-feinste-mandeloel-emulsion\/","name":"PRIMALAN Feinste Mandel\u00f6l-Emulsion (50 ml) - Markt-XXL","isPartOf":{"@id":"https:\/\/marktxxl.de\/markt\/#website"},"primaryImageOfPage":{"@id":"https:\/\/marktxxl.de\/markt\/produkt\/primalan-feinste-mandeloel-emulsion\/#primaryimage"},"image":{"@id":"https:\/\/marktxxl.de\/markt\/produkt\/primalan-feinste-mandeloel-emulsion\/#primaryimage"},"thumbnailUrl":"https:\/\/m.media-amazon.com\/images\/I\/31jVaa9CNcL._SL500_.jpg","datePublished":"2022-09-11T23:52:34+00:00","dateModified":"2023-04-07T01:41:12+00:00","description":"Markt-XXL PRIMALAN Feinste Mandel\u00f6l-Emulsion (50 ml)","breadcrumb":{"@id":"https:\/\/marktxxl.de\/markt\/produkt\/primalan-feinste-mandeloel-emulsion\/#breadcrumb"},"inLanguage":"de","potentialAction":[{"@type":"ReadAction","target":["https:\/\/marktxxl.de\/markt\/produkt\/primalan-feinste-mandeloel-emulsion\/"]}]},{"@type":"ImageObject","inLanguage":"de","@id":"https:\/\/marktxxl.de\/markt\/produkt\/primalan-feinste-mandeloel-emulsion\/#primaryimage","url":"https:\/\/m.media-amazon.com\/images\/I\/31jVaa9CNcL._SL500_.jpg","contentUrl":"https:\/\/m.media-amazon.com\/images\/I\/31jVaa9CNcL._SL500_.jpg","width":500,"height":500},{"@type":"BreadcrumbList","@id":"https:\/\/marktxxl.de\/markt\/produkt\/primalan-feinste-mandeloel-emulsion\/#breadcrumb","itemListElement":[{"@type":"ListItem","position":1,"name":"Startseite","item":"https:\/\/marktxxl.de\/markt\/"},{"@type":"ListItem","position":2,"name":"Markt","item":"https:\/\/marktxxl.de\/markt\/"},{"@type":"ListItem","position":3,"name":"PRIMALAN Feinste Mandel\u00f6l-Emulsion (50 ml)"}]},{"@type":"WebSite","@id":"https:\/\/marktxxl.de\/markt\/#website","url":"https:\/\/marktxxl.de\/markt\/","name":"Markt-XXL","description":"Ihr Markt Online","publisher":{"@id":"https:\/\/marktxxl.de\/markt\/#organization"},"potentialAction":[{"@type":"SearchAction","target":{"@type":"EntryPoint","urlTemplate":"https:\/\/marktxxl.de\/markt\/?s={search_term_string}"},"query-input":{"@type":"PropertyValueSpecification","valueRequired":true,"valueName":"search_term_string"}}],"inLanguage":"de"},{"@type":"Organization","@id":"https:\/\/marktxxl.de\/markt\/#organization","name":"Markt-XXL","url":"https:\/\/marktxxl.de\/markt\/","logo":{"@type":"ImageObject","inLanguage":"de","@id":"https:\/\/marktxxl.de\/markt\/#\/schema\/logo\/image\/","url":"https:\/\/marktxxl.de\/markt\/wp-content\/uploads\/sites\/3\/2020\/12\/logo.png","contentUrl":"https:\/\/marktxxl.de\/markt\/wp-content\/uploads\/sites\/3\/2020\/12\/logo.png","width":200,"height":70,"caption":"Markt-XXL"},"image":{"@id":"https:\/\/marktxxl.de\/markt\/#\/schema\/logo\/image\/"}}]}},"_links":{"self":[{"href":"https:\/\/marktxxl.de\/markt\/wp-json\/wp\/v2\/product\/148448","targetHints":{"allow":["GET"]}}],"collection":[{"href":"https:\/\/marktxxl.de\/markt\/wp-json\/wp\/v2\/product"}],"about":[{"href":"https:\/\/marktxxl.de\/markt\/wp-json\/wp\/v2\/types\/product"}],"replies":[{"embeddable":true,"href":"https:\/\/marktxxl.de\/markt\/wp-json\/wp\/v2\/comments?post=148448"}],"wp:featuredmedia":[{"embeddable":true,"href":"https:\/\/marktxxl.de\/markt\/wp-json\/wp\/v2\/media\/148449"}],"wp:attachment":[{"href":"https:\/\/marktxxl.de\/markt\/wp-json\/wp\/v2\/media?parent=148448"}],"wp:term":[{"taxonomy":"product_brand","embeddable":true,"href":"https:\/\/marktxxl.de\/markt\/wp-json\/wp\/v2\/product_brand?post=148448"},{"taxonomy":"product_cat","embeddable":true,"href":"https:\/\/marktxxl.de\/markt\/wp-json\/wp\/v2\/product_cat?post=148448"},{"taxonomy":"product_tag","embeddable":true,"href":"https:\/\/marktxxl.de\/markt\/wp-json\/wp\/v2\/product_tag?post=148448"}],"curies":[{"name":"wp","href":"https:\/\/api.w.org\/{rel}","templated":true}]}}