{"id":148226,"date":"2022-09-12T01:19:54","date_gmt":"2022-09-11T23:19:54","guid":{"rendered":"https:\/\/marktxxl.de\/markt\/produkt\/wimpernverlaengerung-shampoo-50-ml-pinsel-augenlid-schaumreiniger-sensitive-paraben-und-sulfatfrei-wimpernwaschung-und-wimpernbad-fuer-extensions-salongebrauch-und-haushaltspflege\/"},"modified":"2023-04-09T04:07:30","modified_gmt":"2023-04-09T02:07:30","slug":"wimpernverlaengerung-shampoo-50-ml-pinsel-augenlid-schaumreiniger-sensitive-paraben-und-sulfatfrei-wimpernwaschung-und-wimpernbad-fuer-extensions-salongebrauch-und-haushaltspflege","status":"publish","type":"product","link":"https:\/\/marktxxl.de\/markt\/produkt\/wimpernverlaengerung-shampoo-50-ml-pinsel-augenlid-schaumreiniger-sensitive-paraben-und-sulfatfrei-wimpernwaschung-und-wimpernbad-fuer-extensions-salongebrauch-und-haushaltspflege\/","title":{"rendered":"Wimpernverl\u00e4ngerung Shampoo 50 ml + Pinsel &#8211; Augenlid Schaumreiniger &#8211; Sensitive Paraben- und Sulfatfrei\u2026"},"content":{"rendered":"<p>\ud83d\udc9fMererke_Pretty LASH SHAMPOO \u2013 Sehr sanfte, leichte und \u00f6lfreie Formel, gro\u00dfartiger Augen-Make-up-Entferner, sch\u00e4umender Reiniger f\u00fcr Wimpernverl\u00e4ngerungen Premium-Set enth\u00e4lt ein 50 ml sch\u00e4umendes Wimpernshampoo und eine Reinigungsb\u00fcrste.<br \/>\n\ud83d\udc9fSALON-VERWENDUNG F\u00dcR IHRE KUNDEN \u2013 Das Wimpernshampoo entfernt effektiv \u00d6l- und Schmutzablagerungen an Wimpern, Lidr\u00e4ndern und unter den Augen. Verwenden Sie diesen Wimpernreiniger, um die nat\u00fcrlichen Wimpern des Kunden vor dem Auftragen des Extenders vorzubereiten, um eine bessere Haftung zu erzielen und somit die Aufbewahrungszeit verl\u00e4ngern.<br \/>\n\ud83d\udc9fPERFEKT F\u00dcR DEN HAUSGEBRAUCH \u2013 Reinigt effektiv nat\u00fcrliche Wimpern und ist sicher f\u00fcr Make-up-Entferner und Wimpernw\u00e4sche vor und nach dem Auftragen von professionellem Wimpernkleber, um eine l\u00e4ngere Lebensdauer der Wimpernverl\u00e4ngerung und ein besseres Mascara-Aussehen zu erzielen.<br \/>\n\ud83d\udc9fNAT\u00dcRLICH UND SICHER \u2013 Unser speziell entwickelter sch\u00e4umender Reiniger verwendet sanft auf den Augenlidern und wird nach h\u00f6chsten Standards hergestellt. Kein Ethylenoxid, kein Polyquaternium, kein Trimethylglycin usw., die normalerweise in \u00e4hnlichen Produkten enthalten sind. Sollte das Produkt in die Augen gelangen, waschen Sie es mit flie\u00dfendem Wasser ab!<br \/>\n\ud83d\udc9fVORTEIL VON WIMPERNSHAMPOO \u2013 Dieses erstaunliche entfernt effektiv Schmutz, \u00d6l und Make-up, entfernt sogar wasserfestes Augen-Make-up, um die Gesundheit der Wimpern und Augenlider zu erhalten und die Lebensdauer der Wimpernverl\u00e4ngerung zu verl\u00e4ngern Reizungen minimieren.<br \/>\n<div class=\"main-cross-sell\" data-asin=\"B0827RZ29W\">\n\n\t<div class=\"WooZone-cross-sell-loader\">\n\t\t<div>\n\t\t\t<div id=\"floatingBarsG\">\n\t\t\t\t<div class=\"blockG\" id=\"rotateG_01\"><\/div>\n\t\t\t\t<div class=\"blockG\" id=\"rotateG_02\"><\/div>\n\t\t\t\t<div class=\"blockG\" id=\"rotateG_03\"><\/div>\n\t\t\t\t<div class=\"blockG\" id=\"rotateG_04\"><\/div>\n\t\t\t\t<div class=\"blockG\" id=\"rotateG_05\"><\/div>\n\t\t\t\t<div class=\"blockG\" id=\"rotateG_06\"><\/div>\n\t\t\t\t<div class=\"blockG\" id=\"rotateG_07\"><\/div>\n\t\t\t\t<div class=\"blockG\" id=\"rotateG_08\"><\/div>\n\t\t\t<\/div>\n\t\t\t<div class=\"WooZone-cross-sell-loader-text\"><\/div>\n\t\t<\/div>\n\t<\/div>\n\n\t\t\n<\/div>\n<div style=\"clear:both;\"><\/div><\/p>\n","protected":false},"excerpt":{"rendered":"<p>\ud83d\udc9fMererke_Pretty LASH SHAMPOO \u2013 Sehr sanfte, leichte und \u00f6lfreie Formel, gro\u00dfartiger Augen-Make-up-Entferner, sch\u00e4umender Reiniger f\u00fcr Wimpernverl\u00e4ngerungen Premium-Set enth\u00e4lt ein 50 ml sch\u00e4umendes Wimpernshampoo und eine Reinigungsb\u00fcrste.<br \/>\n\ud83d\udc9fSALON-VERWENDUNG F\u00dcR IHRE KUNDEN \u2013 Das Wimpernshampoo entfernt effektiv \u00d6l- und Schmutzablagerungen an Wimpern, Lidr\u00e4ndern und unter den Augen. Verwenden Sie diesen Wimpernreiniger, um die nat\u00fcrlichen Wimpern des Kunden vor dem Auftragen des Extenders vorzubereiten, um eine bessere Haftung zu erzielen und somit die Aufbewahrungszeit verl\u00e4ngern.<br \/>\n\ud83d\udc9fPERFEKT F\u00dcR DEN HAUSGEBRAUCH \u2013 Reinigt effektiv nat\u00fcrliche Wimpern und ist sicher f\u00fcr Make-up-Entferner und Wimpernw\u00e4sche vor und nach dem Auftragen von professionellem Wimpernkleber, um eine l\u00e4ngere Lebensdauer der Wimpernverl\u00e4ngerung und ein besseres Mascara-Aussehen zu erzielen.<\/p>\n","protected":false},"featured_media":148227,"comment_status":"open","ping_status":"closed","template":"","meta":[],"product_brand":[],"product_cat":[2858,7575],"product_tag":[],"class_list":{"0":"post-148226","1":"product","2":"type-product","3":"status-publish","4":"has-post-thumbnail","6":"product_cat-beauty","7":"product_cat-make-up","8":"pa_brand-mererke_pretty","9":"pa_manufacturer-mererke_pretty","10":"pa_size-3-teiliges-set","12":"first","13":"instock","14":"shipping-taxable","15":"purchasable","16":"product-type-simple","17":"customify-col","18":"product-has-gallery"},"yoast_head":"<!-- This site is optimized with the Yoast SEO plugin v27.4 - https:\/\/yoast.com\/product\/yoast-seo-wordpress\/ -->\n<title>Wimpernverl\u00e4ngerung Shampoo 50 ml + Pinsel - Augenlid Schaumreiniger - Sensitive Paraben- und Sulfatfrei\u2026 - Markt-XXL<\/title>\n<meta name=\"description\" content=\"Markt-XXL Wimpernverl\u00e4ngerung Shampoo 50 ml + Pinsel - Augenlid Schaumreiniger - Sensitive Paraben- und Sulfatfrei\u2026\" \/>\n<meta name=\"robots\" content=\"index, follow, max-snippet:-1, max-image-preview:large, max-video-preview:-1\" \/>\n<link rel=\"canonical\" href=\"https:\/\/marktxxl.de\/markt\/produkt\/wimpernverlaengerung-shampoo-50-ml-pinsel-augenlid-schaumreiniger-sensitive-paraben-und-sulfatfrei-wimpernwaschung-und-wimpernbad-fuer-extensions-salongebrauch-und-haushaltspflege\/\" \/>\n<meta property=\"og:locale\" content=\"de_DE\" \/>\n<meta property=\"og:type\" content=\"article\" \/>\n<meta property=\"og:title\" content=\"Wimpernverl\u00e4ngerung Shampoo 50 ml + Pinsel - Augenlid Schaumreiniger - Sensitive Paraben- und Sulfatfrei\u2026 - Markt-XXL\" \/>\n<meta property=\"og:description\" content=\"Markt-XXL Wimpernverl\u00e4ngerung Shampoo 50 ml + Pinsel - Augenlid Schaumreiniger - Sensitive Paraben- und Sulfatfrei\u2026\" \/>\n<meta property=\"og:url\" content=\"https:\/\/marktxxl.de\/markt\/produkt\/wimpernverlaengerung-shampoo-50-ml-pinsel-augenlid-schaumreiniger-sensitive-paraben-und-sulfatfrei-wimpernwaschung-und-wimpernbad-fuer-extensions-salongebrauch-und-haushaltspflege\/\" \/>\n<meta property=\"og:site_name\" content=\"Markt-XXL\" \/>\n<meta property=\"article:modified_time\" content=\"2023-04-09T02:07:30+00:00\" \/>\n<meta property=\"og:image\" content=\"https:\/\/m.media-amazon.com\/images\/I\/51U0VdSYZnS._SL500_.jpg\" \/>\n\t<meta property=\"og:image:width\" content=\"500\" \/>\n\t<meta property=\"og:image:height\" content=\"500\" \/>\n\t<meta property=\"og:image:type\" content=\"image\/jpeg\" \/>\n<meta name=\"twitter:card\" content=\"summary_large_image\" \/>\n<meta name=\"twitter:label1\" content=\"Gesch\u00e4tzte Lesezeit\" \/>\n\t<meta name=\"twitter:data1\" content=\"1\u00a0Minute\" \/>\n<script type=\"application\/ld+json\" class=\"yoast-schema-graph\">{\"@context\":\"https:\\\/\\\/schema.org\",\"@graph\":[{\"@type\":\"WebPage\",\"@id\":\"https:\\\/\\\/marktxxl.de\\\/markt\\\/produkt\\\/wimpernverlaengerung-shampoo-50-ml-pinsel-augenlid-schaumreiniger-sensitive-paraben-und-sulfatfrei-wimpernwaschung-und-wimpernbad-fuer-extensions-salongebrauch-und-haushaltspflege\\\/\",\"url\":\"https:\\\/\\\/marktxxl.de\\\/markt\\\/produkt\\\/wimpernverlaengerung-shampoo-50-ml-pinsel-augenlid-schaumreiniger-sensitive-paraben-und-sulfatfrei-wimpernwaschung-und-wimpernbad-fuer-extensions-salongebrauch-und-haushaltspflege\\\/\",\"name\":\"Wimpernverl\u00e4ngerung Shampoo 50 ml + Pinsel - Augenlid Schaumreiniger - Sensitive Paraben- und Sulfatfrei\u2026 - Markt-XXL\",\"isPartOf\":{\"@id\":\"https:\\\/\\\/marktxxl.de\\\/markt\\\/#website\"},\"primaryImageOfPage\":{\"@id\":\"https:\\\/\\\/marktxxl.de\\\/markt\\\/produkt\\\/wimpernverlaengerung-shampoo-50-ml-pinsel-augenlid-schaumreiniger-sensitive-paraben-und-sulfatfrei-wimpernwaschung-und-wimpernbad-fuer-extensions-salongebrauch-und-haushaltspflege\\\/#primaryimage\"},\"image\":{\"@id\":\"https:\\\/\\\/marktxxl.de\\\/markt\\\/produkt\\\/wimpernverlaengerung-shampoo-50-ml-pinsel-augenlid-schaumreiniger-sensitive-paraben-und-sulfatfrei-wimpernwaschung-und-wimpernbad-fuer-extensions-salongebrauch-und-haushaltspflege\\\/#primaryimage\"},\"thumbnailUrl\":\"https:\\\/\\\/m.media-amazon.com\\\/images\\\/I\\\/51U0VdSYZnS._SL500_.jpg\",\"datePublished\":\"2022-09-11T23:19:54+00:00\",\"dateModified\":\"2023-04-09T02:07:30+00:00\",\"description\":\"Markt-XXL Wimpernverl\u00e4ngerung Shampoo 50 ml + Pinsel - Augenlid Schaumreiniger - Sensitive Paraben- und Sulfatfrei\u2026\",\"breadcrumb\":{\"@id\":\"https:\\\/\\\/marktxxl.de\\\/markt\\\/produkt\\\/wimpernverlaengerung-shampoo-50-ml-pinsel-augenlid-schaumreiniger-sensitive-paraben-und-sulfatfrei-wimpernwaschung-und-wimpernbad-fuer-extensions-salongebrauch-und-haushaltspflege\\\/#breadcrumb\"},\"inLanguage\":\"de\",\"potentialAction\":[{\"@type\":\"ReadAction\",\"target\":[\"https:\\\/\\\/marktxxl.de\\\/markt\\\/produkt\\\/wimpernverlaengerung-shampoo-50-ml-pinsel-augenlid-schaumreiniger-sensitive-paraben-und-sulfatfrei-wimpernwaschung-und-wimpernbad-fuer-extensions-salongebrauch-und-haushaltspflege\\\/\"]}]},{\"@type\":\"ImageObject\",\"inLanguage\":\"de\",\"@id\":\"https:\\\/\\\/marktxxl.de\\\/markt\\\/produkt\\\/wimpernverlaengerung-shampoo-50-ml-pinsel-augenlid-schaumreiniger-sensitive-paraben-und-sulfatfrei-wimpernwaschung-und-wimpernbad-fuer-extensions-salongebrauch-und-haushaltspflege\\\/#primaryimage\",\"url\":\"https:\\\/\\\/m.media-amazon.com\\\/images\\\/I\\\/51U0VdSYZnS._SL500_.jpg\",\"contentUrl\":\"https:\\\/\\\/m.media-amazon.com\\\/images\\\/I\\\/51U0VdSYZnS._SL500_.jpg\",\"width\":500,\"height\":500},{\"@type\":\"BreadcrumbList\",\"@id\":\"https:\\\/\\\/marktxxl.de\\\/markt\\\/produkt\\\/wimpernverlaengerung-shampoo-50-ml-pinsel-augenlid-schaumreiniger-sensitive-paraben-und-sulfatfrei-wimpernwaschung-und-wimpernbad-fuer-extensions-salongebrauch-und-haushaltspflege\\\/#breadcrumb\",\"itemListElement\":[{\"@type\":\"ListItem\",\"position\":1,\"name\":\"Startseite\",\"item\":\"https:\\\/\\\/marktxxl.de\\\/markt\\\/\"},{\"@type\":\"ListItem\",\"position\":2,\"name\":\"Markt\",\"item\":\"https:\\\/\\\/marktxxl.de\\\/markt\\\/\"},{\"@type\":\"ListItem\",\"position\":3,\"name\":\"Wimpernverl\u00e4ngerung Shampoo 50 ml + Pinsel &#8211; Augenlid Schaumreiniger &#8211; Sensitive Paraben- und Sulfatfrei\u2026\"}]},{\"@type\":\"WebSite\",\"@id\":\"https:\\\/\\\/marktxxl.de\\\/markt\\\/#website\",\"url\":\"https:\\\/\\\/marktxxl.de\\\/markt\\\/\",\"name\":\"Markt-XXL\",\"description\":\"Ihr Markt Online\",\"publisher\":{\"@id\":\"https:\\\/\\\/marktxxl.de\\\/markt\\\/#organization\"},\"potentialAction\":[{\"@type\":\"SearchAction\",\"target\":{\"@type\":\"EntryPoint\",\"urlTemplate\":\"https:\\\/\\\/marktxxl.de\\\/markt\\\/?s={search_term_string}\"},\"query-input\":{\"@type\":\"PropertyValueSpecification\",\"valueRequired\":true,\"valueName\":\"search_term_string\"}}],\"inLanguage\":\"de\"},{\"@type\":\"Organization\",\"@id\":\"https:\\\/\\\/marktxxl.de\\\/markt\\\/#organization\",\"name\":\"Markt-XXL\",\"url\":\"https:\\\/\\\/marktxxl.de\\\/markt\\\/\",\"logo\":{\"@type\":\"ImageObject\",\"inLanguage\":\"de\",\"@id\":\"https:\\\/\\\/marktxxl.de\\\/markt\\\/#\\\/schema\\\/logo\\\/image\\\/\",\"url\":\"https:\\\/\\\/marktxxl.de\\\/markt\\\/wp-content\\\/uploads\\\/sites\\\/3\\\/2020\\\/12\\\/logo.png\",\"contentUrl\":\"https:\\\/\\\/marktxxl.de\\\/markt\\\/wp-content\\\/uploads\\\/sites\\\/3\\\/2020\\\/12\\\/logo.png\",\"width\":200,\"height\":70,\"caption\":\"Markt-XXL\"},\"image\":{\"@id\":\"https:\\\/\\\/marktxxl.de\\\/markt\\\/#\\\/schema\\\/logo\\\/image\\\/\"}}]}<\/script>\n<!-- \/ Yoast SEO plugin. -->","yoast_head_json":{"title":"Wimpernverl\u00e4ngerung Shampoo 50 ml + Pinsel - Augenlid Schaumreiniger - Sensitive Paraben- und Sulfatfrei\u2026 - Markt-XXL","description":"Markt-XXL Wimpernverl\u00e4ngerung Shampoo 50 ml + Pinsel - Augenlid Schaumreiniger - Sensitive Paraben- und Sulfatfrei\u2026","robots":{"index":"index","follow":"follow","max-snippet":"max-snippet:-1","max-image-preview":"max-image-preview:large","max-video-preview":"max-video-preview:-1"},"canonical":"https:\/\/marktxxl.de\/markt\/produkt\/wimpernverlaengerung-shampoo-50-ml-pinsel-augenlid-schaumreiniger-sensitive-paraben-und-sulfatfrei-wimpernwaschung-und-wimpernbad-fuer-extensions-salongebrauch-und-haushaltspflege\/","og_locale":"de_DE","og_type":"article","og_title":"Wimpernverl\u00e4ngerung Shampoo 50 ml + Pinsel - Augenlid Schaumreiniger - Sensitive Paraben- und Sulfatfrei\u2026 - Markt-XXL","og_description":"Markt-XXL Wimpernverl\u00e4ngerung Shampoo 50 ml + Pinsel - Augenlid Schaumreiniger - Sensitive Paraben- und Sulfatfrei\u2026","og_url":"https:\/\/marktxxl.de\/markt\/produkt\/wimpernverlaengerung-shampoo-50-ml-pinsel-augenlid-schaumreiniger-sensitive-paraben-und-sulfatfrei-wimpernwaschung-und-wimpernbad-fuer-extensions-salongebrauch-und-haushaltspflege\/","og_site_name":"Markt-XXL","article_modified_time":"2023-04-09T02:07:30+00:00","og_image":[{"width":500,"height":500,"url":"https:\/\/m.media-amazon.com\/images\/I\/51U0VdSYZnS._SL500_.jpg","type":"image\/jpeg"}],"twitter_card":"summary_large_image","twitter_misc":{"Gesch\u00e4tzte Lesezeit":"1\u00a0Minute"},"schema":{"@context":"https:\/\/schema.org","@graph":[{"@type":"WebPage","@id":"https:\/\/marktxxl.de\/markt\/produkt\/wimpernverlaengerung-shampoo-50-ml-pinsel-augenlid-schaumreiniger-sensitive-paraben-und-sulfatfrei-wimpernwaschung-und-wimpernbad-fuer-extensions-salongebrauch-und-haushaltspflege\/","url":"https:\/\/marktxxl.de\/markt\/produkt\/wimpernverlaengerung-shampoo-50-ml-pinsel-augenlid-schaumreiniger-sensitive-paraben-und-sulfatfrei-wimpernwaschung-und-wimpernbad-fuer-extensions-salongebrauch-und-haushaltspflege\/","name":"Wimpernverl\u00e4ngerung Shampoo 50 ml + Pinsel - Augenlid Schaumreiniger - Sensitive Paraben- und Sulfatfrei\u2026 - Markt-XXL","isPartOf":{"@id":"https:\/\/marktxxl.de\/markt\/#website"},"primaryImageOfPage":{"@id":"https:\/\/marktxxl.de\/markt\/produkt\/wimpernverlaengerung-shampoo-50-ml-pinsel-augenlid-schaumreiniger-sensitive-paraben-und-sulfatfrei-wimpernwaschung-und-wimpernbad-fuer-extensions-salongebrauch-und-haushaltspflege\/#primaryimage"},"image":{"@id":"https:\/\/marktxxl.de\/markt\/produkt\/wimpernverlaengerung-shampoo-50-ml-pinsel-augenlid-schaumreiniger-sensitive-paraben-und-sulfatfrei-wimpernwaschung-und-wimpernbad-fuer-extensions-salongebrauch-und-haushaltspflege\/#primaryimage"},"thumbnailUrl":"https:\/\/m.media-amazon.com\/images\/I\/51U0VdSYZnS._SL500_.jpg","datePublished":"2022-09-11T23:19:54+00:00","dateModified":"2023-04-09T02:07:30+00:00","description":"Markt-XXL Wimpernverl\u00e4ngerung Shampoo 50 ml + Pinsel - Augenlid Schaumreiniger - Sensitive Paraben- und Sulfatfrei\u2026","breadcrumb":{"@id":"https:\/\/marktxxl.de\/markt\/produkt\/wimpernverlaengerung-shampoo-50-ml-pinsel-augenlid-schaumreiniger-sensitive-paraben-und-sulfatfrei-wimpernwaschung-und-wimpernbad-fuer-extensions-salongebrauch-und-haushaltspflege\/#breadcrumb"},"inLanguage":"de","potentialAction":[{"@type":"ReadAction","target":["https:\/\/marktxxl.de\/markt\/produkt\/wimpernverlaengerung-shampoo-50-ml-pinsel-augenlid-schaumreiniger-sensitive-paraben-und-sulfatfrei-wimpernwaschung-und-wimpernbad-fuer-extensions-salongebrauch-und-haushaltspflege\/"]}]},{"@type":"ImageObject","inLanguage":"de","@id":"https:\/\/marktxxl.de\/markt\/produkt\/wimpernverlaengerung-shampoo-50-ml-pinsel-augenlid-schaumreiniger-sensitive-paraben-und-sulfatfrei-wimpernwaschung-und-wimpernbad-fuer-extensions-salongebrauch-und-haushaltspflege\/#primaryimage","url":"https:\/\/m.media-amazon.com\/images\/I\/51U0VdSYZnS._SL500_.jpg","contentUrl":"https:\/\/m.media-amazon.com\/images\/I\/51U0VdSYZnS._SL500_.jpg","width":500,"height":500},{"@type":"BreadcrumbList","@id":"https:\/\/marktxxl.de\/markt\/produkt\/wimpernverlaengerung-shampoo-50-ml-pinsel-augenlid-schaumreiniger-sensitive-paraben-und-sulfatfrei-wimpernwaschung-und-wimpernbad-fuer-extensions-salongebrauch-und-haushaltspflege\/#breadcrumb","itemListElement":[{"@type":"ListItem","position":1,"name":"Startseite","item":"https:\/\/marktxxl.de\/markt\/"},{"@type":"ListItem","position":2,"name":"Markt","item":"https:\/\/marktxxl.de\/markt\/"},{"@type":"ListItem","position":3,"name":"Wimpernverl\u00e4ngerung Shampoo 50 ml + Pinsel &#8211; Augenlid Schaumreiniger &#8211; Sensitive Paraben- und Sulfatfrei\u2026"}]},{"@type":"WebSite","@id":"https:\/\/marktxxl.de\/markt\/#website","url":"https:\/\/marktxxl.de\/markt\/","name":"Markt-XXL","description":"Ihr Markt Online","publisher":{"@id":"https:\/\/marktxxl.de\/markt\/#organization"},"potentialAction":[{"@type":"SearchAction","target":{"@type":"EntryPoint","urlTemplate":"https:\/\/marktxxl.de\/markt\/?s={search_term_string}"},"query-input":{"@type":"PropertyValueSpecification","valueRequired":true,"valueName":"search_term_string"}}],"inLanguage":"de"},{"@type":"Organization","@id":"https:\/\/marktxxl.de\/markt\/#organization","name":"Markt-XXL","url":"https:\/\/marktxxl.de\/markt\/","logo":{"@type":"ImageObject","inLanguage":"de","@id":"https:\/\/marktxxl.de\/markt\/#\/schema\/logo\/image\/","url":"https:\/\/marktxxl.de\/markt\/wp-content\/uploads\/sites\/3\/2020\/12\/logo.png","contentUrl":"https:\/\/marktxxl.de\/markt\/wp-content\/uploads\/sites\/3\/2020\/12\/logo.png","width":200,"height":70,"caption":"Markt-XXL"},"image":{"@id":"https:\/\/marktxxl.de\/markt\/#\/schema\/logo\/image\/"}}]}},"_links":{"self":[{"href":"https:\/\/marktxxl.de\/markt\/wp-json\/wp\/v2\/product\/148226","targetHints":{"allow":["GET"]}}],"collection":[{"href":"https:\/\/marktxxl.de\/markt\/wp-json\/wp\/v2\/product"}],"about":[{"href":"https:\/\/marktxxl.de\/markt\/wp-json\/wp\/v2\/types\/product"}],"replies":[{"embeddable":true,"href":"https:\/\/marktxxl.de\/markt\/wp-json\/wp\/v2\/comments?post=148226"}],"wp:featuredmedia":[{"embeddable":true,"href":"https:\/\/marktxxl.de\/markt\/wp-json\/wp\/v2\/media\/148227"}],"wp:attachment":[{"href":"https:\/\/marktxxl.de\/markt\/wp-json\/wp\/v2\/media?parent=148226"}],"wp:term":[{"taxonomy":"product_brand","embeddable":true,"href":"https:\/\/marktxxl.de\/markt\/wp-json\/wp\/v2\/product_brand?post=148226"},{"taxonomy":"product_cat","embeddable":true,"href":"https:\/\/marktxxl.de\/markt\/wp-json\/wp\/v2\/product_cat?post=148226"},{"taxonomy":"product_tag","embeddable":true,"href":"https:\/\/marktxxl.de\/markt\/wp-json\/wp\/v2\/product_tag?post=148226"}],"curies":[{"name":"wp","href":"https:\/\/api.w.org\/{rel}","templated":true}]}}