{"id":148172,"date":"2022-09-12T01:17:27","date_gmt":"2022-09-11T23:17:27","guid":{"rendered":"https:\/\/marktxxl.de\/markt\/produkt\/wimpernlifting-set-lash-lifting-set-wimpern-curling-makeup-tools-wimpernverlaengerung-set-semi-permanent-curling-perming-wave-geeignet-ideal-fuer-diy-salon\/"},"modified":"2023-04-09T04:07:30","modified_gmt":"2023-04-09T02:07:30","slug":"wimpernlifting-set-lash-lifting-set-wimpern-curling-makeup-tools-wimpernverlaengerung-set-semi-permanent-curling-perming-wave-geeignet-ideal-fuer-diy-salon","status":"publish","type":"product","link":"https:\/\/marktxxl.de\/markt\/produkt\/wimpernlifting-set-lash-lifting-set-wimpern-curling-makeup-tools-wimpernverlaengerung-set-semi-permanent-curling-perming-wave-geeignet-ideal-fuer-diy-salon\/","title":{"rendered":"Amself Wimpernlifting Set, Lash Lifting Set, Wimpern Curling Makeup Tools, Wimpernverl\u00e4ngerung Set Semi-Permanent\u2026"},"content":{"rendered":"<p>\u2705\u3010Perfekte Lockenwimpern\u3011 Das Wimpernlifting Set sorgt f\u00fcr perfekte Locken und l\u00e4sst Ihre Augen gr\u00f6\u00dfer und charmanter aussehen. Sie m\u00fcssen nicht jeden Tag eine Wimpernzange verwenden, indem Sie die Wimpern anheben, um einen perfekten Schwung zu erzielen.<br \/>\n\u2705\u3010Sicher und effektiv\u3011 Unser Wimpern lifting besteht aus den hochwertigsten Inhaltsstoffen und wurde streng auf Sicherheit und Wirksamkeit getestet. Es kann die Wimpern sanft pflegen. Sehr sicher in der Anwendung, geeignet f\u00fcr den privaten oder professionellen Gebrauch.<br \/>\n\u2705\u3010Wirtschaftlich und einfach zu bedienen\u3011 Wimpern set, Wimpern k\u00f6nnen innerhalb von 3 Monaten angehoben werden, eine Reihe von Produkten kann 12 bis 15 Mal verwendet werden, w\u00e4hlen Sie einfach das Lifting-Pad, das am besten zu Ihrer Augenform passt, Sie k\u00f6nnen einen erstaunlichen Lifting-Effekt erzielen.<br \/>\n\u2705\u3010Gro\u00dfartig f\u00fcr Partys oder Hochzeiten\u3011Dieses lash lift eignet sich oft f\u00fcr Menschen, die zus\u00e4tzliche nat\u00fcrliche Wimpern w\u00fcnschen, die Ihre Augen gr\u00f6\u00dfer und spiritueller aussehen lassen, geeignet f\u00fcr jedes Styling von Partys, Hochzeiten und dem t\u00e4glichen Make-up.<br \/>\n\u2705\u3010Kaufen Sie mit Vertrauen\u3011 F\u00fchren Sie vor der ersten Anwendung einen Hauttest an den Augenlidern durch. Um beste Ergebnisse zu erzielen, befolgen Sie bitte die Schritte zur Verwendung. Bei Fragen wenden Sie sich bitte an uns.<br \/>\n<div class=\"main-cross-sell\" data-asin=\"B09BDTVG8N\">\n\n\t<div class=\"WooZone-cross-sell-loader\">\n\t\t<div>\n\t\t\t<div id=\"floatingBarsG\">\n\t\t\t\t<div class=\"blockG\" id=\"rotateG_01\"><\/div>\n\t\t\t\t<div class=\"blockG\" id=\"rotateG_02\"><\/div>\n\t\t\t\t<div class=\"blockG\" id=\"rotateG_03\"><\/div>\n\t\t\t\t<div class=\"blockG\" id=\"rotateG_04\"><\/div>\n\t\t\t\t<div class=\"blockG\" id=\"rotateG_05\"><\/div>\n\t\t\t\t<div class=\"blockG\" id=\"rotateG_06\"><\/div>\n\t\t\t\t<div class=\"blockG\" id=\"rotateG_07\"><\/div>\n\t\t\t\t<div class=\"blockG\" id=\"rotateG_08\"><\/div>\n\t\t\t<\/div>\n\t\t\t<div class=\"WooZone-cross-sell-loader-text\"><\/div>\n\t\t<\/div>\n\t<\/div>\n\n\t\t\n<\/div>\n<div style=\"clear:both;\"><\/div><\/p>\n","protected":false},"excerpt":{"rendered":"<p>\u2705\u3010Perfekte Lockenwimpern\u3011 Das Wimpernlifting Set sorgt f\u00fcr perfekte Locken und l\u00e4sst Ihre Augen gr\u00f6\u00dfer und charmanter aussehen. Sie m\u00fcssen nicht jeden Tag eine Wimpernzange verwenden, indem Sie die Wimpern anheben, um einen perfekten Schwung zu erzielen.<br \/>\n\u2705\u3010Sicher und effektiv\u3011 Unser Wimpern lifting besteht aus den hochwertigsten Inhaltsstoffen und wurde streng auf Sicherheit und Wirksamkeit getestet. Es kann die Wimpern sanft pflegen. Sehr sicher in der Anwendung, geeignet f\u00fcr den privaten oder professionellen Gebrauch.<br \/>\n\u2705\u3010Wirtschaftlich und einfach zu bedienen\u3011 Wimpern set, Wimpern k\u00f6nnen innerhalb von 3 Monaten angehoben werden, eine Reihe von Produkten kann 12 bis 15 Mal verwendet werden, w\u00e4hlen Sie einfach das Lifting-Pad, das am besten zu Ihrer Augenform passt, Sie k\u00f6nnen einen erstaunlichen Lifting-Effekt erzielen.<\/p>\n","protected":false},"featured_media":148173,"comment_status":"open","ping_status":"closed","template":"","meta":[],"product_brand":[],"product_cat":[2858,7575],"product_tag":[],"class_list":{"0":"post-148172","1":"product","2":"type-product","3":"status-publish","4":"has-post-thumbnail","6":"product_cat-beauty","7":"product_cat-make-up","8":"pa_brand-amself","9":"pa_color-rosa","10":"pa_manufacturer-amself","12":"first","13":"instock","14":"shipping-taxable","15":"purchasable","16":"product-type-simple","17":"customify-col","18":"product-has-gallery"},"yoast_head":"<!-- This site is optimized with the Yoast SEO plugin v27.4 - https:\/\/yoast.com\/product\/yoast-seo-wordpress\/ -->\n<title>Amself Wimpernlifting Set, Lash Lifting Set, Wimpern Curling Makeup Tools, Wimpernverl\u00e4ngerung Set Semi-Permanent\u2026 - Markt-XXL<\/title>\n<meta name=\"description\" content=\"Markt-XXL Amself Wimpernlifting Set, Lash Lifting Set, Wimpern Curling Makeup Tools, Wimpernverl\u00e4ngerung Set Semi-Permanent\u2026\" \/>\n<meta name=\"robots\" content=\"index, follow, max-snippet:-1, max-image-preview:large, max-video-preview:-1\" \/>\n<link rel=\"canonical\" href=\"https:\/\/marktxxl.de\/markt\/produkt\/wimpernlifting-set-lash-lifting-set-wimpern-curling-makeup-tools-wimpernverlaengerung-set-semi-permanent-curling-perming-wave-geeignet-ideal-fuer-diy-salon\/\" \/>\n<meta property=\"og:locale\" content=\"de_DE\" \/>\n<meta property=\"og:type\" content=\"article\" \/>\n<meta property=\"og:title\" content=\"Amself Wimpernlifting Set, Lash Lifting Set, Wimpern Curling Makeup Tools, Wimpernverl\u00e4ngerung Set Semi-Permanent\u2026 - Markt-XXL\" \/>\n<meta property=\"og:description\" content=\"Markt-XXL Amself Wimpernlifting Set, Lash Lifting Set, Wimpern Curling Makeup Tools, Wimpernverl\u00e4ngerung Set Semi-Permanent\u2026\" \/>\n<meta property=\"og:url\" content=\"https:\/\/marktxxl.de\/markt\/produkt\/wimpernlifting-set-lash-lifting-set-wimpern-curling-makeup-tools-wimpernverlaengerung-set-semi-permanent-curling-perming-wave-geeignet-ideal-fuer-diy-salon\/\" \/>\n<meta property=\"og:site_name\" content=\"Markt-XXL\" \/>\n<meta property=\"article:modified_time\" content=\"2023-04-09T02:07:30+00:00\" \/>\n<meta property=\"og:image\" content=\"https:\/\/m.media-amazon.com\/images\/I\/41Uwo04SsWL._SL500_.jpg\" \/>\n\t<meta property=\"og:image:width\" content=\"500\" \/>\n\t<meta property=\"og:image:height\" content=\"498\" \/>\n\t<meta property=\"og:image:type\" content=\"image\/jpeg\" \/>\n<meta name=\"twitter:card\" content=\"summary_large_image\" \/>\n<meta name=\"twitter:label1\" content=\"Gesch\u00e4tzte Lesezeit\" \/>\n\t<meta name=\"twitter:data1\" content=\"1\u00a0Minute\" \/>\n<script type=\"application\/ld+json\" class=\"yoast-schema-graph\">{\"@context\":\"https:\\\/\\\/schema.org\",\"@graph\":[{\"@type\":\"WebPage\",\"@id\":\"https:\\\/\\\/marktxxl.de\\\/markt\\\/produkt\\\/wimpernlifting-set-lash-lifting-set-wimpern-curling-makeup-tools-wimpernverlaengerung-set-semi-permanent-curling-perming-wave-geeignet-ideal-fuer-diy-salon\\\/\",\"url\":\"https:\\\/\\\/marktxxl.de\\\/markt\\\/produkt\\\/wimpernlifting-set-lash-lifting-set-wimpern-curling-makeup-tools-wimpernverlaengerung-set-semi-permanent-curling-perming-wave-geeignet-ideal-fuer-diy-salon\\\/\",\"name\":\"Amself Wimpernlifting Set, Lash Lifting Set, Wimpern Curling Makeup Tools, Wimpernverl\u00e4ngerung Set Semi-Permanent\u2026 - Markt-XXL\",\"isPartOf\":{\"@id\":\"https:\\\/\\\/marktxxl.de\\\/markt\\\/#website\"},\"primaryImageOfPage\":{\"@id\":\"https:\\\/\\\/marktxxl.de\\\/markt\\\/produkt\\\/wimpernlifting-set-lash-lifting-set-wimpern-curling-makeup-tools-wimpernverlaengerung-set-semi-permanent-curling-perming-wave-geeignet-ideal-fuer-diy-salon\\\/#primaryimage\"},\"image\":{\"@id\":\"https:\\\/\\\/marktxxl.de\\\/markt\\\/produkt\\\/wimpernlifting-set-lash-lifting-set-wimpern-curling-makeup-tools-wimpernverlaengerung-set-semi-permanent-curling-perming-wave-geeignet-ideal-fuer-diy-salon\\\/#primaryimage\"},\"thumbnailUrl\":\"https:\\\/\\\/m.media-amazon.com\\\/images\\\/I\\\/41Uwo04SsWL._SL500_.jpg\",\"datePublished\":\"2022-09-11T23:17:27+00:00\",\"dateModified\":\"2023-04-09T02:07:30+00:00\",\"description\":\"Markt-XXL Amself Wimpernlifting Set, Lash Lifting Set, Wimpern Curling Makeup Tools, Wimpernverl\u00e4ngerung Set Semi-Permanent\u2026\",\"breadcrumb\":{\"@id\":\"https:\\\/\\\/marktxxl.de\\\/markt\\\/produkt\\\/wimpernlifting-set-lash-lifting-set-wimpern-curling-makeup-tools-wimpernverlaengerung-set-semi-permanent-curling-perming-wave-geeignet-ideal-fuer-diy-salon\\\/#breadcrumb\"},\"inLanguage\":\"de\",\"potentialAction\":[{\"@type\":\"ReadAction\",\"target\":[\"https:\\\/\\\/marktxxl.de\\\/markt\\\/produkt\\\/wimpernlifting-set-lash-lifting-set-wimpern-curling-makeup-tools-wimpernverlaengerung-set-semi-permanent-curling-perming-wave-geeignet-ideal-fuer-diy-salon\\\/\"]}]},{\"@type\":\"ImageObject\",\"inLanguage\":\"de\",\"@id\":\"https:\\\/\\\/marktxxl.de\\\/markt\\\/produkt\\\/wimpernlifting-set-lash-lifting-set-wimpern-curling-makeup-tools-wimpernverlaengerung-set-semi-permanent-curling-perming-wave-geeignet-ideal-fuer-diy-salon\\\/#primaryimage\",\"url\":\"https:\\\/\\\/m.media-amazon.com\\\/images\\\/I\\\/41Uwo04SsWL._SL500_.jpg\",\"contentUrl\":\"https:\\\/\\\/m.media-amazon.com\\\/images\\\/I\\\/41Uwo04SsWL._SL500_.jpg\",\"width\":500,\"height\":498},{\"@type\":\"BreadcrumbList\",\"@id\":\"https:\\\/\\\/marktxxl.de\\\/markt\\\/produkt\\\/wimpernlifting-set-lash-lifting-set-wimpern-curling-makeup-tools-wimpernverlaengerung-set-semi-permanent-curling-perming-wave-geeignet-ideal-fuer-diy-salon\\\/#breadcrumb\",\"itemListElement\":[{\"@type\":\"ListItem\",\"position\":1,\"name\":\"Startseite\",\"item\":\"https:\\\/\\\/marktxxl.de\\\/markt\\\/\"},{\"@type\":\"ListItem\",\"position\":2,\"name\":\"Markt\",\"item\":\"https:\\\/\\\/marktxxl.de\\\/markt\\\/\"},{\"@type\":\"ListItem\",\"position\":3,\"name\":\"Amself Wimpernlifting Set, Lash Lifting Set, Wimpern Curling Makeup Tools, Wimpernverl\u00e4ngerung Set Semi-Permanent\u2026\"}]},{\"@type\":\"WebSite\",\"@id\":\"https:\\\/\\\/marktxxl.de\\\/markt\\\/#website\",\"url\":\"https:\\\/\\\/marktxxl.de\\\/markt\\\/\",\"name\":\"Markt-XXL\",\"description\":\"Ihr Markt Online\",\"publisher\":{\"@id\":\"https:\\\/\\\/marktxxl.de\\\/markt\\\/#organization\"},\"potentialAction\":[{\"@type\":\"SearchAction\",\"target\":{\"@type\":\"EntryPoint\",\"urlTemplate\":\"https:\\\/\\\/marktxxl.de\\\/markt\\\/?s={search_term_string}\"},\"query-input\":{\"@type\":\"PropertyValueSpecification\",\"valueRequired\":true,\"valueName\":\"search_term_string\"}}],\"inLanguage\":\"de\"},{\"@type\":\"Organization\",\"@id\":\"https:\\\/\\\/marktxxl.de\\\/markt\\\/#organization\",\"name\":\"Markt-XXL\",\"url\":\"https:\\\/\\\/marktxxl.de\\\/markt\\\/\",\"logo\":{\"@type\":\"ImageObject\",\"inLanguage\":\"de\",\"@id\":\"https:\\\/\\\/marktxxl.de\\\/markt\\\/#\\\/schema\\\/logo\\\/image\\\/\",\"url\":\"https:\\\/\\\/marktxxl.de\\\/markt\\\/wp-content\\\/uploads\\\/sites\\\/3\\\/2020\\\/12\\\/logo.png\",\"contentUrl\":\"https:\\\/\\\/marktxxl.de\\\/markt\\\/wp-content\\\/uploads\\\/sites\\\/3\\\/2020\\\/12\\\/logo.png\",\"width\":200,\"height\":70,\"caption\":\"Markt-XXL\"},\"image\":{\"@id\":\"https:\\\/\\\/marktxxl.de\\\/markt\\\/#\\\/schema\\\/logo\\\/image\\\/\"}}]}<\/script>\n<!-- \/ Yoast SEO plugin. -->","yoast_head_json":{"title":"Amself Wimpernlifting Set, Lash Lifting Set, Wimpern Curling Makeup Tools, Wimpernverl\u00e4ngerung Set Semi-Permanent\u2026 - Markt-XXL","description":"Markt-XXL Amself Wimpernlifting Set, Lash Lifting Set, Wimpern Curling Makeup Tools, Wimpernverl\u00e4ngerung Set Semi-Permanent\u2026","robots":{"index":"index","follow":"follow","max-snippet":"max-snippet:-1","max-image-preview":"max-image-preview:large","max-video-preview":"max-video-preview:-1"},"canonical":"https:\/\/marktxxl.de\/markt\/produkt\/wimpernlifting-set-lash-lifting-set-wimpern-curling-makeup-tools-wimpernverlaengerung-set-semi-permanent-curling-perming-wave-geeignet-ideal-fuer-diy-salon\/","og_locale":"de_DE","og_type":"article","og_title":"Amself Wimpernlifting Set, Lash Lifting Set, Wimpern Curling Makeup Tools, Wimpernverl\u00e4ngerung Set Semi-Permanent\u2026 - Markt-XXL","og_description":"Markt-XXL Amself Wimpernlifting Set, Lash Lifting Set, Wimpern Curling Makeup Tools, Wimpernverl\u00e4ngerung Set Semi-Permanent\u2026","og_url":"https:\/\/marktxxl.de\/markt\/produkt\/wimpernlifting-set-lash-lifting-set-wimpern-curling-makeup-tools-wimpernverlaengerung-set-semi-permanent-curling-perming-wave-geeignet-ideal-fuer-diy-salon\/","og_site_name":"Markt-XXL","article_modified_time":"2023-04-09T02:07:30+00:00","og_image":[{"width":500,"height":498,"url":"https:\/\/m.media-amazon.com\/images\/I\/41Uwo04SsWL._SL500_.jpg","type":"image\/jpeg"}],"twitter_card":"summary_large_image","twitter_misc":{"Gesch\u00e4tzte Lesezeit":"1\u00a0Minute"},"schema":{"@context":"https:\/\/schema.org","@graph":[{"@type":"WebPage","@id":"https:\/\/marktxxl.de\/markt\/produkt\/wimpernlifting-set-lash-lifting-set-wimpern-curling-makeup-tools-wimpernverlaengerung-set-semi-permanent-curling-perming-wave-geeignet-ideal-fuer-diy-salon\/","url":"https:\/\/marktxxl.de\/markt\/produkt\/wimpernlifting-set-lash-lifting-set-wimpern-curling-makeup-tools-wimpernverlaengerung-set-semi-permanent-curling-perming-wave-geeignet-ideal-fuer-diy-salon\/","name":"Amself Wimpernlifting Set, Lash Lifting Set, Wimpern Curling Makeup Tools, Wimpernverl\u00e4ngerung Set Semi-Permanent\u2026 - Markt-XXL","isPartOf":{"@id":"https:\/\/marktxxl.de\/markt\/#website"},"primaryImageOfPage":{"@id":"https:\/\/marktxxl.de\/markt\/produkt\/wimpernlifting-set-lash-lifting-set-wimpern-curling-makeup-tools-wimpernverlaengerung-set-semi-permanent-curling-perming-wave-geeignet-ideal-fuer-diy-salon\/#primaryimage"},"image":{"@id":"https:\/\/marktxxl.de\/markt\/produkt\/wimpernlifting-set-lash-lifting-set-wimpern-curling-makeup-tools-wimpernverlaengerung-set-semi-permanent-curling-perming-wave-geeignet-ideal-fuer-diy-salon\/#primaryimage"},"thumbnailUrl":"https:\/\/m.media-amazon.com\/images\/I\/41Uwo04SsWL._SL500_.jpg","datePublished":"2022-09-11T23:17:27+00:00","dateModified":"2023-04-09T02:07:30+00:00","description":"Markt-XXL Amself Wimpernlifting Set, Lash Lifting Set, Wimpern Curling Makeup Tools, Wimpernverl\u00e4ngerung Set Semi-Permanent\u2026","breadcrumb":{"@id":"https:\/\/marktxxl.de\/markt\/produkt\/wimpernlifting-set-lash-lifting-set-wimpern-curling-makeup-tools-wimpernverlaengerung-set-semi-permanent-curling-perming-wave-geeignet-ideal-fuer-diy-salon\/#breadcrumb"},"inLanguage":"de","potentialAction":[{"@type":"ReadAction","target":["https:\/\/marktxxl.de\/markt\/produkt\/wimpernlifting-set-lash-lifting-set-wimpern-curling-makeup-tools-wimpernverlaengerung-set-semi-permanent-curling-perming-wave-geeignet-ideal-fuer-diy-salon\/"]}]},{"@type":"ImageObject","inLanguage":"de","@id":"https:\/\/marktxxl.de\/markt\/produkt\/wimpernlifting-set-lash-lifting-set-wimpern-curling-makeup-tools-wimpernverlaengerung-set-semi-permanent-curling-perming-wave-geeignet-ideal-fuer-diy-salon\/#primaryimage","url":"https:\/\/m.media-amazon.com\/images\/I\/41Uwo04SsWL._SL500_.jpg","contentUrl":"https:\/\/m.media-amazon.com\/images\/I\/41Uwo04SsWL._SL500_.jpg","width":500,"height":498},{"@type":"BreadcrumbList","@id":"https:\/\/marktxxl.de\/markt\/produkt\/wimpernlifting-set-lash-lifting-set-wimpern-curling-makeup-tools-wimpernverlaengerung-set-semi-permanent-curling-perming-wave-geeignet-ideal-fuer-diy-salon\/#breadcrumb","itemListElement":[{"@type":"ListItem","position":1,"name":"Startseite","item":"https:\/\/marktxxl.de\/markt\/"},{"@type":"ListItem","position":2,"name":"Markt","item":"https:\/\/marktxxl.de\/markt\/"},{"@type":"ListItem","position":3,"name":"Amself Wimpernlifting Set, Lash Lifting Set, Wimpern Curling Makeup Tools, Wimpernverl\u00e4ngerung Set Semi-Permanent\u2026"}]},{"@type":"WebSite","@id":"https:\/\/marktxxl.de\/markt\/#website","url":"https:\/\/marktxxl.de\/markt\/","name":"Markt-XXL","description":"Ihr Markt Online","publisher":{"@id":"https:\/\/marktxxl.de\/markt\/#organization"},"potentialAction":[{"@type":"SearchAction","target":{"@type":"EntryPoint","urlTemplate":"https:\/\/marktxxl.de\/markt\/?s={search_term_string}"},"query-input":{"@type":"PropertyValueSpecification","valueRequired":true,"valueName":"search_term_string"}}],"inLanguage":"de"},{"@type":"Organization","@id":"https:\/\/marktxxl.de\/markt\/#organization","name":"Markt-XXL","url":"https:\/\/marktxxl.de\/markt\/","logo":{"@type":"ImageObject","inLanguage":"de","@id":"https:\/\/marktxxl.de\/markt\/#\/schema\/logo\/image\/","url":"https:\/\/marktxxl.de\/markt\/wp-content\/uploads\/sites\/3\/2020\/12\/logo.png","contentUrl":"https:\/\/marktxxl.de\/markt\/wp-content\/uploads\/sites\/3\/2020\/12\/logo.png","width":200,"height":70,"caption":"Markt-XXL"},"image":{"@id":"https:\/\/marktxxl.de\/markt\/#\/schema\/logo\/image\/"}}]}},"_links":{"self":[{"href":"https:\/\/marktxxl.de\/markt\/wp-json\/wp\/v2\/product\/148172","targetHints":{"allow":["GET"]}}],"collection":[{"href":"https:\/\/marktxxl.de\/markt\/wp-json\/wp\/v2\/product"}],"about":[{"href":"https:\/\/marktxxl.de\/markt\/wp-json\/wp\/v2\/types\/product"}],"replies":[{"embeddable":true,"href":"https:\/\/marktxxl.de\/markt\/wp-json\/wp\/v2\/comments?post=148172"}],"wp:featuredmedia":[{"embeddable":true,"href":"https:\/\/marktxxl.de\/markt\/wp-json\/wp\/v2\/media\/148173"}],"wp:attachment":[{"href":"https:\/\/marktxxl.de\/markt\/wp-json\/wp\/v2\/media?parent=148172"}],"wp:term":[{"taxonomy":"product_brand","embeddable":true,"href":"https:\/\/marktxxl.de\/markt\/wp-json\/wp\/v2\/product_brand?post=148172"},{"taxonomy":"product_cat","embeddable":true,"href":"https:\/\/marktxxl.de\/markt\/wp-json\/wp\/v2\/product_cat?post=148172"},{"taxonomy":"product_tag","embeddable":true,"href":"https:\/\/marktxxl.de\/markt\/wp-json\/wp\/v2\/product_tag?post=148172"}],"curies":[{"name":"wp","href":"https:\/\/api.w.org\/{rel}","templated":true}]}}