{"id":148121,"date":"2022-09-12T01:16:21","date_gmt":"2022-09-11T23:16:21","guid":{"rendered":"https:\/\/marktxxl.de\/markt\/produkt\/wimpernverlaengerungsset-rissler-lash-lift-kit-wimpernverlaengerungsset-semi-permanent-curling-eyelash-perming-komplettset-ideal-fuer-messen\/"},"modified":"2023-04-09T04:07:28","modified_gmt":"2023-04-09T02:07:28","slug":"wimpernverlaengerungsset-rissler-lash-lift-kit-wimpernverlaengerungsset-semi-permanent-curling-eyelash-perming-komplettset-ideal-fuer-messen","status":"publish","type":"product","link":"https:\/\/marktxxl.de\/markt\/produkt\/wimpernverlaengerungsset-rissler-lash-lift-kit-wimpernverlaengerungsset-semi-permanent-curling-eyelash-perming-komplettset-ideal-fuer-messen\/","title":{"rendered":"Rissler Wimpernlifting Set &#8211; Professionelles Lash Lifting Set f\u00fcr Zuhause &amp; Salons &#8211; Langanhaltendes Wimpern Lifting\u2026"},"content":{"rendered":"<p>\u2b50 IDEALES KOMPLETTSET &#8211; Professionelles Wimpernlifting-Set f\u00fcr Zuhause und Salons mit allem was man braucht: Reiniger, Wimpernkleber, Former, Fixierer, Pflege und alle notwendigen Werkzeuge. Ideal f\u00fcr nat\u00fcrlich l\u00e4ngere und voller aussehende Wimpern.<br \/>\n\ud83d\udc4d EINFACHE ANWENDUNG &#8211; Langanhaltendes Lashlifting, leicht gemacht. Die detaillierte Anleitung f\u00fchrt Schritt f\u00fcr Schritt durch die sichere Anwendung hin zu einem perfekten Ergebnis mit \u00e4sthetisch geformten und volumin\u00f6sen Wimpern f\u00fcr 6 bis 8 Wochen.<br \/>\n\ud83d\udc9e BESONDERS ERGIEBIG &#8211; Das Lashlift Wimpernset kann bis zu 15 Mal oder f\u00fcr 12-13 Personen verwendet werden. Perfekt f\u00fcr jede Beauty Party mit Freundinnen, f\u00fcr den regelm\u00e4\u00dfigen Einsatz Zuhause oder f\u00fcr den professionellen Gebrauch im Beauty Salon.<br \/>\n\u2728 LANGANHALTENDES ERGEBNIS &#8211; Unser Lashlifting Set nutzt Silikonpads statt einfacher Wimpernb\u00fcrsten, sorgt f\u00fcr einen best\u00e4ndigen Wimpernlift bei Wetter, Sonne, Schwei\u00df und Wasser und macht die Wimpern mit jeder Anwendung zudem weicher und st\u00e4rker.<br \/>\n\u2705 ZUFRIEDENHEITSGARANTIE &#8211; Wir sind von der Wirkung unseres Produktes so \u00fcberzeugt, dass wir Ihnen die Garantie f\u00fcr einen unkomplizierten Umtausch oder eine R\u00fcckerstattung mit dazugeben, sollten Sie aus irgendeinem Grund nicht zufrieden sein.<br \/>\n<div class=\"main-cross-sell\" data-asin=\"B099NPZDK6\">\n\n\t<div class=\"WooZone-cross-sell-loader\">\n\t\t<div>\n\t\t\t<div id=\"floatingBarsG\">\n\t\t\t\t<div class=\"blockG\" id=\"rotateG_01\"><\/div>\n\t\t\t\t<div class=\"blockG\" id=\"rotateG_02\"><\/div>\n\t\t\t\t<div class=\"blockG\" id=\"rotateG_03\"><\/div>\n\t\t\t\t<div class=\"blockG\" id=\"rotateG_04\"><\/div>\n\t\t\t\t<div class=\"blockG\" id=\"rotateG_05\"><\/div>\n\t\t\t\t<div class=\"blockG\" id=\"rotateG_06\"><\/div>\n\t\t\t\t<div class=\"blockG\" id=\"rotateG_07\"><\/div>\n\t\t\t\t<div class=\"blockG\" id=\"rotateG_08\"><\/div>\n\t\t\t<\/div>\n\t\t\t<div class=\"WooZone-cross-sell-loader-text\"><\/div>\n\t\t<\/div>\n\t<\/div>\n\n\t\t\n<\/div>\n<div style=\"clear:both;\"><\/div><\/p>\n","protected":false},"excerpt":{"rendered":"<p>\u2b50 IDEALES KOMPLETTSET &#8211; Professionelles Wimpernlifting-Set f\u00fcr Zuhause und Salons mit allem was man braucht: Reiniger, Wimpernkleber, Former, Fixierer, Pflege und alle notwendigen Werkzeuge. Ideal f\u00fcr nat\u00fcrlich l\u00e4ngere und voller aussehende Wimpern.<br \/>\n\ud83d\udc4d EINFACHE ANWENDUNG &#8211; Langanhaltendes Lashlifting, leicht gemacht. Die detaillierte Anleitung f\u00fchrt Schritt f\u00fcr Schritt durch die sichere Anwendung hin zu einem perfekten Ergebnis mit \u00e4sthetisch geformten und volumin\u00f6sen Wimpern f\u00fcr 6 bis 8 Wochen.<br \/>\n\ud83d\udc9e BESONDERS ERGIEBIG &#8211; Das Lashlift Wimpernset kann bis zu 15 Mal oder f\u00fcr 12-13 Personen verwendet werden. Perfekt f\u00fcr jede Beauty Party mit Freundinnen, f\u00fcr den regelm\u00e4\u00dfigen Einsatz Zuhause oder f\u00fcr den professionellen Gebrauch im Beauty Salon.<\/p>\n","protected":false},"featured_media":148122,"comment_status":"open","ping_status":"closed","template":"","meta":[],"product_brand":[],"product_cat":[2858,7575],"product_tag":[],"class_list":{"0":"post-148121","1":"product","2":"type-product","3":"status-publish","4":"has-post-thumbnail","6":"product_cat-beauty","7":"product_cat-make-up","8":"pa_binding-misc","9":"pa_brand-rissler","11":"first","12":"instock","13":"shipping-taxable","14":"purchasable","15":"product-type-simple","16":"customify-col","17":"product-has-gallery"},"yoast_head":"<!-- This site is optimized with the Yoast SEO plugin v27.3 - https:\/\/yoast.com\/product\/yoast-seo-wordpress\/ -->\n<title>Rissler Wimpernlifting Set - Professionelles Lash Lifting Set f\u00fcr Zuhause &amp; Salons - Langanhaltendes Wimpern Lifting\u2026 - Markt-XXL<\/title>\n<meta name=\"description\" content=\"Markt-XXL Rissler Wimpernlifting Set - Professionelles Lash Lifting Set f\u00fcr Zuhause &amp; Salons - Langanhaltendes Wimpern Lifting\u2026\" \/>\n<meta name=\"robots\" content=\"index, follow, max-snippet:-1, max-image-preview:large, max-video-preview:-1\" \/>\n<link rel=\"canonical\" href=\"https:\/\/marktxxl.de\/markt\/produkt\/wimpernverlaengerungsset-rissler-lash-lift-kit-wimpernverlaengerungsset-semi-permanent-curling-eyelash-perming-komplettset-ideal-fuer-messen\/\" \/>\n<meta property=\"og:locale\" content=\"de_DE\" \/>\n<meta property=\"og:type\" content=\"article\" \/>\n<meta property=\"og:title\" content=\"Rissler Wimpernlifting Set - Professionelles Lash Lifting Set f\u00fcr Zuhause &amp; Salons - Langanhaltendes Wimpern Lifting\u2026 - Markt-XXL\" \/>\n<meta property=\"og:description\" content=\"Markt-XXL Rissler Wimpernlifting Set - Professionelles Lash Lifting Set f\u00fcr Zuhause &amp; Salons - Langanhaltendes Wimpern Lifting\u2026\" \/>\n<meta property=\"og:url\" content=\"https:\/\/marktxxl.de\/markt\/produkt\/wimpernverlaengerungsset-rissler-lash-lift-kit-wimpernverlaengerungsset-semi-permanent-curling-eyelash-perming-komplettset-ideal-fuer-messen\/\" \/>\n<meta property=\"og:site_name\" content=\"Markt-XXL\" \/>\n<meta property=\"article:modified_time\" content=\"2023-04-09T02:07:28+00:00\" \/>\n<meta property=\"og:image\" content=\"https:\/\/m.media-amazon.com\/images\/I\/41SBDEaHSHL._SL500_.jpg\" \/>\n\t<meta property=\"og:image:width\" content=\"500\" \/>\n\t<meta property=\"og:image:height\" content=\"500\" \/>\n\t<meta property=\"og:image:type\" content=\"image\/jpeg\" \/>\n<meta name=\"twitter:card\" content=\"summary_large_image\" \/>\n<meta name=\"twitter:label1\" content=\"Gesch\u00e4tzte Lesezeit\" \/>\n\t<meta name=\"twitter:data1\" content=\"1\u00a0Minute\" \/>\n<script type=\"application\/ld+json\" class=\"yoast-schema-graph\">{\"@context\":\"https:\\\/\\\/schema.org\",\"@graph\":[{\"@type\":\"WebPage\",\"@id\":\"https:\\\/\\\/marktxxl.de\\\/markt\\\/produkt\\\/wimpernverlaengerungsset-rissler-lash-lift-kit-wimpernverlaengerungsset-semi-permanent-curling-eyelash-perming-komplettset-ideal-fuer-messen\\\/\",\"url\":\"https:\\\/\\\/marktxxl.de\\\/markt\\\/produkt\\\/wimpernverlaengerungsset-rissler-lash-lift-kit-wimpernverlaengerungsset-semi-permanent-curling-eyelash-perming-komplettset-ideal-fuer-messen\\\/\",\"name\":\"Rissler Wimpernlifting Set - Professionelles Lash Lifting Set f\u00fcr Zuhause &amp; Salons - Langanhaltendes Wimpern Lifting\u2026 - Markt-XXL\",\"isPartOf\":{\"@id\":\"https:\\\/\\\/marktxxl.de\\\/markt\\\/#website\"},\"primaryImageOfPage\":{\"@id\":\"https:\\\/\\\/marktxxl.de\\\/markt\\\/produkt\\\/wimpernverlaengerungsset-rissler-lash-lift-kit-wimpernverlaengerungsset-semi-permanent-curling-eyelash-perming-komplettset-ideal-fuer-messen\\\/#primaryimage\"},\"image\":{\"@id\":\"https:\\\/\\\/marktxxl.de\\\/markt\\\/produkt\\\/wimpernverlaengerungsset-rissler-lash-lift-kit-wimpernverlaengerungsset-semi-permanent-curling-eyelash-perming-komplettset-ideal-fuer-messen\\\/#primaryimage\"},\"thumbnailUrl\":\"https:\\\/\\\/m.media-amazon.com\\\/images\\\/I\\\/41SBDEaHSHL._SL500_.jpg\",\"datePublished\":\"2022-09-11T23:16:21+00:00\",\"dateModified\":\"2023-04-09T02:07:28+00:00\",\"description\":\"Markt-XXL Rissler Wimpernlifting Set - Professionelles Lash Lifting Set f\u00fcr Zuhause &amp; Salons - Langanhaltendes Wimpern Lifting\u2026\",\"breadcrumb\":{\"@id\":\"https:\\\/\\\/marktxxl.de\\\/markt\\\/produkt\\\/wimpernverlaengerungsset-rissler-lash-lift-kit-wimpernverlaengerungsset-semi-permanent-curling-eyelash-perming-komplettset-ideal-fuer-messen\\\/#breadcrumb\"},\"inLanguage\":\"de\",\"potentialAction\":[{\"@type\":\"ReadAction\",\"target\":[\"https:\\\/\\\/marktxxl.de\\\/markt\\\/produkt\\\/wimpernverlaengerungsset-rissler-lash-lift-kit-wimpernverlaengerungsset-semi-permanent-curling-eyelash-perming-komplettset-ideal-fuer-messen\\\/\"]}]},{\"@type\":\"ImageObject\",\"inLanguage\":\"de\",\"@id\":\"https:\\\/\\\/marktxxl.de\\\/markt\\\/produkt\\\/wimpernverlaengerungsset-rissler-lash-lift-kit-wimpernverlaengerungsset-semi-permanent-curling-eyelash-perming-komplettset-ideal-fuer-messen\\\/#primaryimage\",\"url\":\"https:\\\/\\\/m.media-amazon.com\\\/images\\\/I\\\/41SBDEaHSHL._SL500_.jpg\",\"contentUrl\":\"https:\\\/\\\/m.media-amazon.com\\\/images\\\/I\\\/41SBDEaHSHL._SL500_.jpg\",\"width\":500,\"height\":500},{\"@type\":\"BreadcrumbList\",\"@id\":\"https:\\\/\\\/marktxxl.de\\\/markt\\\/produkt\\\/wimpernverlaengerungsset-rissler-lash-lift-kit-wimpernverlaengerungsset-semi-permanent-curling-eyelash-perming-komplettset-ideal-fuer-messen\\\/#breadcrumb\",\"itemListElement\":[{\"@type\":\"ListItem\",\"position\":1,\"name\":\"Startseite\",\"item\":\"https:\\\/\\\/marktxxl.de\\\/markt\\\/\"},{\"@type\":\"ListItem\",\"position\":2,\"name\":\"Markt\",\"item\":\"https:\\\/\\\/marktxxl.de\\\/markt\\\/\"},{\"@type\":\"ListItem\",\"position\":3,\"name\":\"Rissler Wimpernlifting Set &#8211; Professionelles Lash Lifting Set f\u00fcr Zuhause &amp; Salons &#8211; Langanhaltendes Wimpern Lifting\u2026\"}]},{\"@type\":\"WebSite\",\"@id\":\"https:\\\/\\\/marktxxl.de\\\/markt\\\/#website\",\"url\":\"https:\\\/\\\/marktxxl.de\\\/markt\\\/\",\"name\":\"Markt-XXL\",\"description\":\"Ihr Markt Online\",\"publisher\":{\"@id\":\"https:\\\/\\\/marktxxl.de\\\/markt\\\/#organization\"},\"potentialAction\":[{\"@type\":\"SearchAction\",\"target\":{\"@type\":\"EntryPoint\",\"urlTemplate\":\"https:\\\/\\\/marktxxl.de\\\/markt\\\/?s={search_term_string}\"},\"query-input\":{\"@type\":\"PropertyValueSpecification\",\"valueRequired\":true,\"valueName\":\"search_term_string\"}}],\"inLanguage\":\"de\"},{\"@type\":\"Organization\",\"@id\":\"https:\\\/\\\/marktxxl.de\\\/markt\\\/#organization\",\"name\":\"Markt-XXL\",\"url\":\"https:\\\/\\\/marktxxl.de\\\/markt\\\/\",\"logo\":{\"@type\":\"ImageObject\",\"inLanguage\":\"de\",\"@id\":\"https:\\\/\\\/marktxxl.de\\\/markt\\\/#\\\/schema\\\/logo\\\/image\\\/\",\"url\":\"https:\\\/\\\/marktxxl.de\\\/markt\\\/wp-content\\\/uploads\\\/sites\\\/3\\\/2020\\\/12\\\/logo.png\",\"contentUrl\":\"https:\\\/\\\/marktxxl.de\\\/markt\\\/wp-content\\\/uploads\\\/sites\\\/3\\\/2020\\\/12\\\/logo.png\",\"width\":200,\"height\":70,\"caption\":\"Markt-XXL\"},\"image\":{\"@id\":\"https:\\\/\\\/marktxxl.de\\\/markt\\\/#\\\/schema\\\/logo\\\/image\\\/\"}}]}<\/script>\n<!-- \/ Yoast SEO plugin. -->","yoast_head_json":{"title":"Rissler Wimpernlifting Set - Professionelles Lash Lifting Set f\u00fcr Zuhause &amp; Salons - Langanhaltendes Wimpern Lifting\u2026 - Markt-XXL","description":"Markt-XXL Rissler Wimpernlifting Set - Professionelles Lash Lifting Set f\u00fcr Zuhause &amp; Salons - Langanhaltendes Wimpern Lifting\u2026","robots":{"index":"index","follow":"follow","max-snippet":"max-snippet:-1","max-image-preview":"max-image-preview:large","max-video-preview":"max-video-preview:-1"},"canonical":"https:\/\/marktxxl.de\/markt\/produkt\/wimpernverlaengerungsset-rissler-lash-lift-kit-wimpernverlaengerungsset-semi-permanent-curling-eyelash-perming-komplettset-ideal-fuer-messen\/","og_locale":"de_DE","og_type":"article","og_title":"Rissler Wimpernlifting Set - Professionelles Lash Lifting Set f\u00fcr Zuhause &amp; Salons - Langanhaltendes Wimpern Lifting\u2026 - Markt-XXL","og_description":"Markt-XXL Rissler Wimpernlifting Set - Professionelles Lash Lifting Set f\u00fcr Zuhause &amp; Salons - Langanhaltendes Wimpern Lifting\u2026","og_url":"https:\/\/marktxxl.de\/markt\/produkt\/wimpernverlaengerungsset-rissler-lash-lift-kit-wimpernverlaengerungsset-semi-permanent-curling-eyelash-perming-komplettset-ideal-fuer-messen\/","og_site_name":"Markt-XXL","article_modified_time":"2023-04-09T02:07:28+00:00","og_image":[{"width":500,"height":500,"url":"https:\/\/m.media-amazon.com\/images\/I\/41SBDEaHSHL._SL500_.jpg","type":"image\/jpeg"}],"twitter_card":"summary_large_image","twitter_misc":{"Gesch\u00e4tzte Lesezeit":"1\u00a0Minute"},"schema":{"@context":"https:\/\/schema.org","@graph":[{"@type":"WebPage","@id":"https:\/\/marktxxl.de\/markt\/produkt\/wimpernverlaengerungsset-rissler-lash-lift-kit-wimpernverlaengerungsset-semi-permanent-curling-eyelash-perming-komplettset-ideal-fuer-messen\/","url":"https:\/\/marktxxl.de\/markt\/produkt\/wimpernverlaengerungsset-rissler-lash-lift-kit-wimpernverlaengerungsset-semi-permanent-curling-eyelash-perming-komplettset-ideal-fuer-messen\/","name":"Rissler Wimpernlifting Set - Professionelles Lash Lifting Set f\u00fcr Zuhause &amp; Salons - Langanhaltendes Wimpern Lifting\u2026 - Markt-XXL","isPartOf":{"@id":"https:\/\/marktxxl.de\/markt\/#website"},"primaryImageOfPage":{"@id":"https:\/\/marktxxl.de\/markt\/produkt\/wimpernverlaengerungsset-rissler-lash-lift-kit-wimpernverlaengerungsset-semi-permanent-curling-eyelash-perming-komplettset-ideal-fuer-messen\/#primaryimage"},"image":{"@id":"https:\/\/marktxxl.de\/markt\/produkt\/wimpernverlaengerungsset-rissler-lash-lift-kit-wimpernverlaengerungsset-semi-permanent-curling-eyelash-perming-komplettset-ideal-fuer-messen\/#primaryimage"},"thumbnailUrl":"https:\/\/m.media-amazon.com\/images\/I\/41SBDEaHSHL._SL500_.jpg","datePublished":"2022-09-11T23:16:21+00:00","dateModified":"2023-04-09T02:07:28+00:00","description":"Markt-XXL Rissler Wimpernlifting Set - Professionelles Lash Lifting Set f\u00fcr Zuhause &amp; Salons - Langanhaltendes Wimpern Lifting\u2026","breadcrumb":{"@id":"https:\/\/marktxxl.de\/markt\/produkt\/wimpernverlaengerungsset-rissler-lash-lift-kit-wimpernverlaengerungsset-semi-permanent-curling-eyelash-perming-komplettset-ideal-fuer-messen\/#breadcrumb"},"inLanguage":"de","potentialAction":[{"@type":"ReadAction","target":["https:\/\/marktxxl.de\/markt\/produkt\/wimpernverlaengerungsset-rissler-lash-lift-kit-wimpernverlaengerungsset-semi-permanent-curling-eyelash-perming-komplettset-ideal-fuer-messen\/"]}]},{"@type":"ImageObject","inLanguage":"de","@id":"https:\/\/marktxxl.de\/markt\/produkt\/wimpernverlaengerungsset-rissler-lash-lift-kit-wimpernverlaengerungsset-semi-permanent-curling-eyelash-perming-komplettset-ideal-fuer-messen\/#primaryimage","url":"https:\/\/m.media-amazon.com\/images\/I\/41SBDEaHSHL._SL500_.jpg","contentUrl":"https:\/\/m.media-amazon.com\/images\/I\/41SBDEaHSHL._SL500_.jpg","width":500,"height":500},{"@type":"BreadcrumbList","@id":"https:\/\/marktxxl.de\/markt\/produkt\/wimpernverlaengerungsset-rissler-lash-lift-kit-wimpernverlaengerungsset-semi-permanent-curling-eyelash-perming-komplettset-ideal-fuer-messen\/#breadcrumb","itemListElement":[{"@type":"ListItem","position":1,"name":"Startseite","item":"https:\/\/marktxxl.de\/markt\/"},{"@type":"ListItem","position":2,"name":"Markt","item":"https:\/\/marktxxl.de\/markt\/"},{"@type":"ListItem","position":3,"name":"Rissler Wimpernlifting Set &#8211; Professionelles Lash Lifting Set f\u00fcr Zuhause &amp; Salons &#8211; Langanhaltendes Wimpern Lifting\u2026"}]},{"@type":"WebSite","@id":"https:\/\/marktxxl.de\/markt\/#website","url":"https:\/\/marktxxl.de\/markt\/","name":"Markt-XXL","description":"Ihr Markt Online","publisher":{"@id":"https:\/\/marktxxl.de\/markt\/#organization"},"potentialAction":[{"@type":"SearchAction","target":{"@type":"EntryPoint","urlTemplate":"https:\/\/marktxxl.de\/markt\/?s={search_term_string}"},"query-input":{"@type":"PropertyValueSpecification","valueRequired":true,"valueName":"search_term_string"}}],"inLanguage":"de"},{"@type":"Organization","@id":"https:\/\/marktxxl.de\/markt\/#organization","name":"Markt-XXL","url":"https:\/\/marktxxl.de\/markt\/","logo":{"@type":"ImageObject","inLanguage":"de","@id":"https:\/\/marktxxl.de\/markt\/#\/schema\/logo\/image\/","url":"https:\/\/marktxxl.de\/markt\/wp-content\/uploads\/sites\/3\/2020\/12\/logo.png","contentUrl":"https:\/\/marktxxl.de\/markt\/wp-content\/uploads\/sites\/3\/2020\/12\/logo.png","width":200,"height":70,"caption":"Markt-XXL"},"image":{"@id":"https:\/\/marktxxl.de\/markt\/#\/schema\/logo\/image\/"}}]}},"_links":{"self":[{"href":"https:\/\/marktxxl.de\/markt\/wp-json\/wp\/v2\/product\/148121","targetHints":{"allow":["GET"]}}],"collection":[{"href":"https:\/\/marktxxl.de\/markt\/wp-json\/wp\/v2\/product"}],"about":[{"href":"https:\/\/marktxxl.de\/markt\/wp-json\/wp\/v2\/types\/product"}],"replies":[{"embeddable":true,"href":"https:\/\/marktxxl.de\/markt\/wp-json\/wp\/v2\/comments?post=148121"}],"wp:featuredmedia":[{"embeddable":true,"href":"https:\/\/marktxxl.de\/markt\/wp-json\/wp\/v2\/media\/148122"}],"wp:attachment":[{"href":"https:\/\/marktxxl.de\/markt\/wp-json\/wp\/v2\/media?parent=148121"}],"wp:term":[{"taxonomy":"product_brand","embeddable":true,"href":"https:\/\/marktxxl.de\/markt\/wp-json\/wp\/v2\/product_brand?post=148121"},{"taxonomy":"product_cat","embeddable":true,"href":"https:\/\/marktxxl.de\/markt\/wp-json\/wp\/v2\/product_cat?post=148121"},{"taxonomy":"product_tag","embeddable":true,"href":"https:\/\/marktxxl.de\/markt\/wp-json\/wp\/v2\/product_tag?post=148121"}],"curies":[{"name":"wp","href":"https:\/\/api.w.org\/{rel}","templated":true}]}}