{"id":148094,"date":"2022-09-12T00:56:17","date_gmt":"2022-09-11T22:56:17","guid":{"rendered":"https:\/\/marktxxl.de\/markt\/produkt\/worx-18v-akku20v-max-4-0ah-wa3553-mit-anzeige-powershare-fuer-alle-worx-geraete-ersatzakku-wiederaufladbarer-hochleistungsakku-nennspannung-18v-spitzenspannung-20v\/"},"modified":"2023-04-09T04:07:27","modified_gmt":"2023-04-09T02:07:27","slug":"worx-18v-akku20v-max-4-0ah-wa3553-mit-anzeige-powershare-fuer-alle-worx-geraete-ersatzakku-wiederaufladbarer-hochleistungsakku-nennspannung-18v-spitzenspannung-20v","status":"publish","type":"product","link":"https:\/\/marktxxl.de\/markt\/produkt\/worx-18v-akku20v-max-4-0ah-wa3553-mit-anzeige-powershare-fuer-alle-worx-geraete-ersatzakku-wiederaufladbarer-hochleistungsakku-nennspannung-18v-spitzenspannung-20v\/","title":{"rendered":"WORX 18V Akku(20V Max) 4.0Ah WA3553 mit Anzeige, PowerShare f\u00fcr Alle WORX Ger\u00e4te \u2013Ersatzakku Wiederaufladbarer\u2026"},"content":{"rendered":"<p>WORX Akku 20V f\u00fcr alle Garten- &amp; Elektroger\u00e4te von Worx. Verwendbar f\u00fcr Akku Rasenm\u00e4her, Akku Bohrschrauber, Akku Winkelschleifer, Akku Rasentrimmer &amp; vieles mehr<br \/>\nBesonders leistungsstarker externer Akku mit 20 Volt und 4000mAh Akku-Power f\u00fcr intensive Anforderungen beim n\u00e4chsten Garten- oder Heimwerker-Projekt<br \/>\nDer Lithium-Ionen Technologie des WORX Akkus sorgt f\u00fcr eine hohe Kapazit\u00e4t und geringe Selbstentladung und verhindert den Memory-Effekt<br \/>\nDie Akkubatterie ist f\u00fcr alle WORX-Ger\u00e4te nutzbar: Ideal als Basis- oder Ersatzakku \/ Zus\u00e4tzlich ist der Akku kompakt, langlebig &amp; robust<br \/>\n\u30103 Jahre Garantie\u30111x WORX Akku 20V 4000mAh Li-Ion Akku \/ Zur Verwendung mit WORX Akku Ger\u00e4ten. Wenn Sie auf ein Problem sto\u00dfen, oder hat ein paar Tipps f\u00fcr uns, bitte kontaktieren Sie uns. Wir sind immer verf\u00fcgbar, werden innerhalb von 24 Stunden antworten<br \/>\n<div class=\"main-cross-sell\" data-asin=\"B07PJXGG1S\">\n\n\t<div class=\"WooZone-cross-sell-loader\">\n\t\t<div>\n\t\t\t<div id=\"floatingBarsG\">\n\t\t\t\t<div class=\"blockG\" id=\"rotateG_01\"><\/div>\n\t\t\t\t<div class=\"blockG\" id=\"rotateG_02\"><\/div>\n\t\t\t\t<div class=\"blockG\" id=\"rotateG_03\"><\/div>\n\t\t\t\t<div class=\"blockG\" id=\"rotateG_04\"><\/div>\n\t\t\t\t<div class=\"blockG\" id=\"rotateG_05\"><\/div>\n\t\t\t\t<div class=\"blockG\" id=\"rotateG_06\"><\/div>\n\t\t\t\t<div class=\"blockG\" id=\"rotateG_07\"><\/div>\n\t\t\t\t<div class=\"blockG\" id=\"rotateG_08\"><\/div>\n\t\t\t<\/div>\n\t\t\t<div class=\"WooZone-cross-sell-loader-text\"><\/div>\n\t\t<\/div>\n\t<\/div>\n\n\t\t\n<\/div>\n<div style=\"clear:both;\"><\/div><\/p>\n","protected":false},"excerpt":{"rendered":"<p>WORX Akku 20V f\u00fcr alle Garten- &amp; Elektroger\u00e4te von Worx. Verwendbar f\u00fcr Akku Rasenm\u00e4her, Akku Bohrschrauber, Akku Winkelschleifer, Akku Rasentrimmer &amp; vieles mehr<br \/>\nBesonders leistungsstarker externer Akku mit 20 Volt und 4000mAh Akku-Power f\u00fcr intensive Anforderungen beim n\u00e4chsten Garten- oder Heimwerker-Projekt<br \/>\nDer Lithium-Ionen Technologie des WORX Akkus sorgt f\u00fcr eine hohe Kapazit\u00e4t und geringe Selbstentladung und verhindert den Memory-Effekt<\/p>\n","protected":false},"featured_media":148095,"comment_status":"open","ping_status":"closed","template":"","meta":[],"product_brand":[],"product_cat":[1983,11235],"product_tag":[],"class_list":{"0":"post-148094","1":"product","2":"type-product","3":"status-publish","4":"has-post-thumbnail","6":"product_cat-baumarkt","7":"product_cat-rasenmaeher-elektrische-gartenwerkzeuge","8":"pa_binding-misc","9":"pa_brand-worx","10":"pa_manufacturer-positec-group","12":"first","13":"instock","14":"shipping-taxable","15":"purchasable","16":"product-type-simple","17":"customify-col","18":"product-has-gallery"},"yoast_head":"<!-- This site is optimized with the Yoast SEO plugin v27.4 - https:\/\/yoast.com\/product\/yoast-seo-wordpress\/ -->\n<title>WORX 18V Akku(20V Max) 4.0Ah WA3553 mit Anzeige, PowerShare f\u00fcr Alle WORX Ger\u00e4te \u2013Ersatzakku Wiederaufladbarer\u2026 - Markt-XXL<\/title>\n<meta name=\"description\" content=\"Markt-XXL WORX 18V Akku(20V Max) 4.0Ah WA3553 mit Anzeige, PowerShare f\u00fcr Alle WORX Ger\u00e4te \u2013Ersatzakku Wiederaufladbarer\u2026\" \/>\n<meta name=\"robots\" content=\"index, follow, max-snippet:-1, max-image-preview:large, max-video-preview:-1\" \/>\n<link rel=\"canonical\" href=\"https:\/\/marktxxl.de\/markt\/produkt\/worx-18v-akku20v-max-4-0ah-wa3553-mit-anzeige-powershare-fuer-alle-worx-geraete-ersatzakku-wiederaufladbarer-hochleistungsakku-nennspannung-18v-spitzenspannung-20v\/\" \/>\n<meta property=\"og:locale\" content=\"de_DE\" \/>\n<meta property=\"og:type\" content=\"article\" \/>\n<meta property=\"og:title\" content=\"WORX 18V Akku(20V Max) 4.0Ah WA3553 mit Anzeige, PowerShare f\u00fcr Alle WORX Ger\u00e4te \u2013Ersatzakku Wiederaufladbarer\u2026 - Markt-XXL\" \/>\n<meta property=\"og:description\" content=\"Markt-XXL WORX 18V Akku(20V Max) 4.0Ah WA3553 mit Anzeige, PowerShare f\u00fcr Alle WORX Ger\u00e4te \u2013Ersatzakku Wiederaufladbarer\u2026\" \/>\n<meta property=\"og:url\" content=\"https:\/\/marktxxl.de\/markt\/produkt\/worx-18v-akku20v-max-4-0ah-wa3553-mit-anzeige-powershare-fuer-alle-worx-geraete-ersatzakku-wiederaufladbarer-hochleistungsakku-nennspannung-18v-spitzenspannung-20v\/\" \/>\n<meta property=\"og:site_name\" content=\"Markt-XXL\" \/>\n<meta property=\"article:modified_time\" content=\"2023-04-09T02:07:27+00:00\" \/>\n<meta property=\"og:image\" content=\"https:\/\/m.media-amazon.com\/images\/I\/41-YypTlDlL._SL500_.jpg\" \/>\n\t<meta property=\"og:image:width\" content=\"500\" \/>\n\t<meta property=\"og:image:height\" content=\"500\" \/>\n\t<meta property=\"og:image:type\" content=\"image\/jpeg\" \/>\n<meta name=\"twitter:card\" content=\"summary_large_image\" \/>\n<meta name=\"twitter:label1\" content=\"Gesch\u00e4tzte Lesezeit\" \/>\n\t<meta name=\"twitter:data1\" content=\"1\u00a0Minute\" \/>\n<script type=\"application\/ld+json\" class=\"yoast-schema-graph\">{\"@context\":\"https:\\\/\\\/schema.org\",\"@graph\":[{\"@type\":\"WebPage\",\"@id\":\"https:\\\/\\\/marktxxl.de\\\/markt\\\/produkt\\\/worx-18v-akku20v-max-4-0ah-wa3553-mit-anzeige-powershare-fuer-alle-worx-geraete-ersatzakku-wiederaufladbarer-hochleistungsakku-nennspannung-18v-spitzenspannung-20v\\\/\",\"url\":\"https:\\\/\\\/marktxxl.de\\\/markt\\\/produkt\\\/worx-18v-akku20v-max-4-0ah-wa3553-mit-anzeige-powershare-fuer-alle-worx-geraete-ersatzakku-wiederaufladbarer-hochleistungsakku-nennspannung-18v-spitzenspannung-20v\\\/\",\"name\":\"WORX 18V Akku(20V Max) 4.0Ah WA3553 mit Anzeige, PowerShare f\u00fcr Alle WORX Ger\u00e4te \u2013Ersatzakku Wiederaufladbarer\u2026 - Markt-XXL\",\"isPartOf\":{\"@id\":\"https:\\\/\\\/marktxxl.de\\\/markt\\\/#website\"},\"primaryImageOfPage\":{\"@id\":\"https:\\\/\\\/marktxxl.de\\\/markt\\\/produkt\\\/worx-18v-akku20v-max-4-0ah-wa3553-mit-anzeige-powershare-fuer-alle-worx-geraete-ersatzakku-wiederaufladbarer-hochleistungsakku-nennspannung-18v-spitzenspannung-20v\\\/#primaryimage\"},\"image\":{\"@id\":\"https:\\\/\\\/marktxxl.de\\\/markt\\\/produkt\\\/worx-18v-akku20v-max-4-0ah-wa3553-mit-anzeige-powershare-fuer-alle-worx-geraete-ersatzakku-wiederaufladbarer-hochleistungsakku-nennspannung-18v-spitzenspannung-20v\\\/#primaryimage\"},\"thumbnailUrl\":\"https:\\\/\\\/m.media-amazon.com\\\/images\\\/I\\\/41-YypTlDlL._SL500_.jpg\",\"datePublished\":\"2022-09-11T22:56:17+00:00\",\"dateModified\":\"2023-04-09T02:07:27+00:00\",\"description\":\"Markt-XXL WORX 18V Akku(20V Max) 4.0Ah WA3553 mit Anzeige, PowerShare f\u00fcr Alle WORX Ger\u00e4te \u2013Ersatzakku Wiederaufladbarer\u2026\",\"breadcrumb\":{\"@id\":\"https:\\\/\\\/marktxxl.de\\\/markt\\\/produkt\\\/worx-18v-akku20v-max-4-0ah-wa3553-mit-anzeige-powershare-fuer-alle-worx-geraete-ersatzakku-wiederaufladbarer-hochleistungsakku-nennspannung-18v-spitzenspannung-20v\\\/#breadcrumb\"},\"inLanguage\":\"de\",\"potentialAction\":[{\"@type\":\"ReadAction\",\"target\":[\"https:\\\/\\\/marktxxl.de\\\/markt\\\/produkt\\\/worx-18v-akku20v-max-4-0ah-wa3553-mit-anzeige-powershare-fuer-alle-worx-geraete-ersatzakku-wiederaufladbarer-hochleistungsakku-nennspannung-18v-spitzenspannung-20v\\\/\"]}]},{\"@type\":\"ImageObject\",\"inLanguage\":\"de\",\"@id\":\"https:\\\/\\\/marktxxl.de\\\/markt\\\/produkt\\\/worx-18v-akku20v-max-4-0ah-wa3553-mit-anzeige-powershare-fuer-alle-worx-geraete-ersatzakku-wiederaufladbarer-hochleistungsakku-nennspannung-18v-spitzenspannung-20v\\\/#primaryimage\",\"url\":\"https:\\\/\\\/m.media-amazon.com\\\/images\\\/I\\\/41-YypTlDlL._SL500_.jpg\",\"contentUrl\":\"https:\\\/\\\/m.media-amazon.com\\\/images\\\/I\\\/41-YypTlDlL._SL500_.jpg\",\"width\":500,\"height\":500},{\"@type\":\"BreadcrumbList\",\"@id\":\"https:\\\/\\\/marktxxl.de\\\/markt\\\/produkt\\\/worx-18v-akku20v-max-4-0ah-wa3553-mit-anzeige-powershare-fuer-alle-worx-geraete-ersatzakku-wiederaufladbarer-hochleistungsakku-nennspannung-18v-spitzenspannung-20v\\\/#breadcrumb\",\"itemListElement\":[{\"@type\":\"ListItem\",\"position\":1,\"name\":\"Startseite\",\"item\":\"https:\\\/\\\/marktxxl.de\\\/markt\\\/\"},{\"@type\":\"ListItem\",\"position\":2,\"name\":\"Markt\",\"item\":\"https:\\\/\\\/marktxxl.de\\\/markt\\\/\"},{\"@type\":\"ListItem\",\"position\":3,\"name\":\"WORX 18V Akku(20V Max) 4.0Ah WA3553 mit Anzeige, PowerShare f\u00fcr Alle WORX Ger\u00e4te \u2013Ersatzakku Wiederaufladbarer\u2026\"}]},{\"@type\":\"WebSite\",\"@id\":\"https:\\\/\\\/marktxxl.de\\\/markt\\\/#website\",\"url\":\"https:\\\/\\\/marktxxl.de\\\/markt\\\/\",\"name\":\"Markt-XXL\",\"description\":\"Ihr Markt Online\",\"publisher\":{\"@id\":\"https:\\\/\\\/marktxxl.de\\\/markt\\\/#organization\"},\"potentialAction\":[{\"@type\":\"SearchAction\",\"target\":{\"@type\":\"EntryPoint\",\"urlTemplate\":\"https:\\\/\\\/marktxxl.de\\\/markt\\\/?s={search_term_string}\"},\"query-input\":{\"@type\":\"PropertyValueSpecification\",\"valueRequired\":true,\"valueName\":\"search_term_string\"}}],\"inLanguage\":\"de\"},{\"@type\":\"Organization\",\"@id\":\"https:\\\/\\\/marktxxl.de\\\/markt\\\/#organization\",\"name\":\"Markt-XXL\",\"url\":\"https:\\\/\\\/marktxxl.de\\\/markt\\\/\",\"logo\":{\"@type\":\"ImageObject\",\"inLanguage\":\"de\",\"@id\":\"https:\\\/\\\/marktxxl.de\\\/markt\\\/#\\\/schema\\\/logo\\\/image\\\/\",\"url\":\"https:\\\/\\\/marktxxl.de\\\/markt\\\/wp-content\\\/uploads\\\/sites\\\/3\\\/2020\\\/12\\\/logo.png\",\"contentUrl\":\"https:\\\/\\\/marktxxl.de\\\/markt\\\/wp-content\\\/uploads\\\/sites\\\/3\\\/2020\\\/12\\\/logo.png\",\"width\":200,\"height\":70,\"caption\":\"Markt-XXL\"},\"image\":{\"@id\":\"https:\\\/\\\/marktxxl.de\\\/markt\\\/#\\\/schema\\\/logo\\\/image\\\/\"}}]}<\/script>\n<!-- \/ Yoast SEO plugin. -->","yoast_head_json":{"title":"WORX 18V Akku(20V Max) 4.0Ah WA3553 mit Anzeige, PowerShare f\u00fcr Alle WORX Ger\u00e4te \u2013Ersatzakku Wiederaufladbarer\u2026 - Markt-XXL","description":"Markt-XXL WORX 18V Akku(20V Max) 4.0Ah WA3553 mit Anzeige, PowerShare f\u00fcr Alle WORX Ger\u00e4te \u2013Ersatzakku Wiederaufladbarer\u2026","robots":{"index":"index","follow":"follow","max-snippet":"max-snippet:-1","max-image-preview":"max-image-preview:large","max-video-preview":"max-video-preview:-1"},"canonical":"https:\/\/marktxxl.de\/markt\/produkt\/worx-18v-akku20v-max-4-0ah-wa3553-mit-anzeige-powershare-fuer-alle-worx-geraete-ersatzakku-wiederaufladbarer-hochleistungsakku-nennspannung-18v-spitzenspannung-20v\/","og_locale":"de_DE","og_type":"article","og_title":"WORX 18V Akku(20V Max) 4.0Ah WA3553 mit Anzeige, PowerShare f\u00fcr Alle WORX Ger\u00e4te \u2013Ersatzakku Wiederaufladbarer\u2026 - Markt-XXL","og_description":"Markt-XXL WORX 18V Akku(20V Max) 4.0Ah WA3553 mit Anzeige, PowerShare f\u00fcr Alle WORX Ger\u00e4te \u2013Ersatzakku Wiederaufladbarer\u2026","og_url":"https:\/\/marktxxl.de\/markt\/produkt\/worx-18v-akku20v-max-4-0ah-wa3553-mit-anzeige-powershare-fuer-alle-worx-geraete-ersatzakku-wiederaufladbarer-hochleistungsakku-nennspannung-18v-spitzenspannung-20v\/","og_site_name":"Markt-XXL","article_modified_time":"2023-04-09T02:07:27+00:00","og_image":[{"width":500,"height":500,"url":"https:\/\/m.media-amazon.com\/images\/I\/41-YypTlDlL._SL500_.jpg","type":"image\/jpeg"}],"twitter_card":"summary_large_image","twitter_misc":{"Gesch\u00e4tzte Lesezeit":"1\u00a0Minute"},"schema":{"@context":"https:\/\/schema.org","@graph":[{"@type":"WebPage","@id":"https:\/\/marktxxl.de\/markt\/produkt\/worx-18v-akku20v-max-4-0ah-wa3553-mit-anzeige-powershare-fuer-alle-worx-geraete-ersatzakku-wiederaufladbarer-hochleistungsakku-nennspannung-18v-spitzenspannung-20v\/","url":"https:\/\/marktxxl.de\/markt\/produkt\/worx-18v-akku20v-max-4-0ah-wa3553-mit-anzeige-powershare-fuer-alle-worx-geraete-ersatzakku-wiederaufladbarer-hochleistungsakku-nennspannung-18v-spitzenspannung-20v\/","name":"WORX 18V Akku(20V Max) 4.0Ah WA3553 mit Anzeige, PowerShare f\u00fcr Alle WORX Ger\u00e4te \u2013Ersatzakku Wiederaufladbarer\u2026 - Markt-XXL","isPartOf":{"@id":"https:\/\/marktxxl.de\/markt\/#website"},"primaryImageOfPage":{"@id":"https:\/\/marktxxl.de\/markt\/produkt\/worx-18v-akku20v-max-4-0ah-wa3553-mit-anzeige-powershare-fuer-alle-worx-geraete-ersatzakku-wiederaufladbarer-hochleistungsakku-nennspannung-18v-spitzenspannung-20v\/#primaryimage"},"image":{"@id":"https:\/\/marktxxl.de\/markt\/produkt\/worx-18v-akku20v-max-4-0ah-wa3553-mit-anzeige-powershare-fuer-alle-worx-geraete-ersatzakku-wiederaufladbarer-hochleistungsakku-nennspannung-18v-spitzenspannung-20v\/#primaryimage"},"thumbnailUrl":"https:\/\/m.media-amazon.com\/images\/I\/41-YypTlDlL._SL500_.jpg","datePublished":"2022-09-11T22:56:17+00:00","dateModified":"2023-04-09T02:07:27+00:00","description":"Markt-XXL WORX 18V Akku(20V Max) 4.0Ah WA3553 mit Anzeige, PowerShare f\u00fcr Alle WORX Ger\u00e4te \u2013Ersatzakku Wiederaufladbarer\u2026","breadcrumb":{"@id":"https:\/\/marktxxl.de\/markt\/produkt\/worx-18v-akku20v-max-4-0ah-wa3553-mit-anzeige-powershare-fuer-alle-worx-geraete-ersatzakku-wiederaufladbarer-hochleistungsakku-nennspannung-18v-spitzenspannung-20v\/#breadcrumb"},"inLanguage":"de","potentialAction":[{"@type":"ReadAction","target":["https:\/\/marktxxl.de\/markt\/produkt\/worx-18v-akku20v-max-4-0ah-wa3553-mit-anzeige-powershare-fuer-alle-worx-geraete-ersatzakku-wiederaufladbarer-hochleistungsakku-nennspannung-18v-spitzenspannung-20v\/"]}]},{"@type":"ImageObject","inLanguage":"de","@id":"https:\/\/marktxxl.de\/markt\/produkt\/worx-18v-akku20v-max-4-0ah-wa3553-mit-anzeige-powershare-fuer-alle-worx-geraete-ersatzakku-wiederaufladbarer-hochleistungsakku-nennspannung-18v-spitzenspannung-20v\/#primaryimage","url":"https:\/\/m.media-amazon.com\/images\/I\/41-YypTlDlL._SL500_.jpg","contentUrl":"https:\/\/m.media-amazon.com\/images\/I\/41-YypTlDlL._SL500_.jpg","width":500,"height":500},{"@type":"BreadcrumbList","@id":"https:\/\/marktxxl.de\/markt\/produkt\/worx-18v-akku20v-max-4-0ah-wa3553-mit-anzeige-powershare-fuer-alle-worx-geraete-ersatzakku-wiederaufladbarer-hochleistungsakku-nennspannung-18v-spitzenspannung-20v\/#breadcrumb","itemListElement":[{"@type":"ListItem","position":1,"name":"Startseite","item":"https:\/\/marktxxl.de\/markt\/"},{"@type":"ListItem","position":2,"name":"Markt","item":"https:\/\/marktxxl.de\/markt\/"},{"@type":"ListItem","position":3,"name":"WORX 18V Akku(20V Max) 4.0Ah WA3553 mit Anzeige, PowerShare f\u00fcr Alle WORX Ger\u00e4te \u2013Ersatzakku Wiederaufladbarer\u2026"}]},{"@type":"WebSite","@id":"https:\/\/marktxxl.de\/markt\/#website","url":"https:\/\/marktxxl.de\/markt\/","name":"Markt-XXL","description":"Ihr Markt Online","publisher":{"@id":"https:\/\/marktxxl.de\/markt\/#organization"},"potentialAction":[{"@type":"SearchAction","target":{"@type":"EntryPoint","urlTemplate":"https:\/\/marktxxl.de\/markt\/?s={search_term_string}"},"query-input":{"@type":"PropertyValueSpecification","valueRequired":true,"valueName":"search_term_string"}}],"inLanguage":"de"},{"@type":"Organization","@id":"https:\/\/marktxxl.de\/markt\/#organization","name":"Markt-XXL","url":"https:\/\/marktxxl.de\/markt\/","logo":{"@type":"ImageObject","inLanguage":"de","@id":"https:\/\/marktxxl.de\/markt\/#\/schema\/logo\/image\/","url":"https:\/\/marktxxl.de\/markt\/wp-content\/uploads\/sites\/3\/2020\/12\/logo.png","contentUrl":"https:\/\/marktxxl.de\/markt\/wp-content\/uploads\/sites\/3\/2020\/12\/logo.png","width":200,"height":70,"caption":"Markt-XXL"},"image":{"@id":"https:\/\/marktxxl.de\/markt\/#\/schema\/logo\/image\/"}}]}},"_links":{"self":[{"href":"https:\/\/marktxxl.de\/markt\/wp-json\/wp\/v2\/product\/148094","targetHints":{"allow":["GET"]}}],"collection":[{"href":"https:\/\/marktxxl.de\/markt\/wp-json\/wp\/v2\/product"}],"about":[{"href":"https:\/\/marktxxl.de\/markt\/wp-json\/wp\/v2\/types\/product"}],"replies":[{"embeddable":true,"href":"https:\/\/marktxxl.de\/markt\/wp-json\/wp\/v2\/comments?post=148094"}],"wp:featuredmedia":[{"embeddable":true,"href":"https:\/\/marktxxl.de\/markt\/wp-json\/wp\/v2\/media\/148095"}],"wp:attachment":[{"href":"https:\/\/marktxxl.de\/markt\/wp-json\/wp\/v2\/media?parent=148094"}],"wp:term":[{"taxonomy":"product_brand","embeddable":true,"href":"https:\/\/marktxxl.de\/markt\/wp-json\/wp\/v2\/product_brand?post=148094"},{"taxonomy":"product_cat","embeddable":true,"href":"https:\/\/marktxxl.de\/markt\/wp-json\/wp\/v2\/product_cat?post=148094"},{"taxonomy":"product_tag","embeddable":true,"href":"https:\/\/marktxxl.de\/markt\/wp-json\/wp\/v2\/product_tag?post=148094"}],"curies":[{"name":"wp","href":"https:\/\/api.w.org\/{rel}","templated":true}]}}