{"id":147986,"date":"2022-09-12T00:16:04","date_gmt":"2022-09-11T22:16:04","guid":{"rendered":"https:\/\/marktxxl.de\/markt\/produkt\/intervisio-kabelbinder-200mm-x-36mm-weiss-nylon-hochleistungs-200-mm-universalbinder-weiss-natur-neutral-farbe-900-stueck-binders\/"},"modified":"2023-04-09T04:07:24","modified_gmt":"2023-04-09T02:07:24","slug":"intervisio-kabelbinder-200mm-x-36mm-weiss-nylon-hochleistungs-200-mm-universalbinder-weiss-natur-neutral-farbe-900-stueck-binders","status":"publish","type":"product","link":"https:\/\/marktxxl.de\/markt\/produkt\/intervisio-kabelbinder-200mm-x-36mm-weiss-nylon-hochleistungs-200-mm-universalbinder-weiss-natur-neutral-farbe-900-stueck-binders\/","title":{"rendered":"intervisio Kabelbinder 200mm x 3,6mm wei\u00df, Nylon, Hochleistungs 200 mm Universalbinder, weiss \u2013 natur &#8211; neutral Farbe\u2026"},"content":{"rendered":"<p>900 St\u00fcck Kabelbinder wei\u00df von intervisio, ma\u00dfe 200 mm x 3,6 mm weiss, Zugkraft 18 kg, Max. B\u00fcndel-durchmesser 53mm;<br \/>\nENTDECKEN SIE, WIE SIE IHR LEBEN 100% M\u00dcHELOS IN ORDNUNG BRINGEN K\u00d6NNEN! \u2013 Mit den Premium Zip-Lock Kabelbindern von intervisio k\u00f6nnen Sie endlich sichergehen, dass alle Ihre losen Kabel perfekt organisiert sind, Ihr Zuhause oder B\u00fcro sch\u00f6n aufger\u00e4umt ist und es keine Unf\u00e4lle mehr gibt! Au\u00dferdem enth\u00e4lt unser Set , so dass Sie schnell und einfach maximale Effizienz zu erreichen und Ihren Komfort und Zufriedenheit maximieren;<br \/>\nKABEL. BINDER. KABELBINDER. DAS IST ES! \u2013 Warum weiterhin Stunden verschwenden, in denen Sie mit losen Kabeln und unordentlichen Leitungen herum wuseln, wenn Sie diese doch endlich auf eine einzigartige Art und Weise organisieren k\u00f6nnen? Unser Elite-Set enth\u00e4lt 900 strapazierf\u00e4hige, robuste und super-starke schwarze Kabelbinder. Au\u00dferdem sind sie aus hochwertigem Polyamid 6.6 (PA 66) weiss Nylon hergestellt, was Temperaturen von -40\u00b0C bis 85\u00b0C standhalten kann;<br \/>\nIHRE ZUFRIEDENHEIT IST UNSERE TOP-PRIORIT\u00c4T! \u2013 Wir hier bei intervisio glauben, dass Sie die haltbarsten, flexibelsten und zuverl\u00e4ssigsten Kabelbinder f\u00fcr Ihre t\u00e4glichen Aufgaben verdienen! Aus diesem Grund bieten wir Ihnen dieses Set von 900 Kabelbindern zum wettbewerbsf\u00e4higsten Preis an! Plus, wenn Sie mit unseren strapazierf\u00e4higen Kabelbindern nicht zufrieden sind, bieten wir zuversichtlich eine 30-Tage, problemfreie, volle Geld-zur\u00fcck-Garantie an!<br \/>\n<div class=\"main-cross-sell\" data-asin=\"B0B5HP4NDX\">\n\n\t<div class=\"WooZone-cross-sell-loader\">\n\t\t<div>\n\t\t\t<div id=\"floatingBarsG\">\n\t\t\t\t<div class=\"blockG\" id=\"rotateG_01\"><\/div>\n\t\t\t\t<div class=\"blockG\" id=\"rotateG_02\"><\/div>\n\t\t\t\t<div class=\"blockG\" id=\"rotateG_03\"><\/div>\n\t\t\t\t<div class=\"blockG\" id=\"rotateG_04\"><\/div>\n\t\t\t\t<div class=\"blockG\" id=\"rotateG_05\"><\/div>\n\t\t\t\t<div class=\"blockG\" id=\"rotateG_06\"><\/div>\n\t\t\t\t<div class=\"blockG\" id=\"rotateG_07\"><\/div>\n\t\t\t\t<div class=\"blockG\" id=\"rotateG_08\"><\/div>\n\t\t\t<\/div>\n\t\t\t<div class=\"WooZone-cross-sell-loader-text\"><\/div>\n\t\t<\/div>\n\t<\/div>\n\n\t\t\n<\/div>\n<div style=\"clear:both;\"><\/div><\/p>\n","protected":false},"excerpt":{"rendered":"<p>900 St\u00fcck Kabelbinder wei\u00df von intervisio, ma\u00dfe 200 mm x 3,6 mm weiss, Zugkraft 18 kg, Max. B\u00fcndel-durchmesser 53mm;<br \/>\nENTDECKEN SIE, WIE SIE IHR LEBEN 100% M\u00dcHELOS IN ORDNUNG BRINGEN K\u00d6NNEN! \u2013 Mit den Premium Zip-Lock Kabelbindern von intervisio k\u00f6nnen Sie endlich sichergehen, dass alle Ihre losen Kabel perfekt organisiert sind, Ihr Zuhause oder B\u00fcro sch\u00f6n aufger\u00e4umt ist und es keine Unf\u00e4lle mehr gibt! Au\u00dferdem enth\u00e4lt unser Set , so dass Sie schnell und einfach maximale Effizienz zu erreichen und Ihren Komfort und Zufriedenheit maximieren;<br \/>\nKABEL. BINDER. KABELBINDER. DAS IST ES! \u2013 Warum weiterhin Stunden verschwenden, in denen Sie mit losen Kabeln und unordentlichen Leitungen herum wuseln, wenn Sie diese doch endlich auf eine einzigartige Art und Weise organisieren k\u00f6nnen? Unser Elite-Set enth\u00e4lt 900 strapazierf\u00e4hige, robuste und super-starke schwarze Kabelbinder. Au\u00dferdem sind sie aus hochwertigem Polyamid 6.6 (PA 66) weiss Nylon hergestellt, was Temperaturen von -40\u00b0C bis 85\u00b0C standhalten kann;<\/p>\n","protected":false},"featured_media":147987,"comment_status":"open","ping_status":"closed","template":"","meta":[],"product_brand":[],"product_cat":[1983,11009],"product_tag":[],"class_list":{"0":"post-147986","1":"product","2":"type-product","3":"status-publish","4":"has-post-thumbnail","6":"product_cat-baumarkt","7":"product_cat-elektroinstallation","8":"pa_brand-intervisio","9":"pa_color-weiss","10":"pa_manufacturer-sigma-team","11":"pa_model-20036w","13":"first","14":"instock","15":"shipping-taxable","16":"purchasable","17":"product-type-simple","18":"customify-col","19":"product-has-gallery"},"yoast_head":"<!-- This site is optimized with the Yoast SEO plugin v27.4 - https:\/\/yoast.com\/product\/yoast-seo-wordpress\/ -->\n<title>intervisio Kabelbinder 200mm x 3,6mm wei\u00df, Nylon, Hochleistungs 200 mm Universalbinder, weiss \u2013 natur - neutral Farbe\u2026 - Markt-XXL<\/title>\n<meta name=\"description\" content=\"Markt-XXL intervisio Kabelbinder 200mm x 3,6mm wei\u00df, Nylon, Hochleistungs 200 mm Universalbinder, weiss \u2013 natur - neutral Farbe\u2026\" \/>\n<meta name=\"robots\" content=\"index, follow, max-snippet:-1, max-image-preview:large, max-video-preview:-1\" \/>\n<link rel=\"canonical\" href=\"https:\/\/marktxxl.de\/markt\/produkt\/intervisio-kabelbinder-200mm-x-36mm-weiss-nylon-hochleistungs-200-mm-universalbinder-weiss-natur-neutral-farbe-900-stueck-binders\/\" \/>\n<meta property=\"og:locale\" content=\"de_DE\" \/>\n<meta property=\"og:type\" content=\"article\" \/>\n<meta property=\"og:title\" content=\"intervisio Kabelbinder 200mm x 3,6mm wei\u00df, Nylon, Hochleistungs 200 mm Universalbinder, weiss \u2013 natur - neutral Farbe\u2026 - Markt-XXL\" \/>\n<meta property=\"og:description\" content=\"Markt-XXL intervisio Kabelbinder 200mm x 3,6mm wei\u00df, Nylon, Hochleistungs 200 mm Universalbinder, weiss \u2013 natur - neutral Farbe\u2026\" \/>\n<meta property=\"og:url\" content=\"https:\/\/marktxxl.de\/markt\/produkt\/intervisio-kabelbinder-200mm-x-36mm-weiss-nylon-hochleistungs-200-mm-universalbinder-weiss-natur-neutral-farbe-900-stueck-binders\/\" \/>\n<meta property=\"og:site_name\" content=\"Markt-XXL\" \/>\n<meta property=\"article:modified_time\" content=\"2023-04-09T02:07:24+00:00\" \/>\n<meta property=\"og:image\" content=\"https:\/\/m.media-amazon.com\/images\/I\/51CPHiTXF5L._SL500_.jpg\" \/>\n\t<meta property=\"og:image:width\" content=\"500\" \/>\n\t<meta property=\"og:image:height\" content=\"500\" \/>\n\t<meta property=\"og:image:type\" content=\"image\/jpeg\" \/>\n<meta name=\"twitter:card\" content=\"summary_large_image\" \/>\n<meta name=\"twitter:label1\" content=\"Gesch\u00e4tzte Lesezeit\" \/>\n\t<meta name=\"twitter:data1\" content=\"1\u00a0Minute\" \/>\n<script type=\"application\/ld+json\" class=\"yoast-schema-graph\">{\"@context\":\"https:\\\/\\\/schema.org\",\"@graph\":[{\"@type\":\"WebPage\",\"@id\":\"https:\\\/\\\/marktxxl.de\\\/markt\\\/produkt\\\/intervisio-kabelbinder-200mm-x-36mm-weiss-nylon-hochleistungs-200-mm-universalbinder-weiss-natur-neutral-farbe-900-stueck-binders\\\/\",\"url\":\"https:\\\/\\\/marktxxl.de\\\/markt\\\/produkt\\\/intervisio-kabelbinder-200mm-x-36mm-weiss-nylon-hochleistungs-200-mm-universalbinder-weiss-natur-neutral-farbe-900-stueck-binders\\\/\",\"name\":\"intervisio Kabelbinder 200mm x 3,6mm wei\u00df, Nylon, Hochleistungs 200 mm Universalbinder, weiss \u2013 natur - neutral Farbe\u2026 - Markt-XXL\",\"isPartOf\":{\"@id\":\"https:\\\/\\\/marktxxl.de\\\/markt\\\/#website\"},\"primaryImageOfPage\":{\"@id\":\"https:\\\/\\\/marktxxl.de\\\/markt\\\/produkt\\\/intervisio-kabelbinder-200mm-x-36mm-weiss-nylon-hochleistungs-200-mm-universalbinder-weiss-natur-neutral-farbe-900-stueck-binders\\\/#primaryimage\"},\"image\":{\"@id\":\"https:\\\/\\\/marktxxl.de\\\/markt\\\/produkt\\\/intervisio-kabelbinder-200mm-x-36mm-weiss-nylon-hochleistungs-200-mm-universalbinder-weiss-natur-neutral-farbe-900-stueck-binders\\\/#primaryimage\"},\"thumbnailUrl\":\"https:\\\/\\\/m.media-amazon.com\\\/images\\\/I\\\/51CPHiTXF5L._SL500_.jpg\",\"datePublished\":\"2022-09-11T22:16:04+00:00\",\"dateModified\":\"2023-04-09T02:07:24+00:00\",\"description\":\"Markt-XXL intervisio Kabelbinder 200mm x 3,6mm wei\u00df, Nylon, Hochleistungs 200 mm Universalbinder, weiss \u2013 natur - neutral Farbe\u2026\",\"breadcrumb\":{\"@id\":\"https:\\\/\\\/marktxxl.de\\\/markt\\\/produkt\\\/intervisio-kabelbinder-200mm-x-36mm-weiss-nylon-hochleistungs-200-mm-universalbinder-weiss-natur-neutral-farbe-900-stueck-binders\\\/#breadcrumb\"},\"inLanguage\":\"de\",\"potentialAction\":[{\"@type\":\"ReadAction\",\"target\":[\"https:\\\/\\\/marktxxl.de\\\/markt\\\/produkt\\\/intervisio-kabelbinder-200mm-x-36mm-weiss-nylon-hochleistungs-200-mm-universalbinder-weiss-natur-neutral-farbe-900-stueck-binders\\\/\"]}]},{\"@type\":\"ImageObject\",\"inLanguage\":\"de\",\"@id\":\"https:\\\/\\\/marktxxl.de\\\/markt\\\/produkt\\\/intervisio-kabelbinder-200mm-x-36mm-weiss-nylon-hochleistungs-200-mm-universalbinder-weiss-natur-neutral-farbe-900-stueck-binders\\\/#primaryimage\",\"url\":\"https:\\\/\\\/m.media-amazon.com\\\/images\\\/I\\\/51CPHiTXF5L._SL500_.jpg\",\"contentUrl\":\"https:\\\/\\\/m.media-amazon.com\\\/images\\\/I\\\/51CPHiTXF5L._SL500_.jpg\",\"width\":500,\"height\":500},{\"@type\":\"BreadcrumbList\",\"@id\":\"https:\\\/\\\/marktxxl.de\\\/markt\\\/produkt\\\/intervisio-kabelbinder-200mm-x-36mm-weiss-nylon-hochleistungs-200-mm-universalbinder-weiss-natur-neutral-farbe-900-stueck-binders\\\/#breadcrumb\",\"itemListElement\":[{\"@type\":\"ListItem\",\"position\":1,\"name\":\"Startseite\",\"item\":\"https:\\\/\\\/marktxxl.de\\\/markt\\\/\"},{\"@type\":\"ListItem\",\"position\":2,\"name\":\"Markt\",\"item\":\"https:\\\/\\\/marktxxl.de\\\/markt\\\/\"},{\"@type\":\"ListItem\",\"position\":3,\"name\":\"intervisio Kabelbinder 200mm x 3,6mm wei\u00df, Nylon, Hochleistungs 200 mm Universalbinder, weiss \u2013 natur &#8211; neutral Farbe\u2026\"}]},{\"@type\":\"WebSite\",\"@id\":\"https:\\\/\\\/marktxxl.de\\\/markt\\\/#website\",\"url\":\"https:\\\/\\\/marktxxl.de\\\/markt\\\/\",\"name\":\"Markt-XXL\",\"description\":\"Ihr Markt Online\",\"publisher\":{\"@id\":\"https:\\\/\\\/marktxxl.de\\\/markt\\\/#organization\"},\"potentialAction\":[{\"@type\":\"SearchAction\",\"target\":{\"@type\":\"EntryPoint\",\"urlTemplate\":\"https:\\\/\\\/marktxxl.de\\\/markt\\\/?s={search_term_string}\"},\"query-input\":{\"@type\":\"PropertyValueSpecification\",\"valueRequired\":true,\"valueName\":\"search_term_string\"}}],\"inLanguage\":\"de\"},{\"@type\":\"Organization\",\"@id\":\"https:\\\/\\\/marktxxl.de\\\/markt\\\/#organization\",\"name\":\"Markt-XXL\",\"url\":\"https:\\\/\\\/marktxxl.de\\\/markt\\\/\",\"logo\":{\"@type\":\"ImageObject\",\"inLanguage\":\"de\",\"@id\":\"https:\\\/\\\/marktxxl.de\\\/markt\\\/#\\\/schema\\\/logo\\\/image\\\/\",\"url\":\"https:\\\/\\\/marktxxl.de\\\/markt\\\/wp-content\\\/uploads\\\/sites\\\/3\\\/2020\\\/12\\\/logo.png\",\"contentUrl\":\"https:\\\/\\\/marktxxl.de\\\/markt\\\/wp-content\\\/uploads\\\/sites\\\/3\\\/2020\\\/12\\\/logo.png\",\"width\":200,\"height\":70,\"caption\":\"Markt-XXL\"},\"image\":{\"@id\":\"https:\\\/\\\/marktxxl.de\\\/markt\\\/#\\\/schema\\\/logo\\\/image\\\/\"}}]}<\/script>\n<!-- \/ Yoast SEO plugin. -->","yoast_head_json":{"title":"intervisio Kabelbinder 200mm x 3,6mm wei\u00df, Nylon, Hochleistungs 200 mm Universalbinder, weiss \u2013 natur - neutral Farbe\u2026 - Markt-XXL","description":"Markt-XXL intervisio Kabelbinder 200mm x 3,6mm wei\u00df, Nylon, Hochleistungs 200 mm Universalbinder, weiss \u2013 natur - neutral Farbe\u2026","robots":{"index":"index","follow":"follow","max-snippet":"max-snippet:-1","max-image-preview":"max-image-preview:large","max-video-preview":"max-video-preview:-1"},"canonical":"https:\/\/marktxxl.de\/markt\/produkt\/intervisio-kabelbinder-200mm-x-36mm-weiss-nylon-hochleistungs-200-mm-universalbinder-weiss-natur-neutral-farbe-900-stueck-binders\/","og_locale":"de_DE","og_type":"article","og_title":"intervisio Kabelbinder 200mm x 3,6mm wei\u00df, Nylon, Hochleistungs 200 mm Universalbinder, weiss \u2013 natur - neutral Farbe\u2026 - Markt-XXL","og_description":"Markt-XXL intervisio Kabelbinder 200mm x 3,6mm wei\u00df, Nylon, Hochleistungs 200 mm Universalbinder, weiss \u2013 natur - neutral Farbe\u2026","og_url":"https:\/\/marktxxl.de\/markt\/produkt\/intervisio-kabelbinder-200mm-x-36mm-weiss-nylon-hochleistungs-200-mm-universalbinder-weiss-natur-neutral-farbe-900-stueck-binders\/","og_site_name":"Markt-XXL","article_modified_time":"2023-04-09T02:07:24+00:00","og_image":[{"width":500,"height":500,"url":"https:\/\/m.media-amazon.com\/images\/I\/51CPHiTXF5L._SL500_.jpg","type":"image\/jpeg"}],"twitter_card":"summary_large_image","twitter_misc":{"Gesch\u00e4tzte Lesezeit":"1\u00a0Minute"},"schema":{"@context":"https:\/\/schema.org","@graph":[{"@type":"WebPage","@id":"https:\/\/marktxxl.de\/markt\/produkt\/intervisio-kabelbinder-200mm-x-36mm-weiss-nylon-hochleistungs-200-mm-universalbinder-weiss-natur-neutral-farbe-900-stueck-binders\/","url":"https:\/\/marktxxl.de\/markt\/produkt\/intervisio-kabelbinder-200mm-x-36mm-weiss-nylon-hochleistungs-200-mm-universalbinder-weiss-natur-neutral-farbe-900-stueck-binders\/","name":"intervisio Kabelbinder 200mm x 3,6mm wei\u00df, Nylon, Hochleistungs 200 mm Universalbinder, weiss \u2013 natur - neutral Farbe\u2026 - Markt-XXL","isPartOf":{"@id":"https:\/\/marktxxl.de\/markt\/#website"},"primaryImageOfPage":{"@id":"https:\/\/marktxxl.de\/markt\/produkt\/intervisio-kabelbinder-200mm-x-36mm-weiss-nylon-hochleistungs-200-mm-universalbinder-weiss-natur-neutral-farbe-900-stueck-binders\/#primaryimage"},"image":{"@id":"https:\/\/marktxxl.de\/markt\/produkt\/intervisio-kabelbinder-200mm-x-36mm-weiss-nylon-hochleistungs-200-mm-universalbinder-weiss-natur-neutral-farbe-900-stueck-binders\/#primaryimage"},"thumbnailUrl":"https:\/\/m.media-amazon.com\/images\/I\/51CPHiTXF5L._SL500_.jpg","datePublished":"2022-09-11T22:16:04+00:00","dateModified":"2023-04-09T02:07:24+00:00","description":"Markt-XXL intervisio Kabelbinder 200mm x 3,6mm wei\u00df, Nylon, Hochleistungs 200 mm Universalbinder, weiss \u2013 natur - neutral Farbe\u2026","breadcrumb":{"@id":"https:\/\/marktxxl.de\/markt\/produkt\/intervisio-kabelbinder-200mm-x-36mm-weiss-nylon-hochleistungs-200-mm-universalbinder-weiss-natur-neutral-farbe-900-stueck-binders\/#breadcrumb"},"inLanguage":"de","potentialAction":[{"@type":"ReadAction","target":["https:\/\/marktxxl.de\/markt\/produkt\/intervisio-kabelbinder-200mm-x-36mm-weiss-nylon-hochleistungs-200-mm-universalbinder-weiss-natur-neutral-farbe-900-stueck-binders\/"]}]},{"@type":"ImageObject","inLanguage":"de","@id":"https:\/\/marktxxl.de\/markt\/produkt\/intervisio-kabelbinder-200mm-x-36mm-weiss-nylon-hochleistungs-200-mm-universalbinder-weiss-natur-neutral-farbe-900-stueck-binders\/#primaryimage","url":"https:\/\/m.media-amazon.com\/images\/I\/51CPHiTXF5L._SL500_.jpg","contentUrl":"https:\/\/m.media-amazon.com\/images\/I\/51CPHiTXF5L._SL500_.jpg","width":500,"height":500},{"@type":"BreadcrumbList","@id":"https:\/\/marktxxl.de\/markt\/produkt\/intervisio-kabelbinder-200mm-x-36mm-weiss-nylon-hochleistungs-200-mm-universalbinder-weiss-natur-neutral-farbe-900-stueck-binders\/#breadcrumb","itemListElement":[{"@type":"ListItem","position":1,"name":"Startseite","item":"https:\/\/marktxxl.de\/markt\/"},{"@type":"ListItem","position":2,"name":"Markt","item":"https:\/\/marktxxl.de\/markt\/"},{"@type":"ListItem","position":3,"name":"intervisio Kabelbinder 200mm x 3,6mm wei\u00df, Nylon, Hochleistungs 200 mm Universalbinder, weiss \u2013 natur &#8211; neutral Farbe\u2026"}]},{"@type":"WebSite","@id":"https:\/\/marktxxl.de\/markt\/#website","url":"https:\/\/marktxxl.de\/markt\/","name":"Markt-XXL","description":"Ihr Markt Online","publisher":{"@id":"https:\/\/marktxxl.de\/markt\/#organization"},"potentialAction":[{"@type":"SearchAction","target":{"@type":"EntryPoint","urlTemplate":"https:\/\/marktxxl.de\/markt\/?s={search_term_string}"},"query-input":{"@type":"PropertyValueSpecification","valueRequired":true,"valueName":"search_term_string"}}],"inLanguage":"de"},{"@type":"Organization","@id":"https:\/\/marktxxl.de\/markt\/#organization","name":"Markt-XXL","url":"https:\/\/marktxxl.de\/markt\/","logo":{"@type":"ImageObject","inLanguage":"de","@id":"https:\/\/marktxxl.de\/markt\/#\/schema\/logo\/image\/","url":"https:\/\/marktxxl.de\/markt\/wp-content\/uploads\/sites\/3\/2020\/12\/logo.png","contentUrl":"https:\/\/marktxxl.de\/markt\/wp-content\/uploads\/sites\/3\/2020\/12\/logo.png","width":200,"height":70,"caption":"Markt-XXL"},"image":{"@id":"https:\/\/marktxxl.de\/markt\/#\/schema\/logo\/image\/"}}]}},"_links":{"self":[{"href":"https:\/\/marktxxl.de\/markt\/wp-json\/wp\/v2\/product\/147986","targetHints":{"allow":["GET"]}}],"collection":[{"href":"https:\/\/marktxxl.de\/markt\/wp-json\/wp\/v2\/product"}],"about":[{"href":"https:\/\/marktxxl.de\/markt\/wp-json\/wp\/v2\/types\/product"}],"replies":[{"embeddable":true,"href":"https:\/\/marktxxl.de\/markt\/wp-json\/wp\/v2\/comments?post=147986"}],"wp:featuredmedia":[{"embeddable":true,"href":"https:\/\/marktxxl.de\/markt\/wp-json\/wp\/v2\/media\/147987"}],"wp:attachment":[{"href":"https:\/\/marktxxl.de\/markt\/wp-json\/wp\/v2\/media?parent=147986"}],"wp:term":[{"taxonomy":"product_brand","embeddable":true,"href":"https:\/\/marktxxl.de\/markt\/wp-json\/wp\/v2\/product_brand?post=147986"},{"taxonomy":"product_cat","embeddable":true,"href":"https:\/\/marktxxl.de\/markt\/wp-json\/wp\/v2\/product_cat?post=147986"},{"taxonomy":"product_tag","embeddable":true,"href":"https:\/\/marktxxl.de\/markt\/wp-json\/wp\/v2\/product_tag?post=147986"}],"curies":[{"name":"wp","href":"https:\/\/api.w.org\/{rel}","templated":true}]}}