{"id":147954,"date":"2022-09-12T00:13:52","date_gmt":"2022-09-11T22:13:52","guid":{"rendered":"https:\/\/marktxxl.de\/markt\/produkt\/husky-12-inch-tool-bag-by-husky\/"},"modified":"2023-04-09T04:07:24","modified_gmt":"2023-04-09T02:07:24","slug":"husky-12-inch-tool-bag-by-husky","status":"publish","type":"product","link":"https:\/\/marktxxl.de\/markt\/produkt\/husky-12-inch-tool-bag-by-husky\/","title":{"rendered":"Husky 12 Inch Tool Bag by Husky"},"content":{"rendered":"<p>ABMESSUNGEN: 12 &#8220;L\u00e4nge x 7&#8221; Breite x 9,5 &#8220;H\u00f6he<br \/>\n600 DENIER WETTERDICHTES POLYESTERGEWEBE eignet sich hervorragend zur Aufbewahrung von Werkzeugen zu jeder Jahreszeit, drinnen oder drau\u00dfen<br \/>\nDREI EXTERNE TASCHEN zur Maximierung der Speichereffizienz<br \/>\nMIT INDUSTRIAL STITCHING VERST\u00c4RKT, sodass Sie sich nie um das Reparieren von Tr\u00e4nen k\u00fcmmern m\u00fcssen<br \/>\nZWEI HANDGRIFFE in Verbindung mit CROSS X STITCHING machen dieses Arbeitstier einer Tasche zu einer h\u00e4rtesten Arbeitsstelle, w\u00e4hrend Ihre Werkzeuge intakt bleiben<br \/>\n<div class=\"main-cross-sell\" data-asin=\"B00K8BAM1S\">\n\n\t<div class=\"WooZone-cross-sell-loader\">\n\t\t<div>\n\t\t\t<div id=\"floatingBarsG\">\n\t\t\t\t<div class=\"blockG\" id=\"rotateG_01\"><\/div>\n\t\t\t\t<div class=\"blockG\" id=\"rotateG_02\"><\/div>\n\t\t\t\t<div class=\"blockG\" id=\"rotateG_03\"><\/div>\n\t\t\t\t<div class=\"blockG\" id=\"rotateG_04\"><\/div>\n\t\t\t\t<div class=\"blockG\" id=\"rotateG_05\"><\/div>\n\t\t\t\t<div class=\"blockG\" id=\"rotateG_06\"><\/div>\n\t\t\t\t<div class=\"blockG\" id=\"rotateG_07\"><\/div>\n\t\t\t\t<div class=\"blockG\" id=\"rotateG_08\"><\/div>\n\t\t\t<\/div>\n\t\t\t<div class=\"WooZone-cross-sell-loader-text\"><\/div>\n\t\t<\/div>\n\t<\/div>\n\n\t\t\n<\/div>\n<div style=\"clear:both;\"><\/div><\/p>\n","protected":false},"excerpt":{"rendered":"<p>ABMESSUNGEN: 12 &#8220;L\u00e4nge x 7&#8221; Breite x 9,5 &#8220;H\u00f6he<br \/>\n600 DENIER WETTERDICHTES POLYESTERGEWEBE eignet sich hervorragend zur Aufbewahrung von Werkzeugen zu jeder Jahreszeit, drinnen oder drau\u00dfen<br \/>\nDREI EXTERNE TASCHEN zur Maximierung der Speichereffizienz<\/p>\n","protected":false},"featured_media":147955,"comment_status":"open","ping_status":"closed","template":"","meta":[],"product_brand":[],"product_cat":[1983,11179],"product_tag":[],"class_list":{"0":"post-147954","1":"product","2":"type-product","3":"status-publish","4":"has-post-thumbnail","6":"product_cat-baumarkt","7":"product_cat-lagersysteme","8":"pa_binding-misc","9":"pa_brand-husky","10":"pa_color-rot-schwarz","11":"pa_height-3-7401574765-zoll","12":"pa_length-4-724409444-zoll","13":"pa_manufacturer-husky","14":"pa_model-82004n11","15":"pa_weight-0-01-pfund","16":"pa_width-2-755905509-zoll","18":"first","19":"instock","20":"shipping-taxable","21":"purchasable","22":"product-type-simple","23":"customify-col","24":"product-has-gallery"},"yoast_head":"<!-- This site is optimized with the Yoast SEO plugin v27.3 - https:\/\/yoast.com\/product\/yoast-seo-wordpress\/ -->\n<title>Husky 12 Inch Tool Bag by Husky - Markt-XXL<\/title>\n<meta name=\"description\" content=\"Markt-XXL Husky 12 Inch Tool Bag by Husky\" \/>\n<meta name=\"robots\" content=\"index, follow, max-snippet:-1, max-image-preview:large, max-video-preview:-1\" \/>\n<link rel=\"canonical\" href=\"https:\/\/marktxxl.de\/markt\/produkt\/husky-12-inch-tool-bag-by-husky\/\" \/>\n<meta property=\"og:locale\" content=\"de_DE\" \/>\n<meta property=\"og:type\" content=\"article\" \/>\n<meta property=\"og:title\" content=\"Husky 12 Inch Tool Bag by Husky - Markt-XXL\" \/>\n<meta property=\"og:description\" content=\"Markt-XXL Husky 12 Inch Tool Bag by Husky\" \/>\n<meta property=\"og:url\" content=\"https:\/\/marktxxl.de\/markt\/produkt\/husky-12-inch-tool-bag-by-husky\/\" \/>\n<meta property=\"og:site_name\" content=\"Markt-XXL\" \/>\n<meta property=\"article:modified_time\" content=\"2023-04-09T02:07:24+00:00\" \/>\n<meta property=\"og:image\" content=\"https:\/\/m.media-amazon.com\/images\/I\/51AT9me-2eL._SL500_.jpg\" \/>\n\t<meta property=\"og:image:width\" content=\"500\" \/>\n\t<meta property=\"og:image:height\" content=\"416\" \/>\n\t<meta property=\"og:image:type\" content=\"image\/jpeg\" \/>\n<meta name=\"twitter:card\" content=\"summary_large_image\" \/>\n<script type=\"application\/ld+json\" class=\"yoast-schema-graph\">{\"@context\":\"https:\\\/\\\/schema.org\",\"@graph\":[{\"@type\":\"WebPage\",\"@id\":\"https:\\\/\\\/marktxxl.de\\\/markt\\\/produkt\\\/husky-12-inch-tool-bag-by-husky\\\/\",\"url\":\"https:\\\/\\\/marktxxl.de\\\/markt\\\/produkt\\\/husky-12-inch-tool-bag-by-husky\\\/\",\"name\":\"Husky 12 Inch Tool Bag by Husky - Markt-XXL\",\"isPartOf\":{\"@id\":\"https:\\\/\\\/marktxxl.de\\\/markt\\\/#website\"},\"primaryImageOfPage\":{\"@id\":\"https:\\\/\\\/marktxxl.de\\\/markt\\\/produkt\\\/husky-12-inch-tool-bag-by-husky\\\/#primaryimage\"},\"image\":{\"@id\":\"https:\\\/\\\/marktxxl.de\\\/markt\\\/produkt\\\/husky-12-inch-tool-bag-by-husky\\\/#primaryimage\"},\"thumbnailUrl\":\"https:\\\/\\\/m.media-amazon.com\\\/images\\\/I\\\/51AT9me-2eL._SL500_.jpg\",\"datePublished\":\"2022-09-11T22:13:52+00:00\",\"dateModified\":\"2023-04-09T02:07:24+00:00\",\"description\":\"Markt-XXL Husky 12 Inch Tool Bag by Husky\",\"breadcrumb\":{\"@id\":\"https:\\\/\\\/marktxxl.de\\\/markt\\\/produkt\\\/husky-12-inch-tool-bag-by-husky\\\/#breadcrumb\"},\"inLanguage\":\"de\",\"potentialAction\":[{\"@type\":\"ReadAction\",\"target\":[\"https:\\\/\\\/marktxxl.de\\\/markt\\\/produkt\\\/husky-12-inch-tool-bag-by-husky\\\/\"]}]},{\"@type\":\"ImageObject\",\"inLanguage\":\"de\",\"@id\":\"https:\\\/\\\/marktxxl.de\\\/markt\\\/produkt\\\/husky-12-inch-tool-bag-by-husky\\\/#primaryimage\",\"url\":\"https:\\\/\\\/m.media-amazon.com\\\/images\\\/I\\\/51AT9me-2eL._SL500_.jpg\",\"contentUrl\":\"https:\\\/\\\/m.media-amazon.com\\\/images\\\/I\\\/51AT9me-2eL._SL500_.jpg\",\"width\":500,\"height\":416},{\"@type\":\"BreadcrumbList\",\"@id\":\"https:\\\/\\\/marktxxl.de\\\/markt\\\/produkt\\\/husky-12-inch-tool-bag-by-husky\\\/#breadcrumb\",\"itemListElement\":[{\"@type\":\"ListItem\",\"position\":1,\"name\":\"Startseite\",\"item\":\"https:\\\/\\\/marktxxl.de\\\/markt\\\/\"},{\"@type\":\"ListItem\",\"position\":2,\"name\":\"Markt\",\"item\":\"https:\\\/\\\/marktxxl.de\\\/markt\\\/\"},{\"@type\":\"ListItem\",\"position\":3,\"name\":\"Husky 12 Inch Tool Bag by Husky\"}]},{\"@type\":\"WebSite\",\"@id\":\"https:\\\/\\\/marktxxl.de\\\/markt\\\/#website\",\"url\":\"https:\\\/\\\/marktxxl.de\\\/markt\\\/\",\"name\":\"Markt-XXL\",\"description\":\"Ihr Markt Online\",\"publisher\":{\"@id\":\"https:\\\/\\\/marktxxl.de\\\/markt\\\/#organization\"},\"potentialAction\":[{\"@type\":\"SearchAction\",\"target\":{\"@type\":\"EntryPoint\",\"urlTemplate\":\"https:\\\/\\\/marktxxl.de\\\/markt\\\/?s={search_term_string}\"},\"query-input\":{\"@type\":\"PropertyValueSpecification\",\"valueRequired\":true,\"valueName\":\"search_term_string\"}}],\"inLanguage\":\"de\"},{\"@type\":\"Organization\",\"@id\":\"https:\\\/\\\/marktxxl.de\\\/markt\\\/#organization\",\"name\":\"Markt-XXL\",\"url\":\"https:\\\/\\\/marktxxl.de\\\/markt\\\/\",\"logo\":{\"@type\":\"ImageObject\",\"inLanguage\":\"de\",\"@id\":\"https:\\\/\\\/marktxxl.de\\\/markt\\\/#\\\/schema\\\/logo\\\/image\\\/\",\"url\":\"https:\\\/\\\/marktxxl.de\\\/markt\\\/wp-content\\\/uploads\\\/sites\\\/3\\\/2020\\\/12\\\/logo.png\",\"contentUrl\":\"https:\\\/\\\/marktxxl.de\\\/markt\\\/wp-content\\\/uploads\\\/sites\\\/3\\\/2020\\\/12\\\/logo.png\",\"width\":200,\"height\":70,\"caption\":\"Markt-XXL\"},\"image\":{\"@id\":\"https:\\\/\\\/marktxxl.de\\\/markt\\\/#\\\/schema\\\/logo\\\/image\\\/\"}}]}<\/script>\n<!-- \/ Yoast SEO plugin. -->","yoast_head_json":{"title":"Husky 12 Inch Tool Bag by Husky - Markt-XXL","description":"Markt-XXL Husky 12 Inch Tool Bag by Husky","robots":{"index":"index","follow":"follow","max-snippet":"max-snippet:-1","max-image-preview":"max-image-preview:large","max-video-preview":"max-video-preview:-1"},"canonical":"https:\/\/marktxxl.de\/markt\/produkt\/husky-12-inch-tool-bag-by-husky\/","og_locale":"de_DE","og_type":"article","og_title":"Husky 12 Inch Tool Bag by Husky - Markt-XXL","og_description":"Markt-XXL Husky 12 Inch Tool Bag by Husky","og_url":"https:\/\/marktxxl.de\/markt\/produkt\/husky-12-inch-tool-bag-by-husky\/","og_site_name":"Markt-XXL","article_modified_time":"2023-04-09T02:07:24+00:00","og_image":[{"width":500,"height":416,"url":"https:\/\/m.media-amazon.com\/images\/I\/51AT9me-2eL._SL500_.jpg","type":"image\/jpeg"}],"twitter_card":"summary_large_image","schema":{"@context":"https:\/\/schema.org","@graph":[{"@type":"WebPage","@id":"https:\/\/marktxxl.de\/markt\/produkt\/husky-12-inch-tool-bag-by-husky\/","url":"https:\/\/marktxxl.de\/markt\/produkt\/husky-12-inch-tool-bag-by-husky\/","name":"Husky 12 Inch Tool Bag by Husky - Markt-XXL","isPartOf":{"@id":"https:\/\/marktxxl.de\/markt\/#website"},"primaryImageOfPage":{"@id":"https:\/\/marktxxl.de\/markt\/produkt\/husky-12-inch-tool-bag-by-husky\/#primaryimage"},"image":{"@id":"https:\/\/marktxxl.de\/markt\/produkt\/husky-12-inch-tool-bag-by-husky\/#primaryimage"},"thumbnailUrl":"https:\/\/m.media-amazon.com\/images\/I\/51AT9me-2eL._SL500_.jpg","datePublished":"2022-09-11T22:13:52+00:00","dateModified":"2023-04-09T02:07:24+00:00","description":"Markt-XXL Husky 12 Inch Tool Bag by Husky","breadcrumb":{"@id":"https:\/\/marktxxl.de\/markt\/produkt\/husky-12-inch-tool-bag-by-husky\/#breadcrumb"},"inLanguage":"de","potentialAction":[{"@type":"ReadAction","target":["https:\/\/marktxxl.de\/markt\/produkt\/husky-12-inch-tool-bag-by-husky\/"]}]},{"@type":"ImageObject","inLanguage":"de","@id":"https:\/\/marktxxl.de\/markt\/produkt\/husky-12-inch-tool-bag-by-husky\/#primaryimage","url":"https:\/\/m.media-amazon.com\/images\/I\/51AT9me-2eL._SL500_.jpg","contentUrl":"https:\/\/m.media-amazon.com\/images\/I\/51AT9me-2eL._SL500_.jpg","width":500,"height":416},{"@type":"BreadcrumbList","@id":"https:\/\/marktxxl.de\/markt\/produkt\/husky-12-inch-tool-bag-by-husky\/#breadcrumb","itemListElement":[{"@type":"ListItem","position":1,"name":"Startseite","item":"https:\/\/marktxxl.de\/markt\/"},{"@type":"ListItem","position":2,"name":"Markt","item":"https:\/\/marktxxl.de\/markt\/"},{"@type":"ListItem","position":3,"name":"Husky 12 Inch Tool Bag by Husky"}]},{"@type":"WebSite","@id":"https:\/\/marktxxl.de\/markt\/#website","url":"https:\/\/marktxxl.de\/markt\/","name":"Markt-XXL","description":"Ihr Markt Online","publisher":{"@id":"https:\/\/marktxxl.de\/markt\/#organization"},"potentialAction":[{"@type":"SearchAction","target":{"@type":"EntryPoint","urlTemplate":"https:\/\/marktxxl.de\/markt\/?s={search_term_string}"},"query-input":{"@type":"PropertyValueSpecification","valueRequired":true,"valueName":"search_term_string"}}],"inLanguage":"de"},{"@type":"Organization","@id":"https:\/\/marktxxl.de\/markt\/#organization","name":"Markt-XXL","url":"https:\/\/marktxxl.de\/markt\/","logo":{"@type":"ImageObject","inLanguage":"de","@id":"https:\/\/marktxxl.de\/markt\/#\/schema\/logo\/image\/","url":"https:\/\/marktxxl.de\/markt\/wp-content\/uploads\/sites\/3\/2020\/12\/logo.png","contentUrl":"https:\/\/marktxxl.de\/markt\/wp-content\/uploads\/sites\/3\/2020\/12\/logo.png","width":200,"height":70,"caption":"Markt-XXL"},"image":{"@id":"https:\/\/marktxxl.de\/markt\/#\/schema\/logo\/image\/"}}]}},"_links":{"self":[{"href":"https:\/\/marktxxl.de\/markt\/wp-json\/wp\/v2\/product\/147954","targetHints":{"allow":["GET"]}}],"collection":[{"href":"https:\/\/marktxxl.de\/markt\/wp-json\/wp\/v2\/product"}],"about":[{"href":"https:\/\/marktxxl.de\/markt\/wp-json\/wp\/v2\/types\/product"}],"replies":[{"embeddable":true,"href":"https:\/\/marktxxl.de\/markt\/wp-json\/wp\/v2\/comments?post=147954"}],"wp:featuredmedia":[{"embeddable":true,"href":"https:\/\/marktxxl.de\/markt\/wp-json\/wp\/v2\/media\/147955"}],"wp:attachment":[{"href":"https:\/\/marktxxl.de\/markt\/wp-json\/wp\/v2\/media?parent=147954"}],"wp:term":[{"taxonomy":"product_brand","embeddable":true,"href":"https:\/\/marktxxl.de\/markt\/wp-json\/wp\/v2\/product_brand?post=147954"},{"taxonomy":"product_cat","embeddable":true,"href":"https:\/\/marktxxl.de\/markt\/wp-json\/wp\/v2\/product_cat?post=147954"},{"taxonomy":"product_tag","embeddable":true,"href":"https:\/\/marktxxl.de\/markt\/wp-json\/wp\/v2\/product_tag?post=147954"}],"curies":[{"name":"wp","href":"https:\/\/api.w.org\/{rel}","templated":true}]}}