{"id":147683,"date":"2022-09-11T23:37:15","date_gmt":"2022-09-11T21:37:15","guid":{"rendered":"https:\/\/marktxxl.de\/markt\/produkt\/lol-surprise-omg-to-go-diner-spielset-mit-45-ueberraschungen-inklusive-farbwechseln-und-exklusiver-modepuppe-miss-sundae-fuer-sammler-kinder-ab-4-jahren\/"},"modified":"2023-04-09T04:06:49","modified_gmt":"2023-04-09T02:06:49","slug":"lol-surprise-omg-to-go-diner-spielset-mit-45-ueberraschungen-inklusive-farbwechseln-und-exklusiver-modepuppe-miss-sundae-fuer-sammler-kinder-ab-4-jahren","status":"publish","type":"product","link":"https:\/\/marktxxl.de\/markt\/produkt\/lol-surprise-omg-to-go-diner-spielset-mit-45-ueberraschungen-inklusive-farbwechseln-und-exklusiver-modepuppe-miss-sundae-fuer-sammler-kinder-ab-4-jahren\/","title":{"rendered":"LOL Surprise OMG To-Go Diner Spielset mit 45+ \u00dcberraschungen &#8211; Inklusive Farbwechseln und exklusiver Modepuppe Miss\u2026"},"content":{"rendered":"<p>CHEFKOCH &#8211; Lerne Miss Sundae kennen, die K\u00f6chin und Besitzerin des Dee-Lish Diner, wo es die leckersten Burger und Pommes der Stadt gibt. Probier auch ihr Dessert! Sie tr\u00e4gt ein individuelles Outfit und Accessoires, die ihren Retro-Stil unterstreichen<br \/>\nMEHR ALS 45 \u00dcBERRASCHUNGEN &#8211; Eine exklusive Puppe, ein erweiterbares Spielset, einen Getr\u00e4nkespender, eine Tabletkasse, eine Speisekarte, mehrere Koch- und K\u00fcchenaccessoires, Lebensmittel, ein Outfit, eine Haarb\u00fcrste und einen Puppenst\u00e4nder<br \/>\nERSTES IMBISS SPIELSET &#8211; Entdecke das erste OMG Spielset, To-Go Diner! Packe 45 \u00dcberraschungen aus, darunter eine exklusive Puppe und \u00dcberraschungen mit Farbwechsel. Welche k\u00f6stlichen Abenteuer warten in dem tollen Spielset auf dich?<br \/>\nFARBWECHSEL &#8211; Schieb den Kuchen in den Ofen und sieh zu, wie er backt! Leg den Burger auf den Grill und dr\u00fccke ihn f\u00fcr Grillspuren nach unten. F\u00fcll die Fritteuse mit warmem Wasser und frittiere Pommes-Frites! Serviere ein Getr\u00e4nk aus dem Getr\u00e4nkeautomaten<br \/>\nTOLLES GESCHENK F\u00dcR JEDES ALTER &#8211; Das LOL Surprise OMG To-Go Diner Spielset ist ein tolles Geschenk f\u00fcr Geburtstage und besondere Anl\u00e4sse f\u00fcr M\u00e4dchen und Jungen ab 4 Jahren<br \/>\n<div class=\"main-cross-sell\" data-asin=\"B09PGY2GV7\">\n\n\t<div class=\"WooZone-cross-sell-loader\">\n\t\t<div>\n\t\t\t<div id=\"floatingBarsG\">\n\t\t\t\t<div class=\"blockG\" id=\"rotateG_01\"><\/div>\n\t\t\t\t<div class=\"blockG\" id=\"rotateG_02\"><\/div>\n\t\t\t\t<div class=\"blockG\" id=\"rotateG_03\"><\/div>\n\t\t\t\t<div class=\"blockG\" id=\"rotateG_04\"><\/div>\n\t\t\t\t<div class=\"blockG\" id=\"rotateG_05\"><\/div>\n\t\t\t\t<div class=\"blockG\" id=\"rotateG_06\"><\/div>\n\t\t\t\t<div class=\"blockG\" id=\"rotateG_07\"><\/div>\n\t\t\t\t<div class=\"blockG\" id=\"rotateG_08\"><\/div>\n\t\t\t<\/div>\n\t\t\t<div class=\"WooZone-cross-sell-loader-text\"><\/div>\n\t\t<\/div>\n\t<\/div>\n\n\t\t\n<\/div>\n<div style=\"clear:both;\"><\/div><\/p>\n","protected":false},"excerpt":{"rendered":"<p>CHEFKOCH &#8211; Lerne Miss Sundae kennen, die K\u00f6chin und Besitzerin des Dee-Lish Diner, wo es die leckersten Burger und Pommes der Stadt gibt. Probier auch ihr Dessert! Sie tr\u00e4gt ein individuelles Outfit und Accessoires, die ihren Retro-Stil unterstreichen<br \/>\nMEHR ALS 45 \u00dcBERRASCHUNGEN &#8211; Eine exklusive Puppe, ein erweiterbares Spielset, einen Getr\u00e4nkespender, eine Tabletkasse, eine Speisekarte, mehrere Koch- und K\u00fcchenaccessoires, Lebensmittel, ein Outfit, eine Haarb\u00fcrste und einen Puppenst\u00e4nder<br \/>\nERSTES IMBISS SPIELSET &#8211; Entdecke das erste OMG Spielset, To-Go Diner! Packe 45 \u00dcberraschungen aus, darunter eine exklusive Puppe und \u00dcberraschungen mit Farbwechsel. Welche k\u00f6stlichen Abenteuer warten in dem tollen Spielset auf dich?<\/p>\n","protected":false},"featured_media":147684,"comment_status":"open","ping_status":"closed","template":"","meta":[],"product_brand":[],"product_cat":[1983,10767],"product_tag":[],"class_list":{"0":"post-147683","1":"product","2":"type-product","3":"status-publish","4":"has-post-thumbnail","6":"product_cat-baumarkt","7":"product_cat-baumaschinen-zubehoer","8":"pa_binding-spielzeug","9":"pa_brand-l-o-l-surprise","10":"pa_height-12-zoll","11":"pa_length-20-zoll","12":"pa_manufacturer-mga-entertainment","13":"pa_model-119449euc","14":"pa_width-4-5-zoll","16":"first","17":"instock","18":"shipping-taxable","19":"purchasable","20":"product-type-simple","21":"customify-col","22":"product-has-gallery"},"yoast_head":"<!-- This site is optimized with the Yoast SEO plugin v27.4 - https:\/\/yoast.com\/product\/yoast-seo-wordpress\/ -->\n<title>LOL Surprise OMG To-Go Diner Spielset mit 45+ \u00dcberraschungen - Inklusive Farbwechseln und exklusiver Modepuppe Miss\u2026 - Markt-XXL<\/title>\n<meta name=\"description\" content=\"Markt-XXL LOL Surprise OMG To-Go Diner Spielset mit 45+ \u00dcberraschungen - Inklusive Farbwechseln und exklusiver Modepuppe Miss\u2026\" \/>\n<meta name=\"robots\" content=\"index, follow, max-snippet:-1, max-image-preview:large, max-video-preview:-1\" \/>\n<link rel=\"canonical\" href=\"https:\/\/marktxxl.de\/markt\/produkt\/lol-surprise-omg-to-go-diner-spielset-mit-45-ueberraschungen-inklusive-farbwechseln-und-exklusiver-modepuppe-miss-sundae-fuer-sammler-kinder-ab-4-jahren\/\" \/>\n<meta property=\"og:locale\" content=\"de_DE\" \/>\n<meta property=\"og:type\" content=\"article\" \/>\n<meta property=\"og:title\" content=\"LOL Surprise OMG To-Go Diner Spielset mit 45+ \u00dcberraschungen - Inklusive Farbwechseln und exklusiver Modepuppe Miss\u2026 - Markt-XXL\" \/>\n<meta property=\"og:description\" content=\"Markt-XXL LOL Surprise OMG To-Go Diner Spielset mit 45+ \u00dcberraschungen - Inklusive Farbwechseln und exklusiver Modepuppe Miss\u2026\" \/>\n<meta property=\"og:url\" content=\"https:\/\/marktxxl.de\/markt\/produkt\/lol-surprise-omg-to-go-diner-spielset-mit-45-ueberraschungen-inklusive-farbwechseln-und-exklusiver-modepuppe-miss-sundae-fuer-sammler-kinder-ab-4-jahren\/\" \/>\n<meta property=\"og:site_name\" content=\"Markt-XXL\" \/>\n<meta property=\"article:modified_time\" content=\"2023-04-09T02:06:49+00:00\" \/>\n<meta property=\"og:image\" content=\"https:\/\/m.media-amazon.com\/images\/I\/41C1aKOSwqL._SL500_.jpg\" \/>\n\t<meta property=\"og:image:width\" content=\"500\" \/>\n\t<meta property=\"og:image:height\" content=\"346\" \/>\n\t<meta property=\"og:image:type\" content=\"image\/jpeg\" \/>\n<meta name=\"twitter:card\" content=\"summary_large_image\" \/>\n<meta name=\"twitter:label1\" content=\"Gesch\u00e4tzte Lesezeit\" \/>\n\t<meta name=\"twitter:data1\" content=\"1\u00a0Minute\" \/>\n<script type=\"application\/ld+json\" class=\"yoast-schema-graph\">{\"@context\":\"https:\\\/\\\/schema.org\",\"@graph\":[{\"@type\":\"WebPage\",\"@id\":\"https:\\\/\\\/marktxxl.de\\\/markt\\\/produkt\\\/lol-surprise-omg-to-go-diner-spielset-mit-45-ueberraschungen-inklusive-farbwechseln-und-exklusiver-modepuppe-miss-sundae-fuer-sammler-kinder-ab-4-jahren\\\/\",\"url\":\"https:\\\/\\\/marktxxl.de\\\/markt\\\/produkt\\\/lol-surprise-omg-to-go-diner-spielset-mit-45-ueberraschungen-inklusive-farbwechseln-und-exklusiver-modepuppe-miss-sundae-fuer-sammler-kinder-ab-4-jahren\\\/\",\"name\":\"LOL Surprise OMG To-Go Diner Spielset mit 45+ \u00dcberraschungen - Inklusive Farbwechseln und exklusiver Modepuppe Miss\u2026 - Markt-XXL\",\"isPartOf\":{\"@id\":\"https:\\\/\\\/marktxxl.de\\\/markt\\\/#website\"},\"primaryImageOfPage\":{\"@id\":\"https:\\\/\\\/marktxxl.de\\\/markt\\\/produkt\\\/lol-surprise-omg-to-go-diner-spielset-mit-45-ueberraschungen-inklusive-farbwechseln-und-exklusiver-modepuppe-miss-sundae-fuer-sammler-kinder-ab-4-jahren\\\/#primaryimage\"},\"image\":{\"@id\":\"https:\\\/\\\/marktxxl.de\\\/markt\\\/produkt\\\/lol-surprise-omg-to-go-diner-spielset-mit-45-ueberraschungen-inklusive-farbwechseln-und-exklusiver-modepuppe-miss-sundae-fuer-sammler-kinder-ab-4-jahren\\\/#primaryimage\"},\"thumbnailUrl\":\"https:\\\/\\\/m.media-amazon.com\\\/images\\\/I\\\/41C1aKOSwqL._SL500_.jpg\",\"datePublished\":\"2022-09-11T21:37:15+00:00\",\"dateModified\":\"2023-04-09T02:06:49+00:00\",\"description\":\"Markt-XXL LOL Surprise OMG To-Go Diner Spielset mit 45+ \u00dcberraschungen - Inklusive Farbwechseln und exklusiver Modepuppe Miss\u2026\",\"breadcrumb\":{\"@id\":\"https:\\\/\\\/marktxxl.de\\\/markt\\\/produkt\\\/lol-surprise-omg-to-go-diner-spielset-mit-45-ueberraschungen-inklusive-farbwechseln-und-exklusiver-modepuppe-miss-sundae-fuer-sammler-kinder-ab-4-jahren\\\/#breadcrumb\"},\"inLanguage\":\"de\",\"potentialAction\":[{\"@type\":\"ReadAction\",\"target\":[\"https:\\\/\\\/marktxxl.de\\\/markt\\\/produkt\\\/lol-surprise-omg-to-go-diner-spielset-mit-45-ueberraschungen-inklusive-farbwechseln-und-exklusiver-modepuppe-miss-sundae-fuer-sammler-kinder-ab-4-jahren\\\/\"]}]},{\"@type\":\"ImageObject\",\"inLanguage\":\"de\",\"@id\":\"https:\\\/\\\/marktxxl.de\\\/markt\\\/produkt\\\/lol-surprise-omg-to-go-diner-spielset-mit-45-ueberraschungen-inklusive-farbwechseln-und-exklusiver-modepuppe-miss-sundae-fuer-sammler-kinder-ab-4-jahren\\\/#primaryimage\",\"url\":\"https:\\\/\\\/m.media-amazon.com\\\/images\\\/I\\\/41C1aKOSwqL._SL500_.jpg\",\"contentUrl\":\"https:\\\/\\\/m.media-amazon.com\\\/images\\\/I\\\/41C1aKOSwqL._SL500_.jpg\",\"width\":500,\"height\":346},{\"@type\":\"BreadcrumbList\",\"@id\":\"https:\\\/\\\/marktxxl.de\\\/markt\\\/produkt\\\/lol-surprise-omg-to-go-diner-spielset-mit-45-ueberraschungen-inklusive-farbwechseln-und-exklusiver-modepuppe-miss-sundae-fuer-sammler-kinder-ab-4-jahren\\\/#breadcrumb\",\"itemListElement\":[{\"@type\":\"ListItem\",\"position\":1,\"name\":\"Startseite\",\"item\":\"https:\\\/\\\/marktxxl.de\\\/markt\\\/\"},{\"@type\":\"ListItem\",\"position\":2,\"name\":\"Markt\",\"item\":\"https:\\\/\\\/marktxxl.de\\\/markt\\\/\"},{\"@type\":\"ListItem\",\"position\":3,\"name\":\"LOL Surprise OMG To-Go Diner Spielset mit 45+ \u00dcberraschungen &#8211; Inklusive Farbwechseln und exklusiver Modepuppe Miss\u2026\"}]},{\"@type\":\"WebSite\",\"@id\":\"https:\\\/\\\/marktxxl.de\\\/markt\\\/#website\",\"url\":\"https:\\\/\\\/marktxxl.de\\\/markt\\\/\",\"name\":\"Markt-XXL\",\"description\":\"Ihr Markt Online\",\"publisher\":{\"@id\":\"https:\\\/\\\/marktxxl.de\\\/markt\\\/#organization\"},\"potentialAction\":[{\"@type\":\"SearchAction\",\"target\":{\"@type\":\"EntryPoint\",\"urlTemplate\":\"https:\\\/\\\/marktxxl.de\\\/markt\\\/?s={search_term_string}\"},\"query-input\":{\"@type\":\"PropertyValueSpecification\",\"valueRequired\":true,\"valueName\":\"search_term_string\"}}],\"inLanguage\":\"de\"},{\"@type\":\"Organization\",\"@id\":\"https:\\\/\\\/marktxxl.de\\\/markt\\\/#organization\",\"name\":\"Markt-XXL\",\"url\":\"https:\\\/\\\/marktxxl.de\\\/markt\\\/\",\"logo\":{\"@type\":\"ImageObject\",\"inLanguage\":\"de\",\"@id\":\"https:\\\/\\\/marktxxl.de\\\/markt\\\/#\\\/schema\\\/logo\\\/image\\\/\",\"url\":\"https:\\\/\\\/marktxxl.de\\\/markt\\\/wp-content\\\/uploads\\\/sites\\\/3\\\/2020\\\/12\\\/logo.png\",\"contentUrl\":\"https:\\\/\\\/marktxxl.de\\\/markt\\\/wp-content\\\/uploads\\\/sites\\\/3\\\/2020\\\/12\\\/logo.png\",\"width\":200,\"height\":70,\"caption\":\"Markt-XXL\"},\"image\":{\"@id\":\"https:\\\/\\\/marktxxl.de\\\/markt\\\/#\\\/schema\\\/logo\\\/image\\\/\"}}]}<\/script>\n<!-- \/ Yoast SEO plugin. -->","yoast_head_json":{"title":"LOL Surprise OMG To-Go Diner Spielset mit 45+ \u00dcberraschungen - Inklusive Farbwechseln und exklusiver Modepuppe Miss\u2026 - Markt-XXL","description":"Markt-XXL LOL Surprise OMG To-Go Diner Spielset mit 45+ \u00dcberraschungen - Inklusive Farbwechseln und exklusiver Modepuppe Miss\u2026","robots":{"index":"index","follow":"follow","max-snippet":"max-snippet:-1","max-image-preview":"max-image-preview:large","max-video-preview":"max-video-preview:-1"},"canonical":"https:\/\/marktxxl.de\/markt\/produkt\/lol-surprise-omg-to-go-diner-spielset-mit-45-ueberraschungen-inklusive-farbwechseln-und-exklusiver-modepuppe-miss-sundae-fuer-sammler-kinder-ab-4-jahren\/","og_locale":"de_DE","og_type":"article","og_title":"LOL Surprise OMG To-Go Diner Spielset mit 45+ \u00dcberraschungen - Inklusive Farbwechseln und exklusiver Modepuppe Miss\u2026 - Markt-XXL","og_description":"Markt-XXL LOL Surprise OMG To-Go Diner Spielset mit 45+ \u00dcberraschungen - Inklusive Farbwechseln und exklusiver Modepuppe Miss\u2026","og_url":"https:\/\/marktxxl.de\/markt\/produkt\/lol-surprise-omg-to-go-diner-spielset-mit-45-ueberraschungen-inklusive-farbwechseln-und-exklusiver-modepuppe-miss-sundae-fuer-sammler-kinder-ab-4-jahren\/","og_site_name":"Markt-XXL","article_modified_time":"2023-04-09T02:06:49+00:00","og_image":[{"width":500,"height":346,"url":"https:\/\/m.media-amazon.com\/images\/I\/41C1aKOSwqL._SL500_.jpg","type":"image\/jpeg"}],"twitter_card":"summary_large_image","twitter_misc":{"Gesch\u00e4tzte Lesezeit":"1\u00a0Minute"},"schema":{"@context":"https:\/\/schema.org","@graph":[{"@type":"WebPage","@id":"https:\/\/marktxxl.de\/markt\/produkt\/lol-surprise-omg-to-go-diner-spielset-mit-45-ueberraschungen-inklusive-farbwechseln-und-exklusiver-modepuppe-miss-sundae-fuer-sammler-kinder-ab-4-jahren\/","url":"https:\/\/marktxxl.de\/markt\/produkt\/lol-surprise-omg-to-go-diner-spielset-mit-45-ueberraschungen-inklusive-farbwechseln-und-exklusiver-modepuppe-miss-sundae-fuer-sammler-kinder-ab-4-jahren\/","name":"LOL Surprise OMG To-Go Diner Spielset mit 45+ \u00dcberraschungen - Inklusive Farbwechseln und exklusiver Modepuppe Miss\u2026 - Markt-XXL","isPartOf":{"@id":"https:\/\/marktxxl.de\/markt\/#website"},"primaryImageOfPage":{"@id":"https:\/\/marktxxl.de\/markt\/produkt\/lol-surprise-omg-to-go-diner-spielset-mit-45-ueberraschungen-inklusive-farbwechseln-und-exklusiver-modepuppe-miss-sundae-fuer-sammler-kinder-ab-4-jahren\/#primaryimage"},"image":{"@id":"https:\/\/marktxxl.de\/markt\/produkt\/lol-surprise-omg-to-go-diner-spielset-mit-45-ueberraschungen-inklusive-farbwechseln-und-exklusiver-modepuppe-miss-sundae-fuer-sammler-kinder-ab-4-jahren\/#primaryimage"},"thumbnailUrl":"https:\/\/m.media-amazon.com\/images\/I\/41C1aKOSwqL._SL500_.jpg","datePublished":"2022-09-11T21:37:15+00:00","dateModified":"2023-04-09T02:06:49+00:00","description":"Markt-XXL LOL Surprise OMG To-Go Diner Spielset mit 45+ \u00dcberraschungen - Inklusive Farbwechseln und exklusiver Modepuppe Miss\u2026","breadcrumb":{"@id":"https:\/\/marktxxl.de\/markt\/produkt\/lol-surprise-omg-to-go-diner-spielset-mit-45-ueberraschungen-inklusive-farbwechseln-und-exklusiver-modepuppe-miss-sundae-fuer-sammler-kinder-ab-4-jahren\/#breadcrumb"},"inLanguage":"de","potentialAction":[{"@type":"ReadAction","target":["https:\/\/marktxxl.de\/markt\/produkt\/lol-surprise-omg-to-go-diner-spielset-mit-45-ueberraschungen-inklusive-farbwechseln-und-exklusiver-modepuppe-miss-sundae-fuer-sammler-kinder-ab-4-jahren\/"]}]},{"@type":"ImageObject","inLanguage":"de","@id":"https:\/\/marktxxl.de\/markt\/produkt\/lol-surprise-omg-to-go-diner-spielset-mit-45-ueberraschungen-inklusive-farbwechseln-und-exklusiver-modepuppe-miss-sundae-fuer-sammler-kinder-ab-4-jahren\/#primaryimage","url":"https:\/\/m.media-amazon.com\/images\/I\/41C1aKOSwqL._SL500_.jpg","contentUrl":"https:\/\/m.media-amazon.com\/images\/I\/41C1aKOSwqL._SL500_.jpg","width":500,"height":346},{"@type":"BreadcrumbList","@id":"https:\/\/marktxxl.de\/markt\/produkt\/lol-surprise-omg-to-go-diner-spielset-mit-45-ueberraschungen-inklusive-farbwechseln-und-exklusiver-modepuppe-miss-sundae-fuer-sammler-kinder-ab-4-jahren\/#breadcrumb","itemListElement":[{"@type":"ListItem","position":1,"name":"Startseite","item":"https:\/\/marktxxl.de\/markt\/"},{"@type":"ListItem","position":2,"name":"Markt","item":"https:\/\/marktxxl.de\/markt\/"},{"@type":"ListItem","position":3,"name":"LOL Surprise OMG To-Go Diner Spielset mit 45+ \u00dcberraschungen &#8211; Inklusive Farbwechseln und exklusiver Modepuppe Miss\u2026"}]},{"@type":"WebSite","@id":"https:\/\/marktxxl.de\/markt\/#website","url":"https:\/\/marktxxl.de\/markt\/","name":"Markt-XXL","description":"Ihr Markt Online","publisher":{"@id":"https:\/\/marktxxl.de\/markt\/#organization"},"potentialAction":[{"@type":"SearchAction","target":{"@type":"EntryPoint","urlTemplate":"https:\/\/marktxxl.de\/markt\/?s={search_term_string}"},"query-input":{"@type":"PropertyValueSpecification","valueRequired":true,"valueName":"search_term_string"}}],"inLanguage":"de"},{"@type":"Organization","@id":"https:\/\/marktxxl.de\/markt\/#organization","name":"Markt-XXL","url":"https:\/\/marktxxl.de\/markt\/","logo":{"@type":"ImageObject","inLanguage":"de","@id":"https:\/\/marktxxl.de\/markt\/#\/schema\/logo\/image\/","url":"https:\/\/marktxxl.de\/markt\/wp-content\/uploads\/sites\/3\/2020\/12\/logo.png","contentUrl":"https:\/\/marktxxl.de\/markt\/wp-content\/uploads\/sites\/3\/2020\/12\/logo.png","width":200,"height":70,"caption":"Markt-XXL"},"image":{"@id":"https:\/\/marktxxl.de\/markt\/#\/schema\/logo\/image\/"}}]}},"_links":{"self":[{"href":"https:\/\/marktxxl.de\/markt\/wp-json\/wp\/v2\/product\/147683","targetHints":{"allow":["GET"]}}],"collection":[{"href":"https:\/\/marktxxl.de\/markt\/wp-json\/wp\/v2\/product"}],"about":[{"href":"https:\/\/marktxxl.de\/markt\/wp-json\/wp\/v2\/types\/product"}],"replies":[{"embeddable":true,"href":"https:\/\/marktxxl.de\/markt\/wp-json\/wp\/v2\/comments?post=147683"}],"wp:featuredmedia":[{"embeddable":true,"href":"https:\/\/marktxxl.de\/markt\/wp-json\/wp\/v2\/media\/147684"}],"wp:attachment":[{"href":"https:\/\/marktxxl.de\/markt\/wp-json\/wp\/v2\/media?parent=147683"}],"wp:term":[{"taxonomy":"product_brand","embeddable":true,"href":"https:\/\/marktxxl.de\/markt\/wp-json\/wp\/v2\/product_brand?post=147683"},{"taxonomy":"product_cat","embeddable":true,"href":"https:\/\/marktxxl.de\/markt\/wp-json\/wp\/v2\/product_cat?post=147683"},{"taxonomy":"product_tag","embeddable":true,"href":"https:\/\/marktxxl.de\/markt\/wp-json\/wp\/v2\/product_tag?post=147683"}],"curies":[{"name":"wp","href":"https:\/\/api.w.org\/{rel}","templated":true}]}}